{"id":529,"date":"2021-11-10T07:54:02","date_gmt":"2021-11-10T07:54:02","guid":{"rendered":"https:\/\/alimak.wpengine.com\/?post_type=product&#038;p=529"},"modified":"2025-01-14T13:41:32","modified_gmt":"2025-01-14T13:41:32","slug":"alimak-sts-300","status":"publish","type":"product","link":"https:\/\/alimak.com\/de\/product\/alimak-sts-300\/","title":{"rendered":"Alimak STS 300"},"content":{"rendered":"\n<article class=\"m11 break-out\" id=\"block_5fb3bb2be8ba0\" data-animate-container>\n\n  <nav id=\"breadcrumbs\"><div class=\"container\" data-animate><span><span><a href=\"https:\/\/alimak.com\/de\/\">Startseite<\/a><\/span><\/span><\/div><\/nav>\n  <div class=\"m11__wrapper\">\n    <div class=\"container m11__container\">\n\n      <div class=\"m11__content\">\n\n                  <h1 class=\"m11__heading uppercase\" data-animate>Alimak STS 300<\/h1>\n        \n                  <div class=\"m11__text\" data-animate>\n            <p>Alimak pr\u00e4sentiert das neueste Alimak STS 300 Ger\u00fcsttransportsystem, das zu allen g\u00e4ngigen Modulger\u00fcst Systemen passt. Es bietet eine Reihe einzigartiger Merkmale und Vorteile und verfolgt einen anderen Ansatz als andere L\u00f6sungen.<\/p>\n<p>Der Alimak STS 300 bietet eine erh\u00f6hte Produktivit\u00e4t, eine schnelle und einfache Montage, weniger Wartezeiten, eine Vereinfachung von Transport und Handhabung sowie verbesserte Sicherheitsmerkmale und Ergonomie. Er ist Ihr neuer Kollege.<\/p>\n          <\/div>\n        \n                  <a\n          href=\"https:\/\/alimak.com\/de\/product\/sts-300-product-configurator\/\"\n          class=\"m11__button button\"\n          data-animate\n          target=\"_self\">\n            KONFIGURIEREN SIE IHREN STS 300           <\/a>\n        \n      <\/div>\n\n              <div class=\"m11__media\">\n          <img src=https:\/\/alimak.com\/de\/wp-content\/uploads\/sites\/17\/2021\/06\/STS-hero-800x508.jpg srcset=\"https:\/\/alimak.com\/de\/wp-content\/uploads\/sites\/17\/2021\/06\/STS-hero-800x508.jpg 1x, https:\/\/alimak.com\/de\/wp-content\/uploads\/sites\/17\/2021\/06\/STS-hero-1600x1015.jpg 2x\" class=\"m11__image initial\" alt=\"\" width=\"800\" height=\"508\">        <\/div>\n      \n    <\/div>\n  <\/div>\n<\/article>\n\n\n\n\n<article class=\"m12 desktop-only\" id=\"block_5fb3bb59e8ba1\" data-animate-container>\n  <div class=\"m12__wrapper break-out\">\n    <div class=\"container m12__container\">\n\n      <h2 class=\"m12__heading h4 uppercase\" data-animate>Auf dieser Seite<\/h2>\n\n              <nav class=\"m12__links\">\n          <ul class=\"m12__list\">\n            \n                <li class=\"m12__item\" data-animate data-delay=\"0\">\n                  <a href=\"#block_5fb6ac75fed9f\" class=\"m12__link uppercase\">\n                    PRODUKTKATALOG                    <svg class=\"svg-icon svg-icon--icon-arrow-down\" aria-hidden=\"true\" role=\"img\"> <use href=\"#icon-arrow-down\" xlink:href=\"#icon-arrow-down\"><\/use> <\/svg>                  <\/a>\n                <\/li>\n\n                \n                <li class=\"m12__item\" data-animate data-delay=\"150\">\n                  <a href=\"#block_60a51a47a9a46\" class=\"m12__link uppercase\">\n                    SERVICE UND SUPPORT                    <svg class=\"svg-icon svg-icon--icon-arrow-down\" aria-hidden=\"true\" role=\"img\"> <use href=\"#icon-arrow-down\" xlink:href=\"#icon-arrow-down\"><\/use> <\/svg>                  <\/a>\n                <\/li>\n\n                \n                <li class=\"m12__item\" data-animate data-delay=\"300\">\n                  <a href=\"#block_60a51de7a9a4c\" class=\"m12__link uppercase\">\n                    KONFIGURIEREN SIE IHREN STS 300                    <svg class=\"svg-icon svg-icon--icon-arrow-down\" aria-hidden=\"true\" role=\"img\"> <use href=\"#icon-arrow-down\" xlink:href=\"#icon-arrow-down\"><\/use> <\/svg>                  <\/a>\n                <\/li>\n\n                          <\/ul>\n        <\/nav>\n      \n    <\/div>\n  <\/div>\n<\/article>\n\n\n<article class=\"m41 break-out\" id=\"block_5fb3bb61e8ba2\" data-animate-container>\n\t<div class=\"container m41__container\">\n\n\t\t<h2 class=\"m41__heading uppercase\">Produkt\u00fcbersicht<\/h2>\n\n\t\t<div class=\"m41__content\">\n\t\t\t<div class=\"m41__intro\">\n\t\t\t\t<h3 class=\"m41__title uppercase\" data-animate>Alimak STS 300<\/h3>\n\t\t\t\t\t\t\t\t\t<p class=\"m41__excerpt\" data-animate>Alimak STS 300 ist ein komplett neues Konzept f\u00fcr ein Ger\u00fcsttransportsystem, das Ger\u00fcstbauer bei der effizienteren und sicheren Montage und Demontage von Ger\u00fcsten unterst\u00fctzt. <\/p>\n\t\t\t\t\t\t\t<\/div>\n\n\t\t\t<ul class=\"m41__meta\" data-animate>\n\t\t\t\t\t\t\t\t\t<li class=\"m41__meta-item\">\n\t\t\t\t\t\t<strong>Produktkategorie: <\/strong>\n\t\t\t\t\t\tTransportb\u00fchnen und Materialaufz\u00fcge\t\t\t\t\t<\/li>\n\t\t\t\t\n\t\t\t\t\n\t\t\t\t\t\t\t\t\t<li class=\"m41__meta-item\">\n\t\t\t\t\t\t<strong>Anwendungen: <\/strong>\n\t\t\t\t\t\tF\u00fcr den Einsatz mit Modulger\u00fcst Systemen\t\t\t\t\t<\/li>\n\t\t\t\t\n\t\t\t\t\t\t\t\t\t<li class=\"m41__meta-item\">\n\t\t\t\t\t\t<strong>Zertifizierungen: <\/strong>\n\t\t\t\t\t\tCE-gekennzeichnet\t\t\t\t\t<\/li>\n\t\t\t\t\n\t\t\t\t\t\t\t\t\t<li class=\"m41__meta-item\">\n\t\t\t\t\t\t<strong>Abmessungen: <\/strong>\n\t\t\t\t\t\t0,82 m x 1,26 m x 1,86 m (B x L x H)\t\t\t\t\t<\/li>\n\t\t\t\t\n\t\t\t\t\t\t\t\t\t<li class=\"m41__meta-item\">\n\t\t\t\t\t\t<strong>Tragf\u00e4higkeit: <\/strong>\n\t\t\t\t\t\t300 kg\t\t\t\t\t<\/li>\n\t\t\t\t\n\t\t\t\t\t\t\t\t\t<li class=\"m41__meta-item\">\n\t\t\t\t\t\t<strong>Geschwindigkeit: <\/strong>\n\t\t\t\t\t\t17m\/min.\t\t\t\t\t<\/li>\n\t\t\t\t\n\t\t\t\t\t\t\t\t\t<li class=\"m41__meta-item\">\n\t\t\t\t\t\t<strong>Elektrische Spannung: <\/strong>\n\t\t\t\t\t\t230 V, 50 Hz, 1 Phase + N + PE\t\t\t\t\t<\/li>\n\t\t\t\t\n\t\t\t\t\t\t\t<\/ul>\n\n\t\t<\/div>\n\t<\/div>\n<\/article>\n\n\n\n<div class=\"wp-block-group has-white-color has-dark-grey-background-color has-text-color has-background\"><div class=\"wp-block-group__inner-container is-layout-flow wp-block-group-is-layout-flow\">\n<article class=\"m05 break-out desktop-only\" id=\"block_5fb3bbf6e8ba4\" data-animate-container>\n  <div class=\"container m05__container\">\n          <h2 class=\"m05__heading h3 uppercase\" data-animate>Vorteile des Alimak STS 300<\/h2>\n    \n          <div class=\"m05__benefits\">\n                  <article class=\"m05__benefit\" data-animate data-delay=\"0\">\n\n                          <p class=\"m05__text h4 uppercase\">Verbesserte Produktivit\u00e4t<\/p>\n            \n                          <div class=\"m05__icon\" aria-hidden=\"true\">\n                <img src=https:\/\/alimak.com\/de\/wp-content\/uploads\/sites\/17\/2021\/02\/icon_Benefits-1.png  class=\"\" alt=\"\" width=\"51\" height=\"61\">              <\/div>\n            \n          <\/article>\n                  <article class=\"m05__benefit\" data-animate data-delay=\"150\">\n\n                          <p class=\"m05__text h4 uppercase\">Schnelle Montage<\/p>\n            \n                          <div class=\"m05__icon\" aria-hidden=\"true\">\n                <img src=https:\/\/alimak.com\/de\/wp-content\/uploads\/sites\/17\/2021\/02\/icon_Benefits-1.png  class=\"\" alt=\"\" width=\"51\" height=\"61\">              <\/div>\n            \n          <\/article>\n                  <article class=\"m05__benefit\" data-animate data-delay=\"300\">\n\n                          <p class=\"m05__text h4 uppercase\">Weniger Wartezeit<\/p>\n            \n                          <div class=\"m05__icon\" aria-hidden=\"true\">\n                <img src=https:\/\/alimak.com\/de\/wp-content\/uploads\/sites\/17\/2021\/02\/icon_Benefits-1.png  class=\"\" alt=\"\" width=\"51\" height=\"61\">              <\/div>\n            \n          <\/article>\n                  <article class=\"m05__benefit\" data-animate data-delay=\"450\">\n\n                          <p class=\"m05__text h4 uppercase\">Kurze Amortisationszeit<\/p>\n            \n                          <div class=\"m05__icon\" aria-hidden=\"true\">\n                <img src=https:\/\/alimak.com\/de\/wp-content\/uploads\/sites\/17\/2021\/02\/icon_Benefits-1.png  class=\"\" alt=\"\" width=\"51\" height=\"61\">              <\/div>\n            \n          <\/article>\n              <\/div>\n      <\/div>\n<\/article>\n<\/div><\/div>\n\n\n\n<article class=\"m05 break-out desktop-only\" id=\"block_5fb3bbe7e8ba3\" data-animate-container>\n  <div class=\"container m05__container\">\n    \n      <\/div>\n<\/article>\n\n\n\n<article class=\"m29 large break-out\" id=\"block_618bdbb88b9d0\" data-animate-container>\n  <div class=\"container\">\n\n          <h2 class=\"m29__heading h3 uppercase\" data-animate>Das innovative Ger\u00fcsttransportsystem<\/h2>\n    \n    \n          <div class=\"m29__media\" data-animate>\n\n        <div\n        class=\"m29__player\"\n        data-plyr-provider=\"youtube\"\n        data-plyr-embed-id=\"3wFaf3YAa_4\"><\/div>\n\n        <button type=\"button\" class=\"m29__poster\">\n                    <span class=\"m29__play-wrap\" aria-hidden=\"true\"><svg class=\"svg-icon svg-icon--icon-play\" aria-hidden=\"true\" role=\"img\"> <use href=\"#icon-play\" xlink:href=\"#icon-play\"><\/use> <\/svg><\/span> \n          <span class=\"screen-reader-text\">Click to play<\/span>\n        <\/button>\n        \n      <\/div>\n    \n  <\/div>\n<\/article>\n\n\n\n<article class=\"m37 break-out\" id=\"block_5fb3bc64e8ba9\" data-animate-container>\n  <div class=\"container\">\n\n          <h2 class=\"m37__heading h3 uppercase\" data-animate>Produktmerkmale<\/h2>\n    \n    \n      <div class=\"m37__information\">\n                  <ol class=\"m37__numbers uppercase large\">\n                            <li class=\"m37__number\" data-animate data-delay=\"0\">Konzipiert f\u00fcr den Einsatz mit Modulger\u00fcst Systemen<\/li>\n                                <li class=\"m37__number\" data-animate data-delay=\"150\">SICHERES BE-UND ENTLADEN DURCH DREHEN DER KORB<\/li>\n                                <li class=\"m37__number\" data-animate data-delay=\"300\">STAPELBARE K\u00d6RBE F\u00dcR EINFACHE HANDHABUNG, LAGERUNG UND TRANSPORT<\/li>\n                                <li class=\"m37__number\" data-animate data-delay=\"450\">EINFACHES BELADEN VON KOMPLETTEN GER\u00dcSTTEILEN AM BODEN W\u00c4HREND OBEN ENTLADEN WIRD<\/li>\n                                <li class=\"m37__number\" data-animate data-delay=\"600\">KEINE HALTESTELLENTORE ERFORDERLICH<\/li>\n                                <li class=\"m37__number\" data-animate data-delay=\"750\">EINFACHE MONTAGE, NUR SCHRAUBENSCHL\u00dcSSEL UND HAMMER ERFORDERLICH<\/li>\n                                <li class=\"m37__number\" data-animate data-delay=\"900\">SCHNELLE EIN-BOLZEN-VERBINDUNG DER MASTE UND EINFACHE BEFESTIGUNG MIT STANDARD PERI-MATERIAL<\/li>\n                                <li class=\"m37__number\" data-animate data-delay=\"1050\">RADSATZ F\u00dcR K\u00d6RBE F\u00dcR EINFACHEN HORIZONTALEN TRANSPORT VON GER\u00dcSTMATERIALIEN<\/li>\n                          <\/ol>\n        \n                    <img src=https:\/\/alimak.com\/de\/wp-content\/uploads\/sites\/17\/2021\/06\/STS-product-feature-2.jpg  class=\"m37__image\" alt=\"\" width=\"560\" height=\"732\">              <\/div>\n\n    \n  <\/div>\n<\/article>\n\n\n\r\n<article class=\"m38 break-out\" id=\"block_5fb3fee0ba149\" data-animate-container>\r\n  <div class=\"container\">\r\n\r\n    \r\n    \r\n    <div class=\"m38__accordion-wrapper\">\r\n      <div class=\"m38__accordion-content\">\r\n\r\n        \r\n      <\/div>\r\n    <\/div>\r\n\r\n  <\/div>\r\n\r\n\t\t\r\n<\/article>\r\n\n\n\r\n<article class=\"m38 break-out\" id=\"block_5fb6ac75fed9f\" data-animate-container>\r\n  <div class=\"container\">\r\n\r\n          <div class=\"m38__introduction large\" data-animate>\r\n        <h2 class=\"m38__heading uppercase h3\">PRODUKTKATALOG<\/h2>\r\n      <\/div>\r\n    \r\n          <button type=\"button\" class=\"m38__accordion-button\" data-animate>\r\n        <i class=\"m38__accordion-icon\" aria-hidden=\"true\"><\/i>\r\n        <h3 class=\"m38__accordion-title uppercase h4\">Brosch\u00fcren<\/h3>\r\n      <\/button>\r\n    \r\n    <div class=\"m38__accordion-wrapper\">\r\n      <div class=\"m38__accordion-content\">\r\n\r\n                  <ul class=\"m38__accordion-downloads no-list\">\r\n\r\n            \r\n\t\t\t\t\t\t\t<li class=\"m38__accordion-download-item\">\r\n\r\n\t\t\t\t\t\t\t\t<span class=\"m38__file-heading\">\r\n\t\t\t\t\t\t\t\t\t<strong class=\"uppercase\">Alimak STS 300<\/strong>\r\n\t\t\t\t\t\t\t\t\tGer\u00fcsttransportsystem\t\t\t\t\t\t\t\t<\/span>\r\n\r\n\t\t\t\t\t\t\t\t<div class=\"m38__columns\">\r\n\t\t\t\t\t\t\t\t\t\t\t\t\t\t\t\t\t\t\t\t\t\t\t\t\t\t\t\t\t\t\t\t\t\t\t<\/div>\r\n\r\n\t\t\t\t\t\t\t\t\r\n\t\t\t\t\t\t\t\t\r\n\t\t\t\t\t\t\t\t\r\n\t\t\t\t\t\t\t<\/li>\r\n\r\n\t\t\t\t\t\t\t\r\n          <\/ul>\r\n        \r\n      <\/div>\r\n    <\/div>\r\n\r\n  <\/div>\r\n\r\n\t\t\r\n<\/article>\r\n\n\n\r\n<article class=\"m38 break-out\" id=\"block_5fb7b3a8a64df\" data-animate-container>\r\n  <div class=\"container\">\r\n\r\n    \r\n          <button type=\"button\" class=\"m38__accordion-button\" data-animate>\r\n        <i class=\"m38__accordion-icon\" aria-hidden=\"true\"><\/i>\r\n        <h3 class=\"m38__accordion-title uppercase h4\">TECHNISCHE DATENBL\u00c4TTER<\/h3>\r\n      <\/button>\r\n    \r\n    <div class=\"m38__accordion-wrapper\">\r\n      <div class=\"m38__accordion-content\">\r\n\r\n                  <ul class=\"m38__accordion-downloads no-list\">\r\n\r\n            \r\n\t\t\t\t\t\t\t<li class=\"m38__accordion-download-item\">\r\n\r\n\t\t\t\t\t\t\t\t<span class=\"m38__file-heading\">\r\n\t\t\t\t\t\t\t\t\t<strong class=\"uppercase\">Alimak STS 300<\/strong>\r\n\t\t\t\t\t\t\t\t\tGer\u00fcsttransportsystem\t\t\t\t\t\t\t\t<\/span>\r\n\r\n\t\t\t\t\t\t\t\t<div class=\"m38__columns\">\r\n\t\t\t\t\t\t\t\t\t\t\t\t\t\t\t\t\t\t\t\t\t\t\t\t\t\t\t\t\t\t\t\t\t\t\t<\/div>\r\n\r\n\t\t\t\t\t\t\t\t\r\n\t\t\t\t\t\t\t\t\r\n\t\t\t\t\t\t\t\t\r\n\t\t\t\t\t\t\t<\/li>\r\n\r\n\t\t\t\t\t\t\t\r\n          <\/ul>\r\n        \r\n      <\/div>\r\n    <\/div>\r\n\r\n  <\/div>\r\n\r\n\t\t\r\n<\/article>\r\n\n\n\n<article class=\"m04 break-out large\" id=\"block_60a51a47a9a46\" data-animate-container>\n  <div class=\"container m04__container\">\n          <h2 class=\"m04__heading h3 uppercase\" data-animate>SERVICE UND SUPPORT<\/h2>\n              <div class=\"m04__content\" data-animate>\n        <p>\u00dcber das Portal My Alimak haben Sie rund um die Uhr und \u00fcberall Zugriff auf Ihren Alimak STS 300. Dort haben Sie auch die M\u00f6glichkeit, Original Alimak Ersatzteile online zu bestellen, sowie Serviceunterst\u00fctzung und Schulungen anzufragen. <strong>Verbinden Sie sich mit My Alimak.<\/strong><\/p>\n      <\/div>\n              <a\n      data-animate\n      href=\"https:\/\/my.alimak.com\/\"\n      class=\"m04__button button\"\n      target=\"_blank\">\n        ANMELDEN      <\/a>\n      <\/div>\n<\/article>\n\n\n<article class=\"m04 break-out large\" id=\"block_60a51de7a9a4c\" data-animate-container>\n  <div class=\"container m04__container\">\n          <h2 class=\"m04__heading h3 uppercase\" data-animate>KONFIGURIEREN SIE IHREN STS 300<\/h2>\n              <\/div>\n<\/article>\n\n\n<article class=\"m08 break-out\" id=\"block_5fb3cb70ddff0\" data-animate-container>\n  <div class=\"container m08__container\">\n\n          <div class=\"m08__block m08__block--one\">\n        <div class=\"m08__content\">\n\n                      <h2 class=\"m08__heading uppercase h3\" data-animate>Online konfigurieren<\/h2>\n          \n                      <div class=\"m08__text\" data-animate>\n              <p>Konfigurieren Sie Ihr Alimak STS 300 Ger\u00fcsttransportsystem mit der F\u00f6rderh\u00f6he und dem Zubeh\u00f6r Ihrer Wahl. Wir werden Ihnen innerhalb von 48 Stunden das passende Angebot zusenden.<\/p>\n            <\/div>\n          \n                      <a\n            data-animate\n            href=\"https:\/\/alimak.com\/de\/product\/sts-300-product-configurator\/\"\n            class=\"m08__button button button--outline button--white\"\n            target=\"_self\">\n              KONFIGURIEREN SIE IHREN ALIMAK STS 300             <\/a>\n          \n        <\/div>\n      <\/div>\n    \n          <div class=\"m08__block m08__block--two\">\n        <div class=\"m08__content\">\n\n                      <h2 class=\"m08__heading uppercase h3\" data-animate>ANGEBOT ANFORDERN<\/h2>\n          \n          \n                      <a\n            data-animate\n            href=\"https:\/\/alimak.com\/de\/product\/sts-300-product-configurator\/\"\n            class=\"m08__button button\"\n            target=\"_self\">\n              ANGEBOT ANFORDERN            <\/a>\n          \n        <\/div>\n      <\/div>\n        \n  <\/div>\n<\/article>\n\n\n\n<div style=\"height:100px\" aria-hidden=\"true\" class=\"wp-block-spacer\"><\/div>\n","protected":false},"excerpt":{"rendered":"<p>Alimak STS 300 ist ein komplett neues Konzept f\u00fcr ein Ger\u00fcsttransportsystem, das Ger\u00fcstbauer bei der effizienteren und sicheren Montage und Demontage von Ger\u00fcsten unterst\u00fctzt. <\/p>\n","protected":false},"featured_media":3472,"menu_order":0,"template":"","meta":{"_trash_the_other_posts":false,"editor_notices":[],"footnotes":""},"product-category":[39],"rental":[46,45],"industry":[],"class_list":["post-529","product","type-product","status-publish","has-post-thumbnail","hentry","product-category-transport-platforms-and-material-hoists","rental-france","rental-germany"],"yoast_head":"<!-- This site is optimized with the Yoast SEO plugin v27.3 - https:\/\/yoast.com\/product\/yoast-seo-wordpress\/ -->\n<title>Alimak Germany<\/title>\n<meta name=\"robots\" content=\"index, follow, max-snippet:-1, max-image-preview:large, max-video-preview:-1\" \/>\n<meta property=\"og:locale\" content=\"de_DE\" \/>\n<meta property=\"og:type\" content=\"article\" \/>\n<meta property=\"og:site_name\" content=\"Alimak Germany\" \/>\n<meta name=\"twitter:card\" content=\"summary_large_image\" \/>\n<script type=\"application\/ld+json\" class=\"yoast-schema-graph\">{\"@context\":\"https:\\\/\\\/schema.org\",\"@graph\":[{\"@type\":\"CollectionPage\",\"@id\":null,\"url\":\"\",\"name\":\"\",\"isPartOf\":{\"@id\":\"https:\\\/\\\/alimak.com\\\/de\\\/#website\"},\"inLanguage\":\"de\"},{\"@type\":\"WebSite\",\"@id\":\"https:\\\/\\\/alimak.com\\\/de\\\/#website\",\"url\":\"https:\\\/\\\/alimak.com\\\/de\\\/\",\"name\":\"Alimak Germany\",\"description\":\"Weltweit f\u00fchrend bei H\u00f6henzugangsl\u00f6sungen\",\"potentialAction\":[{\"@type\":\"SearchAction\",\"target\":{\"@type\":\"EntryPoint\",\"urlTemplate\":\"https:\\\/\\\/alimak.com\\\/de\\\/?s={search_term_string}\"},\"query-input\":{\"@type\":\"PropertyValueSpecification\",\"valueRequired\":true,\"valueName\":\"search_term_string\"}}],\"inLanguage\":\"de\"}]}<\/script>\n<!-- \/ Yoast SEO plugin. -->","yoast_head_json":{"title":"Alimak Germany","robots":{"index":"index","follow":"follow","max-snippet":"max-snippet:-1","max-image-preview":"max-image-preview:large","max-video-preview":"max-video-preview:-1"},"og_locale":"de_DE","og_type":"article","og_site_name":"Alimak Germany","twitter_card":"summary_large_image","schema":{"@context":"https:\/\/schema.org","@graph":[{"@type":"CollectionPage","@id":null,"url":"","name":"","isPartOf":{"@id":"https:\/\/alimak.com\/de\/#website"},"inLanguage":"de"},{"@type":"WebSite","@id":"https:\/\/alimak.com\/de\/#website","url":"https:\/\/alimak.com\/de\/","name":"Alimak Germany","description":"Weltweit f\u00fchrend bei H\u00f6henzugangsl\u00f6sungen","potentialAction":[{"@type":"SearchAction","target":{"@type":"EntryPoint","urlTemplate":"https:\/\/alimak.com\/de\/?s={search_term_string}"},"query-input":{"@type":"PropertyValueSpecification","valueRequired":true,"valueName":"search_term_string"}}],"inLanguage":"de"}]}},"_links":{"self":[{"href":"https:\/\/alimak.com\/de\/wp-json\/wp\/v2\/product\/529"}],"collection":[{"href":"https:\/\/alimak.com\/de\/wp-json\/wp\/v2\/product"}],"about":[{"href":"https:\/\/alimak.com\/de\/wp-json\/wp\/v2\/types\/product"}],"version-history":[{"count":55,"href":"https:\/\/alimak.com\/de\/wp-json\/wp\/v2\/product\/529\/revisions"}],"predecessor-version":[{"id":5315,"href":"https:\/\/alimak.com\/de\/wp-json\/wp\/v2\/product\/529\/revisions\/5315"}],"wp:featuredmedia":[{"embeddable":true,"href":"https:\/\/alimak.com\/de\/wp-json\/wp\/v2\/media\/3472"}],"wp:attachment":[{"href":"https:\/\/alimak.com\/de\/wp-json\/wp\/v2\/media?parent=529"}],"wp:term":[{"taxonomy":"product-category","embeddable":true,"href":"https:\/\/alimak.com\/de\/wp-json\/wp\/v2\/product-category?post=529"},{"taxonomy":"rental","embeddable":true,"href":"https:\/\/alimak.com\/de\/wp-json\/wp\/v2\/rental?post=529"},{"taxonomy":"industry","embeddable":true,"href":"https:\/\/alimak.com\/de\/wp-json\/wp\/v2\/industry?post=529"}],"curies":[{"name":"wp","href":"https:\/\/api.w.org\/{rel}","templated":true}]}}