{"id":13725,"date":"2026-02-06T14:15:06","date_gmt":"2026-02-06T14:15:06","guid":{"rendered":"https:\/\/alimak.com\/accesorios\/"},"modified":"2026-03-18T14:05:39","modified_gmt":"2026-03-18T14:05:39","slug":"accesorios","status":"publish","type":"page","link":"https:\/\/alimak.com\/es\/soluciones-temporales\/productos-temporal\/accesorios\/","title":{"rendered":"Accesorios"},"content":{"rendered":"\n<section class=\"small-hero border-b bg-black border-darkGrey text-white pt-0 pb-0\">\n            <div class=\"relative\">\n            <div class=\"hero-overlay relative\">\n                                    <picture class=\"w-full\"><source media=\"(max-width:639px)\" srcset=\"https:\/\/images.ohmyhosting.se\/lUz05L09EvF-9SXcdAo51Chq4-A=\/390x461\/smart\/filters:quality(85)\/https%3A%2F%2Falimak.com%2Fwp-content%2Fuploads%2F2025%2F12%2F190806-649-HDR-web.jpg 1x, https:\/\/images.ohmyhosting.se\/7-exDfHV1Ad6Y92UvUTZ5b94J-E=\/780x922\/smart\/filters:quality(85)\/https%3A%2F%2Falimak.com%2Fwp-content%2Fuploads%2F2025%2F12%2F190806-649-HDR-web.jpg 2x\"><source media=\"(max-width:1022px)\" srcset=\"https:\/\/images.ohmyhosting.se\/Dce8ThXHhFTXsr3e_xW9PSkfHTc=\/805x951\/smart\/filters:quality(85)\/https%3A%2F%2Falimak.com%2Fwp-content%2Fuploads%2F2025%2F12%2F190806-649-HDR-web.jpg 1x, https:\/\/images.ohmyhosting.se\/nF494AxQnw0xmJ31SdGEmZXRSug=\/1610x1902\/smart\/filters:quality(85)\/https%3A%2F%2Falimak.com%2Fwp-content%2Fuploads%2F2025%2F12%2F190806-649-HDR-web.jpg 2x\"><img decoding=\"async\" src=\"https:\/\/images.ohmyhosting.se\/73AwMGf88O7Ivq6xMmvmEgpIHcs=\/2545x814\/smart\/filters:quality(85)\/https%3A%2F%2Falimak.com%2Fwp-content%2Fuploads%2F2025%2F12%2F190806-649-HDR-web.jpg\" srcset=\"https:\/\/images.ohmyhosting.se\/73AwMGf88O7Ivq6xMmvmEgpIHcs=\/2545x814\/smart\/filters:quality(85)\/https%3A%2F%2Falimak.com%2Fwp-content%2Fuploads%2F2025%2F12%2F190806-649-HDR-web.jpg 1x, https:\/\/images.ohmyhosting.se\/INUWkGo8GkmIoFI2vm-bEssuL-U=\/5090x1628\/smart\/filters:quality(85)\/https%3A%2F%2Falimak.com%2Fwp-content%2Fuploads%2F2025%2F12%2F190806-649-HDR-web.jpg 2x\" alt=\"\" class=\"w-full object-cover w-full max-h-[90vh]\" width=\"2545\" height=\"814\" \/><\/picture>                            <\/div>\n            <div class=\"absolute inset-0 z-10 flex flex-col justify-end\">\n                <div class=\"holder\">\n                    <div class=\"grid grid-cols-12 gap-4 pb-16\">\n                        <div class=\"col-span-12 lg:col-span-7\">\n                                                    <p class=\"md:text-20 font-medium leading-[1.25] mb-1\">Soluciones temporales<\/p>\n                                                    <h1 class=\"text-28 md:text-52 leading-[1.3] lg:max-w-[625px]\"><p>Accesorios<\/p>\n<\/h1>\n                            <div class=\"wysiwyg pt-5 leading-[1.6] hidden lg:block lg:max-w-[512px]\"><p>Una amplia gama de accesorios, como m\u00e1stiles, anclajes, equipos de guiado de cables y puertas de rellano, est\u00e1n disponibles para los elevadores de construcci\u00f3n Alimak, plataformas de transporte, elevadores de materiales y plataformas de trabajo de m\u00e1stil trepador.<\/p>\n<p>La mayor\u00eda de los accesorios se pueden utilizar de forma colectiva en elevadores y plataformas que pertenecen a la misma categor\u00eda de producto, lo que se traduce en beneficios econ\u00f3micos para los propietarios de flotas.<\/p>\n<\/div>\n                        <\/div>\n                    <\/div>\n                <\/div>\n            <\/div>\n        <\/div>\n                    <div class=\"lg:hidden py-12 border-b border-darkGrey\">\n                <div class=\"holder\">\n                    <div class=\"wysiwyg leading-[1.6]\"><p>Una amplia gama de accesorios, como m\u00e1stiles, anclajes, equipos de guiado de cables y puertas de rellano, est\u00e1n disponibles para los elevadores de construcci\u00f3n Alimak, plataformas de transporte, elevadores de materiales y plataformas de trabajo de m\u00e1stil trepador.<\/p>\n<p>La mayor\u00eda de los accesorios se pueden utilizar de forma colectiva en elevadores y plataformas que pertenecen a la misma categor\u00eda de producto, lo que se traduce en beneficios econ\u00f3micos para los propietarios de flotas.<\/p>\n<\/div>\n                <\/div>\n            <\/div>\n        \n    <\/section>\n<section class=\"text-img bg-white text-black border-lightGrey   pt-6 lg:pt-12 pb-6 lg:pb-12\">\n    <div class=\"holder\">\n      <div class=\"grid grid-cols-12 gap-4 items-center\">\n        <div class=\"col-span-12 lg:col-span-6 2.5xl:col-span-8 \">\n                            <div class=\"text-img-overlay relative mb-8 md:mb-0 max-w-[852px] \">\n                    <picture class=\"w-full\"><source media=\"(max-width:639px)\" srcset=\"https:\/\/images.ohmyhosting.se\/InbWubVkIwjEhn5gSiQxcYWqymk=\/382x237\/smart\/filters:quality(85)\/https%3A%2F%2Falimak.com%2Fwp-content%2Fuploads%2F2026%2F02%2FLanding-Gates-A.tif 1x, https:\/\/images.ohmyhosting.se\/vskv-hfhx6RFIxE4OdjOzkRJIf4=\/764x474\/smart\/filters:quality(85)\/https%3A%2F%2Falimak.com%2Fwp-content%2Fuploads%2F2026%2F02%2FLanding-Gates-A.tif 2x\"><source media=\"(max-width:1022px)\" srcset=\"https:\/\/images.ohmyhosting.se\/SJ1wnWFT7DE0nePxoQkkt6BA3E4=\/773x480\/smart\/filters:quality(85)\/https%3A%2F%2Falimak.com%2Fwp-content%2Fuploads%2F2026%2F02%2FLanding-Gates-A.tif 1x, https:\/\/images.ohmyhosting.se\/0v3LdfcHucXKqK5rAhXe4LUjRRk=\/1546x960\/smart\/filters:quality(85)\/https%3A%2F%2Falimak.com%2Fwp-content%2Fuploads%2F2026%2F02%2FLanding-Gates-A.tif 2x\"><img decoding=\"async\" src=\"https:\/\/images.ohmyhosting.se\/95cDDQsM2vO11zysx5-Rtk0Fa9s=\/852x530\/smart\/filters:quality(85)\/https%3A%2F%2Falimak.com%2Fwp-content%2Fuploads%2F2026%2F02%2FLanding-Gates-A.tif\" srcset=\"https:\/\/images.ohmyhosting.se\/95cDDQsM2vO11zysx5-Rtk0Fa9s=\/852x530\/smart\/filters:quality(85)\/https%3A%2F%2Falimak.com%2Fwp-content%2Fuploads%2F2026%2F02%2FLanding-Gates-A.tif 1x, https:\/\/images.ohmyhosting.se\/0jmXG6KLmbwWM4UmbfxgjNRKz0M=\/1704x1060\/smart\/filters:quality(85)\/https%3A%2F%2Falimak.com%2Fwp-content%2Fuploads%2F2026%2F02%2FLanding-Gates-A.tif 2x\" alt=\"\" class=\"w-full w-full rounded-[12px] object-cover\" width=\"852\" height=\"530\" \/><\/picture>                                        <\/div>\n            \n        <\/div>\n        <div class=\"col-span-12 lg:col-span-6 2.5xl:col-span-4 flex flex-col justify-center \">\n            <div class=\"\">\n                                    <h2 class=\"text-24 md:text-36 leading-[1.3] font-medium mb-4\">Equipo de rellano<\/h2>\n                                                    <div class=\"wysiwyg leading-[1.6] text-numbersGrey\"><p>El sistema modular flexible de puertas de rellano de Alimak se adapta a todas las marcas conocidas de montacargas de construcci\u00f3n, elevadores de materiales y plataformas de transporte del mercado.<\/p>\n<p>Todas las puertas de rellano tienen marcado CE y cumplen con los requisitos aplicables del Reglamento de Maquinaria de la UE, y est\u00e1n dise\u00f1adas de acuerdo con las normas EN pertinentes para montacargas de construcci\u00f3n, elevadores de materiales y plataformas de transporte.<\/p>\n<p>Las puertas Alimak se pueden instalar contra losa, balc\u00f3n, tuber\u00edas verticales y torre de escalera\/puente de rellano, y se adaptan a todos los sistemas de andamiaje actualmente en el mercado. Alimak tambi\u00e9n suministra una gama de puertas de rellano de altura completa para sus montacargas de construcci\u00f3n como opci\u00f3n a su sistema de puertas de rellano de altura reducida, que vienen en diferentes tama\u00f1os para adaptarse a distintas aplicaciones. <\/p>\n<\/div>\n                                            <\/div>\n        <\/div>\n      <\/div>\n    <\/div>\n<\/section>\n\n<section class=\"text-img bg-white text-black border-lightGrey   pt-6 lg:pt-12 pb-6 lg:pb-12\">\n    <div class=\"holder\">\n      <div class=\"grid grid-cols-12 gap-4 items-center\">\n        <div class=\"col-span-12 lg:col-span-6 2.5xl:col-span-8  order-1 lg:order-2\">\n                            <div class=\"text-img-overlay relative mb-8 md:mb-0 max-w-[852px] lg:ml-auto\">\n                    <picture class=\"w-full\"><source media=\"(max-width:639px)\" srcset=\"https:\/\/images.ohmyhosting.se\/QvsAJCsDiUiDgsu2x-hSu5VGTbA=\/382x237\/smart\/filters:quality(85)\/https%3A%2F%2Falimak.com%2Fwp-content%2Fuploads%2F2025%2F10%2FMast-Sections.png 1x, https:\/\/images.ohmyhosting.se\/rmYQf4Qn2UITO3MGFmZRoRvcW8w=\/764x474\/smart\/filters:quality(85)\/https%3A%2F%2Falimak.com%2Fwp-content%2Fuploads%2F2025%2F10%2FMast-Sections.png 2x\"><source media=\"(max-width:1022px)\" srcset=\"https:\/\/images.ohmyhosting.se\/qrqZbs0zSBIJ2tt4q1EOVmGejuA=\/773x480\/smart\/filters:quality(85)\/https%3A%2F%2Falimak.com%2Fwp-content%2Fuploads%2F2025%2F10%2FMast-Sections.png 1x, https:\/\/images.ohmyhosting.se\/3zlYZjRfjry1jude9wLv8RgdTio=\/1546x960\/smart\/filters:quality(85)\/https%3A%2F%2Falimak.com%2Fwp-content%2Fuploads%2F2025%2F10%2FMast-Sections.png 2x\"><img decoding=\"async\" src=\"https:\/\/images.ohmyhosting.se\/K3QvFLB0ygOJueJelNm01kP0H3I=\/852x530\/smart\/filters:quality(85)\/https%3A%2F%2Falimak.com%2Fwp-content%2Fuploads%2F2025%2F10%2FMast-Sections.png\" srcset=\"https:\/\/images.ohmyhosting.se\/K3QvFLB0ygOJueJelNm01kP0H3I=\/852x530\/smart\/filters:quality(85)\/https%3A%2F%2Falimak.com%2Fwp-content%2Fuploads%2F2025%2F10%2FMast-Sections.png 1x, https:\/\/images.ohmyhosting.se\/aFgQO6YkfCjJcs1MJrAgKSvsM8s=\/1704x1060\/smart\/filters:quality(85)\/https%3A%2F%2Falimak.com%2Fwp-content%2Fuploads%2F2025%2F10%2FMast-Sections.png 2x\" alt=\"\" class=\"w-full w-full rounded-[12px] object-cover\" width=\"852\" height=\"530\" \/><\/picture>                                        <\/div>\n            \n        <\/div>\n        <div class=\"col-span-12 lg:col-span-6 2.5xl:col-span-4 flex flex-col justify-center  order-2 lg:order-1\">\n            <div class=\"\">\n                                    <h2 class=\"text-24 md:text-36 leading-[1.3] font-medium mb-4\">M\u00e1stil y amarres<\/h2>\n                                                    <div class=\"wysiwyg leading-[1.6] text-numbersGrey\"><p>Los anclajes de m\u00e1stil de Alimak se utilizan para fijar la torre del m\u00e1stil a una estructura o edificio. Hay varios tipos disponibles para adaptarse a diferentes condiciones y estructuras. Est\u00e1n construidos con un dise\u00f1o modular flexible, ajustables en altura, anchura y longitud con soportes de pared flexibles.  <\/p>\n<p>Alimak ofrece tres tipos de m\u00e1stil, cada uno para soportar la gama ligera, media y pesada de productos de construcci\u00f3n. Los m\u00e1stiles se pueden utilizar colectivamente en elevadores y plataformas que pertenecen a la misma categor\u00eda de producto, lo que resulta en beneficios de costes para los propietarios de flotas. <\/p>\n<p>Los perfiles de m\u00e1stil de Alimak est\u00e1n dise\u00f1ados para ser ligeros pero resistentes, minimizando el n\u00famero de puntos de anclaje y proporcionando amplias alturas de elevaci\u00f3n y un gran voladizo libre. Los materiales de alta calidad y el proceso de fabricaci\u00f3n est\u00e1n estrictamente controlados, y las pruebas de estr\u00e9s son rigurosas. <\/p>\n<\/div>\n                                            <\/div>\n        <\/div>\n      <\/div>\n    <\/div>\n<\/section>\n\n<section class=\"text-img bg-white text-black border-lightGrey   pt-6 lg:pt-12 pb-6 lg:pb-12\">\n    <div class=\"holder\">\n      <div class=\"grid grid-cols-12 gap-4 items-center\">\n        <div class=\"col-span-12 lg:col-span-6 2.5xl:col-span-8 \">\n                            <div class=\"text-img-overlay relative mb-8 md:mb-0 max-w-[852px] \">\n                    <picture class=\"w-full\"><source media=\"(max-width:639px)\" srcset=\"https:\/\/images.ohmyhosting.se\/2rVhxd-6sZ-EkDIdfdKb7u-c3sA=\/382x237\/smart\/filters:quality(85)\/https%3A%2F%2Falimak.com%2Fwp-content%2Fuploads%2F2026%2F02%2FCable-Guiding-System-scaled.png 1x, https:\/\/images.ohmyhosting.se\/jK91Yci0cLO4vcKG9iRmfwg-TBQ=\/764x474\/smart\/filters:quality(85)\/https%3A%2F%2Falimak.com%2Fwp-content%2Fuploads%2F2026%2F02%2FCable-Guiding-System-scaled.png 2x\"><source media=\"(max-width:1022px)\" srcset=\"https:\/\/images.ohmyhosting.se\/MXa74BmHFIUSmb-6fMClR_4I0z8=\/773x480\/smart\/filters:quality(85)\/https%3A%2F%2Falimak.com%2Fwp-content%2Fuploads%2F2026%2F02%2FCable-Guiding-System-scaled.png 1x, https:\/\/images.ohmyhosting.se\/BQEWouMFQW1xdQTLW85jR3nKvkY=\/1546x960\/smart\/filters:quality(85)\/https%3A%2F%2Falimak.com%2Fwp-content%2Fuploads%2F2026%2F02%2FCable-Guiding-System-scaled.png 2x\"><img decoding=\"async\" src=\"https:\/\/images.ohmyhosting.se\/jj2O0kRRt2dlYE5KLnSFRe7961M=\/852x530\/smart\/filters:quality(85)\/https%3A%2F%2Falimak.com%2Fwp-content%2Fuploads%2F2026%2F02%2FCable-Guiding-System-scaled.png\" srcset=\"https:\/\/images.ohmyhosting.se\/jj2O0kRRt2dlYE5KLnSFRe7961M=\/852x530\/smart\/filters:quality(85)\/https%3A%2F%2Falimak.com%2Fwp-content%2Fuploads%2F2026%2F02%2FCable-Guiding-System-scaled.png 1x, https:\/\/images.ohmyhosting.se\/pxzJ0gWj7ijvPiSNK29AAgoppFo=\/1704x1060\/smart\/filters:quality(85)\/https%3A%2F%2Falimak.com%2Fwp-content%2Fuploads%2F2026%2F02%2FCable-Guiding-System-scaled.png 2x\" alt=\"\" class=\"w-full w-full rounded-[12px] object-cover\" width=\"852\" height=\"530\" \/><\/picture>                                        <\/div>\n            \n        <\/div>\n        <div class=\"col-span-12 lg:col-span-6 2.5xl:col-span-4 flex flex-col justify-center \">\n            <div class=\"\">\n                                    <h2 class=\"text-24 md:text-36 leading-[1.3] font-medium mb-4\">Equipo de guiado de cables<\/h2>\n                                                    <div class=\"wysiwyg leading-[1.6] text-numbersGrey\"><p>El sistema de guiado de cables de Alimak siempre mantiene el cable bajo tensi\u00f3n. La mayor\u00eda de los modelos de productos Alimak tienen cables de alimentaci\u00f3n y control para la cabina, lo que significa que tienen circuitos de seguridad y de puerta separados. <\/p>\n<p>Los gu\u00edas de cable se utilizan para sujetar el cable en uso normal y en condiciones de viento para evitar da\u00f1os por atrapamiento con maquinaria en movimiento. En zonas de mucho viento, puede ser necesario aumentar el n\u00famero de gu\u00edas de cable y reducir el intervalo de instalaci\u00f3n.<\/p>\n<p>La m\u00e1quina Alimak siempre tendr\u00e1 alimentaci\u00f3n, incluso si la base y los rellanos est\u00e1n interbloqueados el\u00e9ctricamente. El controlador de frecuencia siempre estar\u00e1 encendido y la m\u00e1quina tendr\u00e1 iluminaci\u00f3n permanente y arrancar\u00e1 directamente. <\/p>\n<\/div>\n                                            <\/div>\n        <\/div>\n      <\/div>\n    <\/div>\n<\/section>\n\n<section class=\"cta-banner bg-black text-white  pt-0 pb-6 lg:pb-12\">\n    <div class=\"relative\">\n                    <div class=\"cta-banner-overlay relative\">\n                <picture class=\"w-full\"><source media=\"(max-width:639px)\" srcset=\"https:\/\/images.ohmyhosting.se\/830LuN8tJnlhxBlrnP81Cn_re_Q=\/399x377\/smart\/filters:quality(85)\/https%3A%2F%2Falimak.com%2Fwp-content%2Fuploads%2F2025%2F09%2Fd2291df879d3d9219aa41f082605eabd3250e5e9.jpg 1x, https:\/\/images.ohmyhosting.se\/hU69TdXunvGuEgABsWLfplJ9_PU=\/798x754\/smart\/filters:quality(85)\/https%3A%2F%2Falimak.com%2Fwp-content%2Fuploads%2F2025%2F09%2Fd2291df879d3d9219aa41f082605eabd3250e5e9.jpg 2x\"><source media=\"(max-width:1022px)\" srcset=\"https:\/\/images.ohmyhosting.se\/sUTJ0HNsfwEJpnAiEjhFWb9u1pw=\/805x760\/smart\/filters:quality(85)\/https%3A%2F%2Falimak.com%2Fwp-content%2Fuploads%2F2025%2F09%2Fd2291df879d3d9219aa41f082605eabd3250e5e9.jpg 1x, https:\/\/images.ohmyhosting.se\/mrEIaFoAUgmLUkHNnjAqabwhsRU=\/1610x1520\/smart\/filters:quality(85)\/https%3A%2F%2Falimak.com%2Fwp-content%2Fuploads%2F2025%2F09%2Fd2291df879d3d9219aa41f082605eabd3250e5e9.jpg 2x\"><img decoding=\"async\" src=\"https:\/\/images.ohmyhosting.se\/RHe0oE3TlTETH41w2OoXpWjHYH8=\/2545x1053\/smart\/filters:quality(85)\/https%3A%2F%2Falimak.com%2Fwp-content%2Fuploads%2F2025%2F09%2Fd2291df879d3d9219aa41f082605eabd3250e5e9.jpg\" srcset=\"https:\/\/images.ohmyhosting.se\/RHe0oE3TlTETH41w2OoXpWjHYH8=\/2545x1053\/smart\/filters:quality(85)\/https%3A%2F%2Falimak.com%2Fwp-content%2Fuploads%2F2025%2F09%2Fd2291df879d3d9219aa41f082605eabd3250e5e9.jpg 1x, https:\/\/images.ohmyhosting.se\/AdhHQjA7d3yK0NqyO3xGggVMQX4=\/5090x2106\/smart\/filters:quality(85)\/https%3A%2F%2Falimak.com%2Fwp-content%2Fuploads%2F2025%2F09%2Fd2291df879d3d9219aa41f082605eabd3250e5e9.jpg 2x\" alt=\"\" class=\"w-full w-full h-full object-cover\" width=\"2545\" height=\"1053\" \/><\/picture>            <\/div>\n                <div class=\"absolute inset-0 z-[2]\">\n            <div class=\"holder\">\n                <div class=\"grid grid-cols-12 gap-4\">\n                    <div class=\"col-span-12 lg:col-span-6 lg:col-start-7 pt-16\">\n                        <h3 class=\"text-28 md:text-44 lg:max-w-[500px] leading-tight\">P\u00f3ngase en contacto para obtener m\u00e1s informaci\u00f3n o un presupuesto<\/h3>\n                                                    <div class=\"mt-8\">\n                                <a class=\"btn\" href=\"https:\/\/alimak.com\/es\/contactar\/\" target=\"\">\n                                    <span>Contacte con nosotros<\/span>\n                                    <span>\n                                        <svg width=\"24\" height=\"11\" viewBox=\"0 0 24 11\" fill=\"none\" xmlns=\"http:\/\/www.w3.org\/2000\/svg\">\n                                        <path d=\"M0 5.5H22\" stroke=\"black\" stroke-width=\"1.5\"\/>\n                                        <path d=\"M17.5 1L22 5.5L17.5 10\" stroke=\"black\" stroke-width=\"1.5\"\/>\n                                        <\/svg>\n                                    <\/span>\n                                <\/a>\n                            <\/div>\n                                            <\/div>\n                <\/div>\n            <\/div>\n        <\/div>\n    <\/div>\n<\/section>\n","protected":false},"excerpt":{"rendered":"<p>Una amplia gama de accesorios, como m\u00e1stiles, anclajes, equipos de guiado de cables y puertas de rellano, est\u00e1n disponibles para&#8230;<\/p>\n","protected":false},"author":2,"featured_media":0,"parent":15796,"menu_order":0,"comment_status":"closed","ping_status":"closed","template":"","meta":{"_acf_changed":false,"footnotes":""},"class_list":["post-13725","page","type-page","status-publish","hentry"],"acf":[],"yoast_head":"<!-- This site is optimized with the Yoast SEO plugin v27.3 - https:\/\/yoast.com\/product\/yoast-seo-wordpress\/ -->\n<title>Accesorios - Alimak<\/title>\n<meta name=\"robots\" content=\"index, follow, max-snippet:-1, max-image-preview:large, max-video-preview:-1\" \/>\n<link rel=\"canonical\" href=\"https:\/\/alimak.com\/es\/soluciones-temporales\/productos-temporal\/accesorios\/\" \/>\n<meta property=\"og:locale\" content=\"es_ES\" \/>\n<meta property=\"og:type\" content=\"article\" \/>\n<meta property=\"og:title\" content=\"Accesorios - Alimak\" \/>\n<meta property=\"og:description\" content=\"Una amplia gama de accesorios, como m\u00e1stiles, anclajes, equipos de guiado de cables y puertas de rellano, est\u00e1n disponibles para...\" \/>\n<meta property=\"og:url\" content=\"https:\/\/alimak.com\/es\/soluciones-temporales\/productos-temporal\/accesorios\/\" \/>\n<meta property=\"og:site_name\" content=\"Alimak\" \/>\n<meta property=\"article:modified_time\" content=\"2026-03-18T14:05:39+00:00\" \/>\n<meta name=\"twitter:card\" content=\"summary_large_image\" \/>\n<script type=\"application\/ld+json\" class=\"yoast-schema-graph\">{\"@context\":\"https:\\\/\\\/schema.org\",\"@graph\":[{\"@type\":\"WebPage\",\"@id\":\"https:\\\/\\\/alimak.com\\\/es\\\/soluciones-temporales\\\/productos-temporal\\\/accesorios\\\/\",\"url\":\"https:\\\/\\\/alimak.com\\\/es\\\/soluciones-temporales\\\/productos-temporal\\\/accesorios\\\/\",\"name\":\"Accesorios - Alimak\",\"isPartOf\":{\"@id\":\"https:\\\/\\\/alimak.com\\\/#website\"},\"datePublished\":\"2026-02-06T14:15:06+00:00\",\"dateModified\":\"2026-03-18T14:05:39+00:00\",\"breadcrumb\":{\"@id\":\"https:\\\/\\\/alimak.com\\\/es\\\/soluciones-temporales\\\/productos-temporal\\\/accesorios\\\/#breadcrumb\"},\"inLanguage\":\"es-ES\",\"potentialAction\":[{\"@type\":\"ReadAction\",\"target\":[\"https:\\\/\\\/alimak.com\\\/es\\\/soluciones-temporales\\\/productos-temporal\\\/accesorios\\\/\"]}]},{\"@type\":\"BreadcrumbList\",\"@id\":\"https:\\\/\\\/alimak.com\\\/es\\\/soluciones-temporales\\\/productos-temporal\\\/accesorios\\\/#breadcrumb\",\"itemListElement\":[{\"@type\":\"ListItem\",\"position\":1,\"name\":\"Home\",\"item\":\"https:\\\/\\\/alimak.com\\\/es\\\/\"},{\"@type\":\"ListItem\",\"position\":2,\"name\":\"Soluciones temporales\",\"item\":\"https:\\\/\\\/alimak.com\\\/es\\\/soluciones-temporales\\\/\"},{\"@type\":\"ListItem\",\"position\":3,\"name\":\"Productos (temporal)\",\"item\":\"https:\\\/\\\/alimak.com\\\/es\\\/soluciones-temporales\\\/productos-temporal\\\/\"},{\"@type\":\"ListItem\",\"position\":4,\"name\":\"Accesorios\"}]},{\"@type\":\"WebSite\",\"@id\":\"https:\\\/\\\/alimak.com\\\/#website\",\"url\":\"https:\\\/\\\/alimak.com\\\/\",\"name\":\"Alimak\",\"description\":\"\",\"potentialAction\":[{\"@type\":\"SearchAction\",\"target\":{\"@type\":\"EntryPoint\",\"urlTemplate\":\"https:\\\/\\\/alimak.com\\\/?s={search_term_string}\"},\"query-input\":{\"@type\":\"PropertyValueSpecification\",\"valueRequired\":true,\"valueName\":\"search_term_string\"}}],\"inLanguage\":\"es-ES\"}]}<\/script>\n<!-- \/ Yoast SEO plugin. -->","yoast_head_json":{"title":"Accesorios - Alimak","robots":{"index":"index","follow":"follow","max-snippet":"max-snippet:-1","max-image-preview":"max-image-preview:large","max-video-preview":"max-video-preview:-1"},"canonical":"https:\/\/alimak.com\/es\/soluciones-temporales\/productos-temporal\/accesorios\/","og_locale":"es_ES","og_type":"article","og_title":"Accesorios - Alimak","og_description":"Una amplia gama de accesorios, como m\u00e1stiles, anclajes, equipos de guiado de cables y puertas de rellano, est\u00e1n disponibles para...","og_url":"https:\/\/alimak.com\/es\/soluciones-temporales\/productos-temporal\/accesorios\/","og_site_name":"Alimak","article_modified_time":"2026-03-18T14:05:39+00:00","twitter_card":"summary_large_image","schema":{"@context":"https:\/\/schema.org","@graph":[{"@type":"WebPage","@id":"https:\/\/alimak.com\/es\/soluciones-temporales\/productos-temporal\/accesorios\/","url":"https:\/\/alimak.com\/es\/soluciones-temporales\/productos-temporal\/accesorios\/","name":"Accesorios - Alimak","isPartOf":{"@id":"https:\/\/alimak.com\/#website"},"datePublished":"2026-02-06T14:15:06+00:00","dateModified":"2026-03-18T14:05:39+00:00","breadcrumb":{"@id":"https:\/\/alimak.com\/es\/soluciones-temporales\/productos-temporal\/accesorios\/#breadcrumb"},"inLanguage":"es-ES","potentialAction":[{"@type":"ReadAction","target":["https:\/\/alimak.com\/es\/soluciones-temporales\/productos-temporal\/accesorios\/"]}]},{"@type":"BreadcrumbList","@id":"https:\/\/alimak.com\/es\/soluciones-temporales\/productos-temporal\/accesorios\/#breadcrumb","itemListElement":[{"@type":"ListItem","position":1,"name":"Home","item":"https:\/\/alimak.com\/es\/"},{"@type":"ListItem","position":2,"name":"Soluciones temporales","item":"https:\/\/alimak.com\/es\/soluciones-temporales\/"},{"@type":"ListItem","position":3,"name":"Productos (temporal)","item":"https:\/\/alimak.com\/es\/soluciones-temporales\/productos-temporal\/"},{"@type":"ListItem","position":4,"name":"Accesorios"}]},{"@type":"WebSite","@id":"https:\/\/alimak.com\/#website","url":"https:\/\/alimak.com\/","name":"Alimak","description":"","potentialAction":[{"@type":"SearchAction","target":{"@type":"EntryPoint","urlTemplate":"https:\/\/alimak.com\/?s={search_term_string}"},"query-input":{"@type":"PropertyValueSpecification","valueRequired":true,"valueName":"search_term_string"}}],"inLanguage":"es-ES"}]}},"_links":{"self":[{"href":"https:\/\/alimak.com\/es\/wp-json\/wp\/v2\/pages\/13725","targetHints":{"allow":["GET"]}}],"collection":[{"href":"https:\/\/alimak.com\/es\/wp-json\/wp\/v2\/pages"}],"about":[{"href":"https:\/\/alimak.com\/es\/wp-json\/wp\/v2\/types\/page"}],"author":[{"embeddable":true,"href":"https:\/\/alimak.com\/es\/wp-json\/wp\/v2\/users\/2"}],"replies":[{"embeddable":true,"href":"https:\/\/alimak.com\/es\/wp-json\/wp\/v2\/comments?post=13725"}],"version-history":[{"count":1,"href":"https:\/\/alimak.com\/es\/wp-json\/wp\/v2\/pages\/13725\/revisions"}],"predecessor-version":[{"id":13728,"href":"https:\/\/alimak.com\/es\/wp-json\/wp\/v2\/pages\/13725\/revisions\/13728"}],"up":[{"embeddable":true,"href":"https:\/\/alimak.com\/es\/wp-json\/wp\/v2\/pages\/15796"}],"wp:attachment":[{"href":"https:\/\/alimak.com\/es\/wp-json\/wp\/v2\/media?parent=13725"}],"curies":[{"name":"wp","href":"https:\/\/api.w.org\/{rel}","templated":true}]}}