{"id":13729,"date":"2025-11-05T14:43:14","date_gmt":"2025-11-05T14:43:14","guid":{"rendered":"https:\/\/alimak.com\/piezas-online\/"},"modified":"2026-03-24T14:57:12","modified_gmt":"2026-03-24T14:57:12","slug":"piezas-online","status":"publish","type":"page","link":"https:\/\/alimak.com\/es\/piezas-online\/","title":{"rendered":"Piezas en l\u00ednea"},"content":{"rendered":"\n<section class=\"small-hero border-b bg-black border-darkGrey text-white pt-0 pb-0\">\n            <div class=\"relative\">\n            <div class=\"hero-overlay relative\">\n                                    <picture class=\"w-full\"><source media=\"(max-width:639px)\" srcset=\"https:\/\/images.ohmyhosting.se\/jC20l7vGtQMwt0-eJ-59ByNZvIg=\/390x461\/smart\/filters:quality(85)\/https%3A%2F%2Falimak.com%2Fwp-content%2Fuploads%2F2025%2F11%2F190806-421-HDR-web.jpg 1x, https:\/\/images.ohmyhosting.se\/HVzr90gI2WCV_0ki8iYcq7VqCsg=\/780x922\/smart\/filters:quality(85)\/https%3A%2F%2Falimak.com%2Fwp-content%2Fuploads%2F2025%2F11%2F190806-421-HDR-web.jpg 2x\"><source media=\"(max-width:1022px)\" srcset=\"https:\/\/images.ohmyhosting.se\/3ktzMleT-2H65B-kxs-ppbFtLqM=\/805x951\/smart\/filters:quality(85)\/https%3A%2F%2Falimak.com%2Fwp-content%2Fuploads%2F2025%2F11%2F190806-421-HDR-web.jpg 1x, https:\/\/images.ohmyhosting.se\/de80_35pok6hrb2e5kRALI2_KMQ=\/1610x1902\/smart\/filters:quality(85)\/https%3A%2F%2Falimak.com%2Fwp-content%2Fuploads%2F2025%2F11%2F190806-421-HDR-web.jpg 2x\"><img decoding=\"async\" src=\"https:\/\/images.ohmyhosting.se\/0TBYzE6W4Cgg0Gu03Rm6Kspz0nU=\/2545x814\/smart\/filters:quality(85)\/https%3A%2F%2Falimak.com%2Fwp-content%2Fuploads%2F2025%2F11%2F190806-421-HDR-web.jpg\" srcset=\"https:\/\/images.ohmyhosting.se\/0TBYzE6W4Cgg0Gu03Rm6Kspz0nU=\/2545x814\/smart\/filters:quality(85)\/https%3A%2F%2Falimak.com%2Fwp-content%2Fuploads%2F2025%2F11%2F190806-421-HDR-web.jpg 1x, https:\/\/images.ohmyhosting.se\/OITspSUmzvZrDkQ3kA500PMtMcA=\/5090x1628\/smart\/filters:quality(85)\/https%3A%2F%2Falimak.com%2Fwp-content%2Fuploads%2F2025%2F11%2F190806-421-HDR-web.jpg 2x\" alt=\"\" class=\"w-full object-cover w-full max-h-[90vh]\" width=\"2545\" height=\"814\" \/><\/picture>                            <\/div>\n            <div class=\"absolute inset-0 z-10 flex flex-col justify-end\">\n                <div class=\"holder\">\n                    <div class=\"grid grid-cols-12 gap-4 pb-16\">\n                        <div class=\"col-span-12 lg:col-span-7\">\n                                                    <h1 class=\"text-28 md:text-52 leading-[1.3] lg:max-w-[625px]\"><p>Piezas Online &#8211; La forma f\u00e1cil de pedir piezas originales Alimak<\/p>\n<\/h1>\n                            <div class=\"wysiwyg pt-5 leading-[1.6] hidden lg:block lg:max-w-[512px]\"><p>Piezas Online es una plataforma digital para identificar y pedir piezas de repuesto originales Alimak. La identificaci\u00f3n simplificada de piezas garantiza que se pidan las piezas correctas, para mantener su equipo funcionando 24\/7. Aprovecha la red de distribuci\u00f3n global de Alimak para entregar piezas de forma fiable y respalda el tiempo de actividad, la productividad y la seguridad general de su equipo Alimak.  <\/p>\n<\/div>\n                        <\/div>\n                    <\/div>\n                <\/div>\n            <\/div>\n        <\/div>\n                    <div class=\"lg:hidden py-12 border-b border-darkGrey\">\n                <div class=\"holder\">\n                    <div class=\"wysiwyg leading-[1.6]\"><p>Piezas Online es una plataforma digital para identificar y pedir piezas de repuesto originales Alimak. La identificaci\u00f3n simplificada de piezas garantiza que se pidan las piezas correctas, para mantener su equipo funcionando 24\/7. Aprovecha la red de distribuci\u00f3n global de Alimak para entregar piezas de forma fiable y respalda el tiempo de actividad, la productividad y la seguridad general de su equipo Alimak.  <\/p>\n<\/div>\n                <\/div>\n            <\/div>\n        \n    <\/section>\n<section class=\"text-img bg-white text-black border-lightGrey   pt-12 lg:pt-24 pb-12 lg:pb-24\">\n    <div class=\"holder\">\n      <div class=\"grid grid-cols-12 gap-4 items-center\">\n        <div class=\"col-span-12 lg:col-span-6 2.5xl:col-span-8 \">\n                            <div class=\"text-img-overlay relative mb-8 md:mb-0 max-w-[852px] \">\n                    <picture class=\"w-full\"><source media=\"(max-width:639px)\" srcset=\"https:\/\/images.ohmyhosting.se\/-tgOdIn-yINBuhwiVl1ZEITsOg4=\/382x237\/smart\/filters:quality(85)\/https%3A%2F%2Falimak.com%2Fwp-content%2Fuploads%2F2025%2F11%2FParts-Online-Dashboard.jpg 1x, https:\/\/images.ohmyhosting.se\/CVcdo-LO_3KQsVrK1zyeWz8epes=\/764x474\/smart\/filters:quality(85)\/https%3A%2F%2Falimak.com%2Fwp-content%2Fuploads%2F2025%2F11%2FParts-Online-Dashboard.jpg 2x\"><source media=\"(max-width:1022px)\" srcset=\"https:\/\/images.ohmyhosting.se\/2XtUDVWELyeyCcT_xrUMSDFvqzY=\/773x480\/smart\/filters:quality(85)\/https%3A%2F%2Falimak.com%2Fwp-content%2Fuploads%2F2025%2F11%2FParts-Online-Dashboard.jpg 1x, https:\/\/images.ohmyhosting.se\/c8zytRQRn4fJaz2ZkxjG6nixP4E=\/1546x960\/smart\/filters:quality(85)\/https%3A%2F%2Falimak.com%2Fwp-content%2Fuploads%2F2025%2F11%2FParts-Online-Dashboard.jpg 2x\"><img decoding=\"async\" src=\"https:\/\/images.ohmyhosting.se\/pGf4ZPvIsUPBIzcJSemhN4hJgiQ=\/852x530\/smart\/filters:quality(85)\/https%3A%2F%2Falimak.com%2Fwp-content%2Fuploads%2F2025%2F11%2FParts-Online-Dashboard.jpg\" srcset=\"https:\/\/images.ohmyhosting.se\/pGf4ZPvIsUPBIzcJSemhN4hJgiQ=\/852x530\/smart\/filters:quality(85)\/https%3A%2F%2Falimak.com%2Fwp-content%2Fuploads%2F2025%2F11%2FParts-Online-Dashboard.jpg 1x, https:\/\/images.ohmyhosting.se\/oBagRthgZyGQe52yhp42sBfLCzg=\/1704x1060\/smart\/filters:quality(85)\/https%3A%2F%2Falimak.com%2Fwp-content%2Fuploads%2F2025%2F11%2FParts-Online-Dashboard.jpg 2x\" alt=\"\" class=\"w-full w-full rounded-[12px] object-cover\" width=\"852\" height=\"530\" \/><\/picture>                                        <\/div>\n            \n        <\/div>\n        <div class=\"col-span-12 lg:col-span-6 2.5xl:col-span-4 flex flex-col justify-center \">\n            <div class=\"\">\n                                    <h2 class=\"text-24 md:text-36 leading-[1.3] font-medium mb-4\">Pida piezas originales de Alimak en l\u00ednea.<\/h2>\n                                                    <div class=\"wysiwyg leading-[1.6] text-numbersGrey\"><p>Mantenga su equipo funcionando al m\u00e1ximo rendimiento. Identifique y pida r\u00e1pidamente piezas de repuesto originales Alimak\u2122 a trav\u00e9s de nuestra plataforma f\u00e1cil de usar. <\/p>\n<\/div>\n                                                    <div class=\"mt-8\">\n                        <a class=\"btn black\" href=\"https:\/\/partsonline.alimak.com\/\" target=\"_blank\">\n                            <span>Iniciar sesi\u00f3n<\/span>\n                            <span>\n                                                                    <svg width=\"18\" height=\"18\" viewBox=\"0 0 18 18\" fill=\"none\" xmlns=\"http:\/\/www.w3.org\/2000\/svg\">\n                                    <path class=\"stroke-white\" d=\"M13.5 9.75098V14.251C13.5 14.6488 13.342 15.0303 13.0607 15.3116C12.7794 15.5929 12.3978 15.751 12 15.751H3.75C3.35218 15.751 2.97064 15.5929 2.68934 15.3116C2.40804 15.0303 2.25 14.6488 2.25 14.251V6.00098C2.25 5.60315 2.40804 5.22162 2.68934 4.94032C2.97064 4.65901 3.35218 4.50098 3.75 4.50098H8.25\" stroke=\"white\" stroke-width=\"1.5\" stroke-linejoin=\"round\"\/>\n                                    <path class=\"stroke-white\" d=\"M11.25 2.25098H15.75V6.75098\" stroke=\"white\" stroke-width=\"1.5\" stroke-linejoin=\"round\"\/>\n                                    <path class=\"stroke-white\" d=\"M7.50073 10.501L15.7507 2.25098\" stroke=\"white\" stroke-width=\"1.5\" stroke-linejoin=\"round\"\/>\n                                    <\/svg>\n                                                            <\/span>\n                        <\/a>\n                    <\/div>\n                            <\/div>\n        <\/div>\n      <\/div>\n    <\/div>\n<\/section>\n\n<section class=\"benefits bg-white text-black border-lightGrey pt-6 lg:pt-12 pb-6 lg:pb-12 \">\n    <div class=\"holder\">\n        <h2 class=\"text-24 md:text-36 font-medium leading-[1.3] mb-12\">Principales ventajas<\/h2>\n                    <div class=\"grid grid-cols-12 gap-x-4 gap-y-12\">\n                                    <div class=\"col-span-12 md:col-span-6 flex md:pr-10 lg:pr-20\">\n                                                    <div class=\"w-[60px] h-[60px] md:w-[92px] md:h-[92px] shrink-0 border-lightGrey border border mr-8 rounded-full flex items-center justify-center\">\n                                <img decoding=\"async\" class=\"max-h-[28px] md:max-h-[44px]\" src=\"https:\/\/alimak.com\/wp-content\/uploads\/2025\/09\/Shape.svg\" alt=\"\">\n                            <\/div>\n                                                <div>\n                            <h3 class=\"text-18 md:text-26 font-medium leading-[1.25] pb-3.5 border-b mb-3.5 border-lightGrey\">F\u00e1cil acceso a las piezas<\/h3>\n                            <div class=\"text-14 md:text-base leading-[1.6] wysiwyg\"><p>Identifique y pida r\u00e1pidamente piezas de repuesto originales Alimak, dise\u00f1adas para mantener un rendimiento, eficiencia y seguridad \u00f3ptimos.<\/p>\n<\/div>\n                        <\/div>\n                    <\/div>\n                                    <div class=\"col-span-12 md:col-span-6 flex md:pr-10 lg:pr-20\">\n                                                    <div class=\"w-[60px] h-[60px] md:w-[92px] md:h-[92px] shrink-0 border-lightGrey border border mr-8 rounded-full flex items-center justify-center\">\n                                <img decoding=\"async\" class=\"max-h-[28px] md:max-h-[44px]\" src=\"https:\/\/alimak.com\/wp-content\/uploads\/2025\/09\/Shape.svg\" alt=\"\">\n                            <\/div>\n                                                <div>\n                            <h3 class=\"text-18 md:text-26 font-medium leading-[1.25] pb-3.5 border-b mb-3.5 border-lightGrey\">Reducci\u00f3n del tiempo de inactividad y los costes<\/h3>\n                            <div class=\"text-14 md:text-base leading-[1.6] wysiwyg\"><p>El acceso r\u00e1pido a las piezas ayuda a minimizar el tiempo de inactividad, reducir los costes operativos y aumentar la productividad.<\/p>\n<\/div>\n                        <\/div>\n                    <\/div>\n                                    <div class=\"col-span-12 md:col-span-6 flex md:pr-10 lg:pr-20\">\n                                                    <div class=\"w-[60px] h-[60px] md:w-[92px] md:h-[92px] shrink-0 border-lightGrey border border mr-8 rounded-full flex items-center justify-center\">\n                                <img decoding=\"async\" class=\"max-h-[28px] md:max-h-[44px]\" src=\"https:\/\/alimak.com\/wp-content\/uploads\/2025\/09\/Shape.svg\" alt=\"\">\n                            <\/div>\n                                                <div>\n                            <h3 class=\"text-18 md:text-26 font-medium leading-[1.25] pb-3.5 border-b mb-3.5 border-lightGrey\">Mayor fiabilidad y longevidad<\/h3>\n                            <div class=\"text-14 md:text-base leading-[1.6] wysiwyg\"><p>Las piezas originales mantienen su equipo Alimak funcionando de forma fiable durante m\u00e1s tiempo, reduciendo las aver\u00edas y prolongando la vida \u00fatil.<\/p>\n<\/div>\n                        <\/div>\n                    <\/div>\n                                    <div class=\"col-span-12 md:col-span-6 flex md:pr-10 lg:pr-20\">\n                                                    <div class=\"w-[60px] h-[60px] md:w-[92px] md:h-[92px] shrink-0 border-lightGrey border border mr-8 rounded-full flex items-center justify-center\">\n                                <img decoding=\"async\" class=\"max-h-[28px] md:max-h-[44px]\" src=\"https:\/\/alimak.com\/wp-content\/uploads\/2025\/09\/Shape.svg\" alt=\"\">\n                            <\/div>\n                                                <div>\n                            <h3 class=\"text-18 md:text-26 font-medium leading-[1.25] pb-3.5 border-b mb-3.5 border-lightGrey\">Identificaci\u00f3n simplificada de piezas<\/h3>\n                            <div class=\"text-14 md:text-base leading-[1.6] wysiwyg\"><p>La plataforma facilita la b\u00fasqueda de las piezas adecuadas para su equipo, reduciendo errores y garantizando un ajuste perfecto.<\/p>\n<\/div>\n                        <\/div>\n                    <\/div>\n                                    <div class=\"col-span-12 md:col-span-6 flex md:pr-10 lg:pr-20\">\n                                                    <div class=\"w-[60px] h-[60px] md:w-[92px] md:h-[92px] shrink-0 border-lightGrey border border mr-8 rounded-full flex items-center justify-center\">\n                                <img decoding=\"async\" class=\"max-h-[28px] md:max-h-[44px]\" src=\"https:\/\/alimak.com\/wp-content\/uploads\/2025\/09\/Shape.svg\" alt=\"\">\n                            <\/div>\n                                                <div>\n                            <h3 class=\"text-18 md:text-26 font-medium leading-[1.25] pb-3.5 border-b mb-3.5 border-lightGrey\">Tramitaci\u00f3n de pedidos m\u00e1s r\u00e1pida<\/h3>\n                            <div class=\"text-14 md:text-base leading-[1.6] wysiwyg\"><p>Con una s\u00f3lida red de distribuci\u00f3n global, Alimak garantiza una entrega r\u00e1pida y eficiente para mantener las operaciones en marcha.<\/p>\n<\/div>\n                        <\/div>\n                    <\/div>\n                                    <div class=\"col-span-12 md:col-span-6 flex md:pr-10 lg:pr-20\">\n                                                    <div class=\"w-[60px] h-[60px] md:w-[92px] md:h-[92px] shrink-0 border-lightGrey border border mr-8 rounded-full flex items-center justify-center\">\n                                <img decoding=\"async\" class=\"max-h-[28px] md:max-h-[44px]\" src=\"https:\/\/alimak.com\/wp-content\/uploads\/2025\/09\/Shape.svg\" alt=\"\">\n                            <\/div>\n                                                <div>\n                            <h3 class=\"text-18 md:text-26 font-medium leading-[1.25] pb-3.5 border-b mb-3.5 border-lightGrey\">Apoyo a la seguridad<\/h3>\n                            <div class=\"text-14 md:text-base leading-[1.6] wysiwyg\"><p>Las piezas originales adecuadas son fundamentales para las caracter\u00edsticas de seguridad del equipo, garantizando que funcionen seg\u00fan lo dise\u00f1ado y cumplan las normas de seguridad del sector.<\/p>\n<\/div>\n                        <\/div>\n                    <\/div>\n                            <\/div>\n            <\/div>\n<\/section>\n","protected":false},"excerpt":{"rendered":"<p>Piezas Online es una plataforma digital para identificar y pedir piezas de repuesto originales Alimak. La identificaci\u00f3n simplificada de piezas&#8230;<\/p>\n","protected":false},"author":1,"featured_media":0,"parent":0,"menu_order":0,"comment_status":"closed","ping_status":"closed","template":"","meta":{"_acf_changed":false,"footnotes":""},"class_list":["post-13729","page","type-page","status-publish","hentry"],"acf":[],"yoast_head":"<!-- This site is optimized with the Yoast SEO plugin v27.3 - https:\/\/yoast.com\/product\/yoast-seo-wordpress\/ -->\n<title>Piezas en l\u00ednea - Alimak<\/title>\n<meta name=\"robots\" content=\"index, follow, max-snippet:-1, max-image-preview:large, max-video-preview:-1\" \/>\n<link rel=\"canonical\" href=\"https:\/\/alimak.com\/es\/piezas-online\/\" \/>\n<meta property=\"og:locale\" content=\"es_ES\" \/>\n<meta property=\"og:type\" content=\"article\" \/>\n<meta property=\"og:title\" content=\"Piezas en l\u00ednea - Alimak\" \/>\n<meta property=\"og:description\" content=\"Piezas Online es una plataforma digital para identificar y pedir piezas de repuesto originales Alimak. La identificaci\u00f3n simplificada de piezas...\" \/>\n<meta property=\"og:url\" content=\"https:\/\/alimak.com\/es\/piezas-online\/\" \/>\n<meta property=\"og:site_name\" content=\"Alimak\" \/>\n<meta property=\"article:modified_time\" content=\"2026-03-24T14:57:12+00:00\" \/>\n<meta name=\"twitter:card\" content=\"summary_large_image\" \/>\n<script type=\"application\/ld+json\" class=\"yoast-schema-graph\">{\"@context\":\"https:\\\/\\\/schema.org\",\"@graph\":[{\"@type\":\"WebPage\",\"@id\":\"https:\\\/\\\/alimak.com\\\/es\\\/piezas-online\\\/\",\"url\":\"https:\\\/\\\/alimak.com\\\/es\\\/piezas-online\\\/\",\"name\":\"Piezas en l\u00ednea - Alimak\",\"isPartOf\":{\"@id\":\"https:\\\/\\\/alimak.com\\\/#website\"},\"datePublished\":\"2025-11-05T14:43:14+00:00\",\"dateModified\":\"2026-03-24T14:57:12+00:00\",\"breadcrumb\":{\"@id\":\"https:\\\/\\\/alimak.com\\\/es\\\/piezas-online\\\/#breadcrumb\"},\"inLanguage\":\"es-ES\",\"potentialAction\":[{\"@type\":\"ReadAction\",\"target\":[\"https:\\\/\\\/alimak.com\\\/es\\\/piezas-online\\\/\"]}]},{\"@type\":\"BreadcrumbList\",\"@id\":\"https:\\\/\\\/alimak.com\\\/es\\\/piezas-online\\\/#breadcrumb\",\"itemListElement\":[{\"@type\":\"ListItem\",\"position\":1,\"name\":\"Home\",\"item\":\"https:\\\/\\\/alimak.com\\\/es\\\/\"},{\"@type\":\"ListItem\",\"position\":2,\"name\":\"Piezas en l\u00ednea\"}]},{\"@type\":\"WebSite\",\"@id\":\"https:\\\/\\\/alimak.com\\\/#website\",\"url\":\"https:\\\/\\\/alimak.com\\\/\",\"name\":\"Alimak\",\"description\":\"\",\"potentialAction\":[{\"@type\":\"SearchAction\",\"target\":{\"@type\":\"EntryPoint\",\"urlTemplate\":\"https:\\\/\\\/alimak.com\\\/?s={search_term_string}\"},\"query-input\":{\"@type\":\"PropertyValueSpecification\",\"valueRequired\":true,\"valueName\":\"search_term_string\"}}],\"inLanguage\":\"es-ES\"}]}<\/script>\n<!-- \/ Yoast SEO plugin. -->","yoast_head_json":{"title":"Piezas en l\u00ednea - Alimak","robots":{"index":"index","follow":"follow","max-snippet":"max-snippet:-1","max-image-preview":"max-image-preview:large","max-video-preview":"max-video-preview:-1"},"canonical":"https:\/\/alimak.com\/es\/piezas-online\/","og_locale":"es_ES","og_type":"article","og_title":"Piezas en l\u00ednea - Alimak","og_description":"Piezas Online es una plataforma digital para identificar y pedir piezas de repuesto originales Alimak. La identificaci\u00f3n simplificada de piezas...","og_url":"https:\/\/alimak.com\/es\/piezas-online\/","og_site_name":"Alimak","article_modified_time":"2026-03-24T14:57:12+00:00","twitter_card":"summary_large_image","schema":{"@context":"https:\/\/schema.org","@graph":[{"@type":"WebPage","@id":"https:\/\/alimak.com\/es\/piezas-online\/","url":"https:\/\/alimak.com\/es\/piezas-online\/","name":"Piezas en l\u00ednea - Alimak","isPartOf":{"@id":"https:\/\/alimak.com\/#website"},"datePublished":"2025-11-05T14:43:14+00:00","dateModified":"2026-03-24T14:57:12+00:00","breadcrumb":{"@id":"https:\/\/alimak.com\/es\/piezas-online\/#breadcrumb"},"inLanguage":"es-ES","potentialAction":[{"@type":"ReadAction","target":["https:\/\/alimak.com\/es\/piezas-online\/"]}]},{"@type":"BreadcrumbList","@id":"https:\/\/alimak.com\/es\/piezas-online\/#breadcrumb","itemListElement":[{"@type":"ListItem","position":1,"name":"Home","item":"https:\/\/alimak.com\/es\/"},{"@type":"ListItem","position":2,"name":"Piezas en l\u00ednea"}]},{"@type":"WebSite","@id":"https:\/\/alimak.com\/#website","url":"https:\/\/alimak.com\/","name":"Alimak","description":"","potentialAction":[{"@type":"SearchAction","target":{"@type":"EntryPoint","urlTemplate":"https:\/\/alimak.com\/?s={search_term_string}"},"query-input":{"@type":"PropertyValueSpecification","valueRequired":true,"valueName":"search_term_string"}}],"inLanguage":"es-ES"}]}},"_links":{"self":[{"href":"https:\/\/alimak.com\/es\/wp-json\/wp\/v2\/pages\/13729","targetHints":{"allow":["GET"]}}],"collection":[{"href":"https:\/\/alimak.com\/es\/wp-json\/wp\/v2\/pages"}],"about":[{"href":"https:\/\/alimak.com\/es\/wp-json\/wp\/v2\/types\/page"}],"author":[{"embeddable":true,"href":"https:\/\/alimak.com\/es\/wp-json\/wp\/v2\/users\/1"}],"replies":[{"embeddable":true,"href":"https:\/\/alimak.com\/es\/wp-json\/wp\/v2\/comments?post=13729"}],"version-history":[{"count":3,"href":"https:\/\/alimak.com\/es\/wp-json\/wp\/v2\/pages\/13729\/revisions"}],"predecessor-version":[{"id":15865,"href":"https:\/\/alimak.com\/es\/wp-json\/wp\/v2\/pages\/13729\/revisions\/15865"}],"wp:attachment":[{"href":"https:\/\/alimak.com\/es\/wp-json\/wp\/v2\/media?parent=13729"}],"curies":[{"name":"wp","href":"https:\/\/api.w.org\/{rel}","templated":true}]}}