{"id":13803,"date":"2025-11-12T12:14:11","date_gmt":"2025-11-12T12:14:11","guid":{"rendered":"https:\/\/alimak.com\/aviso-legal\/"},"modified":"2026-03-18T12:33:51","modified_gmt":"2026-03-18T12:33:51","slug":"aviso-legal","status":"publish","type":"page","link":"https:\/\/alimak.com\/es\/aviso-legal\/","title":{"rendered":"Aviso legal"},"content":{"rendered":"\n<section class=\"small-hero border-b bg-white text-black border-lightGrey pt-0 pb-0\">\n    \n        <div class=\"holder pt-36 md:pt-44\">\n            <div class=\"grid grid-cols-12 gap-4 pb-16\">\n                <div class=\"col-span-12 lg:col-span-7\">\n                                        <h1 class=\"text-28 md:text-52 leading-[1.3] lg:max-w-[625px]\"><p>Aviso legal<\/p>\n<\/h1>\n                    <div class=\"wysiwyg pt-5 leading-[1.6] lg:block lg:max-w-[767px]\"><h3><strong>Alimak Group AB (publ)<\/strong><\/h3>\n<p>Alimak Group AB (publ), junto con sus filiales (\u00abAlimak Group\u00bb), es un proveedor global de soluciones sostenibles de acceso vertical y trabajo en altura con presencia en m\u00e1s de 120 pa\u00edses; Alimak Group desarrolla, fabrica, vende y presta servicios de soluciones de acceso vertical y trabajo en altura con el objetivo de aportar valor al cliente mediante una mayor seguridad, una productividad m\u00e1s alta y una eficiencia de costes mejorada.<\/p>\n<\/div>\n                <\/div>\n            <\/div>\n        <\/div>\n\n    <\/section>\n<section class=\"regular-text-block bg-white pt-6 lg:pt-12 pb-6 lg:pb-12\">\n    <div class=\"holder\">\n        <div class=\"grid grid-cols-12 gap-4\">\n            <div class=\"col-span-12 lg:col-span-3 hidden lg:block\">\n            <\/div>\n            <main class=\"col-span-12 lg:col-span-9\">\n\n                <div class=\"wysiwyg-article mb-12\">\n                    <h4>PROPIEDAD INTELECTUAL<\/h4>\n<h4>Aviso de derechos de autor y reproducci\u00f3n<\/h4>\n<h4>Copyright \u00a9 2026 Alimak Group. Todos los derechos reservados. <\/h4>\n<p>El contenido de los sitios web de Alimak Group est\u00e1 protegido por los convenios internacionales sobre derechos de autor. Los encabezados de p\u00e1gina, gr\u00e1ficos personalizados, iconos de botones, hojas de estilo y scripts que contribuyen al \u00abaspecto y dise\u00f1o\u00bb del Sitio son marcas de servicio, marcas comerciales o imagen de marca de Alimak Group y no pueden ser copiados, imitados ni utilizados, total o parcialmente, en relaci\u00f3n con cualquier producto o servicio sin nuestra autorizaci\u00f3n previa por escrito, de ninguna manera que pueda causar confusi\u00f3n entre los clientes, o de cualquier forma que menosprecie o desacredite a Alimak Group. La reproducci\u00f3n de fragmentos razonables del contenido de los sitios web solo est\u00e1 permitida siempre que (i) dichas reproducciones se faciliten de forma gratuita y para fines no comerciales, (ii) dichas reproducciones se atribuyan correctamente a Alimak Group, (iii) la parte del sitio web que se reproduce no se altere ni se ponga a disposici\u00f3n de forma que modifique el contenido del sitio web o presente la parte reproducida de manera enga\u00f1osa y (iv) se haga menci\u00f3n a los avisos de exenci\u00f3n de responsabilidad incluidos en el sitio web. El permiso para volver a copiar no permite la incorporaci\u00f3n de ninguna parte sustancial de los sitios web en ninguna obra o publicaci\u00f3n, ya sea en formato impreso, electr\u00f3nico o de cualquier otra forma, ni para fines comerciales.       <\/p>\n<h4>Marcas comerciales<\/h4>\n<p>ALIMAK, CAMAC, LEVATO, MAMMOTH, MEDIUS, SCANDO, VECTIO y los logotipos relacionados son marcas registradas de Alimak Group AB y sus filiales en diversas jurisdicciones, incluidas, entre otras, la UE y los Estados Unidos. Alimak Group se reserva todos los derechos sobre su nombre y sobre las marcas comerciales mencionadas anteriormente, as\u00ed como sobre otras marcas comerciales y nombres de productos mencionados en el sitio web, est\u00e9n registrados o no (las \u00abMarcas Comerciales\u00bb). No puede utilizar las Marcas Comerciales sin nuestra autorizaci\u00f3n previa por escrito; no puede utilizar las Marcas Comerciales de ninguna manera que pueda causar confusi\u00f3n sobre si somos el origen de un producto, servicio o actividad.  <\/p>\n                <\/div>\n\n                            <\/main>\n        <\/div>\n    <\/div>\n<\/section>\n","protected":false},"excerpt":{"rendered":"<p>Alimak Group AB (publ) Alimak Group AB (publ), junto con sus filiales (\u00abAlimak Group\u00bb), es un proveedor global de soluciones&#8230;<\/p>\n","protected":false},"author":2,"featured_media":0,"parent":0,"menu_order":0,"comment_status":"closed","ping_status":"closed","template":"","meta":{"_acf_changed":false,"footnotes":""},"class_list":["post-13803","page","type-page","status-publish","hentry"],"acf":[],"yoast_head":"<!-- This site is optimized with the Yoast SEO plugin v27.3 - https:\/\/yoast.com\/product\/yoast-seo-wordpress\/ -->\n<title>Aviso legal - Alimak<\/title>\n<meta name=\"robots\" content=\"index, follow, max-snippet:-1, max-image-preview:large, max-video-preview:-1\" \/>\n<link rel=\"canonical\" href=\"https:\/\/alimak.com\/es\/aviso-legal\/\" \/>\n<meta property=\"og:locale\" content=\"es_ES\" \/>\n<meta property=\"og:type\" content=\"article\" \/>\n<meta property=\"og:title\" content=\"Aviso legal - Alimak\" \/>\n<meta property=\"og:description\" content=\"Alimak Group AB (publ) Alimak Group AB (publ), junto con sus filiales (\u00abAlimak Group\u00bb), es un proveedor global de soluciones...\" \/>\n<meta property=\"og:url\" content=\"https:\/\/alimak.com\/es\/aviso-legal\/\" \/>\n<meta property=\"og:site_name\" content=\"Alimak\" \/>\n<meta property=\"article:modified_time\" content=\"2026-03-18T12:33:51+00:00\" \/>\n<meta name=\"twitter:card\" content=\"summary_large_image\" \/>\n<script type=\"application\/ld+json\" class=\"yoast-schema-graph\">{\"@context\":\"https:\\\/\\\/schema.org\",\"@graph\":[{\"@type\":\"WebPage\",\"@id\":\"https:\\\/\\\/alimak.com\\\/es\\\/aviso-legal\\\/\",\"url\":\"https:\\\/\\\/alimak.com\\\/es\\\/aviso-legal\\\/\",\"name\":\"Aviso legal - Alimak\",\"isPartOf\":{\"@id\":\"https:\\\/\\\/alimak.com\\\/#website\"},\"datePublished\":\"2025-11-12T12:14:11+00:00\",\"dateModified\":\"2026-03-18T12:33:51+00:00\",\"breadcrumb\":{\"@id\":\"https:\\\/\\\/alimak.com\\\/es\\\/aviso-legal\\\/#breadcrumb\"},\"inLanguage\":\"es-ES\",\"potentialAction\":[{\"@type\":\"ReadAction\",\"target\":[\"https:\\\/\\\/alimak.com\\\/es\\\/aviso-legal\\\/\"]}]},{\"@type\":\"BreadcrumbList\",\"@id\":\"https:\\\/\\\/alimak.com\\\/es\\\/aviso-legal\\\/#breadcrumb\",\"itemListElement\":[{\"@type\":\"ListItem\",\"position\":1,\"name\":\"Home\",\"item\":\"https:\\\/\\\/alimak.com\\\/es\\\/\"},{\"@type\":\"ListItem\",\"position\":2,\"name\":\"Aviso legal\"}]},{\"@type\":\"WebSite\",\"@id\":\"https:\\\/\\\/alimak.com\\\/#website\",\"url\":\"https:\\\/\\\/alimak.com\\\/\",\"name\":\"Alimak\",\"description\":\"\",\"potentialAction\":[{\"@type\":\"SearchAction\",\"target\":{\"@type\":\"EntryPoint\",\"urlTemplate\":\"https:\\\/\\\/alimak.com\\\/?s={search_term_string}\"},\"query-input\":{\"@type\":\"PropertyValueSpecification\",\"valueRequired\":true,\"valueName\":\"search_term_string\"}}],\"inLanguage\":\"es-ES\"}]}<\/script>\n<!-- \/ Yoast SEO plugin. -->","yoast_head_json":{"title":"Aviso legal - Alimak","robots":{"index":"index","follow":"follow","max-snippet":"max-snippet:-1","max-image-preview":"max-image-preview:large","max-video-preview":"max-video-preview:-1"},"canonical":"https:\/\/alimak.com\/es\/aviso-legal\/","og_locale":"es_ES","og_type":"article","og_title":"Aviso legal - Alimak","og_description":"Alimak Group AB (publ) Alimak Group AB (publ), junto con sus filiales (\u00abAlimak Group\u00bb), es un proveedor global de soluciones...","og_url":"https:\/\/alimak.com\/es\/aviso-legal\/","og_site_name":"Alimak","article_modified_time":"2026-03-18T12:33:51+00:00","twitter_card":"summary_large_image","schema":{"@context":"https:\/\/schema.org","@graph":[{"@type":"WebPage","@id":"https:\/\/alimak.com\/es\/aviso-legal\/","url":"https:\/\/alimak.com\/es\/aviso-legal\/","name":"Aviso legal - Alimak","isPartOf":{"@id":"https:\/\/alimak.com\/#website"},"datePublished":"2025-11-12T12:14:11+00:00","dateModified":"2026-03-18T12:33:51+00:00","breadcrumb":{"@id":"https:\/\/alimak.com\/es\/aviso-legal\/#breadcrumb"},"inLanguage":"es-ES","potentialAction":[{"@type":"ReadAction","target":["https:\/\/alimak.com\/es\/aviso-legal\/"]}]},{"@type":"BreadcrumbList","@id":"https:\/\/alimak.com\/es\/aviso-legal\/#breadcrumb","itemListElement":[{"@type":"ListItem","position":1,"name":"Home","item":"https:\/\/alimak.com\/es\/"},{"@type":"ListItem","position":2,"name":"Aviso legal"}]},{"@type":"WebSite","@id":"https:\/\/alimak.com\/#website","url":"https:\/\/alimak.com\/","name":"Alimak","description":"","potentialAction":[{"@type":"SearchAction","target":{"@type":"EntryPoint","urlTemplate":"https:\/\/alimak.com\/?s={search_term_string}"},"query-input":{"@type":"PropertyValueSpecification","valueRequired":true,"valueName":"search_term_string"}}],"inLanguage":"es-ES"}]}},"_links":{"self":[{"href":"https:\/\/alimak.com\/es\/wp-json\/wp\/v2\/pages\/13803","targetHints":{"allow":["GET"]}}],"collection":[{"href":"https:\/\/alimak.com\/es\/wp-json\/wp\/v2\/pages"}],"about":[{"href":"https:\/\/alimak.com\/es\/wp-json\/wp\/v2\/types\/page"}],"author":[{"embeddable":true,"href":"https:\/\/alimak.com\/es\/wp-json\/wp\/v2\/users\/2"}],"replies":[{"embeddable":true,"href":"https:\/\/alimak.com\/es\/wp-json\/wp\/v2\/comments?post=13803"}],"version-history":[{"count":1,"href":"https:\/\/alimak.com\/es\/wp-json\/wp\/v2\/pages\/13803\/revisions"}],"predecessor-version":[{"id":13804,"href":"https:\/\/alimak.com\/es\/wp-json\/wp\/v2\/pages\/13803\/revisions\/13804"}],"wp:attachment":[{"href":"https:\/\/alimak.com\/es\/wp-json\/wp\/v2\/media?parent=13803"}],"curies":[{"name":"wp","href":"https:\/\/api.w.org\/{rel}","templated":true}]}}