{"id":14020,"date":"2025-11-12T12:35:49","date_gmt":"2025-11-12T12:35:49","guid":{"rendered":"https:\/\/alimak.com\/canal-de-denuncias\/"},"modified":"2026-03-18T12:37:16","modified_gmt":"2026-03-18T12:37:16","slug":"canal-de-denuncias","status":"publish","type":"page","link":"https:\/\/alimak.com\/es\/canal-de-denuncias\/","title":{"rendered":"Canal de denuncias"},"content":{"rendered":"\n<section class=\"small-hero border-b bg-white text-black border-lightGrey pt-0 pb-0\">\n    \n        <div class=\"holder pt-36 md:pt-44\">\n            <div class=\"grid grid-cols-12 gap-4 pb-16\">\n                <div class=\"col-span-12 lg:col-span-7\">\n                                        <h1 class=\"text-28 md:text-52 leading-[1.3] lg:max-w-[625px]\"><p>Canal de denuncias<\/p>\n<\/h1>\n                    <div class=\"wysiwyg pt-5 leading-[1.6] lg:block lg:max-w-[767px]\"><h3><strong>C\u00f3digo de conducta<\/strong><\/h3>\n<p>Alimak forma parte de Alimak Group. El C\u00f3digo de conducta de Alimak Group describe c\u00f3mo llevamos a cabo nuestra actividad empresarial de forma \u00e9tica y responsable. Establece los principios de comportamiento que seguimos y nos proporciona una gu\u00eda pr\u00e1ctica en nuestras acciones y decisiones empresariales cotidianas.  <\/p>\n<\/div>\n                <\/div>\n            <\/div>\n        <\/div>\n\n    <\/section>\n<section class=\"regular-text-block bg-white pt-6 lg:pt-12 pb-6 lg:pb-12\">\n    <div class=\"holder\">\n        <div class=\"grid grid-cols-12 gap-4\">\n            <div class=\"col-span-12 lg:col-span-3 hidden lg:block\">\n            <\/div>\n            <main class=\"col-span-12 lg:col-span-9\">\n\n                <div class=\"wysiwyg-article mb-12\">\n                    <p>Todos los empleados de Alimak Group reciben formaci\u00f3n sobre el C\u00f3digo de conducta. La formaci\u00f3n se incluye en nuestros programas de introducci\u00f3n para nuevos empleados y se repite peri\u00f3dicamente. <\/p>\n<p>Alimak Group se adhiere al Pacto Mundial de la ONU, una iniciativa que tiene como objetivo convertir los derechos humanos, las normas laborales justas, la responsabilidad medioambiental y la lucha contra la corrupci\u00f3n en partes fundamentales de las operaciones de las empresas participantes.<\/p>\n<p>Visite nuestro sitio web corporativo para obtener m\u00e1s informaci\u00f3n sobre nuestro C\u00f3digo de conducta e informar sobre infracciones o discrepancias.<\/p>\n<p><a href=\"https:\/\/corporate.alimakgroup.com\/en\/sustainability\/code-of-conduct\/\" target=\"_blank\" rel=\"noopener\">Sitio web corporativo de Alimak Group<\/a><\/p>\n                <\/div>\n\n                            <\/main>\n        <\/div>\n    <\/div>\n<\/section>\n","protected":false},"excerpt":{"rendered":"<p>C\u00f3digo de conducta Alimak forma parte de Alimak Group. El C\u00f3digo de conducta de Alimak Group describe c\u00f3mo llevamos a&#8230;<\/p>\n","protected":false},"author":2,"featured_media":0,"parent":0,"menu_order":0,"comment_status":"closed","ping_status":"closed","template":"","meta":{"_acf_changed":false,"footnotes":""},"class_list":["post-14020","page","type-page","status-publish","hentry"],"acf":[],"yoast_head":"<!-- This site is optimized with the Yoast SEO plugin v27.3 - https:\/\/yoast.com\/product\/yoast-seo-wordpress\/ -->\n<title>Canal de denuncias - Alimak<\/title>\n<meta name=\"robots\" content=\"index, follow, max-snippet:-1, max-image-preview:large, max-video-preview:-1\" \/>\n<link rel=\"canonical\" href=\"https:\/\/alimak.com\/es\/canal-de-denuncias\/\" \/>\n<meta property=\"og:locale\" content=\"es_ES\" \/>\n<meta property=\"og:type\" content=\"article\" \/>\n<meta property=\"og:title\" content=\"Canal de denuncias - Alimak\" \/>\n<meta property=\"og:description\" content=\"C\u00f3digo de conducta Alimak forma parte de Alimak Group. El C\u00f3digo de conducta de Alimak Group describe c\u00f3mo llevamos a...\" \/>\n<meta property=\"og:url\" content=\"https:\/\/alimak.com\/es\/canal-de-denuncias\/\" \/>\n<meta property=\"og:site_name\" content=\"Alimak\" \/>\n<meta property=\"article:modified_time\" content=\"2026-03-18T12:37:16+00:00\" \/>\n<meta name=\"twitter:card\" content=\"summary_large_image\" \/>\n<script type=\"application\/ld+json\" class=\"yoast-schema-graph\">{\"@context\":\"https:\\\/\\\/schema.org\",\"@graph\":[{\"@type\":\"WebPage\",\"@id\":\"https:\\\/\\\/alimak.com\\\/es\\\/canal-de-denuncias\\\/\",\"url\":\"https:\\\/\\\/alimak.com\\\/es\\\/canal-de-denuncias\\\/\",\"name\":\"Canal de denuncias - Alimak\",\"isPartOf\":{\"@id\":\"https:\\\/\\\/alimak.com\\\/#website\"},\"datePublished\":\"2025-11-12T12:35:49+00:00\",\"dateModified\":\"2026-03-18T12:37:16+00:00\",\"breadcrumb\":{\"@id\":\"https:\\\/\\\/alimak.com\\\/es\\\/canal-de-denuncias\\\/#breadcrumb\"},\"inLanguage\":\"es-ES\",\"potentialAction\":[{\"@type\":\"ReadAction\",\"target\":[\"https:\\\/\\\/alimak.com\\\/es\\\/canal-de-denuncias\\\/\"]}]},{\"@type\":\"BreadcrumbList\",\"@id\":\"https:\\\/\\\/alimak.com\\\/es\\\/canal-de-denuncias\\\/#breadcrumb\",\"itemListElement\":[{\"@type\":\"ListItem\",\"position\":1,\"name\":\"Home\",\"item\":\"https:\\\/\\\/alimak.com\\\/es\\\/\"},{\"@type\":\"ListItem\",\"position\":2,\"name\":\"Canal de denuncias\"}]},{\"@type\":\"WebSite\",\"@id\":\"https:\\\/\\\/alimak.com\\\/#website\",\"url\":\"https:\\\/\\\/alimak.com\\\/\",\"name\":\"Alimak\",\"description\":\"\",\"potentialAction\":[{\"@type\":\"SearchAction\",\"target\":{\"@type\":\"EntryPoint\",\"urlTemplate\":\"https:\\\/\\\/alimak.com\\\/?s={search_term_string}\"},\"query-input\":{\"@type\":\"PropertyValueSpecification\",\"valueRequired\":true,\"valueName\":\"search_term_string\"}}],\"inLanguage\":\"es-ES\"}]}<\/script>\n<!-- \/ Yoast SEO plugin. -->","yoast_head_json":{"title":"Canal de denuncias - Alimak","robots":{"index":"index","follow":"follow","max-snippet":"max-snippet:-1","max-image-preview":"max-image-preview:large","max-video-preview":"max-video-preview:-1"},"canonical":"https:\/\/alimak.com\/es\/canal-de-denuncias\/","og_locale":"es_ES","og_type":"article","og_title":"Canal de denuncias - Alimak","og_description":"C\u00f3digo de conducta Alimak forma parte de Alimak Group. El C\u00f3digo de conducta de Alimak Group describe c\u00f3mo llevamos a...","og_url":"https:\/\/alimak.com\/es\/canal-de-denuncias\/","og_site_name":"Alimak","article_modified_time":"2026-03-18T12:37:16+00:00","twitter_card":"summary_large_image","schema":{"@context":"https:\/\/schema.org","@graph":[{"@type":"WebPage","@id":"https:\/\/alimak.com\/es\/canal-de-denuncias\/","url":"https:\/\/alimak.com\/es\/canal-de-denuncias\/","name":"Canal de denuncias - Alimak","isPartOf":{"@id":"https:\/\/alimak.com\/#website"},"datePublished":"2025-11-12T12:35:49+00:00","dateModified":"2026-03-18T12:37:16+00:00","breadcrumb":{"@id":"https:\/\/alimak.com\/es\/canal-de-denuncias\/#breadcrumb"},"inLanguage":"es-ES","potentialAction":[{"@type":"ReadAction","target":["https:\/\/alimak.com\/es\/canal-de-denuncias\/"]}]},{"@type":"BreadcrumbList","@id":"https:\/\/alimak.com\/es\/canal-de-denuncias\/#breadcrumb","itemListElement":[{"@type":"ListItem","position":1,"name":"Home","item":"https:\/\/alimak.com\/es\/"},{"@type":"ListItem","position":2,"name":"Canal de denuncias"}]},{"@type":"WebSite","@id":"https:\/\/alimak.com\/#website","url":"https:\/\/alimak.com\/","name":"Alimak","description":"","potentialAction":[{"@type":"SearchAction","target":{"@type":"EntryPoint","urlTemplate":"https:\/\/alimak.com\/?s={search_term_string}"},"query-input":{"@type":"PropertyValueSpecification","valueRequired":true,"valueName":"search_term_string"}}],"inLanguage":"es-ES"}]}},"_links":{"self":[{"href":"https:\/\/alimak.com\/es\/wp-json\/wp\/v2\/pages\/14020","targetHints":{"allow":["GET"]}}],"collection":[{"href":"https:\/\/alimak.com\/es\/wp-json\/wp\/v2\/pages"}],"about":[{"href":"https:\/\/alimak.com\/es\/wp-json\/wp\/v2\/types\/page"}],"author":[{"embeddable":true,"href":"https:\/\/alimak.com\/es\/wp-json\/wp\/v2\/users\/2"}],"replies":[{"embeddable":true,"href":"https:\/\/alimak.com\/es\/wp-json\/wp\/v2\/comments?post=14020"}],"version-history":[{"count":1,"href":"https:\/\/alimak.com\/es\/wp-json\/wp\/v2\/pages\/14020\/revisions"}],"predecessor-version":[{"id":14021,"href":"https:\/\/alimak.com\/es\/wp-json\/wp\/v2\/pages\/14020\/revisions\/14021"}],"wp:attachment":[{"href":"https:\/\/alimak.com\/es\/wp-json\/wp\/v2\/media?parent=14020"}],"curies":[{"name":"wp","href":"https:\/\/api.w.org\/{rel}","templated":true}]}}