{"id":14022,"date":"2025-08-26T10:41:16","date_gmt":"2025-08-26T10:41:16","guid":{"rendered":"https:\/\/alimak.com\/piezas-y-servicios-permanente\/"},"modified":"2026-03-30T10:03:36","modified_gmt":"2026-03-30T10:03:36","slug":"piezas-y-servicios-permanente","status":"publish","type":"page","link":"https:\/\/alimak.com\/es\/soluciones-permanentes\/piezas-y-servicios-permanente\/","title":{"rendered":"Piezas y servicios (permanente)"},"content":{"rendered":"\n<section class=\"small-hero border-b bg-black border-darkGrey text-white pt-0 pb-0\">\n            <div class=\"relative\">\n            <div class=\"hero-overlay relative\">\n                                    <picture class=\"w-full\"><source media=\"(max-width:639px)\" srcset=\"https:\/\/images.ohmyhosting.se\/-dymTiGn9kPe35aQW36ZshRO_08=\/390x461\/smart\/filters:quality(85)\/https%3A%2F%2Falimak.com%2Fwp-content%2Fuploads%2F2026%2F02%2Fparts-and-services-permanent3.jpg 1x, https:\/\/images.ohmyhosting.se\/rDIIigkBUl7aE2Rwpr4vlKMjij8=\/780x922\/smart\/filters:quality(85)\/https%3A%2F%2Falimak.com%2Fwp-content%2Fuploads%2F2026%2F02%2Fparts-and-services-permanent3.jpg 2x\"><source media=\"(max-width:1022px)\" srcset=\"https:\/\/images.ohmyhosting.se\/WU3IZpjuyOQlgEgvBZ0bgJBxEHM=\/805x951\/smart\/filters:quality(85)\/https%3A%2F%2Falimak.com%2Fwp-content%2Fuploads%2F2026%2F02%2Fparts-and-services-permanent3.jpg 1x, https:\/\/images.ohmyhosting.se\/2vwe1uZW5dm7vUZ-mYUTk6VtjUg=\/1610x1902\/smart\/filters:quality(85)\/https%3A%2F%2Falimak.com%2Fwp-content%2Fuploads%2F2026%2F02%2Fparts-and-services-permanent3.jpg 2x\"><img decoding=\"async\" src=\"https:\/\/images.ohmyhosting.se\/XfLTKNtOohPSV1RhzjQ38YHQ2SA=\/2545x814\/smart\/filters:quality(85)\/https%3A%2F%2Falimak.com%2Fwp-content%2Fuploads%2F2026%2F02%2Fparts-and-services-permanent3.jpg\" srcset=\"https:\/\/images.ohmyhosting.se\/XfLTKNtOohPSV1RhzjQ38YHQ2SA=\/2545x814\/smart\/filters:quality(85)\/https%3A%2F%2Falimak.com%2Fwp-content%2Fuploads%2F2026%2F02%2Fparts-and-services-permanent3.jpg 1x, https:\/\/images.ohmyhosting.se\/VxRh4bGVwc9S9IB6b7Zr51ooXrY=\/5090x1628\/smart\/filters:quality(85)\/https%3A%2F%2Falimak.com%2Fwp-content%2Fuploads%2F2026%2F02%2Fparts-and-services-permanent3.jpg 2x\" alt=\"\" class=\"w-full object-cover w-full max-h-[90vh]\" width=\"2545\" height=\"814\" \/><\/picture>                            <\/div>\n            <div class=\"absolute inset-0 z-10 flex flex-col justify-end\">\n                <div class=\"holder\">\n                    <div class=\"grid grid-cols-12 gap-4 pb-16\">\n                        <div class=\"col-span-12 lg:col-span-7\">\n                                                    <p class=\"md:text-20 font-medium leading-[1.25] mb-1\">Soluciones permanentes<\/p>\n                                                    <h1 class=\"text-28 md:text-52 leading-[1.3] lg:max-w-[625px]\"><p>Piezas y servicios<\/p>\n<\/h1>\n                            <div class=\"wysiwyg pt-5 leading-[1.6] hidden lg:block lg:max-w-[512px]\"><p>Alimak ofrece servicios de asistencia t\u00e9cnica y de producto l\u00edderes en el sector a los propietarios y operadores de equipos de acceso vertical permanente Alimak. Con una red de servicio global que se extiende por m\u00e1s de 100 pa\u00edses, Alimak ofrece una gama completa de soluciones de servicio y asistencia que incluyen: paquetes de servicio, mantenimiento preventivo y reparaciones, inspecciones, reacondicionamientos, piezas de repuesto originales, formaci\u00f3n y gesti\u00f3n de activos adaptada para gestionar el ciclo de vida total de los equipos Alimak. <\/p>\n<\/div>\n                        <\/div>\n                    <\/div>\n                <\/div>\n            <\/div>\n        <\/div>\n                    <div class=\"lg:hidden py-12 border-b border-darkGrey\">\n                <div class=\"holder\">\n                    <div class=\"wysiwyg leading-[1.6]\"><p>Alimak ofrece servicios de asistencia t\u00e9cnica y de producto l\u00edderes en el sector a los propietarios y operadores de equipos de acceso vertical permanente Alimak. Con una red de servicio global que se extiende por m\u00e1s de 100 pa\u00edses, Alimak ofrece una gama completa de soluciones de servicio y asistencia que incluyen: paquetes de servicio, mantenimiento preventivo y reparaciones, inspecciones, reacondicionamientos, piezas de repuesto originales, formaci\u00f3n y gesti\u00f3n de activos adaptada para gestionar el ciclo de vida total de los equipos Alimak. <\/p>\n<\/div>\n                <\/div>\n            <\/div>\n        \n    <\/section>\n<section class=\"services-links bg-white text-black  border-b  border-lightGrey pt-6 lg:pt-12 pb-12 lg:pb-24\">\n    <div class=\"holder\">\n        <h2 class=\"text-24 md:text-36 font-medium leading-[1.3] mb-12\">Soluci\u00f3n de servicio completa<\/h2>\n        \n            <div class=\"grid grid-cols-12 gap-4\">\n                                    <a class=\"col-span-12 md:col-span-4 flex flex-col p-6 group rounded-[12px] bg-quoteGrey text-black\" href=\"https:\/\/alimak.com\/es\/soluciones-permanentes\/piezas-y-servicios-permanente\/piezas-permanente\/\" target=\"\">\n                        <h3 class=\"md:text-20 font-medium leading-[1.25]\">Piezas de repuesto originales<\/h3>\n                        <div class=\"wysiwyg leading-[1.6] mt-4 mb-4\">\n                            <p>Las piezas originales de Alimak se suministran e intercambian para mejorar el rendimiento y prolongar la vida operativa<\/p>\n                        <\/div>\n                        <div class=\"mt-auto\">\n                            <span class=\"border transition-all group-hover:bg-orange w-[48px] h-[32px] md:w-[52px] md:h-[36px] flex items-center flex-col justify-center group-hover:border-orange border-black rounded-[4px]\">\n                                                                    <svg width=\"24\" height=\"11\" viewBox=\"0 0 24 11\" fill=\"none\" xmlns=\"http:\/\/www.w3.org\/2000\/svg\">\n                                    <path class=\"stroke-black\" d=\"M0 5.50098H22\" stroke=\"white\" stroke-width=\"1.5\"\/>\n                                    <path class=\"stroke-black\" d=\"M17.5 1.00098L22 5.50098L17.5 10.001\" stroke=\"white\" stroke-width=\"1.5\"\/>\n                                    <\/svg>\n                                                            <\/span>\n                        <\/div>\n                    <\/a>\n\n                                    <a class=\"col-span-12 md:col-span-4 flex flex-col p-6 group rounded-[12px] bg-quoteGrey text-black\" href=\"https:\/\/alimak.com\/es\/soluciones-permanentes\/piezas-y-servicios-permanente\/formacion-permanente\/\" target=\"\">\n                        <h3 class=\"md:text-20 font-medium leading-[1.25]\">Formaci\u00f3n<\/h3>\n                        <div class=\"wysiwyg leading-[1.6] mt-4 mb-4\">\n                            <p>Formaci\u00f3n especializada de Alimak para dar soporte a la operaci\u00f3n segura, el mantenimiento y la instalaci\u00f3n de los equipos Alimak<\/p>\n                        <\/div>\n                        <div class=\"mt-auto\">\n                            <span class=\"border transition-all group-hover:bg-orange w-[48px] h-[32px] md:w-[52px] md:h-[36px] flex items-center flex-col justify-center group-hover:border-orange border-black rounded-[4px]\">\n                                                                    <svg width=\"24\" height=\"11\" viewBox=\"0 0 24 11\" fill=\"none\" xmlns=\"http:\/\/www.w3.org\/2000\/svg\">\n                                    <path class=\"stroke-black\" d=\"M0 5.50098H22\" stroke=\"white\" stroke-width=\"1.5\"\/>\n                                    <path class=\"stroke-black\" d=\"M17.5 1.00098L22 5.50098L17.5 10.001\" stroke=\"white\" stroke-width=\"1.5\"\/>\n                                    <\/svg>\n                                                            <\/span>\n                        <\/div>\n                    <\/a>\n\n                                    <a class=\"col-span-12 md:col-span-4 flex flex-col p-6 group rounded-[12px] bg-quoteGrey text-black\" href=\"https:\/\/alimak.com\/es\/soluciones-permanentes\/piezas-y-servicios-permanente\/ingenieria-de-aplicaciones-permanente\/\" target=\"\">\n                        <h3 class=\"md:text-20 font-medium leading-[1.25]\">Ingenier\u00eda de aplicaciones<\/h3>\n                        <div class=\"wysiwyg leading-[1.6] mt-4 mb-4\">\n                            <p>Para clientes que se enfrentan a aplicaciones exigentes o retos de instalaci\u00f3n \u00fanicos, con el respaldo de la amplia experiencia de Alimak en soluciones de ascensores de ingenier\u00eda.<\/p>\n                        <\/div>\n                        <div class=\"mt-auto\">\n                            <span class=\"border transition-all group-hover:bg-orange w-[48px] h-[32px] md:w-[52px] md:h-[36px] flex items-center flex-col justify-center group-hover:border-orange border-black rounded-[4px]\">\n                                                                    <svg width=\"24\" height=\"11\" viewBox=\"0 0 24 11\" fill=\"none\" xmlns=\"http:\/\/www.w3.org\/2000\/svg\">\n                                    <path class=\"stroke-black\" d=\"M0 5.50098H22\" stroke=\"white\" stroke-width=\"1.5\"\/>\n                                    <path class=\"stroke-black\" d=\"M17.5 1.00098L22 5.50098L17.5 10.001\" stroke=\"white\" stroke-width=\"1.5\"\/>\n                                    <\/svg>\n                                                            <\/span>\n                        <\/div>\n                    <\/a>\n\n                                    <a class=\"col-span-12 md:col-span-4 flex flex-col p-6 group rounded-[12px] bg-quoteGrey text-black\" href=\"https:\/\/alimak.com\/es\/soluciones-permanentes\/piezas-y-servicios-permanente\/soluciones-de-servicio-permanentes\/\" target=\"\">\n                        <h3 class=\"md:text-20 font-medium leading-[1.25]\">Soluciones de servicio<\/h3>\n                        <div class=\"wysiwyg leading-[1.6] mt-4 mb-4\">\n                            <p>Gama completa de contratos de servicio, programas de mantenimiento y soluciones de reparaci\u00f3n para garantizar el m\u00e1ximo tiempo de actividad.<\/p>\n                        <\/div>\n                        <div class=\"mt-auto\">\n                            <span class=\"border transition-all group-hover:bg-orange w-[48px] h-[32px] md:w-[52px] md:h-[36px] flex items-center flex-col justify-center group-hover:border-orange border-black rounded-[4px]\">\n                                                                    <svg width=\"24\" height=\"11\" viewBox=\"0 0 24 11\" fill=\"none\" xmlns=\"http:\/\/www.w3.org\/2000\/svg\">\n                                    <path class=\"stroke-black\" d=\"M0 5.50098H22\" stroke=\"white\" stroke-width=\"1.5\"\/>\n                                    <path class=\"stroke-black\" d=\"M17.5 1.00098L22 5.50098L17.5 10.001\" stroke=\"white\" stroke-width=\"1.5\"\/>\n                                    <\/svg>\n                                                            <\/span>\n                        <\/div>\n                    <\/a>\n\n                                    <a class=\"col-span-12 md:col-span-4 flex flex-col p-6 group rounded-[12px] bg-quoteGrey text-black\" href=\"https:\/\/alimak.com\/es\/soluciones-permanentes\/piezas-y-servicios-permanente\/modernizacion-y-reacondicionamiento-permanente\/\" target=\"\">\n                        <h3 class=\"md:text-20 font-medium leading-[1.25]\">Modernizaci\u00f3n y reacondicionamiento<\/h3>\n                        <div class=\"wysiwyg leading-[1.6] mt-4 mb-4\">\n                            <p>Las soluciones de modernizaci\u00f3n y reacondicionamiento de Alimak revitalizan los equipos antiguos, mejorando la seguridad, prolongando el ciclo de vida y reduciendo los costes.<\/p>\n                        <\/div>\n                        <div class=\"mt-auto\">\n                            <span class=\"border transition-all group-hover:bg-orange w-[48px] h-[32px] md:w-[52px] md:h-[36px] flex items-center flex-col justify-center group-hover:border-orange border-black rounded-[4px]\">\n                                                                    <svg width=\"24\" height=\"11\" viewBox=\"0 0 24 11\" fill=\"none\" xmlns=\"http:\/\/www.w3.org\/2000\/svg\">\n                                    <path class=\"stroke-black\" d=\"M0 5.50098H22\" stroke=\"white\" stroke-width=\"1.5\"\/>\n                                    <path class=\"stroke-black\" d=\"M17.5 1.00098L22 5.50098L17.5 10.001\" stroke=\"white\" stroke-width=\"1.5\"\/>\n                                    <\/svg>\n                                                            <\/span>\n                        <\/div>\n                    <\/a>\n\n                            <\/div>\n            <\/div>\n<\/section>\n<section class=\"text-img bg-white text-black border-lightGrey  border-b   pt-12 lg:pt-24 pb-12 lg:pb-24\">\n    <div class=\"holder\">\n      <div class=\"grid grid-cols-12 gap-4 items-center\">\n        <div class=\"col-span-12 lg:col-span-6 2.5xl:col-span-8 \">\n                            <div class=\"text-img-overlay relative mb-8 md:mb-0 max-w-[852px] \">\n                    <picture class=\"w-full\"><source media=\"(max-width:639px)\" srcset=\"https:\/\/images.ohmyhosting.se\/8ywCbY4xYPED6CTmtJWdC25pQig=\/382x237\/smart\/filters:quality(85)\/https%3A%2F%2Falimak.com%2Fwp-content%2Fuploads%2F2026%2F01%2Fstart-desktop-mobile2_EN-2.png 1x, https:\/\/images.ohmyhosting.se\/tN0U9QJjNdskiTught930A6Mpwc=\/764x474\/smart\/filters:quality(85)\/https%3A%2F%2Falimak.com%2Fwp-content%2Fuploads%2F2026%2F01%2Fstart-desktop-mobile2_EN-2.png 2x\"><source media=\"(max-width:1022px)\" srcset=\"https:\/\/images.ohmyhosting.se\/lCYa1mCEx_iUrTBb-CSjfwnemaM=\/773x480\/smart\/filters:quality(85)\/https%3A%2F%2Falimak.com%2Fwp-content%2Fuploads%2F2026%2F01%2Fstart-desktop-mobile2_EN-2.png 1x, https:\/\/images.ohmyhosting.se\/6OVR8wniwR5o2i-HHue6wkVh7Yw=\/1546x960\/smart\/filters:quality(85)\/https%3A%2F%2Falimak.com%2Fwp-content%2Fuploads%2F2026%2F01%2Fstart-desktop-mobile2_EN-2.png 2x\"><img decoding=\"async\" src=\"https:\/\/images.ohmyhosting.se\/bV3Gideh7G8pVQ-2tS8U0S5xHqE=\/852x530\/smart\/filters:quality(85)\/https%3A%2F%2Falimak.com%2Fwp-content%2Fuploads%2F2026%2F01%2Fstart-desktop-mobile2_EN-2.png\" srcset=\"https:\/\/images.ohmyhosting.se\/bV3Gideh7G8pVQ-2tS8U0S5xHqE=\/852x530\/smart\/filters:quality(85)\/https%3A%2F%2Falimak.com%2Fwp-content%2Fuploads%2F2026%2F01%2Fstart-desktop-mobile2_EN-2.png 1x, https:\/\/images.ohmyhosting.se\/pP68v6a4m8tZm69mo7kPvco9biY=\/1704x1060\/smart\/filters:quality(85)\/https%3A%2F%2Falimak.com%2Fwp-content%2Fuploads%2F2026%2F01%2Fstart-desktop-mobile2_EN-2.png 2x\" alt=\"\" class=\"w-full w-full rounded-[12px] object-cover\" width=\"852\" height=\"530\" \/><\/picture>                                        <\/div>\n            \n        <\/div>\n        <div class=\"col-span-12 lg:col-span-6 2.5xl:col-span-4 flex flex-col justify-center \">\n            <div class=\"\">\n                                    <h2 class=\"text-24 md:text-36 leading-[1.3] font-medium mb-4\">Nuestros equipos de servicio cuentan con la tecnolog\u00eda de Service Protocol<\/h2>\n                                                    <div class=\"wysiwyg leading-[1.6] text-numbersGrey\"><p>La gesti\u00f3n de servicios de Alimak se apoya en Service Protocol, una herramienta basada en la web que agiliza la gesti\u00f3n del servicio de campo. Utilizada por t\u00e9cnicos de servicio, equipos administrativos y gerentes, nos permite subir de nivel nuestra asistencia t\u00e9cnica y aumentar la sostenibilidad operativa al agilizar los procesos, mejorar nuestra atenci\u00f3n al cliente y eliminar el papeleo. <\/p>\n<\/div>\n                                            <\/div>\n        <\/div>\n      <\/div>\n    <\/div>\n<\/section>\n\n<section class=\"cta-banner bg-black text-white  pt-0 pb-6 lg:pb-12\">\n    <div class=\"relative\">\n                    <div class=\"cta-banner-overlay relative\">\n                <picture class=\"w-full\"><source media=\"(max-width:639px)\" srcset=\"https:\/\/images.ohmyhosting.se\/WktqUiNRg1ZhevXtlEJW64a-tD4=\/399x377\/smart\/filters:quality(85)\/https%3A%2F%2Falimak.com%2Fwp-content%2Fuploads%2F2025%2F09%2Fd0a64875c3850e6181fa105f72a620985d5364a6.jpg 1x, https:\/\/images.ohmyhosting.se\/uHFfZRUPh8JOF6Zz_y6rSTfDpak=\/798x754\/smart\/filters:quality(85)\/https%3A%2F%2Falimak.com%2Fwp-content%2Fuploads%2F2025%2F09%2Fd0a64875c3850e6181fa105f72a620985d5364a6.jpg 2x\"><source media=\"(max-width:1022px)\" srcset=\"https:\/\/images.ohmyhosting.se\/_7lhKdPe2AiFfxT-8EBHRxRmEX8=\/805x760\/smart\/filters:quality(85)\/https%3A%2F%2Falimak.com%2Fwp-content%2Fuploads%2F2025%2F09%2Fd0a64875c3850e6181fa105f72a620985d5364a6.jpg 1x, https:\/\/images.ohmyhosting.se\/k3XpmDwMeHPL_Yzc_ybXgBj6up8=\/1610x1520\/smart\/filters:quality(85)\/https%3A%2F%2Falimak.com%2Fwp-content%2Fuploads%2F2025%2F09%2Fd0a64875c3850e6181fa105f72a620985d5364a6.jpg 2x\"><img decoding=\"async\" src=\"https:\/\/images.ohmyhosting.se\/lIW3Hg0Fn-6CZ8-JoXTC4w5tQhA=\/2545x1053\/smart\/filters:quality(85)\/https%3A%2F%2Falimak.com%2Fwp-content%2Fuploads%2F2025%2F09%2Fd0a64875c3850e6181fa105f72a620985d5364a6.jpg\" srcset=\"https:\/\/images.ohmyhosting.se\/lIW3Hg0Fn-6CZ8-JoXTC4w5tQhA=\/2545x1053\/smart\/filters:quality(85)\/https%3A%2F%2Falimak.com%2Fwp-content%2Fuploads%2F2025%2F09%2Fd0a64875c3850e6181fa105f72a620985d5364a6.jpg 1x, https:\/\/images.ohmyhosting.se\/kBPWqXpAi4O3Ic8XAeAxPcvYsts=\/5090x2106\/smart\/filters:quality(85)\/https%3A%2F%2Falimak.com%2Fwp-content%2Fuploads%2F2025%2F09%2Fd0a64875c3850e6181fa105f72a620985d5364a6.jpg 2x\" alt=\"\" class=\"w-full w-full h-full object-cover\" width=\"2545\" height=\"1053\" \/><\/picture>            <\/div>\n                <div class=\"absolute inset-0 z-[2]\">\n            <div class=\"holder\">\n                <div class=\"grid grid-cols-12 gap-4\">\n                    <div class=\"col-span-12 lg:col-span-6 lg:col-start-7 pt-16\">\n                        <h3 class=\"text-28 md:text-44 lg:max-w-[500px] leading-tight\">P\u00f3ngase en contacto para m\u00e1s informaci\u00f3n o un presupuesto<\/h3>\n                                                    <div class=\"mt-8\">\n                                <a class=\"btn\" href=\"https:\/\/alimak.com\/es\/contactar\/\" target=\"\">\n                                    <span>Cont\u00e1ctenos<\/span>\n                                    <span>\n                                        <svg width=\"24\" height=\"11\" viewBox=\"0 0 24 11\" fill=\"none\" xmlns=\"http:\/\/www.w3.org\/2000\/svg\">\n                                        <path d=\"M0 5.5H22\" stroke=\"black\" stroke-width=\"1.5\"\/>\n                                        <path d=\"M17.5 1L22 5.5L17.5 10\" stroke=\"black\" stroke-width=\"1.5\"\/>\n                                        <\/svg>\n                                    <\/span>\n                                <\/a>\n                            <\/div>\n                                            <\/div>\n                <\/div>\n            <\/div>\n        <\/div>\n    <\/div>\n<\/section>\n","protected":false},"excerpt":{"rendered":"<p>Alimak ofrece servicios de asistencia t\u00e9cnica y de producto l\u00edderes en el sector a los propietarios y operadores de equipos&#8230;<\/p>\n","protected":false},"author":1,"featured_media":0,"parent":14785,"menu_order":0,"comment_status":"closed","ping_status":"closed","template":"","meta":{"_acf_changed":false,"footnotes":""},"class_list":["post-14022","page","type-page","status-publish","hentry"],"acf":[],"yoast_head":"<!-- This site is optimized with the Yoast SEO plugin v27.3 - https:\/\/yoast.com\/product\/yoast-seo-wordpress\/ -->\n<title>Piezas y servicios (permanente) - Alimak<\/title>\n<meta name=\"robots\" content=\"index, follow, max-snippet:-1, max-image-preview:large, max-video-preview:-1\" \/>\n<link rel=\"canonical\" href=\"https:\/\/alimak.com\/es\/soluciones-permanentes\/piezas-y-servicios-permanente\/\" \/>\n<meta property=\"og:locale\" content=\"es_ES\" \/>\n<meta property=\"og:type\" content=\"article\" \/>\n<meta property=\"og:title\" content=\"Piezas y servicios (permanente) - Alimak\" \/>\n<meta property=\"og:description\" content=\"Alimak ofrece servicios de asistencia t\u00e9cnica y de producto l\u00edderes en el sector a los propietarios y operadores de equipos...\" \/>\n<meta property=\"og:url\" content=\"https:\/\/alimak.com\/es\/soluciones-permanentes\/piezas-y-servicios-permanente\/\" \/>\n<meta property=\"og:site_name\" content=\"Alimak\" \/>\n<meta property=\"article:modified_time\" content=\"2026-03-30T10:03:36+00:00\" \/>\n<meta name=\"twitter:card\" content=\"summary_large_image\" \/>\n<script type=\"application\/ld+json\" class=\"yoast-schema-graph\">{\"@context\":\"https:\\\/\\\/schema.org\",\"@graph\":[{\"@type\":\"WebPage\",\"@id\":\"https:\\\/\\\/alimak.com\\\/es\\\/soluciones-permanentes\\\/piezas-y-servicios-permanente\\\/\",\"url\":\"https:\\\/\\\/alimak.com\\\/es\\\/soluciones-permanentes\\\/piezas-y-servicios-permanente\\\/\",\"name\":\"Piezas y servicios (permanente) - Alimak\",\"isPartOf\":{\"@id\":\"https:\\\/\\\/alimak.com\\\/#website\"},\"datePublished\":\"2025-08-26T10:41:16+00:00\",\"dateModified\":\"2026-03-30T10:03:36+00:00\",\"breadcrumb\":{\"@id\":\"https:\\\/\\\/alimak.com\\\/es\\\/soluciones-permanentes\\\/piezas-y-servicios-permanente\\\/#breadcrumb\"},\"inLanguage\":\"es-ES\",\"potentialAction\":[{\"@type\":\"ReadAction\",\"target\":[\"https:\\\/\\\/alimak.com\\\/es\\\/soluciones-permanentes\\\/piezas-y-servicios-permanente\\\/\"]}]},{\"@type\":\"BreadcrumbList\",\"@id\":\"https:\\\/\\\/alimak.com\\\/es\\\/soluciones-permanentes\\\/piezas-y-servicios-permanente\\\/#breadcrumb\",\"itemListElement\":[{\"@type\":\"ListItem\",\"position\":1,\"name\":\"Home\",\"item\":\"https:\\\/\\\/alimak.com\\\/es\\\/\"},{\"@type\":\"ListItem\",\"position\":2,\"name\":\"Soluciones permanentes\",\"item\":\"https:\\\/\\\/alimak.com\\\/es\\\/soluciones-permanentes\\\/\"},{\"@type\":\"ListItem\",\"position\":3,\"name\":\"Piezas y servicios (permanente)\"}]},{\"@type\":\"WebSite\",\"@id\":\"https:\\\/\\\/alimak.com\\\/#website\",\"url\":\"https:\\\/\\\/alimak.com\\\/\",\"name\":\"Alimak\",\"description\":\"\",\"potentialAction\":[{\"@type\":\"SearchAction\",\"target\":{\"@type\":\"EntryPoint\",\"urlTemplate\":\"https:\\\/\\\/alimak.com\\\/?s={search_term_string}\"},\"query-input\":{\"@type\":\"PropertyValueSpecification\",\"valueRequired\":true,\"valueName\":\"search_term_string\"}}],\"inLanguage\":\"es-ES\"}]}<\/script>\n<!-- \/ Yoast SEO plugin. -->","yoast_head_json":{"title":"Piezas y servicios (permanente) - Alimak","robots":{"index":"index","follow":"follow","max-snippet":"max-snippet:-1","max-image-preview":"max-image-preview:large","max-video-preview":"max-video-preview:-1"},"canonical":"https:\/\/alimak.com\/es\/soluciones-permanentes\/piezas-y-servicios-permanente\/","og_locale":"es_ES","og_type":"article","og_title":"Piezas y servicios (permanente) - Alimak","og_description":"Alimak ofrece servicios de asistencia t\u00e9cnica y de producto l\u00edderes en el sector a los propietarios y operadores de equipos...","og_url":"https:\/\/alimak.com\/es\/soluciones-permanentes\/piezas-y-servicios-permanente\/","og_site_name":"Alimak","article_modified_time":"2026-03-30T10:03:36+00:00","twitter_card":"summary_large_image","schema":{"@context":"https:\/\/schema.org","@graph":[{"@type":"WebPage","@id":"https:\/\/alimak.com\/es\/soluciones-permanentes\/piezas-y-servicios-permanente\/","url":"https:\/\/alimak.com\/es\/soluciones-permanentes\/piezas-y-servicios-permanente\/","name":"Piezas y servicios (permanente) - Alimak","isPartOf":{"@id":"https:\/\/alimak.com\/#website"},"datePublished":"2025-08-26T10:41:16+00:00","dateModified":"2026-03-30T10:03:36+00:00","breadcrumb":{"@id":"https:\/\/alimak.com\/es\/soluciones-permanentes\/piezas-y-servicios-permanente\/#breadcrumb"},"inLanguage":"es-ES","potentialAction":[{"@type":"ReadAction","target":["https:\/\/alimak.com\/es\/soluciones-permanentes\/piezas-y-servicios-permanente\/"]}]},{"@type":"BreadcrumbList","@id":"https:\/\/alimak.com\/es\/soluciones-permanentes\/piezas-y-servicios-permanente\/#breadcrumb","itemListElement":[{"@type":"ListItem","position":1,"name":"Home","item":"https:\/\/alimak.com\/es\/"},{"@type":"ListItem","position":2,"name":"Soluciones permanentes","item":"https:\/\/alimak.com\/es\/soluciones-permanentes\/"},{"@type":"ListItem","position":3,"name":"Piezas y servicios (permanente)"}]},{"@type":"WebSite","@id":"https:\/\/alimak.com\/#website","url":"https:\/\/alimak.com\/","name":"Alimak","description":"","potentialAction":[{"@type":"SearchAction","target":{"@type":"EntryPoint","urlTemplate":"https:\/\/alimak.com\/?s={search_term_string}"},"query-input":{"@type":"PropertyValueSpecification","valueRequired":true,"valueName":"search_term_string"}}],"inLanguage":"es-ES"}]}},"_links":{"self":[{"href":"https:\/\/alimak.com\/es\/wp-json\/wp\/v2\/pages\/14022","targetHints":{"allow":["GET"]}}],"collection":[{"href":"https:\/\/alimak.com\/es\/wp-json\/wp\/v2\/pages"}],"about":[{"href":"https:\/\/alimak.com\/es\/wp-json\/wp\/v2\/types\/page"}],"author":[{"embeddable":true,"href":"https:\/\/alimak.com\/es\/wp-json\/wp\/v2\/users\/1"}],"replies":[{"embeddable":true,"href":"https:\/\/alimak.com\/es\/wp-json\/wp\/v2\/comments?post=14022"}],"version-history":[{"count":3,"href":"https:\/\/alimak.com\/es\/wp-json\/wp\/v2\/pages\/14022\/revisions"}],"predecessor-version":[{"id":16299,"href":"https:\/\/alimak.com\/es\/wp-json\/wp\/v2\/pages\/14022\/revisions\/16299"}],"up":[{"embeddable":true,"href":"https:\/\/alimak.com\/es\/wp-json\/wp\/v2\/pages\/14785"}],"wp:attachment":[{"href":"https:\/\/alimak.com\/es\/wp-json\/wp\/v2\/media?parent=14022"}],"curies":[{"name":"wp","href":"https:\/\/api.w.org\/{rel}","templated":true}]}}