{"id":14041,"date":"2025-08-26T10:41:01","date_gmt":"2025-08-26T10:41:01","guid":{"rendered":"https:\/\/alimak.com\/servicios-digitales-permanentes\/"},"modified":"2026-03-18T12:51:02","modified_gmt":"2026-03-18T12:51:02","slug":"servicios-digitales-permanentes","status":"publish","type":"page","link":"https:\/\/alimak.com\/es\/soluciones-permanentes\/servicios-digitales-permanentes\/","title":{"rendered":"Servicios digitales (permanentes)"},"content":{"rendered":"\n<section class=\"small-hero border-b bg-black border-darkGrey text-white pt-0 pb-0\">\n            <div class=\"relative\">\n            <div class=\"hero-overlay relative\">\n                                    <picture class=\"w-full\"><source media=\"(max-width:639px)\" srcset=\"https:\/\/images.ohmyhosting.se\/ww9PLQTLo8O2NEdqAL8uYZwNefs=\/390x461\/smart\/filters:quality(85)\/https%3A%2F%2Falimak.com%2Fwp-content%2Fuploads%2F2026%2F01%2FDigital-services-e1769683665762.png 1x, https:\/\/images.ohmyhosting.se\/6XeKoyGD2iDnhBb38kNxBmjYXVI=\/780x922\/smart\/filters:quality(85)\/https%3A%2F%2Falimak.com%2Fwp-content%2Fuploads%2F2026%2F01%2FDigital-services-e1769683665762.png 2x\"><source media=\"(max-width:1022px)\" srcset=\"https:\/\/images.ohmyhosting.se\/kYIPRLGl4jFRtygZR6ZAVB1MNUw=\/805x951\/smart\/filters:quality(85)\/https%3A%2F%2Falimak.com%2Fwp-content%2Fuploads%2F2026%2F01%2FDigital-services-e1769683665762.png 1x, https:\/\/images.ohmyhosting.se\/hLDLVBhwljUilgbYdBMM5MwMwts=\/1610x1902\/smart\/filters:quality(85)\/https%3A%2F%2Falimak.com%2Fwp-content%2Fuploads%2F2026%2F01%2FDigital-services-e1769683665762.png 2x\"><img decoding=\"async\" src=\"https:\/\/images.ohmyhosting.se\/ouondgPkOsGQaSkGZgqcVRnq66o=\/2545x814\/smart\/filters:quality(85)\/https%3A%2F%2Falimak.com%2Fwp-content%2Fuploads%2F2026%2F01%2FDigital-services-e1769683665762.png\" srcset=\"https:\/\/images.ohmyhosting.se\/ouondgPkOsGQaSkGZgqcVRnq66o=\/2545x814\/smart\/filters:quality(85)\/https%3A%2F%2Falimak.com%2Fwp-content%2Fuploads%2F2026%2F01%2FDigital-services-e1769683665762.png 1x, https:\/\/images.ohmyhosting.se\/9Et8NdM3_SuCCeQkAZtEnd38fTk=\/5090x1628\/smart\/filters:quality(85)\/https%3A%2F%2Falimak.com%2Fwp-content%2Fuploads%2F2026%2F01%2FDigital-services-e1769683665762.png 2x\" alt=\"\" class=\"w-full object-cover w-full max-h-[90vh]\" width=\"2545\" height=\"814\" \/><\/picture>                            <\/div>\n            <div class=\"absolute inset-0 z-10 flex flex-col justify-end\">\n                <div class=\"holder\">\n                    <div class=\"grid grid-cols-12 gap-4 pb-16\">\n                        <div class=\"col-span-12 lg:col-span-7\">\n                                                    <p class=\"md:text-20 font-medium leading-[1.25] mb-1\">Soluciones permanentes<\/p>\n                                                    <h1 class=\"text-28 md:text-52 leading-[1.3] lg:max-w-[625px]\"><p>Servicios digitales<\/p>\n<\/h1>\n                            <div class=\"wysiwyg pt-5 leading-[1.6] hidden lg:block lg:max-w-[512px]\"><p>Los servicios digitales de Alimak mejoran la seguridad, la eficiencia y el control operativo a lo largo de todo el ciclo de vida de sus soluciones industriales de acceso vertical. Al facilitar una planificaci\u00f3n m\u00e1s inteligente, una supervisi\u00f3n continua y un mantenimiento proactivo, ayudan a maximizar el tiempo de actividad y a prolongar la vida \u00fatil. My Alimak proporciona visibilidad de la flota en tiempo real y una gesti\u00f3n de acceso segura. Alimak Parts Online permite realizar pedidos r\u00e1pidos de piezas de repuesto originales, mientras que la Galer\u00eda BIM de Alimak ofrece modelos 3D precisos para una integraci\u00f3n perfecta en los proyectos.   <\/p>\n<\/div>\n                        <\/div>\n                    <\/div>\n                <\/div>\n            <\/div>\n        <\/div>\n                    <div class=\"lg:hidden py-12 border-b border-darkGrey\">\n                <div class=\"holder\">\n                    <div class=\"wysiwyg leading-[1.6]\"><p>Los servicios digitales de Alimak mejoran la seguridad, la eficiencia y el control operativo a lo largo de todo el ciclo de vida de sus soluciones industriales de acceso vertical. Al facilitar una planificaci\u00f3n m\u00e1s inteligente, una supervisi\u00f3n continua y un mantenimiento proactivo, ayudan a maximizar el tiempo de actividad y a prolongar la vida \u00fatil. My Alimak proporciona visibilidad de la flota en tiempo real y una gesti\u00f3n de acceso segura. Alimak Parts Online permite realizar pedidos r\u00e1pidos de piezas de repuesto originales, mientras que la Galer\u00eda BIM de Alimak ofrece modelos 3D precisos para una integraci\u00f3n perfecta en los proyectos.   <\/p>\n<\/div>\n                <\/div>\n            <\/div>\n        \n    <\/section>\n<section class=\"services-links bg-white text-black  border-b  border-lightGrey pt-12 lg:pt-24 pb-12 lg:pb-24\">\n    <div class=\"holder\">\n        <h2 class=\"text-24 md:text-36 font-medium leading-[1.3] mb-12\">Soluci\u00f3n digital completa<\/h2>\n        \n            <div class=\"grid grid-cols-12 gap-4\">\n                                    <a class=\"col-span-12 md:col-span-4 flex flex-col p-6 group rounded-[12px] bg-quoteGrey text-black\" href=\"https:\/\/alimak.com\/my-alimak\/\" target=\"\">\n                        <h3 class=\"md:text-20 font-medium leading-[1.25]\">My Alimak<\/h3>\n                        <div class=\"wysiwyg leading-[1.6] mt-4 mb-4\">\n                            <p>Mejore sus operaciones industriales con My Alimak, la soluci\u00f3n definitiva para una gesti\u00f3n eficiente de los elevadores.<\/p>\n                        <\/div>\n                        <div class=\"mt-auto\">\n                            <span class=\"border transition-all group-hover:bg-orange w-[48px] h-[32px] md:w-[52px] md:h-[36px] flex items-center flex-col justify-center group-hover:border-orange border-black rounded-[4px]\">\n                                                                    <svg width=\"24\" height=\"11\" viewBox=\"0 0 24 11\" fill=\"none\" xmlns=\"http:\/\/www.w3.org\/2000\/svg\">\n                                    <path class=\"stroke-black\" d=\"M0 5.50098H22\" stroke=\"white\" stroke-width=\"1.5\"\/>\n                                    <path class=\"stroke-black\" d=\"M17.5 1.00098L22 5.50098L17.5 10.001\" stroke=\"white\" stroke-width=\"1.5\"\/>\n                                    <\/svg>\n                                                            <\/span>\n                        <\/div>\n                    <\/a>\n\n                                    <a class=\"col-span-12 md:col-span-4 flex flex-col p-6 group rounded-[12px] bg-quoteGrey text-black\" href=\"https:\/\/alimak.com\/es\/piezas-online\/\" target=\"\">\n                        <h3 class=\"md:text-20 font-medium leading-[1.25]\">Piezas Online<\/h3>\n                        <div class=\"wysiwyg leading-[1.6] mt-4 mb-4\">\n                            <p>La forma m\u00e1s sencilla de identificar y solicitar piezas de repuesto originales de Alimak para garantizar el rendimiento \u00f3ptimo de su elevador industrial.<\/p>\n                        <\/div>\n                        <div class=\"mt-auto\">\n                            <span class=\"border transition-all group-hover:bg-orange w-[48px] h-[32px] md:w-[52px] md:h-[36px] flex items-center flex-col justify-center group-hover:border-orange border-black rounded-[4px]\">\n                                                                    <svg width=\"24\" height=\"11\" viewBox=\"0 0 24 11\" fill=\"none\" xmlns=\"http:\/\/www.w3.org\/2000\/svg\">\n                                    <path class=\"stroke-black\" d=\"M0 5.50098H22\" stroke=\"white\" stroke-width=\"1.5\"\/>\n                                    <path class=\"stroke-black\" d=\"M17.5 1.00098L22 5.50098L17.5 10.001\" stroke=\"white\" stroke-width=\"1.5\"\/>\n                                    <\/svg>\n                                                            <\/span>\n                        <\/div>\n                    <\/a>\n\n                                    <a class=\"col-span-12 md:col-span-4 flex flex-col p-6 group rounded-[12px] bg-quoteGrey text-black\" href=\"https:\/\/alimak.com\/es\/soluciones-permanentes\/servicios-digitales-permanentes\/galeria-bim-permanente\/\" target=\"\">\n                        <h3 class=\"md:text-20 font-medium leading-[1.25]\">Galer\u00eda BIM<\/h3>\n                        <div class=\"wysiwyg leading-[1.6] mt-4 mb-4\">\n                            <p>Nuestra gama de archivos de objetos BIM facilita la comparaci\u00f3n y selecci\u00f3n del elevador industrial m\u00e1s adecuado, desde el inicio del proyecto hasta el final de su ciclo de vida.<\/p>\n                        <\/div>\n                        <div class=\"mt-auto\">\n                            <span class=\"border transition-all group-hover:bg-orange w-[48px] h-[32px] md:w-[52px] md:h-[36px] flex items-center flex-col justify-center group-hover:border-orange border-black rounded-[4px]\">\n                                                                    <svg width=\"24\" height=\"11\" viewBox=\"0 0 24 11\" fill=\"none\" xmlns=\"http:\/\/www.w3.org\/2000\/svg\">\n                                    <path class=\"stroke-black\" d=\"M0 5.50098H22\" stroke=\"white\" stroke-width=\"1.5\"\/>\n                                    <path class=\"stroke-black\" d=\"M17.5 1.00098L22 5.50098L17.5 10.001\" stroke=\"white\" stroke-width=\"1.5\"\/>\n                                    <\/svg>\n                                                            <\/span>\n                        <\/div>\n                    <\/a>\n\n                            <\/div>\n            <\/div>\n<\/section>\n<section class=\"cta-banner bg-black text-white  pt-0 pb-6 lg:pb-12\">\n    <div class=\"relative\">\n                    <div class=\"cta-banner-overlay relative\">\n                <picture class=\"w-full\"><source media=\"(max-width:639px)\" srcset=\"https:\/\/images.ohmyhosting.se\/WktqUiNRg1ZhevXtlEJW64a-tD4=\/399x377\/smart\/filters:quality(85)\/https%3A%2F%2Falimak.com%2Fwp-content%2Fuploads%2F2025%2F09%2Fd0a64875c3850e6181fa105f72a620985d5364a6.jpg 1x, https:\/\/images.ohmyhosting.se\/uHFfZRUPh8JOF6Zz_y6rSTfDpak=\/798x754\/smart\/filters:quality(85)\/https%3A%2F%2Falimak.com%2Fwp-content%2Fuploads%2F2025%2F09%2Fd0a64875c3850e6181fa105f72a620985d5364a6.jpg 2x\"><source media=\"(max-width:1022px)\" srcset=\"https:\/\/images.ohmyhosting.se\/_7lhKdPe2AiFfxT-8EBHRxRmEX8=\/805x760\/smart\/filters:quality(85)\/https%3A%2F%2Falimak.com%2Fwp-content%2Fuploads%2F2025%2F09%2Fd0a64875c3850e6181fa105f72a620985d5364a6.jpg 1x, https:\/\/images.ohmyhosting.se\/k3XpmDwMeHPL_Yzc_ybXgBj6up8=\/1610x1520\/smart\/filters:quality(85)\/https%3A%2F%2Falimak.com%2Fwp-content%2Fuploads%2F2025%2F09%2Fd0a64875c3850e6181fa105f72a620985d5364a6.jpg 2x\"><img decoding=\"async\" src=\"https:\/\/images.ohmyhosting.se\/lIW3Hg0Fn-6CZ8-JoXTC4w5tQhA=\/2545x1053\/smart\/filters:quality(85)\/https%3A%2F%2Falimak.com%2Fwp-content%2Fuploads%2F2025%2F09%2Fd0a64875c3850e6181fa105f72a620985d5364a6.jpg\" srcset=\"https:\/\/images.ohmyhosting.se\/lIW3Hg0Fn-6CZ8-JoXTC4w5tQhA=\/2545x1053\/smart\/filters:quality(85)\/https%3A%2F%2Falimak.com%2Fwp-content%2Fuploads%2F2025%2F09%2Fd0a64875c3850e6181fa105f72a620985d5364a6.jpg 1x, https:\/\/images.ohmyhosting.se\/kBPWqXpAi4O3Ic8XAeAxPcvYsts=\/5090x2106\/smart\/filters:quality(85)\/https%3A%2F%2Falimak.com%2Fwp-content%2Fuploads%2F2025%2F09%2Fd0a64875c3850e6181fa105f72a620985d5364a6.jpg 2x\" alt=\"\" class=\"w-full w-full h-full object-cover\" width=\"2545\" height=\"1053\" \/><\/picture>            <\/div>\n                <div class=\"absolute inset-0 z-[2]\">\n            <div class=\"holder\">\n                <div class=\"grid grid-cols-12 gap-4\">\n                    <div class=\"col-span-12 lg:col-span-6 lg:col-start-7 pt-16\">\n                        <h3 class=\"text-28 md:text-44 lg:max-w-[500px] leading-tight\">P\u00f3ngase en contacto para m\u00e1s informaci\u00f3n o un presupuesto<\/h3>\n                                                    <div class=\"mt-8\">\n                                <a class=\"btn\" href=\"https:\/\/alimak.com\/es\/contactar\/\" target=\"\">\n                                    <span>Cont\u00e1ctenos<\/span>\n                                    <span>\n                                        <svg width=\"24\" height=\"11\" viewBox=\"0 0 24 11\" fill=\"none\" xmlns=\"http:\/\/www.w3.org\/2000\/svg\">\n                                        <path d=\"M0 5.5H22\" stroke=\"black\" stroke-width=\"1.5\"\/>\n                                        <path d=\"M17.5 1L22 5.5L17.5 10\" stroke=\"black\" stroke-width=\"1.5\"\/>\n                                        <\/svg>\n                                    <\/span>\n                                <\/a>\n                            <\/div>\n                                            <\/div>\n                <\/div>\n            <\/div>\n        <\/div>\n    <\/div>\n<\/section>\n","protected":false},"excerpt":{"rendered":"<p>Los servicios digitales de Alimak mejoran la seguridad, la eficiencia y el control operativo a lo largo de todo el&#8230;<\/p>\n","protected":false},"author":1,"featured_media":0,"parent":14785,"menu_order":0,"comment_status":"closed","ping_status":"closed","template":"","meta":{"_acf_changed":false,"footnotes":""},"class_list":["post-14041","page","type-page","status-publish","hentry"],"acf":[],"yoast_head":"<!-- This site is optimized with the Yoast SEO plugin v27.3 - https:\/\/yoast.com\/product\/yoast-seo-wordpress\/ -->\n<title>Servicios digitales (permanentes) - Alimak<\/title>\n<meta name=\"robots\" content=\"index, follow, max-snippet:-1, max-image-preview:large, max-video-preview:-1\" \/>\n<link rel=\"canonical\" href=\"https:\/\/alimak.com\/es\/soluciones-permanentes\/servicios-digitales-permanentes\/\" \/>\n<meta property=\"og:locale\" content=\"es_ES\" \/>\n<meta property=\"og:type\" content=\"article\" \/>\n<meta property=\"og:title\" content=\"Servicios digitales (permanentes) - Alimak\" \/>\n<meta property=\"og:description\" content=\"Los servicios digitales de Alimak mejoran la seguridad, la eficiencia y el control operativo a lo largo de todo el...\" \/>\n<meta property=\"og:url\" content=\"https:\/\/alimak.com\/es\/soluciones-permanentes\/servicios-digitales-permanentes\/\" \/>\n<meta property=\"og:site_name\" content=\"Alimak\" \/>\n<meta property=\"article:modified_time\" content=\"2026-03-18T12:51:02+00:00\" \/>\n<meta name=\"twitter:card\" content=\"summary_large_image\" \/>\n<script type=\"application\/ld+json\" class=\"yoast-schema-graph\">{\"@context\":\"https:\\\/\\\/schema.org\",\"@graph\":[{\"@type\":\"WebPage\",\"@id\":\"https:\\\/\\\/alimak.com\\\/es\\\/soluciones-permanentes\\\/servicios-digitales-permanentes\\\/\",\"url\":\"https:\\\/\\\/alimak.com\\\/es\\\/soluciones-permanentes\\\/servicios-digitales-permanentes\\\/\",\"name\":\"Servicios digitales (permanentes) - Alimak\",\"isPartOf\":{\"@id\":\"https:\\\/\\\/alimak.com\\\/#website\"},\"datePublished\":\"2025-08-26T10:41:01+00:00\",\"dateModified\":\"2026-03-18T12:51:02+00:00\",\"breadcrumb\":{\"@id\":\"https:\\\/\\\/alimak.com\\\/es\\\/soluciones-permanentes\\\/servicios-digitales-permanentes\\\/#breadcrumb\"},\"inLanguage\":\"es-ES\",\"potentialAction\":[{\"@type\":\"ReadAction\",\"target\":[\"https:\\\/\\\/alimak.com\\\/es\\\/soluciones-permanentes\\\/servicios-digitales-permanentes\\\/\"]}]},{\"@type\":\"BreadcrumbList\",\"@id\":\"https:\\\/\\\/alimak.com\\\/es\\\/soluciones-permanentes\\\/servicios-digitales-permanentes\\\/#breadcrumb\",\"itemListElement\":[{\"@type\":\"ListItem\",\"position\":1,\"name\":\"Home\",\"item\":\"https:\\\/\\\/alimak.com\\\/es\\\/\"},{\"@type\":\"ListItem\",\"position\":2,\"name\":\"Soluciones permanentes\",\"item\":\"https:\\\/\\\/alimak.com\\\/es\\\/soluciones-permanentes\\\/\"},{\"@type\":\"ListItem\",\"position\":3,\"name\":\"Servicios digitales (permanentes)\"}]},{\"@type\":\"WebSite\",\"@id\":\"https:\\\/\\\/alimak.com\\\/#website\",\"url\":\"https:\\\/\\\/alimak.com\\\/\",\"name\":\"Alimak\",\"description\":\"\",\"potentialAction\":[{\"@type\":\"SearchAction\",\"target\":{\"@type\":\"EntryPoint\",\"urlTemplate\":\"https:\\\/\\\/alimak.com\\\/?s={search_term_string}\"},\"query-input\":{\"@type\":\"PropertyValueSpecification\",\"valueRequired\":true,\"valueName\":\"search_term_string\"}}],\"inLanguage\":\"es-ES\"}]}<\/script>\n<!-- \/ Yoast SEO plugin. -->","yoast_head_json":{"title":"Servicios digitales (permanentes) - Alimak","robots":{"index":"index","follow":"follow","max-snippet":"max-snippet:-1","max-image-preview":"max-image-preview:large","max-video-preview":"max-video-preview:-1"},"canonical":"https:\/\/alimak.com\/es\/soluciones-permanentes\/servicios-digitales-permanentes\/","og_locale":"es_ES","og_type":"article","og_title":"Servicios digitales (permanentes) - Alimak","og_description":"Los servicios digitales de Alimak mejoran la seguridad, la eficiencia y el control operativo a lo largo de todo el...","og_url":"https:\/\/alimak.com\/es\/soluciones-permanentes\/servicios-digitales-permanentes\/","og_site_name":"Alimak","article_modified_time":"2026-03-18T12:51:02+00:00","twitter_card":"summary_large_image","schema":{"@context":"https:\/\/schema.org","@graph":[{"@type":"WebPage","@id":"https:\/\/alimak.com\/es\/soluciones-permanentes\/servicios-digitales-permanentes\/","url":"https:\/\/alimak.com\/es\/soluciones-permanentes\/servicios-digitales-permanentes\/","name":"Servicios digitales (permanentes) - Alimak","isPartOf":{"@id":"https:\/\/alimak.com\/#website"},"datePublished":"2025-08-26T10:41:01+00:00","dateModified":"2026-03-18T12:51:02+00:00","breadcrumb":{"@id":"https:\/\/alimak.com\/es\/soluciones-permanentes\/servicios-digitales-permanentes\/#breadcrumb"},"inLanguage":"es-ES","potentialAction":[{"@type":"ReadAction","target":["https:\/\/alimak.com\/es\/soluciones-permanentes\/servicios-digitales-permanentes\/"]}]},{"@type":"BreadcrumbList","@id":"https:\/\/alimak.com\/es\/soluciones-permanentes\/servicios-digitales-permanentes\/#breadcrumb","itemListElement":[{"@type":"ListItem","position":1,"name":"Home","item":"https:\/\/alimak.com\/es\/"},{"@type":"ListItem","position":2,"name":"Soluciones permanentes","item":"https:\/\/alimak.com\/es\/soluciones-permanentes\/"},{"@type":"ListItem","position":3,"name":"Servicios digitales (permanentes)"}]},{"@type":"WebSite","@id":"https:\/\/alimak.com\/#website","url":"https:\/\/alimak.com\/","name":"Alimak","description":"","potentialAction":[{"@type":"SearchAction","target":{"@type":"EntryPoint","urlTemplate":"https:\/\/alimak.com\/?s={search_term_string}"},"query-input":{"@type":"PropertyValueSpecification","valueRequired":true,"valueName":"search_term_string"}}],"inLanguage":"es-ES"}]}},"_links":{"self":[{"href":"https:\/\/alimak.com\/es\/wp-json\/wp\/v2\/pages\/14041","targetHints":{"allow":["GET"]}}],"collection":[{"href":"https:\/\/alimak.com\/es\/wp-json\/wp\/v2\/pages"}],"about":[{"href":"https:\/\/alimak.com\/es\/wp-json\/wp\/v2\/types\/page"}],"author":[{"embeddable":true,"href":"https:\/\/alimak.com\/es\/wp-json\/wp\/v2\/users\/1"}],"replies":[{"embeddable":true,"href":"https:\/\/alimak.com\/es\/wp-json\/wp\/v2\/comments?post=14041"}],"version-history":[{"count":1,"href":"https:\/\/alimak.com\/es\/wp-json\/wp\/v2\/pages\/14041\/revisions"}],"predecessor-version":[{"id":14042,"href":"https:\/\/alimak.com\/es\/wp-json\/wp\/v2\/pages\/14041\/revisions\/14042"}],"up":[{"embeddable":true,"href":"https:\/\/alimak.com\/es\/wp-json\/wp\/v2\/pages\/14785"}],"wp:attachment":[{"href":"https:\/\/alimak.com\/es\/wp-json\/wp\/v2\/media?parent=14041"}],"curies":[{"name":"wp","href":"https:\/\/api.w.org\/{rel}","templated":true}]}}