{"id":14204,"date":"2025-09-11T11:31:06","date_gmt":"2025-09-11T11:31:06","guid":{"rendered":"https:\/\/alimak.com\/formacion-temporal\/"},"modified":"2026-03-18T12:51:22","modified_gmt":"2026-03-18T12:51:22","slug":"formacion-temporal","status":"publish","type":"page","link":"https:\/\/alimak.com\/es\/soluciones-temporales\/piezas-y-servicios-temporal\/formacion-temporal\/","title":{"rendered":"Formaci\u00f3n (temporal)"},"content":{"rendered":"\n<section class=\"small-hero border-b bg-black border-darkGrey text-white pt-0 pb-0\">\n            <div class=\"relative\">\n            <div class=\"hero-overlay relative\">\n                                    <picture class=\"w-full\"><source media=\"(max-width:639px)\" srcset=\"https:\/\/images.ohmyhosting.se\/HGb7pkRvzAssewKcOjXm5uNgBJU=\/390x461\/smart\/filters:quality(85)\/https%3A%2F%2Falimak.com%2Fwp-content%2Fuploads%2F2025%2F11%2FAlimak-training.jpg 1x, https:\/\/images.ohmyhosting.se\/gXb7--lIJ_1DEUA4T0F1KvV3z1E=\/780x922\/smart\/filters:quality(85)\/https%3A%2F%2Falimak.com%2Fwp-content%2Fuploads%2F2025%2F11%2FAlimak-training.jpg 2x\"><source media=\"(max-width:1022px)\" srcset=\"https:\/\/images.ohmyhosting.se\/3i2HjA-4Z4Jipjb7vuvwUwiY54c=\/805x951\/smart\/filters:quality(85)\/https%3A%2F%2Falimak.com%2Fwp-content%2Fuploads%2F2025%2F11%2FAlimak-training.jpg 1x, https:\/\/images.ohmyhosting.se\/KuOBB-z0RPMxO9raCTPTMM92B_4=\/1610x1902\/smart\/filters:quality(85)\/https%3A%2F%2Falimak.com%2Fwp-content%2Fuploads%2F2025%2F11%2FAlimak-training.jpg 2x\"><img decoding=\"async\" src=\"https:\/\/images.ohmyhosting.se\/5vwgKn6rPTl6l8Sbc6Iht9KM3HM=\/2545x814\/smart\/filters:quality(85)\/https%3A%2F%2Falimak.com%2Fwp-content%2Fuploads%2F2025%2F11%2FAlimak-training.jpg\" srcset=\"https:\/\/images.ohmyhosting.se\/5vwgKn6rPTl6l8Sbc6Iht9KM3HM=\/2545x814\/smart\/filters:quality(85)\/https%3A%2F%2Falimak.com%2Fwp-content%2Fuploads%2F2025%2F11%2FAlimak-training.jpg 1x, https:\/\/images.ohmyhosting.se\/EnOxeHSyzou-QOv0td40_KYLkwA=\/5090x1628\/smart\/filters:quality(85)\/https%3A%2F%2Falimak.com%2Fwp-content%2Fuploads%2F2025%2F11%2FAlimak-training.jpg 2x\" alt=\"\" class=\"w-full object-cover w-full max-h-[90vh]\" width=\"2545\" height=\"814\" \/><\/picture>                            <\/div>\n            <div class=\"absolute inset-0 z-10 flex flex-col justify-end\">\n                <div class=\"holder\">\n                    <div class=\"grid grid-cols-12 gap-4 pb-16\">\n                        <div class=\"col-span-12 lg:col-span-7\">\n                                                    <p class=\"md:text-20 font-medium leading-[1.25] mb-1\">Soluciones temporales<\/p>\n                                                    <h1 class=\"text-28 md:text-52 leading-[1.3] lg:max-w-[625px]\"><p>Formaci\u00f3n<\/p>\n<\/h1>\n                            <div class=\"wysiwyg pt-5 leading-[1.6] hidden lg:block lg:max-w-[512px]\"><p>Alimak ofrece una amplia gama de cursos de formaci\u00f3n completos y orientados a la pr\u00e1ctica, dise\u00f1ados para apoyar la operaci\u00f3n, el mantenimiento y la instalaci\u00f3n seguros de los equipos de acceso vertical de Alimak. Estos programas est\u00e1n desarrollados para equipar a operadores, t\u00e9cnicos y equipos de instalaci\u00f3n con los conocimientos esenciales y las habilidades pr\u00e1cticas necesarias para trabajar con confianza y eficiencia con nuestras soluciones. <\/p>\n<\/div>\n                        <\/div>\n                    <\/div>\n                <\/div>\n            <\/div>\n        <\/div>\n                    <div class=\"lg:hidden py-12 border-b border-darkGrey\">\n                <div class=\"holder\">\n                    <div class=\"wysiwyg leading-[1.6]\"><p>Alimak ofrece una amplia gama de cursos de formaci\u00f3n completos y orientados a la pr\u00e1ctica, dise\u00f1ados para apoyar la operaci\u00f3n, el mantenimiento y la instalaci\u00f3n seguros de los equipos de acceso vertical de Alimak. Estos programas est\u00e1n desarrollados para equipar a operadores, t\u00e9cnicos y equipos de instalaci\u00f3n con los conocimientos esenciales y las habilidades pr\u00e1cticas necesarias para trabajar con confianza y eficiencia con nuestras soluciones. <\/p>\n<\/div>\n                <\/div>\n            <\/div>\n        \n    <\/section>\n<section class=\"text-img bg-white text-black border-lightGrey   pt-6 lg:pt-12 pb-6 lg:pb-12\">\n    <div class=\"holder\">\n      <div class=\"grid grid-cols-12 gap-4 items-center\">\n        <div class=\"col-span-12 lg:col-span-6 2.5xl:col-span-8 \">\n                            <div class=\"text-img-overlay relative mb-8 md:mb-0 max-w-[852px] \">\n                    <picture class=\"w-full\"><source media=\"(max-width:639px)\" srcset=\"https:\/\/images.ohmyhosting.se\/s7RyfTxUwcbxIoKFU0fHtwdi9RQ=\/382x237\/smart\/filters:quality(85)\/https%3A%2F%2Falimak.com%2Fwp-content%2Fuploads%2F2026%2F01%2FAlimak_Training_6801-scaled-e1769615563544.jpg 1x, https:\/\/images.ohmyhosting.se\/KcbZULiQGzicrm3crDOqTpIT1CQ=\/764x474\/smart\/filters:quality(85)\/https%3A%2F%2Falimak.com%2Fwp-content%2Fuploads%2F2026%2F01%2FAlimak_Training_6801-scaled-e1769615563544.jpg 2x\"><source media=\"(max-width:1022px)\" srcset=\"https:\/\/images.ohmyhosting.se\/4w6DrQsrTUDJmQFX13UOULU5Oms=\/773x480\/smart\/filters:quality(85)\/https%3A%2F%2Falimak.com%2Fwp-content%2Fuploads%2F2026%2F01%2FAlimak_Training_6801-scaled-e1769615563544.jpg 1x, https:\/\/images.ohmyhosting.se\/8qijX6Gktb9QoTRrXdqvn7TbTq4=\/1546x960\/smart\/filters:quality(85)\/https%3A%2F%2Falimak.com%2Fwp-content%2Fuploads%2F2026%2F01%2FAlimak_Training_6801-scaled-e1769615563544.jpg 2x\"><img decoding=\"async\" src=\"https:\/\/images.ohmyhosting.se\/IUYl216weHwF6haDylUR7oG4cIE=\/852x530\/smart\/filters:quality(85)\/https%3A%2F%2Falimak.com%2Fwp-content%2Fuploads%2F2026%2F01%2FAlimak_Training_6801-scaled-e1769615563544.jpg\" srcset=\"https:\/\/images.ohmyhosting.se\/IUYl216weHwF6haDylUR7oG4cIE=\/852x530\/smart\/filters:quality(85)\/https%3A%2F%2Falimak.com%2Fwp-content%2Fuploads%2F2026%2F01%2FAlimak_Training_6801-scaled-e1769615563544.jpg 1x, https:\/\/images.ohmyhosting.se\/esPNVZs_XkyWhu2R01fIAxJWIwo=\/1704x1060\/smart\/filters:quality(85)\/https%3A%2F%2Falimak.com%2Fwp-content%2Fuploads%2F2026%2F01%2FAlimak_Training_6801-scaled-e1769615563544.jpg 2x\" alt=\"\" class=\"w-full w-full rounded-[12px] object-cover\" width=\"852\" height=\"530\" \/><\/picture>                                        <\/div>\n            \n        <\/div>\n        <div class=\"col-span-12 lg:col-span-6 2.5xl:col-span-4 flex flex-col justify-center \">\n            <div class=\"\">\n                                    <h2 class=\"text-24 md:text-36 leading-[1.3] font-medium mb-4\">Itinerarios de formaci\u00f3n completos con certificaci\u00f3n en cada nivel<\/h2>\n                                                    <div class=\"wysiwyg leading-[1.6] text-numbersGrey\"><p><span data-teams=\"true\">Como l\u00edder en la industria de acceso vertical, Alimak se compromete a ofrecer una formaci\u00f3n que prepare a sus equipos para las condiciones del mundo real. Desarrollados en colaboraci\u00f3n con las principales organizaciones de seguridad e industriales, nuestros cursos cumplen o superan los requisitos reglamentarios y se centran en el aprendizaje pr\u00e1ctico y experiencial utilizando equipos Alimak reales, no solo la teor\u00eda. Los participantes adquieren experiencia directa con equipos reales, son evaluados tanto en habilidades pr\u00e1cticas como te\u00f3ricas, y reciben una certificaci\u00f3n en cada nivel, lo que garantiza que son competentes, tienen confianza y est\u00e1n listos para trabajar de forma segura desde el primer d\u00eda.<\/span><\/p>\n<p>Visite el sitio web de formaci\u00f3n de Alimak Group para ver los cursos disponibles para su producto Alimak.<\/p>\n<\/div>\n                                                    <div class=\"mt-8\">\n                        <a class=\"btn black\" href=\"https:\/\/learningstore.alimakgroup.com\/?categories=e32f5f3e-f550-4fd8-8d93-8f66e1e17ddd&#038;orderBy=createdDateDesc&#038;page=1\" target=\"_blank\">\n                            <span>Encuentre el curso adecuado<\/span>\n                            <span>\n                                                                    <svg width=\"18\" height=\"18\" viewBox=\"0 0 18 18\" fill=\"none\" xmlns=\"http:\/\/www.w3.org\/2000\/svg\">\n                                    <path class=\"stroke-white\" d=\"M13.5 9.75098V14.251C13.5 14.6488 13.342 15.0303 13.0607 15.3116C12.7794 15.5929 12.3978 15.751 12 15.751H3.75C3.35218 15.751 2.97064 15.5929 2.68934 15.3116C2.40804 15.0303 2.25 14.6488 2.25 14.251V6.00098C2.25 5.60315 2.40804 5.22162 2.68934 4.94032C2.97064 4.65901 3.35218 4.50098 3.75 4.50098H8.25\" stroke=\"white\" stroke-width=\"1.5\" stroke-linejoin=\"round\"\/>\n                                    <path class=\"stroke-white\" d=\"M11.25 2.25098H15.75V6.75098\" stroke=\"white\" stroke-width=\"1.5\" stroke-linejoin=\"round\"\/>\n                                    <path class=\"stroke-white\" d=\"M7.50073 10.501L15.7507 2.25098\" stroke=\"white\" stroke-width=\"1.5\" stroke-linejoin=\"round\"\/>\n                                    <\/svg>\n                                                            <\/span>\n                        <\/a>\n                    <\/div>\n                            <\/div>\n        <\/div>\n      <\/div>\n    <\/div>\n<\/section>\n\n<section class=\"cta-banner bg-black text-white  pt-0 pb-6 lg:pb-12\">\n    <div class=\"relative\">\n                    <div class=\"cta-banner-overlay relative\">\n                <picture class=\"w-full\"><source media=\"(max-width:639px)\" srcset=\"https:\/\/images.ohmyhosting.se\/830LuN8tJnlhxBlrnP81Cn_re_Q=\/399x377\/smart\/filters:quality(85)\/https%3A%2F%2Falimak.com%2Fwp-content%2Fuploads%2F2025%2F09%2Fd2291df879d3d9219aa41f082605eabd3250e5e9.jpg 1x, https:\/\/images.ohmyhosting.se\/hU69TdXunvGuEgABsWLfplJ9_PU=\/798x754\/smart\/filters:quality(85)\/https%3A%2F%2Falimak.com%2Fwp-content%2Fuploads%2F2025%2F09%2Fd2291df879d3d9219aa41f082605eabd3250e5e9.jpg 2x\"><source media=\"(max-width:1022px)\" srcset=\"https:\/\/images.ohmyhosting.se\/sUTJ0HNsfwEJpnAiEjhFWb9u1pw=\/805x760\/smart\/filters:quality(85)\/https%3A%2F%2Falimak.com%2Fwp-content%2Fuploads%2F2025%2F09%2Fd2291df879d3d9219aa41f082605eabd3250e5e9.jpg 1x, https:\/\/images.ohmyhosting.se\/mrEIaFoAUgmLUkHNnjAqabwhsRU=\/1610x1520\/smart\/filters:quality(85)\/https%3A%2F%2Falimak.com%2Fwp-content%2Fuploads%2F2025%2F09%2Fd2291df879d3d9219aa41f082605eabd3250e5e9.jpg 2x\"><img decoding=\"async\" src=\"https:\/\/images.ohmyhosting.se\/RHe0oE3TlTETH41w2OoXpWjHYH8=\/2545x1053\/smart\/filters:quality(85)\/https%3A%2F%2Falimak.com%2Fwp-content%2Fuploads%2F2025%2F09%2Fd2291df879d3d9219aa41f082605eabd3250e5e9.jpg\" srcset=\"https:\/\/images.ohmyhosting.se\/RHe0oE3TlTETH41w2OoXpWjHYH8=\/2545x1053\/smart\/filters:quality(85)\/https%3A%2F%2Falimak.com%2Fwp-content%2Fuploads%2F2025%2F09%2Fd2291df879d3d9219aa41f082605eabd3250e5e9.jpg 1x, https:\/\/images.ohmyhosting.se\/AdhHQjA7d3yK0NqyO3xGggVMQX4=\/5090x2106\/smart\/filters:quality(85)\/https%3A%2F%2Falimak.com%2Fwp-content%2Fuploads%2F2025%2F09%2Fd2291df879d3d9219aa41f082605eabd3250e5e9.jpg 2x\" alt=\"\" class=\"w-full w-full h-full object-cover\" width=\"2545\" height=\"1053\" \/><\/picture>            <\/div>\n                <div class=\"absolute inset-0 z-[2]\">\n            <div class=\"holder\">\n                <div class=\"grid grid-cols-12 gap-4\">\n                    <div class=\"col-span-12 lg:col-span-6 lg:col-start-7 pt-16\">\n                        <h3 class=\"text-28 md:text-44 lg:max-w-[500px] leading-tight\">P\u00f3ngase en contacto para obtener m\u00e1s informaci\u00f3n o un presupuesto<\/h3>\n                                                    <div class=\"mt-8\">\n                                <a class=\"btn\" href=\"https:\/\/alimak.com\/es\/contactar\/\" target=\"\">\n                                    <span>Contacte con nosotros<\/span>\n                                    <span>\n                                        <svg width=\"24\" height=\"11\" viewBox=\"0 0 24 11\" fill=\"none\" xmlns=\"http:\/\/www.w3.org\/2000\/svg\">\n                                        <path d=\"M0 5.5H22\" stroke=\"black\" stroke-width=\"1.5\"\/>\n                                        <path d=\"M17.5 1L22 5.5L17.5 10\" stroke=\"black\" stroke-width=\"1.5\"\/>\n                                        <\/svg>\n                                    <\/span>\n                                <\/a>\n                            <\/div>\n                                            <\/div>\n                <\/div>\n            <\/div>\n        <\/div>\n    <\/div>\n<\/section>\n","protected":false},"excerpt":{"rendered":"<p>Alimak ofrece una amplia gama de cursos de formaci\u00f3n completos y orientados a la pr\u00e1ctica, dise\u00f1ados para apoyar la operaci\u00f3n,&#8230;<\/p>\n","protected":false},"author":1,"featured_media":0,"parent":14793,"menu_order":0,"comment_status":"closed","ping_status":"closed","template":"","meta":{"_acf_changed":false,"footnotes":""},"class_list":["post-14204","page","type-page","status-publish","hentry"],"acf":[],"yoast_head":"<!-- This site is optimized with the Yoast SEO plugin v27.3 - https:\/\/yoast.com\/product\/yoast-seo-wordpress\/ -->\n<title>Formaci\u00f3n (temporal) - Alimak<\/title>\n<meta name=\"robots\" content=\"index, follow, max-snippet:-1, max-image-preview:large, max-video-preview:-1\" \/>\n<link rel=\"canonical\" href=\"https:\/\/alimak.com\/es\/soluciones-temporales\/piezas-y-servicios-temporal\/formacion-temporal\/\" \/>\n<meta property=\"og:locale\" content=\"es_ES\" \/>\n<meta property=\"og:type\" content=\"article\" \/>\n<meta property=\"og:title\" content=\"Formaci\u00f3n (temporal) - Alimak\" \/>\n<meta property=\"og:description\" content=\"Alimak ofrece una amplia gama de cursos de formaci\u00f3n completos y orientados a la pr\u00e1ctica, dise\u00f1ados para apoyar la operaci\u00f3n,...\" \/>\n<meta property=\"og:url\" content=\"https:\/\/alimak.com\/es\/soluciones-temporales\/piezas-y-servicios-temporal\/formacion-temporal\/\" \/>\n<meta property=\"og:site_name\" content=\"Alimak\" \/>\n<meta property=\"article:modified_time\" content=\"2026-03-18T12:51:22+00:00\" \/>\n<meta name=\"twitter:card\" content=\"summary_large_image\" \/>\n<script type=\"application\/ld+json\" class=\"yoast-schema-graph\">{\"@context\":\"https:\\\/\\\/schema.org\",\"@graph\":[{\"@type\":\"WebPage\",\"@id\":\"https:\\\/\\\/alimak.com\\\/es\\\/soluciones-temporales\\\/piezas-y-servicios-temporal\\\/formacion-temporal\\\/\",\"url\":\"https:\\\/\\\/alimak.com\\\/es\\\/soluciones-temporales\\\/piezas-y-servicios-temporal\\\/formacion-temporal\\\/\",\"name\":\"Formaci\u00f3n (temporal) - Alimak\",\"isPartOf\":{\"@id\":\"https:\\\/\\\/alimak.com\\\/#website\"},\"datePublished\":\"2025-09-11T11:31:06+00:00\",\"dateModified\":\"2026-03-18T12:51:22+00:00\",\"breadcrumb\":{\"@id\":\"https:\\\/\\\/alimak.com\\\/es\\\/soluciones-temporales\\\/piezas-y-servicios-temporal\\\/formacion-temporal\\\/#breadcrumb\"},\"inLanguage\":\"es-ES\",\"potentialAction\":[{\"@type\":\"ReadAction\",\"target\":[\"https:\\\/\\\/alimak.com\\\/es\\\/soluciones-temporales\\\/piezas-y-servicios-temporal\\\/formacion-temporal\\\/\"]}]},{\"@type\":\"BreadcrumbList\",\"@id\":\"https:\\\/\\\/alimak.com\\\/es\\\/soluciones-temporales\\\/piezas-y-servicios-temporal\\\/formacion-temporal\\\/#breadcrumb\",\"itemListElement\":[{\"@type\":\"ListItem\",\"position\":1,\"name\":\"Home\",\"item\":\"https:\\\/\\\/alimak.com\\\/es\\\/\"},{\"@type\":\"ListItem\",\"position\":2,\"name\":\"Soluciones temporales\",\"item\":\"https:\\\/\\\/alimak.com\\\/es\\\/soluciones-temporales\\\/\"},{\"@type\":\"ListItem\",\"position\":3,\"name\":\"Piezas y servicios (temporal)\",\"item\":\"https:\\\/\\\/alimak.com\\\/es\\\/soluciones-temporales\\\/piezas-y-servicios-temporal\\\/\"},{\"@type\":\"ListItem\",\"position\":4,\"name\":\"Formaci\u00f3n (temporal)\"}]},{\"@type\":\"WebSite\",\"@id\":\"https:\\\/\\\/alimak.com\\\/#website\",\"url\":\"https:\\\/\\\/alimak.com\\\/\",\"name\":\"Alimak\",\"description\":\"\",\"potentialAction\":[{\"@type\":\"SearchAction\",\"target\":{\"@type\":\"EntryPoint\",\"urlTemplate\":\"https:\\\/\\\/alimak.com\\\/?s={search_term_string}\"},\"query-input\":{\"@type\":\"PropertyValueSpecification\",\"valueRequired\":true,\"valueName\":\"search_term_string\"}}],\"inLanguage\":\"es-ES\"}]}<\/script>\n<!-- \/ Yoast SEO plugin. -->","yoast_head_json":{"title":"Formaci\u00f3n (temporal) - Alimak","robots":{"index":"index","follow":"follow","max-snippet":"max-snippet:-1","max-image-preview":"max-image-preview:large","max-video-preview":"max-video-preview:-1"},"canonical":"https:\/\/alimak.com\/es\/soluciones-temporales\/piezas-y-servicios-temporal\/formacion-temporal\/","og_locale":"es_ES","og_type":"article","og_title":"Formaci\u00f3n (temporal) - Alimak","og_description":"Alimak ofrece una amplia gama de cursos de formaci\u00f3n completos y orientados a la pr\u00e1ctica, dise\u00f1ados para apoyar la operaci\u00f3n,...","og_url":"https:\/\/alimak.com\/es\/soluciones-temporales\/piezas-y-servicios-temporal\/formacion-temporal\/","og_site_name":"Alimak","article_modified_time":"2026-03-18T12:51:22+00:00","twitter_card":"summary_large_image","schema":{"@context":"https:\/\/schema.org","@graph":[{"@type":"WebPage","@id":"https:\/\/alimak.com\/es\/soluciones-temporales\/piezas-y-servicios-temporal\/formacion-temporal\/","url":"https:\/\/alimak.com\/es\/soluciones-temporales\/piezas-y-servicios-temporal\/formacion-temporal\/","name":"Formaci\u00f3n (temporal) - Alimak","isPartOf":{"@id":"https:\/\/alimak.com\/#website"},"datePublished":"2025-09-11T11:31:06+00:00","dateModified":"2026-03-18T12:51:22+00:00","breadcrumb":{"@id":"https:\/\/alimak.com\/es\/soluciones-temporales\/piezas-y-servicios-temporal\/formacion-temporal\/#breadcrumb"},"inLanguage":"es-ES","potentialAction":[{"@type":"ReadAction","target":["https:\/\/alimak.com\/es\/soluciones-temporales\/piezas-y-servicios-temporal\/formacion-temporal\/"]}]},{"@type":"BreadcrumbList","@id":"https:\/\/alimak.com\/es\/soluciones-temporales\/piezas-y-servicios-temporal\/formacion-temporal\/#breadcrumb","itemListElement":[{"@type":"ListItem","position":1,"name":"Home","item":"https:\/\/alimak.com\/es\/"},{"@type":"ListItem","position":2,"name":"Soluciones temporales","item":"https:\/\/alimak.com\/es\/soluciones-temporales\/"},{"@type":"ListItem","position":3,"name":"Piezas y servicios (temporal)","item":"https:\/\/alimak.com\/es\/soluciones-temporales\/piezas-y-servicios-temporal\/"},{"@type":"ListItem","position":4,"name":"Formaci\u00f3n (temporal)"}]},{"@type":"WebSite","@id":"https:\/\/alimak.com\/#website","url":"https:\/\/alimak.com\/","name":"Alimak","description":"","potentialAction":[{"@type":"SearchAction","target":{"@type":"EntryPoint","urlTemplate":"https:\/\/alimak.com\/?s={search_term_string}"},"query-input":{"@type":"PropertyValueSpecification","valueRequired":true,"valueName":"search_term_string"}}],"inLanguage":"es-ES"}]}},"_links":{"self":[{"href":"https:\/\/alimak.com\/es\/wp-json\/wp\/v2\/pages\/14204","targetHints":{"allow":["GET"]}}],"collection":[{"href":"https:\/\/alimak.com\/es\/wp-json\/wp\/v2\/pages"}],"about":[{"href":"https:\/\/alimak.com\/es\/wp-json\/wp\/v2\/types\/page"}],"author":[{"embeddable":true,"href":"https:\/\/alimak.com\/es\/wp-json\/wp\/v2\/users\/1"}],"replies":[{"embeddable":true,"href":"https:\/\/alimak.com\/es\/wp-json\/wp\/v2\/comments?post=14204"}],"version-history":[{"count":1,"href":"https:\/\/alimak.com\/es\/wp-json\/wp\/v2\/pages\/14204\/revisions"}],"predecessor-version":[{"id":14207,"href":"https:\/\/alimak.com\/es\/wp-json\/wp\/v2\/pages\/14204\/revisions\/14207"}],"up":[{"embeddable":true,"href":"https:\/\/alimak.com\/es\/wp-json\/wp\/v2\/pages\/14793"}],"wp:attachment":[{"href":"https:\/\/alimak.com\/es\/wp-json\/wp\/v2\/media?parent=14204"}],"curies":[{"name":"wp","href":"https:\/\/api.w.org\/{rel}","templated":true}]}}