{"id":14241,"date":"2026-02-04T12:37:14","date_gmt":"2026-02-04T12:37:14","guid":{"rendered":"https:\/\/alimak.com\/servicios-digitales-permanentes\/galeria-bim-permanente\/"},"modified":"2026-03-18T12:42:44","modified_gmt":"2026-03-18T12:42:44","slug":"galeria-bim-permanente","status":"publish","type":"page","link":"https:\/\/alimak.com\/es\/soluciones-permanentes\/servicios-digitales-permanentes\/galeria-bim-permanente\/","title":{"rendered":"Galer\u00eda BIM (permanente)"},"content":{"rendered":"\n<section class=\"small-hero border-b bg-black border-darkGrey text-white pt-0 pb-0\">\n            <div class=\"relative\">\n            <div class=\"hero-overlay relative\">\n                                    <picture class=\"w-full\"><source media=\"(max-width:639px)\" srcset=\"https:\/\/images.ohmyhosting.se\/EOjPyGXHXZSTvfyTDvFd7dHH_AA=\/390x461\/smart\/filters:quality(85)\/https%3A%2F%2Falimak.com%2Fwp-content%2Fuploads%2F2026%2F02%2Fbim-gallery-6-e1770209636949.png 1x, https:\/\/images.ohmyhosting.se\/mkBEKGSMh5e3Hesd6fGjd-xxBpQ=\/780x922\/smart\/filters:quality(85)\/https%3A%2F%2Falimak.com%2Fwp-content%2Fuploads%2F2026%2F02%2Fbim-gallery-6-e1770209636949.png 2x\"><source media=\"(max-width:1022px)\" srcset=\"https:\/\/images.ohmyhosting.se\/KbEJ4de8eKnHbZshMG5Aq5SzLyg=\/805x951\/smart\/filters:quality(85)\/https%3A%2F%2Falimak.com%2Fwp-content%2Fuploads%2F2026%2F02%2Fbim-gallery-6-e1770209636949.png 1x, https:\/\/images.ohmyhosting.se\/Vj0VBXqq2leDv3qw9zEzbAmGC64=\/1610x1902\/smart\/filters:quality(85)\/https%3A%2F%2Falimak.com%2Fwp-content%2Fuploads%2F2026%2F02%2Fbim-gallery-6-e1770209636949.png 2x\"><img decoding=\"async\" src=\"https:\/\/images.ohmyhosting.se\/BRbFai_6kWU4aXI3cCdnL1dmKxQ=\/2545x814\/smart\/filters:quality(85)\/https%3A%2F%2Falimak.com%2Fwp-content%2Fuploads%2F2026%2F02%2Fbim-gallery-6-e1770209636949.png\" srcset=\"https:\/\/images.ohmyhosting.se\/BRbFai_6kWU4aXI3cCdnL1dmKxQ=\/2545x814\/smart\/filters:quality(85)\/https%3A%2F%2Falimak.com%2Fwp-content%2Fuploads%2F2026%2F02%2Fbim-gallery-6-e1770209636949.png 1x, https:\/\/images.ohmyhosting.se\/TlMC62uUQR7H61njDbfxUtKjAoE=\/5090x1628\/smart\/filters:quality(85)\/https%3A%2F%2Falimak.com%2Fwp-content%2Fuploads%2F2026%2F02%2Fbim-gallery-6-e1770209636949.png 2x\" alt=\"\" class=\"w-full object-cover w-full max-h-[90vh]\" width=\"2545\" height=\"814\" \/><\/picture>                            <\/div>\n            <div class=\"absolute inset-0 z-10 flex flex-col justify-end\">\n                <div class=\"holder\">\n                    <div class=\"grid grid-cols-12 gap-4 pb-16\">\n                        <div class=\"col-span-12 lg:col-span-7\">\n                                                    <p class=\"md:text-20 font-medium leading-[1.25] mb-1\">Soluciones permanentes<\/p>\n                                                    <h1 class=\"text-28 md:text-52 leading-[1.3] lg:max-w-[625px]\"><p>Mejore la precisi\u00f3n del proyecto con los modelos BIM 3D de Alimak<\/p>\n<\/h1>\n                            <div class=\"wysiwyg pt-5 leading-[1.6] hidden lg:block lg:max-w-[512px]\"><p>Ahorre tiempo al buscar la soluci\u00f3n de elevador adecuada para su proyecto. Nuestra gama de archivos de objetos de modelado de informaci\u00f3n de construcci\u00f3n (BIM) le permite comparar y seleccionar la soluci\u00f3n de acceso m\u00e1s adecuada para sus necesidades, desde el inicio de un proyecto y durante toda su vida \u00fatil. <\/p>\n<\/div>\n                        <\/div>\n                    <\/div>\n                <\/div>\n            <\/div>\n        <\/div>\n                    <div class=\"lg:hidden py-12 border-b border-darkGrey\">\n                <div class=\"holder\">\n                    <div class=\"wysiwyg leading-[1.6]\"><p>Ahorre tiempo al buscar la soluci\u00f3n de elevador adecuada para su proyecto. Nuestra gama de archivos de objetos de modelado de informaci\u00f3n de construcci\u00f3n (BIM) le permite comparar y seleccionar la soluci\u00f3n de acceso m\u00e1s adecuada para sus necesidades, desde el inicio de un proyecto y durante toda su vida \u00fatil. <\/p>\n<\/div>\n                <\/div>\n            <\/div>\n        \n    <\/section>\n<section class=\"text-img bg-white text-black border-lightGrey   pt-12 lg:pt-24 pb-12 lg:pb-24\">\n    <div class=\"holder\">\n      <div class=\"grid grid-cols-12 gap-4 items-center\">\n        <div class=\"col-span-12 lg:col-span-6 2.5xl:col-span-8 \">\n                            <div class=\"text-img-overlay relative mb-8 md:mb-0 max-w-[852px] \">\n                    <picture class=\"w-full\"><source media=\"(max-width:639px)\" srcset=\"https:\/\/images.ohmyhosting.se\/XNSMg3ME3eOgQrqp6qFuSZM4Cnc=\/382x237\/smart\/filters:quality(85)\/https%3A%2F%2Falimak.com%2Fwp-content%2Fuploads%2F2026%2F02%2Fbim-gallery-5.png 1x, https:\/\/images.ohmyhosting.se\/3QLd8P7CIph_vgPILsmJp2dhPPg=\/764x474\/smart\/filters:quality(85)\/https%3A%2F%2Falimak.com%2Fwp-content%2Fuploads%2F2026%2F02%2Fbim-gallery-5.png 2x\"><source media=\"(max-width:1022px)\" srcset=\"https:\/\/images.ohmyhosting.se\/uBeSbSO77R5rhsv5SynzMyTfHko=\/773x480\/smart\/filters:quality(85)\/https%3A%2F%2Falimak.com%2Fwp-content%2Fuploads%2F2026%2F02%2Fbim-gallery-5.png 1x, https:\/\/images.ohmyhosting.se\/Bfqu812fREHlEruHob1ADkBPuaI=\/1546x960\/smart\/filters:quality(85)\/https%3A%2F%2Falimak.com%2Fwp-content%2Fuploads%2F2026%2F02%2Fbim-gallery-5.png 2x\"><img decoding=\"async\" src=\"https:\/\/images.ohmyhosting.se\/ar-IqK-IH5Es596Az7AbfD7-8us=\/852x530\/smart\/filters:quality(85)\/https%3A%2F%2Falimak.com%2Fwp-content%2Fuploads%2F2026%2F02%2Fbim-gallery-5.png\" srcset=\"https:\/\/images.ohmyhosting.se\/ar-IqK-IH5Es596Az7AbfD7-8us=\/852x530\/smart\/filters:quality(85)\/https%3A%2F%2Falimak.com%2Fwp-content%2Fuploads%2F2026%2F02%2Fbim-gallery-5.png 1x, https:\/\/images.ohmyhosting.se\/Gj3Ci1B1QZ0iApMm9lODIBNS_xM=\/1704x1060\/smart\/filters:quality(85)\/https%3A%2F%2Falimak.com%2Fwp-content%2Fuploads%2F2026%2F02%2Fbim-gallery-5.png 2x\" alt=\"\" class=\"w-full w-full rounded-[12px] object-cover\" width=\"852\" height=\"530\" \/><\/picture>                                        <\/div>\n            \n        <\/div>\n        <div class=\"col-span-12 lg:col-span-6 2.5xl:col-span-4 flex flex-col justify-center \">\n            <div class=\"\">\n                                    <h2 class=\"text-24 md:text-36 leading-[1.3] font-medium mb-4\">Optimice la planificaci\u00f3n de proyectos con modelos BIM 3D configurables<\/h2>\n                                                    <div class=\"wysiwyg leading-[1.6] text-numbersGrey\"><div>\n<p>La Galer\u00eda BIM de Alimak ofrece modelos 3D detallados de nuestros elevadores para uso permanente en entornos industriales. Cada modelo incluye datos integrados clave como la capacidad, la velocidad y los requisitos de espacio. Los modelos pueden configurarse seg\u00fan las necesidades de su proyecto, incluyendo el tama\u00f1o, la altura de elevaci\u00f3n, la zona de descarga y las conexiones con el edificio o la estructura.  <\/p>\n<p>Al incorporar nuestros modelos BIM en una fase temprana de la planificaci\u00f3n, puede simular el uso de los equipos, optimizar las distribuciones y reducir los riesgos de dise\u00f1o que suelen ser dif\u00edciles de identificar en un entorno 2D tradicional.<\/p>\n<\/div>\n<\/div>\n                                                    <div class=\"mt-8\">\n                        <a class=\"btn black\" href=\"https:\/\/bimgallery.alimak.com\/bim\/division\/industrial\" target=\"_blank\">\n                            <span>Explorar la Galer\u00eda BIM<\/span>\n                            <span>\n                                                                    <svg width=\"18\" height=\"18\" viewBox=\"0 0 18 18\" fill=\"none\" xmlns=\"http:\/\/www.w3.org\/2000\/svg\">\n                                    <path class=\"stroke-white\" d=\"M13.5 9.75098V14.251C13.5 14.6488 13.342 15.0303 13.0607 15.3116C12.7794 15.5929 12.3978 15.751 12 15.751H3.75C3.35218 15.751 2.97064 15.5929 2.68934 15.3116C2.40804 15.0303 2.25 14.6488 2.25 14.251V6.00098C2.25 5.60315 2.40804 5.22162 2.68934 4.94032C2.97064 4.65901 3.35218 4.50098 3.75 4.50098H8.25\" stroke=\"white\" stroke-width=\"1.5\" stroke-linejoin=\"round\"\/>\n                                    <path class=\"stroke-white\" d=\"M11.25 2.25098H15.75V6.75098\" stroke=\"white\" stroke-width=\"1.5\" stroke-linejoin=\"round\"\/>\n                                    <path class=\"stroke-white\" d=\"M7.50073 10.501L15.7507 2.25098\" stroke=\"white\" stroke-width=\"1.5\" stroke-linejoin=\"round\"\/>\n                                    <\/svg>\n                                                            <\/span>\n                        <\/a>\n                    <\/div>\n                            <\/div>\n        <\/div>\n      <\/div>\n    <\/div>\n<\/section>\n\n<section class=\"benefits bg-white text-black border-lightGrey pt-6 lg:pt-12 pb-6 lg:pb-12 \">\n    <div class=\"holder\">\n        <h2 class=\"text-24 md:text-36 font-medium leading-[1.3] mb-12\">Ventajas clave<\/h2>\n                    <div class=\"grid grid-cols-12 gap-x-4 gap-y-12\">\n                                    <div class=\"col-span-12 md:col-span-6 flex md:pr-10 lg:pr-20\">\n                                                    <div class=\"w-[60px] h-[60px] md:w-[92px] md:h-[92px] shrink-0 border-lightGrey border border mr-8 rounded-full flex items-center justify-center\">\n                                <img decoding=\"async\" class=\"max-h-[28px] md:max-h-[44px]\" src=\"https:\/\/alimak.com\/wp-content\/uploads\/2025\/09\/Shape.svg\" alt=\"\">\n                            <\/div>\n                                                <div>\n                            <h3 class=\"text-18 md:text-26 font-medium leading-[1.25] pb-3.5 border-b mb-3.5 border-lightGrey\">Colaboraci\u00f3n y coordinaci\u00f3n mejoradas<\/h3>\n                            <div class=\"text-14 md:text-base leading-[1.6] wysiwyg\"><\/div>\n                        <\/div>\n                    <\/div>\n                                    <div class=\"col-span-12 md:col-span-6 flex md:pr-10 lg:pr-20\">\n                                                    <div class=\"w-[60px] h-[60px] md:w-[92px] md:h-[92px] shrink-0 border-lightGrey border border mr-8 rounded-full flex items-center justify-center\">\n                                <img decoding=\"async\" class=\"max-h-[28px] md:max-h-[44px]\" src=\"https:\/\/alimak.com\/wp-content\/uploads\/2025\/09\/Shape.svg\" alt=\"\">\n                            <\/div>\n                                                <div>\n                            <h3 class=\"text-18 md:text-26 font-medium leading-[1.25] pb-3.5 border-b mb-3.5 border-lightGrey\">Permita la toma de decisiones basada en datos<\/h3>\n                            <div class=\"text-14 md:text-base leading-[1.6] wysiwyg\"><\/div>\n                        <\/div>\n                    <\/div>\n                                    <div class=\"col-span-12 md:col-span-6 flex md:pr-10 lg:pr-20\">\n                                                    <div class=\"w-[60px] h-[60px] md:w-[92px] md:h-[92px] shrink-0 border-lightGrey border border mr-8 rounded-full flex items-center justify-center\">\n                                <img decoding=\"async\" class=\"max-h-[28px] md:max-h-[44px]\" src=\"https:\/\/alimak.com\/wp-content\/uploads\/2025\/09\/Shape.svg\" alt=\"\">\n                            <\/div>\n                                                <div>\n                            <h3 class=\"text-18 md:text-26 font-medium leading-[1.25] pb-3.5 border-b mb-3.5 border-lightGrey\">Detecci\u00f3n de colisiones y mitigaci\u00f3n de riesgos<\/h3>\n                            <div class=\"text-14 md:text-base leading-[1.6] wysiwyg\"><\/div>\n                        <\/div>\n                    <\/div>\n                                    <div class=\"col-span-12 md:col-span-6 flex md:pr-10 lg:pr-20\">\n                                                    <div class=\"w-[60px] h-[60px] md:w-[92px] md:h-[92px] shrink-0 border-lightGrey border border mr-8 rounded-full flex items-center justify-center\">\n                                <img decoding=\"async\" class=\"max-h-[28px] md:max-h-[44px]\" src=\"https:\/\/alimak.com\/wp-content\/uploads\/2025\/09\/Shape.svg\" alt=\"\">\n                            <\/div>\n                                                <div>\n                            <h3 class=\"text-18 md:text-26 font-medium leading-[1.25] pb-3.5 border-b mb-3.5 border-lightGrey\">Agilice su proceso de dise\u00f1o con BIM<\/h3>\n                            <div class=\"text-14 md:text-base leading-[1.6] wysiwyg\"><\/div>\n                        <\/div>\n                    <\/div>\n                            <\/div>\n            <\/div>\n<\/section>\n","protected":false},"excerpt":{"rendered":"<p>Ahorre tiempo al buscar la soluci\u00f3n de elevador adecuada para su proyecto. Nuestra gama de archivos de objetos de modelado&#8230;<\/p>\n","protected":false},"author":2,"featured_media":0,"parent":14041,"menu_order":0,"comment_status":"closed","ping_status":"closed","template":"","meta":{"_acf_changed":false,"footnotes":""},"class_list":["post-14241","page","type-page","status-publish","hentry"],"acf":[],"yoast_head":"<!-- This site is optimized with the Yoast SEO plugin v27.3 - https:\/\/yoast.com\/product\/yoast-seo-wordpress\/ -->\n<title>Galer\u00eda BIM (permanente) - Alimak<\/title>\n<meta name=\"robots\" content=\"index, follow, max-snippet:-1, max-image-preview:large, max-video-preview:-1\" \/>\n<link rel=\"canonical\" href=\"https:\/\/alimak.com\/es\/soluciones-permanentes\/servicios-digitales-permanentes\/galeria-bim-permanente\/\" \/>\n<meta property=\"og:locale\" content=\"es_ES\" \/>\n<meta property=\"og:type\" content=\"article\" \/>\n<meta property=\"og:title\" content=\"Galer\u00eda BIM (permanente) - Alimak\" \/>\n<meta property=\"og:description\" content=\"Ahorre tiempo al buscar la soluci\u00f3n de elevador adecuada para su proyecto. Nuestra gama de archivos de objetos de modelado...\" \/>\n<meta property=\"og:url\" content=\"https:\/\/alimak.com\/es\/soluciones-permanentes\/servicios-digitales-permanentes\/galeria-bim-permanente\/\" \/>\n<meta property=\"og:site_name\" content=\"Alimak\" \/>\n<meta property=\"article:modified_time\" content=\"2026-03-18T12:42:44+00:00\" \/>\n<meta name=\"twitter:card\" content=\"summary_large_image\" \/>\n<script type=\"application\/ld+json\" class=\"yoast-schema-graph\">{\"@context\":\"https:\\\/\\\/schema.org\",\"@graph\":[{\"@type\":\"WebPage\",\"@id\":\"https:\\\/\\\/alimak.com\\\/es\\\/soluciones-permanentes\\\/servicios-digitales-permanentes\\\/galeria-bim-permanente\\\/\",\"url\":\"https:\\\/\\\/alimak.com\\\/es\\\/soluciones-permanentes\\\/servicios-digitales-permanentes\\\/galeria-bim-permanente\\\/\",\"name\":\"Galer\u00eda BIM (permanente) - Alimak\",\"isPartOf\":{\"@id\":\"https:\\\/\\\/alimak.com\\\/#website\"},\"datePublished\":\"2026-02-04T12:37:14+00:00\",\"dateModified\":\"2026-03-18T12:42:44+00:00\",\"breadcrumb\":{\"@id\":\"https:\\\/\\\/alimak.com\\\/es\\\/soluciones-permanentes\\\/servicios-digitales-permanentes\\\/galeria-bim-permanente\\\/#breadcrumb\"},\"inLanguage\":\"es-ES\",\"potentialAction\":[{\"@type\":\"ReadAction\",\"target\":[\"https:\\\/\\\/alimak.com\\\/es\\\/soluciones-permanentes\\\/servicios-digitales-permanentes\\\/galeria-bim-permanente\\\/\"]}]},{\"@type\":\"BreadcrumbList\",\"@id\":\"https:\\\/\\\/alimak.com\\\/es\\\/soluciones-permanentes\\\/servicios-digitales-permanentes\\\/galeria-bim-permanente\\\/#breadcrumb\",\"itemListElement\":[{\"@type\":\"ListItem\",\"position\":1,\"name\":\"Home\",\"item\":\"https:\\\/\\\/alimak.com\\\/es\\\/\"},{\"@type\":\"ListItem\",\"position\":2,\"name\":\"Soluciones permanentes\",\"item\":\"https:\\\/\\\/alimak.com\\\/es\\\/soluciones-permanentes\\\/\"},{\"@type\":\"ListItem\",\"position\":3,\"name\":\"Servicios digitales (permanentes)\",\"item\":\"https:\\\/\\\/alimak.com\\\/es\\\/soluciones-permanentes\\\/servicios-digitales-permanentes\\\/\"},{\"@type\":\"ListItem\",\"position\":4,\"name\":\"Galer\u00eda BIM (permanente)\"}]},{\"@type\":\"WebSite\",\"@id\":\"https:\\\/\\\/alimak.com\\\/#website\",\"url\":\"https:\\\/\\\/alimak.com\\\/\",\"name\":\"Alimak\",\"description\":\"\",\"potentialAction\":[{\"@type\":\"SearchAction\",\"target\":{\"@type\":\"EntryPoint\",\"urlTemplate\":\"https:\\\/\\\/alimak.com\\\/?s={search_term_string}\"},\"query-input\":{\"@type\":\"PropertyValueSpecification\",\"valueRequired\":true,\"valueName\":\"search_term_string\"}}],\"inLanguage\":\"es-ES\"}]}<\/script>\n<!-- \/ Yoast SEO plugin. -->","yoast_head_json":{"title":"Galer\u00eda BIM (permanente) - Alimak","robots":{"index":"index","follow":"follow","max-snippet":"max-snippet:-1","max-image-preview":"max-image-preview:large","max-video-preview":"max-video-preview:-1"},"canonical":"https:\/\/alimak.com\/es\/soluciones-permanentes\/servicios-digitales-permanentes\/galeria-bim-permanente\/","og_locale":"es_ES","og_type":"article","og_title":"Galer\u00eda BIM (permanente) - Alimak","og_description":"Ahorre tiempo al buscar la soluci\u00f3n de elevador adecuada para su proyecto. Nuestra gama de archivos de objetos de modelado...","og_url":"https:\/\/alimak.com\/es\/soluciones-permanentes\/servicios-digitales-permanentes\/galeria-bim-permanente\/","og_site_name":"Alimak","article_modified_time":"2026-03-18T12:42:44+00:00","twitter_card":"summary_large_image","schema":{"@context":"https:\/\/schema.org","@graph":[{"@type":"WebPage","@id":"https:\/\/alimak.com\/es\/soluciones-permanentes\/servicios-digitales-permanentes\/galeria-bim-permanente\/","url":"https:\/\/alimak.com\/es\/soluciones-permanentes\/servicios-digitales-permanentes\/galeria-bim-permanente\/","name":"Galer\u00eda BIM (permanente) - Alimak","isPartOf":{"@id":"https:\/\/alimak.com\/#website"},"datePublished":"2026-02-04T12:37:14+00:00","dateModified":"2026-03-18T12:42:44+00:00","breadcrumb":{"@id":"https:\/\/alimak.com\/es\/soluciones-permanentes\/servicios-digitales-permanentes\/galeria-bim-permanente\/#breadcrumb"},"inLanguage":"es-ES","potentialAction":[{"@type":"ReadAction","target":["https:\/\/alimak.com\/es\/soluciones-permanentes\/servicios-digitales-permanentes\/galeria-bim-permanente\/"]}]},{"@type":"BreadcrumbList","@id":"https:\/\/alimak.com\/es\/soluciones-permanentes\/servicios-digitales-permanentes\/galeria-bim-permanente\/#breadcrumb","itemListElement":[{"@type":"ListItem","position":1,"name":"Home","item":"https:\/\/alimak.com\/es\/"},{"@type":"ListItem","position":2,"name":"Soluciones permanentes","item":"https:\/\/alimak.com\/es\/soluciones-permanentes\/"},{"@type":"ListItem","position":3,"name":"Servicios digitales (permanentes)","item":"https:\/\/alimak.com\/es\/soluciones-permanentes\/servicios-digitales-permanentes\/"},{"@type":"ListItem","position":4,"name":"Galer\u00eda BIM (permanente)"}]},{"@type":"WebSite","@id":"https:\/\/alimak.com\/#website","url":"https:\/\/alimak.com\/","name":"Alimak","description":"","potentialAction":[{"@type":"SearchAction","target":{"@type":"EntryPoint","urlTemplate":"https:\/\/alimak.com\/?s={search_term_string}"},"query-input":{"@type":"PropertyValueSpecification","valueRequired":true,"valueName":"search_term_string"}}],"inLanguage":"es-ES"}]}},"_links":{"self":[{"href":"https:\/\/alimak.com\/es\/wp-json\/wp\/v2\/pages\/14241","targetHints":{"allow":["GET"]}}],"collection":[{"href":"https:\/\/alimak.com\/es\/wp-json\/wp\/v2\/pages"}],"about":[{"href":"https:\/\/alimak.com\/es\/wp-json\/wp\/v2\/types\/page"}],"author":[{"embeddable":true,"href":"https:\/\/alimak.com\/es\/wp-json\/wp\/v2\/users\/2"}],"replies":[{"embeddable":true,"href":"https:\/\/alimak.com\/es\/wp-json\/wp\/v2\/comments?post=14241"}],"version-history":[{"count":1,"href":"https:\/\/alimak.com\/es\/wp-json\/wp\/v2\/pages\/14241\/revisions"}],"predecessor-version":[{"id":14244,"href":"https:\/\/alimak.com\/es\/wp-json\/wp\/v2\/pages\/14241\/revisions\/14244"}],"up":[{"embeddable":true,"href":"https:\/\/alimak.com\/es\/wp-json\/wp\/v2\/pages\/14041"}],"wp:attachment":[{"href":"https:\/\/alimak.com\/es\/wp-json\/wp\/v2\/media?parent=14241"}],"curies":[{"name":"wp","href":"https:\/\/api.w.org\/{rel}","templated":true}]}}