{"id":14249,"date":"2026-02-04T09:19:56","date_gmt":"2026-02-04T09:19:56","guid":{"rendered":"https:\/\/alimak.com\/mcwp-value-explorer\/"},"modified":"2026-03-18T12:51:34","modified_gmt":"2026-03-18T12:51:34","slug":"mcwp-value-explorer","status":"publish","type":"page","link":"https:\/\/alimak.com\/es\/soluciones-temporales\/servicios-digitales-temporal\/mcwp-value-explorer\/","title":{"rendered":"MCWP Value Explorer"},"content":{"rendered":"\n<section class=\"small-hero border-b bg-black border-darkGrey text-white pt-0 pb-0\">\n            <div class=\"relative\">\n            <div class=\"hero-overlay relative\">\n                                    <picture class=\"w-full\"><source media=\"(max-width:639px)\" srcset=\"https:\/\/images.ohmyhosting.se\/jC20l7vGtQMwt0-eJ-59ByNZvIg=\/390x461\/smart\/filters:quality(85)\/https%3A%2F%2Falimak.com%2Fwp-content%2Fuploads%2F2025%2F11%2F190806-421-HDR-web.jpg 1x, https:\/\/images.ohmyhosting.se\/HVzr90gI2WCV_0ki8iYcq7VqCsg=\/780x922\/smart\/filters:quality(85)\/https%3A%2F%2Falimak.com%2Fwp-content%2Fuploads%2F2025%2F11%2F190806-421-HDR-web.jpg 2x\"><source media=\"(max-width:1022px)\" srcset=\"https:\/\/images.ohmyhosting.se\/3ktzMleT-2H65B-kxs-ppbFtLqM=\/805x951\/smart\/filters:quality(85)\/https%3A%2F%2Falimak.com%2Fwp-content%2Fuploads%2F2025%2F11%2F190806-421-HDR-web.jpg 1x, https:\/\/images.ohmyhosting.se\/de80_35pok6hrb2e5kRALI2_KMQ=\/1610x1902\/smart\/filters:quality(85)\/https%3A%2F%2Falimak.com%2Fwp-content%2Fuploads%2F2025%2F11%2F190806-421-HDR-web.jpg 2x\"><img decoding=\"async\" src=\"https:\/\/images.ohmyhosting.se\/0TBYzE6W4Cgg0Gu03Rm6Kspz0nU=\/2545x814\/smart\/filters:quality(85)\/https%3A%2F%2Falimak.com%2Fwp-content%2Fuploads%2F2025%2F11%2F190806-421-HDR-web.jpg\" srcset=\"https:\/\/images.ohmyhosting.se\/0TBYzE6W4Cgg0Gu03Rm6Kspz0nU=\/2545x814\/smart\/filters:quality(85)\/https%3A%2F%2Falimak.com%2Fwp-content%2Fuploads%2F2025%2F11%2F190806-421-HDR-web.jpg 1x, https:\/\/images.ohmyhosting.se\/OITspSUmzvZrDkQ3kA500PMtMcA=\/5090x1628\/smart\/filters:quality(85)\/https%3A%2F%2Falimak.com%2Fwp-content%2Fuploads%2F2025%2F11%2F190806-421-HDR-web.jpg 2x\" alt=\"\" class=\"w-full object-cover w-full max-h-[90vh]\" width=\"2545\" height=\"814\" \/><\/picture>                            <\/div>\n            <div class=\"absolute inset-0 z-10 flex flex-col justify-end\">\n                <div class=\"holder\">\n                    <div class=\"grid grid-cols-12 gap-4 pb-16\">\n                        <div class=\"col-span-12 lg:col-span-7\">\n                                                    <p class=\"md:text-20 font-medium leading-[1.25] mb-1\">Soluciones temporales<\/p>\n                                                    <h1 class=\"text-28 md:text-52 leading-[1.3] lg:max-w-[625px]\"><div class=\"elementor-element elementor-element-0d3986f elementor-widget elementor-widget-heading\" data-id=\"0d3986f\" data-element_type=\"widget\" data-widget_type=\"heading.default\">\n<div class=\"elementor-widget-container\">\n<div class=\"elementor-heading-title elementor-size-default\">Calcule el valor real de las plataformas de trabajo sobre m\u00e1stil frente al andamiaje tradicional<\/div>\n<\/div>\n<\/div>\n<\/h1>\n                            <div class=\"wysiwyg pt-5 leading-[1.6] hidden lg:block lg:max-w-[512px]\"><div>Descubra ahorros de costes, mejoras de productividad y ventajas espec\u00edficas del proyecto en minutos. Tome decisiones m\u00e1s inteligentes sobre equipos de acceso respaldadas por datos reales. <\/div>\n<\/div>\n                        <\/div>\n                    <\/div>\n                <\/div>\n            <\/div>\n        <\/div>\n                    <div class=\"lg:hidden py-12 border-b border-darkGrey\">\n                <div class=\"holder\">\n                    <div class=\"wysiwyg leading-[1.6]\"><div>Descubra ahorros de costes, mejoras de productividad y ventajas espec\u00edficas del proyecto en minutos. Tome decisiones m\u00e1s inteligentes sobre equipos de acceso respaldadas por datos reales. <\/div>\n<\/div>\n                <\/div>\n            <\/div>\n        \n    <\/section>\n<section class=\"text-img bg-white text-black border-lightGrey   pt-12 lg:pt-24 pb-12 lg:pb-24\">\n    <div class=\"holder\">\n      <div class=\"grid grid-cols-12 gap-4 items-center\">\n        <div class=\"col-span-12 lg:col-span-6 2.5xl:col-span-8 \">\n                            <div class=\"text-img-overlay relative mb-8 md:mb-0 max-w-[852px] \">\n                    <picture class=\"w-full\"><source media=\"(max-width:639px)\" srcset=\"https:\/\/images.ohmyhosting.se\/jUAhZwmdxN0otmS08R-dmCzcyaU=\/382x237\/smart\/filters:quality(85)\/https%3A%2F%2Falimak.com%2Fwp-content%2Fuploads%2F2026%2F02%2FMast-Climbing-Work-Platforms.jpg 1x, https:\/\/images.ohmyhosting.se\/FB93NFha6ZjCfnD0XOWM5vc0Rb8=\/764x474\/smart\/filters:quality(85)\/https%3A%2F%2Falimak.com%2Fwp-content%2Fuploads%2F2026%2F02%2FMast-Climbing-Work-Platforms.jpg 2x\"><source media=\"(max-width:1022px)\" srcset=\"https:\/\/images.ohmyhosting.se\/LrDB-g0yFZr4QciXiGNH68H_dh0=\/773x480\/smart\/filters:quality(85)\/https%3A%2F%2Falimak.com%2Fwp-content%2Fuploads%2F2026%2F02%2FMast-Climbing-Work-Platforms.jpg 1x, https:\/\/images.ohmyhosting.se\/wPlb8V2vhDpAMg2pT1K52-3UBbU=\/1546x960\/smart\/filters:quality(85)\/https%3A%2F%2Falimak.com%2Fwp-content%2Fuploads%2F2026%2F02%2FMast-Climbing-Work-Platforms.jpg 2x\"><img decoding=\"async\" src=\"https:\/\/images.ohmyhosting.se\/NFz7eUPKV5iXIBSm9nFmv2awEoE=\/852x530\/smart\/filters:quality(85)\/https%3A%2F%2Falimak.com%2Fwp-content%2Fuploads%2F2026%2F02%2FMast-Climbing-Work-Platforms.jpg\" srcset=\"https:\/\/images.ohmyhosting.se\/NFz7eUPKV5iXIBSm9nFmv2awEoE=\/852x530\/smart\/filters:quality(85)\/https%3A%2F%2Falimak.com%2Fwp-content%2Fuploads%2F2026%2F02%2FMast-Climbing-Work-Platforms.jpg 1x, https:\/\/images.ohmyhosting.se\/TMzDWDzYDzwXYBGC8OAYvWbvzZ8=\/1704x1060\/smart\/filters:quality(85)\/https%3A%2F%2Falimak.com%2Fwp-content%2Fuploads%2F2026%2F02%2FMast-Climbing-Work-Platforms.jpg 2x\" alt=\"\" class=\"w-full w-full rounded-[12px] object-cover\" width=\"852\" height=\"530\" \/><\/picture>                                        <\/div>\n            \n        <\/div>\n        <div class=\"col-span-12 lg:col-span-6 2.5xl:col-span-4 flex flex-col justify-center \">\n            <div class=\"\">\n                                                    <div class=\"wysiwyg leading-[1.6] text-numbersGrey\"><div class=\"elementor-element elementor-element-451fce9 elementor-view-stacked elementor-shape-rounded elementor-position-left elementor-mobile-position-top elementor-widget elementor-widget-icon-box\" data-id=\"451fce9\" data-element_type=\"widget\" data-widget_type=\"icon-box.default\">\n<div class=\"elementor-widget-container\">\n<div class=\"elementor-icon-box-wrapper\">\n<div class=\"elementor-icon-box-content\"><\/div>\n<\/div>\n<\/div>\n<\/div>\n<div class=\"elementor-element elementor-element-805c7cc elementor-view-stacked elementor-shape-rounded elementor-position-left elementor-mobile-position-top elementor-widget elementor-widget-icon-box\" data-id=\"805c7cc\" data-element_type=\"widget\" data-widget_type=\"icon-box.default\">\n<p>El Mast Climber Value Explorer pone de relieve las ventajas ocultas de las plataformas de trabajo sobre m\u00e1stil frente al andamiaje tradicional. Mediante un enfoque de venta basado en el valor, revela beneficios que a menudo se pasan por alto, como la productividad, la log\u00edstica, la seguridad y el ahorro de materiales y mano de obra. <\/p>\n<p>Al introducir datos reales del proyecto, detalles del edificio, necesidades de personal y par\u00e1metros de montaje, la herramienta compara el andamiaje y las plataformas sobre m\u00e1stil paso a paso. A continuaci\u00f3n, cuantifica el impacto, mostrando reducciones en la duraci\u00f3n del proyecto, el coste de mano de obra y el coste total de acceso. <\/p>\n<p>El resultado es una comparaci\u00f3n clara, basada en datos, que demuestra por qu\u00e9 las plataformas sobre m\u00e1stil suelen ser la opci\u00f3n m\u00e1s rentable.<\/p>\n<p>Descubra cu\u00e1nto valor puede aportar una plataforma sobre m\u00e1stil a su proyecto:<\/p>\n<\/div>\n<\/div>\n                                                    <div class=\"mt-8\">\n                        <a class=\"btn black\" href=\"https:\/\/connect.alimakgroup.com\/vbs\/\" target=\"_blank\">\n                            <span>Calcule su ahorro<\/span>\n                            <span>\n                                                                    <svg width=\"18\" height=\"18\" viewBox=\"0 0 18 18\" fill=\"none\" xmlns=\"http:\/\/www.w3.org\/2000\/svg\">\n                                    <path class=\"stroke-white\" d=\"M13.5 9.75098V14.251C13.5 14.6488 13.342 15.0303 13.0607 15.3116C12.7794 15.5929 12.3978 15.751 12 15.751H3.75C3.35218 15.751 2.97064 15.5929 2.68934 15.3116C2.40804 15.0303 2.25 14.6488 2.25 14.251V6.00098C2.25 5.60315 2.40804 5.22162 2.68934 4.94032C2.97064 4.65901 3.35218 4.50098 3.75 4.50098H8.25\" stroke=\"white\" stroke-width=\"1.5\" stroke-linejoin=\"round\"\/>\n                                    <path class=\"stroke-white\" d=\"M11.25 2.25098H15.75V6.75098\" stroke=\"white\" stroke-width=\"1.5\" stroke-linejoin=\"round\"\/>\n                                    <path class=\"stroke-white\" d=\"M7.50073 10.501L15.7507 2.25098\" stroke=\"white\" stroke-width=\"1.5\" stroke-linejoin=\"round\"\/>\n                                    <\/svg>\n                                                            <\/span>\n                        <\/a>\n                    <\/div>\n                            <\/div>\n        <\/div>\n      <\/div>\n    <\/div>\n<\/section>\n\n<section class=\"benefits bg-white text-black border-lightGrey pt-6 lg:pt-12 pb-6 lg:pb-12 \">\n    <div class=\"holder\">\n        <h2 class=\"text-24 md:text-36 font-medium leading-[1.3] mb-12\">Principales ventajas de las plataformas de trabajo sobre m\u00e1stil<\/h2>\n                    <div class=\"grid grid-cols-12 gap-x-4 gap-y-12\">\n                                    <div class=\"col-span-12 md:col-span-6 flex md:pr-10 lg:pr-20\">\n                                                    <div class=\"w-[60px] h-[60px] md:w-[92px] md:h-[92px] shrink-0 border-lightGrey border border mr-8 rounded-full flex items-center justify-center\">\n                                <img decoding=\"async\" class=\"max-h-[28px] md:max-h-[44px]\" src=\"https:\/\/alimak.com\/wp-content\/uploads\/2025\/09\/Shape.svg\" alt=\"\">\n                            <\/div>\n                                                <div>\n                            <h3 class=\"text-18 md:text-26 font-medium leading-[1.25] pb-3.5 border-b mb-3.5 border-lightGrey\">Mayor productividad<\/h3>\n                            <div class=\"text-14 md:text-base leading-[1.6] wysiwyg\"><\/div>\n                        <\/div>\n                    <\/div>\n                                    <div class=\"col-span-12 md:col-span-6 flex md:pr-10 lg:pr-20\">\n                                                    <div class=\"w-[60px] h-[60px] md:w-[92px] md:h-[92px] shrink-0 border-lightGrey border border mr-8 rounded-full flex items-center justify-center\">\n                                <img decoding=\"async\" class=\"max-h-[28px] md:max-h-[44px]\" src=\"https:\/\/alimak.com\/wp-content\/uploads\/2025\/09\/Shape.svg\" alt=\"\">\n                            <\/div>\n                                                <div>\n                            <h3 class=\"text-18 md:text-26 font-medium leading-[1.25] pb-3.5 border-b mb-3.5 border-lightGrey\">Mejor log\u00edstica<\/h3>\n                            <div class=\"text-14 md:text-base leading-[1.6] wysiwyg\"><\/div>\n                        <\/div>\n                    <\/div>\n                                    <div class=\"col-span-12 md:col-span-6 flex md:pr-10 lg:pr-20\">\n                                                    <div class=\"w-[60px] h-[60px] md:w-[92px] md:h-[92px] shrink-0 border-lightGrey border border mr-8 rounded-full flex items-center justify-center\">\n                                <img decoding=\"async\" class=\"max-h-[28px] md:max-h-[44px]\" src=\"https:\/\/alimak.com\/wp-content\/uploads\/2025\/09\/Shape.svg\" alt=\"\">\n                            <\/div>\n                                                <div>\n                            <h3 class=\"text-18 md:text-26 font-medium leading-[1.25] pb-3.5 border-b mb-3.5 border-lightGrey\">Mayor seguridad<\/h3>\n                            <div class=\"text-14 md:text-base leading-[1.6] wysiwyg\"><\/div>\n                        <\/div>\n                    <\/div>\n                                    <div class=\"col-span-12 md:col-span-6 flex md:pr-10 lg:pr-20\">\n                                                    <div class=\"w-[60px] h-[60px] md:w-[92px] md:h-[92px] shrink-0 border-lightGrey border border mr-8 rounded-full flex items-center justify-center\">\n                                <img decoding=\"async\" class=\"max-h-[28px] md:max-h-[44px]\" src=\"https:\/\/alimak.com\/wp-content\/uploads\/2025\/09\/Shape.svg\" alt=\"\">\n                            <\/div>\n                                                <div>\n                            <h3 class=\"text-18 md:text-26 font-medium leading-[1.25] pb-3.5 border-b mb-3.5 border-lightGrey\">Menor coste de producci\u00f3n del edificio<\/h3>\n                            <div class=\"text-14 md:text-base leading-[1.6] wysiwyg\"><\/div>\n                        <\/div>\n                    <\/div>\n                            <\/div>\n            <\/div>\n<\/section>\n","protected":false},"excerpt":{"rendered":"<p>Descubra ahorros de costes, mejoras de productividad y ventajas espec\u00edficas del proyecto en minutos. Tome decisiones m\u00e1s inteligentes sobre equipos&#8230;<\/p>\n","protected":false},"author":2,"featured_media":0,"parent":14801,"menu_order":0,"comment_status":"closed","ping_status":"closed","template":"","meta":{"_acf_changed":false,"footnotes":""},"class_list":["post-14249","page","type-page","status-publish","hentry"],"acf":[],"yoast_head":"<!-- This site is optimized with the Yoast SEO plugin v27.3 - https:\/\/yoast.com\/product\/yoast-seo-wordpress\/ -->\n<title>MCWP Value Explorer - Alimak<\/title>\n<meta name=\"robots\" content=\"index, follow, max-snippet:-1, max-image-preview:large, max-video-preview:-1\" \/>\n<link rel=\"canonical\" href=\"https:\/\/alimak.com\/es\/soluciones-temporales\/servicios-digitales-temporal\/mcwp-value-explorer\/\" \/>\n<meta property=\"og:locale\" content=\"es_ES\" \/>\n<meta property=\"og:type\" content=\"article\" \/>\n<meta property=\"og:title\" content=\"MCWP Value Explorer - Alimak\" \/>\n<meta property=\"og:description\" content=\"Descubra ahorros de costes, mejoras de productividad y ventajas espec\u00edficas del proyecto en minutos. Tome decisiones m\u00e1s inteligentes sobre equipos...\" \/>\n<meta property=\"og:url\" content=\"https:\/\/alimak.com\/es\/soluciones-temporales\/servicios-digitales-temporal\/mcwp-value-explorer\/\" \/>\n<meta property=\"og:site_name\" content=\"Alimak\" \/>\n<meta property=\"article:modified_time\" content=\"2026-03-18T12:51:34+00:00\" \/>\n<meta name=\"twitter:card\" content=\"summary_large_image\" \/>\n<script type=\"application\/ld+json\" class=\"yoast-schema-graph\">{\"@context\":\"https:\\\/\\\/schema.org\",\"@graph\":[{\"@type\":\"WebPage\",\"@id\":\"https:\\\/\\\/alimak.com\\\/es\\\/soluciones-temporales\\\/servicios-digitales-temporal\\\/mcwp-value-explorer\\\/\",\"url\":\"https:\\\/\\\/alimak.com\\\/es\\\/soluciones-temporales\\\/servicios-digitales-temporal\\\/mcwp-value-explorer\\\/\",\"name\":\"MCWP Value Explorer - Alimak\",\"isPartOf\":{\"@id\":\"https:\\\/\\\/alimak.com\\\/#website\"},\"datePublished\":\"2026-02-04T09:19:56+00:00\",\"dateModified\":\"2026-03-18T12:51:34+00:00\",\"breadcrumb\":{\"@id\":\"https:\\\/\\\/alimak.com\\\/es\\\/soluciones-temporales\\\/servicios-digitales-temporal\\\/mcwp-value-explorer\\\/#breadcrumb\"},\"inLanguage\":\"es-ES\",\"potentialAction\":[{\"@type\":\"ReadAction\",\"target\":[\"https:\\\/\\\/alimak.com\\\/es\\\/soluciones-temporales\\\/servicios-digitales-temporal\\\/mcwp-value-explorer\\\/\"]}]},{\"@type\":\"BreadcrumbList\",\"@id\":\"https:\\\/\\\/alimak.com\\\/es\\\/soluciones-temporales\\\/servicios-digitales-temporal\\\/mcwp-value-explorer\\\/#breadcrumb\",\"itemListElement\":[{\"@type\":\"ListItem\",\"position\":1,\"name\":\"Home\",\"item\":\"https:\\\/\\\/alimak.com\\\/es\\\/\"},{\"@type\":\"ListItem\",\"position\":2,\"name\":\"Soluciones temporales\",\"item\":\"https:\\\/\\\/alimak.com\\\/es\\\/soluciones-temporales\\\/\"},{\"@type\":\"ListItem\",\"position\":3,\"name\":\"Servicios digitales (temporal)\",\"item\":\"https:\\\/\\\/alimak.com\\\/es\\\/soluciones-temporales\\\/servicios-digitales-temporal\\\/\"},{\"@type\":\"ListItem\",\"position\":4,\"name\":\"MCWP Value Explorer\"}]},{\"@type\":\"WebSite\",\"@id\":\"https:\\\/\\\/alimak.com\\\/#website\",\"url\":\"https:\\\/\\\/alimak.com\\\/\",\"name\":\"Alimak\",\"description\":\"\",\"potentialAction\":[{\"@type\":\"SearchAction\",\"target\":{\"@type\":\"EntryPoint\",\"urlTemplate\":\"https:\\\/\\\/alimak.com\\\/?s={search_term_string}\"},\"query-input\":{\"@type\":\"PropertyValueSpecification\",\"valueRequired\":true,\"valueName\":\"search_term_string\"}}],\"inLanguage\":\"es-ES\"}]}<\/script>\n<!-- \/ Yoast SEO plugin. -->","yoast_head_json":{"title":"MCWP Value Explorer - Alimak","robots":{"index":"index","follow":"follow","max-snippet":"max-snippet:-1","max-image-preview":"max-image-preview:large","max-video-preview":"max-video-preview:-1"},"canonical":"https:\/\/alimak.com\/es\/soluciones-temporales\/servicios-digitales-temporal\/mcwp-value-explorer\/","og_locale":"es_ES","og_type":"article","og_title":"MCWP Value Explorer - Alimak","og_description":"Descubra ahorros de costes, mejoras de productividad y ventajas espec\u00edficas del proyecto en minutos. Tome decisiones m\u00e1s inteligentes sobre equipos...","og_url":"https:\/\/alimak.com\/es\/soluciones-temporales\/servicios-digitales-temporal\/mcwp-value-explorer\/","og_site_name":"Alimak","article_modified_time":"2026-03-18T12:51:34+00:00","twitter_card":"summary_large_image","schema":{"@context":"https:\/\/schema.org","@graph":[{"@type":"WebPage","@id":"https:\/\/alimak.com\/es\/soluciones-temporales\/servicios-digitales-temporal\/mcwp-value-explorer\/","url":"https:\/\/alimak.com\/es\/soluciones-temporales\/servicios-digitales-temporal\/mcwp-value-explorer\/","name":"MCWP Value Explorer - Alimak","isPartOf":{"@id":"https:\/\/alimak.com\/#website"},"datePublished":"2026-02-04T09:19:56+00:00","dateModified":"2026-03-18T12:51:34+00:00","breadcrumb":{"@id":"https:\/\/alimak.com\/es\/soluciones-temporales\/servicios-digitales-temporal\/mcwp-value-explorer\/#breadcrumb"},"inLanguage":"es-ES","potentialAction":[{"@type":"ReadAction","target":["https:\/\/alimak.com\/es\/soluciones-temporales\/servicios-digitales-temporal\/mcwp-value-explorer\/"]}]},{"@type":"BreadcrumbList","@id":"https:\/\/alimak.com\/es\/soluciones-temporales\/servicios-digitales-temporal\/mcwp-value-explorer\/#breadcrumb","itemListElement":[{"@type":"ListItem","position":1,"name":"Home","item":"https:\/\/alimak.com\/es\/"},{"@type":"ListItem","position":2,"name":"Soluciones temporales","item":"https:\/\/alimak.com\/es\/soluciones-temporales\/"},{"@type":"ListItem","position":3,"name":"Servicios digitales (temporal)","item":"https:\/\/alimak.com\/es\/soluciones-temporales\/servicios-digitales-temporal\/"},{"@type":"ListItem","position":4,"name":"MCWP Value Explorer"}]},{"@type":"WebSite","@id":"https:\/\/alimak.com\/#website","url":"https:\/\/alimak.com\/","name":"Alimak","description":"","potentialAction":[{"@type":"SearchAction","target":{"@type":"EntryPoint","urlTemplate":"https:\/\/alimak.com\/?s={search_term_string}"},"query-input":{"@type":"PropertyValueSpecification","valueRequired":true,"valueName":"search_term_string"}}],"inLanguage":"es-ES"}]}},"_links":{"self":[{"href":"https:\/\/alimak.com\/es\/wp-json\/wp\/v2\/pages\/14249","targetHints":{"allow":["GET"]}}],"collection":[{"href":"https:\/\/alimak.com\/es\/wp-json\/wp\/v2\/pages"}],"about":[{"href":"https:\/\/alimak.com\/es\/wp-json\/wp\/v2\/types\/page"}],"author":[{"embeddable":true,"href":"https:\/\/alimak.com\/es\/wp-json\/wp\/v2\/users\/2"}],"replies":[{"embeddable":true,"href":"https:\/\/alimak.com\/es\/wp-json\/wp\/v2\/comments?post=14249"}],"version-history":[{"count":1,"href":"https:\/\/alimak.com\/es\/wp-json\/wp\/v2\/pages\/14249\/revisions"}],"predecessor-version":[{"id":14251,"href":"https:\/\/alimak.com\/es\/wp-json\/wp\/v2\/pages\/14249\/revisions\/14251"}],"up":[{"embeddable":true,"href":"https:\/\/alimak.com\/es\/wp-json\/wp\/v2\/pages\/14801"}],"wp:attachment":[{"href":"https:\/\/alimak.com\/es\/wp-json\/wp\/v2\/media?parent=14249"}],"curies":[{"name":"wp","href":"https:\/\/api.w.org\/{rel}","templated":true}]}}