{"id":15007,"date":"2025-08-26T10:44:30","date_gmt":"2025-08-26T10:44:30","guid":{"rendered":"https:\/\/alimak.com\/politica-de-privacidad\/"},"modified":"2026-03-18T12:55:50","modified_gmt":"2026-03-18T12:55:50","slug":"politica-de-privacidad","status":"publish","type":"page","link":"https:\/\/alimak.com\/es\/politica-de-privacidad\/","title":{"rendered":"Pol\u00edtica de privacidad"},"content":{"rendered":"\n<section class=\"small-hero border-b bg-white text-black border-lightGrey pt-0 pb-0\">\n    \n        <div class=\"holder pt-36 md:pt-44\">\n            <div class=\"grid grid-cols-12 gap-4 pb-16\">\n                <div class=\"col-span-12 lg:col-span-7\">\n                                        <h1 class=\"text-28 md:text-52 leading-[1.3] lg:max-w-[625px]\"><p>Pol\u00edtica de privacidad<\/p>\n<\/h1>\n                    <div class=\"wysiwyg pt-5 leading-[1.6] lg:block lg:max-w-[767px]\"><h3><strong>Informaci\u00f3n sobre la gesti\u00f3n de los datos personales en Alimak Group<\/strong><\/h3>\n<p>Alimak forma parte de Alimak Group, l\u00edder mundial en soluciones de acceso vertical. Siempre nos esforzamos por construir relaciones s\u00f3lidas y de confianza con todas las partes con las que hacemos negocios. Por ello, para nosotros es esencial gestionar sus datos personales con su integridad como prioridad.  <\/p>\n<p>Los datos personales son todo tipo de informaci\u00f3n que puede utilizarse para identificarle como persona f\u00edsica. Nuestra Pol\u00edtica de privacidad describe por qu\u00e9 y c\u00f3mo gestionamos sus datos personales, as\u00ed como c\u00f3mo puede ejercer sus derechos. <\/p>\n<p>Le rogamos que lea esta pol\u00edtica.<\/p>\n<\/div>\n                <\/div>\n            <\/div>\n        <\/div>\n\n    <\/section>\n<section class=\"regular-text-block bg-white pt-6 lg:pt-12 pb-6 lg:pb-12\">\n    <div class=\"holder\">\n        <div class=\"grid grid-cols-12 gap-4\">\n            <div class=\"col-span-12 lg:col-span-3 hidden lg:block\">\n            <\/div>\n            <main class=\"col-span-12 lg:col-span-9\">\n\n                <div class=\"wysiwyg-article mb-12\">\n                    <h4>Nuestra responsabilidad<\/h4>\n<p>Para poder adquirir los suministros necesarios para desarrollar nuestra actividad y, as\u00ed, poder ofrecer a nuestros clientes las soluciones esperadas, tratamos sus datos personales. La mayor\u00eda de estos datos est\u00e1n asociados a su empleo, a su inter\u00e9s como accionista u otro inter\u00e9s en Alimak Group. Los datos se refieren a datos de contacto e informaci\u00f3n necesaria para mantener la relaci\u00f3n con usted o con su empleador.  <\/p>\n<p>Alimak Group es responsable (responsable del tratamiento) de todo el tratamiento que realizamos de sus datos personales. Cumplimos la normativa aplicable en materia de protecci\u00f3n de datos y tratamos los datos personales sobre la base de dicha normativa, as\u00ed como de acuerdo con pol\u00edticas y directrices internas. Le garantizamos que adoptamos las medidas necesarias para mantener sus datos personales seguros.  <\/p>\n<h4>Recopilaci\u00f3n<\/h4>\n<p>Solo recopilamos datos personales para fines determinados, expl\u00edcitos y leg\u00edtimos. Las fuentes de recopilaci\u00f3n pueden variar, pero normalmente los datos personales los facilita usted cuando se pone en contacto con nosotros a trav\u00e9s de nuestros sitios web, correo electr\u00f3nico, redes sociales, etc., cuando ejerce su derecho como accionista o su empleador como parte de su relaci\u00f3n cuando hace negocios con Alimak Group. <\/p>\n<h4>Conservaci\u00f3n<\/h4>\n<p>Tratamos sus datos personales \u00fanicamente durante el tiempo necesario para cumplir la finalidad del tratamiento. Posteriormente, eliminaremos, seudonimizaremos o anonimizaremos los datos personales para que ya no sea posible vincularlos con usted. El periodo durante el cual conservamos los datos personales depende de las finalidades del tratamiento, incluida la legislaci\u00f3n aplicable.  <\/p>\n<h4>Transferencias<\/h4>\n<p>Transferimos datos personales a trav\u00e9s de fronteras (transferencias a terceros pa\u00edses) solo si es necesario para cumplir nuestro compromiso con usted o con su empleador, para atender los intereses leg\u00edtimos de Alimak Group o para cumplir una obligaci\u00f3n legal.<\/p>\n<p>Cualquier encargado del tratamiento o tercero que pueda tratar sus datos personales en nombre de Alimak Group solo est\u00e1 autorizado a hacerlo de acuerdo con los requisitos t\u00e9cnicos, organizativos y legales establecidos por Alimak Group y especificados en los contratos con cada encargado del tratamiento, tercero o cualquier otro responsable del tratamiento.<\/p>\n<h4>El uso de cookies en los sitios web de Alimak Group<\/h4>\n<p>Una cookie es un peque\u00f1o archivo de datos que los sitios web de Alimak Group almacenan temporal o permanentemente en el disco duro de su ordenador cuando visita nuestros sitios. Utilizamos cookies principalmente para analizar c\u00f3mo se utilizan nuestros sitios web, analizar el rendimiento de los sitios web y mejorar su experiencia en el sitio web. Tambi\u00e9n utilizamos cookies para comercializar nuestros productos y servicios para usted y nuestros clientes.  <\/p>\n<p>Puede restringir, bloquear o rechazar las cookies ajustando la configuraci\u00f3n de cookies en el navegador de su dispositivo o en la secci\u00f3n de ajustes de su dispositivo m\u00f3vil. Utilice la funci\u00f3n de ayuda\/ajustes para obtener m\u00e1s informaci\u00f3n sobre c\u00f3mo gestionar las cookies. <\/p>\n<h4>Derechos del interesado<\/h4>\n<p>Cuando usted o su empleador residan en la UE\/EEE o cuando sus datos personales sean tratados por una empresa de Alimak Group dentro de la UE\/EEE, le ser\u00e1 de aplicaci\u00f3n el Reglamento general de protecci\u00f3n de datos (RGPD). El reglamento establece normas relativas a la protecci\u00f3n de las personas f\u00edsicas en lo que respecta al tratamiento de datos personales. Esta legislaci\u00f3n conlleva una serie de derechos que puede tener motivos para ejercer. Para ejercer sus derechos, p\u00f3ngase en contacto con nosotros en cualquiera de las direcciones indicadas a continuaci\u00f3n en la secci\u00f3n \u201cD\u00f3nde dirigirse para preguntas y m\u00e1s informaci\u00f3n\u201d. Las posibles restricciones o cambios en el tratamiento se aplicar\u00e1n a Alimak Group, as\u00ed como a cualquier parte que trate datos personales en nuestro nombre.    <\/p>\n<h4>Derecho de acceso<\/h4>\n<p>Tiene derecho a obtener informaci\u00f3n sobre si tratamos datos personales sobre usted y, en caso afirmativo, a que, previa solicitud, se le faciliten en un formato estructurado y de uso com\u00fan. Adem\u00e1s, tiene derecho a transmitir dichos datos a cualquier tercero que elija. <\/p>\n<p>Adem\u00e1s de los datos personales objeto de tratamiento, tiene derecho a ser informado de la finalidad y la base jur\u00eddica del tratamiento, de cualquier informaci\u00f3n disponible sobre el origen de los datos, si es posible, del periodo durante el cual conservaremos los datos, de los destinatarios o categor\u00edas de destinatarios a los que se hayan comunicado o se vayan a comunicar los datos personales, de nuestras garant\u00edas para posibles transferencias a terceros pa\u00edses y de la l\u00f3gica aplicada si se realiza una toma de decisiones automatizada, incluida la elaboraci\u00f3n de perfiles, sobre sus datos personales.<\/p>\n<h4>Derecho de rectificaci\u00f3n<\/h4>\n<p>Alimak Group es responsable de la exactitud de los datos personales que tratamos sobre usted. Aun as\u00ed, si considera que alg\u00fan dato personal que tratamos sobre usted es inexacto, tiene derecho a solicitar la rectificaci\u00f3n de dichos datos err\u00f3neos. Tras realizar la rectificaci\u00f3n, le informaremos de la medida adoptada para atender su solicitud.  <\/p>\n<h4>Derecho de oposici\u00f3n<\/h4>\n<p>Tiene derecho a oponerse al tratamiento cuando sus datos personales se utilicen con fines de marketing y por el inter\u00e9s leg\u00edtimo de Alimak Group, incluido cuando se utilice la elaboraci\u00f3n de perfiles para estos fines. Si se considera que sus intereses o sus derechos y libertades fundamentales prevalecen sobre nuestros intereses leg\u00edtimos, pondremos fin al tratamiento y le informaremos de las medidas adoptadas. <\/p>\n<h4>Derecho a la limitaci\u00f3n del tratamiento<\/h4>\n<p>Tiene derecho a solicitar la limitaci\u00f3n del tratamiento cuando considere que la finalidad del tratamiento ya no es v\u00e1lida, cuando considere que el tratamiento es il\u00edcito, si impugna la exactitud de los datos personales objeto de tratamiento o cuando se oponga al tratamiento.<\/p>\n<p>Cuando la limitaci\u00f3n se lleve a cabo a petici\u00f3n suya, Alimak Group le informar\u00e1 en caso de que se levante la limitaci\u00f3n del tratamiento.<\/p>\n<h4>Derecho a retirar el consentimiento<\/h4>\n<p>Algunas de las actividades de tratamiento realizadas en Alimak Group pueden basarse en su consentimiento. En tal caso, tiene derecho a retirar su consentimiento en cualquier momento. La retirada del consentimiento no afectar\u00e1 a la licitud del tratamiento realizado antes de la retirada. Si retira su consentimiento, Alimak dejar\u00e1 de tratar sus datos personales, salvo que estemos obligados a seguir trat\u00e1ndolos en virtud de una obligaci\u00f3n legal.   <\/p>\n<h4>Derecho al olvido (supresi\u00f3n)<\/h4>\n<p>Al igual que el derecho a la limitaci\u00f3n, tiene derecho a solicitar la supresi\u00f3n de sus datos personales cuando considere que la finalidad del tratamiento ya no es v\u00e1lida o cuando considere que el tratamiento es il\u00edcito.<\/p>\n<p>Si Alimak Group necesita seguir tratando sus datos personales para cumplir una obligaci\u00f3n legal, rechazaremos su solicitud y le informaremos del motivo.<\/p>\n<h4>Derecho a la portabilidad de los datos<\/h4>\n<p>Si el tratamiento de sus datos personales se basa en el consentimiento, se lleva a cabo por medios automatizados o es necesario para la ejecuci\u00f3n de un contrato del que usted forma parte, tiene derecho a ejercer su derecho a la portabilidad de los datos. Previa solicitud y si es factible, Alimak Group facilitar\u00e1 sus datos personales, en un formato estructurado, de uso com\u00fan y legible por m\u00e1quina, a la parte que usted elija. <\/p>\n<h4>Cambios en esta Pol\u00edtica de privacidad<\/h4>\n<p>Alimak Group puede modificar o actualizar esta Pol\u00edtica de privacidad cuando sea necesario para reflejar cambios en nuestro negocio o cambios en la legislaci\u00f3n aplicable. Le rogamos que revise esta pol\u00edtica con regularidad. <\/p>\n<h4>D\u00f3nde dirigirse para preguntas y m\u00e1s informaci\u00f3n<\/h4>\n<p>Para cualquier pregunta sobre esta pol\u00edtica o sus derechos, p\u00f3ngase en contacto con nosotros por correo electr\u00f3nico en <a href=\"mailto:privacy@alimakgroup.com\">privacy@alimakgroup.com<\/a> o por correo postal en la direcci\u00f3n que figura a continuaci\u00f3n: <\/p>\n<p>Alimak Group AB (publ)<br \/>\nA la atenci\u00f3n de: Global Data Protection Manager<br \/>\nBlekholmstorget 30<br \/>\n111 64 Estocolmo<\/p>\n<p>\u00daltima modificaci\u00f3n:\u202f 21 de junio de 2022<\/p>\n                <\/div>\n\n                            <\/main>\n        <\/div>\n    <\/div>\n<\/section>\n","protected":false},"excerpt":{"rendered":"<p>Informaci\u00f3n sobre la gesti\u00f3n de los datos personales en Alimak Group Alimak forma parte de Alimak Group, l\u00edder mundial en&#8230;<\/p>\n","protected":false},"author":1,"featured_media":0,"parent":0,"menu_order":0,"comment_status":"closed","ping_status":"closed","template":"","meta":{"_acf_changed":false,"footnotes":""},"class_list":["post-15007","page","type-page","status-publish","hentry"],"acf":[],"yoast_head":"<!-- This site is optimized with the Yoast SEO plugin v27.3 - https:\/\/yoast.com\/product\/yoast-seo-wordpress\/ -->\n<title>Pol\u00edtica de privacidad - Alimak<\/title>\n<meta name=\"robots\" content=\"index, follow, max-snippet:-1, max-image-preview:large, max-video-preview:-1\" \/>\n<link rel=\"canonical\" href=\"https:\/\/alimak.com\/es\/politica-de-privacidad\/\" \/>\n<meta property=\"og:locale\" content=\"es_ES\" \/>\n<meta property=\"og:type\" content=\"article\" \/>\n<meta property=\"og:title\" content=\"Pol\u00edtica de privacidad - Alimak\" \/>\n<meta property=\"og:description\" content=\"Informaci\u00f3n sobre la gesti\u00f3n de los datos personales en Alimak Group Alimak forma parte de Alimak Group, l\u00edder mundial en...\" \/>\n<meta property=\"og:url\" content=\"https:\/\/alimak.com\/es\/politica-de-privacidad\/\" \/>\n<meta property=\"og:site_name\" content=\"Alimak\" \/>\n<meta property=\"article:modified_time\" content=\"2026-03-18T12:55:50+00:00\" \/>\n<meta name=\"twitter:card\" content=\"summary_large_image\" \/>\n<script type=\"application\/ld+json\" class=\"yoast-schema-graph\">{\"@context\":\"https:\\\/\\\/schema.org\",\"@graph\":[{\"@type\":\"WebPage\",\"@id\":\"https:\\\/\\\/alimak.com\\\/es\\\/politica-de-privacidad\\\/\",\"url\":\"https:\\\/\\\/alimak.com\\\/es\\\/politica-de-privacidad\\\/\",\"name\":\"Pol\u00edtica de privacidad - Alimak\",\"isPartOf\":{\"@id\":\"https:\\\/\\\/alimak.com\\\/#website\"},\"datePublished\":\"2025-08-26T10:44:30+00:00\",\"dateModified\":\"2026-03-18T12:55:50+00:00\",\"breadcrumb\":{\"@id\":\"https:\\\/\\\/alimak.com\\\/es\\\/politica-de-privacidad\\\/#breadcrumb\"},\"inLanguage\":\"es-ES\",\"potentialAction\":[{\"@type\":\"ReadAction\",\"target\":[\"https:\\\/\\\/alimak.com\\\/es\\\/politica-de-privacidad\\\/\"]}]},{\"@type\":\"BreadcrumbList\",\"@id\":\"https:\\\/\\\/alimak.com\\\/es\\\/politica-de-privacidad\\\/#breadcrumb\",\"itemListElement\":[{\"@type\":\"ListItem\",\"position\":1,\"name\":\"Home\",\"item\":\"https:\\\/\\\/alimak.com\\\/es\\\/\"},{\"@type\":\"ListItem\",\"position\":2,\"name\":\"Pol\u00edtica de privacidad\"}]},{\"@type\":\"WebSite\",\"@id\":\"https:\\\/\\\/alimak.com\\\/#website\",\"url\":\"https:\\\/\\\/alimak.com\\\/\",\"name\":\"Alimak\",\"description\":\"\",\"potentialAction\":[{\"@type\":\"SearchAction\",\"target\":{\"@type\":\"EntryPoint\",\"urlTemplate\":\"https:\\\/\\\/alimak.com\\\/?s={search_term_string}\"},\"query-input\":{\"@type\":\"PropertyValueSpecification\",\"valueRequired\":true,\"valueName\":\"search_term_string\"}}],\"inLanguage\":\"es-ES\"}]}<\/script>\n<!-- \/ Yoast SEO plugin. -->","yoast_head_json":{"title":"Pol\u00edtica de privacidad - Alimak","robots":{"index":"index","follow":"follow","max-snippet":"max-snippet:-1","max-image-preview":"max-image-preview:large","max-video-preview":"max-video-preview:-1"},"canonical":"https:\/\/alimak.com\/es\/politica-de-privacidad\/","og_locale":"es_ES","og_type":"article","og_title":"Pol\u00edtica de privacidad - Alimak","og_description":"Informaci\u00f3n sobre la gesti\u00f3n de los datos personales en Alimak Group Alimak forma parte de Alimak Group, l\u00edder mundial en...","og_url":"https:\/\/alimak.com\/es\/politica-de-privacidad\/","og_site_name":"Alimak","article_modified_time":"2026-03-18T12:55:50+00:00","twitter_card":"summary_large_image","schema":{"@context":"https:\/\/schema.org","@graph":[{"@type":"WebPage","@id":"https:\/\/alimak.com\/es\/politica-de-privacidad\/","url":"https:\/\/alimak.com\/es\/politica-de-privacidad\/","name":"Pol\u00edtica de privacidad - Alimak","isPartOf":{"@id":"https:\/\/alimak.com\/#website"},"datePublished":"2025-08-26T10:44:30+00:00","dateModified":"2026-03-18T12:55:50+00:00","breadcrumb":{"@id":"https:\/\/alimak.com\/es\/politica-de-privacidad\/#breadcrumb"},"inLanguage":"es-ES","potentialAction":[{"@type":"ReadAction","target":["https:\/\/alimak.com\/es\/politica-de-privacidad\/"]}]},{"@type":"BreadcrumbList","@id":"https:\/\/alimak.com\/es\/politica-de-privacidad\/#breadcrumb","itemListElement":[{"@type":"ListItem","position":1,"name":"Home","item":"https:\/\/alimak.com\/es\/"},{"@type":"ListItem","position":2,"name":"Pol\u00edtica de privacidad"}]},{"@type":"WebSite","@id":"https:\/\/alimak.com\/#website","url":"https:\/\/alimak.com\/","name":"Alimak","description":"","potentialAction":[{"@type":"SearchAction","target":{"@type":"EntryPoint","urlTemplate":"https:\/\/alimak.com\/?s={search_term_string}"},"query-input":{"@type":"PropertyValueSpecification","valueRequired":true,"valueName":"search_term_string"}}],"inLanguage":"es-ES"}]}},"_links":{"self":[{"href":"https:\/\/alimak.com\/es\/wp-json\/wp\/v2\/pages\/15007","targetHints":{"allow":["GET"]}}],"collection":[{"href":"https:\/\/alimak.com\/es\/wp-json\/wp\/v2\/pages"}],"about":[{"href":"https:\/\/alimak.com\/es\/wp-json\/wp\/v2\/types\/page"}],"author":[{"embeddable":true,"href":"https:\/\/alimak.com\/es\/wp-json\/wp\/v2\/users\/1"}],"replies":[{"embeddable":true,"href":"https:\/\/alimak.com\/es\/wp-json\/wp\/v2\/comments?post=15007"}],"version-history":[{"count":1,"href":"https:\/\/alimak.com\/es\/wp-json\/wp\/v2\/pages\/15007\/revisions"}],"predecessor-version":[{"id":15008,"href":"https:\/\/alimak.com\/es\/wp-json\/wp\/v2\/pages\/15007\/revisions\/15008"}],"wp:attachment":[{"href":"https:\/\/alimak.com\/es\/wp-json\/wp\/v2\/media?parent=15007"}],"curies":[{"name":"wp","href":"https:\/\/api.w.org\/{rel}","templated":true}]}}