{"id":15009,"date":"2026-01-28T10:35:39","date_gmt":"2026-01-28T10:35:39","guid":{"rendered":"https:\/\/alimak.com\/soluciones-temporales\/piezas-y-servicios-temporal\/consultoria-de-acceso-vertical-en-fase-inicial-temporal\/"},"modified":"2026-03-18T12:55:59","modified_gmt":"2026-03-18T12:55:59","slug":"consultoria-de-acceso-vertical-en-fase-inicial-temporal","status":"publish","type":"page","link":"https:\/\/alimak.com\/es\/soluciones-temporales\/piezas-y-servicios-temporal\/consultoria-de-acceso-vertical-en-fase-inicial-temporal\/","title":{"rendered":"Consultor\u00eda de acceso vertical en fase inicial (temporal)"},"content":{"rendered":"\n<section class=\"small-hero border-b bg-black border-darkGrey text-white pt-0 pb-0\">\n            <div class=\"relative\">\n            <div class=\"hero-overlay relative\">\n                                    <picture class=\"w-full\"><source media=\"(max-width:639px)\" srcset=\"https:\/\/images.ohmyhosting.se\/a7lY6gCxPHif_68OmExYmy8AhKc=\/390x461\/smart\/filters:quality(85)\/https%3A%2F%2Falimak.com%2Fwp-content%2Fuploads%2F2026%2F01%2FOffice-1-e1771491985332.png 1x, https:\/\/images.ohmyhosting.se\/E-1rdRQXct2Gywltr0XTbQlkP6g=\/780x922\/smart\/filters:quality(85)\/https%3A%2F%2Falimak.com%2Fwp-content%2Fuploads%2F2026%2F01%2FOffice-1-e1771491985332.png 2x\"><source media=\"(max-width:1022px)\" srcset=\"https:\/\/images.ohmyhosting.se\/nEU_kSUpG-SvYEZ_8LxIiwaP_2E=\/805x951\/smart\/filters:quality(85)\/https%3A%2F%2Falimak.com%2Fwp-content%2Fuploads%2F2026%2F01%2FOffice-1-e1771491985332.png 1x, https:\/\/images.ohmyhosting.se\/mATyIK9cB8eywoJT1e7aHymWvSE=\/1610x1902\/smart\/filters:quality(85)\/https%3A%2F%2Falimak.com%2Fwp-content%2Fuploads%2F2026%2F01%2FOffice-1-e1771491985332.png 2x\"><img decoding=\"async\" src=\"https:\/\/images.ohmyhosting.se\/Ayh8MnTCIX5Bxuk7GvRnQoDJneI=\/2545x814\/smart\/filters:quality(85)\/https%3A%2F%2Falimak.com%2Fwp-content%2Fuploads%2F2026%2F01%2FOffice-1-e1771491985332.png\" srcset=\"https:\/\/images.ohmyhosting.se\/Ayh8MnTCIX5Bxuk7GvRnQoDJneI=\/2545x814\/smart\/filters:quality(85)\/https%3A%2F%2Falimak.com%2Fwp-content%2Fuploads%2F2026%2F01%2FOffice-1-e1771491985332.png 1x, https:\/\/images.ohmyhosting.se\/zaxvkbk8b8f6RtUJexz9NcPAyFg=\/5090x1628\/smart\/filters:quality(85)\/https%3A%2F%2Falimak.com%2Fwp-content%2Fuploads%2F2026%2F01%2FOffice-1-e1771491985332.png 2x\" alt=\"\" class=\"w-full object-cover w-full max-h-[90vh]\" width=\"2545\" height=\"814\" \/><\/picture>                            <\/div>\n            <div class=\"absolute inset-0 z-10 flex flex-col justify-end\">\n                <div class=\"holder\">\n                    <div class=\"grid grid-cols-12 gap-4 pb-16\">\n                        <div class=\"col-span-12 lg:col-span-7\">\n                                                    <p class=\"md:text-20 font-medium leading-[1.25] mb-1\">Soluciones temporales<\/p>\n                                                    <h1 class=\"text-28 md:text-52 leading-[1.3] lg:max-w-[625px]\"><p>Consultor\u00eda de acceso vertical en fase inicial<\/p>\n<\/h1>\n                            <div class=\"wysiwyg pt-5 leading-[1.6] hidden lg:block lg:max-w-[512px]\"><p>Cuando los grandes proyectos de construcci\u00f3n empiezan a tomar forma, la log\u00edstica vertical suele pasarse por alto. Muchos se centran en c\u00f3mo llegan y salen del emplazamiento los materiales, las personas y los equipos, pero la verdadera eficiencia solo se consigue cuando el flujo vertical se integra desde el principio. Ah\u00ed es donde Alimak marca la diferencia.  <\/p>\n<p>Con m\u00e1s de 75 a\u00f1os de experiencia global, Alimak ofrece una experiencia independiente y consultiva mucho antes de que sea necesario tomar decisiones sobre la compra o el alquiler de equipos. Nuestros especialistas ayudan a promotores y equipos de proyecto a definir la estrategia adecuada de acceso vertical en las primeras fases de planificaci\u00f3n, mejorando la seguridad, la productividad y la previsibilidad a lo largo de todo el ciclo de vida de la construcci\u00f3n. <\/p>\n<\/div>\n                        <\/div>\n                    <\/div>\n                <\/div>\n            <\/div>\n        <\/div>\n                    <div class=\"lg:hidden py-12 border-b border-darkGrey\">\n                <div class=\"holder\">\n                    <div class=\"wysiwyg leading-[1.6]\"><p>Cuando los grandes proyectos de construcci\u00f3n empiezan a tomar forma, la log\u00edstica vertical suele pasarse por alto. Muchos se centran en c\u00f3mo llegan y salen del emplazamiento los materiales, las personas y los equipos, pero la verdadera eficiencia solo se consigue cuando el flujo vertical se integra desde el principio. Ah\u00ed es donde Alimak marca la diferencia.  <\/p>\n<p>Con m\u00e1s de 75 a\u00f1os de experiencia global, Alimak ofrece una experiencia independiente y consultiva mucho antes de que sea necesario tomar decisiones sobre la compra o el alquiler de equipos. Nuestros especialistas ayudan a promotores y equipos de proyecto a definir la estrategia adecuada de acceso vertical en las primeras fases de planificaci\u00f3n, mejorando la seguridad, la productividad y la previsibilidad a lo largo de todo el ciclo de vida de la construcci\u00f3n. <\/p>\n<\/div>\n                <\/div>\n            <\/div>\n        \n    <\/section>\n<section class=\"text-img bg-white text-black border-lightGrey   pt-6 lg:pt-12 pb-6 lg:pb-12\">\n    <div class=\"holder\">\n      <div class=\"grid grid-cols-12 gap-4 items-center\">\n        <div class=\"col-span-12 lg:col-span-6 2.5xl:col-span-8 \">\n                            <div class=\"text-img-overlay relative mb-8 md:mb-0 max-w-[852px] \">\n                    <picture class=\"w-full\"><source media=\"(max-width:639px)\" srcset=\"https:\/\/images.ohmyhosting.se\/ezIsUjI6pFp-uMWUSbCtOgUeYds=\/382x237\/smart\/filters:quality(85)\/https%3A%2F%2Falimak.com%2Fwp-content%2Fuploads%2F2026%2F01%2FOffice-1-e1771491985332.png 1x, https:\/\/images.ohmyhosting.se\/IVck438GY2F-e-i_NuA75TBbEgU=\/764x474\/smart\/filters:quality(85)\/https%3A%2F%2Falimak.com%2Fwp-content%2Fuploads%2F2026%2F01%2FOffice-1-e1771491985332.png 2x\"><source media=\"(max-width:1022px)\" srcset=\"https:\/\/images.ohmyhosting.se\/tTNundT9nkEDUqwn7kbv_jjey0Y=\/773x480\/smart\/filters:quality(85)\/https%3A%2F%2Falimak.com%2Fwp-content%2Fuploads%2F2026%2F01%2FOffice-1-e1771491985332.png 1x, https:\/\/images.ohmyhosting.se\/iJe2UkiVgvxSwAJWg_3LpcGl0eA=\/1546x960\/smart\/filters:quality(85)\/https%3A%2F%2Falimak.com%2Fwp-content%2Fuploads%2F2026%2F01%2FOffice-1-e1771491985332.png 2x\"><img decoding=\"async\" src=\"https:\/\/images.ohmyhosting.se\/HNJnXZL8mgwksMDRMCyJbQAdAXU=\/852x530\/smart\/filters:quality(85)\/https%3A%2F%2Falimak.com%2Fwp-content%2Fuploads%2F2026%2F01%2FOffice-1-e1771491985332.png\" srcset=\"https:\/\/images.ohmyhosting.se\/HNJnXZL8mgwksMDRMCyJbQAdAXU=\/852x530\/smart\/filters:quality(85)\/https%3A%2F%2Falimak.com%2Fwp-content%2Fuploads%2F2026%2F01%2FOffice-1-e1771491985332.png 1x, https:\/\/images.ohmyhosting.se\/erxMw4lIrOqL7oOmLa87Gp6Ukj0=\/1704x1060\/smart\/filters:quality(85)\/https%3A%2F%2Falimak.com%2Fwp-content%2Fuploads%2F2026%2F01%2FOffice-1-e1771491985332.png 2x\" alt=\"\" class=\"w-full w-full rounded-[12px] object-cover\" width=\"852\" height=\"530\" \/><\/picture>                                        <\/div>\n            \n        <\/div>\n        <div class=\"col-span-12 lg:col-span-6 2.5xl:col-span-4 flex flex-col justify-center \">\n            <div class=\"\">\n                                    <h2 class=\"text-24 md:text-36 leading-[1.3] font-medium mb-4\">Orientaci\u00f3n experta con entidad propia<\/h2>\n                                                    <div class=\"wysiwyg leading-[1.6] text-numbersGrey\"><p>Este servicio no es solo un complemento a la venta de equipos. Es una oferta de consultor\u00eda profesional independiente, disponible con independencia de que posteriormente elija equipos de Alimak o no. Nuestro objetivo es sencillo: ayudarle a tomar las mejores decisiones posibles para la log\u00edstica vertical de su proyecto. Y, lo que es importante, nuestro apoyo de consultor\u00eda est\u00e1 disponible incluso antes de que se requiera cualquier ingenier\u00eda de aplicaci\u00f3n, garantizando que reciba asesoramiento independiente en las primeras etapas de planificaci\u00f3n.   <\/p>\n<p><strong>Le ayudamos a comprender y considerar \u00e1reas clave y su impacto en la log\u00edstica vertical: <\/strong><\/p>\n<ul>\n<li>M\u00e9todos de construcci\u00f3n y log\u00edstica<\/li>\n<li>Planificaci\u00f3n vertical y accesibilidad<\/li>\n<li>Disposiciones pr\u00e1cticas y de seguridad<\/li>\n<li>Soluciones alternativas y consideraciones medioambientales<\/li>\n<li>Planificaci\u00f3n y secuenciaci\u00f3n<\/li>\n<\/ul>\n<\/div>\n                                            <\/div>\n        <\/div>\n      <\/div>\n    <\/div>\n<\/section>\n\n<section class=\"text-img bg-white text-black border-lightGrey   pt-6 lg:pt-12 pb-6 lg:pb-12\">\n    <div class=\"holder\">\n      <div class=\"grid grid-cols-12 gap-4 items-center\">\n        <div class=\"col-span-12 lg:col-span-6 2.5xl:col-span-8  order-1 lg:order-2\">\n                            <div class=\"text-img-overlay relative mb-8 md:mb-0 max-w-[852px] lg:ml-auto\">\n                    <picture class=\"w-full\"><source media=\"(max-width:639px)\" srcset=\"https:\/\/images.ohmyhosting.se\/vBwFbs360hPAi3_fthl9-Q-JTdA=\/382x237\/smart\/filters:quality(85)\/https%3A%2F%2Falimak.com%2Fwp-content%2Fuploads%2F2025%2F12%2FWres-JV-Lesotho-highlands-water-project-phase-II.jpg 1x, https:\/\/images.ohmyhosting.se\/x24rjD5zuMQZNEWxReY5PwyRCfY=\/764x474\/smart\/filters:quality(85)\/https%3A%2F%2Falimak.com%2Fwp-content%2Fuploads%2F2025%2F12%2FWres-JV-Lesotho-highlands-water-project-phase-II.jpg 2x\"><source media=\"(max-width:1022px)\" srcset=\"https:\/\/images.ohmyhosting.se\/xwk7j2vUJo4Oj2Bcw9FAOLKqqEU=\/773x480\/smart\/filters:quality(85)\/https%3A%2F%2Falimak.com%2Fwp-content%2Fuploads%2F2025%2F12%2FWres-JV-Lesotho-highlands-water-project-phase-II.jpg 1x, https:\/\/images.ohmyhosting.se\/fn7kJ06ig-BKQz5v6QO1iPlQkWE=\/1546x960\/smart\/filters:quality(85)\/https%3A%2F%2Falimak.com%2Fwp-content%2Fuploads%2F2025%2F12%2FWres-JV-Lesotho-highlands-water-project-phase-II.jpg 2x\"><img decoding=\"async\" src=\"https:\/\/images.ohmyhosting.se\/E29Y_3rbXIP1RStS8EYvW4O0hqg=\/852x530\/smart\/filters:quality(85)\/https%3A%2F%2Falimak.com%2Fwp-content%2Fuploads%2F2025%2F12%2FWres-JV-Lesotho-highlands-water-project-phase-II.jpg\" srcset=\"https:\/\/images.ohmyhosting.se\/E29Y_3rbXIP1RStS8EYvW4O0hqg=\/852x530\/smart\/filters:quality(85)\/https%3A%2F%2Falimak.com%2Fwp-content%2Fuploads%2F2025%2F12%2FWres-JV-Lesotho-highlands-water-project-phase-II.jpg 1x, https:\/\/images.ohmyhosting.se\/1dhhtBT5hJ_sJpGZ2wJ1oMgzrxw=\/1704x1060\/smart\/filters:quality(85)\/https%3A%2F%2Falimak.com%2Fwp-content%2Fuploads%2F2025%2F12%2FWres-JV-Lesotho-highlands-water-project-phase-II.jpg 2x\" alt=\"\" class=\"w-full w-full rounded-[12px] object-cover\" width=\"852\" height=\"530\" \/><\/picture>                                        <\/div>\n            \n        <\/div>\n        <div class=\"col-span-12 lg:col-span-6 2.5xl:col-span-4 flex flex-col justify-center  order-2 lg:order-1\">\n            <div class=\"\">\n                                    <h2 class=\"text-24 md:text-36 leading-[1.3] font-medium mb-4\">Por qu\u00e9 la log\u00edstica vertical debe incorporarse al proceso desde el principio<\/h2>\n                                                    <div class=\"wysiwyg leading-[1.6] text-numbersGrey\"><p>Incluso la mejor estrategia de transporte se quedar\u00e1 corta si el flujo vertical no se tiene en cuenta desde el primer d\u00eda. Las decisiones tard\u00edas suelen provocar ineficiencias, congesti\u00f3n, riesgos de seguridad y costes imprevistos. La planificaci\u00f3n temprana garantiza flujos de trabajo m\u00e1s fluidos, mayor productividad en obra, mejores condiciones de seguridad, menos interrupciones y soluciones m\u00e1s sostenibles.  <\/p>\n<\/div>\n                                            <\/div>\n        <\/div>\n      <\/div>\n    <\/div>\n<\/section>\n\n<section class=\"text-img bg-white text-black border-lightGrey   pt-6 lg:pt-12 pb-6 lg:pb-12\">\n    <div class=\"holder\">\n      <div class=\"grid grid-cols-12 gap-4 items-center\">\n        <div class=\"col-span-12 lg:col-span-6 2.5xl:col-span-8 \">\n                            <div class=\"text-img-overlay relative mb-8 md:mb-0 max-w-[852px] \">\n                    <picture class=\"w-full\"><source media=\"(max-width:639px)\" srcset=\"https:\/\/images.ohmyhosting.se\/GkoILb3ljAQt_1TMNELPR6aYQgs=\/382x237\/smart\/filters:quality(85)\/https%3A%2F%2Falimak.com%2Fwp-content%2Fuploads%2F2026%2F01%2FAlimak_2021_11-21_-23-klar-e1769609400219.jpg 1x, https:\/\/images.ohmyhosting.se\/3nLrD0AHX4SwNV-urPg07ttG-WY=\/764x474\/smart\/filters:quality(85)\/https%3A%2F%2Falimak.com%2Fwp-content%2Fuploads%2F2026%2F01%2FAlimak_2021_11-21_-23-klar-e1769609400219.jpg 2x\"><source media=\"(max-width:1022px)\" srcset=\"https:\/\/images.ohmyhosting.se\/k-b15iUKwlBshiv3lTudPU5YFcw=\/773x480\/smart\/filters:quality(85)\/https%3A%2F%2Falimak.com%2Fwp-content%2Fuploads%2F2026%2F01%2FAlimak_2021_11-21_-23-klar-e1769609400219.jpg 1x, https:\/\/images.ohmyhosting.se\/G6xqo4Z4Ixjnw2SOu2pEiRYARcY=\/1546x960\/smart\/filters:quality(85)\/https%3A%2F%2Falimak.com%2Fwp-content%2Fuploads%2F2026%2F01%2FAlimak_2021_11-21_-23-klar-e1769609400219.jpg 2x\"><img decoding=\"async\" src=\"https:\/\/images.ohmyhosting.se\/h-vvgEx6C5-FvGwzdi3SvXoNM_M=\/852x530\/smart\/filters:quality(85)\/https%3A%2F%2Falimak.com%2Fwp-content%2Fuploads%2F2026%2F01%2FAlimak_2021_11-21_-23-klar-e1769609400219.jpg\" srcset=\"https:\/\/images.ohmyhosting.se\/h-vvgEx6C5-FvGwzdi3SvXoNM_M=\/852x530\/smart\/filters:quality(85)\/https%3A%2F%2Falimak.com%2Fwp-content%2Fuploads%2F2026%2F01%2FAlimak_2021_11-21_-23-klar-e1769609400219.jpg 1x, https:\/\/images.ohmyhosting.se\/t3DhO4-sxNcQzHdYj3mJlzGzaNI=\/1704x1060\/smart\/filters:quality(85)\/https%3A%2F%2Falimak.com%2Fwp-content%2Fuploads%2F2026%2F01%2FAlimak_2021_11-21_-23-klar-e1769609400219.jpg 2x\" alt=\"\" class=\"w-full w-full rounded-[12px] object-cover\" width=\"852\" height=\"530\" \/><\/picture>                                        <\/div>\n            \n        <\/div>\n        <div class=\"col-span-12 lg:col-span-6 2.5xl:col-span-4 flex flex-col justify-center \">\n            <div class=\"\">\n                                    <h2 class=\"text-24 md:text-36 leading-[1.3] font-medium mb-4\">\u00bfQuiere saber m\u00e1s?<\/h2>\n                                                    <div class=\"wysiwyg leading-[1.6] text-numbersGrey\"><p>Si le interesa conocer c\u00f3mo nuestra consultor\u00eda de log\u00edstica vertical puede apoyar su pr\u00f3ximo proyecto, p\u00f3ngase en contacto con su representante de Alimak m\u00e1s cercano. Estamos preparados para ayudarle a construir de forma m\u00e1s inteligente, m\u00e1s segura y m\u00e1s eficiente, desde el primer momento. <\/p>\n<\/div>\n                                                    <div class=\"mt-8\">\n                        <a class=\"btn black\" href=\"https:\/\/alimak.com\/es\/contactar\/\" target=\"\">\n                            <span>P\u00f3ngase en contacto<\/span>\n                            <span>\n                                                                    <svg width=\"24\" height=\"11\" viewBox=\"0 0 24 11\" fill=\"none\" xmlns=\"http:\/\/www.w3.org\/2000\/svg\">\n                                    <path class=\"stroke-white\" d=\"M0 5.50098H22\" stroke=\"white\" stroke-width=\"1.5\"\/>\n                                    <path class=\"stroke-white\" d=\"M17.5 1.00098L22 5.50098L17.5 10.001\" stroke=\"white\" stroke-width=\"1.5\"\/>\n                                    <\/svg>\n                                                            <\/span>\n                        <\/a>\n                    <\/div>\n                            <\/div>\n        <\/div>\n      <\/div>\n    <\/div>\n<\/section>\n","protected":false},"excerpt":{"rendered":"<p>Cuando los grandes proyectos de construcci\u00f3n empiezan a tomar forma, la log\u00edstica vertical suele pasarse por alto. Muchos se centran&#8230;<\/p>\n","protected":false},"author":2,"featured_media":0,"parent":14793,"menu_order":0,"comment_status":"closed","ping_status":"closed","template":"","meta":{"_acf_changed":false,"footnotes":""},"class_list":["post-15009","page","type-page","status-publish","hentry"],"acf":[],"yoast_head":"<!-- This site is optimized with the Yoast SEO plugin v27.3 - https:\/\/yoast.com\/product\/yoast-seo-wordpress\/ -->\n<title>Consultor\u00eda de acceso vertical en fase inicial (temporal) - Alimak<\/title>\n<meta name=\"robots\" content=\"index, follow, max-snippet:-1, max-image-preview:large, max-video-preview:-1\" \/>\n<link rel=\"canonical\" href=\"https:\/\/alimak.com\/es\/soluciones-temporales\/piezas-y-servicios-temporal\/consultoria-de-acceso-vertical-en-fase-inicial-temporal\/\" \/>\n<meta property=\"og:locale\" content=\"es_ES\" \/>\n<meta property=\"og:type\" content=\"article\" \/>\n<meta property=\"og:title\" content=\"Consultor\u00eda de acceso vertical en fase inicial (temporal) - Alimak\" \/>\n<meta property=\"og:description\" content=\"Cuando los grandes proyectos de construcci\u00f3n empiezan a tomar forma, la log\u00edstica vertical suele pasarse por alto. Muchos se centran...\" \/>\n<meta property=\"og:url\" content=\"https:\/\/alimak.com\/es\/soluciones-temporales\/piezas-y-servicios-temporal\/consultoria-de-acceso-vertical-en-fase-inicial-temporal\/\" \/>\n<meta property=\"og:site_name\" content=\"Alimak\" \/>\n<meta property=\"article:modified_time\" content=\"2026-03-18T12:55:59+00:00\" \/>\n<meta name=\"twitter:card\" content=\"summary_large_image\" \/>\n<script type=\"application\/ld+json\" class=\"yoast-schema-graph\">{\"@context\":\"https:\\\/\\\/schema.org\",\"@graph\":[{\"@type\":\"WebPage\",\"@id\":\"https:\\\/\\\/alimak.com\\\/es\\\/soluciones-temporales\\\/piezas-y-servicios-temporal\\\/consultoria-de-acceso-vertical-en-fase-inicial-temporal\\\/\",\"url\":\"https:\\\/\\\/alimak.com\\\/es\\\/soluciones-temporales\\\/piezas-y-servicios-temporal\\\/consultoria-de-acceso-vertical-en-fase-inicial-temporal\\\/\",\"name\":\"Consultor\u00eda de acceso vertical en fase inicial (temporal) - Alimak\",\"isPartOf\":{\"@id\":\"https:\\\/\\\/alimak.com\\\/#website\"},\"datePublished\":\"2026-01-28T10:35:39+00:00\",\"dateModified\":\"2026-03-18T12:55:59+00:00\",\"breadcrumb\":{\"@id\":\"https:\\\/\\\/alimak.com\\\/es\\\/soluciones-temporales\\\/piezas-y-servicios-temporal\\\/consultoria-de-acceso-vertical-en-fase-inicial-temporal\\\/#breadcrumb\"},\"inLanguage\":\"es-ES\",\"potentialAction\":[{\"@type\":\"ReadAction\",\"target\":[\"https:\\\/\\\/alimak.com\\\/es\\\/soluciones-temporales\\\/piezas-y-servicios-temporal\\\/consultoria-de-acceso-vertical-en-fase-inicial-temporal\\\/\"]}]},{\"@type\":\"BreadcrumbList\",\"@id\":\"https:\\\/\\\/alimak.com\\\/es\\\/soluciones-temporales\\\/piezas-y-servicios-temporal\\\/consultoria-de-acceso-vertical-en-fase-inicial-temporal\\\/#breadcrumb\",\"itemListElement\":[{\"@type\":\"ListItem\",\"position\":1,\"name\":\"Home\",\"item\":\"https:\\\/\\\/alimak.com\\\/es\\\/\"},{\"@type\":\"ListItem\",\"position\":2,\"name\":\"Soluciones temporales\",\"item\":\"https:\\\/\\\/alimak.com\\\/es\\\/soluciones-temporales\\\/\"},{\"@type\":\"ListItem\",\"position\":3,\"name\":\"Piezas y servicios (temporal)\",\"item\":\"https:\\\/\\\/alimak.com\\\/es\\\/soluciones-temporales\\\/piezas-y-servicios-temporal\\\/\"},{\"@type\":\"ListItem\",\"position\":4,\"name\":\"Consultor\u00eda de acceso vertical en fase inicial (temporal)\"}]},{\"@type\":\"WebSite\",\"@id\":\"https:\\\/\\\/alimak.com\\\/#website\",\"url\":\"https:\\\/\\\/alimak.com\\\/\",\"name\":\"Alimak\",\"description\":\"\",\"potentialAction\":[{\"@type\":\"SearchAction\",\"target\":{\"@type\":\"EntryPoint\",\"urlTemplate\":\"https:\\\/\\\/alimak.com\\\/?s={search_term_string}\"},\"query-input\":{\"@type\":\"PropertyValueSpecification\",\"valueRequired\":true,\"valueName\":\"search_term_string\"}}],\"inLanguage\":\"es-ES\"}]}<\/script>\n<!-- \/ Yoast SEO plugin. -->","yoast_head_json":{"title":"Consultor\u00eda de acceso vertical en fase inicial (temporal) - Alimak","robots":{"index":"index","follow":"follow","max-snippet":"max-snippet:-1","max-image-preview":"max-image-preview:large","max-video-preview":"max-video-preview:-1"},"canonical":"https:\/\/alimak.com\/es\/soluciones-temporales\/piezas-y-servicios-temporal\/consultoria-de-acceso-vertical-en-fase-inicial-temporal\/","og_locale":"es_ES","og_type":"article","og_title":"Consultor\u00eda de acceso vertical en fase inicial (temporal) - Alimak","og_description":"Cuando los grandes proyectos de construcci\u00f3n empiezan a tomar forma, la log\u00edstica vertical suele pasarse por alto. Muchos se centran...","og_url":"https:\/\/alimak.com\/es\/soluciones-temporales\/piezas-y-servicios-temporal\/consultoria-de-acceso-vertical-en-fase-inicial-temporal\/","og_site_name":"Alimak","article_modified_time":"2026-03-18T12:55:59+00:00","twitter_card":"summary_large_image","schema":{"@context":"https:\/\/schema.org","@graph":[{"@type":"WebPage","@id":"https:\/\/alimak.com\/es\/soluciones-temporales\/piezas-y-servicios-temporal\/consultoria-de-acceso-vertical-en-fase-inicial-temporal\/","url":"https:\/\/alimak.com\/es\/soluciones-temporales\/piezas-y-servicios-temporal\/consultoria-de-acceso-vertical-en-fase-inicial-temporal\/","name":"Consultor\u00eda de acceso vertical en fase inicial (temporal) - Alimak","isPartOf":{"@id":"https:\/\/alimak.com\/#website"},"datePublished":"2026-01-28T10:35:39+00:00","dateModified":"2026-03-18T12:55:59+00:00","breadcrumb":{"@id":"https:\/\/alimak.com\/es\/soluciones-temporales\/piezas-y-servicios-temporal\/consultoria-de-acceso-vertical-en-fase-inicial-temporal\/#breadcrumb"},"inLanguage":"es-ES","potentialAction":[{"@type":"ReadAction","target":["https:\/\/alimak.com\/es\/soluciones-temporales\/piezas-y-servicios-temporal\/consultoria-de-acceso-vertical-en-fase-inicial-temporal\/"]}]},{"@type":"BreadcrumbList","@id":"https:\/\/alimak.com\/es\/soluciones-temporales\/piezas-y-servicios-temporal\/consultoria-de-acceso-vertical-en-fase-inicial-temporal\/#breadcrumb","itemListElement":[{"@type":"ListItem","position":1,"name":"Home","item":"https:\/\/alimak.com\/es\/"},{"@type":"ListItem","position":2,"name":"Soluciones temporales","item":"https:\/\/alimak.com\/es\/soluciones-temporales\/"},{"@type":"ListItem","position":3,"name":"Piezas y servicios (temporal)","item":"https:\/\/alimak.com\/es\/soluciones-temporales\/piezas-y-servicios-temporal\/"},{"@type":"ListItem","position":4,"name":"Consultor\u00eda de acceso vertical en fase inicial (temporal)"}]},{"@type":"WebSite","@id":"https:\/\/alimak.com\/#website","url":"https:\/\/alimak.com\/","name":"Alimak","description":"","potentialAction":[{"@type":"SearchAction","target":{"@type":"EntryPoint","urlTemplate":"https:\/\/alimak.com\/?s={search_term_string}"},"query-input":{"@type":"PropertyValueSpecification","valueRequired":true,"valueName":"search_term_string"}}],"inLanguage":"es-ES"}]}},"_links":{"self":[{"href":"https:\/\/alimak.com\/es\/wp-json\/wp\/v2\/pages\/15009","targetHints":{"allow":["GET"]}}],"collection":[{"href":"https:\/\/alimak.com\/es\/wp-json\/wp\/v2\/pages"}],"about":[{"href":"https:\/\/alimak.com\/es\/wp-json\/wp\/v2\/types\/page"}],"author":[{"embeddable":true,"href":"https:\/\/alimak.com\/es\/wp-json\/wp\/v2\/users\/2"}],"replies":[{"embeddable":true,"href":"https:\/\/alimak.com\/es\/wp-json\/wp\/v2\/comments?post=15009"}],"version-history":[{"count":1,"href":"https:\/\/alimak.com\/es\/wp-json\/wp\/v2\/pages\/15009\/revisions"}],"predecessor-version":[{"id":15012,"href":"https:\/\/alimak.com\/es\/wp-json\/wp\/v2\/pages\/15009\/revisions\/15012"}],"up":[{"embeddable":true,"href":"https:\/\/alimak.com\/es\/wp-json\/wp\/v2\/pages\/14793"}],"wp:attachment":[{"href":"https:\/\/alimak.com\/es\/wp-json\/wp\/v2\/media?parent=15009"}],"curies":[{"name":"wp","href":"https:\/\/api.w.org\/{rel}","templated":true}]}}