{"id":15094,"date":"2025-09-11T11:31:54","date_gmt":"2025-09-11T11:31:54","guid":{"rendered":"https:\/\/alimak.com\/soluciones-temporales\/piezas-y-servicios-temporal\/soluciones-de-reacondicionamiento-temporal\/"},"modified":"2026-03-18T13:15:29","modified_gmt":"2026-03-18T13:15:29","slug":"soluciones-de-reacondicionamiento-temporal","status":"publish","type":"page","link":"https:\/\/alimak.com\/es\/soluciones-temporales\/piezas-y-servicios-temporal\/soluciones-de-reacondicionamiento-temporal\/","title":{"rendered":"Soluciones de reacondicionamiento (temporal)"},"content":{"rendered":"\n<section class=\"small-hero border-b bg-black border-darkGrey text-white pt-0 pb-0\">\n            <div class=\"relative\">\n            <div class=\"hero-overlay relative\">\n                                    <picture class=\"w-full\"><source media=\"(max-width:639px)\" srcset=\"https:\/\/images.ohmyhosting.se\/tNTnMGZHO-l5CgNSGv8NTWGgzQ8=\/390x461\/smart\/filters:quality(85)\/https%3A%2F%2Falimak.com%2Fwp-content%2Fuploads%2F2026%2F02%2FIMG_3040-scaled.jpg 1x, https:\/\/images.ohmyhosting.se\/s23Vy0wvRjvG_ZfLwgcS453tffw=\/780x922\/smart\/filters:quality(85)\/https%3A%2F%2Falimak.com%2Fwp-content%2Fuploads%2F2026%2F02%2FIMG_3040-scaled.jpg 2x\"><source media=\"(max-width:1022px)\" srcset=\"https:\/\/images.ohmyhosting.se\/riNqYEoCafCmq3zbp0a5Tj3TQoQ=\/805x951\/smart\/filters:quality(85)\/https%3A%2F%2Falimak.com%2Fwp-content%2Fuploads%2F2026%2F02%2FIMG_3040-scaled.jpg 1x, https:\/\/images.ohmyhosting.se\/TbQ6SK7mkB0etbDFDXaTBEKKkFk=\/1610x1902\/smart\/filters:quality(85)\/https%3A%2F%2Falimak.com%2Fwp-content%2Fuploads%2F2026%2F02%2FIMG_3040-scaled.jpg 2x\"><img decoding=\"async\" src=\"https:\/\/images.ohmyhosting.se\/zHyectG6Y5BR_mTElJhGhW03OW4=\/2545x814\/smart\/filters:quality(85)\/https%3A%2F%2Falimak.com%2Fwp-content%2Fuploads%2F2026%2F02%2FIMG_3040-scaled.jpg\" srcset=\"https:\/\/images.ohmyhosting.se\/zHyectG6Y5BR_mTElJhGhW03OW4=\/2545x814\/smart\/filters:quality(85)\/https%3A%2F%2Falimak.com%2Fwp-content%2Fuploads%2F2026%2F02%2FIMG_3040-scaled.jpg 1x, https:\/\/images.ohmyhosting.se\/ZY1428kMpqVIea1V8AOz0SkAe5k=\/5090x1628\/smart\/filters:quality(85)\/https%3A%2F%2Falimak.com%2Fwp-content%2Fuploads%2F2026%2F02%2FIMG_3040-scaled.jpg 2x\" alt=\"\" class=\"w-full object-cover w-full max-h-[90vh]\" width=\"2545\" height=\"814\" \/><\/picture>                            <\/div>\n            <div class=\"absolute inset-0 z-10 flex flex-col justify-end\">\n                <div class=\"holder\">\n                    <div class=\"grid grid-cols-12 gap-4 pb-16\">\n                        <div class=\"col-span-12 lg:col-span-7\">\n                                                    <p class=\"md:text-20 font-medium leading-[1.25] mb-1\">Soluciones temporales<\/p>\n                                                    <h1 class=\"text-28 md:text-52 leading-[1.3] lg:max-w-[625px]\"><p>Soluciones de reacondicionamiento<\/p>\n<\/h1>\n                            <div class=\"wysiwyg pt-5 leading-[1.6] hidden lg:block lg:max-w-[512px]\"><p>Los sistemas de acceso vertical temporales de Alimak son mundialmente reconocidos por su fiabilidad y su larga vida \u00fatil. Con el tiempo y las mejoras en las instalaciones existentes, puede ser necesaria una soluci\u00f3n de reacondicionamiento. Las soluciones de reacondicionamiento ofrecen una opci\u00f3n sostenible y prolongan la vida \u00fatil del equipo al restaurar el rendimiento y actualizar los sistemas de control para cumplir con los requisitos de seguridad modernos. Los reacondicionamientos pueden mejorar el funcionamiento seguro de los sistemas de acceso vertical, minimizar el tiempo de inactividad, optimizar la productividad y prolongar la vida \u00fatil del equipo.   <\/p>\n<\/div>\n                        <\/div>\n                    <\/div>\n                <\/div>\n            <\/div>\n        <\/div>\n                    <div class=\"lg:hidden py-12 border-b border-darkGrey\">\n                <div class=\"holder\">\n                    <div class=\"wysiwyg leading-[1.6]\"><p>Los sistemas de acceso vertical temporales de Alimak son mundialmente reconocidos por su fiabilidad y su larga vida \u00fatil. Con el tiempo y las mejoras en las instalaciones existentes, puede ser necesaria una soluci\u00f3n de reacondicionamiento. Las soluciones de reacondicionamiento ofrecen una opci\u00f3n sostenible y prolongan la vida \u00fatil del equipo al restaurar el rendimiento y actualizar los sistemas de control para cumplir con los requisitos de seguridad modernos. Los reacondicionamientos pueden mejorar el funcionamiento seguro de los sistemas de acceso vertical, minimizar el tiempo de inactividad, optimizar la productividad y prolongar la vida \u00fatil del equipo.   <\/p>\n<\/div>\n                <\/div>\n            <\/div>\n        \n    <\/section>\n<section class=\"text-img bg-white text-black border-lightGrey   pt-6 lg:pt-12 pb-6 lg:pb-12\">\n    <div class=\"holder\">\n      <div class=\"grid grid-cols-12 gap-4 items-center\">\n        <div class=\"col-span-12 lg:col-span-6 2.5xl:col-span-8 \">\n                            <div class=\"text-img-overlay relative mb-8 md:mb-0 max-w-[852px] \">\n                    <picture class=\"w-full\"><source media=\"(max-width:639px)\" srcset=\"https:\/\/images.ohmyhosting.se\/QBUuvbNtoq1DqFiUWZNdPyGanek=\/382x237\/smart\/filters:quality(85)\/https%3A%2F%2Falimak.com%2Fwp-content%2Fuploads%2F2025%2F10%2FALIMAK-TPM-2-scaled-e1771422704369.jpg 1x, https:\/\/images.ohmyhosting.se\/ZZnK9VUcjIR4j9K97tj-Lw3PQGQ=\/764x474\/smart\/filters:quality(85)\/https%3A%2F%2Falimak.com%2Fwp-content%2Fuploads%2F2025%2F10%2FALIMAK-TPM-2-scaled-e1771422704369.jpg 2x\"><source media=\"(max-width:1022px)\" srcset=\"https:\/\/images.ohmyhosting.se\/j8LilqNhnt8ztPsUiE5ZatB7kt4=\/773x480\/smart\/filters:quality(85)\/https%3A%2F%2Falimak.com%2Fwp-content%2Fuploads%2F2025%2F10%2FALIMAK-TPM-2-scaled-e1771422704369.jpg 1x, https:\/\/images.ohmyhosting.se\/jbQbOjBaJBK8AxiGn1kc0JQdCXk=\/1546x960\/smart\/filters:quality(85)\/https%3A%2F%2Falimak.com%2Fwp-content%2Fuploads%2F2025%2F10%2FALIMAK-TPM-2-scaled-e1771422704369.jpg 2x\"><img decoding=\"async\" src=\"https:\/\/images.ohmyhosting.se\/Xef-D9MeMW8rt0-2oUHpIXzCGSU=\/852x530\/smart\/filters:quality(85)\/https%3A%2F%2Falimak.com%2Fwp-content%2Fuploads%2F2025%2F10%2FALIMAK-TPM-2-scaled-e1771422704369.jpg\" srcset=\"https:\/\/images.ohmyhosting.se\/Xef-D9MeMW8rt0-2oUHpIXzCGSU=\/852x530\/smart\/filters:quality(85)\/https%3A%2F%2Falimak.com%2Fwp-content%2Fuploads%2F2025%2F10%2FALIMAK-TPM-2-scaled-e1771422704369.jpg 1x, https:\/\/images.ohmyhosting.se\/s1P8ZSBifDQSJM_ZFWQGTgGON4Y=\/1704x1060\/smart\/filters:quality(85)\/https%3A%2F%2Falimak.com%2Fwp-content%2Fuploads%2F2025%2F10%2FALIMAK-TPM-2-scaled-e1771422704369.jpg 2x\" alt=\"\" class=\"w-full w-full rounded-[12px] object-cover\" width=\"852\" height=\"530\" \/><\/picture>                                        <\/div>\n            \n        <\/div>\n        <div class=\"col-span-12 lg:col-span-6 2.5xl:col-span-4 flex flex-col justify-center \">\n            <div class=\"\">\n                                    <h2 class=\"text-24 md:text-36 leading-[1.3] font-medium mb-4\">Reacondicionamientos completos<\/h2>\n                                                    <div class=\"wysiwyg leading-[1.6] text-numbersGrey\"><p>Prolongue la vida \u00fatil de los equipos con una revisi\u00f3n completa o parcial de los sistemas estructurales, mec\u00e1nicos y de seguridad. Nuestros centros de servicio cuentan con t\u00e9cnicos y recursos dedicados para gestionar el proceso completo de reacondicionamiento, desde la evaluaci\u00f3n inicial hasta la instalaci\u00f3n final y la recertificaci\u00f3n. Para reacondicionamientos de alta complejidad o de gran envergadura, Alimak utiliza la planta de fabricaci\u00f3n de \u00faltima generaci\u00f3n en Skellefte\u00e5, Suecia.  <\/p>\n<\/div>\n                                            <\/div>\n        <\/div>\n      <\/div>\n    <\/div>\n<\/section>\n\n<section class=\"text-img bg-white text-black border-lightGrey   pt-6 lg:pt-12 pb-6 lg:pb-12\">\n    <div class=\"holder\">\n      <div class=\"grid grid-cols-12 gap-4 items-center\">\n        <div class=\"col-span-12 lg:col-span-6 2.5xl:col-span-8  order-1 lg:order-2\">\n                            <div class=\"text-img-overlay relative mb-8 md:mb-0 max-w-[852px] lg:ml-auto\">\n                    <picture class=\"w-full\"><source media=\"(max-width:639px)\" srcset=\"https:\/\/images.ohmyhosting.se\/y2h3HBcrI7WcCNMkHKBBJFBkPc0=\/382x237\/smart\/filters:quality(85)\/https%3A%2F%2Falimak.com%2Fwp-content%2Fuploads%2F2025%2F12%2FKappa-2.jpg 1x, https:\/\/images.ohmyhosting.se\/yHz8uGMOt24Mw7dtHGe-iQOim4Y=\/764x474\/smart\/filters:quality(85)\/https%3A%2F%2Falimak.com%2Fwp-content%2Fuploads%2F2025%2F12%2FKappa-2.jpg 2x\"><source media=\"(max-width:1022px)\" srcset=\"https:\/\/images.ohmyhosting.se\/qKHNn8X_hc2zduCF30JobDrNdHg=\/773x480\/smart\/filters:quality(85)\/https%3A%2F%2Falimak.com%2Fwp-content%2Fuploads%2F2025%2F12%2FKappa-2.jpg 1x, https:\/\/images.ohmyhosting.se\/mll1iLeffeEoniFw2Q8WkVEjIZs=\/1546x960\/smart\/filters:quality(85)\/https%3A%2F%2Falimak.com%2Fwp-content%2Fuploads%2F2025%2F12%2FKappa-2.jpg 2x\"><img decoding=\"async\" src=\"https:\/\/images.ohmyhosting.se\/cVEZTszjtt3hn2pkFAle-NwSaGM=\/852x530\/smart\/filters:quality(85)\/https%3A%2F%2Falimak.com%2Fwp-content%2Fuploads%2F2025%2F12%2FKappa-2.jpg\" srcset=\"https:\/\/images.ohmyhosting.se\/cVEZTszjtt3hn2pkFAle-NwSaGM=\/852x530\/smart\/filters:quality(85)\/https%3A%2F%2Falimak.com%2Fwp-content%2Fuploads%2F2025%2F12%2FKappa-2.jpg 1x, https:\/\/images.ohmyhosting.se\/dG34BZAYqTz_UWlnso926SN0qYg=\/1704x1060\/smart\/filters:quality(85)\/https%3A%2F%2Falimak.com%2Fwp-content%2Fuploads%2F2025%2F12%2FKappa-2.jpg 2x\" alt=\"\" class=\"w-full w-full rounded-[12px] object-cover\" width=\"852\" height=\"530\" \/><\/picture>                                        <\/div>\n            \n        <\/div>\n        <div class=\"col-span-12 lg:col-span-6 2.5xl:col-span-4 flex flex-col justify-center  order-2 lg:order-1\">\n            <div class=\"\">\n                                    <h2 class=\"text-24 md:text-36 leading-[1.3] font-medium mb-4\">Actualizaciones de productos<\/h2>\n                                                    <div class=\"wysiwyg leading-[1.6] text-numbersGrey\"><p>Un programa centrado en componentes clave individuales o limitados para mejorar el rendimiento o la funcionalidad del equipo. Las actualizaciones suelen ser necesarias cuando los componentes a medida o antiguos quedan obsoletos o su reparaci\u00f3n no es viable. Alimak es experta en ofrecer soluciones para la actualizaci\u00f3n de sistemas el\u00e9ctricos, de control y mec\u00e1nicos.  <\/p>\n<\/div>\n                                            <\/div>\n        <\/div>\n      <\/div>\n    <\/div>\n<\/section>\n\n<section class=\"text-img bg-white text-black border-lightGrey   pt-6 lg:pt-12 pb-6 lg:pb-12\">\n    <div class=\"holder\">\n      <div class=\"grid grid-cols-12 gap-4 items-center\">\n        <div class=\"col-span-12 lg:col-span-6 2.5xl:col-span-8 \">\n                            <div class=\"text-img-overlay relative mb-8 md:mb-0 max-w-[852px] \">\n                    <picture class=\"w-full\"><source media=\"(max-width:639px)\" srcset=\"https:\/\/images.ohmyhosting.se\/sqUwNbH-KjcsaBM0NCpdEPtc-O0=\/382x237\/smart\/filters:quality(85)\/https%3A%2F%2Falimak.com%2Fwp-content%2Fuploads%2F2026%2F02%2FIMAGE_352.jpg 1x, https:\/\/images.ohmyhosting.se\/0_0KOTLm1UCSOS7cSvkXm63HkgE=\/764x474\/smart\/filters:quality(85)\/https%3A%2F%2Falimak.com%2Fwp-content%2Fuploads%2F2026%2F02%2FIMAGE_352.jpg 2x\"><source media=\"(max-width:1022px)\" srcset=\"https:\/\/images.ohmyhosting.se\/HyZzzoaIbRKu2RoUtWBQL3eKZNY=\/773x480\/smart\/filters:quality(85)\/https%3A%2F%2Falimak.com%2Fwp-content%2Fuploads%2F2026%2F02%2FIMAGE_352.jpg 1x, https:\/\/images.ohmyhosting.se\/sviiaQOSx82pZWFpJv8vOdM40WE=\/1546x960\/smart\/filters:quality(85)\/https%3A%2F%2Falimak.com%2Fwp-content%2Fuploads%2F2026%2F02%2FIMAGE_352.jpg 2x\"><img decoding=\"async\" src=\"https:\/\/images.ohmyhosting.se\/1xXrNKKIVR_hYjB4h00uhH88jxs=\/852x530\/smart\/filters:quality(85)\/https%3A%2F%2Falimak.com%2Fwp-content%2Fuploads%2F2026%2F02%2FIMAGE_352.jpg\" srcset=\"https:\/\/images.ohmyhosting.se\/1xXrNKKIVR_hYjB4h00uhH88jxs=\/852x530\/smart\/filters:quality(85)\/https%3A%2F%2Falimak.com%2Fwp-content%2Fuploads%2F2026%2F02%2FIMAGE_352.jpg 1x, https:\/\/images.ohmyhosting.se\/_gMF6uc8QEQC4CS4TTNZ1EnCN84=\/1704x1060\/smart\/filters:quality(85)\/https%3A%2F%2Falimak.com%2Fwp-content%2Fuploads%2F2026%2F02%2FIMAGE_352.jpg 2x\" alt=\"\" class=\"w-full w-full rounded-[12px] object-cover\" width=\"852\" height=\"530\" \/><\/picture>                                        <\/div>\n            \n        <\/div>\n        <div class=\"col-span-12 lg:col-span-6 2.5xl:col-span-4 flex flex-col justify-center \">\n            <div class=\"\">\n                                    <h2 class=\"text-24 md:text-36 leading-[1.3] font-medium mb-4\">Las soluciones de reacondicionamiento de Alimak incluyen:<\/h2>\n                                                    <div class=\"wysiwyg leading-[1.6] text-numbersGrey\"><ul>\n<li>Inspecci\u00f3n completa e informe de evaluaci\u00f3n del equipo<\/li>\n<li>Propuesta detallada para ayudar al cliente a tomar una decisi\u00f3n informada sobre la rentabilidad del reacondicionamiento<\/li>\n<li>Trabajo realizado por t\u00e9cnicos altamente cualificados, totalmente garantizado y conforme a los \u00faltimos est\u00e1ndares de la industria<\/li>\n<li>Repuestos originales de Alimak para garantizar la calidad y la longevidad<\/li>\n<\/ul>\n<p>Una soluci\u00f3n reacondicionada reducir\u00e1 el tiempo de inactividad y los inconvenientes causados por reparaciones no programadas o por el rendimiento reducido de equipos antiguos durante su ciclo de vida normal, o de equipos expuestos a condiciones ambientales u operativas severas.<\/p>\n<\/div>\n                                            <\/div>\n        <\/div>\n      <\/div>\n    <\/div>\n<\/section>\n\n<section class=\"cta-banner bg-black text-white  pt-0 pb-6 lg:pb-12\">\n    <div class=\"relative\">\n                    <div class=\"cta-banner-overlay relative\">\n                <picture class=\"w-full\"><source media=\"(max-width:639px)\" srcset=\"https:\/\/images.ohmyhosting.se\/830LuN8tJnlhxBlrnP81Cn_re_Q=\/399x377\/smart\/filters:quality(85)\/https%3A%2F%2Falimak.com%2Fwp-content%2Fuploads%2F2025%2F09%2Fd2291df879d3d9219aa41f082605eabd3250e5e9.jpg 1x, https:\/\/images.ohmyhosting.se\/hU69TdXunvGuEgABsWLfplJ9_PU=\/798x754\/smart\/filters:quality(85)\/https%3A%2F%2Falimak.com%2Fwp-content%2Fuploads%2F2025%2F09%2Fd2291df879d3d9219aa41f082605eabd3250e5e9.jpg 2x\"><source media=\"(max-width:1022px)\" srcset=\"https:\/\/images.ohmyhosting.se\/sUTJ0HNsfwEJpnAiEjhFWb9u1pw=\/805x760\/smart\/filters:quality(85)\/https%3A%2F%2Falimak.com%2Fwp-content%2Fuploads%2F2025%2F09%2Fd2291df879d3d9219aa41f082605eabd3250e5e9.jpg 1x, https:\/\/images.ohmyhosting.se\/mrEIaFoAUgmLUkHNnjAqabwhsRU=\/1610x1520\/smart\/filters:quality(85)\/https%3A%2F%2Falimak.com%2Fwp-content%2Fuploads%2F2025%2F09%2Fd2291df879d3d9219aa41f082605eabd3250e5e9.jpg 2x\"><img decoding=\"async\" src=\"https:\/\/images.ohmyhosting.se\/RHe0oE3TlTETH41w2OoXpWjHYH8=\/2545x1053\/smart\/filters:quality(85)\/https%3A%2F%2Falimak.com%2Fwp-content%2Fuploads%2F2025%2F09%2Fd2291df879d3d9219aa41f082605eabd3250e5e9.jpg\" srcset=\"https:\/\/images.ohmyhosting.se\/RHe0oE3TlTETH41w2OoXpWjHYH8=\/2545x1053\/smart\/filters:quality(85)\/https%3A%2F%2Falimak.com%2Fwp-content%2Fuploads%2F2025%2F09%2Fd2291df879d3d9219aa41f082605eabd3250e5e9.jpg 1x, https:\/\/images.ohmyhosting.se\/AdhHQjA7d3yK0NqyO3xGggVMQX4=\/5090x2106\/smart\/filters:quality(85)\/https%3A%2F%2Falimak.com%2Fwp-content%2Fuploads%2F2025%2F09%2Fd2291df879d3d9219aa41f082605eabd3250e5e9.jpg 2x\" alt=\"\" class=\"w-full w-full h-full object-cover\" width=\"2545\" height=\"1053\" \/><\/picture>            <\/div>\n                <div class=\"absolute inset-0 z-[2]\">\n            <div class=\"holder\">\n                <div class=\"grid grid-cols-12 gap-4\">\n                    <div class=\"col-span-12 lg:col-span-6 lg:col-start-7 pt-16\">\n                        <h3 class=\"text-28 md:text-44 lg:max-w-[500px] leading-tight\">P\u00f3ngase en contacto para obtener m\u00e1s informaci\u00f3n o un presupuesto<\/h3>\n                                                    <div class=\"mt-8\">\n                                <a class=\"btn\" href=\"https:\/\/alimak.com\/es\/contactar\/\" target=\"\">\n                                    <span>Contacte con nosotros<\/span>\n                                    <span>\n                                        <svg width=\"24\" height=\"11\" viewBox=\"0 0 24 11\" fill=\"none\" xmlns=\"http:\/\/www.w3.org\/2000\/svg\">\n                                        <path d=\"M0 5.5H22\" stroke=\"black\" stroke-width=\"1.5\"\/>\n                                        <path d=\"M17.5 1L22 5.5L17.5 10\" stroke=\"black\" stroke-width=\"1.5\"\/>\n                                        <\/svg>\n                                    <\/span>\n                                <\/a>\n                            <\/div>\n                                            <\/div>\n                <\/div>\n            <\/div>\n        <\/div>\n    <\/div>\n<\/section>\n","protected":false},"excerpt":{"rendered":"<p>Los sistemas de acceso vertical temporales de Alimak son mundialmente reconocidos por su fiabilidad y su larga vida \u00fatil. Con&#8230;<\/p>\n","protected":false},"author":1,"featured_media":0,"parent":14793,"menu_order":0,"comment_status":"closed","ping_status":"closed","template":"","meta":{"_acf_changed":false,"footnotes":""},"class_list":["post-15094","page","type-page","status-publish","hentry"],"acf":[],"yoast_head":"<!-- This site is optimized with the Yoast SEO plugin v27.3 - https:\/\/yoast.com\/product\/yoast-seo-wordpress\/ -->\n<title>Soluciones de reacondicionamiento (temporal) - Alimak<\/title>\n<meta name=\"robots\" content=\"index, follow, max-snippet:-1, max-image-preview:large, max-video-preview:-1\" \/>\n<link rel=\"canonical\" href=\"https:\/\/alimak.com\/es\/soluciones-temporales\/piezas-y-servicios-temporal\/soluciones-de-reacondicionamiento-temporal\/\" \/>\n<meta property=\"og:locale\" content=\"es_ES\" \/>\n<meta property=\"og:type\" content=\"article\" \/>\n<meta property=\"og:title\" content=\"Soluciones de reacondicionamiento (temporal) - Alimak\" \/>\n<meta property=\"og:description\" content=\"Los sistemas de acceso vertical temporales de Alimak son mundialmente reconocidos por su fiabilidad y su larga vida \u00fatil. Con...\" \/>\n<meta property=\"og:url\" content=\"https:\/\/alimak.com\/es\/soluciones-temporales\/piezas-y-servicios-temporal\/soluciones-de-reacondicionamiento-temporal\/\" \/>\n<meta property=\"og:site_name\" content=\"Alimak\" \/>\n<meta property=\"article:modified_time\" content=\"2026-03-18T13:15:29+00:00\" \/>\n<meta name=\"twitter:card\" content=\"summary_large_image\" \/>\n<script type=\"application\/ld+json\" class=\"yoast-schema-graph\">{\"@context\":\"https:\\\/\\\/schema.org\",\"@graph\":[{\"@type\":\"WebPage\",\"@id\":\"https:\\\/\\\/alimak.com\\\/es\\\/soluciones-temporales\\\/piezas-y-servicios-temporal\\\/soluciones-de-reacondicionamiento-temporal\\\/\",\"url\":\"https:\\\/\\\/alimak.com\\\/es\\\/soluciones-temporales\\\/piezas-y-servicios-temporal\\\/soluciones-de-reacondicionamiento-temporal\\\/\",\"name\":\"Soluciones de reacondicionamiento (temporal) - Alimak\",\"isPartOf\":{\"@id\":\"https:\\\/\\\/alimak.com\\\/#website\"},\"datePublished\":\"2025-09-11T11:31:54+00:00\",\"dateModified\":\"2026-03-18T13:15:29+00:00\",\"breadcrumb\":{\"@id\":\"https:\\\/\\\/alimak.com\\\/es\\\/soluciones-temporales\\\/piezas-y-servicios-temporal\\\/soluciones-de-reacondicionamiento-temporal\\\/#breadcrumb\"},\"inLanguage\":\"es-ES\",\"potentialAction\":[{\"@type\":\"ReadAction\",\"target\":[\"https:\\\/\\\/alimak.com\\\/es\\\/soluciones-temporales\\\/piezas-y-servicios-temporal\\\/soluciones-de-reacondicionamiento-temporal\\\/\"]}]},{\"@type\":\"BreadcrumbList\",\"@id\":\"https:\\\/\\\/alimak.com\\\/es\\\/soluciones-temporales\\\/piezas-y-servicios-temporal\\\/soluciones-de-reacondicionamiento-temporal\\\/#breadcrumb\",\"itemListElement\":[{\"@type\":\"ListItem\",\"position\":1,\"name\":\"Home\",\"item\":\"https:\\\/\\\/alimak.com\\\/es\\\/\"},{\"@type\":\"ListItem\",\"position\":2,\"name\":\"Soluciones temporales\",\"item\":\"https:\\\/\\\/alimak.com\\\/es\\\/soluciones-temporales\\\/\"},{\"@type\":\"ListItem\",\"position\":3,\"name\":\"Piezas y servicios (temporal)\",\"item\":\"https:\\\/\\\/alimak.com\\\/es\\\/soluciones-temporales\\\/piezas-y-servicios-temporal\\\/\"},{\"@type\":\"ListItem\",\"position\":4,\"name\":\"Soluciones de reacondicionamiento (temporal)\"}]},{\"@type\":\"WebSite\",\"@id\":\"https:\\\/\\\/alimak.com\\\/#website\",\"url\":\"https:\\\/\\\/alimak.com\\\/\",\"name\":\"Alimak\",\"description\":\"\",\"potentialAction\":[{\"@type\":\"SearchAction\",\"target\":{\"@type\":\"EntryPoint\",\"urlTemplate\":\"https:\\\/\\\/alimak.com\\\/?s={search_term_string}\"},\"query-input\":{\"@type\":\"PropertyValueSpecification\",\"valueRequired\":true,\"valueName\":\"search_term_string\"}}],\"inLanguage\":\"es-ES\"}]}<\/script>\n<!-- \/ Yoast SEO plugin. -->","yoast_head_json":{"title":"Soluciones de reacondicionamiento (temporal) - Alimak","robots":{"index":"index","follow":"follow","max-snippet":"max-snippet:-1","max-image-preview":"max-image-preview:large","max-video-preview":"max-video-preview:-1"},"canonical":"https:\/\/alimak.com\/es\/soluciones-temporales\/piezas-y-servicios-temporal\/soluciones-de-reacondicionamiento-temporal\/","og_locale":"es_ES","og_type":"article","og_title":"Soluciones de reacondicionamiento (temporal) - Alimak","og_description":"Los sistemas de acceso vertical temporales de Alimak son mundialmente reconocidos por su fiabilidad y su larga vida \u00fatil. Con...","og_url":"https:\/\/alimak.com\/es\/soluciones-temporales\/piezas-y-servicios-temporal\/soluciones-de-reacondicionamiento-temporal\/","og_site_name":"Alimak","article_modified_time":"2026-03-18T13:15:29+00:00","twitter_card":"summary_large_image","schema":{"@context":"https:\/\/schema.org","@graph":[{"@type":"WebPage","@id":"https:\/\/alimak.com\/es\/soluciones-temporales\/piezas-y-servicios-temporal\/soluciones-de-reacondicionamiento-temporal\/","url":"https:\/\/alimak.com\/es\/soluciones-temporales\/piezas-y-servicios-temporal\/soluciones-de-reacondicionamiento-temporal\/","name":"Soluciones de reacondicionamiento (temporal) - Alimak","isPartOf":{"@id":"https:\/\/alimak.com\/#website"},"datePublished":"2025-09-11T11:31:54+00:00","dateModified":"2026-03-18T13:15:29+00:00","breadcrumb":{"@id":"https:\/\/alimak.com\/es\/soluciones-temporales\/piezas-y-servicios-temporal\/soluciones-de-reacondicionamiento-temporal\/#breadcrumb"},"inLanguage":"es-ES","potentialAction":[{"@type":"ReadAction","target":["https:\/\/alimak.com\/es\/soluciones-temporales\/piezas-y-servicios-temporal\/soluciones-de-reacondicionamiento-temporal\/"]}]},{"@type":"BreadcrumbList","@id":"https:\/\/alimak.com\/es\/soluciones-temporales\/piezas-y-servicios-temporal\/soluciones-de-reacondicionamiento-temporal\/#breadcrumb","itemListElement":[{"@type":"ListItem","position":1,"name":"Home","item":"https:\/\/alimak.com\/es\/"},{"@type":"ListItem","position":2,"name":"Soluciones temporales","item":"https:\/\/alimak.com\/es\/soluciones-temporales\/"},{"@type":"ListItem","position":3,"name":"Piezas y servicios (temporal)","item":"https:\/\/alimak.com\/es\/soluciones-temporales\/piezas-y-servicios-temporal\/"},{"@type":"ListItem","position":4,"name":"Soluciones de reacondicionamiento (temporal)"}]},{"@type":"WebSite","@id":"https:\/\/alimak.com\/#website","url":"https:\/\/alimak.com\/","name":"Alimak","description":"","potentialAction":[{"@type":"SearchAction","target":{"@type":"EntryPoint","urlTemplate":"https:\/\/alimak.com\/?s={search_term_string}"},"query-input":{"@type":"PropertyValueSpecification","valueRequired":true,"valueName":"search_term_string"}}],"inLanguage":"es-ES"}]}},"_links":{"self":[{"href":"https:\/\/alimak.com\/es\/wp-json\/wp\/v2\/pages\/15094","targetHints":{"allow":["GET"]}}],"collection":[{"href":"https:\/\/alimak.com\/es\/wp-json\/wp\/v2\/pages"}],"about":[{"href":"https:\/\/alimak.com\/es\/wp-json\/wp\/v2\/types\/page"}],"author":[{"embeddable":true,"href":"https:\/\/alimak.com\/es\/wp-json\/wp\/v2\/users\/1"}],"replies":[{"embeddable":true,"href":"https:\/\/alimak.com\/es\/wp-json\/wp\/v2\/comments?post=15094"}],"version-history":[{"count":1,"href":"https:\/\/alimak.com\/es\/wp-json\/wp\/v2\/pages\/15094\/revisions"}],"predecessor-version":[{"id":15099,"href":"https:\/\/alimak.com\/es\/wp-json\/wp\/v2\/pages\/15094\/revisions\/15099"}],"up":[{"embeddable":true,"href":"https:\/\/alimak.com\/es\/wp-json\/wp\/v2\/pages\/14793"}],"wp:attachment":[{"href":"https:\/\/alimak.com\/es\/wp-json\/wp\/v2\/media?parent=15094"}],"curies":[{"name":"wp","href":"https:\/\/api.w.org\/{rel}","templated":true}]}}