{"id":15721,"date":"2025-08-26T10:38:43","date_gmt":"2025-08-26T10:38:43","guid":{"rendered":"https:\/\/alimak.com\/soluciones-temporales\/segmentos-temporales\/"},"modified":"2026-03-18T13:17:46","modified_gmt":"2026-03-18T13:17:46","slug":"segmentos-temporales","status":"publish","type":"page","link":"https:\/\/alimak.com\/es\/soluciones-temporales\/segmentos-temporales\/","title":{"rendered":"Segmentos (temporales)"},"content":{"rendered":"\n<section class=\"small-hero border-b bg-black border-darkGrey text-white pt-0 pb-0\">\n            <div class=\"relative\">\n            <div class=\"hero-overlay relative\">\n                                    <picture class=\"w-full\"><source media=\"(max-width:639px)\" srcset=\"https:\/\/images.ohmyhosting.se\/jEq4hwTC3UiP8CGcOYYAG5PcHWs=\/390x461\/smart\/filters:quality(85)\/https%3A%2F%2Falimak.com%2Fwp-content%2Fuploads%2F2025%2F12%2FAlimak-Scando-Construction-Hoists-5-scaled.jpg 1x, https:\/\/images.ohmyhosting.se\/T_dVGAvUUD0fJtyAaHLpZY6GQBA=\/780x922\/smart\/filters:quality(85)\/https%3A%2F%2Falimak.com%2Fwp-content%2Fuploads%2F2025%2F12%2FAlimak-Scando-Construction-Hoists-5-scaled.jpg 2x\"><source media=\"(max-width:1022px)\" srcset=\"https:\/\/images.ohmyhosting.se\/-Pg9qoN6VwV3ACeZ-r8KwF1qpZs=\/805x951\/smart\/filters:quality(85)\/https%3A%2F%2Falimak.com%2Fwp-content%2Fuploads%2F2025%2F12%2FAlimak-Scando-Construction-Hoists-5-scaled.jpg 1x, https:\/\/images.ohmyhosting.se\/5iyaPUGvK9LkpCfdDRJ-6IpZ9eg=\/1610x1902\/smart\/filters:quality(85)\/https%3A%2F%2Falimak.com%2Fwp-content%2Fuploads%2F2025%2F12%2FAlimak-Scando-Construction-Hoists-5-scaled.jpg 2x\"><img decoding=\"async\" src=\"https:\/\/images.ohmyhosting.se\/eqpgMQgwkT3yUAa7t4Wfiiw-RlQ=\/2545x1121\/smart\/filters:quality(85)\/https%3A%2F%2Falimak.com%2Fwp-content%2Fuploads%2F2025%2F12%2FAlimak-Scando-Construction-Hoists-5-scaled.jpg\" srcset=\"https:\/\/images.ohmyhosting.se\/eqpgMQgwkT3yUAa7t4Wfiiw-RlQ=\/2545x1121\/smart\/filters:quality(85)\/https%3A%2F%2Falimak.com%2Fwp-content%2Fuploads%2F2025%2F12%2FAlimak-Scando-Construction-Hoists-5-scaled.jpg 1x, https:\/\/images.ohmyhosting.se\/occqHgHyx_eQwS-QEV_NQxmpgQI=\/5090x2242\/smart\/filters:quality(85)\/https%3A%2F%2Falimak.com%2Fwp-content%2Fuploads%2F2025%2F12%2FAlimak-Scando-Construction-Hoists-5-scaled.jpg 2x\" alt=\"\" class=\"w-full object-cover w-full max-h-[90vh]\" width=\"2545\" height=\"1121\" \/><\/picture>                            <\/div>\n            <div class=\"absolute inset-0 z-10 flex flex-col justify-end\">\n                <div class=\"holder\">\n                    <div class=\"grid grid-cols-12 gap-4 pb-16\">\n                        <div class=\"col-span-12 lg:col-span-7\">\n                                                    <p class=\"md:text-20 font-medium leading-[1.25] mb-1\">Soluciones temporales<\/p>\n                                                    <h1 class=\"text-28 md:text-52 leading-[1.3] lg:max-w-[625px]\"><p>Segmentos<\/p>\n<\/h1>\n                            <div class=\"wysiwyg pt-5 leading-[1.6] hidden lg:block lg:max-w-[512px]\"><p>Desde hace m\u00e1s de 75 a\u00f1os, Alimak ha sido pionera en el sector del acceso vertical, ofreciendo soluciones de acceso vertical temporal de gran alcance para satisfacer las necesidades de una amplia variedad de proyectos de construcci\u00f3n en todo el mundo. Las soluciones de acceso vertical temporal de Alimak se han utilizado para construir los edificios m\u00e1s altos del mundo, los puentes m\u00e1s largos y los hitos m\u00e1s reconocibles. <\/p>\n<\/div>\n                        <\/div>\n                    <\/div>\n                <\/div>\n            <\/div>\n        <\/div>\n                    <div class=\"lg:hidden py-12 border-b border-darkGrey\">\n                <div class=\"holder\">\n                    <div class=\"wysiwyg leading-[1.6]\"><p>Desde hace m\u00e1s de 75 a\u00f1os, Alimak ha sido pionera en el sector del acceso vertical, ofreciendo soluciones de acceso vertical temporal de gran alcance para satisfacer las necesidades de una amplia variedad de proyectos de construcci\u00f3n en todo el mundo. Las soluciones de acceso vertical temporal de Alimak se han utilizado para construir los edificios m\u00e1s altos del mundo, los puentes m\u00e1s largos y los hitos m\u00e1s reconocibles. <\/p>\n<\/div>\n                <\/div>\n            <\/div>\n        \n    <\/section>\n<section class=\"page-links bg-white text-black border-lightGrey  pt-12 lg:pt-24 pb-12 lg:pb-24\">\n    <div class=\"holder\">\n        <div class=\"grid grid-cols-12 gap-4\">\n            <div class=\"col-span-12 lg:col-span-5\">\n                <h2 class=\"text-24 md:text-36 font-medium leading-[1.3] mb-4\">\u00bfC\u00f3mo personalizamos nuestras soluciones para los distintos segmentos?<\/h2>\n                <div class=\"wysiwyg leading-[1.6]\">\n                    <p>Alimak ofrece soluciones de acceso vertical a medida para cada segmento del sector de la construcci\u00f3n. Ya se trate de proyectos residenciales o comerciales, infraestructuras a gran escala y obras de ingenier\u00eda civil, desarrollos institucionales o la construcci\u00f3n de complejas instalaciones industriales, Alimak proporciona la soluci\u00f3n adecuada para satisfacer las exigencias espec\u00edficas de cada entorno. <\/p>\n                <\/div>\n            <\/div>\n        <\/div>\n                    <div class=\"grid grid-cols-12 gap-4 mt-11\">\n                                    <a class=\"group col-span-12 md:col-span-6 w-full lg:col-span-4 flex items-center space-x-1.5\" href=\"https:\/\/alimak.com\/es\/soluciones-temporales\/segmentos-temporales\/residencial\/\">\n                        <span class=\"bg-segmentGrey transition-all group-hover:bg-orange group-hover:text-white w-[46px] h-[46px] md:w-[58px] md:h-[58px] flex items-center justify-center rounded-[4px]\">\n                            <svg width=\"15\" height=\"11\" viewBox=\"0 0 15 11\" fill=\"none\" xmlns=\"http:\/\/www.w3.org\/2000\/svg\">\n                            <path class=\"transition-all group-hover:stroke-white\" d=\"M0.5 5.50049H13.5\" stroke=\"black\" stroke-width=\"1.5\"\/>\n                            <path class=\"transition-all group-hover:stroke-white\" d=\"M9 1.00049L13.5 5.50049L9 10.0005\" stroke=\"black\" stroke-width=\"1.5\"\/>\n                            <\/svg>\n                        <\/span>\n                        <span class=\"bg-segmentGrey transition-all group-hover:bg-orange group-hover:text-white block w-full h-[46px] md:h-[58px] flex items-center  rounded-[4px] leading-none md:text-20 font-medium p-4\">Residencial<\/span>\n                    <\/a>\n\n                                    <a class=\"group col-span-12 md:col-span-6 w-full lg:col-span-4 flex items-center space-x-1.5\" href=\"https:\/\/alimak.com\/es\/soluciones-temporales\/segmentos-temporales\/industrial\/\">\n                        <span class=\"bg-segmentGrey transition-all group-hover:bg-orange group-hover:text-white w-[46px] h-[46px] md:w-[58px] md:h-[58px] flex items-center justify-center rounded-[4px]\">\n                            <svg width=\"15\" height=\"11\" viewBox=\"0 0 15 11\" fill=\"none\" xmlns=\"http:\/\/www.w3.org\/2000\/svg\">\n                            <path class=\"transition-all group-hover:stroke-white\" d=\"M0.5 5.50049H13.5\" stroke=\"black\" stroke-width=\"1.5\"\/>\n                            <path class=\"transition-all group-hover:stroke-white\" d=\"M9 1.00049L13.5 5.50049L9 10.0005\" stroke=\"black\" stroke-width=\"1.5\"\/>\n                            <\/svg>\n                        <\/span>\n                        <span class=\"bg-segmentGrey transition-all group-hover:bg-orange group-hover:text-white block w-full h-[46px] md:h-[58px] flex items-center  rounded-[4px] leading-none md:text-20 font-medium p-4\">Industrial<\/span>\n                    <\/a>\n\n                                    <a class=\"group col-span-12 md:col-span-6 w-full lg:col-span-4 flex items-center space-x-1.5\" href=\"https:\/\/alimak.com\/es\/soluciones-temporales\/segmentos-temporales\/institucional\/\">\n                        <span class=\"bg-segmentGrey transition-all group-hover:bg-orange group-hover:text-white w-[46px] h-[46px] md:w-[58px] md:h-[58px] flex items-center justify-center rounded-[4px]\">\n                            <svg width=\"15\" height=\"11\" viewBox=\"0 0 15 11\" fill=\"none\" xmlns=\"http:\/\/www.w3.org\/2000\/svg\">\n                            <path class=\"transition-all group-hover:stroke-white\" d=\"M0.5 5.50049H13.5\" stroke=\"black\" stroke-width=\"1.5\"\/>\n                            <path class=\"transition-all group-hover:stroke-white\" d=\"M9 1.00049L13.5 5.50049L9 10.0005\" stroke=\"black\" stroke-width=\"1.5\"\/>\n                            <\/svg>\n                        <\/span>\n                        <span class=\"bg-segmentGrey transition-all group-hover:bg-orange group-hover:text-white block w-full h-[46px] md:h-[58px] flex items-center  rounded-[4px] leading-none md:text-20 font-medium p-4\">Institucional<\/span>\n                    <\/a>\n\n                                    <a class=\"group col-span-12 md:col-span-6 w-full lg:col-span-4 flex items-center space-x-1.5\" href=\"https:\/\/alimak.com\/es\/soluciones-temporales\/segmentos-temporales\/comercial\/\">\n                        <span class=\"bg-segmentGrey transition-all group-hover:bg-orange group-hover:text-white w-[46px] h-[46px] md:w-[58px] md:h-[58px] flex items-center justify-center rounded-[4px]\">\n                            <svg width=\"15\" height=\"11\" viewBox=\"0 0 15 11\" fill=\"none\" xmlns=\"http:\/\/www.w3.org\/2000\/svg\">\n                            <path class=\"transition-all group-hover:stroke-white\" d=\"M0.5 5.50049H13.5\" stroke=\"black\" stroke-width=\"1.5\"\/>\n                            <path class=\"transition-all group-hover:stroke-white\" d=\"M9 1.00049L13.5 5.50049L9 10.0005\" stroke=\"black\" stroke-width=\"1.5\"\/>\n                            <\/svg>\n                        <\/span>\n                        <span class=\"bg-segmentGrey transition-all group-hover:bg-orange group-hover:text-white block w-full h-[46px] md:h-[58px] flex items-center  rounded-[4px] leading-none md:text-20 font-medium p-4\">Comercial<\/span>\n                    <\/a>\n\n                                    <a class=\"group col-span-12 md:col-span-6 w-full lg:col-span-4 flex items-center space-x-1.5\" href=\"https:\/\/alimak.com\/es\/soluciones-temporales\/segmentos-temporales\/infraestructura\/\">\n                        <span class=\"bg-segmentGrey transition-all group-hover:bg-orange group-hover:text-white w-[46px] h-[46px] md:w-[58px] md:h-[58px] flex items-center justify-center rounded-[4px]\">\n                            <svg width=\"15\" height=\"11\" viewBox=\"0 0 15 11\" fill=\"none\" xmlns=\"http:\/\/www.w3.org\/2000\/svg\">\n                            <path class=\"transition-all group-hover:stroke-white\" d=\"M0.5 5.50049H13.5\" stroke=\"black\" stroke-width=\"1.5\"\/>\n                            <path class=\"transition-all group-hover:stroke-white\" d=\"M9 1.00049L13.5 5.50049L9 10.0005\" stroke=\"black\" stroke-width=\"1.5\"\/>\n                            <\/svg>\n                        <\/span>\n                        <span class=\"bg-segmentGrey transition-all group-hover:bg-orange group-hover:text-white block w-full h-[46px] md:h-[58px] flex items-center  rounded-[4px] leading-none md:text-20 font-medium p-4\">Infraestructura<\/span>\n                    <\/a>\n\n                            <\/div>\n            <\/div>\n<\/section>\n\n<div class=\"bg-white pt-16 h-[50px]\"><\/div>\n<section class=\"cta-banner bg-black text-white  pt-0 pb-6 lg:pb-12\">\n    <div class=\"relative\">\n                    <div class=\"cta-banner-overlay relative\">\n                <picture class=\"w-full\"><source media=\"(max-width:639px)\" srcset=\"https:\/\/images.ohmyhosting.se\/830LuN8tJnlhxBlrnP81Cn_re_Q=\/399x377\/smart\/filters:quality(85)\/https%3A%2F%2Falimak.com%2Fwp-content%2Fuploads%2F2025%2F09%2Fd2291df879d3d9219aa41f082605eabd3250e5e9.jpg 1x, https:\/\/images.ohmyhosting.se\/hU69TdXunvGuEgABsWLfplJ9_PU=\/798x754\/smart\/filters:quality(85)\/https%3A%2F%2Falimak.com%2Fwp-content%2Fuploads%2F2025%2F09%2Fd2291df879d3d9219aa41f082605eabd3250e5e9.jpg 2x\"><source media=\"(max-width:1022px)\" srcset=\"https:\/\/images.ohmyhosting.se\/sUTJ0HNsfwEJpnAiEjhFWb9u1pw=\/805x760\/smart\/filters:quality(85)\/https%3A%2F%2Falimak.com%2Fwp-content%2Fuploads%2F2025%2F09%2Fd2291df879d3d9219aa41f082605eabd3250e5e9.jpg 1x, https:\/\/images.ohmyhosting.se\/mrEIaFoAUgmLUkHNnjAqabwhsRU=\/1610x1520\/smart\/filters:quality(85)\/https%3A%2F%2Falimak.com%2Fwp-content%2Fuploads%2F2025%2F09%2Fd2291df879d3d9219aa41f082605eabd3250e5e9.jpg 2x\"><img decoding=\"async\" src=\"https:\/\/images.ohmyhosting.se\/RHe0oE3TlTETH41w2OoXpWjHYH8=\/2545x1053\/smart\/filters:quality(85)\/https%3A%2F%2Falimak.com%2Fwp-content%2Fuploads%2F2025%2F09%2Fd2291df879d3d9219aa41f082605eabd3250e5e9.jpg\" srcset=\"https:\/\/images.ohmyhosting.se\/RHe0oE3TlTETH41w2OoXpWjHYH8=\/2545x1053\/smart\/filters:quality(85)\/https%3A%2F%2Falimak.com%2Fwp-content%2Fuploads%2F2025%2F09%2Fd2291df879d3d9219aa41f082605eabd3250e5e9.jpg 1x, https:\/\/images.ohmyhosting.se\/AdhHQjA7d3yK0NqyO3xGggVMQX4=\/5090x2106\/smart\/filters:quality(85)\/https%3A%2F%2Falimak.com%2Fwp-content%2Fuploads%2F2025%2F09%2Fd2291df879d3d9219aa41f082605eabd3250e5e9.jpg 2x\" alt=\"\" class=\"w-full w-full h-full object-cover\" width=\"2545\" height=\"1053\" \/><\/picture>            <\/div>\n                <div class=\"absolute inset-0 z-[2]\">\n            <div class=\"holder\">\n                <div class=\"grid grid-cols-12 gap-4\">\n                    <div class=\"col-span-12 lg:col-span-6 lg:col-start-7 pt-16\">\n                        <h3 class=\"text-28 md:text-44 lg:max-w-[500px] leading-tight\">P\u00f3ngase en contacto para obtener m\u00e1s informaci\u00f3n o un presupuesto<\/h3>\n                                                    <div class=\"mt-8\">\n                                <a class=\"btn\" href=\"https:\/\/alimak.com\/es\/contactar\/\" target=\"\">\n                                    <span>Contacte con nosotros<\/span>\n                                    <span>\n                                        <svg width=\"24\" height=\"11\" viewBox=\"0 0 24 11\" fill=\"none\" xmlns=\"http:\/\/www.w3.org\/2000\/svg\">\n                                        <path d=\"M0 5.5H22\" stroke=\"black\" stroke-width=\"1.5\"\/>\n                                        <path d=\"M17.5 1L22 5.5L17.5 10\" stroke=\"black\" stroke-width=\"1.5\"\/>\n                                        <\/svg>\n                                    <\/span>\n                                <\/a>\n                            <\/div>\n                                            <\/div>\n                <\/div>\n            <\/div>\n        <\/div>\n    <\/div>\n<\/section>\n","protected":false},"excerpt":{"rendered":"<p>Desde hace m\u00e1s de 75 a\u00f1os, Alimak ha sido pionera en el sector del acceso vertical, ofreciendo soluciones de acceso&#8230;<\/p>\n","protected":false},"author":1,"featured_media":0,"parent":14072,"menu_order":0,"comment_status":"closed","ping_status":"closed","template":"","meta":{"_acf_changed":false,"footnotes":""},"class_list":["post-15721","page","type-page","status-publish","hentry"],"acf":[],"yoast_head":"<!-- This site is optimized with the Yoast SEO plugin v27.3 - https:\/\/yoast.com\/product\/yoast-seo-wordpress\/ -->\n<title>Segmentos (temporales) - Alimak<\/title>\n<meta name=\"robots\" content=\"index, follow, max-snippet:-1, max-image-preview:large, max-video-preview:-1\" \/>\n<link rel=\"canonical\" href=\"https:\/\/alimak.com\/es\/soluciones-temporales\/segmentos-temporales\/\" \/>\n<meta property=\"og:locale\" content=\"es_ES\" \/>\n<meta property=\"og:type\" content=\"article\" \/>\n<meta property=\"og:title\" content=\"Segmentos (temporales) - Alimak\" \/>\n<meta property=\"og:description\" content=\"Desde hace m\u00e1s de 75 a\u00f1os, Alimak ha sido pionera en el sector del acceso vertical, ofreciendo soluciones de acceso...\" \/>\n<meta property=\"og:url\" content=\"https:\/\/alimak.com\/es\/soluciones-temporales\/segmentos-temporales\/\" \/>\n<meta property=\"og:site_name\" content=\"Alimak\" \/>\n<meta property=\"article:modified_time\" content=\"2026-03-18T13:17:46+00:00\" \/>\n<meta name=\"twitter:card\" content=\"summary_large_image\" \/>\n<script type=\"application\/ld+json\" class=\"yoast-schema-graph\">{\"@context\":\"https:\\\/\\\/schema.org\",\"@graph\":[{\"@type\":\"WebPage\",\"@id\":\"https:\\\/\\\/alimak.com\\\/es\\\/soluciones-temporales\\\/segmentos-temporales\\\/\",\"url\":\"https:\\\/\\\/alimak.com\\\/es\\\/soluciones-temporales\\\/segmentos-temporales\\\/\",\"name\":\"Segmentos (temporales) - Alimak\",\"isPartOf\":{\"@id\":\"https:\\\/\\\/alimak.com\\\/#website\"},\"datePublished\":\"2025-08-26T10:38:43+00:00\",\"dateModified\":\"2026-03-18T13:17:46+00:00\",\"breadcrumb\":{\"@id\":\"https:\\\/\\\/alimak.com\\\/es\\\/soluciones-temporales\\\/segmentos-temporales\\\/#breadcrumb\"},\"inLanguage\":\"es-ES\",\"potentialAction\":[{\"@type\":\"ReadAction\",\"target\":[\"https:\\\/\\\/alimak.com\\\/es\\\/soluciones-temporales\\\/segmentos-temporales\\\/\"]}]},{\"@type\":\"BreadcrumbList\",\"@id\":\"https:\\\/\\\/alimak.com\\\/es\\\/soluciones-temporales\\\/segmentos-temporales\\\/#breadcrumb\",\"itemListElement\":[{\"@type\":\"ListItem\",\"position\":1,\"name\":\"Home\",\"item\":\"https:\\\/\\\/alimak.com\\\/es\\\/\"},{\"@type\":\"ListItem\",\"position\":2,\"name\":\"Soluciones temporales\",\"item\":\"https:\\\/\\\/alimak.com\\\/es\\\/soluciones-temporales\\\/\"},{\"@type\":\"ListItem\",\"position\":3,\"name\":\"Segmentos (temporales)\"}]},{\"@type\":\"WebSite\",\"@id\":\"https:\\\/\\\/alimak.com\\\/#website\",\"url\":\"https:\\\/\\\/alimak.com\\\/\",\"name\":\"Alimak\",\"description\":\"\",\"potentialAction\":[{\"@type\":\"SearchAction\",\"target\":{\"@type\":\"EntryPoint\",\"urlTemplate\":\"https:\\\/\\\/alimak.com\\\/?s={search_term_string}\"},\"query-input\":{\"@type\":\"PropertyValueSpecification\",\"valueRequired\":true,\"valueName\":\"search_term_string\"}}],\"inLanguage\":\"es-ES\"}]}<\/script>\n<!-- \/ Yoast SEO plugin. -->","yoast_head_json":{"title":"Segmentos (temporales) - Alimak","robots":{"index":"index","follow":"follow","max-snippet":"max-snippet:-1","max-image-preview":"max-image-preview:large","max-video-preview":"max-video-preview:-1"},"canonical":"https:\/\/alimak.com\/es\/soluciones-temporales\/segmentos-temporales\/","og_locale":"es_ES","og_type":"article","og_title":"Segmentos (temporales) - Alimak","og_description":"Desde hace m\u00e1s de 75 a\u00f1os, Alimak ha sido pionera en el sector del acceso vertical, ofreciendo soluciones de acceso...","og_url":"https:\/\/alimak.com\/es\/soluciones-temporales\/segmentos-temporales\/","og_site_name":"Alimak","article_modified_time":"2026-03-18T13:17:46+00:00","twitter_card":"summary_large_image","schema":{"@context":"https:\/\/schema.org","@graph":[{"@type":"WebPage","@id":"https:\/\/alimak.com\/es\/soluciones-temporales\/segmentos-temporales\/","url":"https:\/\/alimak.com\/es\/soluciones-temporales\/segmentos-temporales\/","name":"Segmentos (temporales) - Alimak","isPartOf":{"@id":"https:\/\/alimak.com\/#website"},"datePublished":"2025-08-26T10:38:43+00:00","dateModified":"2026-03-18T13:17:46+00:00","breadcrumb":{"@id":"https:\/\/alimak.com\/es\/soluciones-temporales\/segmentos-temporales\/#breadcrumb"},"inLanguage":"es-ES","potentialAction":[{"@type":"ReadAction","target":["https:\/\/alimak.com\/es\/soluciones-temporales\/segmentos-temporales\/"]}]},{"@type":"BreadcrumbList","@id":"https:\/\/alimak.com\/es\/soluciones-temporales\/segmentos-temporales\/#breadcrumb","itemListElement":[{"@type":"ListItem","position":1,"name":"Home","item":"https:\/\/alimak.com\/es\/"},{"@type":"ListItem","position":2,"name":"Soluciones temporales","item":"https:\/\/alimak.com\/es\/soluciones-temporales\/"},{"@type":"ListItem","position":3,"name":"Segmentos (temporales)"}]},{"@type":"WebSite","@id":"https:\/\/alimak.com\/#website","url":"https:\/\/alimak.com\/","name":"Alimak","description":"","potentialAction":[{"@type":"SearchAction","target":{"@type":"EntryPoint","urlTemplate":"https:\/\/alimak.com\/?s={search_term_string}"},"query-input":{"@type":"PropertyValueSpecification","valueRequired":true,"valueName":"search_term_string"}}],"inLanguage":"es-ES"}]}},"_links":{"self":[{"href":"https:\/\/alimak.com\/es\/wp-json\/wp\/v2\/pages\/15721","targetHints":{"allow":["GET"]}}],"collection":[{"href":"https:\/\/alimak.com\/es\/wp-json\/wp\/v2\/pages"}],"about":[{"href":"https:\/\/alimak.com\/es\/wp-json\/wp\/v2\/types\/page"}],"author":[{"embeddable":true,"href":"https:\/\/alimak.com\/es\/wp-json\/wp\/v2\/users\/1"}],"replies":[{"embeddable":true,"href":"https:\/\/alimak.com\/es\/wp-json\/wp\/v2\/comments?post=15721"}],"version-history":[{"count":1,"href":"https:\/\/alimak.com\/es\/wp-json\/wp\/v2\/pages\/15721\/revisions"}],"predecessor-version":[{"id":15725,"href":"https:\/\/alimak.com\/es\/wp-json\/wp\/v2\/pages\/15721\/revisions\/15725"}],"up":[{"embeddable":true,"href":"https:\/\/alimak.com\/es\/wp-json\/wp\/v2\/pages\/14072"}],"wp:attachment":[{"href":"https:\/\/alimak.com\/es\/wp-json\/wp\/v2\/media?parent=15721"}],"curies":[{"name":"wp","href":"https:\/\/api.w.org\/{rel}","templated":true}]}}