{"id":15748,"date":"2026-02-20T12:53:41","date_gmt":"2026-02-20T12:53:41","guid":{"rendered":"https:\/\/alimak.com\/soluciones-permanentes\/piezas-y-servicios-permanente\/ingenieria-de-aplicaciones-permanente\/"},"modified":"2026-03-30T10:58:44","modified_gmt":"2026-03-30T10:58:44","slug":"ingenieria-de-aplicaciones-permanente","status":"publish","type":"page","link":"https:\/\/alimak.com\/es\/soluciones-permanentes\/piezas-y-servicios-permanente\/ingenieria-de-aplicaciones-permanente\/","title":{"rendered":"Ingenier\u00eda de aplicaciones (permanente)"},"content":{"rendered":"\n<section class=\"small-hero border-b bg-black border-darkGrey text-white pt-0 pb-0\">\n            <div class=\"relative\">\n            <div class=\"hero-overlay relative\">\n                                    <picture class=\"w-full\"><source media=\"(max-width:639px)\" srcset=\"https:\/\/images.ohmyhosting.se\/UESIJ_Mf1Fzf0Pk9pmj520DPDh0=\/390x461\/smart\/filters:quality(85)\/https%3A%2F%2Falimak.com%2Fwp-content%2Fuploads%2F2026%2F02%2Fapplication-engineering-2-scaled.png 1x, https:\/\/images.ohmyhosting.se\/uvpTTuzhpXsunPTGdwX4IssDc-g=\/780x922\/smart\/filters:quality(85)\/https%3A%2F%2Falimak.com%2Fwp-content%2Fuploads%2F2026%2F02%2Fapplication-engineering-2-scaled.png 2x\"><source media=\"(max-width:1022px)\" srcset=\"https:\/\/images.ohmyhosting.se\/4jOPJw0_-imW6ehr5ZbNBTg_nEw=\/805x951\/smart\/filters:quality(85)\/https%3A%2F%2Falimak.com%2Fwp-content%2Fuploads%2F2026%2F02%2Fapplication-engineering-2-scaled.png 1x, https:\/\/images.ohmyhosting.se\/DWGmBDGGYKqnyLqjVl7A-ByFI_g=\/1610x1902\/smart\/filters:quality(85)\/https%3A%2F%2Falimak.com%2Fwp-content%2Fuploads%2F2026%2F02%2Fapplication-engineering-2-scaled.png 2x\"><img decoding=\"async\" src=\"https:\/\/images.ohmyhosting.se\/uMnFRLHsLsH3lXSfcwd00rbcd_U=\/2545x814\/smart\/filters:quality(85)\/https%3A%2F%2Falimak.com%2Fwp-content%2Fuploads%2F2026%2F02%2Fapplication-engineering-2-scaled.png\" srcset=\"https:\/\/images.ohmyhosting.se\/uMnFRLHsLsH3lXSfcwd00rbcd_U=\/2545x814\/smart\/filters:quality(85)\/https%3A%2F%2Falimak.com%2Fwp-content%2Fuploads%2F2026%2F02%2Fapplication-engineering-2-scaled.png 1x, https:\/\/images.ohmyhosting.se\/tYLnrebJOi3Y0UxyjJcgVwrVq8E=\/5090x1628\/smart\/filters:quality(85)\/https%3A%2F%2Falimak.com%2Fwp-content%2Fuploads%2F2026%2F02%2Fapplication-engineering-2-scaled.png 2x\" alt=\"\" class=\"w-full object-cover w-full max-h-[90vh]\" width=\"2545\" height=\"814\" \/><\/picture>                            <\/div>\n            <div class=\"absolute inset-0 z-10 flex flex-col justify-end\">\n                <div class=\"holder\">\n                    <div class=\"grid grid-cols-12 gap-4 pb-16\">\n                        <div class=\"col-span-12 lg:col-span-7\">\n                                                    <p class=\"md:text-20 font-medium leading-[1.25] mb-1\">Soluciones permanentes<\/p>\n                                                    <h1 class=\"text-28 md:text-52 leading-[1.3] lg:max-w-[625px]\"><p>Ingenier\u00eda de aplicaciones para condiciones exigentes<\/p>\n<p>&nbsp;<\/p>\n<\/h1>\n                            <div class=\"wysiwyg pt-5 leading-[1.6] hidden lg:block lg:max-w-[512px]\"><div>Alimak trabaja diariamente con una amplia variedad de clientes y aplicaciones, muchas de las cuales requieren consideraciones \u00fanicas. Los elevadores industriales se utilizan a menudo en entornos sometidos a un estr\u00e9s significativo causado por el calor, el fr\u00edo, las vibraciones y part\u00edculas como arena, polvo o sal. A pesar de estos desaf\u00edos, el equipo debe funcionar de forma segura d\u00eda tras d\u00eda, a\u00f1o tras a\u00f1o.  <\/div>\n<\/div>\n                        <\/div>\n                    <\/div>\n                <\/div>\n            <\/div>\n        <\/div>\n                    <div class=\"lg:hidden py-12 border-b border-darkGrey\">\n                <div class=\"holder\">\n                    <div class=\"wysiwyg leading-[1.6]\"><div>Alimak trabaja diariamente con una amplia variedad de clientes y aplicaciones, muchas de las cuales requieren consideraciones \u00fanicas. Los elevadores industriales se utilizan a menudo en entornos sometidos a un estr\u00e9s significativo causado por el calor, el fr\u00edo, las vibraciones y part\u00edculas como arena, polvo o sal. A pesar de estos desaf\u00edos, el equipo debe funcionar de forma segura d\u00eda tras d\u00eda, a\u00f1o tras a\u00f1o.  <\/div>\n<\/div>\n                <\/div>\n            <\/div>\n        \n    <\/section>\n<section class=\"text-img bg-white text-black border-lightGrey   pt-6 lg:pt-12 pb-6 lg:pb-12\">\n    <div class=\"holder\">\n      <div class=\"grid grid-cols-12 gap-4 items-center\">\n        <div class=\"col-span-12 lg:col-span-6 2.5xl:col-span-8 \">\n                            <div class=\"text-img-overlay relative mb-8 md:mb-0 max-w-[852px] \">\n                    <picture class=\"w-full\"><source media=\"(max-width:639px)\" srcset=\"https:\/\/images.ohmyhosting.se\/dKgADGGBe7DVRRf6ti-TYtOhKyU=\/382x237\/smart\/filters:quality(85)\/https%3A%2F%2Falimak.com%2Fwp-content%2Fuploads%2F2026%2F02%2FAlimak-elevator-chemical-plant-web-scaled.jpg 1x, https:\/\/images.ohmyhosting.se\/zR666yJzZkFio1b-08GkVMNCL7Q=\/764x474\/smart\/filters:quality(85)\/https%3A%2F%2Falimak.com%2Fwp-content%2Fuploads%2F2026%2F02%2FAlimak-elevator-chemical-plant-web-scaled.jpg 2x\"><source media=\"(max-width:1022px)\" srcset=\"https:\/\/images.ohmyhosting.se\/qn71Nu6hAOQEW9Dgc-o_FZDxqm4=\/773x480\/smart\/filters:quality(85)\/https%3A%2F%2Falimak.com%2Fwp-content%2Fuploads%2F2026%2F02%2FAlimak-elevator-chemical-plant-web-scaled.jpg 1x, https:\/\/images.ohmyhosting.se\/5fmzDY1xyCBmuvs_yCcc4LHpC6w=\/1546x960\/smart\/filters:quality(85)\/https%3A%2F%2Falimak.com%2Fwp-content%2Fuploads%2F2026%2F02%2FAlimak-elevator-chemical-plant-web-scaled.jpg 2x\"><img decoding=\"async\" src=\"https:\/\/images.ohmyhosting.se\/U4EaMokFW0quCWuzqLuKhd1D3gA=\/852x530\/smart\/filters:quality(85)\/https%3A%2F%2Falimak.com%2Fwp-content%2Fuploads%2F2026%2F02%2FAlimak-elevator-chemical-plant-web-scaled.jpg\" srcset=\"https:\/\/images.ohmyhosting.se\/U4EaMokFW0quCWuzqLuKhd1D3gA=\/852x530\/smart\/filters:quality(85)\/https%3A%2F%2Falimak.com%2Fwp-content%2Fuploads%2F2026%2F02%2FAlimak-elevator-chemical-plant-web-scaled.jpg 1x, https:\/\/images.ohmyhosting.se\/EmCcpJMJT6AgPM-36CMfy-amZvg=\/1704x1060\/smart\/filters:quality(85)\/https%3A%2F%2Falimak.com%2Fwp-content%2Fuploads%2F2026%2F02%2FAlimak-elevator-chemical-plant-web-scaled.jpg 2x\" alt=\"\" class=\"w-full w-full rounded-[12px] object-cover\" width=\"852\" height=\"530\" \/><\/picture>                                        <\/div>\n            \n        <\/div>\n        <div class=\"col-span-12 lg:col-span-6 2.5xl:col-span-4 flex flex-col justify-center \">\n            <div class=\"\">\n                                    <h2 class=\"text-24 md:text-36 leading-[1.3] font-medium mb-4\">Ingenier\u00eda centrada en el cliente para un acceso vertical fiable<\/h2>\n                                                    <div class=\"wysiwyg leading-[1.6] text-numbersGrey\"><p>Los ingenieros de aplicaciones de Alimak desarrollan soluciones centradas en el cliente para instalaciones exigentes o cuando existen condiciones de funcionamiento inusuales. Gracias a su amplia experiencia en el dise\u00f1o y especificaci\u00f3n de productos y aplicaciones de elevadores, puede obtener planos de configuraci\u00f3n acelerados, c\u00e1lculos de resistencia y c\u00e1lculos de carga en el suelo y fuerzas de anclaje. <\/p>\n<\/div>\n                                            <\/div>\n        <\/div>\n      <\/div>\n    <\/div>\n<\/section>\n\n<section class=\"cta-banner bg-black text-white  pt-0 pb-6 lg:pb-12\">\n    <div class=\"relative\">\n                    <div class=\"cta-banner-overlay relative\">\n                <picture class=\"w-full\"><source media=\"(max-width:639px)\" srcset=\"https:\/\/images.ohmyhosting.se\/WktqUiNRg1ZhevXtlEJW64a-tD4=\/399x377\/smart\/filters:quality(85)\/https%3A%2F%2Falimak.com%2Fwp-content%2Fuploads%2F2025%2F09%2Fd0a64875c3850e6181fa105f72a620985d5364a6.jpg 1x, https:\/\/images.ohmyhosting.se\/uHFfZRUPh8JOF6Zz_y6rSTfDpak=\/798x754\/smart\/filters:quality(85)\/https%3A%2F%2Falimak.com%2Fwp-content%2Fuploads%2F2025%2F09%2Fd0a64875c3850e6181fa105f72a620985d5364a6.jpg 2x\"><source media=\"(max-width:1022px)\" srcset=\"https:\/\/images.ohmyhosting.se\/_7lhKdPe2AiFfxT-8EBHRxRmEX8=\/805x760\/smart\/filters:quality(85)\/https%3A%2F%2Falimak.com%2Fwp-content%2Fuploads%2F2025%2F09%2Fd0a64875c3850e6181fa105f72a620985d5364a6.jpg 1x, https:\/\/images.ohmyhosting.se\/k3XpmDwMeHPL_Yzc_ybXgBj6up8=\/1610x1520\/smart\/filters:quality(85)\/https%3A%2F%2Falimak.com%2Fwp-content%2Fuploads%2F2025%2F09%2Fd0a64875c3850e6181fa105f72a620985d5364a6.jpg 2x\"><img decoding=\"async\" src=\"https:\/\/images.ohmyhosting.se\/lIW3Hg0Fn-6CZ8-JoXTC4w5tQhA=\/2545x1053\/smart\/filters:quality(85)\/https%3A%2F%2Falimak.com%2Fwp-content%2Fuploads%2F2025%2F09%2Fd0a64875c3850e6181fa105f72a620985d5364a6.jpg\" srcset=\"https:\/\/images.ohmyhosting.se\/lIW3Hg0Fn-6CZ8-JoXTC4w5tQhA=\/2545x1053\/smart\/filters:quality(85)\/https%3A%2F%2Falimak.com%2Fwp-content%2Fuploads%2F2025%2F09%2Fd0a64875c3850e6181fa105f72a620985d5364a6.jpg 1x, https:\/\/images.ohmyhosting.se\/kBPWqXpAi4O3Ic8XAeAxPcvYsts=\/5090x2106\/smart\/filters:quality(85)\/https%3A%2F%2Falimak.com%2Fwp-content%2Fuploads%2F2025%2F09%2Fd0a64875c3850e6181fa105f72a620985d5364a6.jpg 2x\" alt=\"\" class=\"w-full w-full h-full object-cover\" width=\"2545\" height=\"1053\" \/><\/picture>            <\/div>\n                <div class=\"absolute inset-0 z-[2]\">\n            <div class=\"holder\">\n                <div class=\"grid grid-cols-12 gap-4\">\n                    <div class=\"col-span-12 lg:col-span-6 lg:col-start-7 pt-16\">\n                        <h3 class=\"text-28 md:text-44 lg:max-w-[500px] leading-tight\">P\u00f3ngase en contacto para m\u00e1s informaci\u00f3n o un presupuesto<\/h3>\n                                                    <div class=\"mt-8\">\n                                <a class=\"btn\" href=\"https:\/\/alimak.com\/es\/contactar\/\" target=\"\">\n                                    <span>Cont\u00e1ctenos<\/span>\n                                    <span>\n                                        <svg width=\"24\" height=\"11\" viewBox=\"0 0 24 11\" fill=\"none\" xmlns=\"http:\/\/www.w3.org\/2000\/svg\">\n                                        <path d=\"M0 5.5H22\" stroke=\"black\" stroke-width=\"1.5\"\/>\n                                        <path d=\"M17.5 1L22 5.5L17.5 10\" stroke=\"black\" stroke-width=\"1.5\"\/>\n                                        <\/svg>\n                                    <\/span>\n                                <\/a>\n                            <\/div>\n                                            <\/div>\n                <\/div>\n            <\/div>\n        <\/div>\n    <\/div>\n<\/section>\n","protected":false},"excerpt":{"rendered":"<p>Alimak trabaja diariamente con una amplia variedad de clientes y aplicaciones, muchas de las cuales requieren consideraciones \u00fanicas. Los elevadores&#8230;<\/p>\n","protected":false},"author":2,"featured_media":0,"parent":14022,"menu_order":0,"comment_status":"closed","ping_status":"closed","template":"","meta":{"_acf_changed":false,"footnotes":""},"class_list":["post-15748","page","type-page","status-publish","hentry"],"acf":[],"yoast_head":"<!-- This site is optimized with the Yoast SEO plugin v27.3 - https:\/\/yoast.com\/product\/yoast-seo-wordpress\/ -->\n<title>Ingenier\u00eda de aplicaciones (permanente) - Alimak<\/title>\n<meta name=\"robots\" content=\"index, follow, max-snippet:-1, max-image-preview:large, max-video-preview:-1\" \/>\n<link rel=\"canonical\" href=\"https:\/\/alimak.com\/es\/soluciones-permanentes\/piezas-y-servicios-permanente\/ingenieria-de-aplicaciones-permanente\/\" \/>\n<meta property=\"og:locale\" content=\"es_ES\" \/>\n<meta property=\"og:type\" content=\"article\" \/>\n<meta property=\"og:title\" content=\"Ingenier\u00eda de aplicaciones (permanente) - Alimak\" \/>\n<meta property=\"og:description\" content=\"Alimak trabaja diariamente con una amplia variedad de clientes y aplicaciones, muchas de las cuales requieren consideraciones \u00fanicas. Los elevadores...\" \/>\n<meta property=\"og:url\" content=\"https:\/\/alimak.com\/es\/soluciones-permanentes\/piezas-y-servicios-permanente\/ingenieria-de-aplicaciones-permanente\/\" \/>\n<meta property=\"og:site_name\" content=\"Alimak\" \/>\n<meta property=\"article:modified_time\" content=\"2026-03-30T10:58:44+00:00\" \/>\n<meta name=\"twitter:card\" content=\"summary_large_image\" \/>\n<script type=\"application\/ld+json\" class=\"yoast-schema-graph\">{\"@context\":\"https:\\\/\\\/schema.org\",\"@graph\":[{\"@type\":\"WebPage\",\"@id\":\"https:\\\/\\\/alimak.com\\\/es\\\/soluciones-permanentes\\\/piezas-y-servicios-permanente\\\/ingenieria-de-aplicaciones-permanente\\\/\",\"url\":\"https:\\\/\\\/alimak.com\\\/es\\\/soluciones-permanentes\\\/piezas-y-servicios-permanente\\\/ingenieria-de-aplicaciones-permanente\\\/\",\"name\":\"Ingenier\u00eda de aplicaciones (permanente) - Alimak\",\"isPartOf\":{\"@id\":\"https:\\\/\\\/alimak.com\\\/#website\"},\"datePublished\":\"2026-02-20T12:53:41+00:00\",\"dateModified\":\"2026-03-30T10:58:44+00:00\",\"breadcrumb\":{\"@id\":\"https:\\\/\\\/alimak.com\\\/es\\\/soluciones-permanentes\\\/piezas-y-servicios-permanente\\\/ingenieria-de-aplicaciones-permanente\\\/#breadcrumb\"},\"inLanguage\":\"es-ES\",\"potentialAction\":[{\"@type\":\"ReadAction\",\"target\":[\"https:\\\/\\\/alimak.com\\\/es\\\/soluciones-permanentes\\\/piezas-y-servicios-permanente\\\/ingenieria-de-aplicaciones-permanente\\\/\"]}]},{\"@type\":\"BreadcrumbList\",\"@id\":\"https:\\\/\\\/alimak.com\\\/es\\\/soluciones-permanentes\\\/piezas-y-servicios-permanente\\\/ingenieria-de-aplicaciones-permanente\\\/#breadcrumb\",\"itemListElement\":[{\"@type\":\"ListItem\",\"position\":1,\"name\":\"Home\",\"item\":\"https:\\\/\\\/alimak.com\\\/es\\\/\"},{\"@type\":\"ListItem\",\"position\":2,\"name\":\"Soluciones permanentes\",\"item\":\"https:\\\/\\\/alimak.com\\\/es\\\/soluciones-permanentes\\\/\"},{\"@type\":\"ListItem\",\"position\":3,\"name\":\"Piezas y servicios (permanente)\",\"item\":\"https:\\\/\\\/alimak.com\\\/es\\\/soluciones-permanentes\\\/piezas-y-servicios-permanente\\\/\"},{\"@type\":\"ListItem\",\"position\":4,\"name\":\"Ingenier\u00eda de aplicaciones (permanente)\"}]},{\"@type\":\"WebSite\",\"@id\":\"https:\\\/\\\/alimak.com\\\/#website\",\"url\":\"https:\\\/\\\/alimak.com\\\/\",\"name\":\"Alimak\",\"description\":\"\",\"potentialAction\":[{\"@type\":\"SearchAction\",\"target\":{\"@type\":\"EntryPoint\",\"urlTemplate\":\"https:\\\/\\\/alimak.com\\\/?s={search_term_string}\"},\"query-input\":{\"@type\":\"PropertyValueSpecification\",\"valueRequired\":true,\"valueName\":\"search_term_string\"}}],\"inLanguage\":\"es-ES\"}]}<\/script>\n<!-- \/ Yoast SEO plugin. -->","yoast_head_json":{"title":"Ingenier\u00eda de aplicaciones (permanente) - Alimak","robots":{"index":"index","follow":"follow","max-snippet":"max-snippet:-1","max-image-preview":"max-image-preview:large","max-video-preview":"max-video-preview:-1"},"canonical":"https:\/\/alimak.com\/es\/soluciones-permanentes\/piezas-y-servicios-permanente\/ingenieria-de-aplicaciones-permanente\/","og_locale":"es_ES","og_type":"article","og_title":"Ingenier\u00eda de aplicaciones (permanente) - Alimak","og_description":"Alimak trabaja diariamente con una amplia variedad de clientes y aplicaciones, muchas de las cuales requieren consideraciones \u00fanicas. Los elevadores...","og_url":"https:\/\/alimak.com\/es\/soluciones-permanentes\/piezas-y-servicios-permanente\/ingenieria-de-aplicaciones-permanente\/","og_site_name":"Alimak","article_modified_time":"2026-03-30T10:58:44+00:00","twitter_card":"summary_large_image","schema":{"@context":"https:\/\/schema.org","@graph":[{"@type":"WebPage","@id":"https:\/\/alimak.com\/es\/soluciones-permanentes\/piezas-y-servicios-permanente\/ingenieria-de-aplicaciones-permanente\/","url":"https:\/\/alimak.com\/es\/soluciones-permanentes\/piezas-y-servicios-permanente\/ingenieria-de-aplicaciones-permanente\/","name":"Ingenier\u00eda de aplicaciones (permanente) - Alimak","isPartOf":{"@id":"https:\/\/alimak.com\/#website"},"datePublished":"2026-02-20T12:53:41+00:00","dateModified":"2026-03-30T10:58:44+00:00","breadcrumb":{"@id":"https:\/\/alimak.com\/es\/soluciones-permanentes\/piezas-y-servicios-permanente\/ingenieria-de-aplicaciones-permanente\/#breadcrumb"},"inLanguage":"es-ES","potentialAction":[{"@type":"ReadAction","target":["https:\/\/alimak.com\/es\/soluciones-permanentes\/piezas-y-servicios-permanente\/ingenieria-de-aplicaciones-permanente\/"]}]},{"@type":"BreadcrumbList","@id":"https:\/\/alimak.com\/es\/soluciones-permanentes\/piezas-y-servicios-permanente\/ingenieria-de-aplicaciones-permanente\/#breadcrumb","itemListElement":[{"@type":"ListItem","position":1,"name":"Home","item":"https:\/\/alimak.com\/es\/"},{"@type":"ListItem","position":2,"name":"Soluciones permanentes","item":"https:\/\/alimak.com\/es\/soluciones-permanentes\/"},{"@type":"ListItem","position":3,"name":"Piezas y servicios (permanente)","item":"https:\/\/alimak.com\/es\/soluciones-permanentes\/piezas-y-servicios-permanente\/"},{"@type":"ListItem","position":4,"name":"Ingenier\u00eda de aplicaciones (permanente)"}]},{"@type":"WebSite","@id":"https:\/\/alimak.com\/#website","url":"https:\/\/alimak.com\/","name":"Alimak","description":"","potentialAction":[{"@type":"SearchAction","target":{"@type":"EntryPoint","urlTemplate":"https:\/\/alimak.com\/?s={search_term_string}"},"query-input":{"@type":"PropertyValueSpecification","valueRequired":true,"valueName":"search_term_string"}}],"inLanguage":"es-ES"}]}},"_links":{"self":[{"href":"https:\/\/alimak.com\/es\/wp-json\/wp\/v2\/pages\/15748","targetHints":{"allow":["GET"]}}],"collection":[{"href":"https:\/\/alimak.com\/es\/wp-json\/wp\/v2\/pages"}],"about":[{"href":"https:\/\/alimak.com\/es\/wp-json\/wp\/v2\/types\/page"}],"author":[{"embeddable":true,"href":"https:\/\/alimak.com\/es\/wp-json\/wp\/v2\/users\/2"}],"replies":[{"embeddable":true,"href":"https:\/\/alimak.com\/es\/wp-json\/wp\/v2\/comments?post=15748"}],"version-history":[{"count":3,"href":"https:\/\/alimak.com\/es\/wp-json\/wp\/v2\/pages\/15748\/revisions"}],"predecessor-version":[{"id":16319,"href":"https:\/\/alimak.com\/es\/wp-json\/wp\/v2\/pages\/15748\/revisions\/16319"}],"up":[{"embeddable":true,"href":"https:\/\/alimak.com\/es\/wp-json\/wp\/v2\/pages\/14022"}],"wp:attachment":[{"href":"https:\/\/alimak.com\/es\/wp-json\/wp\/v2\/media?parent=15748"}],"curies":[{"name":"wp","href":"https:\/\/api.w.org\/{rel}","templated":true}]}}