{"id":13737,"date":"2025-11-12T12:35:49","date_gmt":"2025-11-12T12:35:49","guid":{"rendered":"https:\/\/alimak.com\/lanceur-dalerte\/"},"modified":"2026-03-19T15:17:23","modified_gmt":"2026-03-19T15:17:23","slug":"lanceur-dalerte","status":"publish","type":"page","link":"https:\/\/alimak.com\/fr\/lanceur-dalerte\/","title":{"rendered":"Lanceur d\u2019alerte"},"content":{"rendered":"\n<section class=\"small-hero border-b bg-white text-black border-lightGrey pt-0 pb-0\">\n    \n        <div class=\"holder pt-36 md:pt-44\">\n            <div class=\"grid grid-cols-12 gap-4 pb-16\">\n                <div class=\"col-span-12 lg:col-span-7\">\n                                        <h1 class=\"text-28 md:text-52 leading-[1.3] lg:max-w-[625px]\"><p>Lanceur d\u2019alerte<\/p>\n<\/h1>\n                    <div class=\"wysiwyg pt-5 leading-[1.6] lg:block lg:max-w-[767px]\"><h3><strong>Code de conduite<\/strong><\/h3>\n<p>Alimak fait partie d\u2019Alimak Group. Le Code de conduite d\u2019Alimak Group d\u00e9crit la mani\u00e8re dont nous menons nos activit\u00e9s de fa\u00e7on \u00e9thique et responsable. Il \u00e9nonce les principes de comportement que nous suivons et nous fournit des conseils pratiques dans nos actions et nos d\u00e9cisions commerciales quotidiennes.  <\/p>\n<\/div>\n                <\/div>\n            <\/div>\n        <\/div>\n\n    <\/section>\n<section class=\"regular-text-block bg-white pt-6 lg:pt-12 pb-6 lg:pb-12\">\n    <div class=\"holder\">\n        <div class=\"grid grid-cols-12 gap-4\">\n            <div class=\"col-span-12 lg:col-span-3 hidden lg:block\">\n            <\/div>\n            <main class=\"col-span-12 lg:col-span-9\">\n\n                <div class=\"wysiwyg-article mb-12\">\n                    <p>Tous les employ\u00e9s d\u2019Alimak Group sont form\u00e9s au Code de conduite. La formation est incluse dans nos programmes d\u2019int\u00e9gration pour les nouveaux employ\u00e9s et est r\u00e9p\u00e9t\u00e9e r\u00e9guli\u00e8rement. <\/p>\n<p>Alimak Group adh\u00e8re au Pacte mondial des Nations Unies, une initiative visant \u00e0 faire des droits de l\u2019homme, des normes de travail \u00e9quitables, de la responsabilit\u00e9 environnementale et de la lutte contre la corruption des \u00e9l\u00e9ments centraux des activit\u00e9s des entreprises participantes.<\/p>\n<p>Veuillez consulter notre site Web d\u2019entreprise pour en savoir plus sur notre Code de conduite et signaler toute violation ou divergence.<\/p>\n<p><a href=\"https:\/\/corporate.alimakgroup.com\/en\/sustainability\/code-of-conduct\/\" target=\"_blank\" rel=\"noopener\">Site Web d\u2019entreprise d\u2019Alimak Group<\/a><\/p>\n                <\/div>\n\n                            <\/main>\n        <\/div>\n    <\/div>\n<\/section>\n","protected":false},"excerpt":{"rendered":"<p>Code de conduite Alimak fait partie d\u2019Alimak Group. Le Code de conduite d\u2019Alimak Group d\u00e9crit la mani\u00e8re dont nous menons&#8230;<\/p>\n","protected":false},"author":2,"featured_media":0,"parent":0,"menu_order":0,"comment_status":"closed","ping_status":"closed","template":"","meta":{"_acf_changed":false,"footnotes":""},"class_list":["post-13737","page","type-page","status-publish","hentry"],"acf":[],"yoast_head":"<!-- This site is optimized with the Yoast SEO plugin v27.3 - https:\/\/yoast.com\/product\/yoast-seo-wordpress\/ -->\n<title>Lanceur d\u2019alerte - Alimak<\/title>\n<meta name=\"robots\" content=\"index, follow, max-snippet:-1, max-image-preview:large, max-video-preview:-1\" \/>\n<link rel=\"canonical\" href=\"https:\/\/alimak.com\/fr\/lanceur-dalerte\/\" \/>\n<meta property=\"og:locale\" content=\"fr_FR\" \/>\n<meta property=\"og:type\" content=\"article\" \/>\n<meta property=\"og:title\" content=\"Lanceur d\u2019alerte - Alimak\" \/>\n<meta property=\"og:description\" content=\"Code de conduite Alimak fait partie d\u2019Alimak Group. Le Code de conduite d\u2019Alimak Group d\u00e9crit la mani\u00e8re dont nous menons...\" \/>\n<meta property=\"og:url\" content=\"https:\/\/alimak.com\/fr\/lanceur-dalerte\/\" \/>\n<meta property=\"og:site_name\" content=\"Alimak\" \/>\n<meta property=\"article:modified_time\" content=\"2026-03-19T15:17:23+00:00\" \/>\n<meta name=\"twitter:card\" content=\"summary_large_image\" \/>\n<script type=\"application\/ld+json\" class=\"yoast-schema-graph\">{\"@context\":\"https:\\\/\\\/schema.org\",\"@graph\":[{\"@type\":\"WebPage\",\"@id\":\"https:\\\/\\\/alimak.com\\\/fr\\\/lanceur-dalerte\\\/\",\"url\":\"https:\\\/\\\/alimak.com\\\/fr\\\/lanceur-dalerte\\\/\",\"name\":\"Lanceur d\u2019alerte - Alimak\",\"isPartOf\":{\"@id\":\"https:\\\/\\\/alimak.com\\\/#website\"},\"datePublished\":\"2025-11-12T12:35:49+00:00\",\"dateModified\":\"2026-03-19T15:17:23+00:00\",\"breadcrumb\":{\"@id\":\"https:\\\/\\\/alimak.com\\\/fr\\\/lanceur-dalerte\\\/#breadcrumb\"},\"inLanguage\":\"fr-FR\",\"potentialAction\":[{\"@type\":\"ReadAction\",\"target\":[\"https:\\\/\\\/alimak.com\\\/fr\\\/lanceur-dalerte\\\/\"]}]},{\"@type\":\"BreadcrumbList\",\"@id\":\"https:\\\/\\\/alimak.com\\\/fr\\\/lanceur-dalerte\\\/#breadcrumb\",\"itemListElement\":[{\"@type\":\"ListItem\",\"position\":1,\"name\":\"Home\",\"item\":\"https:\\\/\\\/alimak.com\\\/fr\\\/\"},{\"@type\":\"ListItem\",\"position\":2,\"name\":\"Lanceur d\u2019alerte\"}]},{\"@type\":\"WebSite\",\"@id\":\"https:\\\/\\\/alimak.com\\\/#website\",\"url\":\"https:\\\/\\\/alimak.com\\\/\",\"name\":\"Alimak\",\"description\":\"\",\"potentialAction\":[{\"@type\":\"SearchAction\",\"target\":{\"@type\":\"EntryPoint\",\"urlTemplate\":\"https:\\\/\\\/alimak.com\\\/?s={search_term_string}\"},\"query-input\":{\"@type\":\"PropertyValueSpecification\",\"valueRequired\":true,\"valueName\":\"search_term_string\"}}],\"inLanguage\":\"fr-FR\"}]}<\/script>\n<!-- \/ Yoast SEO plugin. -->","yoast_head_json":{"title":"Lanceur d\u2019alerte - Alimak","robots":{"index":"index","follow":"follow","max-snippet":"max-snippet:-1","max-image-preview":"max-image-preview:large","max-video-preview":"max-video-preview:-1"},"canonical":"https:\/\/alimak.com\/fr\/lanceur-dalerte\/","og_locale":"fr_FR","og_type":"article","og_title":"Lanceur d\u2019alerte - Alimak","og_description":"Code de conduite Alimak fait partie d\u2019Alimak Group. Le Code de conduite d\u2019Alimak Group d\u00e9crit la mani\u00e8re dont nous menons...","og_url":"https:\/\/alimak.com\/fr\/lanceur-dalerte\/","og_site_name":"Alimak","article_modified_time":"2026-03-19T15:17:23+00:00","twitter_card":"summary_large_image","schema":{"@context":"https:\/\/schema.org","@graph":[{"@type":"WebPage","@id":"https:\/\/alimak.com\/fr\/lanceur-dalerte\/","url":"https:\/\/alimak.com\/fr\/lanceur-dalerte\/","name":"Lanceur d\u2019alerte - Alimak","isPartOf":{"@id":"https:\/\/alimak.com\/#website"},"datePublished":"2025-11-12T12:35:49+00:00","dateModified":"2026-03-19T15:17:23+00:00","breadcrumb":{"@id":"https:\/\/alimak.com\/fr\/lanceur-dalerte\/#breadcrumb"},"inLanguage":"fr-FR","potentialAction":[{"@type":"ReadAction","target":["https:\/\/alimak.com\/fr\/lanceur-dalerte\/"]}]},{"@type":"BreadcrumbList","@id":"https:\/\/alimak.com\/fr\/lanceur-dalerte\/#breadcrumb","itemListElement":[{"@type":"ListItem","position":1,"name":"Home","item":"https:\/\/alimak.com\/fr\/"},{"@type":"ListItem","position":2,"name":"Lanceur d\u2019alerte"}]},{"@type":"WebSite","@id":"https:\/\/alimak.com\/#website","url":"https:\/\/alimak.com\/","name":"Alimak","description":"","potentialAction":[{"@type":"SearchAction","target":{"@type":"EntryPoint","urlTemplate":"https:\/\/alimak.com\/?s={search_term_string}"},"query-input":{"@type":"PropertyValueSpecification","valueRequired":true,"valueName":"search_term_string"}}],"inLanguage":"fr-FR"}]}},"_links":{"self":[{"href":"https:\/\/alimak.com\/fr\/wp-json\/wp\/v2\/pages\/13737","targetHints":{"allow":["GET"]}}],"collection":[{"href":"https:\/\/alimak.com\/fr\/wp-json\/wp\/v2\/pages"}],"about":[{"href":"https:\/\/alimak.com\/fr\/wp-json\/wp\/v2\/types\/page"}],"author":[{"embeddable":true,"href":"https:\/\/alimak.com\/fr\/wp-json\/wp\/v2\/users\/2"}],"replies":[{"embeddable":true,"href":"https:\/\/alimak.com\/fr\/wp-json\/wp\/v2\/comments?post=13737"}],"version-history":[{"count":1,"href":"https:\/\/alimak.com\/fr\/wp-json\/wp\/v2\/pages\/13737\/revisions"}],"predecessor-version":[{"id":13738,"href":"https:\/\/alimak.com\/fr\/wp-json\/wp\/v2\/pages\/13737\/revisions\/13738"}],"wp:attachment":[{"href":"https:\/\/alimak.com\/fr\/wp-json\/wp\/v2\/media?parent=13737"}],"curies":[{"name":"wp","href":"https:\/\/api.w.org\/{rel}","templated":true}]}}