{"id":13739,"date":"2026-02-06T14:15:06","date_gmt":"2026-02-06T14:15:06","guid":{"rendered":"https:\/\/alimak.com\/accessoires\/"},"modified":"2026-03-18T14:05:45","modified_gmt":"2026-03-18T14:05:45","slug":"accessoires","status":"publish","type":"page","link":"https:\/\/alimak.com\/fr\/solutions-temporaires\/produits-temporaire\/accessoires\/","title":{"rendered":"Accessoires"},"content":{"rendered":"\n<section class=\"small-hero border-b bg-black border-darkGrey text-white pt-0 pb-0\">\n            <div class=\"relative\">\n            <div class=\"hero-overlay relative\">\n                                    <picture class=\"w-full\"><source media=\"(max-width:639px)\" srcset=\"https:\/\/images.ohmyhosting.se\/lUz05L09EvF-9SXcdAo51Chq4-A=\/390x461\/smart\/filters:quality(85)\/https%3A%2F%2Falimak.com%2Fwp-content%2Fuploads%2F2025%2F12%2F190806-649-HDR-web.jpg 1x, https:\/\/images.ohmyhosting.se\/7-exDfHV1Ad6Y92UvUTZ5b94J-E=\/780x922\/smart\/filters:quality(85)\/https%3A%2F%2Falimak.com%2Fwp-content%2Fuploads%2F2025%2F12%2F190806-649-HDR-web.jpg 2x\"><source media=\"(max-width:1022px)\" srcset=\"https:\/\/images.ohmyhosting.se\/Dce8ThXHhFTXsr3e_xW9PSkfHTc=\/805x951\/smart\/filters:quality(85)\/https%3A%2F%2Falimak.com%2Fwp-content%2Fuploads%2F2025%2F12%2F190806-649-HDR-web.jpg 1x, https:\/\/images.ohmyhosting.se\/nF494AxQnw0xmJ31SdGEmZXRSug=\/1610x1902\/smart\/filters:quality(85)\/https%3A%2F%2Falimak.com%2Fwp-content%2Fuploads%2F2025%2F12%2F190806-649-HDR-web.jpg 2x\"><img decoding=\"async\" src=\"https:\/\/images.ohmyhosting.se\/73AwMGf88O7Ivq6xMmvmEgpIHcs=\/2545x814\/smart\/filters:quality(85)\/https%3A%2F%2Falimak.com%2Fwp-content%2Fuploads%2F2025%2F12%2F190806-649-HDR-web.jpg\" srcset=\"https:\/\/images.ohmyhosting.se\/73AwMGf88O7Ivq6xMmvmEgpIHcs=\/2545x814\/smart\/filters:quality(85)\/https%3A%2F%2Falimak.com%2Fwp-content%2Fuploads%2F2025%2F12%2F190806-649-HDR-web.jpg 1x, https:\/\/images.ohmyhosting.se\/INUWkGo8GkmIoFI2vm-bEssuL-U=\/5090x1628\/smart\/filters:quality(85)\/https%3A%2F%2Falimak.com%2Fwp-content%2Fuploads%2F2025%2F12%2F190806-649-HDR-web.jpg 2x\" alt=\"\" class=\"w-full object-cover w-full max-h-[90vh]\" width=\"2545\" height=\"814\" \/><\/picture>                            <\/div>\n            <div class=\"absolute inset-0 z-10 flex flex-col justify-end\">\n                <div class=\"holder\">\n                    <div class=\"grid grid-cols-12 gap-4 pb-16\">\n                        <div class=\"col-span-12 lg:col-span-7\">\n                                                    <p class=\"md:text-20 font-medium leading-[1.25] mb-1\">Solutions temporaires<\/p>\n                                                    <h1 class=\"text-28 md:text-52 leading-[1.3] lg:max-w-[625px]\"><p>Accessoires<\/p>\n<\/h1>\n                            <div class=\"wysiwyg pt-5 leading-[1.6] hidden lg:block lg:max-w-[512px]\"><p>Une large gamme d\u2019accessoires tels que des m\u00e2ts, des ancrages, des \u00e9quipements de guidage de c\u00e2bles et des barri\u00e8res d\u2019\u00e9tage est disponible pour les monte-charges de chantier, les plateformes de transport, les ascenseurs de mat\u00e9riel et les plateformes de travail sur m\u00e2t Alimak.<\/p>\n<p>La majorit\u00e9 des accessoires peuvent \u00eatre utilis\u00e9s collectivement sur les monte-charges et les plateformes appartenant \u00e0 la m\u00eame cat\u00e9gorie de produits, ce qui permet aux propri\u00e9taires de flottes de r\u00e9aliser des \u00e9conomies.<\/p>\n<\/div>\n                        <\/div>\n                    <\/div>\n                <\/div>\n            <\/div>\n        <\/div>\n                    <div class=\"lg:hidden py-12 border-b border-darkGrey\">\n                <div class=\"holder\">\n                    <div class=\"wysiwyg leading-[1.6]\"><p>Une large gamme d\u2019accessoires tels que des m\u00e2ts, des ancrages, des \u00e9quipements de guidage de c\u00e2bles et des barri\u00e8res d\u2019\u00e9tage est disponible pour les monte-charges de chantier, les plateformes de transport, les ascenseurs de mat\u00e9riel et les plateformes de travail sur m\u00e2t Alimak.<\/p>\n<p>La majorit\u00e9 des accessoires peuvent \u00eatre utilis\u00e9s collectivement sur les monte-charges et les plateformes appartenant \u00e0 la m\u00eame cat\u00e9gorie de produits, ce qui permet aux propri\u00e9taires de flottes de r\u00e9aliser des \u00e9conomies.<\/p>\n<\/div>\n                <\/div>\n            <\/div>\n        \n    <\/section>\n<section class=\"text-img bg-white text-black border-lightGrey   pt-6 lg:pt-12 pb-6 lg:pb-12\">\n    <div class=\"holder\">\n      <div class=\"grid grid-cols-12 gap-4 items-center\">\n        <div class=\"col-span-12 lg:col-span-6 2.5xl:col-span-8 \">\n                            <div class=\"text-img-overlay relative mb-8 md:mb-0 max-w-[852px] \">\n                    <picture class=\"w-full\"><source media=\"(max-width:639px)\" srcset=\"https:\/\/images.ohmyhosting.se\/InbWubVkIwjEhn5gSiQxcYWqymk=\/382x237\/smart\/filters:quality(85)\/https%3A%2F%2Falimak.com%2Fwp-content%2Fuploads%2F2026%2F02%2FLanding-Gates-A.tif 1x, https:\/\/images.ohmyhosting.se\/vskv-hfhx6RFIxE4OdjOzkRJIf4=\/764x474\/smart\/filters:quality(85)\/https%3A%2F%2Falimak.com%2Fwp-content%2Fuploads%2F2026%2F02%2FLanding-Gates-A.tif 2x\"><source media=\"(max-width:1022px)\" srcset=\"https:\/\/images.ohmyhosting.se\/SJ1wnWFT7DE0nePxoQkkt6BA3E4=\/773x480\/smart\/filters:quality(85)\/https%3A%2F%2Falimak.com%2Fwp-content%2Fuploads%2F2026%2F02%2FLanding-Gates-A.tif 1x, https:\/\/images.ohmyhosting.se\/0v3LdfcHucXKqK5rAhXe4LUjRRk=\/1546x960\/smart\/filters:quality(85)\/https%3A%2F%2Falimak.com%2Fwp-content%2Fuploads%2F2026%2F02%2FLanding-Gates-A.tif 2x\"><img decoding=\"async\" src=\"https:\/\/images.ohmyhosting.se\/95cDDQsM2vO11zysx5-Rtk0Fa9s=\/852x530\/smart\/filters:quality(85)\/https%3A%2F%2Falimak.com%2Fwp-content%2Fuploads%2F2026%2F02%2FLanding-Gates-A.tif\" srcset=\"https:\/\/images.ohmyhosting.se\/95cDDQsM2vO11zysx5-Rtk0Fa9s=\/852x530\/smart\/filters:quality(85)\/https%3A%2F%2Falimak.com%2Fwp-content%2Fuploads%2F2026%2F02%2FLanding-Gates-A.tif 1x, https:\/\/images.ohmyhosting.se\/0jmXG6KLmbwWM4UmbfxgjNRKz0M=\/1704x1060\/smart\/filters:quality(85)\/https%3A%2F%2Falimak.com%2Fwp-content%2Fuploads%2F2026%2F02%2FLanding-Gates-A.tif 2x\" alt=\"\" class=\"w-full w-full rounded-[12px] object-cover\" width=\"852\" height=\"530\" \/><\/picture>                                        <\/div>\n            \n        <\/div>\n        <div class=\"col-span-12 lg:col-span-6 2.5xl:col-span-4 flex flex-col justify-center \">\n            <div class=\"\">\n                                    <h2 class=\"text-24 md:text-36 leading-[1.3] font-medium mb-4\">\u00c9quipement de palier<\/h2>\n                                                    <div class=\"wysiwyg leading-[1.6] text-numbersGrey\"><p>Le syst\u00e8me de barri\u00e8re de palier modulaire et flexible d\u2019Alimak s\u2019adapte \u00e0 toutes les marques connues d\u2019ascenseurs de chantier, de monte-mat\u00e9riaux et de plates-formes de transport sur le march\u00e9.<\/p>\n<p>Toutes les barri\u00e8res de palier portent le marquage CE et sont conformes aux exigences du r\u00e8glement europ\u00e9en relatif aux machines en vigueur. Elles sont con\u00e7ues conform\u00e9ment aux normes EN pertinentes pour les ascenseurs de chantier, les monte-mat\u00e9riaux et les plates-formes de transport.<\/p>\n<p>Les barri\u00e8res Alimak peuvent \u00eatre install\u00e9es contre une dalle, un balcon, des tubes verticaux et une tour d\u2019escalier ou un pont de liaison, et s\u2019adaptent \u00e0 tous les syst\u00e8mes d\u2019\u00e9chafaudage actuellement sur le march\u00e9. Alimak propose \u00e9galement une gamme de barri\u00e8res de palier toute hauteur pour ses ascenseurs de chantier, en option de son syst\u00e8me de barri\u00e8res de palier \u00e0 hauteur r\u00e9duite, disponibles en diff\u00e9rentes tailles pour r\u00e9pondre \u00e0 diverses applications. <\/p>\n<\/div>\n                                            <\/div>\n        <\/div>\n      <\/div>\n    <\/div>\n<\/section>\n\n<section class=\"text-img bg-white text-black border-lightGrey   pt-6 lg:pt-12 pb-6 lg:pb-12\">\n    <div class=\"holder\">\n      <div class=\"grid grid-cols-12 gap-4 items-center\">\n        <div class=\"col-span-12 lg:col-span-6 2.5xl:col-span-8  order-1 lg:order-2\">\n                            <div class=\"text-img-overlay relative mb-8 md:mb-0 max-w-[852px] lg:ml-auto\">\n                    <picture class=\"w-full\"><source media=\"(max-width:639px)\" srcset=\"https:\/\/images.ohmyhosting.se\/QvsAJCsDiUiDgsu2x-hSu5VGTbA=\/382x237\/smart\/filters:quality(85)\/https%3A%2F%2Falimak.com%2Fwp-content%2Fuploads%2F2025%2F10%2FMast-Sections.png 1x, https:\/\/images.ohmyhosting.se\/rmYQf4Qn2UITO3MGFmZRoRvcW8w=\/764x474\/smart\/filters:quality(85)\/https%3A%2F%2Falimak.com%2Fwp-content%2Fuploads%2F2025%2F10%2FMast-Sections.png 2x\"><source media=\"(max-width:1022px)\" srcset=\"https:\/\/images.ohmyhosting.se\/qrqZbs0zSBIJ2tt4q1EOVmGejuA=\/773x480\/smart\/filters:quality(85)\/https%3A%2F%2Falimak.com%2Fwp-content%2Fuploads%2F2025%2F10%2FMast-Sections.png 1x, https:\/\/images.ohmyhosting.se\/3zlYZjRfjry1jude9wLv8RgdTio=\/1546x960\/smart\/filters:quality(85)\/https%3A%2F%2Falimak.com%2Fwp-content%2Fuploads%2F2025%2F10%2FMast-Sections.png 2x\"><img decoding=\"async\" src=\"https:\/\/images.ohmyhosting.se\/K3QvFLB0ygOJueJelNm01kP0H3I=\/852x530\/smart\/filters:quality(85)\/https%3A%2F%2Falimak.com%2Fwp-content%2Fuploads%2F2025%2F10%2FMast-Sections.png\" srcset=\"https:\/\/images.ohmyhosting.se\/K3QvFLB0ygOJueJelNm01kP0H3I=\/852x530\/smart\/filters:quality(85)\/https%3A%2F%2Falimak.com%2Fwp-content%2Fuploads%2F2025%2F10%2FMast-Sections.png 1x, https:\/\/images.ohmyhosting.se\/aFgQO6YkfCjJcs1MJrAgKSvsM8s=\/1704x1060\/smart\/filters:quality(85)\/https%3A%2F%2Falimak.com%2Fwp-content%2Fuploads%2F2025%2F10%2FMast-Sections.png 2x\" alt=\"\" class=\"w-full w-full rounded-[12px] object-cover\" width=\"852\" height=\"530\" \/><\/picture>                                        <\/div>\n            \n        <\/div>\n        <div class=\"col-span-12 lg:col-span-6 2.5xl:col-span-4 flex flex-col justify-center  order-2 lg:order-1\">\n            <div class=\"\">\n                                    <h2 class=\"text-24 md:text-36 leading-[1.3] font-medium mb-4\">M\u00e2t et ancrages<\/h2>\n                                                    <div class=\"wysiwyg leading-[1.6] text-numbersGrey\"><p>Les attaches de m\u00e2t Alimak sont utilis\u00e9es pour fixer la tour du m\u00e2t \u00e0 une structure ou \u00e0 un b\u00e2timent. Plusieurs types sont disponibles pour s\u2019adapter \u00e0 diff\u00e9rentes conditions et structures. Elles reposent sur une conception modulaire flexible, r\u00e9glable en hauteur, en largeur et en longueur gr\u00e2ce \u00e0 des supports muraux adaptables.  <\/p>\n<p>Alimak propose trois types de m\u00e2ts, chacun prenant en charge les gammes de produits de construction l\u00e9gers, moyens et lourds. Les m\u00e2ts peuvent \u00eatre utilis\u00e9s collectivement sur des ascenseurs et des plates-formes appartenant \u00e0 la m\u00eame cat\u00e9gorie de produits, ce qui permet aux propri\u00e9taires de flottes de r\u00e9aliser des \u00e9conomies. <\/p>\n<p>Les profil\u00e9s de m\u00e2t Alimak sont con\u00e7us pour \u00eatre l\u00e9gers mais robustes, minimisant le nombre de points d\u2019ancrage et offrant des hauteurs de levage importantes ainsi qu\u2019un porte-\u00e0-faux libre \u00e9lev\u00e9. Les mat\u00e9riaux de haute qualit\u00e9 et le processus de fabrication sont strictement contr\u00f4l\u00e9s, et les tests de r\u00e9sistance sont rigoureux. <\/p>\n<\/div>\n                                            <\/div>\n        <\/div>\n      <\/div>\n    <\/div>\n<\/section>\n\n<section class=\"text-img bg-white text-black border-lightGrey   pt-6 lg:pt-12 pb-6 lg:pb-12\">\n    <div class=\"holder\">\n      <div class=\"grid grid-cols-12 gap-4 items-center\">\n        <div class=\"col-span-12 lg:col-span-6 2.5xl:col-span-8 \">\n                            <div class=\"text-img-overlay relative mb-8 md:mb-0 max-w-[852px] \">\n                    <picture class=\"w-full\"><source media=\"(max-width:639px)\" srcset=\"https:\/\/images.ohmyhosting.se\/2rVhxd-6sZ-EkDIdfdKb7u-c3sA=\/382x237\/smart\/filters:quality(85)\/https%3A%2F%2Falimak.com%2Fwp-content%2Fuploads%2F2026%2F02%2FCable-Guiding-System-scaled.png 1x, https:\/\/images.ohmyhosting.se\/jK91Yci0cLO4vcKG9iRmfwg-TBQ=\/764x474\/smart\/filters:quality(85)\/https%3A%2F%2Falimak.com%2Fwp-content%2Fuploads%2F2026%2F02%2FCable-Guiding-System-scaled.png 2x\"><source media=\"(max-width:1022px)\" srcset=\"https:\/\/images.ohmyhosting.se\/MXa74BmHFIUSmb-6fMClR_4I0z8=\/773x480\/smart\/filters:quality(85)\/https%3A%2F%2Falimak.com%2Fwp-content%2Fuploads%2F2026%2F02%2FCable-Guiding-System-scaled.png 1x, https:\/\/images.ohmyhosting.se\/BQEWouMFQW1xdQTLW85jR3nKvkY=\/1546x960\/smart\/filters:quality(85)\/https%3A%2F%2Falimak.com%2Fwp-content%2Fuploads%2F2026%2F02%2FCable-Guiding-System-scaled.png 2x\"><img decoding=\"async\" src=\"https:\/\/images.ohmyhosting.se\/jj2O0kRRt2dlYE5KLnSFRe7961M=\/852x530\/smart\/filters:quality(85)\/https%3A%2F%2Falimak.com%2Fwp-content%2Fuploads%2F2026%2F02%2FCable-Guiding-System-scaled.png\" srcset=\"https:\/\/images.ohmyhosting.se\/jj2O0kRRt2dlYE5KLnSFRe7961M=\/852x530\/smart\/filters:quality(85)\/https%3A%2F%2Falimak.com%2Fwp-content%2Fuploads%2F2026%2F02%2FCable-Guiding-System-scaled.png 1x, https:\/\/images.ohmyhosting.se\/pxzJ0gWj7ijvPiSNK29AAgoppFo=\/1704x1060\/smart\/filters:quality(85)\/https%3A%2F%2Falimak.com%2Fwp-content%2Fuploads%2F2026%2F02%2FCable-Guiding-System-scaled.png 2x\" alt=\"\" class=\"w-full w-full rounded-[12px] object-cover\" width=\"852\" height=\"530\" \/><\/picture>                                        <\/div>\n            \n        <\/div>\n        <div class=\"col-span-12 lg:col-span-6 2.5xl:col-span-4 flex flex-col justify-center \">\n            <div class=\"\">\n                                    <h2 class=\"text-24 md:text-36 leading-[1.3] font-medium mb-4\">\u00c9quipement de guidage de c\u00e2ble<\/h2>\n                                                    <div class=\"wysiwyg leading-[1.6] text-numbersGrey\"><p>Le syst\u00e8me de guidage de c\u00e2ble Alimak maintient en permanence le c\u00e2ble sous tension. La plupart des mod\u00e8les de produits Alimak disposent de c\u00e2bles d\u2019alimentation et de commande vers la cabine, ce qui signifie qu\u2019ils poss\u00e8dent des circuits de s\u00e9curit\u00e9 et de porte s\u00e9par\u00e9s. <\/p>\n<p>Les guides-c\u00e2bles sont utilis\u00e9s pour retenir le c\u00e2ble en utilisation normale et par temps venteux afin d\u2019\u00e9viter tout dommage d\u00fb au coincement avec des machines en mouvement. Dans les zones de vents forts, il peut \u00eatre n\u00e9cessaire d\u2019augmenter le nombre de guides-c\u00e2bles et de r\u00e9duire l\u2019intervalle auquel ils sont install\u00e9s.<\/p>\n<p>La machine Alimak sera toujours aliment\u00e9e, m\u00eame si la base et les paliers sont verrouill\u00e9s \u00e9lectriquement. Le variateur de fr\u00e9quence sera toujours sous tension, et la machine disposera d\u2019un \u00e9clairage permanent et d\u00e9marrera directement. <\/p>\n<\/div>\n                                            <\/div>\n        <\/div>\n      <\/div>\n    <\/div>\n<\/section>\n\n<section class=\"cta-banner bg-black text-white  pt-0 pb-6 lg:pb-12\">\n    <div class=\"relative\">\n                    <div class=\"cta-banner-overlay relative\">\n                <picture class=\"w-full\"><source media=\"(max-width:639px)\" srcset=\"https:\/\/images.ohmyhosting.se\/830LuN8tJnlhxBlrnP81Cn_re_Q=\/399x377\/smart\/filters:quality(85)\/https%3A%2F%2Falimak.com%2Fwp-content%2Fuploads%2F2025%2F09%2Fd2291df879d3d9219aa41f082605eabd3250e5e9.jpg 1x, https:\/\/images.ohmyhosting.se\/hU69TdXunvGuEgABsWLfplJ9_PU=\/798x754\/smart\/filters:quality(85)\/https%3A%2F%2Falimak.com%2Fwp-content%2Fuploads%2F2025%2F09%2Fd2291df879d3d9219aa41f082605eabd3250e5e9.jpg 2x\"><source media=\"(max-width:1022px)\" srcset=\"https:\/\/images.ohmyhosting.se\/sUTJ0HNsfwEJpnAiEjhFWb9u1pw=\/805x760\/smart\/filters:quality(85)\/https%3A%2F%2Falimak.com%2Fwp-content%2Fuploads%2F2025%2F09%2Fd2291df879d3d9219aa41f082605eabd3250e5e9.jpg 1x, https:\/\/images.ohmyhosting.se\/mrEIaFoAUgmLUkHNnjAqabwhsRU=\/1610x1520\/smart\/filters:quality(85)\/https%3A%2F%2Falimak.com%2Fwp-content%2Fuploads%2F2025%2F09%2Fd2291df879d3d9219aa41f082605eabd3250e5e9.jpg 2x\"><img decoding=\"async\" src=\"https:\/\/images.ohmyhosting.se\/RHe0oE3TlTETH41w2OoXpWjHYH8=\/2545x1053\/smart\/filters:quality(85)\/https%3A%2F%2Falimak.com%2Fwp-content%2Fuploads%2F2025%2F09%2Fd2291df879d3d9219aa41f082605eabd3250e5e9.jpg\" srcset=\"https:\/\/images.ohmyhosting.se\/RHe0oE3TlTETH41w2OoXpWjHYH8=\/2545x1053\/smart\/filters:quality(85)\/https%3A%2F%2Falimak.com%2Fwp-content%2Fuploads%2F2025%2F09%2Fd2291df879d3d9219aa41f082605eabd3250e5e9.jpg 1x, https:\/\/images.ohmyhosting.se\/AdhHQjA7d3yK0NqyO3xGggVMQX4=\/5090x2106\/smart\/filters:quality(85)\/https%3A%2F%2Falimak.com%2Fwp-content%2Fuploads%2F2025%2F09%2Fd2291df879d3d9219aa41f082605eabd3250e5e9.jpg 2x\" alt=\"\" class=\"w-full w-full h-full object-cover\" width=\"2545\" height=\"1053\" \/><\/picture>            <\/div>\n                <div class=\"absolute inset-0 z-[2]\">\n            <div class=\"holder\">\n                <div class=\"grid grid-cols-12 gap-4\">\n                    <div class=\"col-span-12 lg:col-span-6 lg:col-start-7 pt-16\">\n                        <h3 class=\"text-28 md:text-44 lg:max-w-[500px] leading-tight\">Contactez-nous pour plus d&#8217;informations ou un devis<\/h3>\n                                                    <div class=\"mt-8\">\n                                <a class=\"btn\" href=\"https:\/\/alimak.com\/fr\/nous-contacter\/\" target=\"\">\n                                    <span>Nous contacter<\/span>\n                                    <span>\n                                        <svg width=\"24\" height=\"11\" viewBox=\"0 0 24 11\" fill=\"none\" xmlns=\"http:\/\/www.w3.org\/2000\/svg\">\n                                        <path d=\"M0 5.5H22\" stroke=\"black\" stroke-width=\"1.5\"\/>\n                                        <path d=\"M17.5 1L22 5.5L17.5 10\" stroke=\"black\" stroke-width=\"1.5\"\/>\n                                        <\/svg>\n                                    <\/span>\n                                <\/a>\n                            <\/div>\n                                            <\/div>\n                <\/div>\n            <\/div>\n        <\/div>\n    <\/div>\n<\/section>\n","protected":false},"excerpt":{"rendered":"<p>Une large gamme d\u2019accessoires tels que des m\u00e2ts, des ancrages, des \u00e9quipements de guidage de c\u00e2bles et des barri\u00e8res d\u2019\u00e9tage&#8230;<\/p>\n","protected":false},"author":2,"featured_media":0,"parent":15804,"menu_order":0,"comment_status":"closed","ping_status":"closed","template":"","meta":{"_acf_changed":false,"footnotes":""},"class_list":["post-13739","page","type-page","status-publish","hentry"],"acf":[],"yoast_head":"<!-- This site is optimized with the Yoast SEO plugin v27.3 - https:\/\/yoast.com\/product\/yoast-seo-wordpress\/ -->\n<title>Accessoires - Alimak<\/title>\n<meta name=\"robots\" content=\"index, follow, max-snippet:-1, max-image-preview:large, max-video-preview:-1\" \/>\n<link rel=\"canonical\" href=\"https:\/\/alimak.com\/fr\/solutions-temporaires\/produits-temporaire\/accessoires\/\" \/>\n<meta property=\"og:locale\" content=\"fr_FR\" \/>\n<meta property=\"og:type\" content=\"article\" \/>\n<meta property=\"og:title\" content=\"Accessoires - Alimak\" \/>\n<meta property=\"og:description\" content=\"Une large gamme d\u2019accessoires tels que des m\u00e2ts, des ancrages, des \u00e9quipements de guidage de c\u00e2bles et des barri\u00e8res d\u2019\u00e9tage...\" \/>\n<meta property=\"og:url\" content=\"https:\/\/alimak.com\/fr\/solutions-temporaires\/produits-temporaire\/accessoires\/\" \/>\n<meta property=\"og:site_name\" content=\"Alimak\" \/>\n<meta property=\"article:modified_time\" content=\"2026-03-18T14:05:45+00:00\" \/>\n<meta name=\"twitter:card\" content=\"summary_large_image\" \/>\n<script type=\"application\/ld+json\" class=\"yoast-schema-graph\">{\"@context\":\"https:\\\/\\\/schema.org\",\"@graph\":[{\"@type\":\"WebPage\",\"@id\":\"https:\\\/\\\/alimak.com\\\/fr\\\/solutions-temporaires\\\/produits-temporaire\\\/accessoires\\\/\",\"url\":\"https:\\\/\\\/alimak.com\\\/fr\\\/solutions-temporaires\\\/produits-temporaire\\\/accessoires\\\/\",\"name\":\"Accessoires - Alimak\",\"isPartOf\":{\"@id\":\"https:\\\/\\\/alimak.com\\\/#website\"},\"datePublished\":\"2026-02-06T14:15:06+00:00\",\"dateModified\":\"2026-03-18T14:05:45+00:00\",\"breadcrumb\":{\"@id\":\"https:\\\/\\\/alimak.com\\\/fr\\\/solutions-temporaires\\\/produits-temporaire\\\/accessoires\\\/#breadcrumb\"},\"inLanguage\":\"fr-FR\",\"potentialAction\":[{\"@type\":\"ReadAction\",\"target\":[\"https:\\\/\\\/alimak.com\\\/fr\\\/solutions-temporaires\\\/produits-temporaire\\\/accessoires\\\/\"]}]},{\"@type\":\"BreadcrumbList\",\"@id\":\"https:\\\/\\\/alimak.com\\\/fr\\\/solutions-temporaires\\\/produits-temporaire\\\/accessoires\\\/#breadcrumb\",\"itemListElement\":[{\"@type\":\"ListItem\",\"position\":1,\"name\":\"Home\",\"item\":\"https:\\\/\\\/alimak.com\\\/fr\\\/\"},{\"@type\":\"ListItem\",\"position\":2,\"name\":\"Solutions temporaires\",\"item\":\"https:\\\/\\\/alimak.com\\\/fr\\\/solutions-temporaires\\\/\"},{\"@type\":\"ListItem\",\"position\":3,\"name\":\"Produits (temporaire)\",\"item\":\"https:\\\/\\\/alimak.com\\\/fr\\\/solutions-temporaires\\\/produits-temporaire\\\/\"},{\"@type\":\"ListItem\",\"position\":4,\"name\":\"Accessoires\"}]},{\"@type\":\"WebSite\",\"@id\":\"https:\\\/\\\/alimak.com\\\/#website\",\"url\":\"https:\\\/\\\/alimak.com\\\/\",\"name\":\"Alimak\",\"description\":\"\",\"potentialAction\":[{\"@type\":\"SearchAction\",\"target\":{\"@type\":\"EntryPoint\",\"urlTemplate\":\"https:\\\/\\\/alimak.com\\\/?s={search_term_string}\"},\"query-input\":{\"@type\":\"PropertyValueSpecification\",\"valueRequired\":true,\"valueName\":\"search_term_string\"}}],\"inLanguage\":\"fr-FR\"}]}<\/script>\n<!-- \/ Yoast SEO plugin. -->","yoast_head_json":{"title":"Accessoires - Alimak","robots":{"index":"index","follow":"follow","max-snippet":"max-snippet:-1","max-image-preview":"max-image-preview:large","max-video-preview":"max-video-preview:-1"},"canonical":"https:\/\/alimak.com\/fr\/solutions-temporaires\/produits-temporaire\/accessoires\/","og_locale":"fr_FR","og_type":"article","og_title":"Accessoires - Alimak","og_description":"Une large gamme d\u2019accessoires tels que des m\u00e2ts, des ancrages, des \u00e9quipements de guidage de c\u00e2bles et des barri\u00e8res d\u2019\u00e9tage...","og_url":"https:\/\/alimak.com\/fr\/solutions-temporaires\/produits-temporaire\/accessoires\/","og_site_name":"Alimak","article_modified_time":"2026-03-18T14:05:45+00:00","twitter_card":"summary_large_image","schema":{"@context":"https:\/\/schema.org","@graph":[{"@type":"WebPage","@id":"https:\/\/alimak.com\/fr\/solutions-temporaires\/produits-temporaire\/accessoires\/","url":"https:\/\/alimak.com\/fr\/solutions-temporaires\/produits-temporaire\/accessoires\/","name":"Accessoires - Alimak","isPartOf":{"@id":"https:\/\/alimak.com\/#website"},"datePublished":"2026-02-06T14:15:06+00:00","dateModified":"2026-03-18T14:05:45+00:00","breadcrumb":{"@id":"https:\/\/alimak.com\/fr\/solutions-temporaires\/produits-temporaire\/accessoires\/#breadcrumb"},"inLanguage":"fr-FR","potentialAction":[{"@type":"ReadAction","target":["https:\/\/alimak.com\/fr\/solutions-temporaires\/produits-temporaire\/accessoires\/"]}]},{"@type":"BreadcrumbList","@id":"https:\/\/alimak.com\/fr\/solutions-temporaires\/produits-temporaire\/accessoires\/#breadcrumb","itemListElement":[{"@type":"ListItem","position":1,"name":"Home","item":"https:\/\/alimak.com\/fr\/"},{"@type":"ListItem","position":2,"name":"Solutions temporaires","item":"https:\/\/alimak.com\/fr\/solutions-temporaires\/"},{"@type":"ListItem","position":3,"name":"Produits (temporaire)","item":"https:\/\/alimak.com\/fr\/solutions-temporaires\/produits-temporaire\/"},{"@type":"ListItem","position":4,"name":"Accessoires"}]},{"@type":"WebSite","@id":"https:\/\/alimak.com\/#website","url":"https:\/\/alimak.com\/","name":"Alimak","description":"","potentialAction":[{"@type":"SearchAction","target":{"@type":"EntryPoint","urlTemplate":"https:\/\/alimak.com\/?s={search_term_string}"},"query-input":{"@type":"PropertyValueSpecification","valueRequired":true,"valueName":"search_term_string"}}],"inLanguage":"fr-FR"}]}},"_links":{"self":[{"href":"https:\/\/alimak.com\/fr\/wp-json\/wp\/v2\/pages\/13739","targetHints":{"allow":["GET"]}}],"collection":[{"href":"https:\/\/alimak.com\/fr\/wp-json\/wp\/v2\/pages"}],"about":[{"href":"https:\/\/alimak.com\/fr\/wp-json\/wp\/v2\/types\/page"}],"author":[{"embeddable":true,"href":"https:\/\/alimak.com\/fr\/wp-json\/wp\/v2\/users\/2"}],"replies":[{"embeddable":true,"href":"https:\/\/alimak.com\/fr\/wp-json\/wp\/v2\/comments?post=13739"}],"version-history":[{"count":1,"href":"https:\/\/alimak.com\/fr\/wp-json\/wp\/v2\/pages\/13739\/revisions"}],"predecessor-version":[{"id":13742,"href":"https:\/\/alimak.com\/fr\/wp-json\/wp\/v2\/pages\/13739\/revisions\/13742"}],"up":[{"embeddable":true,"href":"https:\/\/alimak.com\/fr\/wp-json\/wp\/v2\/pages\/15804"}],"wp:attachment":[{"href":"https:\/\/alimak.com\/fr\/wp-json\/wp\/v2\/media?parent=13739"}],"curies":[{"name":"wp","href":"https:\/\/api.w.org\/{rel}","templated":true}]}}