{"id":13775,"date":"2025-11-05T14:43:14","date_gmt":"2025-11-05T14:43:14","guid":{"rendered":"https:\/\/alimak.com\/pieces-en-ligne\/"},"modified":"2026-03-24T14:57:17","modified_gmt":"2026-03-24T14:57:17","slug":"pieces-en-ligne","status":"publish","type":"page","link":"https:\/\/alimak.com\/fr\/pieces-en-ligne\/","title":{"rendered":"Pi\u00e8ces en ligne"},"content":{"rendered":"\n<section class=\"small-hero border-b bg-black border-darkGrey text-white pt-0 pb-0\">\n            <div class=\"relative\">\n            <div class=\"hero-overlay relative\">\n                                    <picture class=\"w-full\"><source media=\"(max-width:639px)\" srcset=\"https:\/\/images.ohmyhosting.se\/jC20l7vGtQMwt0-eJ-59ByNZvIg=\/390x461\/smart\/filters:quality(85)\/https%3A%2F%2Falimak.com%2Fwp-content%2Fuploads%2F2025%2F11%2F190806-421-HDR-web.jpg 1x, https:\/\/images.ohmyhosting.se\/HVzr90gI2WCV_0ki8iYcq7VqCsg=\/780x922\/smart\/filters:quality(85)\/https%3A%2F%2Falimak.com%2Fwp-content%2Fuploads%2F2025%2F11%2F190806-421-HDR-web.jpg 2x\"><source media=\"(max-width:1022px)\" srcset=\"https:\/\/images.ohmyhosting.se\/3ktzMleT-2H65B-kxs-ppbFtLqM=\/805x951\/smart\/filters:quality(85)\/https%3A%2F%2Falimak.com%2Fwp-content%2Fuploads%2F2025%2F11%2F190806-421-HDR-web.jpg 1x, https:\/\/images.ohmyhosting.se\/de80_35pok6hrb2e5kRALI2_KMQ=\/1610x1902\/smart\/filters:quality(85)\/https%3A%2F%2Falimak.com%2Fwp-content%2Fuploads%2F2025%2F11%2F190806-421-HDR-web.jpg 2x\"><img decoding=\"async\" src=\"https:\/\/images.ohmyhosting.se\/0TBYzE6W4Cgg0Gu03Rm6Kspz0nU=\/2545x814\/smart\/filters:quality(85)\/https%3A%2F%2Falimak.com%2Fwp-content%2Fuploads%2F2025%2F11%2F190806-421-HDR-web.jpg\" srcset=\"https:\/\/images.ohmyhosting.se\/0TBYzE6W4Cgg0Gu03Rm6Kspz0nU=\/2545x814\/smart\/filters:quality(85)\/https%3A%2F%2Falimak.com%2Fwp-content%2Fuploads%2F2025%2F11%2F190806-421-HDR-web.jpg 1x, https:\/\/images.ohmyhosting.se\/OITspSUmzvZrDkQ3kA500PMtMcA=\/5090x1628\/smart\/filters:quality(85)\/https%3A%2F%2Falimak.com%2Fwp-content%2Fuploads%2F2025%2F11%2F190806-421-HDR-web.jpg 2x\" alt=\"\" class=\"w-full object-cover w-full max-h-[90vh]\" width=\"2545\" height=\"814\" \/><\/picture>                            <\/div>\n            <div class=\"absolute inset-0 z-10 flex flex-col justify-end\">\n                <div class=\"holder\">\n                    <div class=\"grid grid-cols-12 gap-4 pb-16\">\n                        <div class=\"col-span-12 lg:col-span-7\">\n                                                    <h1 class=\"text-28 md:text-52 leading-[1.3] lg:max-w-[625px]\"><p>Pi\u00e8ces en ligne \u2013 Le moyen simple de commander des pi\u00e8ces dorigine Alimak<\/p>\n<\/h1>\n                            <div class=\"wysiwyg pt-5 leading-[1.6] hidden lg:block lg:max-w-[512px]\"><p>Parts Online est une plateforme num\u00e9rique pour identifier et commander des pi\u00e8ces de rechange dorigine Alimak. Lidentification simplifi\u00e9e des pi\u00e8ces garantit que les bonnes pi\u00e8ces sont command\u00e9es, afin de maintenir votre \u00e9quipement en fonctionnement 24h\/24 et 7j\/7. Elle sappuie sur le r\u00e9seau de distribution mondial dAlimak pour livrer les pi\u00e8ces de mani\u00e8re fiable et soutient la disponibilit\u00e9 globale, la productivit\u00e9 et la s\u00e9curit\u00e9 de votre \u00e9quipement Alimak.  <\/p>\n<\/div>\n                        <\/div>\n                    <\/div>\n                <\/div>\n            <\/div>\n        <\/div>\n                    <div class=\"lg:hidden py-12 border-b border-darkGrey\">\n                <div class=\"holder\">\n                    <div class=\"wysiwyg leading-[1.6]\"><p>Parts Online est une plateforme num\u00e9rique pour identifier et commander des pi\u00e8ces de rechange dorigine Alimak. Lidentification simplifi\u00e9e des pi\u00e8ces garantit que les bonnes pi\u00e8ces sont command\u00e9es, afin de maintenir votre \u00e9quipement en fonctionnement 24h\/24 et 7j\/7. Elle sappuie sur le r\u00e9seau de distribution mondial dAlimak pour livrer les pi\u00e8ces de mani\u00e8re fiable et soutient la disponibilit\u00e9 globale, la productivit\u00e9 et la s\u00e9curit\u00e9 de votre \u00e9quipement Alimak.  <\/p>\n<\/div>\n                <\/div>\n            <\/div>\n        \n    <\/section>\n<section class=\"text-img bg-white text-black border-lightGrey   pt-12 lg:pt-24 pb-12 lg:pb-24\">\n    <div class=\"holder\">\n      <div class=\"grid grid-cols-12 gap-4 items-center\">\n        <div class=\"col-span-12 lg:col-span-6 2.5xl:col-span-8 \">\n                            <div class=\"text-img-overlay relative mb-8 md:mb-0 max-w-[852px] \">\n                    <picture class=\"w-full\"><source media=\"(max-width:639px)\" srcset=\"https:\/\/images.ohmyhosting.se\/-tgOdIn-yINBuhwiVl1ZEITsOg4=\/382x237\/smart\/filters:quality(85)\/https%3A%2F%2Falimak.com%2Fwp-content%2Fuploads%2F2025%2F11%2FParts-Online-Dashboard.jpg 1x, https:\/\/images.ohmyhosting.se\/CVcdo-LO_3KQsVrK1zyeWz8epes=\/764x474\/smart\/filters:quality(85)\/https%3A%2F%2Falimak.com%2Fwp-content%2Fuploads%2F2025%2F11%2FParts-Online-Dashboard.jpg 2x\"><source media=\"(max-width:1022px)\" srcset=\"https:\/\/images.ohmyhosting.se\/2XtUDVWELyeyCcT_xrUMSDFvqzY=\/773x480\/smart\/filters:quality(85)\/https%3A%2F%2Falimak.com%2Fwp-content%2Fuploads%2F2025%2F11%2FParts-Online-Dashboard.jpg 1x, https:\/\/images.ohmyhosting.se\/c8zytRQRn4fJaz2ZkxjG6nixP4E=\/1546x960\/smart\/filters:quality(85)\/https%3A%2F%2Falimak.com%2Fwp-content%2Fuploads%2F2025%2F11%2FParts-Online-Dashboard.jpg 2x\"><img decoding=\"async\" src=\"https:\/\/images.ohmyhosting.se\/pGf4ZPvIsUPBIzcJSemhN4hJgiQ=\/852x530\/smart\/filters:quality(85)\/https%3A%2F%2Falimak.com%2Fwp-content%2Fuploads%2F2025%2F11%2FParts-Online-Dashboard.jpg\" srcset=\"https:\/\/images.ohmyhosting.se\/pGf4ZPvIsUPBIzcJSemhN4hJgiQ=\/852x530\/smart\/filters:quality(85)\/https%3A%2F%2Falimak.com%2Fwp-content%2Fuploads%2F2025%2F11%2FParts-Online-Dashboard.jpg 1x, https:\/\/images.ohmyhosting.se\/oBagRthgZyGQe52yhp42sBfLCzg=\/1704x1060\/smart\/filters:quality(85)\/https%3A%2F%2Falimak.com%2Fwp-content%2Fuploads%2F2025%2F11%2FParts-Online-Dashboard.jpg 2x\" alt=\"\" class=\"w-full w-full rounded-[12px] object-cover\" width=\"852\" height=\"530\" \/><\/picture>                                        <\/div>\n            \n        <\/div>\n        <div class=\"col-span-12 lg:col-span-6 2.5xl:col-span-4 flex flex-col justify-center \">\n            <div class=\"\">\n                                    <h2 class=\"text-24 md:text-36 leading-[1.3] font-medium mb-4\">Commandez des pi\u00e8ces Alimak authentiques en ligne.<\/h2>\n                                                    <div class=\"wysiwyg leading-[1.6] text-numbersGrey\"><p>Maintenez votre \u00e9quipement \u00e0 des performances optimales. Identifiez et commandez rapidement des pi\u00e8ces de rechange dorigine Alimak\u2122 via notre plateforme facile \u00e0 utiliser. <\/p>\n<\/div>\n                                                    <div class=\"mt-8\">\n                        <a class=\"btn black\" href=\"https:\/\/partsonline.alimak.com\/\" target=\"_blank\">\n                            <span>Se connecter<\/span>\n                            <span>\n                                                                    <svg width=\"18\" height=\"18\" viewBox=\"0 0 18 18\" fill=\"none\" xmlns=\"http:\/\/www.w3.org\/2000\/svg\">\n                                    <path class=\"stroke-white\" d=\"M13.5 9.75098V14.251C13.5 14.6488 13.342 15.0303 13.0607 15.3116C12.7794 15.5929 12.3978 15.751 12 15.751H3.75C3.35218 15.751 2.97064 15.5929 2.68934 15.3116C2.40804 15.0303 2.25 14.6488 2.25 14.251V6.00098C2.25 5.60315 2.40804 5.22162 2.68934 4.94032C2.97064 4.65901 3.35218 4.50098 3.75 4.50098H8.25\" stroke=\"white\" stroke-width=\"1.5\" stroke-linejoin=\"round\"\/>\n                                    <path class=\"stroke-white\" d=\"M11.25 2.25098H15.75V6.75098\" stroke=\"white\" stroke-width=\"1.5\" stroke-linejoin=\"round\"\/>\n                                    <path class=\"stroke-white\" d=\"M7.50073 10.501L15.7507 2.25098\" stroke=\"white\" stroke-width=\"1.5\" stroke-linejoin=\"round\"\/>\n                                    <\/svg>\n                                                            <\/span>\n                        <\/a>\n                    <\/div>\n                            <\/div>\n        <\/div>\n      <\/div>\n    <\/div>\n<\/section>\n\n<section class=\"benefits bg-white text-black border-lightGrey pt-6 lg:pt-12 pb-6 lg:pb-12 \">\n    <div class=\"holder\">\n        <h2 class=\"text-24 md:text-36 font-medium leading-[1.3] mb-12\">Principaux avantages<\/h2>\n                    <div class=\"grid grid-cols-12 gap-x-4 gap-y-12\">\n                                    <div class=\"col-span-12 md:col-span-6 flex md:pr-10 lg:pr-20\">\n                                                    <div class=\"w-[60px] h-[60px] md:w-[92px] md:h-[92px] shrink-0 border-lightGrey border border mr-8 rounded-full flex items-center justify-center\">\n                                <img decoding=\"async\" class=\"max-h-[28px] md:max-h-[44px]\" src=\"https:\/\/alimak.com\/wp-content\/uploads\/2025\/09\/Shape.svg\" alt=\"\">\n                            <\/div>\n                                                <div>\n                            <h3 class=\"text-18 md:text-26 font-medium leading-[1.25] pb-3.5 border-b mb-3.5 border-lightGrey\">Acc\u00e8s facile aux pi\u00e8ces<\/h3>\n                            <div class=\"text-14 md:text-base leading-[1.6] wysiwyg\"><p>Identifiez et commandez rapidement des pi\u00e8ces de rechange dorigine Alimak, con\u00e7ues pour maintenir des performances, une efficacit\u00e9 et une s\u00e9curit\u00e9 optimales.<\/p>\n<\/div>\n                        <\/div>\n                    <\/div>\n                                    <div class=\"col-span-12 md:col-span-6 flex md:pr-10 lg:pr-20\">\n                                                    <div class=\"w-[60px] h-[60px] md:w-[92px] md:h-[92px] shrink-0 border-lightGrey border border mr-8 rounded-full flex items-center justify-center\">\n                                <img decoding=\"async\" class=\"max-h-[28px] md:max-h-[44px]\" src=\"https:\/\/alimak.com\/wp-content\/uploads\/2025\/09\/Shape.svg\" alt=\"\">\n                            <\/div>\n                                                <div>\n                            <h3 class=\"text-18 md:text-26 font-medium leading-[1.25] pb-3.5 border-b mb-3.5 border-lightGrey\">R\u00e9duction des temps darr\u00eat et des co\u00fbts<\/h3>\n                            <div class=\"text-14 md:text-base leading-[1.6] wysiwyg\"><p>Un acc\u00e8s rapide aux pi\u00e8ces permet de minimiser les temps darr\u00eat, de r\u00e9duire les co\u00fbts op\u00e9rationnels et daugmenter la productivit\u00e9.<\/p>\n<\/div>\n                        <\/div>\n                    <\/div>\n                                    <div class=\"col-span-12 md:col-span-6 flex md:pr-10 lg:pr-20\">\n                                                    <div class=\"w-[60px] h-[60px] md:w-[92px] md:h-[92px] shrink-0 border-lightGrey border border mr-8 rounded-full flex items-center justify-center\">\n                                <img decoding=\"async\" class=\"max-h-[28px] md:max-h-[44px]\" src=\"https:\/\/alimak.com\/wp-content\/uploads\/2025\/09\/Shape.svg\" alt=\"\">\n                            <\/div>\n                                                <div>\n                            <h3 class=\"text-18 md:text-26 font-medium leading-[1.25] pb-3.5 border-b mb-3.5 border-lightGrey\">Fiabilit\u00e9 et long\u00e9vit\u00e9 am\u00e9lior\u00e9es<\/h3>\n                            <div class=\"text-14 md:text-base leading-[1.6] wysiwyg\"><p>Les pi\u00e8ces dorigine permettent \u00e0 votre \u00e9quipement Alimak de fonctionner de mani\u00e8re fiable plus longtemps, r\u00e9duisant les pannes et prolongeant sa dur\u00e9e de vie.<\/p>\n<\/div>\n                        <\/div>\n                    <\/div>\n                                    <div class=\"col-span-12 md:col-span-6 flex md:pr-10 lg:pr-20\">\n                                                    <div class=\"w-[60px] h-[60px] md:w-[92px] md:h-[92px] shrink-0 border-lightGrey border border mr-8 rounded-full flex items-center justify-center\">\n                                <img decoding=\"async\" class=\"max-h-[28px] md:max-h-[44px]\" src=\"https:\/\/alimak.com\/wp-content\/uploads\/2025\/09\/Shape.svg\" alt=\"\">\n                            <\/div>\n                                                <div>\n                            <h3 class=\"text-18 md:text-26 font-medium leading-[1.25] pb-3.5 border-b mb-3.5 border-lightGrey\">Identification simplifi\u00e9e des pi\u00e8ces<\/h3>\n                            <div class=\"text-14 md:text-base leading-[1.6] wysiwyg\"><p>La plateforme facilite la recherche des bonnes pi\u00e8ces pour votre \u00e9quipement, r\u00e9duisant les erreurs et garantissant un ajustement parfait.<\/p>\n<\/div>\n                        <\/div>\n                    <\/div>\n                                    <div class=\"col-span-12 md:col-span-6 flex md:pr-10 lg:pr-20\">\n                                                    <div class=\"w-[60px] h-[60px] md:w-[92px] md:h-[92px] shrink-0 border-lightGrey border border mr-8 rounded-full flex items-center justify-center\">\n                                <img decoding=\"async\" class=\"max-h-[28px] md:max-h-[44px]\" src=\"https:\/\/alimak.com\/wp-content\/uploads\/2025\/09\/Shape.svg\" alt=\"\">\n                            <\/div>\n                                                <div>\n                            <h3 class=\"text-18 md:text-26 font-medium leading-[1.25] pb-3.5 border-b mb-3.5 border-lightGrey\">Traitement des commandes plus rapide<\/h3>\n                            <div class=\"text-14 md:text-base leading-[1.6] wysiwyg\"><p>Gr\u00e2ce \u00e0 un solide r\u00e9seau de distribution mondial, Alimak assure une livraison rapide et efficace pour maintenir les op\u00e9rations en mouvement.<\/p>\n<\/div>\n                        <\/div>\n                    <\/div>\n                                    <div class=\"col-span-12 md:col-span-6 flex md:pr-10 lg:pr-20\">\n                                                    <div class=\"w-[60px] h-[60px] md:w-[92px] md:h-[92px] shrink-0 border-lightGrey border border mr-8 rounded-full flex items-center justify-center\">\n                                <img decoding=\"async\" class=\"max-h-[28px] md:max-h-[44px]\" src=\"https:\/\/alimak.com\/wp-content\/uploads\/2025\/09\/Shape.svg\" alt=\"\">\n                            <\/div>\n                                                <div>\n                            <h3 class=\"text-18 md:text-26 font-medium leading-[1.25] pb-3.5 border-b mb-3.5 border-lightGrey\">Soutien \u00e0 la s\u00e9curit\u00e9<\/h3>\n                            <div class=\"text-14 md:text-base leading-[1.6] wysiwyg\"><p>Des pi\u00e8ces appropri\u00e9es et dorigine sont cruciales pour les fonctions de s\u00e9curit\u00e9 de l\u00e9quipement, garantissant quelles fonctionnent comme pr\u00e9vu et respectent les normes de s\u00e9curit\u00e9 de lindustrie.<\/p>\n<\/div>\n                        <\/div>\n                    <\/div>\n                            <\/div>\n            <\/div>\n<\/section>\n","protected":false},"excerpt":{"rendered":"<p>Parts Online est une plateforme num\u00e9rique pour identifier et commander des pi\u00e8ces de rechange dorigine Alimak. Lidentification simplifi\u00e9e des pi\u00e8ces&#8230;<\/p>\n","protected":false},"author":1,"featured_media":0,"parent":0,"menu_order":0,"comment_status":"closed","ping_status":"closed","template":"","meta":{"_acf_changed":false,"footnotes":""},"class_list":["post-13775","page","type-page","status-publish","hentry"],"acf":[],"yoast_head":"<!-- This site is optimized with the Yoast SEO plugin v27.3 - https:\/\/yoast.com\/product\/yoast-seo-wordpress\/ -->\n<title>Pi\u00e8ces en ligne - Alimak<\/title>\n<meta name=\"robots\" content=\"index, follow, max-snippet:-1, max-image-preview:large, max-video-preview:-1\" \/>\n<link rel=\"canonical\" href=\"https:\/\/alimak.com\/fr\/pieces-en-ligne\/\" \/>\n<meta property=\"og:locale\" content=\"fr_FR\" \/>\n<meta property=\"og:type\" content=\"article\" \/>\n<meta property=\"og:title\" content=\"Pi\u00e8ces en ligne - Alimak\" \/>\n<meta property=\"og:description\" content=\"Parts Online est une plateforme num\u00e9rique pour identifier et commander des pi\u00e8ces de rechange dorigine Alimak. Lidentification simplifi\u00e9e des pi\u00e8ces...\" \/>\n<meta property=\"og:url\" content=\"https:\/\/alimak.com\/fr\/pieces-en-ligne\/\" \/>\n<meta property=\"og:site_name\" content=\"Alimak\" \/>\n<meta property=\"article:modified_time\" content=\"2026-03-24T14:57:17+00:00\" \/>\n<meta name=\"twitter:card\" content=\"summary_large_image\" \/>\n<script type=\"application\/ld+json\" class=\"yoast-schema-graph\">{\"@context\":\"https:\\\/\\\/schema.org\",\"@graph\":[{\"@type\":\"WebPage\",\"@id\":\"https:\\\/\\\/alimak.com\\\/fr\\\/pieces-en-ligne\\\/\",\"url\":\"https:\\\/\\\/alimak.com\\\/fr\\\/pieces-en-ligne\\\/\",\"name\":\"Pi\u00e8ces en ligne - Alimak\",\"isPartOf\":{\"@id\":\"https:\\\/\\\/alimak.com\\\/#website\"},\"datePublished\":\"2025-11-05T14:43:14+00:00\",\"dateModified\":\"2026-03-24T14:57:17+00:00\",\"breadcrumb\":{\"@id\":\"https:\\\/\\\/alimak.com\\\/fr\\\/pieces-en-ligne\\\/#breadcrumb\"},\"inLanguage\":\"fr-FR\",\"potentialAction\":[{\"@type\":\"ReadAction\",\"target\":[\"https:\\\/\\\/alimak.com\\\/fr\\\/pieces-en-ligne\\\/\"]}]},{\"@type\":\"BreadcrumbList\",\"@id\":\"https:\\\/\\\/alimak.com\\\/fr\\\/pieces-en-ligne\\\/#breadcrumb\",\"itemListElement\":[{\"@type\":\"ListItem\",\"position\":1,\"name\":\"Home\",\"item\":\"https:\\\/\\\/alimak.com\\\/fr\\\/\"},{\"@type\":\"ListItem\",\"position\":2,\"name\":\"Pi\u00e8ces en ligne\"}]},{\"@type\":\"WebSite\",\"@id\":\"https:\\\/\\\/alimak.com\\\/#website\",\"url\":\"https:\\\/\\\/alimak.com\\\/\",\"name\":\"Alimak\",\"description\":\"\",\"potentialAction\":[{\"@type\":\"SearchAction\",\"target\":{\"@type\":\"EntryPoint\",\"urlTemplate\":\"https:\\\/\\\/alimak.com\\\/?s={search_term_string}\"},\"query-input\":{\"@type\":\"PropertyValueSpecification\",\"valueRequired\":true,\"valueName\":\"search_term_string\"}}],\"inLanguage\":\"fr-FR\"}]}<\/script>\n<!-- \/ Yoast SEO plugin. -->","yoast_head_json":{"title":"Pi\u00e8ces en ligne - Alimak","robots":{"index":"index","follow":"follow","max-snippet":"max-snippet:-1","max-image-preview":"max-image-preview:large","max-video-preview":"max-video-preview:-1"},"canonical":"https:\/\/alimak.com\/fr\/pieces-en-ligne\/","og_locale":"fr_FR","og_type":"article","og_title":"Pi\u00e8ces en ligne - Alimak","og_description":"Parts Online est une plateforme num\u00e9rique pour identifier et commander des pi\u00e8ces de rechange dorigine Alimak. Lidentification simplifi\u00e9e des pi\u00e8ces...","og_url":"https:\/\/alimak.com\/fr\/pieces-en-ligne\/","og_site_name":"Alimak","article_modified_time":"2026-03-24T14:57:17+00:00","twitter_card":"summary_large_image","schema":{"@context":"https:\/\/schema.org","@graph":[{"@type":"WebPage","@id":"https:\/\/alimak.com\/fr\/pieces-en-ligne\/","url":"https:\/\/alimak.com\/fr\/pieces-en-ligne\/","name":"Pi\u00e8ces en ligne - Alimak","isPartOf":{"@id":"https:\/\/alimak.com\/#website"},"datePublished":"2025-11-05T14:43:14+00:00","dateModified":"2026-03-24T14:57:17+00:00","breadcrumb":{"@id":"https:\/\/alimak.com\/fr\/pieces-en-ligne\/#breadcrumb"},"inLanguage":"fr-FR","potentialAction":[{"@type":"ReadAction","target":["https:\/\/alimak.com\/fr\/pieces-en-ligne\/"]}]},{"@type":"BreadcrumbList","@id":"https:\/\/alimak.com\/fr\/pieces-en-ligne\/#breadcrumb","itemListElement":[{"@type":"ListItem","position":1,"name":"Home","item":"https:\/\/alimak.com\/fr\/"},{"@type":"ListItem","position":2,"name":"Pi\u00e8ces en ligne"}]},{"@type":"WebSite","@id":"https:\/\/alimak.com\/#website","url":"https:\/\/alimak.com\/","name":"Alimak","description":"","potentialAction":[{"@type":"SearchAction","target":{"@type":"EntryPoint","urlTemplate":"https:\/\/alimak.com\/?s={search_term_string}"},"query-input":{"@type":"PropertyValueSpecification","valueRequired":true,"valueName":"search_term_string"}}],"inLanguage":"fr-FR"}]}},"_links":{"self":[{"href":"https:\/\/alimak.com\/fr\/wp-json\/wp\/v2\/pages\/13775","targetHints":{"allow":["GET"]}}],"collection":[{"href":"https:\/\/alimak.com\/fr\/wp-json\/wp\/v2\/pages"}],"about":[{"href":"https:\/\/alimak.com\/fr\/wp-json\/wp\/v2\/types\/page"}],"author":[{"embeddable":true,"href":"https:\/\/alimak.com\/fr\/wp-json\/wp\/v2\/users\/1"}],"replies":[{"embeddable":true,"href":"https:\/\/alimak.com\/fr\/wp-json\/wp\/v2\/comments?post=13775"}],"version-history":[{"count":2,"href":"https:\/\/alimak.com\/fr\/wp-json\/wp\/v2\/pages\/13775\/revisions"}],"predecessor-version":[{"id":15866,"href":"https:\/\/alimak.com\/fr\/wp-json\/wp\/v2\/pages\/13775\/revisions\/15866"}],"wp:attachment":[{"href":"https:\/\/alimak.com\/fr\/wp-json\/wp\/v2\/media?parent=13775"}],"curies":[{"name":"wp","href":"https:\/\/api.w.org\/{rel}","templated":true}]}}