{"id":13829,"date":"2025-11-12T12:14:11","date_gmt":"2025-11-12T12:14:11","guid":{"rendered":"https:\/\/alimak.com\/mentions-legales\/"},"modified":"2026-03-19T15:17:09","modified_gmt":"2026-03-19T15:17:09","slug":"mentions-legales","status":"publish","type":"page","link":"https:\/\/alimak.com\/fr\/mentions-legales\/","title":{"rendered":"Mentions l\u00e9gales"},"content":{"rendered":"\n<section class=\"small-hero border-b bg-white text-black border-lightGrey pt-0 pb-0\">\n    \n        <div class=\"holder pt-36 md:pt-44\">\n            <div class=\"grid grid-cols-12 gap-4 pb-16\">\n                <div class=\"col-span-12 lg:col-span-7\">\n                                        <h1 class=\"text-28 md:text-52 leading-[1.3] lg:max-w-[625px]\"><p>Mentions l\u00e9gales<\/p>\n<\/h1>\n                    <div class=\"wysiwyg pt-5 leading-[1.6] lg:block lg:max-w-[767px]\"><h3><strong>Alimak Group AB (publ)<\/strong><\/h3>\n<p>Alimak Group AB (publ) et ses filiales (Alimak Group) est un fournisseur mondial de solutions durables dacc\u00e8s vertical et de travail en hauteur pr\u00e9sent dans plus de 120 pays. Alimak Group d\u00e9veloppe, fabrique, vend et assure lentretien de solutions dacc\u00e8s vertical et de travail en hauteur en mettant laccent sur la valeur ajout\u00e9e pour le client gr\u00e2ce \u00e0 une s\u00e9curit\u00e9 accrue, une productivit\u00e9 plus \u00e9lev\u00e9e et une meilleure rentabilit\u00e9.<\/p>\n<\/div>\n                <\/div>\n            <\/div>\n        <\/div>\n\n    <\/section>\n<section class=\"regular-text-block bg-white pt-6 lg:pt-12 pb-6 lg:pb-12\">\n    <div class=\"holder\">\n        <div class=\"grid grid-cols-12 gap-4\">\n            <div class=\"col-span-12 lg:col-span-3 hidden lg:block\">\n            <\/div>\n            <main class=\"col-span-12 lg:col-span-9\">\n\n                <div class=\"wysiwyg-article mb-12\">\n                    <h4>PROPRI\u00c9T\u00c9 INTELLECTUELLE<\/h4>\n<h4>Avis de droit dauteur et de reproduction<\/h4>\n<h4>Copyright \u00a9 2026 Alimak Group. Tous droits r\u00e9serv\u00e9s. <\/h4>\n<p>Le contenu des sites web dAlimak Group est prot\u00e9g\u00e9 par les conventions internationales sur le droit dauteur. Les en-t\u00eates de page, les graphismes personnalis\u00e9s, les ic\u00f4nes de boutons, les feuilles de style et les scripts qui contribuent \u00e0 laspect et \u00e0 la convivialit\u00e9 du Site sont des marques de service, des marques de commerce et\/ou limage de marque dAlimak Group et ne peuvent \u00eatre copi\u00e9s, imit\u00e9s ou utilis\u00e9s, en tout ou en partie, en relation avec tout produit ou service sans notre autorisation \u00e9crite pr\u00e9alable, dune mani\u00e8re susceptible de causer une confusion chez les clients, ou dune mani\u00e8re qui d\u00e9nigre ou discr\u00e9dite Alimak Group. La reproduction de parties raisonnables du contenu des sites web nest autoris\u00e9e qu\u00e0 condition que (i) ces reproductions soient mises \u00e0 disposition gratuitement et \u00e0 des fins non commerciales, (ii) ces reproductions soient correctement attribu\u00e9es \u00e0 Alimak Group, (iii) la partie du site web reproduite ne soit pas alt\u00e9r\u00e9e ou mise \u00e0 disposition dune mani\u00e8re qui modifie le contenu du site web ou pr\u00e9sente la partie du site web reproduite sous un faux jour et (iv) mention soit faite des clauses de non-responsabilit\u00e9 incluses sur le site web. Lautorisation de recopier ne permet pas lincorporation dune partie substantielle des sites web dans tout ouvrage ou publication, que ce soit sur support papier, \u00e9lectronique ou sous toute autre forme, ou \u00e0 des fins commerciales.       <\/p>\n<h4>Marques de commerce<\/h4>\n<p>ALIMAK, CAMAC, LEVATO, MAMMOTH, MEDIUS, SCANDO, VECTIO et les logos associ\u00e9s sont des marques d\u00e9pos\u00e9es dAlimak Group AB et de ses filiales, dans plusieurs juridictions, y compris, mais sans sy limiter, lUE et les \u00c9tats-Unis. Alimak Group conserve tous les droits sur son nom et pour les marques mentionn\u00e9es ci-dessus ainsi que pour les autres marques et noms de produits mentionn\u00e9s sur le site web, quils soient d\u00e9pos\u00e9s ou non (les Marques de commerce). Vous ne pouvez pas utiliser les Marques de commerce sans notre autorisation \u00e9crite pr\u00e9alable; vous ne pouvez pas utiliser les Marques de commerce dune mani\u00e8re susceptible de causer une confusion quant \u00e0 savoir si nous sommes la source dun produit, dun service ou dune activit\u00e9.  <\/p>\n                <\/div>\n\n                            <\/main>\n        <\/div>\n    <\/div>\n<\/section>\n","protected":false},"excerpt":{"rendered":"<p>Alimak Group AB (publ) Alimak Group AB (publ) et ses filiales (Alimak Group) est un fournisseur mondial de solutions durables&#8230;<\/p>\n","protected":false},"author":2,"featured_media":0,"parent":0,"menu_order":0,"comment_status":"closed","ping_status":"closed","template":"","meta":{"_acf_changed":false,"footnotes":""},"class_list":["post-13829","page","type-page","status-publish","hentry"],"acf":[],"yoast_head":"<!-- This site is optimized with the Yoast SEO plugin v27.3 - https:\/\/yoast.com\/product\/yoast-seo-wordpress\/ -->\n<title>Mentions l\u00e9gales - Alimak<\/title>\n<meta name=\"robots\" content=\"index, follow, max-snippet:-1, max-image-preview:large, max-video-preview:-1\" \/>\n<link rel=\"canonical\" href=\"https:\/\/alimak.com\/fr\/mentions-legales\/\" \/>\n<meta property=\"og:locale\" content=\"fr_FR\" \/>\n<meta property=\"og:type\" content=\"article\" \/>\n<meta property=\"og:title\" content=\"Mentions l\u00e9gales - Alimak\" \/>\n<meta property=\"og:description\" content=\"Alimak Group AB (publ) Alimak Group AB (publ) et ses filiales (Alimak Group) est un fournisseur mondial de solutions durables...\" \/>\n<meta property=\"og:url\" content=\"https:\/\/alimak.com\/fr\/mentions-legales\/\" \/>\n<meta property=\"og:site_name\" content=\"Alimak\" \/>\n<meta property=\"article:modified_time\" content=\"2026-03-19T15:17:09+00:00\" \/>\n<meta name=\"twitter:card\" content=\"summary_large_image\" \/>\n<script type=\"application\/ld+json\" class=\"yoast-schema-graph\">{\"@context\":\"https:\\\/\\\/schema.org\",\"@graph\":[{\"@type\":\"WebPage\",\"@id\":\"https:\\\/\\\/alimak.com\\\/fr\\\/mentions-legales\\\/\",\"url\":\"https:\\\/\\\/alimak.com\\\/fr\\\/mentions-legales\\\/\",\"name\":\"Mentions l\u00e9gales - Alimak\",\"isPartOf\":{\"@id\":\"https:\\\/\\\/alimak.com\\\/#website\"},\"datePublished\":\"2025-11-12T12:14:11+00:00\",\"dateModified\":\"2026-03-19T15:17:09+00:00\",\"breadcrumb\":{\"@id\":\"https:\\\/\\\/alimak.com\\\/fr\\\/mentions-legales\\\/#breadcrumb\"},\"inLanguage\":\"fr-FR\",\"potentialAction\":[{\"@type\":\"ReadAction\",\"target\":[\"https:\\\/\\\/alimak.com\\\/fr\\\/mentions-legales\\\/\"]}]},{\"@type\":\"BreadcrumbList\",\"@id\":\"https:\\\/\\\/alimak.com\\\/fr\\\/mentions-legales\\\/#breadcrumb\",\"itemListElement\":[{\"@type\":\"ListItem\",\"position\":1,\"name\":\"Home\",\"item\":\"https:\\\/\\\/alimak.com\\\/fr\\\/\"},{\"@type\":\"ListItem\",\"position\":2,\"name\":\"Mentions l\u00e9gales\"}]},{\"@type\":\"WebSite\",\"@id\":\"https:\\\/\\\/alimak.com\\\/#website\",\"url\":\"https:\\\/\\\/alimak.com\\\/\",\"name\":\"Alimak\",\"description\":\"\",\"potentialAction\":[{\"@type\":\"SearchAction\",\"target\":{\"@type\":\"EntryPoint\",\"urlTemplate\":\"https:\\\/\\\/alimak.com\\\/?s={search_term_string}\"},\"query-input\":{\"@type\":\"PropertyValueSpecification\",\"valueRequired\":true,\"valueName\":\"search_term_string\"}}],\"inLanguage\":\"fr-FR\"}]}<\/script>\n<!-- \/ Yoast SEO plugin. -->","yoast_head_json":{"title":"Mentions l\u00e9gales - Alimak","robots":{"index":"index","follow":"follow","max-snippet":"max-snippet:-1","max-image-preview":"max-image-preview:large","max-video-preview":"max-video-preview:-1"},"canonical":"https:\/\/alimak.com\/fr\/mentions-legales\/","og_locale":"fr_FR","og_type":"article","og_title":"Mentions l\u00e9gales - Alimak","og_description":"Alimak Group AB (publ) Alimak Group AB (publ) et ses filiales (Alimak Group) est un fournisseur mondial de solutions durables...","og_url":"https:\/\/alimak.com\/fr\/mentions-legales\/","og_site_name":"Alimak","article_modified_time":"2026-03-19T15:17:09+00:00","twitter_card":"summary_large_image","schema":{"@context":"https:\/\/schema.org","@graph":[{"@type":"WebPage","@id":"https:\/\/alimak.com\/fr\/mentions-legales\/","url":"https:\/\/alimak.com\/fr\/mentions-legales\/","name":"Mentions l\u00e9gales - Alimak","isPartOf":{"@id":"https:\/\/alimak.com\/#website"},"datePublished":"2025-11-12T12:14:11+00:00","dateModified":"2026-03-19T15:17:09+00:00","breadcrumb":{"@id":"https:\/\/alimak.com\/fr\/mentions-legales\/#breadcrumb"},"inLanguage":"fr-FR","potentialAction":[{"@type":"ReadAction","target":["https:\/\/alimak.com\/fr\/mentions-legales\/"]}]},{"@type":"BreadcrumbList","@id":"https:\/\/alimak.com\/fr\/mentions-legales\/#breadcrumb","itemListElement":[{"@type":"ListItem","position":1,"name":"Home","item":"https:\/\/alimak.com\/fr\/"},{"@type":"ListItem","position":2,"name":"Mentions l\u00e9gales"}]},{"@type":"WebSite","@id":"https:\/\/alimak.com\/#website","url":"https:\/\/alimak.com\/","name":"Alimak","description":"","potentialAction":[{"@type":"SearchAction","target":{"@type":"EntryPoint","urlTemplate":"https:\/\/alimak.com\/?s={search_term_string}"},"query-input":{"@type":"PropertyValueSpecification","valueRequired":true,"valueName":"search_term_string"}}],"inLanguage":"fr-FR"}]}},"_links":{"self":[{"href":"https:\/\/alimak.com\/fr\/wp-json\/wp\/v2\/pages\/13829","targetHints":{"allow":["GET"]}}],"collection":[{"href":"https:\/\/alimak.com\/fr\/wp-json\/wp\/v2\/pages"}],"about":[{"href":"https:\/\/alimak.com\/fr\/wp-json\/wp\/v2\/types\/page"}],"author":[{"embeddable":true,"href":"https:\/\/alimak.com\/fr\/wp-json\/wp\/v2\/users\/2"}],"replies":[{"embeddable":true,"href":"https:\/\/alimak.com\/fr\/wp-json\/wp\/v2\/comments?post=13829"}],"version-history":[{"count":1,"href":"https:\/\/alimak.com\/fr\/wp-json\/wp\/v2\/pages\/13829\/revisions"}],"predecessor-version":[{"id":13830,"href":"https:\/\/alimak.com\/fr\/wp-json\/wp\/v2\/pages\/13829\/revisions\/13830"}],"wp:attachment":[{"href":"https:\/\/alimak.com\/fr\/wp-json\/wp\/v2\/media?parent=13829"}],"curies":[{"name":"wp","href":"https:\/\/api.w.org\/{rel}","templated":true}]}}