{"id":13958,"date":"2025-08-26T10:44:30","date_gmt":"2025-08-26T10:44:30","guid":{"rendered":"https:\/\/alimak.com\/politique-de-confidentialite\/"},"modified":"2026-03-19T15:16:49","modified_gmt":"2026-03-19T15:16:49","slug":"politique-de-confidentialite","status":"publish","type":"page","link":"https:\/\/alimak.com\/fr\/politique-de-confidentialite\/","title":{"rendered":"Politique de confidentialit\u00e9"},"content":{"rendered":"\n<section class=\"small-hero border-b bg-white text-black border-lightGrey pt-0 pb-0\">\n    \n        <div class=\"holder pt-36 md:pt-44\">\n            <div class=\"grid grid-cols-12 gap-4 pb-16\">\n                <div class=\"col-span-12 lg:col-span-7\">\n                                        <h1 class=\"text-28 md:text-52 leading-[1.3] lg:max-w-[625px]\"><p>Politique de confidentialit\u00e9<\/p>\n<\/h1>\n                    <div class=\"wysiwyg pt-5 leading-[1.6] lg:block lg:max-w-[767px]\"><h3><strong>Informations sur la gestion des donn\u00e9es personnelles au sein dAlimak Group<\/strong><\/h3>\n<p>Alimak fait partie dAlimak Group, un leader mondial des solutions dacc\u00e8s vertical. Nous nous effor\u00e7ons toujours d\u00e9tablir des relations solides et dignes de confiance avec toutes les parties avec lesquelles nous faisons affaire. Il est donc essentiel pour nous de g\u00e9rer vos donn\u00e9es personnelles en pla\u00e7ant votre int\u00e9grit\u00e9 au centre de nos pr\u00e9occupations.  <\/p>\n<p>Les donn\u00e9es personnelles sont toutes les informations permettant de vous identifier en tant que personne physique. Notre politique de confidentialit\u00e9 d\u00e9crit pourquoi et comment nous g\u00e9rons vos donn\u00e9es personnelles, ainsi que la mani\u00e8re dont vous pouvez exercer vos droits. <\/p>\n<p>Veuillez lire cette politique.<\/p>\n<\/div>\n                <\/div>\n            <\/div>\n        <\/div>\n\n    <\/section>\n<section class=\"regular-text-block bg-white pt-6 lg:pt-12 pb-6 lg:pb-12\">\n    <div class=\"holder\">\n        <div class=\"grid grid-cols-12 gap-4\">\n            <div class=\"col-span-12 lg:col-span-3 hidden lg:block\">\n            <\/div>\n            <main class=\"col-span-12 lg:col-span-9\">\n\n                <div class=\"wysiwyg-article mb-12\">\n                    <h4>Notre responsabilit\u00e9<\/h4>\n<p>Afin de pouvoir nous procurer les fournitures n\u00e9cessaires \u00e0 la conduite de nos activit\u00e9s et ainsi fournir \u00e0 nos clients les solutions attendues, nous traitons vos donn\u00e9es personnelles. La plupart de ces donn\u00e9es sont li\u00e9es \u00e0 votre emploi, \u00e0 votre int\u00e9r\u00eat en tant quactionnaire ou \u00e0 tout autre int\u00e9r\u00eat au sein dAlimak Group. Les donn\u00e9es concernent des coordonn\u00e9es et des informations n\u00e9cessaires au maintien de la relation avec vous ou votre employeur.  <\/p>\n<p>Alimak Group est responsable du traitement (responsable du traitement) de lensemble des op\u00e9rations que nous effectuons sur vos donn\u00e9es personnelles. Nous respectons la r\u00e9glementation applicable en mati\u00e8re de protection des donn\u00e9es et nous traitons les donn\u00e9es personnelles sur la base de cette r\u00e9glementation ainsi que conform\u00e9ment \u00e0 des politiques et directives internes. Nous vous assurons que nous prenons les mesures n\u00e9cessaires pour garantir la s\u00e9curit\u00e9 de vos donn\u00e9es personnelles.  <\/p>\n<h4>Collecte<\/h4>\n<p>Nous ne collectons des donn\u00e9es personnelles que pour des finalit\u00e9s d\u00e9termin\u00e9es, explicites et l\u00e9gitimes. Les sources de collecte peuvent varier, mais les donn\u00e9es personnelles sont g\u00e9n\u00e9ralement fournies par vous lorsque vous nous contactez via nos sites web, e-mail, r\u00e9seaux sociaux, etc., lorsque vous exercez vos droits en tant quactionnaire, ou par votre employeur dans le cadre de sa relation commerciale avec Alimak Group. <\/p>\n<h4>Conservation<\/h4>\n<p>Nous traitons vos donn\u00e9es personnelles uniquement pendant la dur\u00e9e n\u00e9cessaire \u00e0 la r\u00e9alisation de la finalit\u00e9 du traitement. Ensuite, nous effacerons, pseudonymiserons ou anonymiserons les donn\u00e9es personnelles afin quil ne soit plus possible de vous y rattacher. La dur\u00e9e de conservation des donn\u00e9es personnelles d\u00e9pend des finalit\u00e9s du traitement, y compris de la l\u00e9gislation applicable.  <\/p>\n<h4>Transferts<\/h4>\n<p>Nous transf\u00e9rons des donn\u00e9es personnelles au-del\u00e0 des fronti\u00e8res (transferts vers des pays tiers) uniquement si cela est n\u00e9cessaire pour respecter nos engagements envers vous ou votre employeur, pour r\u00e9pondre aux int\u00e9r\u00eats l\u00e9gitimes dAlimak Group ou pour se conformer \u00e0 une obligation l\u00e9gale.<\/p>\n<p>Tout sous-traitant ou tiers susceptible de traiter vos donn\u00e9es personnelles pour le compte dAlimak Group nest autoris\u00e9 \u00e0 le faire que conform\u00e9ment aux exigences techniques, organisationnelles et juridiques d\u00e9finies par Alimak Group et pr\u00e9cis\u00e9es dans les contrats conclus avec chaque sous-traitant, tiers ou tout autre responsable du traitement.<\/p>\n<h4>Lutilisation des cookies sur les sites web dAlimak Group<\/h4>\n<p>Un cookie est un petit fichier de donn\u00e9es que les sites web dAlimak Group stockent temporairement ou de mani\u00e8re permanente sur le disque dur de votre ordinateur lorsque vous visitez nos sites. Nous utilisons les cookies principalement pour analyser lutilisation de nos sites web, analyser leurs performances et am\u00e9liorer votre exp\u00e9rience. Nous utilisons \u00e9galement des cookies pour vous proposer, \u00e0 vous et \u00e0 nos clients, des actions marketing concernant nos produits et services.  <\/p>\n<p>Vous pouvez limiter, bloquer ou refuser les cookies en ajustant les param\u00e8tres de cookies dans le navigateur de votre appareil ou dans la section des param\u00e8tres de votre appareil mobile. Utilisez la fonction daide\/les param\u00e8tres pour en savoir plus sur la gestion des cookies. <\/p>\n<h4>Droits de la personne concern\u00e9e<\/h4>\n<p>Lorsque vous ou votre employeur r\u00e9sidez dans lUE\/EEE ou lorsque vos donn\u00e9es personnelles sont trait\u00e9es par une soci\u00e9t\u00e9 dAlimak Group au sein de lUE\/EEE, le R\u00e8glement g\u00e9n\u00e9ral sur la protection des donn\u00e9es (RGPD) sapplique. Ce r\u00e8glement \u00e9tablit des r\u00e8gles relatives \u00e0 la protection des personnes physiques \u00e0 l\u00e9gard du traitement des donn\u00e9es personnelles. Cette l\u00e9gislation saccompagne dun certain nombre de droits que vous pouvez \u00eatre amen\u00e9(e) \u00e0 exercer. Pour exercer vos droits, veuillez nous contacter \u00e0 lune des adresses indiqu\u00e9es ci-dessous dans la section \u00ab O\u00f9 sadresser pour des questions et des informations compl\u00e9mentaires \u00bb. Les \u00e9ventuelles restrictions ou modifications du traitement sappliqueront \u00e0 Alimak Group ainsi qu\u00e0 toute partie traitant des donn\u00e9es personnelles pour notre compte.    <\/p>\n<h4>Droit dacc\u00e8s<\/h4>\n<p>Vous avez le droit dobtenir des informations sur le fait que nous traitons ou non des donn\u00e9es personnelles vous concernant et, le cas \u00e9ch\u00e9ant, elles vous seront fournies sur demande dans un format structur\u00e9 et couramment utilis\u00e9. En outre, vous avez le droit de transmettre ces donn\u00e9es \u00e0 tout tiers de votre choix. <\/p>\n<p>Outre les donn\u00e9es personnelles trait\u00e9es, vous avez le droit d\u00eatre inform\u00e9(e) de la finalit\u00e9 et de la base juridique du traitement, de toute information disponible quant \u00e0 la source des donn\u00e9es, si possible, de la dur\u00e9e pendant laquelle nous conserverons les donn\u00e9es, de tout destinataire ou cat\u00e9gorie de destinataires auxquels les donn\u00e9es personnelles ont \u00e9t\u00e9 ou seront divulgu\u00e9es, de nos garanties en cas de transferts vers des pays tiers, ainsi que de la logique sous-jacente en cas de prise de d\u00e9cision automatis\u00e9e, y compris le profilage, effectu\u00e9e sur vos donn\u00e9es personnelles.<\/p>\n<h4>Droit de rectification<\/h4>\n<p>Alimak Group est responsable de lexactitude des donn\u00e9es personnelles que nous traitons \u00e0 votre sujet. Toutefois, si vous estimez que des donn\u00e9es personnelles que nous traitons \u00e0 votre sujet sont inexactes, vous avez le droit de demander la rectification de ces donn\u00e9es erron\u00e9es. Apr\u00e8s rectification, nous vous informerons des mesures prises pour satisfaire votre demande.  <\/p>\n<h4>Droit dopposition<\/h4>\n<p>Vous avez le droit de vous opposer au traitement lorsque vos donn\u00e9es personnelles sont utilis\u00e9es \u00e0 des fins de marketing et pour lint\u00e9r\u00eat l\u00e9gitime dAlimak Group, y compris lorsque le profilage est utilis\u00e9 \u00e0 ces fins. Si vos int\u00e9r\u00eats ou vos droits et libert\u00e9s fondamentaux sont consid\u00e9r\u00e9s comme pr\u00e9valant sur nos int\u00e9r\u00eats l\u00e9gitimes, nous mettrons fin au traitement et vous informerons des mesures prises. <\/p>\n<h4>Droit \u00e0 la limitation du traitement<\/h4>\n<p>Vous avez le droit de demander la limitation du traitement lorsque vous estimez que la finalit\u00e9 du traitement nest plus valable, lorsque vous estimez que le traitement est illicite, si vous contestez lexactitude des donn\u00e9es personnelles trait\u00e9es ou lorsque vous vous opposez au traitement.<\/p>\n<p>Lorsque la limitation est mise en \u0153uvre \u00e0 votre demande, Alimak Group vous informera si la limitation du traitement est lev\u00e9e.<\/p>\n<h4>Droit de retirer votre consentement<\/h4>\n<p>Certaines activit\u00e9s de traitement effectu\u00e9es au sein dAlimak Group peuvent \u00eatre fond\u00e9es sur votre consentement. Dans ce cas, vous avez le droit de retirer votre consentement \u00e0 tout moment. Le retrait de votre consentement naffectera pas la lic\u00e9it\u00e9 du traitement effectu\u00e9 avant ce retrait. Si vous retirez votre consentement, Alimak cessera de traiter vos donn\u00e9es personnelles, sauf si nous sommes tenus de poursuivre le traitement en vertu dune obligation l\u00e9gale.   <\/p>\n<h4>Droit \u00e0 loubli (effacement)<\/h4>\n<p>Comme pour le droit \u00e0 la limitation, vous avez le droit de demander leffacement de vos donn\u00e9es personnelles lorsque vous estimez que la finalit\u00e9 du traitement nest plus valable ou lorsque vous estimez que le traitement est illicite.<\/p>\n<p>Si Alimak Group doit continuer \u00e0 traiter vos donn\u00e9es personnelles afin de se conformer \u00e0 une obligation l\u00e9gale, nous refuserons votre demande et vous informerons du motif.<\/p>\n<h4>Droit \u00e0 la portabilit\u00e9 des donn\u00e9es<\/h4>\n<p>Si le traitement de vos donn\u00e9es personnelles est fond\u00e9 sur le consentement, est effectu\u00e9 par des moyens automatis\u00e9s ou est n\u00e9cessaire \u00e0 lex\u00e9cution dun contrat auquel vous \u00eates partie, vous avez le droit dinvoquer votre droit \u00e0 la portabilit\u00e9 des donn\u00e9es. Sur votre demande et si cela est possible, Alimak Group fournira vos donn\u00e9es personnelles, dans un format structur\u00e9, couramment utilis\u00e9 et lisible par machine, \u00e0 une partie de votre choix. <\/p>\n<h4>Modifications de la pr\u00e9sente politique de confidentialit\u00e9<\/h4>\n<p>Alimak Group peut modifier ou mettre \u00e0 jour la pr\u00e9sente politique de confidentialit\u00e9 lorsque cela est n\u00e9cessaire afin de refl\u00e9ter des changements dans nos activit\u00e9s ou des changements dans la l\u00e9gislation applicable. Veuillez consulter cette politique r\u00e9guli\u00e8rement. <\/p>\n<h4>O\u00f9 sadresser pour des questions et des informations compl\u00e9mentaires<\/h4>\n<p>Pour toute question concernant cette politique ou vos droits, veuillez nous contacter par e-mail \u00e0 <a href=\"mailto:privacy@alimakgroup.com\">privacy@alimakgroup.com<\/a> ou par courrier postal \u00e0 l\u2019adresse ci-dessous : <\/p>\n<p>Alimak Group AB (publ)<br \/>\n\u00c0 l\u2019attention de : Global Data Protection Manager<br \/>\nBlekholmstorget 30<br \/>\n111 64 Stockholm<\/p>\n<p>Derni\u00e8re modification :\u202f 21 juin 2022<\/p>\n                <\/div>\n\n                            <\/main>\n        <\/div>\n    <\/div>\n<\/section>\n","protected":false},"excerpt":{"rendered":"<p>Informations sur la gestion des donn\u00e9es personnelles au sein dAlimak Group Alimak fait partie dAlimak Group, un leader mondial des&#8230;<\/p>\n","protected":false},"author":1,"featured_media":0,"parent":0,"menu_order":0,"comment_status":"closed","ping_status":"closed","template":"","meta":{"_acf_changed":false,"footnotes":""},"class_list":["post-13958","page","type-page","status-publish","hentry"],"acf":[],"yoast_head":"<!-- This site is optimized with the Yoast SEO plugin v27.3 - https:\/\/yoast.com\/product\/yoast-seo-wordpress\/ -->\n<title>Politique de confidentialit\u00e9 - Alimak<\/title>\n<meta name=\"robots\" content=\"index, follow, max-snippet:-1, max-image-preview:large, max-video-preview:-1\" \/>\n<link rel=\"canonical\" href=\"https:\/\/alimak.com\/fr\/politique-de-confidentialite\/\" \/>\n<meta property=\"og:locale\" content=\"fr_FR\" \/>\n<meta property=\"og:type\" content=\"article\" \/>\n<meta property=\"og:title\" content=\"Politique de confidentialit\u00e9 - Alimak\" \/>\n<meta property=\"og:description\" content=\"Informations sur la gestion des donn\u00e9es personnelles au sein dAlimak Group Alimak fait partie dAlimak Group, un leader mondial des...\" \/>\n<meta property=\"og:url\" content=\"https:\/\/alimak.com\/fr\/politique-de-confidentialite\/\" \/>\n<meta property=\"og:site_name\" content=\"Alimak\" \/>\n<meta property=\"article:modified_time\" content=\"2026-03-19T15:16:49+00:00\" \/>\n<meta name=\"twitter:card\" content=\"summary_large_image\" \/>\n<script type=\"application\/ld+json\" class=\"yoast-schema-graph\">{\"@context\":\"https:\\\/\\\/schema.org\",\"@graph\":[{\"@type\":\"WebPage\",\"@id\":\"https:\\\/\\\/alimak.com\\\/fr\\\/politique-de-confidentialite\\\/\",\"url\":\"https:\\\/\\\/alimak.com\\\/fr\\\/politique-de-confidentialite\\\/\",\"name\":\"Politique de confidentialit\u00e9 - Alimak\",\"isPartOf\":{\"@id\":\"https:\\\/\\\/alimak.com\\\/#website\"},\"datePublished\":\"2025-08-26T10:44:30+00:00\",\"dateModified\":\"2026-03-19T15:16:49+00:00\",\"breadcrumb\":{\"@id\":\"https:\\\/\\\/alimak.com\\\/fr\\\/politique-de-confidentialite\\\/#breadcrumb\"},\"inLanguage\":\"fr-FR\",\"potentialAction\":[{\"@type\":\"ReadAction\",\"target\":[\"https:\\\/\\\/alimak.com\\\/fr\\\/politique-de-confidentialite\\\/\"]}]},{\"@type\":\"BreadcrumbList\",\"@id\":\"https:\\\/\\\/alimak.com\\\/fr\\\/politique-de-confidentialite\\\/#breadcrumb\",\"itemListElement\":[{\"@type\":\"ListItem\",\"position\":1,\"name\":\"Home\",\"item\":\"https:\\\/\\\/alimak.com\\\/fr\\\/\"},{\"@type\":\"ListItem\",\"position\":2,\"name\":\"Politique de confidentialit\u00e9\"}]},{\"@type\":\"WebSite\",\"@id\":\"https:\\\/\\\/alimak.com\\\/#website\",\"url\":\"https:\\\/\\\/alimak.com\\\/\",\"name\":\"Alimak\",\"description\":\"\",\"potentialAction\":[{\"@type\":\"SearchAction\",\"target\":{\"@type\":\"EntryPoint\",\"urlTemplate\":\"https:\\\/\\\/alimak.com\\\/?s={search_term_string}\"},\"query-input\":{\"@type\":\"PropertyValueSpecification\",\"valueRequired\":true,\"valueName\":\"search_term_string\"}}],\"inLanguage\":\"fr-FR\"}]}<\/script>\n<!-- \/ Yoast SEO plugin. -->","yoast_head_json":{"title":"Politique de confidentialit\u00e9 - Alimak","robots":{"index":"index","follow":"follow","max-snippet":"max-snippet:-1","max-image-preview":"max-image-preview:large","max-video-preview":"max-video-preview:-1"},"canonical":"https:\/\/alimak.com\/fr\/politique-de-confidentialite\/","og_locale":"fr_FR","og_type":"article","og_title":"Politique de confidentialit\u00e9 - Alimak","og_description":"Informations sur la gestion des donn\u00e9es personnelles au sein dAlimak Group Alimak fait partie dAlimak Group, un leader mondial des...","og_url":"https:\/\/alimak.com\/fr\/politique-de-confidentialite\/","og_site_name":"Alimak","article_modified_time":"2026-03-19T15:16:49+00:00","twitter_card":"summary_large_image","schema":{"@context":"https:\/\/schema.org","@graph":[{"@type":"WebPage","@id":"https:\/\/alimak.com\/fr\/politique-de-confidentialite\/","url":"https:\/\/alimak.com\/fr\/politique-de-confidentialite\/","name":"Politique de confidentialit\u00e9 - Alimak","isPartOf":{"@id":"https:\/\/alimak.com\/#website"},"datePublished":"2025-08-26T10:44:30+00:00","dateModified":"2026-03-19T15:16:49+00:00","breadcrumb":{"@id":"https:\/\/alimak.com\/fr\/politique-de-confidentialite\/#breadcrumb"},"inLanguage":"fr-FR","potentialAction":[{"@type":"ReadAction","target":["https:\/\/alimak.com\/fr\/politique-de-confidentialite\/"]}]},{"@type":"BreadcrumbList","@id":"https:\/\/alimak.com\/fr\/politique-de-confidentialite\/#breadcrumb","itemListElement":[{"@type":"ListItem","position":1,"name":"Home","item":"https:\/\/alimak.com\/fr\/"},{"@type":"ListItem","position":2,"name":"Politique de confidentialit\u00e9"}]},{"@type":"WebSite","@id":"https:\/\/alimak.com\/#website","url":"https:\/\/alimak.com\/","name":"Alimak","description":"","potentialAction":[{"@type":"SearchAction","target":{"@type":"EntryPoint","urlTemplate":"https:\/\/alimak.com\/?s={search_term_string}"},"query-input":{"@type":"PropertyValueSpecification","valueRequired":true,"valueName":"search_term_string"}}],"inLanguage":"fr-FR"}]}},"_links":{"self":[{"href":"https:\/\/alimak.com\/fr\/wp-json\/wp\/v2\/pages\/13958","targetHints":{"allow":["GET"]}}],"collection":[{"href":"https:\/\/alimak.com\/fr\/wp-json\/wp\/v2\/pages"}],"about":[{"href":"https:\/\/alimak.com\/fr\/wp-json\/wp\/v2\/types\/page"}],"author":[{"embeddable":true,"href":"https:\/\/alimak.com\/fr\/wp-json\/wp\/v2\/users\/1"}],"replies":[{"embeddable":true,"href":"https:\/\/alimak.com\/fr\/wp-json\/wp\/v2\/comments?post=13958"}],"version-history":[{"count":1,"href":"https:\/\/alimak.com\/fr\/wp-json\/wp\/v2\/pages\/13958\/revisions"}],"predecessor-version":[{"id":13959,"href":"https:\/\/alimak.com\/fr\/wp-json\/wp\/v2\/pages\/13958\/revisions\/13959"}],"wp:attachment":[{"href":"https:\/\/alimak.com\/fr\/wp-json\/wp\/v2\/media?parent=13958"}],"curies":[{"name":"wp","href":"https:\/\/api.w.org\/{rel}","templated":true}]}}