{"id":14027,"date":"2025-08-26T10:41:16","date_gmt":"2025-08-26T10:41:16","guid":{"rendered":"https:\/\/alimak.com\/pieces-et-services-permanent\/"},"modified":"2026-03-18T12:50:21","modified_gmt":"2026-03-18T12:50:21","slug":"pieces-et-services-permanent","status":"publish","type":"page","link":"https:\/\/alimak.com\/fr\/solutions-permanentes\/pieces-et-services-permanent\/","title":{"rendered":"Pi\u00e8ces et services (permanent)"},"content":{"rendered":"\n<section class=\"small-hero border-b bg-black border-darkGrey text-white pt-0 pb-0\">\n            <div class=\"relative\">\n            <div class=\"hero-overlay relative\">\n                                    <picture class=\"w-full\"><source media=\"(max-width:639px)\" srcset=\"https:\/\/images.ohmyhosting.se\/-dymTiGn9kPe35aQW36ZshRO_08=\/390x461\/smart\/filters:quality(85)\/https%3A%2F%2Falimak.com%2Fwp-content%2Fuploads%2F2026%2F02%2Fparts-and-services-permanent3.jpg 1x, https:\/\/images.ohmyhosting.se\/rDIIigkBUl7aE2Rwpr4vlKMjij8=\/780x922\/smart\/filters:quality(85)\/https%3A%2F%2Falimak.com%2Fwp-content%2Fuploads%2F2026%2F02%2Fparts-and-services-permanent3.jpg 2x\"><source media=\"(max-width:1022px)\" srcset=\"https:\/\/images.ohmyhosting.se\/WU3IZpjuyOQlgEgvBZ0bgJBxEHM=\/805x951\/smart\/filters:quality(85)\/https%3A%2F%2Falimak.com%2Fwp-content%2Fuploads%2F2026%2F02%2Fparts-and-services-permanent3.jpg 1x, https:\/\/images.ohmyhosting.se\/2vwe1uZW5dm7vUZ-mYUTk6VtjUg=\/1610x1902\/smart\/filters:quality(85)\/https%3A%2F%2Falimak.com%2Fwp-content%2Fuploads%2F2026%2F02%2Fparts-and-services-permanent3.jpg 2x\"><img decoding=\"async\" src=\"https:\/\/images.ohmyhosting.se\/XfLTKNtOohPSV1RhzjQ38YHQ2SA=\/2545x814\/smart\/filters:quality(85)\/https%3A%2F%2Falimak.com%2Fwp-content%2Fuploads%2F2026%2F02%2Fparts-and-services-permanent3.jpg\" srcset=\"https:\/\/images.ohmyhosting.se\/XfLTKNtOohPSV1RhzjQ38YHQ2SA=\/2545x814\/smart\/filters:quality(85)\/https%3A%2F%2Falimak.com%2Fwp-content%2Fuploads%2F2026%2F02%2Fparts-and-services-permanent3.jpg 1x, https:\/\/images.ohmyhosting.se\/VxRh4bGVwc9S9IB6b7Zr51ooXrY=\/5090x1628\/smart\/filters:quality(85)\/https%3A%2F%2Falimak.com%2Fwp-content%2Fuploads%2F2026%2F02%2Fparts-and-services-permanent3.jpg 2x\" alt=\"\" class=\"w-full object-cover w-full max-h-[90vh]\" width=\"2545\" height=\"814\" \/><\/picture>                            <\/div>\n            <div class=\"absolute inset-0 z-10 flex flex-col justify-end\">\n                <div class=\"holder\">\n                    <div class=\"grid grid-cols-12 gap-4 pb-16\">\n                        <div class=\"col-span-12 lg:col-span-7\">\n                                                    <p class=\"md:text-20 font-medium leading-[1.25] mb-1\">Solutions permanentes<\/p>\n                                                    <h1 class=\"text-28 md:text-52 leading-[1.3] lg:max-w-[625px]\"><p>Pi\u00e8ces et services<\/p>\n<\/h1>\n                            <div class=\"wysiwyg pt-5 leading-[1.6] hidden lg:block lg:max-w-[512px]\"><p>Alimak fournit des services de support produit et client de premier plan aux propri\u00e9taires et exploitants d&#8217;\u00e9quipements d&#8217;acc\u00e8s vertical permanent Alimak. Avec un r\u00e9seau de service mondial qui s&#8217;\u00e9tend sur plus de 100 pays, Alimak propose une gamme compl\u00e8te de solutions de service et de support comprenant : des forfaits de service, la maintenance pr\u00e9ventive et les r\u00e9parations, les inspections, les remises \u00e0 neuf, les pi\u00e8ces de rechange d&#8217;origine, la formation et la gestion des actifs adapt\u00e9es pour g\u00e9rer le cycle de vie complet des \u00e9quipements Alimak. <\/p>\n<\/div>\n                        <\/div>\n                    <\/div>\n                <\/div>\n            <\/div>\n        <\/div>\n                    <div class=\"lg:hidden py-12 border-b border-darkGrey\">\n                <div class=\"holder\">\n                    <div class=\"wysiwyg leading-[1.6]\"><p>Alimak fournit des services de support produit et client de premier plan aux propri\u00e9taires et exploitants d&#8217;\u00e9quipements d&#8217;acc\u00e8s vertical permanent Alimak. Avec un r\u00e9seau de service mondial qui s&#8217;\u00e9tend sur plus de 100 pays, Alimak propose une gamme compl\u00e8te de solutions de service et de support comprenant : des forfaits de service, la maintenance pr\u00e9ventive et les r\u00e9parations, les inspections, les remises \u00e0 neuf, les pi\u00e8ces de rechange d&#8217;origine, la formation et la gestion des actifs adapt\u00e9es pour g\u00e9rer le cycle de vie complet des \u00e9quipements Alimak. <\/p>\n<\/div>\n                <\/div>\n            <\/div>\n        \n    <\/section>\n<section class=\"services-links bg-white text-black  border-b  border-lightGrey pt-6 lg:pt-12 pb-12 lg:pb-24\">\n    <div class=\"holder\">\n        <h2 class=\"text-24 md:text-36 font-medium leading-[1.3] mb-12\">Solution de service compl\u00e8te<\/h2>\n        \n            <div class=\"grid grid-cols-12 gap-4\">\n                                    <a class=\"col-span-12 md:col-span-4 flex flex-col p-6 group rounded-[12px] bg-quoteGrey text-black\" href=\"https:\/\/alimak.com\/fr\/solutions-permanentes\/pieces-et-services-permanent\/pieces-permanent\/\" target=\"\">\n                        <h3 class=\"md:text-20 font-medium leading-[1.25]\">Pi\u00e8ces de rechange d&#8217;origine<\/h3>\n                        <div class=\"wysiwyg leading-[1.6] mt-4 mb-4\">\n                            <p>Les pi\u00e8ces Alimak d&#8217;origine sont s\u00e9lectionn\u00e9es et remplac\u00e9es pour am\u00e9liorer les performances et prolonger la dur\u00e9e de vie op\u00e9rationnelle<\/p>\n                        <\/div>\n                        <div class=\"mt-auto\">\n                            <span class=\"border transition-all group-hover:bg-orange w-[48px] h-[32px] md:w-[52px] md:h-[36px] flex items-center flex-col justify-center group-hover:border-orange border-black rounded-[4px]\">\n                                                                    <svg width=\"24\" height=\"11\" viewBox=\"0 0 24 11\" fill=\"none\" xmlns=\"http:\/\/www.w3.org\/2000\/svg\">\n                                    <path class=\"stroke-black\" d=\"M0 5.50098H22\" stroke=\"white\" stroke-width=\"1.5\"\/>\n                                    <path class=\"stroke-black\" d=\"M17.5 1.00098L22 5.50098L17.5 10.001\" stroke=\"white\" stroke-width=\"1.5\"\/>\n                                    <\/svg>\n                                                            <\/span>\n                        <\/div>\n                    <\/a>\n\n                                    <a class=\"col-span-12 md:col-span-4 flex flex-col p-6 group rounded-[12px] bg-quoteGrey text-black\" href=\"https:\/\/alimak.com\/fr\/solutions-permanentes\/pieces-et-services-permanent\/formation-permanente\/\" target=\"\">\n                        <h3 class=\"md:text-20 font-medium leading-[1.25]\">Formation<\/h3>\n                        <div class=\"wysiwyg leading-[1.6] mt-4 mb-4\">\n                            <p>Formation Alimak d\u00e9di\u00e9e pour soutenir l&#8217;exploitation, la maintenance et l&#8217;installation en toute s\u00e9curit\u00e9 des \u00e9quipements Alimak<\/p>\n                        <\/div>\n                        <div class=\"mt-auto\">\n                            <span class=\"border transition-all group-hover:bg-orange w-[48px] h-[32px] md:w-[52px] md:h-[36px] flex items-center flex-col justify-center group-hover:border-orange border-black rounded-[4px]\">\n                                                                    <svg width=\"24\" height=\"11\" viewBox=\"0 0 24 11\" fill=\"none\" xmlns=\"http:\/\/www.w3.org\/2000\/svg\">\n                                    <path class=\"stroke-black\" d=\"M0 5.50098H22\" stroke=\"white\" stroke-width=\"1.5\"\/>\n                                    <path class=\"stroke-black\" d=\"M17.5 1.00098L22 5.50098L17.5 10.001\" stroke=\"white\" stroke-width=\"1.5\"\/>\n                                    <\/svg>\n                                                            <\/span>\n                        <\/div>\n                    <\/a>\n\n                                    <a class=\"col-span-12 md:col-span-4 flex flex-col p-6 group rounded-[12px] bg-quoteGrey text-black\" href=\"https:\/\/alimak.com\/fr\/solutions-permanentes\/pieces-et-services-permanent\/ingenierie-dapplication-permanent\/\" target=\"\">\n                        <h3 class=\"md:text-20 font-medium leading-[1.25]\">Ing\u00e9nierie d&#8217;application<\/h3>\n                        <div class=\"wysiwyg leading-[1.6] mt-4 mb-4\">\n                            <p>Pour les clients confront\u00e9s \u00e0 des applications exigeantes ou \u00e0 des d\u00e9fis d&#8217;installation uniques, soutenus par l&#8217;expertise approfondie d&#8217;Alimak en solutions d&#8217;ascenseurs sur mesure.<\/p>\n                        <\/div>\n                        <div class=\"mt-auto\">\n                            <span class=\"border transition-all group-hover:bg-orange w-[48px] h-[32px] md:w-[52px] md:h-[36px] flex items-center flex-col justify-center group-hover:border-orange border-black rounded-[4px]\">\n                                                                    <svg width=\"24\" height=\"11\" viewBox=\"0 0 24 11\" fill=\"none\" xmlns=\"http:\/\/www.w3.org\/2000\/svg\">\n                                    <path class=\"stroke-black\" d=\"M0 5.50098H22\" stroke=\"white\" stroke-width=\"1.5\"\/>\n                                    <path class=\"stroke-black\" d=\"M17.5 1.00098L22 5.50098L17.5 10.001\" stroke=\"white\" stroke-width=\"1.5\"\/>\n                                    <\/svg>\n                                                            <\/span>\n                        <\/div>\n                    <\/a>\n\n                                    <a class=\"col-span-12 md:col-span-4 flex flex-col p-6 group rounded-[12px] bg-quoteGrey text-black\" href=\"https:\/\/alimak.com\/fr\/solutions-permanentes\/pieces-et-services-permanent\/solutions-de-service-permanentes\/\" target=\"\">\n                        <h3 class=\"md:text-20 font-medium leading-[1.25]\">Solutions de service<\/h3>\n                        <div class=\"wysiwyg leading-[1.6] mt-4 mb-4\">\n                            <p>Gamme compl\u00e8te de contrats de service, de programmes de maintenance et de solutions de r\u00e9paration pour garantir une disponibilit\u00e9 maximale.<\/p>\n                        <\/div>\n                        <div class=\"mt-auto\">\n                            <span class=\"border transition-all group-hover:bg-orange w-[48px] h-[32px] md:w-[52px] md:h-[36px] flex items-center flex-col justify-center group-hover:border-orange border-black rounded-[4px]\">\n                                                                    <svg width=\"24\" height=\"11\" viewBox=\"0 0 24 11\" fill=\"none\" xmlns=\"http:\/\/www.w3.org\/2000\/svg\">\n                                    <path class=\"stroke-black\" d=\"M0 5.50098H22\" stroke=\"white\" stroke-width=\"1.5\"\/>\n                                    <path class=\"stroke-black\" d=\"M17.5 1.00098L22 5.50098L17.5 10.001\" stroke=\"white\" stroke-width=\"1.5\"\/>\n                                    <\/svg>\n                                                            <\/span>\n                        <\/div>\n                    <\/a>\n\n                                    <a class=\"col-span-12 md:col-span-4 flex flex-col p-6 group rounded-[12px] bg-quoteGrey text-black\" href=\"https:\/\/alimak.com\/fr\/solutions-permanentes\/pieces-et-services-permanent\/modernisation-et-remise-a-neuf-permanente\/\" target=\"\">\n                        <h3 class=\"md:text-20 font-medium leading-[1.25]\">Modernisation et remise \u00e0 neuf<\/h3>\n                        <div class=\"wysiwyg leading-[1.6] mt-4 mb-4\">\n                            <p>Les solutions de modernisation et de remise \u00e0 neuf Alimak revitalisent les \u00e9quipements vieillissants, am\u00e9liorant la s\u00e9curit\u00e9, prolongeant le cycle de vie et r\u00e9duisant les co\u00fbts.<\/p>\n                        <\/div>\n                        <div class=\"mt-auto\">\n                            <span class=\"border transition-all group-hover:bg-orange w-[48px] h-[32px] md:w-[52px] md:h-[36px] flex items-center flex-col justify-center group-hover:border-orange border-black rounded-[4px]\">\n                                                                    <svg width=\"24\" height=\"11\" viewBox=\"0 0 24 11\" fill=\"none\" xmlns=\"http:\/\/www.w3.org\/2000\/svg\">\n                                    <path class=\"stroke-black\" d=\"M0 5.50098H22\" stroke=\"white\" stroke-width=\"1.5\"\/>\n                                    <path class=\"stroke-black\" d=\"M17.5 1.00098L22 5.50098L17.5 10.001\" stroke=\"white\" stroke-width=\"1.5\"\/>\n                                    <\/svg>\n                                                            <\/span>\n                        <\/div>\n                    <\/a>\n\n                            <\/div>\n            <\/div>\n<\/section>\n<section class=\"text-img bg-white text-black border-lightGrey  border-b   pt-12 lg:pt-24 pb-12 lg:pb-24\">\n    <div class=\"holder\">\n      <div class=\"grid grid-cols-12 gap-4 items-center\">\n        <div class=\"col-span-12 lg:col-span-6 2.5xl:col-span-8 \">\n                            <div class=\"text-img-overlay relative mb-8 md:mb-0 max-w-[852px] \">\n                    <picture class=\"w-full\"><source media=\"(max-width:639px)\" srcset=\"https:\/\/images.ohmyhosting.se\/8ywCbY4xYPED6CTmtJWdC25pQig=\/382x237\/smart\/filters:quality(85)\/https%3A%2F%2Falimak.com%2Fwp-content%2Fuploads%2F2026%2F01%2Fstart-desktop-mobile2_EN-2.png 1x, https:\/\/images.ohmyhosting.se\/tN0U9QJjNdskiTught930A6Mpwc=\/764x474\/smart\/filters:quality(85)\/https%3A%2F%2Falimak.com%2Fwp-content%2Fuploads%2F2026%2F01%2Fstart-desktop-mobile2_EN-2.png 2x\"><source media=\"(max-width:1022px)\" srcset=\"https:\/\/images.ohmyhosting.se\/lCYa1mCEx_iUrTBb-CSjfwnemaM=\/773x480\/smart\/filters:quality(85)\/https%3A%2F%2Falimak.com%2Fwp-content%2Fuploads%2F2026%2F01%2Fstart-desktop-mobile2_EN-2.png 1x, https:\/\/images.ohmyhosting.se\/6OVR8wniwR5o2i-HHue6wkVh7Yw=\/1546x960\/smart\/filters:quality(85)\/https%3A%2F%2Falimak.com%2Fwp-content%2Fuploads%2F2026%2F01%2Fstart-desktop-mobile2_EN-2.png 2x\"><img decoding=\"async\" src=\"https:\/\/images.ohmyhosting.se\/bV3Gideh7G8pVQ-2tS8U0S5xHqE=\/852x530\/smart\/filters:quality(85)\/https%3A%2F%2Falimak.com%2Fwp-content%2Fuploads%2F2026%2F01%2Fstart-desktop-mobile2_EN-2.png\" srcset=\"https:\/\/images.ohmyhosting.se\/bV3Gideh7G8pVQ-2tS8U0S5xHqE=\/852x530\/smart\/filters:quality(85)\/https%3A%2F%2Falimak.com%2Fwp-content%2Fuploads%2F2026%2F01%2Fstart-desktop-mobile2_EN-2.png 1x, https:\/\/images.ohmyhosting.se\/pP68v6a4m8tZm69mo7kPvco9biY=\/1704x1060\/smart\/filters:quality(85)\/https%3A%2F%2Falimak.com%2Fwp-content%2Fuploads%2F2026%2F01%2Fstart-desktop-mobile2_EN-2.png 2x\" alt=\"\" class=\"w-full w-full rounded-[12px] object-cover\" width=\"852\" height=\"530\" \/><\/picture>                                        <\/div>\n            \n        <\/div>\n        <div class=\"col-span-12 lg:col-span-6 2.5xl:col-span-4 flex flex-col justify-center \">\n            <div class=\"\">\n                                    <h2 class=\"text-24 md:text-36 leading-[1.3] font-medium mb-4\">Nos \u00e9quipes de service sont aliment\u00e9es par Service Protocol<\/h2>\n                                                    <div class=\"wysiwyg leading-[1.6] text-numbersGrey\"><p>La gestion des services d&#8217;Alimak est aliment\u00e9e par Service Protocol, un outil web qui rationalise la gestion des services sur le terrain. Utilis\u00e9 par les techniciens de service, les \u00e9quipes administratives et les responsables, il nous permet d&#8217;am\u00e9liorer notre support de service et d&#8217;accro\u00eetre la durabilit\u00e9 op\u00e9rationnelle en rationalisant les processus, en renfor\u00e7ant notre support client et en \u00e9liminant la paperasse. <\/p>\n<\/div>\n                                            <\/div>\n        <\/div>\n      <\/div>\n    <\/div>\n<\/section>\n\n<section class=\"cta-banner bg-black text-white  pt-0 pb-6 lg:pb-12\">\n    <div class=\"relative\">\n                    <div class=\"cta-banner-overlay relative\">\n                <picture class=\"w-full\"><source media=\"(max-width:639px)\" srcset=\"https:\/\/images.ohmyhosting.se\/WktqUiNRg1ZhevXtlEJW64a-tD4=\/399x377\/smart\/filters:quality(85)\/https%3A%2F%2Falimak.com%2Fwp-content%2Fuploads%2F2025%2F09%2Fd0a64875c3850e6181fa105f72a620985d5364a6.jpg 1x, https:\/\/images.ohmyhosting.se\/uHFfZRUPh8JOF6Zz_y6rSTfDpak=\/798x754\/smart\/filters:quality(85)\/https%3A%2F%2Falimak.com%2Fwp-content%2Fuploads%2F2025%2F09%2Fd0a64875c3850e6181fa105f72a620985d5364a6.jpg 2x\"><source media=\"(max-width:1022px)\" srcset=\"https:\/\/images.ohmyhosting.se\/_7lhKdPe2AiFfxT-8EBHRxRmEX8=\/805x760\/smart\/filters:quality(85)\/https%3A%2F%2Falimak.com%2Fwp-content%2Fuploads%2F2025%2F09%2Fd0a64875c3850e6181fa105f72a620985d5364a6.jpg 1x, https:\/\/images.ohmyhosting.se\/k3XpmDwMeHPL_Yzc_ybXgBj6up8=\/1610x1520\/smart\/filters:quality(85)\/https%3A%2F%2Falimak.com%2Fwp-content%2Fuploads%2F2025%2F09%2Fd0a64875c3850e6181fa105f72a620985d5364a6.jpg 2x\"><img decoding=\"async\" src=\"https:\/\/images.ohmyhosting.se\/lIW3Hg0Fn-6CZ8-JoXTC4w5tQhA=\/2545x1053\/smart\/filters:quality(85)\/https%3A%2F%2Falimak.com%2Fwp-content%2Fuploads%2F2025%2F09%2Fd0a64875c3850e6181fa105f72a620985d5364a6.jpg\" srcset=\"https:\/\/images.ohmyhosting.se\/lIW3Hg0Fn-6CZ8-JoXTC4w5tQhA=\/2545x1053\/smart\/filters:quality(85)\/https%3A%2F%2Falimak.com%2Fwp-content%2Fuploads%2F2025%2F09%2Fd0a64875c3850e6181fa105f72a620985d5364a6.jpg 1x, https:\/\/images.ohmyhosting.se\/kBPWqXpAi4O3Ic8XAeAxPcvYsts=\/5090x2106\/smart\/filters:quality(85)\/https%3A%2F%2Falimak.com%2Fwp-content%2Fuploads%2F2025%2F09%2Fd0a64875c3850e6181fa105f72a620985d5364a6.jpg 2x\" alt=\"\" class=\"w-full w-full h-full object-cover\" width=\"2545\" height=\"1053\" \/><\/picture>            <\/div>\n                <div class=\"absolute inset-0 z-[2]\">\n            <div class=\"holder\">\n                <div class=\"grid grid-cols-12 gap-4\">\n                    <div class=\"col-span-12 lg:col-span-6 lg:col-start-7 pt-16\">\n                        <h3 class=\"text-28 md:text-44 lg:max-w-[500px] leading-tight\">Contactez-nous pour plus dinformations ou un devis<\/h3>\n                                                    <div class=\"mt-8\">\n                                <a class=\"btn\" href=\"https:\/\/alimak.com\/fr\/nous-contacter\/\" target=\"\">\n                                    <span>Contactez-nous<\/span>\n                                    <span>\n                                        <svg width=\"24\" height=\"11\" viewBox=\"0 0 24 11\" fill=\"none\" xmlns=\"http:\/\/www.w3.org\/2000\/svg\">\n                                        <path d=\"M0 5.5H22\" stroke=\"black\" stroke-width=\"1.5\"\/>\n                                        <path d=\"M17.5 1L22 5.5L17.5 10\" stroke=\"black\" stroke-width=\"1.5\"\/>\n                                        <\/svg>\n                                    <\/span>\n                                <\/a>\n                            <\/div>\n                                            <\/div>\n                <\/div>\n            <\/div>\n        <\/div>\n    <\/div>\n<\/section>\n","protected":false},"excerpt":{"rendered":"<p>Alimak fournit des services de support produit et client de premier plan aux propri\u00e9taires et exploitants d&#8217;\u00e9quipements d&#8217;acc\u00e8s vertical permanent&#8230;<\/p>\n","protected":false},"author":1,"featured_media":0,"parent":14765,"menu_order":0,"comment_status":"closed","ping_status":"closed","template":"","meta":{"_acf_changed":false,"footnotes":""},"class_list":["post-14027","page","type-page","status-publish","hentry"],"acf":[],"yoast_head":"<!-- This site is optimized with the Yoast SEO plugin v27.3 - https:\/\/yoast.com\/product\/yoast-seo-wordpress\/ -->\n<title>Pi\u00e8ces et services (permanent) - Alimak<\/title>\n<meta name=\"robots\" content=\"index, follow, max-snippet:-1, max-image-preview:large, max-video-preview:-1\" \/>\n<link rel=\"canonical\" href=\"https:\/\/alimak.com\/fr\/solutions-permanentes\/pieces-et-services-permanent\/\" \/>\n<meta property=\"og:locale\" content=\"fr_FR\" \/>\n<meta property=\"og:type\" content=\"article\" \/>\n<meta property=\"og:title\" content=\"Pi\u00e8ces et services (permanent) - Alimak\" \/>\n<meta property=\"og:description\" content=\"Alimak fournit des services de support produit et client de premier plan aux propri\u00e9taires et exploitants d&#039;\u00e9quipements d&#039;acc\u00e8s vertical permanent...\" \/>\n<meta property=\"og:url\" content=\"https:\/\/alimak.com\/fr\/solutions-permanentes\/pieces-et-services-permanent\/\" \/>\n<meta property=\"og:site_name\" content=\"Alimak\" \/>\n<meta property=\"article:modified_time\" content=\"2026-03-18T12:50:21+00:00\" \/>\n<meta name=\"twitter:card\" content=\"summary_large_image\" \/>\n<script type=\"application\/ld+json\" class=\"yoast-schema-graph\">{\"@context\":\"https:\\\/\\\/schema.org\",\"@graph\":[{\"@type\":\"WebPage\",\"@id\":\"https:\\\/\\\/alimak.com\\\/fr\\\/solutions-permanentes\\\/pieces-et-services-permanent\\\/\",\"url\":\"https:\\\/\\\/alimak.com\\\/fr\\\/solutions-permanentes\\\/pieces-et-services-permanent\\\/\",\"name\":\"Pi\u00e8ces et services (permanent) - Alimak\",\"isPartOf\":{\"@id\":\"https:\\\/\\\/alimak.com\\\/#website\"},\"datePublished\":\"2025-08-26T10:41:16+00:00\",\"dateModified\":\"2026-03-18T12:50:21+00:00\",\"breadcrumb\":{\"@id\":\"https:\\\/\\\/alimak.com\\\/fr\\\/solutions-permanentes\\\/pieces-et-services-permanent\\\/#breadcrumb\"},\"inLanguage\":\"fr-FR\",\"potentialAction\":[{\"@type\":\"ReadAction\",\"target\":[\"https:\\\/\\\/alimak.com\\\/fr\\\/solutions-permanentes\\\/pieces-et-services-permanent\\\/\"]}]},{\"@type\":\"BreadcrumbList\",\"@id\":\"https:\\\/\\\/alimak.com\\\/fr\\\/solutions-permanentes\\\/pieces-et-services-permanent\\\/#breadcrumb\",\"itemListElement\":[{\"@type\":\"ListItem\",\"position\":1,\"name\":\"Home\",\"item\":\"https:\\\/\\\/alimak.com\\\/fr\\\/\"},{\"@type\":\"ListItem\",\"position\":2,\"name\":\"Solutions permanentes\",\"item\":\"https:\\\/\\\/alimak.com\\\/fr\\\/solutions-permanentes\\\/\"},{\"@type\":\"ListItem\",\"position\":3,\"name\":\"Pi\u00e8ces et services (permanent)\"}]},{\"@type\":\"WebSite\",\"@id\":\"https:\\\/\\\/alimak.com\\\/#website\",\"url\":\"https:\\\/\\\/alimak.com\\\/\",\"name\":\"Alimak\",\"description\":\"\",\"potentialAction\":[{\"@type\":\"SearchAction\",\"target\":{\"@type\":\"EntryPoint\",\"urlTemplate\":\"https:\\\/\\\/alimak.com\\\/?s={search_term_string}\"},\"query-input\":{\"@type\":\"PropertyValueSpecification\",\"valueRequired\":true,\"valueName\":\"search_term_string\"}}],\"inLanguage\":\"fr-FR\"}]}<\/script>\n<!-- \/ Yoast SEO plugin. -->","yoast_head_json":{"title":"Pi\u00e8ces et services (permanent) - Alimak","robots":{"index":"index","follow":"follow","max-snippet":"max-snippet:-1","max-image-preview":"max-image-preview:large","max-video-preview":"max-video-preview:-1"},"canonical":"https:\/\/alimak.com\/fr\/solutions-permanentes\/pieces-et-services-permanent\/","og_locale":"fr_FR","og_type":"article","og_title":"Pi\u00e8ces et services (permanent) - Alimak","og_description":"Alimak fournit des services de support produit et client de premier plan aux propri\u00e9taires et exploitants d'\u00e9quipements d'acc\u00e8s vertical permanent...","og_url":"https:\/\/alimak.com\/fr\/solutions-permanentes\/pieces-et-services-permanent\/","og_site_name":"Alimak","article_modified_time":"2026-03-18T12:50:21+00:00","twitter_card":"summary_large_image","schema":{"@context":"https:\/\/schema.org","@graph":[{"@type":"WebPage","@id":"https:\/\/alimak.com\/fr\/solutions-permanentes\/pieces-et-services-permanent\/","url":"https:\/\/alimak.com\/fr\/solutions-permanentes\/pieces-et-services-permanent\/","name":"Pi\u00e8ces et services (permanent) - Alimak","isPartOf":{"@id":"https:\/\/alimak.com\/#website"},"datePublished":"2025-08-26T10:41:16+00:00","dateModified":"2026-03-18T12:50:21+00:00","breadcrumb":{"@id":"https:\/\/alimak.com\/fr\/solutions-permanentes\/pieces-et-services-permanent\/#breadcrumb"},"inLanguage":"fr-FR","potentialAction":[{"@type":"ReadAction","target":["https:\/\/alimak.com\/fr\/solutions-permanentes\/pieces-et-services-permanent\/"]}]},{"@type":"BreadcrumbList","@id":"https:\/\/alimak.com\/fr\/solutions-permanentes\/pieces-et-services-permanent\/#breadcrumb","itemListElement":[{"@type":"ListItem","position":1,"name":"Home","item":"https:\/\/alimak.com\/fr\/"},{"@type":"ListItem","position":2,"name":"Solutions permanentes","item":"https:\/\/alimak.com\/fr\/solutions-permanentes\/"},{"@type":"ListItem","position":3,"name":"Pi\u00e8ces et services (permanent)"}]},{"@type":"WebSite","@id":"https:\/\/alimak.com\/#website","url":"https:\/\/alimak.com\/","name":"Alimak","description":"","potentialAction":[{"@type":"SearchAction","target":{"@type":"EntryPoint","urlTemplate":"https:\/\/alimak.com\/?s={search_term_string}"},"query-input":{"@type":"PropertyValueSpecification","valueRequired":true,"valueName":"search_term_string"}}],"inLanguage":"fr-FR"}]}},"_links":{"self":[{"href":"https:\/\/alimak.com\/fr\/wp-json\/wp\/v2\/pages\/14027","targetHints":{"allow":["GET"]}}],"collection":[{"href":"https:\/\/alimak.com\/fr\/wp-json\/wp\/v2\/pages"}],"about":[{"href":"https:\/\/alimak.com\/fr\/wp-json\/wp\/v2\/types\/page"}],"author":[{"embeddable":true,"href":"https:\/\/alimak.com\/fr\/wp-json\/wp\/v2\/users\/1"}],"replies":[{"embeddable":true,"href":"https:\/\/alimak.com\/fr\/wp-json\/wp\/v2\/comments?post=14027"}],"version-history":[{"count":1,"href":"https:\/\/alimak.com\/fr\/wp-json\/wp\/v2\/pages\/14027\/revisions"}],"predecessor-version":[{"id":14031,"href":"https:\/\/alimak.com\/fr\/wp-json\/wp\/v2\/pages\/14027\/revisions\/14031"}],"up":[{"embeddable":true,"href":"https:\/\/alimak.com\/fr\/wp-json\/wp\/v2\/pages\/14765"}],"wp:attachment":[{"href":"https:\/\/alimak.com\/fr\/wp-json\/wp\/v2\/media?parent=14027"}],"curies":[{"name":"wp","href":"https:\/\/api.w.org\/{rel}","templated":true}]}}