{"id":14032,"date":"2025-11-12T12:46:22","date_gmt":"2025-11-12T12:46:22","guid":{"rendered":"https:\/\/alimak.com\/gestion-des-donnees-dequipements\/"},"modified":"2026-03-19T15:17:00","modified_gmt":"2026-03-19T15:17:00","slug":"gestion-des-donnees-dequipements","status":"publish","type":"page","link":"https:\/\/alimak.com\/fr\/gestion-des-donnees-dequipements\/","title":{"rendered":"Gestion des donn\u00e9es d&#8217;\u00e9quipements"},"content":{"rendered":"\n<section class=\"small-hero border-b bg-white text-black border-lightGrey pt-0 pb-0\">\n    \n        <div class=\"holder pt-36 md:pt-44\">\n            <div class=\"grid grid-cols-12 gap-4 pb-16\">\n                <div class=\"col-span-12 lg:col-span-7\">\n                                        <h1 class=\"text-28 md:text-52 leading-[1.3] lg:max-w-[625px]\"><p>Gestion des donn\u00e9es d&#8217;\u00e9quipements<\/p>\n<\/h1>\n                    <div class=\"wysiwyg pt-5 leading-[1.6] lg:block lg:max-w-[767px]\"><p>La pr\u00e9sente D\u00e9claration de gestion des donn\u00e9es d&#8217;\u00e9quipements d\u00e9crit les pratiques d&#8217;Alimak Group AB et de ses soci\u00e9t\u00e9s du Groupe, telles que d\u00e9finies \u00e0 l&#8217;Annexe A (\u00ab Alimak Group \u00bb, \u00ab nous \u00bb ou \u00ab notre \u00bb), en mati\u00e8re de collecte, de stockage et d&#8217;utilisation des donn\u00e9es provenant des machines, produits et autres \u00e9quipements du Groupe Alimak exploit\u00e9s par ou pour le compte des Clients (\u00ab \u00c9quipements \u00bb).<\/p>\n<p>Notre Politique de confidentialit\u00e9 d\u00e9crit la mani\u00e8re dont nous g\u00e9rons les donn\u00e9es personnelles, c&#8217;est-\u00e0-dire les informations pouvant \u00eatre utilis\u00e9es pour identifier un individu. <\/p>\n<\/div>\n                <\/div>\n            <\/div>\n        <\/div>\n\n    <\/section>\n<section class=\"regular-text-block bg-white pt-6 lg:pt-12 pb-6 lg:pb-12\">\n    <div class=\"holder\">\n        <div class=\"grid grid-cols-12 gap-4\">\n            <div class=\"col-span-12 lg:col-span-3 hidden lg:block\">\n            <\/div>\n            <main class=\"col-span-12 lg:col-span-9\">\n\n                <div class=\"wysiwyg-article mb-12\">\n                    <h3>Quelles donn\u00e9es nous pouvons collecter<\/h3>\n<h4>Donn\u00e9es syst\u00e8me<\/h4>\n<p>Les donn\u00e9es syst\u00e8me sont des informations qui nous sont transmises via des plateformes num\u00e9riques (\u00ab Plateformes \u00bb), My Alimak, My BMU, A3 et des applications similaires (\u00ab Applications \u00bb) et via la t\u00e9l\u00e9matique (et des dispositifs similaires) (\u00ab Appareils \u00bb) (nous utilisons le terme \u00ab Offres Num\u00e9riques \u00bb pour d\u00e9signer collectivement toutes les Applications et tous les Appareils que nous utilisons), ce qui peut inclure :<\/p>\n<ul>\n<li>Informations sur l&#8217;appareil, l&#8217;\u00e9quipement et les composants, y compris le num\u00e9ro de mod\u00e8le, le num\u00e9ro de s\u00e9rie, le num\u00e9ro de commande, les num\u00e9ros de version logicielle et mat\u00e9rielle, les performances et la configuration, y compris les outils de travail ou autres p\u00e9riph\u00e9riques connect\u00e9s aux \u00e9quipements.<\/li>\n<li>Donn\u00e9es \u00e9lectroniques, y compris les journaux de capteurs, les tendances, les histogrammes, les donn\u00e9es d&#8217;\u00e9v\u00e9nements, d&#8217;autres alertes, les donn\u00e9es d&#8217;\u00e9tat num\u00e9rique, les codes d&#8217;erreur, les heures de service, les fichiers de donn\u00e9es \u00e9lectroniques t\u00e9l\u00e9charg\u00e9s manuellement ou automatiquement \u00e0 partir d&#8217;un \u00e9quipement, les donn\u00e9es de d\u00e9pannage et d&#8217;autres donn\u00e9es, selon le client et l&#8217;\u00e9quipement, ainsi que le canal de communication utilis\u00e9 par un appareil.<\/li>\n<li>Informations de localisation de l&#8217;appareil, y compris l&#8217;emplacement physique d&#8217;un \u00e9quipement (par exemple, d\u00e9termin\u00e9 \u00e0 l&#8217;aide de signaux satellite, GPS, tour de t\u00e9l\u00e9phonie cellulaire, Bluetooth ou Wi-Fi).<\/li>\n<li>Donn\u00e9es de l&#8217;enregistreur d&#8217;\u00e9v\u00e9nements, y compris la localisation, la vitesse et la direction.<\/li>\n<li>Historique de service et de maintenance, y compris les ordres de travail (enregistrements de toutes les maintenances, r\u00e9parations, achats de pi\u00e8ces, remplacements et modifications d&#8217;un \u00e9quipement), la dur\u00e9e de vie des composants (historique d&#8217;utilisation et de dur\u00e9e de vie d&#8217;un composant), le calendrier de maintenance, la maintenance planifi\u00e9e, les donn\u00e9es de couverture de garantie, les contrats de maintenance et de r\u00e9paration, les intervalles de service (intervalle programm\u00e9 pour la maintenance planifi\u00e9e des activit\u00e9s de remplacement de composants pour un \u00e9quipement), les listes de composants (listes de pi\u00e8ces constituant un \u00e9quipement) et les lettres de service (d\u00e9crivant les actions de service sp\u00e9ciales recommand\u00e9es par les fabricants pour corriger un probl\u00e8me connu avec un \u00e9quipement).<\/li>\n<li>Conditions du site et environnementales.<\/li>\n<li>Mod\u00e8les d&#8217;utilisation, y compris toute information d\u00e9finie par l&#8217;utilisateur relative \u00e0 un produit que vous nous fournissez via une Offre Num\u00e9rique.<\/li>\n<\/ul>\n<h3>Comment nous pouvons collecter des donn\u00e9es<\/h3>\n<h4>Donn\u00e9es collect\u00e9es via votre utilisation de nos produits et\/ou services<\/h4>\n<p>Nous pouvons collecter des informations sur votre utilisation de nos Produits et\/ou Services. Par exemple : <\/p>\n<ul>\n<li><strong>Via les Plateformes \/ Applications \/ Appareils :<\/strong> Nous pouvons recevoir des informations directement via une liaison cellulaire ou satellite, ou une connexion radio ou Ethernet \u00e0 partir d&#8217;\u00e9quipements dot\u00e9s d&#8217;une Application ou d&#8217;un Appareil qui a \u00e9t\u00e9 pr\u00e9install\u00e9 ou install\u00e9 par nos soins, ce qui peut inclure des Donn\u00e9es Syst\u00e8me.<\/li>\n<li>Nous pourrions \u00e9galement recevoir des informations via votre utilisation de nos services d&#8217;authentification unique ; ces services nous permettront d&#8217;utiliser vos identifiants de connexion pour authentifier votre identit\u00e9 et vous offrir la possibilit\u00e9 de partager certaines informations personnelles avec nous.<\/li>\n<\/ul>\n<h4>Autres moyens de collecte d&#8217;informations<\/h4>\n<p>Nous pouvons \u00e9galement collecter d&#8217;autres informations vous concernant, concernant votre appareil ou votre utilisation des services, de la mani\u00e8re que nous vous d\u00e9crivons au moment de la collecte ou autrement avec votre consentement. Vous pouvez choisir de ne pas nous fournir certains types d&#8217;informations, mais cela pourrait affecter votre capacit\u00e9 \u00e0 utiliser certains produits et services. <\/p>\n<h4>Comment nous pouvons utiliser les informations<\/h4>\n<p>Nous pouvons utiliser les informations collect\u00e9es, entre autres, aux fins suivantes :<\/p>\n<h4>Pour vous fournir des services, \u00e0 vous et \u00e0 d&#8217;autres :<\/h4>\n<ul>\n<li>Pour vous permettre de surveiller l&#8217;\u00e9tat des \u00e9quipements, de compl\u00e9ter et d&#8217;ex\u00e9cuter les commandes, et de communiquer avec vous concernant votre achat ou la location d&#8217;\u00e9quipements et votre achat de pi\u00e8ces d&#8217;\u00e9quipements, et de vous fournir un service client connexe.<\/li>\n<li>Pour ex\u00e9cuter les accords de support client, effectuer la maintenance et les r\u00e9parations, et livrer les \u00e9quipements ou pi\u00e8ces lou\u00e9s.<\/li>\n<li>Pour faire des recommandations concernant la s\u00e9curit\u00e9, la sant\u00e9 et la maintenance des \u00e9quipements.<\/li>\n<li>Pour am\u00e9liorer la s\u00e9curit\u00e9 des op\u00e9rations des machines, notamment en suivant la proximit\u00e9 avec les \u00e9quipements ou d&#8217;autres objets.<\/li>\n<li>Pour permettre le d\u00e9pannage \u00e0 distance.<\/li>\n<li>Pour vous fournir des services et du contenu bas\u00e9s sur la localisation.<\/li>\n<\/ul>\n<h4>\u00c0 d&#8217;autres fins commerciales g\u00e9n\u00e9rales :<\/h4>\n<ul>\n<li>Pour mener des \u00e9tudes de march\u00e9.<\/li>\n<li>Pour effectuer des analyses de donn\u00e9es, des audits, am\u00e9liorer les produits, d\u00e9velopper de nouveaux produits, am\u00e9liorer ou modifier nos Offres Num\u00e9riques, identifier les tendances d&#8217;utilisation et exploiter et \u00e9tendre nos activit\u00e9s commerciales, ainsi que pour des analyses statistiques bas\u00e9es sur des donn\u00e9es agr\u00e9g\u00e9es et anonymis\u00e9es, telles que des rapports de benchmarking.<\/li>\n<li>Pour fournir des services aux clients, g\u00e9rer les flux de travail, surveiller les r\u00e9parations, pr\u00e9voir la maintenance et le service futurs, et r\u00e9soudre les probl\u00e8mes.<\/li>\n<li>Pour valider l&#8217;efficacit\u00e9 des recommandations, r\u00e9soudre les plaintes et ex\u00e9cuter les commandes.<\/li>\n<li>Pour g\u00e9rer l&#8217;inventaire des \u00e9quipements et des pi\u00e8ces afin de vous fournir des machines, des pi\u00e8ces et des services.<\/li>\n<li>Pour g\u00e9rer une flotte d&#8217;\u00e9quipements poss\u00e9d\u00e9s ou lou\u00e9s.<\/li>\n<li>Pour d\u00e9velopper des applications num\u00e9riques.<\/li>\n<\/ul>\n<h4>Comment nous pouvons divulguer des informations<\/h4>\n<p>Sauf indication contraire dans la pr\u00e9sente D\u00e9claration de gestion des donn\u00e9es d&#8217;\u00e9quipements, nous pouvons \u00e9galement divulguer des informations :<\/p>\n<ul>\n<li>\u00c0 nos soci\u00e9t\u00e9s affili\u00e9es, y compris nos distributeurs et repr\u00e9sentants commerciaux autoris\u00e9s, pour livrer les produits et services que vous avez demand\u00e9s.<\/li>\n<li>Aux propri\u00e9taires d&#8217;\u00e9quipements, pour leur permettre de g\u00e9rer l&#8217;utilisation de leurs \u00e9quipements.<\/li>\n<li>Aux fabricants de composants, pour leur permettre d&#8217;\u00e9tudier l&#8217;utilisation de leurs produits, d&#8217;am\u00e9liorer leurs produits et de d\u00e9velopper de nouveaux produits.<\/li>\n<li>Aux agents, prestataires de services et autres tiers sous contrat avec les propri\u00e9taires d&#8217;\u00e9quipements ou engag\u00e9s dans des affaires avec eux, qui ont la responsabilit\u00e9 de la gestion de l&#8217;\u00e9quipement.<\/li>\n<li>\u00c0 un tiers li\u00e9 en cas de r\u00e9organisation, fusion, vente, coentreprise, cession, transfert ou autre disposition de tout ou partie de nos activit\u00e9s, actifs ou actions (y compris en relation avec toute faillite ou proc\u00e9dure similaire).<\/li>\n<li>\u00c0 un tiers li\u00e9 en cas de r\u00e9organisation, fusion, vente, coentreprise, cession, transfert ou autre disposition de tout ou partie de nos activit\u00e9s, actifs ou actions (y compris en relation avec toute faillite ou proc\u00e9dure similaire).<\/li>\n<li>\u00c0 des destinataires suppl\u00e9mentaires, comme convenu entre vous et nous.<\/li>\n<\/ul>\n<h4>S\u00e9curit\u00e9<\/h4>\n<p>Nous avons mis en \u0153uvre des mesures organisationnelles, techniques et administratives raisonnables con\u00e7ues pour prot\u00e9ger les informations au sein de notre organisation. Malheureusement, aucun syst\u00e8me de transmission ou de stockage de donn\u00e9es ne peut \u00eatre garanti comme \u00e9tant 100 % s\u00e9curis\u00e9. Si vous avez des raisons de croire que votre interaction avec nous n&#8217;est plus s\u00e9curis\u00e9e (par exemple, si vous estimez que la s\u00e9curit\u00e9 de votre compte a \u00e9t\u00e9 compromise), veuillez nous en informer imm\u00e9diatement conform\u00e9ment \u00e0 la section \u00ab Nous contacter \u00bb ci-dessous.  <\/p>\n<h4>Mises \u00e0 jour de la pr\u00e9sente D\u00e9claration de gouvernance<\/h4>\n<p>Nous pouvons modifier la pr\u00e9sente D\u00e9claration de gestion des donn\u00e9es d&#8217;\u00e9quipements de temps \u00e0 autre et sans pr\u00e9avis. La mention \u00ab DERNI\u00c8RE MISE \u00c0 JOUR \u00bb en bas de cette page indique la date de la derni\u00e8re r\u00e9vision de la pr\u00e9sente D\u00e9claration de gestion des donn\u00e9es d&#8217;\u00e9quipements. <\/p>\n<p>Dans tous les cas et en toutes circonstances, nous collectons, utilisons et divulguons les donn\u00e9es uniquement d&#8217;une mani\u00e8re autoris\u00e9e par les lois et r\u00e9glementations applicables.<\/p>\n<h4>Annexe A<\/h4>\n<h4>Soci\u00e9t\u00e9s du Groupe Alimak<\/h4>\n<ul>\n<li>Alimak do Brasil Elevadores Ltda<\/li>\n<li>Alimak Group Australia Pty. Ltd <\/li>\n<li>Alimak Group Benelux BV Pays-Bas<\/li>\n<li>Alimak Group Benelux NV Belgique<\/li>\n<li>Alimak Group BMU (Shanghai) Co. Ltd <\/li>\n<li>Alimak Group Canada Ltd<\/li>\n<li>Alimak Group Denmark A\/S<\/li>\n<li>Alimak Group Deutschland GmbH<\/li>\n<li>Alimak Group France SAS<\/li>\n<li>Alimak Group Hong Kong Ltd<\/li>\n<li>Alimak Group India Pvt. Ltd <\/li>\n<li>Alimak Group Italy srl<\/li>\n<li>Alimak Group Korea Co. Ltd <\/li>\n<li>Alimak Group Malaysia Sdn. Bhd <\/li>\n<li>Alimak Group Management AB<\/li>\n<li>Alimak Group Manufacturing SL<\/li>\n<li>Alimak Group Norway AS<\/li>\n<li>Alimak Group Singapore Pte. Ltd <\/li>\n<li>Alimak Group Sweden AB<\/li>\n<li>Alimak Group Swiss AG<\/li>\n<li>Alimak Group UK Ltd<\/li>\n<li>Alimak Group USA Inc<\/li>\n<li>Alimak Group Vertical Access Equipment Co. Ltd <\/li>\n<li>Avanti Brasil Sistemas Eolicos Ltda<\/li>\n<li>Avanti Wind Eng. Tech. Guangdong Co Ltd  <\/li>\n<li>Avanti Wind Systems Co. Ltd. Shanghai  <\/li>\n<li>Avanti Wind Systems India Pvt. Ltd <\/li>\n<li>Avanti Wind Systems SL<\/li>\n<li>Avanti Wind Systems SL<\/li>\n<li>Avanti Wind Systems Techn. SL <\/li>\n<li>Cento Engineering Company Ltd.<\/li>\n<li>Cox Gomyl Macau Ltd.<\/li>\n<li>Cox Gomyl Operations SAU<\/li>\n<li>Cox Gomyl Shenzhen Co. Ltd <\/li>\n<li>EW Cox Middle East LLC<\/li>\n<li>James Hickey Industrial Traning School Ltd<\/li>\n<li>Manntech (HK) Ltd<\/li>\n<\/ul>\n<h4>O\u00f9 s&#8217;adresser pour toute question et information compl\u00e9mentaire<\/h4>\n<p>Pour toute question concernant cette d\u00e9claration, veuillez nous contacter par e-mail \u00e0 <a href=\"mailto:privacy@alimakgroup.com\">privacy@alimakgroup.com<\/a> ou par courrier ordinaire \u00e0 l&#8217;adresse ci-dessous : <\/p>\n<p>Alimak Group AB (publ)<br \/>\n\u00c0 l&#8217;attention du : Global Data Protection Manager<br \/>\nBlekholmstorget 30<br \/>\n111 64 Stockholm<\/p>\n<p>Derni\u00e8re modification : 7 janvier 2026<\/p>\n                <\/div>\n\n                            <\/main>\n        <\/div>\n    <\/div>\n<\/section>\n","protected":false},"excerpt":{"rendered":"<p>La pr\u00e9sente D\u00e9claration de gestion des donn\u00e9es d&#8217;\u00e9quipements d\u00e9crit les pratiques d&#8217;Alimak Group AB et de ses soci\u00e9t\u00e9s du Groupe,&#8230;<\/p>\n","protected":false},"author":2,"featured_media":0,"parent":0,"menu_order":0,"comment_status":"closed","ping_status":"closed","template":"","meta":{"_acf_changed":false,"footnotes":""},"class_list":["post-14032","page","type-page","status-publish","hentry"],"acf":[],"yoast_head":"<!-- This site is optimized with the Yoast SEO plugin v27.3 - https:\/\/yoast.com\/product\/yoast-seo-wordpress\/ -->\n<title>Gestion des donn\u00e9es d&#039;\u00e9quipements - Alimak<\/title>\n<meta name=\"robots\" content=\"index, follow, max-snippet:-1, max-image-preview:large, max-video-preview:-1\" \/>\n<link rel=\"canonical\" href=\"https:\/\/alimak.com\/fr\/gestion-des-donnees-dequipements\/\" \/>\n<meta property=\"og:locale\" content=\"fr_FR\" \/>\n<meta property=\"og:type\" content=\"article\" \/>\n<meta property=\"og:title\" content=\"Gestion des donn\u00e9es d&#039;\u00e9quipements - Alimak\" \/>\n<meta property=\"og:description\" content=\"La pr\u00e9sente D\u00e9claration de gestion des donn\u00e9es d&#039;\u00e9quipements d\u00e9crit les pratiques d&#039;Alimak Group AB et de ses soci\u00e9t\u00e9s du Groupe,...\" \/>\n<meta property=\"og:url\" content=\"https:\/\/alimak.com\/fr\/gestion-des-donnees-dequipements\/\" \/>\n<meta property=\"og:site_name\" content=\"Alimak\" \/>\n<meta property=\"article:modified_time\" content=\"2026-03-19T15:17:00+00:00\" \/>\n<meta name=\"twitter:card\" content=\"summary_large_image\" \/>\n<script type=\"application\/ld+json\" class=\"yoast-schema-graph\">{\"@context\":\"https:\\\/\\\/schema.org\",\"@graph\":[{\"@type\":\"WebPage\",\"@id\":\"https:\\\/\\\/alimak.com\\\/fr\\\/gestion-des-donnees-dequipements\\\/\",\"url\":\"https:\\\/\\\/alimak.com\\\/fr\\\/gestion-des-donnees-dequipements\\\/\",\"name\":\"Gestion des donn\u00e9es d'\u00e9quipements - Alimak\",\"isPartOf\":{\"@id\":\"https:\\\/\\\/alimak.com\\\/#website\"},\"datePublished\":\"2025-11-12T12:46:22+00:00\",\"dateModified\":\"2026-03-19T15:17:00+00:00\",\"breadcrumb\":{\"@id\":\"https:\\\/\\\/alimak.com\\\/fr\\\/gestion-des-donnees-dequipements\\\/#breadcrumb\"},\"inLanguage\":\"fr-FR\",\"potentialAction\":[{\"@type\":\"ReadAction\",\"target\":[\"https:\\\/\\\/alimak.com\\\/fr\\\/gestion-des-donnees-dequipements\\\/\"]}]},{\"@type\":\"BreadcrumbList\",\"@id\":\"https:\\\/\\\/alimak.com\\\/fr\\\/gestion-des-donnees-dequipements\\\/#breadcrumb\",\"itemListElement\":[{\"@type\":\"ListItem\",\"position\":1,\"name\":\"Home\",\"item\":\"https:\\\/\\\/alimak.com\\\/fr\\\/\"},{\"@type\":\"ListItem\",\"position\":2,\"name\":\"Gestion des donn\u00e9es d&#8217;\u00e9quipements\"}]},{\"@type\":\"WebSite\",\"@id\":\"https:\\\/\\\/alimak.com\\\/#website\",\"url\":\"https:\\\/\\\/alimak.com\\\/\",\"name\":\"Alimak\",\"description\":\"\",\"potentialAction\":[{\"@type\":\"SearchAction\",\"target\":{\"@type\":\"EntryPoint\",\"urlTemplate\":\"https:\\\/\\\/alimak.com\\\/?s={search_term_string}\"},\"query-input\":{\"@type\":\"PropertyValueSpecification\",\"valueRequired\":true,\"valueName\":\"search_term_string\"}}],\"inLanguage\":\"fr-FR\"}]}<\/script>\n<!-- \/ Yoast SEO plugin. -->","yoast_head_json":{"title":"Gestion des donn\u00e9es d'\u00e9quipements - Alimak","robots":{"index":"index","follow":"follow","max-snippet":"max-snippet:-1","max-image-preview":"max-image-preview:large","max-video-preview":"max-video-preview:-1"},"canonical":"https:\/\/alimak.com\/fr\/gestion-des-donnees-dequipements\/","og_locale":"fr_FR","og_type":"article","og_title":"Gestion des donn\u00e9es d'\u00e9quipements - Alimak","og_description":"La pr\u00e9sente D\u00e9claration de gestion des donn\u00e9es d'\u00e9quipements d\u00e9crit les pratiques d'Alimak Group AB et de ses soci\u00e9t\u00e9s du Groupe,...","og_url":"https:\/\/alimak.com\/fr\/gestion-des-donnees-dequipements\/","og_site_name":"Alimak","article_modified_time":"2026-03-19T15:17:00+00:00","twitter_card":"summary_large_image","schema":{"@context":"https:\/\/schema.org","@graph":[{"@type":"WebPage","@id":"https:\/\/alimak.com\/fr\/gestion-des-donnees-dequipements\/","url":"https:\/\/alimak.com\/fr\/gestion-des-donnees-dequipements\/","name":"Gestion des donn\u00e9es d'\u00e9quipements - Alimak","isPartOf":{"@id":"https:\/\/alimak.com\/#website"},"datePublished":"2025-11-12T12:46:22+00:00","dateModified":"2026-03-19T15:17:00+00:00","breadcrumb":{"@id":"https:\/\/alimak.com\/fr\/gestion-des-donnees-dequipements\/#breadcrumb"},"inLanguage":"fr-FR","potentialAction":[{"@type":"ReadAction","target":["https:\/\/alimak.com\/fr\/gestion-des-donnees-dequipements\/"]}]},{"@type":"BreadcrumbList","@id":"https:\/\/alimak.com\/fr\/gestion-des-donnees-dequipements\/#breadcrumb","itemListElement":[{"@type":"ListItem","position":1,"name":"Home","item":"https:\/\/alimak.com\/fr\/"},{"@type":"ListItem","position":2,"name":"Gestion des donn\u00e9es d&#8217;\u00e9quipements"}]},{"@type":"WebSite","@id":"https:\/\/alimak.com\/#website","url":"https:\/\/alimak.com\/","name":"Alimak","description":"","potentialAction":[{"@type":"SearchAction","target":{"@type":"EntryPoint","urlTemplate":"https:\/\/alimak.com\/?s={search_term_string}"},"query-input":{"@type":"PropertyValueSpecification","valueRequired":true,"valueName":"search_term_string"}}],"inLanguage":"fr-FR"}]}},"_links":{"self":[{"href":"https:\/\/alimak.com\/fr\/wp-json\/wp\/v2\/pages\/14032","targetHints":{"allow":["GET"]}}],"collection":[{"href":"https:\/\/alimak.com\/fr\/wp-json\/wp\/v2\/pages"}],"about":[{"href":"https:\/\/alimak.com\/fr\/wp-json\/wp\/v2\/types\/page"}],"author":[{"embeddable":true,"href":"https:\/\/alimak.com\/fr\/wp-json\/wp\/v2\/users\/2"}],"replies":[{"embeddable":true,"href":"https:\/\/alimak.com\/fr\/wp-json\/wp\/v2\/comments?post=14032"}],"version-history":[{"count":1,"href":"https:\/\/alimak.com\/fr\/wp-json\/wp\/v2\/pages\/14032\/revisions"}],"predecessor-version":[{"id":14033,"href":"https:\/\/alimak.com\/fr\/wp-json\/wp\/v2\/pages\/14032\/revisions\/14033"}],"wp:attachment":[{"href":"https:\/\/alimak.com\/fr\/wp-json\/wp\/v2\/media?parent=14032"}],"curies":[{"name":"wp","href":"https:\/\/api.w.org\/{rel}","templated":true}]}}