{"id":14179,"date":"2025-09-11T11:31:06","date_gmt":"2025-09-11T11:31:06","guid":{"rendered":"https:\/\/alimak.com\/formation-temporaire\/"},"modified":"2026-03-18T12:50:57","modified_gmt":"2026-03-18T12:50:57","slug":"formation-temporaire","status":"publish","type":"page","link":"https:\/\/alimak.com\/fr\/solutions-temporaires\/pieces-et-services-temporaire\/formation-temporaire\/","title":{"rendered":"Formation (temporaire)"},"content":{"rendered":"\n<section class=\"small-hero border-b bg-black border-darkGrey text-white pt-0 pb-0\">\n            <div class=\"relative\">\n            <div class=\"hero-overlay relative\">\n                                    <picture class=\"w-full\"><source media=\"(max-width:639px)\" srcset=\"https:\/\/images.ohmyhosting.se\/HGb7pkRvzAssewKcOjXm5uNgBJU=\/390x461\/smart\/filters:quality(85)\/https%3A%2F%2Falimak.com%2Fwp-content%2Fuploads%2F2025%2F11%2FAlimak-training.jpg 1x, https:\/\/images.ohmyhosting.se\/gXb7--lIJ_1DEUA4T0F1KvV3z1E=\/780x922\/smart\/filters:quality(85)\/https%3A%2F%2Falimak.com%2Fwp-content%2Fuploads%2F2025%2F11%2FAlimak-training.jpg 2x\"><source media=\"(max-width:1022px)\" srcset=\"https:\/\/images.ohmyhosting.se\/3i2HjA-4Z4Jipjb7vuvwUwiY54c=\/805x951\/smart\/filters:quality(85)\/https%3A%2F%2Falimak.com%2Fwp-content%2Fuploads%2F2025%2F11%2FAlimak-training.jpg 1x, https:\/\/images.ohmyhosting.se\/KuOBB-z0RPMxO9raCTPTMM92B_4=\/1610x1902\/smart\/filters:quality(85)\/https%3A%2F%2Falimak.com%2Fwp-content%2Fuploads%2F2025%2F11%2FAlimak-training.jpg 2x\"><img decoding=\"async\" src=\"https:\/\/images.ohmyhosting.se\/5vwgKn6rPTl6l8Sbc6Iht9KM3HM=\/2545x814\/smart\/filters:quality(85)\/https%3A%2F%2Falimak.com%2Fwp-content%2Fuploads%2F2025%2F11%2FAlimak-training.jpg\" srcset=\"https:\/\/images.ohmyhosting.se\/5vwgKn6rPTl6l8Sbc6Iht9KM3HM=\/2545x814\/smart\/filters:quality(85)\/https%3A%2F%2Falimak.com%2Fwp-content%2Fuploads%2F2025%2F11%2FAlimak-training.jpg 1x, https:\/\/images.ohmyhosting.se\/EnOxeHSyzou-QOv0td40_KYLkwA=\/5090x1628\/smart\/filters:quality(85)\/https%3A%2F%2Falimak.com%2Fwp-content%2Fuploads%2F2025%2F11%2FAlimak-training.jpg 2x\" alt=\"\" class=\"w-full object-cover w-full max-h-[90vh]\" width=\"2545\" height=\"814\" \/><\/picture>                            <\/div>\n            <div class=\"absolute inset-0 z-10 flex flex-col justify-end\">\n                <div class=\"holder\">\n                    <div class=\"grid grid-cols-12 gap-4 pb-16\">\n                        <div class=\"col-span-12 lg:col-span-7\">\n                                                    <p class=\"md:text-20 font-medium leading-[1.25] mb-1\">Solutions temporaires<\/p>\n                                                    <h1 class=\"text-28 md:text-52 leading-[1.3] lg:max-w-[625px]\"><p>Formation<\/p>\n<\/h1>\n                            <div class=\"wysiwyg pt-5 leading-[1.6] hidden lg:block lg:max-w-[512px]\"><p>Alimak propose une large gamme de cours de formation complets et axs sur la pratique, conus pour soutenir la scurit de lutilisation, de la maintenance et de linstallation des quipements daccs vertical Alimak. Ces programmes sont dvelopps pour doter les oprateurs, les techniciens et les quipes dinstallation des connaissances essentielles et des comptences pratiques ncessaires pour travailler avec assurance et efficacit avec nos solutions. <\/p>\n<\/div>\n                        <\/div>\n                    <\/div>\n                <\/div>\n            <\/div>\n        <\/div>\n                    <div class=\"lg:hidden py-12 border-b border-darkGrey\">\n                <div class=\"holder\">\n                    <div class=\"wysiwyg leading-[1.6]\"><p>Alimak propose une large gamme de cours de formation complets et axs sur la pratique, conus pour soutenir la scurit de lutilisation, de la maintenance et de linstallation des quipements daccs vertical Alimak. Ces programmes sont dvelopps pour doter les oprateurs, les techniciens et les quipes dinstallation des connaissances essentielles et des comptences pratiques ncessaires pour travailler avec assurance et efficacit avec nos solutions. <\/p>\n<\/div>\n                <\/div>\n            <\/div>\n        \n    <\/section>\n<section class=\"text-img bg-white text-black border-lightGrey   pt-6 lg:pt-12 pb-6 lg:pb-12\">\n    <div class=\"holder\">\n      <div class=\"grid grid-cols-12 gap-4 items-center\">\n        <div class=\"col-span-12 lg:col-span-6 2.5xl:col-span-8 \">\n                            <div class=\"text-img-overlay relative mb-8 md:mb-0 max-w-[852px] \">\n                    <picture class=\"w-full\"><source media=\"(max-width:639px)\" srcset=\"https:\/\/images.ohmyhosting.se\/s7RyfTxUwcbxIoKFU0fHtwdi9RQ=\/382x237\/smart\/filters:quality(85)\/https%3A%2F%2Falimak.com%2Fwp-content%2Fuploads%2F2026%2F01%2FAlimak_Training_6801-scaled-e1769615563544.jpg 1x, https:\/\/images.ohmyhosting.se\/KcbZULiQGzicrm3crDOqTpIT1CQ=\/764x474\/smart\/filters:quality(85)\/https%3A%2F%2Falimak.com%2Fwp-content%2Fuploads%2F2026%2F01%2FAlimak_Training_6801-scaled-e1769615563544.jpg 2x\"><source media=\"(max-width:1022px)\" srcset=\"https:\/\/images.ohmyhosting.se\/4w6DrQsrTUDJmQFX13UOULU5Oms=\/773x480\/smart\/filters:quality(85)\/https%3A%2F%2Falimak.com%2Fwp-content%2Fuploads%2F2026%2F01%2FAlimak_Training_6801-scaled-e1769615563544.jpg 1x, https:\/\/images.ohmyhosting.se\/8qijX6Gktb9QoTRrXdqvn7TbTq4=\/1546x960\/smart\/filters:quality(85)\/https%3A%2F%2Falimak.com%2Fwp-content%2Fuploads%2F2026%2F01%2FAlimak_Training_6801-scaled-e1769615563544.jpg 2x\"><img decoding=\"async\" src=\"https:\/\/images.ohmyhosting.se\/IUYl216weHwF6haDylUR7oG4cIE=\/852x530\/smart\/filters:quality(85)\/https%3A%2F%2Falimak.com%2Fwp-content%2Fuploads%2F2026%2F01%2FAlimak_Training_6801-scaled-e1769615563544.jpg\" srcset=\"https:\/\/images.ohmyhosting.se\/IUYl216weHwF6haDylUR7oG4cIE=\/852x530\/smart\/filters:quality(85)\/https%3A%2F%2Falimak.com%2Fwp-content%2Fuploads%2F2026%2F01%2FAlimak_Training_6801-scaled-e1769615563544.jpg 1x, https:\/\/images.ohmyhosting.se\/esPNVZs_XkyWhu2R01fIAxJWIwo=\/1704x1060\/smart\/filters:quality(85)\/https%3A%2F%2Falimak.com%2Fwp-content%2Fuploads%2F2026%2F01%2FAlimak_Training_6801-scaled-e1769615563544.jpg 2x\" alt=\"\" class=\"w-full w-full rounded-[12px] object-cover\" width=\"852\" height=\"530\" \/><\/picture>                                        <\/div>\n            \n        <\/div>\n        <div class=\"col-span-12 lg:col-span-6 2.5xl:col-span-4 flex flex-col justify-center \">\n            <div class=\"\">\n                                    <h2 class=\"text-24 md:text-36 leading-[1.3] font-medium mb-4\">Des parcours de formation complets avec une certification  chaque niveau<\/h2>\n                                                    <div class=\"wysiwyg leading-[1.6] text-numbersGrey\"><p><span data-teams=\"true\">En tant que leader de l\u2019industrie de l\u2019acc\u00e8s vertical, Alimak s\u2019engage \u00e0 fournir une formation qui pr\u00e9pare vos \u00e9quipes aux conditions r\u00e9elles. D\u00e9velopp\u00e9s en collaboration avec les principales organisations de s\u00e9curit\u00e9 et de l\u2019industrie, nos cours respectent ou d\u00e9passent les exigences r\u00e9glementaires et se concentrent sur un apprentissage pratique utilisant de v\u00e9ritables \u00e9quipements Alimak, et non seulement de la th\u00e9orie. Les participants acqui\u00e8rent une exp\u00e9rience directe avec le mat\u00e9riel r\u00e9el, sont \u00e9valu\u00e9s sur leurs comp\u00e9tences pratiques et th\u00e9oriques, et re\u00e7oivent une certification \u00e0 chaque niveau, garantissant qu\u2019ils sont comp\u00e9tents, confiants et pr\u00eats \u00e0 travailler en toute s\u00e9curit\u00e9 d\u00e8s le premier jour.<\/span><\/p>\n<p>Visitez le site web de formation d\u2019Alimak Group pour consulter les cours disponibles pour votre produit Alimak.<\/p>\n<\/div>\n                                                    <div class=\"mt-8\">\n                        <a class=\"btn black\" href=\"https:\/\/learningstore.alimakgroup.com\/?categories=e32f5f3e-f550-4fd8-8d93-8f66e1e17ddd&#038;orderBy=createdDateDesc&#038;page=1\" target=\"_blank\">\n                            <span>Trouver le bon cours<\/span>\n                            <span>\n                                                                    <svg width=\"18\" height=\"18\" viewBox=\"0 0 18 18\" fill=\"none\" xmlns=\"http:\/\/www.w3.org\/2000\/svg\">\n                                    <path class=\"stroke-white\" d=\"M13.5 9.75098V14.251C13.5 14.6488 13.342 15.0303 13.0607 15.3116C12.7794 15.5929 12.3978 15.751 12 15.751H3.75C3.35218 15.751 2.97064 15.5929 2.68934 15.3116C2.40804 15.0303 2.25 14.6488 2.25 14.251V6.00098C2.25 5.60315 2.40804 5.22162 2.68934 4.94032C2.97064 4.65901 3.35218 4.50098 3.75 4.50098H8.25\" stroke=\"white\" stroke-width=\"1.5\" stroke-linejoin=\"round\"\/>\n                                    <path class=\"stroke-white\" d=\"M11.25 2.25098H15.75V6.75098\" stroke=\"white\" stroke-width=\"1.5\" stroke-linejoin=\"round\"\/>\n                                    <path class=\"stroke-white\" d=\"M7.50073 10.501L15.7507 2.25098\" stroke=\"white\" stroke-width=\"1.5\" stroke-linejoin=\"round\"\/>\n                                    <\/svg>\n                                                            <\/span>\n                        <\/a>\n                    <\/div>\n                            <\/div>\n        <\/div>\n      <\/div>\n    <\/div>\n<\/section>\n\n<section class=\"cta-banner bg-black text-white  pt-0 pb-6 lg:pb-12\">\n    <div class=\"relative\">\n                    <div class=\"cta-banner-overlay relative\">\n                <picture class=\"w-full\"><source media=\"(max-width:639px)\" srcset=\"https:\/\/images.ohmyhosting.se\/830LuN8tJnlhxBlrnP81Cn_re_Q=\/399x377\/smart\/filters:quality(85)\/https%3A%2F%2Falimak.com%2Fwp-content%2Fuploads%2F2025%2F09%2Fd2291df879d3d9219aa41f082605eabd3250e5e9.jpg 1x, https:\/\/images.ohmyhosting.se\/hU69TdXunvGuEgABsWLfplJ9_PU=\/798x754\/smart\/filters:quality(85)\/https%3A%2F%2Falimak.com%2Fwp-content%2Fuploads%2F2025%2F09%2Fd2291df879d3d9219aa41f082605eabd3250e5e9.jpg 2x\"><source media=\"(max-width:1022px)\" srcset=\"https:\/\/images.ohmyhosting.se\/sUTJ0HNsfwEJpnAiEjhFWb9u1pw=\/805x760\/smart\/filters:quality(85)\/https%3A%2F%2Falimak.com%2Fwp-content%2Fuploads%2F2025%2F09%2Fd2291df879d3d9219aa41f082605eabd3250e5e9.jpg 1x, https:\/\/images.ohmyhosting.se\/mrEIaFoAUgmLUkHNnjAqabwhsRU=\/1610x1520\/smart\/filters:quality(85)\/https%3A%2F%2Falimak.com%2Fwp-content%2Fuploads%2F2025%2F09%2Fd2291df879d3d9219aa41f082605eabd3250e5e9.jpg 2x\"><img decoding=\"async\" src=\"https:\/\/images.ohmyhosting.se\/RHe0oE3TlTETH41w2OoXpWjHYH8=\/2545x1053\/smart\/filters:quality(85)\/https%3A%2F%2Falimak.com%2Fwp-content%2Fuploads%2F2025%2F09%2Fd2291df879d3d9219aa41f082605eabd3250e5e9.jpg\" srcset=\"https:\/\/images.ohmyhosting.se\/RHe0oE3TlTETH41w2OoXpWjHYH8=\/2545x1053\/smart\/filters:quality(85)\/https%3A%2F%2Falimak.com%2Fwp-content%2Fuploads%2F2025%2F09%2Fd2291df879d3d9219aa41f082605eabd3250e5e9.jpg 1x, https:\/\/images.ohmyhosting.se\/AdhHQjA7d3yK0NqyO3xGggVMQX4=\/5090x2106\/smart\/filters:quality(85)\/https%3A%2F%2Falimak.com%2Fwp-content%2Fuploads%2F2025%2F09%2Fd2291df879d3d9219aa41f082605eabd3250e5e9.jpg 2x\" alt=\"\" class=\"w-full w-full h-full object-cover\" width=\"2545\" height=\"1053\" \/><\/picture>            <\/div>\n                <div class=\"absolute inset-0 z-[2]\">\n            <div class=\"holder\">\n                <div class=\"grid grid-cols-12 gap-4\">\n                    <div class=\"col-span-12 lg:col-span-6 lg:col-start-7 pt-16\">\n                        <h3 class=\"text-28 md:text-44 lg:max-w-[500px] leading-tight\">Contactez-nous pour plus d&#8217;informations ou un devis<\/h3>\n                                                    <div class=\"mt-8\">\n                                <a class=\"btn\" href=\"https:\/\/alimak.com\/fr\/nous-contacter\/\" target=\"\">\n                                    <span>Nous contacter<\/span>\n                                    <span>\n                                        <svg width=\"24\" height=\"11\" viewBox=\"0 0 24 11\" fill=\"none\" xmlns=\"http:\/\/www.w3.org\/2000\/svg\">\n                                        <path d=\"M0 5.5H22\" stroke=\"black\" stroke-width=\"1.5\"\/>\n                                        <path d=\"M17.5 1L22 5.5L17.5 10\" stroke=\"black\" stroke-width=\"1.5\"\/>\n                                        <\/svg>\n                                    <\/span>\n                                <\/a>\n                            <\/div>\n                                            <\/div>\n                <\/div>\n            <\/div>\n        <\/div>\n    <\/div>\n<\/section>\n","protected":false},"excerpt":{"rendered":"<p>Alimak propose une large gamme de cours de formation complets et axs sur la pratique, conus pour soutenir la scurit&#8230;<\/p>\n","protected":false},"author":1,"featured_media":0,"parent":14781,"menu_order":0,"comment_status":"closed","ping_status":"closed","template":"","meta":{"_acf_changed":false,"footnotes":""},"class_list":["post-14179","page","type-page","status-publish","hentry"],"acf":[],"yoast_head":"<!-- This site is optimized with the Yoast SEO plugin v27.3 - https:\/\/yoast.com\/product\/yoast-seo-wordpress\/ -->\n<title>Formation (temporaire) - Alimak<\/title>\n<meta name=\"robots\" content=\"index, follow, max-snippet:-1, max-image-preview:large, max-video-preview:-1\" \/>\n<link rel=\"canonical\" href=\"https:\/\/alimak.com\/fr\/solutions-temporaires\/pieces-et-services-temporaire\/formation-temporaire\/\" \/>\n<meta property=\"og:locale\" content=\"fr_FR\" \/>\n<meta property=\"og:type\" content=\"article\" \/>\n<meta property=\"og:title\" content=\"Formation (temporaire) - Alimak\" \/>\n<meta property=\"og:description\" content=\"Alimak propose une large gamme de cours de formation complets et axs sur la pratique, conus pour soutenir la scurit...\" \/>\n<meta property=\"og:url\" content=\"https:\/\/alimak.com\/fr\/solutions-temporaires\/pieces-et-services-temporaire\/formation-temporaire\/\" \/>\n<meta property=\"og:site_name\" content=\"Alimak\" \/>\n<meta property=\"article:modified_time\" content=\"2026-03-18T12:50:57+00:00\" \/>\n<meta name=\"twitter:card\" content=\"summary_large_image\" \/>\n<script type=\"application\/ld+json\" class=\"yoast-schema-graph\">{\"@context\":\"https:\\\/\\\/schema.org\",\"@graph\":[{\"@type\":\"WebPage\",\"@id\":\"https:\\\/\\\/alimak.com\\\/fr\\\/solutions-temporaires\\\/pieces-et-services-temporaire\\\/formation-temporaire\\\/\",\"url\":\"https:\\\/\\\/alimak.com\\\/fr\\\/solutions-temporaires\\\/pieces-et-services-temporaire\\\/formation-temporaire\\\/\",\"name\":\"Formation (temporaire) - Alimak\",\"isPartOf\":{\"@id\":\"https:\\\/\\\/alimak.com\\\/#website\"},\"datePublished\":\"2025-09-11T11:31:06+00:00\",\"dateModified\":\"2026-03-18T12:50:57+00:00\",\"breadcrumb\":{\"@id\":\"https:\\\/\\\/alimak.com\\\/fr\\\/solutions-temporaires\\\/pieces-et-services-temporaire\\\/formation-temporaire\\\/#breadcrumb\"},\"inLanguage\":\"fr-FR\",\"potentialAction\":[{\"@type\":\"ReadAction\",\"target\":[\"https:\\\/\\\/alimak.com\\\/fr\\\/solutions-temporaires\\\/pieces-et-services-temporaire\\\/formation-temporaire\\\/\"]}]},{\"@type\":\"BreadcrumbList\",\"@id\":\"https:\\\/\\\/alimak.com\\\/fr\\\/solutions-temporaires\\\/pieces-et-services-temporaire\\\/formation-temporaire\\\/#breadcrumb\",\"itemListElement\":[{\"@type\":\"ListItem\",\"position\":1,\"name\":\"Home\",\"item\":\"https:\\\/\\\/alimak.com\\\/fr\\\/\"},{\"@type\":\"ListItem\",\"position\":2,\"name\":\"Solutions temporaires\",\"item\":\"https:\\\/\\\/alimak.com\\\/fr\\\/solutions-temporaires\\\/\"},{\"@type\":\"ListItem\",\"position\":3,\"name\":\"Pi\u00e8ces et services (temporaire)\",\"item\":\"https:\\\/\\\/alimak.com\\\/fr\\\/solutions-temporaires\\\/pieces-et-services-temporaire\\\/\"},{\"@type\":\"ListItem\",\"position\":4,\"name\":\"Formation (temporaire)\"}]},{\"@type\":\"WebSite\",\"@id\":\"https:\\\/\\\/alimak.com\\\/#website\",\"url\":\"https:\\\/\\\/alimak.com\\\/\",\"name\":\"Alimak\",\"description\":\"\",\"potentialAction\":[{\"@type\":\"SearchAction\",\"target\":{\"@type\":\"EntryPoint\",\"urlTemplate\":\"https:\\\/\\\/alimak.com\\\/?s={search_term_string}\"},\"query-input\":{\"@type\":\"PropertyValueSpecification\",\"valueRequired\":true,\"valueName\":\"search_term_string\"}}],\"inLanguage\":\"fr-FR\"}]}<\/script>\n<!-- \/ Yoast SEO plugin. -->","yoast_head_json":{"title":"Formation (temporaire) - Alimak","robots":{"index":"index","follow":"follow","max-snippet":"max-snippet:-1","max-image-preview":"max-image-preview:large","max-video-preview":"max-video-preview:-1"},"canonical":"https:\/\/alimak.com\/fr\/solutions-temporaires\/pieces-et-services-temporaire\/formation-temporaire\/","og_locale":"fr_FR","og_type":"article","og_title":"Formation (temporaire) - Alimak","og_description":"Alimak propose une large gamme de cours de formation complets et axs sur la pratique, conus pour soutenir la scurit...","og_url":"https:\/\/alimak.com\/fr\/solutions-temporaires\/pieces-et-services-temporaire\/formation-temporaire\/","og_site_name":"Alimak","article_modified_time":"2026-03-18T12:50:57+00:00","twitter_card":"summary_large_image","schema":{"@context":"https:\/\/schema.org","@graph":[{"@type":"WebPage","@id":"https:\/\/alimak.com\/fr\/solutions-temporaires\/pieces-et-services-temporaire\/formation-temporaire\/","url":"https:\/\/alimak.com\/fr\/solutions-temporaires\/pieces-et-services-temporaire\/formation-temporaire\/","name":"Formation (temporaire) - Alimak","isPartOf":{"@id":"https:\/\/alimak.com\/#website"},"datePublished":"2025-09-11T11:31:06+00:00","dateModified":"2026-03-18T12:50:57+00:00","breadcrumb":{"@id":"https:\/\/alimak.com\/fr\/solutions-temporaires\/pieces-et-services-temporaire\/formation-temporaire\/#breadcrumb"},"inLanguage":"fr-FR","potentialAction":[{"@type":"ReadAction","target":["https:\/\/alimak.com\/fr\/solutions-temporaires\/pieces-et-services-temporaire\/formation-temporaire\/"]}]},{"@type":"BreadcrumbList","@id":"https:\/\/alimak.com\/fr\/solutions-temporaires\/pieces-et-services-temporaire\/formation-temporaire\/#breadcrumb","itemListElement":[{"@type":"ListItem","position":1,"name":"Home","item":"https:\/\/alimak.com\/fr\/"},{"@type":"ListItem","position":2,"name":"Solutions temporaires","item":"https:\/\/alimak.com\/fr\/solutions-temporaires\/"},{"@type":"ListItem","position":3,"name":"Pi\u00e8ces et services (temporaire)","item":"https:\/\/alimak.com\/fr\/solutions-temporaires\/pieces-et-services-temporaire\/"},{"@type":"ListItem","position":4,"name":"Formation (temporaire)"}]},{"@type":"WebSite","@id":"https:\/\/alimak.com\/#website","url":"https:\/\/alimak.com\/","name":"Alimak","description":"","potentialAction":[{"@type":"SearchAction","target":{"@type":"EntryPoint","urlTemplate":"https:\/\/alimak.com\/?s={search_term_string}"},"query-input":{"@type":"PropertyValueSpecification","valueRequired":true,"valueName":"search_term_string"}}],"inLanguage":"fr-FR"}]}},"_links":{"self":[{"href":"https:\/\/alimak.com\/fr\/wp-json\/wp\/v2\/pages\/14179","targetHints":{"allow":["GET"]}}],"collection":[{"href":"https:\/\/alimak.com\/fr\/wp-json\/wp\/v2\/pages"}],"about":[{"href":"https:\/\/alimak.com\/fr\/wp-json\/wp\/v2\/types\/page"}],"author":[{"embeddable":true,"href":"https:\/\/alimak.com\/fr\/wp-json\/wp\/v2\/users\/1"}],"replies":[{"embeddable":true,"href":"https:\/\/alimak.com\/fr\/wp-json\/wp\/v2\/comments?post=14179"}],"version-history":[{"count":1,"href":"https:\/\/alimak.com\/fr\/wp-json\/wp\/v2\/pages\/14179\/revisions"}],"predecessor-version":[{"id":14182,"href":"https:\/\/alimak.com\/fr\/wp-json\/wp\/v2\/pages\/14179\/revisions\/14182"}],"up":[{"embeddable":true,"href":"https:\/\/alimak.com\/fr\/wp-json\/wp\/v2\/pages\/14781"}],"wp:attachment":[{"href":"https:\/\/alimak.com\/fr\/wp-json\/wp\/v2\/media?parent=14179"}],"curies":[{"name":"wp","href":"https:\/\/api.w.org\/{rel}","templated":true}]}}