{"id":14823,"date":"2026-02-04T10:30:50","date_gmt":"2026-02-04T10:30:50","guid":{"rendered":"https:\/\/alimak.com\/solutions-temporaires\/services-numeriques-temporaire\/galerie-bim-temporaire\/"},"modified":"2026-03-18T12:52:12","modified_gmt":"2026-03-18T12:52:12","slug":"galerie-bim-temporaire","status":"publish","type":"page","link":"https:\/\/alimak.com\/fr\/solutions-temporaires\/services-numeriques-temporaire\/galerie-bim-temporaire\/","title":{"rendered":"Galerie BIM (temporaire)"},"content":{"rendered":"\n<section class=\"small-hero border-b bg-black border-darkGrey text-white pt-0 pb-0\">\n            <div class=\"relative\">\n            <div class=\"hero-overlay relative\">\n                                    <picture class=\"w-full\"><source media=\"(max-width:639px)\" srcset=\"https:\/\/images.ohmyhosting.se\/ep0OtU2W2ArqvGVza75sukK3eR4=\/390x461\/smart\/filters:quality(85)\/https%3A%2F%2Falimak.com%2Fwp-content%2Fuploads%2F2026%2F02%2Fbim-gallery-2.png 1x, https:\/\/images.ohmyhosting.se\/0uKy25YrYK94PZ72Dc7ApmYOCMU=\/780x922\/smart\/filters:quality(85)\/https%3A%2F%2Falimak.com%2Fwp-content%2Fuploads%2F2026%2F02%2Fbim-gallery-2.png 2x\"><source media=\"(max-width:1022px)\" srcset=\"https:\/\/images.ohmyhosting.se\/aS_4lEXU7YSkmYvTLr6hvvlBh4Q=\/805x951\/smart\/filters:quality(85)\/https%3A%2F%2Falimak.com%2Fwp-content%2Fuploads%2F2026%2F02%2Fbim-gallery-2.png 1x, https:\/\/images.ohmyhosting.se\/Qm1ahY0VqqV-8RZtFVmSQO4Y2QY=\/1610x1902\/smart\/filters:quality(85)\/https%3A%2F%2Falimak.com%2Fwp-content%2Fuploads%2F2026%2F02%2Fbim-gallery-2.png 2x\"><img decoding=\"async\" src=\"https:\/\/images.ohmyhosting.se\/ZaXu1W_d97ytFaRWo5go8zL5nio=\/2545x814\/smart\/filters:quality(85)\/https%3A%2F%2Falimak.com%2Fwp-content%2Fuploads%2F2026%2F02%2Fbim-gallery-2.png\" srcset=\"https:\/\/images.ohmyhosting.se\/ZaXu1W_d97ytFaRWo5go8zL5nio=\/2545x814\/smart\/filters:quality(85)\/https%3A%2F%2Falimak.com%2Fwp-content%2Fuploads%2F2026%2F02%2Fbim-gallery-2.png 1x, https:\/\/images.ohmyhosting.se\/GhldEhpi2c-wsS-fN9lrh9G3gCI=\/5090x1628\/smart\/filters:quality(85)\/https%3A%2F%2Falimak.com%2Fwp-content%2Fuploads%2F2026%2F02%2Fbim-gallery-2.png 2x\" alt=\"\" class=\"w-full object-cover w-full max-h-[90vh]\" width=\"2545\" height=\"814\" \/><\/picture>                            <\/div>\n            <div class=\"absolute inset-0 z-10 flex flex-col justify-end\">\n                <div class=\"holder\">\n                    <div class=\"grid grid-cols-12 gap-4 pb-16\">\n                        <div class=\"col-span-12 lg:col-span-7\">\n                                                    <p class=\"md:text-20 font-medium leading-[1.25] mb-1\">Solutions temporaires<\/p>\n                                                    <h1 class=\"text-28 md:text-52 leading-[1.3] lg:max-w-[625px]\"><p>Planifiez mieux, construisez plus intelligemment \u2013 Explorez la galerie BIM 3D dAlimak<\/p>\n<\/h1>\n                            <div class=\"wysiwyg pt-5 leading-[1.6] hidden lg:block lg:max-w-[512px]\"><p>Gagnez du temps pour trouver la solution dacc\u00e8s vertical adapt\u00e9e \u00e0 votre projet. Notre gamme de fichiers dobjets Building Information Modelling (BIM) vous permet de comparer et de s\u00e9lectionner la solution dacc\u00e8s la plus appropri\u00e9e \u00e0 vos besoins \u2013 d\u00e8s le d\u00e9marrage dun projet et tout au long de son cycle de vie. <\/p>\n<\/div>\n                        <\/div>\n                    <\/div>\n                <\/div>\n            <\/div>\n        <\/div>\n                    <div class=\"lg:hidden py-12 border-b border-darkGrey\">\n                <div class=\"holder\">\n                    <div class=\"wysiwyg leading-[1.6]\"><p>Gagnez du temps pour trouver la solution dacc\u00e8s vertical adapt\u00e9e \u00e0 votre projet. Notre gamme de fichiers dobjets Building Information Modelling (BIM) vous permet de comparer et de s\u00e9lectionner la solution dacc\u00e8s la plus appropri\u00e9e \u00e0 vos besoins \u2013 d\u00e8s le d\u00e9marrage dun projet et tout au long de son cycle de vie. <\/p>\n<\/div>\n                <\/div>\n            <\/div>\n        \n    <\/section>\n<section class=\"text-img bg-white text-black border-lightGrey   pt-12 lg:pt-24 pb-12 lg:pb-24\">\n    <div class=\"holder\">\n      <div class=\"grid grid-cols-12 gap-4 items-center\">\n        <div class=\"col-span-12 lg:col-span-6 2.5xl:col-span-8 \">\n                            <div class=\"text-img-overlay relative mb-8 md:mb-0 max-w-[852px] \">\n                    <picture class=\"w-full\"><source media=\"(max-width:639px)\" srcset=\"https:\/\/images.ohmyhosting.se\/Mb3NA9Zl60Md7Zo3I0ad7DXWbSQ=\/382x237\/smart\/filters:quality(85)\/https%3A%2F%2Falimak.com%2Fwp-content%2Fuploads%2F2026%2F02%2Fbim-gallery-4.png 1x, https:\/\/images.ohmyhosting.se\/9ofdsYFsp0nSWkykNVvrMoG0zMk=\/764x474\/smart\/filters:quality(85)\/https%3A%2F%2Falimak.com%2Fwp-content%2Fuploads%2F2026%2F02%2Fbim-gallery-4.png 2x\"><source media=\"(max-width:1022px)\" srcset=\"https:\/\/images.ohmyhosting.se\/j8IGdHs-N4D73FDNrpdgAR7I6zg=\/773x480\/smart\/filters:quality(85)\/https%3A%2F%2Falimak.com%2Fwp-content%2Fuploads%2F2026%2F02%2Fbim-gallery-4.png 1x, https:\/\/images.ohmyhosting.se\/L-mRfnaAFP3zS7hG11hxUw-Zvx8=\/1546x960\/smart\/filters:quality(85)\/https%3A%2F%2Falimak.com%2Fwp-content%2Fuploads%2F2026%2F02%2Fbim-gallery-4.png 2x\"><img decoding=\"async\" src=\"https:\/\/images.ohmyhosting.se\/Swu7CD1TJdXZFwq7nXNNvgF__so=\/852x530\/smart\/filters:quality(85)\/https%3A%2F%2Falimak.com%2Fwp-content%2Fuploads%2F2026%2F02%2Fbim-gallery-4.png\" srcset=\"https:\/\/images.ohmyhosting.se\/Swu7CD1TJdXZFwq7nXNNvgF__so=\/852x530\/smart\/filters:quality(85)\/https%3A%2F%2Falimak.com%2Fwp-content%2Fuploads%2F2026%2F02%2Fbim-gallery-4.png 1x, https:\/\/images.ohmyhosting.se\/Pe7hESqBFDrvm4YHAY6gidGhzlk=\/1704x1060\/smart\/filters:quality(85)\/https%3A%2F%2Falimak.com%2Fwp-content%2Fuploads%2F2026%2F02%2Fbim-gallery-4.png 2x\" alt=\"\" class=\"w-full w-full rounded-[12px] object-cover\" width=\"852\" height=\"530\" \/><\/picture>                                        <\/div>\n            \n        <\/div>\n        <div class=\"col-span-12 lg:col-span-6 2.5xl:col-span-4 flex flex-col justify-center \">\n            <div class=\"\">\n                                    <h2 class=\"text-24 md:text-36 leading-[1.3] font-medium mb-4\">Optimisez la planification de vos projets gr\u00e2ce \u00e0 des mod\u00e8les BIM 3D configurables<\/h2>\n                                                    <div class=\"wysiwyg leading-[1.6] text-numbersGrey\"><div>\n<p>La galerie BIM dAlimak propose des mod\u00e8les 3D d\u00e9taill\u00e9s de nos monte-charges de chantier, plateformes de travail sur m\u00e2t et plateformes de transport. Chaque mod\u00e8le int\u00e8gre des donn\u00e9es cl\u00e9s telles que la capacit\u00e9, la vitesse et les exigences dencombrement. Les mod\u00e8les peuvent \u00eatre configur\u00e9s selon les besoins de votre projet, notamment la taille, la hauteur de levage, la zone de d\u00e9pose et les connexions au b\u00e2timent ou \u00e0 la structure.  <\/p>\n<p>En int\u00e9grant nos mod\u00e8les BIM d\u00e8s le d\u00e9but de votre phase de planification, vous pouvez simuler lutilisation des \u00e9quipements, optimiser les implantations et r\u00e9duire les risques de conception, souvent difficiles \u00e0 identifier dans un environnement 2D traditionnel.<\/p>\n<\/div>\n<\/div>\n                                                    <div class=\"mt-8\">\n                        <a class=\"btn black\" href=\"https:\/\/bimgallery.alimak.com\/bim\/division\/construction\" target=\"_blank\">\n                            <span>Explorer la galerie BIM<\/span>\n                            <span>\n                                                                    <svg width=\"18\" height=\"18\" viewBox=\"0 0 18 18\" fill=\"none\" xmlns=\"http:\/\/www.w3.org\/2000\/svg\">\n                                    <path class=\"stroke-white\" d=\"M13.5 9.75098V14.251C13.5 14.6488 13.342 15.0303 13.0607 15.3116C12.7794 15.5929 12.3978 15.751 12 15.751H3.75C3.35218 15.751 2.97064 15.5929 2.68934 15.3116C2.40804 15.0303 2.25 14.6488 2.25 14.251V6.00098C2.25 5.60315 2.40804 5.22162 2.68934 4.94032C2.97064 4.65901 3.35218 4.50098 3.75 4.50098H8.25\" stroke=\"white\" stroke-width=\"1.5\" stroke-linejoin=\"round\"\/>\n                                    <path class=\"stroke-white\" d=\"M11.25 2.25098H15.75V6.75098\" stroke=\"white\" stroke-width=\"1.5\" stroke-linejoin=\"round\"\/>\n                                    <path class=\"stroke-white\" d=\"M7.50073 10.501L15.7507 2.25098\" stroke=\"white\" stroke-width=\"1.5\" stroke-linejoin=\"round\"\/>\n                                    <\/svg>\n                                                            <\/span>\n                        <\/a>\n                    <\/div>\n                            <\/div>\n        <\/div>\n      <\/div>\n    <\/div>\n<\/section>\n\n<section class=\"benefits bg-white text-black border-lightGrey pt-6 lg:pt-12 pb-6 lg:pb-12 \">\n    <div class=\"holder\">\n        <h2 class=\"text-24 md:text-36 font-medium leading-[1.3] mb-12\">Principaux avantages<\/h2>\n                    <div class=\"grid grid-cols-12 gap-x-4 gap-y-12\">\n                                    <div class=\"col-span-12 md:col-span-6 flex md:pr-10 lg:pr-20\">\n                                                    <div class=\"w-[60px] h-[60px] md:w-[92px] md:h-[92px] shrink-0 border-lightGrey border border mr-8 rounded-full flex items-center justify-center\">\n                                <img decoding=\"async\" class=\"max-h-[28px] md:max-h-[44px]\" src=\"https:\/\/alimak.com\/wp-content\/uploads\/2025\/09\/Shape.svg\" alt=\"\">\n                            <\/div>\n                                                <div>\n                            <h3 class=\"text-18 md:text-26 font-medium leading-[1.25] pb-3.5 border-b mb-3.5 border-lightGrey\">Collaboration et coordination renforc\u00e9es<\/h3>\n                            <div class=\"text-14 md:text-base leading-[1.6] wysiwyg\"><\/div>\n                        <\/div>\n                    <\/div>\n                                    <div class=\"col-span-12 md:col-span-6 flex md:pr-10 lg:pr-20\">\n                                                    <div class=\"w-[60px] h-[60px] md:w-[92px] md:h-[92px] shrink-0 border-lightGrey border border mr-8 rounded-full flex items-center justify-center\">\n                                <img decoding=\"async\" class=\"max-h-[28px] md:max-h-[44px]\" src=\"https:\/\/alimak.com\/wp-content\/uploads\/2025\/09\/Shape.svg\" alt=\"\">\n                            <\/div>\n                                                <div>\n                            <h3 class=\"text-18 md:text-26 font-medium leading-[1.25] pb-3.5 border-b mb-3.5 border-lightGrey\">Permettre une prise de d\u00e9cision fond\u00e9e sur les donn\u00e9es<\/h3>\n                            <div class=\"text-14 md:text-base leading-[1.6] wysiwyg\"><\/div>\n                        <\/div>\n                    <\/div>\n                                    <div class=\"col-span-12 md:col-span-6 flex md:pr-10 lg:pr-20\">\n                                                    <div class=\"w-[60px] h-[60px] md:w-[92px] md:h-[92px] shrink-0 border-lightGrey border border mr-8 rounded-full flex items-center justify-center\">\n                                <img decoding=\"async\" class=\"max-h-[28px] md:max-h-[44px]\" src=\"https:\/\/alimak.com\/wp-content\/uploads\/2025\/09\/Shape.svg\" alt=\"\">\n                            <\/div>\n                                                <div>\n                            <h3 class=\"text-18 md:text-26 font-medium leading-[1.25] pb-3.5 border-b mb-3.5 border-lightGrey\">D\u00e9tection des interf\u00e9rences et att\u00e9nuation des risques<\/h3>\n                            <div class=\"text-14 md:text-base leading-[1.6] wysiwyg\"><\/div>\n                        <\/div>\n                    <\/div>\n                                    <div class=\"col-span-12 md:col-span-6 flex md:pr-10 lg:pr-20\">\n                                                    <div class=\"w-[60px] h-[60px] md:w-[92px] md:h-[92px] shrink-0 border-lightGrey border border mr-8 rounded-full flex items-center justify-center\">\n                                <img decoding=\"async\" class=\"max-h-[28px] md:max-h-[44px]\" src=\"https:\/\/alimak.com\/wp-content\/uploads\/2025\/09\/Shape.svg\" alt=\"\">\n                            <\/div>\n                                                <div>\n                            <h3 class=\"text-18 md:text-26 font-medium leading-[1.25] pb-3.5 border-b mb-3.5 border-lightGrey\">Rationalisez votre processus de conception avec le BIM<\/h3>\n                            <div class=\"text-14 md:text-base leading-[1.6] wysiwyg\"><\/div>\n                        <\/div>\n                    <\/div>\n                            <\/div>\n            <\/div>\n<\/section>\n","protected":false},"excerpt":{"rendered":"<p>Gagnez du temps pour trouver la solution dacc\u00e8s vertical adapt\u00e9e \u00e0 votre projet. Notre gamme de fichiers dobjets Building Information&#8230;<\/p>\n","protected":false},"author":2,"featured_media":0,"parent":14789,"menu_order":0,"comment_status":"closed","ping_status":"closed","template":"","meta":{"_acf_changed":false,"footnotes":""},"class_list":["post-14823","page","type-page","status-publish","hentry"],"acf":[],"yoast_head":"<!-- This site is optimized with the Yoast SEO plugin v27.3 - https:\/\/yoast.com\/product\/yoast-seo-wordpress\/ -->\n<title>Galerie BIM (temporaire) - Alimak<\/title>\n<meta name=\"robots\" content=\"index, follow, max-snippet:-1, max-image-preview:large, max-video-preview:-1\" \/>\n<link rel=\"canonical\" href=\"https:\/\/alimak.com\/fr\/solutions-temporaires\/services-numeriques-temporaire\/galerie-bim-temporaire\/\" \/>\n<meta property=\"og:locale\" content=\"fr_FR\" \/>\n<meta property=\"og:type\" content=\"article\" \/>\n<meta property=\"og:title\" content=\"Galerie BIM (temporaire) - Alimak\" \/>\n<meta property=\"og:description\" content=\"Gagnez du temps pour trouver la solution dacc\u00e8s vertical adapt\u00e9e \u00e0 votre projet. Notre gamme de fichiers dobjets Building Information...\" \/>\n<meta property=\"og:url\" content=\"https:\/\/alimak.com\/fr\/solutions-temporaires\/services-numeriques-temporaire\/galerie-bim-temporaire\/\" \/>\n<meta property=\"og:site_name\" content=\"Alimak\" \/>\n<meta property=\"article:modified_time\" content=\"2026-03-18T12:52:12+00:00\" \/>\n<meta name=\"twitter:card\" content=\"summary_large_image\" \/>\n<script type=\"application\/ld+json\" class=\"yoast-schema-graph\">{\"@context\":\"https:\\\/\\\/schema.org\",\"@graph\":[{\"@type\":\"WebPage\",\"@id\":\"https:\\\/\\\/alimak.com\\\/fr\\\/solutions-temporaires\\\/services-numeriques-temporaire\\\/galerie-bim-temporaire\\\/\",\"url\":\"https:\\\/\\\/alimak.com\\\/fr\\\/solutions-temporaires\\\/services-numeriques-temporaire\\\/galerie-bim-temporaire\\\/\",\"name\":\"Galerie BIM (temporaire) - Alimak\",\"isPartOf\":{\"@id\":\"https:\\\/\\\/alimak.com\\\/#website\"},\"datePublished\":\"2026-02-04T10:30:50+00:00\",\"dateModified\":\"2026-03-18T12:52:12+00:00\",\"breadcrumb\":{\"@id\":\"https:\\\/\\\/alimak.com\\\/fr\\\/solutions-temporaires\\\/services-numeriques-temporaire\\\/galerie-bim-temporaire\\\/#breadcrumb\"},\"inLanguage\":\"fr-FR\",\"potentialAction\":[{\"@type\":\"ReadAction\",\"target\":[\"https:\\\/\\\/alimak.com\\\/fr\\\/solutions-temporaires\\\/services-numeriques-temporaire\\\/galerie-bim-temporaire\\\/\"]}]},{\"@type\":\"BreadcrumbList\",\"@id\":\"https:\\\/\\\/alimak.com\\\/fr\\\/solutions-temporaires\\\/services-numeriques-temporaire\\\/galerie-bim-temporaire\\\/#breadcrumb\",\"itemListElement\":[{\"@type\":\"ListItem\",\"position\":1,\"name\":\"Home\",\"item\":\"https:\\\/\\\/alimak.com\\\/fr\\\/\"},{\"@type\":\"ListItem\",\"position\":2,\"name\":\"Solutions temporaires\",\"item\":\"https:\\\/\\\/alimak.com\\\/fr\\\/solutions-temporaires\\\/\"},{\"@type\":\"ListItem\",\"position\":3,\"name\":\"Services num\u00e9riques (temporaire)\",\"item\":\"https:\\\/\\\/alimak.com\\\/fr\\\/solutions-temporaires\\\/services-numeriques-temporaire\\\/\"},{\"@type\":\"ListItem\",\"position\":4,\"name\":\"Galerie BIM (temporaire)\"}]},{\"@type\":\"WebSite\",\"@id\":\"https:\\\/\\\/alimak.com\\\/#website\",\"url\":\"https:\\\/\\\/alimak.com\\\/\",\"name\":\"Alimak\",\"description\":\"\",\"potentialAction\":[{\"@type\":\"SearchAction\",\"target\":{\"@type\":\"EntryPoint\",\"urlTemplate\":\"https:\\\/\\\/alimak.com\\\/?s={search_term_string}\"},\"query-input\":{\"@type\":\"PropertyValueSpecification\",\"valueRequired\":true,\"valueName\":\"search_term_string\"}}],\"inLanguage\":\"fr-FR\"}]}<\/script>\n<!-- \/ Yoast SEO plugin. -->","yoast_head_json":{"title":"Galerie BIM (temporaire) - Alimak","robots":{"index":"index","follow":"follow","max-snippet":"max-snippet:-1","max-image-preview":"max-image-preview:large","max-video-preview":"max-video-preview:-1"},"canonical":"https:\/\/alimak.com\/fr\/solutions-temporaires\/services-numeriques-temporaire\/galerie-bim-temporaire\/","og_locale":"fr_FR","og_type":"article","og_title":"Galerie BIM (temporaire) - Alimak","og_description":"Gagnez du temps pour trouver la solution dacc\u00e8s vertical adapt\u00e9e \u00e0 votre projet. Notre gamme de fichiers dobjets Building Information...","og_url":"https:\/\/alimak.com\/fr\/solutions-temporaires\/services-numeriques-temporaire\/galerie-bim-temporaire\/","og_site_name":"Alimak","article_modified_time":"2026-03-18T12:52:12+00:00","twitter_card":"summary_large_image","schema":{"@context":"https:\/\/schema.org","@graph":[{"@type":"WebPage","@id":"https:\/\/alimak.com\/fr\/solutions-temporaires\/services-numeriques-temporaire\/galerie-bim-temporaire\/","url":"https:\/\/alimak.com\/fr\/solutions-temporaires\/services-numeriques-temporaire\/galerie-bim-temporaire\/","name":"Galerie BIM (temporaire) - Alimak","isPartOf":{"@id":"https:\/\/alimak.com\/#website"},"datePublished":"2026-02-04T10:30:50+00:00","dateModified":"2026-03-18T12:52:12+00:00","breadcrumb":{"@id":"https:\/\/alimak.com\/fr\/solutions-temporaires\/services-numeriques-temporaire\/galerie-bim-temporaire\/#breadcrumb"},"inLanguage":"fr-FR","potentialAction":[{"@type":"ReadAction","target":["https:\/\/alimak.com\/fr\/solutions-temporaires\/services-numeriques-temporaire\/galerie-bim-temporaire\/"]}]},{"@type":"BreadcrumbList","@id":"https:\/\/alimak.com\/fr\/solutions-temporaires\/services-numeriques-temporaire\/galerie-bim-temporaire\/#breadcrumb","itemListElement":[{"@type":"ListItem","position":1,"name":"Home","item":"https:\/\/alimak.com\/fr\/"},{"@type":"ListItem","position":2,"name":"Solutions temporaires","item":"https:\/\/alimak.com\/fr\/solutions-temporaires\/"},{"@type":"ListItem","position":3,"name":"Services num\u00e9riques (temporaire)","item":"https:\/\/alimak.com\/fr\/solutions-temporaires\/services-numeriques-temporaire\/"},{"@type":"ListItem","position":4,"name":"Galerie BIM (temporaire)"}]},{"@type":"WebSite","@id":"https:\/\/alimak.com\/#website","url":"https:\/\/alimak.com\/","name":"Alimak","description":"","potentialAction":[{"@type":"SearchAction","target":{"@type":"EntryPoint","urlTemplate":"https:\/\/alimak.com\/?s={search_term_string}"},"query-input":{"@type":"PropertyValueSpecification","valueRequired":true,"valueName":"search_term_string"}}],"inLanguage":"fr-FR"}]}},"_links":{"self":[{"href":"https:\/\/alimak.com\/fr\/wp-json\/wp\/v2\/pages\/14823","targetHints":{"allow":["GET"]}}],"collection":[{"href":"https:\/\/alimak.com\/fr\/wp-json\/wp\/v2\/pages"}],"about":[{"href":"https:\/\/alimak.com\/fr\/wp-json\/wp\/v2\/types\/page"}],"author":[{"embeddable":true,"href":"https:\/\/alimak.com\/fr\/wp-json\/wp\/v2\/users\/2"}],"replies":[{"embeddable":true,"href":"https:\/\/alimak.com\/fr\/wp-json\/wp\/v2\/comments?post=14823"}],"version-history":[{"count":1,"href":"https:\/\/alimak.com\/fr\/wp-json\/wp\/v2\/pages\/14823\/revisions"}],"predecessor-version":[{"id":14826,"href":"https:\/\/alimak.com\/fr\/wp-json\/wp\/v2\/pages\/14823\/revisions\/14826"}],"up":[{"embeddable":true,"href":"https:\/\/alimak.com\/fr\/wp-json\/wp\/v2\/pages\/14789"}],"wp:attachment":[{"href":"https:\/\/alimak.com\/fr\/wp-json\/wp\/v2\/media?parent=14823"}],"curies":[{"name":"wp","href":"https:\/\/api.w.org\/{rel}","templated":true}]}}