{"id":14938,"date":"2026-01-29T09:09:09","date_gmt":"2026-01-29T09:09:09","guid":{"rendered":"https:\/\/alimak.com\/solutions-temporaires\/pieces-et-services-temporaire\/ingenierie-dapplication-temporaire\/"},"modified":"2026-03-18T12:54:17","modified_gmt":"2026-03-18T12:54:17","slug":"ingenierie-dapplication-temporaire","status":"publish","type":"page","link":"https:\/\/alimak.com\/fr\/solutions-temporaires\/pieces-et-services-temporaire\/ingenierie-dapplication-temporaire\/","title":{"rendered":"Ing\u00e9nierie d\u2019application (temporaire)"},"content":{"rendered":"\n<section class=\"small-hero border-b bg-black border-darkGrey text-white pt-0 pb-0\">\n            <div class=\"relative\">\n            <div class=\"hero-overlay relative\">\n                                    <picture class=\"w-full\"><source media=\"(max-width:639px)\" srcset=\"https:\/\/images.ohmyhosting.se\/UESIJ_Mf1Fzf0Pk9pmj520DPDh0=\/390x461\/smart\/filters:quality(85)\/https%3A%2F%2Falimak.com%2Fwp-content%2Fuploads%2F2026%2F02%2Fapplication-engineering-2-scaled.png 1x, https:\/\/images.ohmyhosting.se\/uvpTTuzhpXsunPTGdwX4IssDc-g=\/780x922\/smart\/filters:quality(85)\/https%3A%2F%2Falimak.com%2Fwp-content%2Fuploads%2F2026%2F02%2Fapplication-engineering-2-scaled.png 2x\"><source media=\"(max-width:1022px)\" srcset=\"https:\/\/images.ohmyhosting.se\/4jOPJw0_-imW6ehr5ZbNBTg_nEw=\/805x951\/smart\/filters:quality(85)\/https%3A%2F%2Falimak.com%2Fwp-content%2Fuploads%2F2026%2F02%2Fapplication-engineering-2-scaled.png 1x, https:\/\/images.ohmyhosting.se\/DWGmBDGGYKqnyLqjVl7A-ByFI_g=\/1610x1902\/smart\/filters:quality(85)\/https%3A%2F%2Falimak.com%2Fwp-content%2Fuploads%2F2026%2F02%2Fapplication-engineering-2-scaled.png 2x\"><img decoding=\"async\" src=\"https:\/\/images.ohmyhosting.se\/uMnFRLHsLsH3lXSfcwd00rbcd_U=\/2545x814\/smart\/filters:quality(85)\/https%3A%2F%2Falimak.com%2Fwp-content%2Fuploads%2F2026%2F02%2Fapplication-engineering-2-scaled.png\" srcset=\"https:\/\/images.ohmyhosting.se\/uMnFRLHsLsH3lXSfcwd00rbcd_U=\/2545x814\/smart\/filters:quality(85)\/https%3A%2F%2Falimak.com%2Fwp-content%2Fuploads%2F2026%2F02%2Fapplication-engineering-2-scaled.png 1x, https:\/\/images.ohmyhosting.se\/tYLnrebJOi3Y0UxyjJcgVwrVq8E=\/5090x1628\/smart\/filters:quality(85)\/https%3A%2F%2Falimak.com%2Fwp-content%2Fuploads%2F2026%2F02%2Fapplication-engineering-2-scaled.png 2x\" alt=\"\" class=\"w-full object-cover w-full max-h-[90vh]\" width=\"2545\" height=\"814\" \/><\/picture>                            <\/div>\n            <div class=\"absolute inset-0 z-10 flex flex-col justify-end\">\n                <div class=\"holder\">\n                    <div class=\"grid grid-cols-12 gap-4 pb-16\">\n                        <div class=\"col-span-12 lg:col-span-7\">\n                                                    <p class=\"md:text-20 font-medium leading-[1.25] mb-1\">Solutions temporaires<\/p>\n                                                    <h1 class=\"text-28 md:text-52 leading-[1.3] lg:max-w-[625px]\"><p>Ing\u00e9nierie d\u2019application pour conditions exigeantes<\/p>\n<p>&nbsp;<\/p>\n<\/h1>\n                            <div class=\"wysiwyg pt-5 leading-[1.6] hidden lg:block lg:max-w-[512px]\"><div>Alimak travaille quotidiennement avec une grande vari\u00e9t\u00e9 de clients et d\u2019applications, dont beaucoup n\u00e9cessitent des consid\u00e9rations uniques. Les solutions d\u2019acc\u00e8s vertical temporaires sont souvent utilis\u00e9es dans des environnements soumis \u00e0 des contraintes importantes caus\u00e9es par la chaleur, le froid, les vibrations et des particules telles que le sable, la poussi\u00e8re ou le sel. Malgr\u00e9 ces d\u00e9fis, l\u2019\u00e9quipement doit fonctionner en toute s\u00e9curit\u00e9 jour apr\u00e8s jour, ann\u00e9e apr\u00e8s ann\u00e9e.  <\/div>\n<\/div>\n                        <\/div>\n                    <\/div>\n                <\/div>\n            <\/div>\n        <\/div>\n                    <div class=\"lg:hidden py-12 border-b border-darkGrey\">\n                <div class=\"holder\">\n                    <div class=\"wysiwyg leading-[1.6]\"><div>Alimak travaille quotidiennement avec une grande vari\u00e9t\u00e9 de clients et d\u2019applications, dont beaucoup n\u00e9cessitent des consid\u00e9rations uniques. Les solutions d\u2019acc\u00e8s vertical temporaires sont souvent utilis\u00e9es dans des environnements soumis \u00e0 des contraintes importantes caus\u00e9es par la chaleur, le froid, les vibrations et des particules telles que le sable, la poussi\u00e8re ou le sel. Malgr\u00e9 ces d\u00e9fis, l\u2019\u00e9quipement doit fonctionner en toute s\u00e9curit\u00e9 jour apr\u00e8s jour, ann\u00e9e apr\u00e8s ann\u00e9e.  <\/div>\n<\/div>\n                <\/div>\n            <\/div>\n        \n    <\/section>\n<section class=\"text-img bg-white text-black border-lightGrey   pt-6 lg:pt-12 pb-6 lg:pb-12\">\n    <div class=\"holder\">\n      <div class=\"grid grid-cols-12 gap-4 items-center\">\n        <div class=\"col-span-12 lg:col-span-6 2.5xl:col-span-8 \">\n                            <div class=\"text-img-overlay relative mb-8 md:mb-0 max-w-[852px] \">\n                    <picture class=\"w-full\"><source media=\"(max-width:639px)\" srcset=\"https:\/\/images.ohmyhosting.se\/FIrl-0zffRFYCbW7FiAM2Xjf1uI=\/382x237\/smart\/filters:quality(85)\/https%3A%2F%2Falimak.com%2Fwp-content%2Fuploads%2F2026%2F01%2FApplication-Engineering-A-scaled.jpg 1x, https:\/\/images.ohmyhosting.se\/Nz8alJOxzZ4SmCBGwOF0FGQvt6A=\/764x474\/smart\/filters:quality(85)\/https%3A%2F%2Falimak.com%2Fwp-content%2Fuploads%2F2026%2F01%2FApplication-Engineering-A-scaled.jpg 2x\"><source media=\"(max-width:1022px)\" srcset=\"https:\/\/images.ohmyhosting.se\/l8t3mVEOKjJUzT14iCoxkCT_fgg=\/773x480\/smart\/filters:quality(85)\/https%3A%2F%2Falimak.com%2Fwp-content%2Fuploads%2F2026%2F01%2FApplication-Engineering-A-scaled.jpg 1x, https:\/\/images.ohmyhosting.se\/aqy8Xud6Kk1WwznVy6-JRfDvcAE=\/1546x960\/smart\/filters:quality(85)\/https%3A%2F%2Falimak.com%2Fwp-content%2Fuploads%2F2026%2F01%2FApplication-Engineering-A-scaled.jpg 2x\"><img decoding=\"async\" src=\"https:\/\/images.ohmyhosting.se\/tSECNhAzeBrHRmLA1QAiA9M5h3g=\/852x530\/smart\/filters:quality(85)\/https%3A%2F%2Falimak.com%2Fwp-content%2Fuploads%2F2026%2F01%2FApplication-Engineering-A-scaled.jpg\" srcset=\"https:\/\/images.ohmyhosting.se\/tSECNhAzeBrHRmLA1QAiA9M5h3g=\/852x530\/smart\/filters:quality(85)\/https%3A%2F%2Falimak.com%2Fwp-content%2Fuploads%2F2026%2F01%2FApplication-Engineering-A-scaled.jpg 1x, https:\/\/images.ohmyhosting.se\/P0nELIhhcPIGuP-l17RNAF2ZXas=\/1704x1060\/smart\/filters:quality(85)\/https%3A%2F%2Falimak.com%2Fwp-content%2Fuploads%2F2026%2F01%2FApplication-Engineering-A-scaled.jpg 2x\" alt=\"\" class=\"w-full w-full rounded-[12px] object-cover\" width=\"852\" height=\"530\" \/><\/picture>                                        <\/div>\n            \n        <\/div>\n        <div class=\"col-span-12 lg:col-span-6 2.5xl:col-span-4 flex flex-col justify-center \">\n            <div class=\"\">\n                                    <h2 class=\"text-24 md:text-36 leading-[1.3] font-medium mb-4\">Une ing\u00e9nierie centr\u00e9e sur le client pour un acc\u00e8s vertical fiable<\/h2>\n                                                    <div class=\"wysiwyg leading-[1.6] text-numbersGrey\"><p>Les ing\u00e9nieurs d\u2019application d\u2019Alimak d\u00e9veloppent des solutions ax\u00e9es sur le client pour des installations exigeantes ou en cas de conditions de fonctionnement inhabituelles. Gr\u00e2ce \u00e0 leur vaste exp\u00e9rience dans la conception et la sp\u00e9cification de produits et d\u2019applications d\u2019acc\u00e8s vertical, vous pouvez obtenir rapidement des plans de configuration, des calculs de r\u00e9sistance ainsi que des calculs de charge au sol et de forces d\u2019ancrage. <\/p>\n<\/div>\n                                            <\/div>\n        <\/div>\n      <\/div>\n    <\/div>\n<\/section>\n\n<section class=\"cta-banner bg-black text-white  pt-0 pb-6 lg:pb-12\">\n    <div class=\"relative\">\n                    <div class=\"cta-banner-overlay relative\">\n                <picture class=\"w-full\"><source media=\"(max-width:639px)\" srcset=\"https:\/\/images.ohmyhosting.se\/830LuN8tJnlhxBlrnP81Cn_re_Q=\/399x377\/smart\/filters:quality(85)\/https%3A%2F%2Falimak.com%2Fwp-content%2Fuploads%2F2025%2F09%2Fd2291df879d3d9219aa41f082605eabd3250e5e9.jpg 1x, https:\/\/images.ohmyhosting.se\/hU69TdXunvGuEgABsWLfplJ9_PU=\/798x754\/smart\/filters:quality(85)\/https%3A%2F%2Falimak.com%2Fwp-content%2Fuploads%2F2025%2F09%2Fd2291df879d3d9219aa41f082605eabd3250e5e9.jpg 2x\"><source media=\"(max-width:1022px)\" srcset=\"https:\/\/images.ohmyhosting.se\/sUTJ0HNsfwEJpnAiEjhFWb9u1pw=\/805x760\/smart\/filters:quality(85)\/https%3A%2F%2Falimak.com%2Fwp-content%2Fuploads%2F2025%2F09%2Fd2291df879d3d9219aa41f082605eabd3250e5e9.jpg 1x, https:\/\/images.ohmyhosting.se\/mrEIaFoAUgmLUkHNnjAqabwhsRU=\/1610x1520\/smart\/filters:quality(85)\/https%3A%2F%2Falimak.com%2Fwp-content%2Fuploads%2F2025%2F09%2Fd2291df879d3d9219aa41f082605eabd3250e5e9.jpg 2x\"><img decoding=\"async\" src=\"https:\/\/images.ohmyhosting.se\/RHe0oE3TlTETH41w2OoXpWjHYH8=\/2545x1053\/smart\/filters:quality(85)\/https%3A%2F%2Falimak.com%2Fwp-content%2Fuploads%2F2025%2F09%2Fd2291df879d3d9219aa41f082605eabd3250e5e9.jpg\" srcset=\"https:\/\/images.ohmyhosting.se\/RHe0oE3TlTETH41w2OoXpWjHYH8=\/2545x1053\/smart\/filters:quality(85)\/https%3A%2F%2Falimak.com%2Fwp-content%2Fuploads%2F2025%2F09%2Fd2291df879d3d9219aa41f082605eabd3250e5e9.jpg 1x, https:\/\/images.ohmyhosting.se\/AdhHQjA7d3yK0NqyO3xGggVMQX4=\/5090x2106\/smart\/filters:quality(85)\/https%3A%2F%2Falimak.com%2Fwp-content%2Fuploads%2F2025%2F09%2Fd2291df879d3d9219aa41f082605eabd3250e5e9.jpg 2x\" alt=\"\" class=\"w-full w-full h-full object-cover\" width=\"2545\" height=\"1053\" \/><\/picture>            <\/div>\n                <div class=\"absolute inset-0 z-[2]\">\n            <div class=\"holder\">\n                <div class=\"grid grid-cols-12 gap-4\">\n                    <div class=\"col-span-12 lg:col-span-6 lg:col-start-7 pt-16\">\n                        <h3 class=\"text-28 md:text-44 lg:max-w-[500px] leading-tight\">Contactez-nous pour plus d&#8217;informations ou un devis<\/h3>\n                                                    <div class=\"mt-8\">\n                                <a class=\"btn\" href=\"https:\/\/alimak.com\/fr\/nous-contacter\/\" target=\"\">\n                                    <span>Nous contacter<\/span>\n                                    <span>\n                                        <svg width=\"24\" height=\"11\" viewBox=\"0 0 24 11\" fill=\"none\" xmlns=\"http:\/\/www.w3.org\/2000\/svg\">\n                                        <path d=\"M0 5.5H22\" stroke=\"black\" stroke-width=\"1.5\"\/>\n                                        <path d=\"M17.5 1L22 5.5L17.5 10\" stroke=\"black\" stroke-width=\"1.5\"\/>\n                                        <\/svg>\n                                    <\/span>\n                                <\/a>\n                            <\/div>\n                                            <\/div>\n                <\/div>\n            <\/div>\n        <\/div>\n    <\/div>\n<\/section>\n","protected":false},"excerpt":{"rendered":"<p>Alimak travaille quotidiennement avec une grande vari\u00e9t\u00e9 de clients et d\u2019applications, dont beaucoup n\u00e9cessitent des consid\u00e9rations uniques. Les solutions d\u2019acc\u00e8s&#8230;<\/p>\n","protected":false},"author":2,"featured_media":0,"parent":14781,"menu_order":0,"comment_status":"closed","ping_status":"closed","template":"","meta":{"_acf_changed":false,"footnotes":""},"class_list":["post-14938","page","type-page","status-publish","hentry"],"acf":[],"yoast_head":"<!-- This site is optimized with the Yoast SEO plugin v27.3 - https:\/\/yoast.com\/product\/yoast-seo-wordpress\/ -->\n<title>Ing\u00e9nierie d\u2019application (temporaire) - Alimak<\/title>\n<meta name=\"robots\" content=\"index, follow, max-snippet:-1, max-image-preview:large, max-video-preview:-1\" \/>\n<link rel=\"canonical\" href=\"https:\/\/alimak.com\/fr\/solutions-temporaires\/pieces-et-services-temporaire\/ingenierie-dapplication-temporaire\/\" \/>\n<meta property=\"og:locale\" content=\"fr_FR\" \/>\n<meta property=\"og:type\" content=\"article\" \/>\n<meta property=\"og:title\" content=\"Ing\u00e9nierie d\u2019application (temporaire) - Alimak\" \/>\n<meta property=\"og:description\" content=\"Alimak travaille quotidiennement avec une grande vari\u00e9t\u00e9 de clients et d\u2019applications, dont beaucoup n\u00e9cessitent des consid\u00e9rations uniques. Les solutions d\u2019acc\u00e8s...\" \/>\n<meta property=\"og:url\" content=\"https:\/\/alimak.com\/fr\/solutions-temporaires\/pieces-et-services-temporaire\/ingenierie-dapplication-temporaire\/\" \/>\n<meta property=\"og:site_name\" content=\"Alimak\" \/>\n<meta property=\"article:modified_time\" content=\"2026-03-18T12:54:17+00:00\" \/>\n<meta name=\"twitter:card\" content=\"summary_large_image\" \/>\n<script type=\"application\/ld+json\" class=\"yoast-schema-graph\">{\"@context\":\"https:\\\/\\\/schema.org\",\"@graph\":[{\"@type\":\"WebPage\",\"@id\":\"https:\\\/\\\/alimak.com\\\/fr\\\/solutions-temporaires\\\/pieces-et-services-temporaire\\\/ingenierie-dapplication-temporaire\\\/\",\"url\":\"https:\\\/\\\/alimak.com\\\/fr\\\/solutions-temporaires\\\/pieces-et-services-temporaire\\\/ingenierie-dapplication-temporaire\\\/\",\"name\":\"Ing\u00e9nierie d\u2019application (temporaire) - Alimak\",\"isPartOf\":{\"@id\":\"https:\\\/\\\/alimak.com\\\/#website\"},\"datePublished\":\"2026-01-29T09:09:09+00:00\",\"dateModified\":\"2026-03-18T12:54:17+00:00\",\"breadcrumb\":{\"@id\":\"https:\\\/\\\/alimak.com\\\/fr\\\/solutions-temporaires\\\/pieces-et-services-temporaire\\\/ingenierie-dapplication-temporaire\\\/#breadcrumb\"},\"inLanguage\":\"fr-FR\",\"potentialAction\":[{\"@type\":\"ReadAction\",\"target\":[\"https:\\\/\\\/alimak.com\\\/fr\\\/solutions-temporaires\\\/pieces-et-services-temporaire\\\/ingenierie-dapplication-temporaire\\\/\"]}]},{\"@type\":\"BreadcrumbList\",\"@id\":\"https:\\\/\\\/alimak.com\\\/fr\\\/solutions-temporaires\\\/pieces-et-services-temporaire\\\/ingenierie-dapplication-temporaire\\\/#breadcrumb\",\"itemListElement\":[{\"@type\":\"ListItem\",\"position\":1,\"name\":\"Home\",\"item\":\"https:\\\/\\\/alimak.com\\\/fr\\\/\"},{\"@type\":\"ListItem\",\"position\":2,\"name\":\"Solutions temporaires\",\"item\":\"https:\\\/\\\/alimak.com\\\/fr\\\/solutions-temporaires\\\/\"},{\"@type\":\"ListItem\",\"position\":3,\"name\":\"Pi\u00e8ces et services (temporaire)\",\"item\":\"https:\\\/\\\/alimak.com\\\/fr\\\/solutions-temporaires\\\/pieces-et-services-temporaire\\\/\"},{\"@type\":\"ListItem\",\"position\":4,\"name\":\"Ing\u00e9nierie d\u2019application (temporaire)\"}]},{\"@type\":\"WebSite\",\"@id\":\"https:\\\/\\\/alimak.com\\\/#website\",\"url\":\"https:\\\/\\\/alimak.com\\\/\",\"name\":\"Alimak\",\"description\":\"\",\"potentialAction\":[{\"@type\":\"SearchAction\",\"target\":{\"@type\":\"EntryPoint\",\"urlTemplate\":\"https:\\\/\\\/alimak.com\\\/?s={search_term_string}\"},\"query-input\":{\"@type\":\"PropertyValueSpecification\",\"valueRequired\":true,\"valueName\":\"search_term_string\"}}],\"inLanguage\":\"fr-FR\"}]}<\/script>\n<!-- \/ Yoast SEO plugin. -->","yoast_head_json":{"title":"Ing\u00e9nierie d\u2019application (temporaire) - Alimak","robots":{"index":"index","follow":"follow","max-snippet":"max-snippet:-1","max-image-preview":"max-image-preview:large","max-video-preview":"max-video-preview:-1"},"canonical":"https:\/\/alimak.com\/fr\/solutions-temporaires\/pieces-et-services-temporaire\/ingenierie-dapplication-temporaire\/","og_locale":"fr_FR","og_type":"article","og_title":"Ing\u00e9nierie d\u2019application (temporaire) - Alimak","og_description":"Alimak travaille quotidiennement avec une grande vari\u00e9t\u00e9 de clients et d\u2019applications, dont beaucoup n\u00e9cessitent des consid\u00e9rations uniques. Les solutions d\u2019acc\u00e8s...","og_url":"https:\/\/alimak.com\/fr\/solutions-temporaires\/pieces-et-services-temporaire\/ingenierie-dapplication-temporaire\/","og_site_name":"Alimak","article_modified_time":"2026-03-18T12:54:17+00:00","twitter_card":"summary_large_image","schema":{"@context":"https:\/\/schema.org","@graph":[{"@type":"WebPage","@id":"https:\/\/alimak.com\/fr\/solutions-temporaires\/pieces-et-services-temporaire\/ingenierie-dapplication-temporaire\/","url":"https:\/\/alimak.com\/fr\/solutions-temporaires\/pieces-et-services-temporaire\/ingenierie-dapplication-temporaire\/","name":"Ing\u00e9nierie d\u2019application (temporaire) - Alimak","isPartOf":{"@id":"https:\/\/alimak.com\/#website"},"datePublished":"2026-01-29T09:09:09+00:00","dateModified":"2026-03-18T12:54:17+00:00","breadcrumb":{"@id":"https:\/\/alimak.com\/fr\/solutions-temporaires\/pieces-et-services-temporaire\/ingenierie-dapplication-temporaire\/#breadcrumb"},"inLanguage":"fr-FR","potentialAction":[{"@type":"ReadAction","target":["https:\/\/alimak.com\/fr\/solutions-temporaires\/pieces-et-services-temporaire\/ingenierie-dapplication-temporaire\/"]}]},{"@type":"BreadcrumbList","@id":"https:\/\/alimak.com\/fr\/solutions-temporaires\/pieces-et-services-temporaire\/ingenierie-dapplication-temporaire\/#breadcrumb","itemListElement":[{"@type":"ListItem","position":1,"name":"Home","item":"https:\/\/alimak.com\/fr\/"},{"@type":"ListItem","position":2,"name":"Solutions temporaires","item":"https:\/\/alimak.com\/fr\/solutions-temporaires\/"},{"@type":"ListItem","position":3,"name":"Pi\u00e8ces et services (temporaire)","item":"https:\/\/alimak.com\/fr\/solutions-temporaires\/pieces-et-services-temporaire\/"},{"@type":"ListItem","position":4,"name":"Ing\u00e9nierie d\u2019application (temporaire)"}]},{"@type":"WebSite","@id":"https:\/\/alimak.com\/#website","url":"https:\/\/alimak.com\/","name":"Alimak","description":"","potentialAction":[{"@type":"SearchAction","target":{"@type":"EntryPoint","urlTemplate":"https:\/\/alimak.com\/?s={search_term_string}"},"query-input":{"@type":"PropertyValueSpecification","valueRequired":true,"valueName":"search_term_string"}}],"inLanguage":"fr-FR"}]}},"_links":{"self":[{"href":"https:\/\/alimak.com\/fr\/wp-json\/wp\/v2\/pages\/14938","targetHints":{"allow":["GET"]}}],"collection":[{"href":"https:\/\/alimak.com\/fr\/wp-json\/wp\/v2\/pages"}],"about":[{"href":"https:\/\/alimak.com\/fr\/wp-json\/wp\/v2\/types\/page"}],"author":[{"embeddable":true,"href":"https:\/\/alimak.com\/fr\/wp-json\/wp\/v2\/users\/2"}],"replies":[{"embeddable":true,"href":"https:\/\/alimak.com\/fr\/wp-json\/wp\/v2\/comments?post=14938"}],"version-history":[{"count":1,"href":"https:\/\/alimak.com\/fr\/wp-json\/wp\/v2\/pages\/14938\/revisions"}],"predecessor-version":[{"id":14943,"href":"https:\/\/alimak.com\/fr\/wp-json\/wp\/v2\/pages\/14938\/revisions\/14943"}],"up":[{"embeddable":true,"href":"https:\/\/alimak.com\/fr\/wp-json\/wp\/v2\/pages\/14781"}],"wp:attachment":[{"href":"https:\/\/alimak.com\/fr\/wp-json\/wp\/v2\/media?parent=14938"}],"curies":[{"name":"wp","href":"https:\/\/api.w.org\/{rel}","templated":true}]}}