{"id":14994,"date":"2026-01-28T10:35:39","date_gmt":"2026-01-28T10:35:39","guid":{"rendered":"https:\/\/alimak.com\/solutions-temporaires\/pieces-et-services-temporaire\/conseil-en-acces-vertical-des-la-phase-initiale-temporaire\/"},"modified":"2026-03-18T12:54:59","modified_gmt":"2026-03-18T12:54:59","slug":"conseil-en-acces-vertical-des-la-phase-initiale-temporaire","status":"publish","type":"page","link":"https:\/\/alimak.com\/fr\/solutions-temporaires\/pieces-et-services-temporaire\/conseil-en-acces-vertical-des-la-phase-initiale-temporaire\/","title":{"rendered":"Conseil en acc\u00e8s vertical d\u00e8s la phase initiale (temporaire)"},"content":{"rendered":"\n<section class=\"small-hero border-b bg-black border-darkGrey text-white pt-0 pb-0\">\n            <div class=\"relative\">\n            <div class=\"hero-overlay relative\">\n                                    <picture class=\"w-full\"><source media=\"(max-width:639px)\" srcset=\"https:\/\/images.ohmyhosting.se\/a7lY6gCxPHif_68OmExYmy8AhKc=\/390x461\/smart\/filters:quality(85)\/https%3A%2F%2Falimak.com%2Fwp-content%2Fuploads%2F2026%2F01%2FOffice-1-e1771491985332.png 1x, https:\/\/images.ohmyhosting.se\/E-1rdRQXct2Gywltr0XTbQlkP6g=\/780x922\/smart\/filters:quality(85)\/https%3A%2F%2Falimak.com%2Fwp-content%2Fuploads%2F2026%2F01%2FOffice-1-e1771491985332.png 2x\"><source media=\"(max-width:1022px)\" srcset=\"https:\/\/images.ohmyhosting.se\/nEU_kSUpG-SvYEZ_8LxIiwaP_2E=\/805x951\/smart\/filters:quality(85)\/https%3A%2F%2Falimak.com%2Fwp-content%2Fuploads%2F2026%2F01%2FOffice-1-e1771491985332.png 1x, https:\/\/images.ohmyhosting.se\/mATyIK9cB8eywoJT1e7aHymWvSE=\/1610x1902\/smart\/filters:quality(85)\/https%3A%2F%2Falimak.com%2Fwp-content%2Fuploads%2F2026%2F01%2FOffice-1-e1771491985332.png 2x\"><img decoding=\"async\" src=\"https:\/\/images.ohmyhosting.se\/Ayh8MnTCIX5Bxuk7GvRnQoDJneI=\/2545x814\/smart\/filters:quality(85)\/https%3A%2F%2Falimak.com%2Fwp-content%2Fuploads%2F2026%2F01%2FOffice-1-e1771491985332.png\" srcset=\"https:\/\/images.ohmyhosting.se\/Ayh8MnTCIX5Bxuk7GvRnQoDJneI=\/2545x814\/smart\/filters:quality(85)\/https%3A%2F%2Falimak.com%2Fwp-content%2Fuploads%2F2026%2F01%2FOffice-1-e1771491985332.png 1x, https:\/\/images.ohmyhosting.se\/zaxvkbk8b8f6RtUJexz9NcPAyFg=\/5090x1628\/smart\/filters:quality(85)\/https%3A%2F%2Falimak.com%2Fwp-content%2Fuploads%2F2026%2F01%2FOffice-1-e1771491985332.png 2x\" alt=\"\" class=\"w-full object-cover w-full max-h-[90vh]\" width=\"2545\" height=\"814\" \/><\/picture>                            <\/div>\n            <div class=\"absolute inset-0 z-10 flex flex-col justify-end\">\n                <div class=\"holder\">\n                    <div class=\"grid grid-cols-12 gap-4 pb-16\">\n                        <div class=\"col-span-12 lg:col-span-7\">\n                                                    <p class=\"md:text-20 font-medium leading-[1.25] mb-1\">Solutions temporaires<\/p>\n                                                    <h1 class=\"text-28 md:text-52 leading-[1.3] lg:max-w-[625px]\"><p>Conseil en acc\u00e8s vertical d\u00e8s la phase initiale<\/p>\n<\/h1>\n                            <div class=\"wysiwyg pt-5 leading-[1.6] hidden lg:block lg:max-w-[512px]\"><p>Lorsque les grands projets de construction commencent \u00e0 prendre forme, la logistique verticale est souvent n\u00e9glig\u00e9e. Beaucoup se concentrent sur la mani\u00e8re dont les mat\u00e9riaux, les personnes et les \u00e9quipements arrivent sur le site et en repartent, mais la v\u00e9ritable efficacit\u00e9 n\u2019appara\u00eet que lorsque le flux vertical est int\u00e9gr\u00e9 d\u00e8s le d\u00e9but. C\u2019est l\u00e0 qu\u2019Alimak fait la diff\u00e9rence.  <\/p>\n<p>Fort de plus de 75 ans d\u2019exp\u00e9rience mondiale, Alimak propose une expertise consultative ind\u00e9pendante bien avant que toute d\u00e9cision concernant l\u2019achat ou la location d\u2019\u00e9quipement ne doive \u00eatre prise. Nos sp\u00e9cialistes aident les promoteurs et les \u00e9quipes de projet \u00e0 \u00e9laborer la strat\u00e9gie d\u2019acc\u00e8s vertical appropri\u00e9e d\u00e8s la phase de planification, renfor\u00e7ant ainsi la s\u00e9curit\u00e9, la productivit\u00e9 et la pr\u00e9visibilit\u00e9 tout au long du cycle de vie de la construction. <\/p>\n<\/div>\n                        <\/div>\n                    <\/div>\n                <\/div>\n            <\/div>\n        <\/div>\n                    <div class=\"lg:hidden py-12 border-b border-darkGrey\">\n                <div class=\"holder\">\n                    <div class=\"wysiwyg leading-[1.6]\"><p>Lorsque les grands projets de construction commencent \u00e0 prendre forme, la logistique verticale est souvent n\u00e9glig\u00e9e. Beaucoup se concentrent sur la mani\u00e8re dont les mat\u00e9riaux, les personnes et les \u00e9quipements arrivent sur le site et en repartent, mais la v\u00e9ritable efficacit\u00e9 n\u2019appara\u00eet que lorsque le flux vertical est int\u00e9gr\u00e9 d\u00e8s le d\u00e9but. C\u2019est l\u00e0 qu\u2019Alimak fait la diff\u00e9rence.  <\/p>\n<p>Fort de plus de 75 ans d\u2019exp\u00e9rience mondiale, Alimak propose une expertise consultative ind\u00e9pendante bien avant que toute d\u00e9cision concernant l\u2019achat ou la location d\u2019\u00e9quipement ne doive \u00eatre prise. Nos sp\u00e9cialistes aident les promoteurs et les \u00e9quipes de projet \u00e0 \u00e9laborer la strat\u00e9gie d\u2019acc\u00e8s vertical appropri\u00e9e d\u00e8s la phase de planification, renfor\u00e7ant ainsi la s\u00e9curit\u00e9, la productivit\u00e9 et la pr\u00e9visibilit\u00e9 tout au long du cycle de vie de la construction. <\/p>\n<\/div>\n                <\/div>\n            <\/div>\n        \n    <\/section>\n<section class=\"text-img bg-white text-black border-lightGrey   pt-6 lg:pt-12 pb-6 lg:pb-12\">\n    <div class=\"holder\">\n      <div class=\"grid grid-cols-12 gap-4 items-center\">\n        <div class=\"col-span-12 lg:col-span-6 2.5xl:col-span-8 \">\n                            <div class=\"text-img-overlay relative mb-8 md:mb-0 max-w-[852px] \">\n                    <picture class=\"w-full\"><source media=\"(max-width:639px)\" srcset=\"https:\/\/images.ohmyhosting.se\/ezIsUjI6pFp-uMWUSbCtOgUeYds=\/382x237\/smart\/filters:quality(85)\/https%3A%2F%2Falimak.com%2Fwp-content%2Fuploads%2F2026%2F01%2FOffice-1-e1771491985332.png 1x, https:\/\/images.ohmyhosting.se\/IVck438GY2F-e-i_NuA75TBbEgU=\/764x474\/smart\/filters:quality(85)\/https%3A%2F%2Falimak.com%2Fwp-content%2Fuploads%2F2026%2F01%2FOffice-1-e1771491985332.png 2x\"><source media=\"(max-width:1022px)\" srcset=\"https:\/\/images.ohmyhosting.se\/tTNundT9nkEDUqwn7kbv_jjey0Y=\/773x480\/smart\/filters:quality(85)\/https%3A%2F%2Falimak.com%2Fwp-content%2Fuploads%2F2026%2F01%2FOffice-1-e1771491985332.png 1x, https:\/\/images.ohmyhosting.se\/iJe2UkiVgvxSwAJWg_3LpcGl0eA=\/1546x960\/smart\/filters:quality(85)\/https%3A%2F%2Falimak.com%2Fwp-content%2Fuploads%2F2026%2F01%2FOffice-1-e1771491985332.png 2x\"><img decoding=\"async\" src=\"https:\/\/images.ohmyhosting.se\/HNJnXZL8mgwksMDRMCyJbQAdAXU=\/852x530\/smart\/filters:quality(85)\/https%3A%2F%2Falimak.com%2Fwp-content%2Fuploads%2F2026%2F01%2FOffice-1-e1771491985332.png\" srcset=\"https:\/\/images.ohmyhosting.se\/HNJnXZL8mgwksMDRMCyJbQAdAXU=\/852x530\/smart\/filters:quality(85)\/https%3A%2F%2Falimak.com%2Fwp-content%2Fuploads%2F2026%2F01%2FOffice-1-e1771491985332.png 1x, https:\/\/images.ohmyhosting.se\/erxMw4lIrOqL7oOmLa87Gp6Ukj0=\/1704x1060\/smart\/filters:quality(85)\/https%3A%2F%2Falimak.com%2Fwp-content%2Fuploads%2F2026%2F01%2FOffice-1-e1771491985332.png 2x\" alt=\"\" class=\"w-full w-full rounded-[12px] object-cover\" width=\"852\" height=\"530\" \/><\/picture>                                        <\/div>\n            \n        <\/div>\n        <div class=\"col-span-12 lg:col-span-6 2.5xl:col-span-4 flex flex-col justify-center \">\n            <div class=\"\">\n                                    <h2 class=\"text-24 md:text-36 leading-[1.3] font-medium mb-4\">Des conseils d\u2019experts qui se suffisent \u00e0 eux-m\u00eames<\/h2>\n                                                    <div class=\"wysiwyg leading-[1.6] text-numbersGrey\"><p>Ce service n\u2019est pas seulement un compl\u00e9ment \u00e0 la vente d\u2019\u00e9quipements. Il s\u2019agit d\u2019une offre de conseil professionnel autonome, disponible que vous choisissiez ult\u00e9rieurement des \u00e9quipements Alimak ou non. Notre objectif est simple : vous aider \u00e0 prendre les meilleures d\u00e9cisions possibles pour la logistique verticale de votre projet. Il est important de noter que notre support de conseil est disponible avant m\u00eame que toute ing\u00e9nierie d\u2019application ne soit requise, vous garantissant de recevoir des conseils ind\u00e9pendants d\u00e8s les premi\u00e8res \u00e9tapes de la planification.   <\/p>\n<p><strong>Vous aider \u00e0 comprendre et \u00e0 prendre en compte les domaines cl\u00e9s et leur impact sur la logistique verticale : <\/strong><\/p>\n<ul>\n<li>M\u00e9thodes de construction et logistique<\/li>\n<li>Planification verticale et accessibilit\u00e9<\/li>\n<li>Dispositions pratiques et de s\u00e9curit\u00e9<\/li>\n<li>Solutions alternatives et consid\u00e9rations environnementales<\/li>\n<li>Calendrier et s\u00e9quen\u00e7age<\/li>\n<\/ul>\n<\/div>\n                                            <\/div>\n        <\/div>\n      <\/div>\n    <\/div>\n<\/section>\n\n<section class=\"text-img bg-white text-black border-lightGrey   pt-6 lg:pt-12 pb-6 lg:pb-12\">\n    <div class=\"holder\">\n      <div class=\"grid grid-cols-12 gap-4 items-center\">\n        <div class=\"col-span-12 lg:col-span-6 2.5xl:col-span-8  order-1 lg:order-2\">\n                            <div class=\"text-img-overlay relative mb-8 md:mb-0 max-w-[852px] lg:ml-auto\">\n                    <picture class=\"w-full\"><source media=\"(max-width:639px)\" srcset=\"https:\/\/images.ohmyhosting.se\/vBwFbs360hPAi3_fthl9-Q-JTdA=\/382x237\/smart\/filters:quality(85)\/https%3A%2F%2Falimak.com%2Fwp-content%2Fuploads%2F2025%2F12%2FWres-JV-Lesotho-highlands-water-project-phase-II.jpg 1x, https:\/\/images.ohmyhosting.se\/x24rjD5zuMQZNEWxReY5PwyRCfY=\/764x474\/smart\/filters:quality(85)\/https%3A%2F%2Falimak.com%2Fwp-content%2Fuploads%2F2025%2F12%2FWres-JV-Lesotho-highlands-water-project-phase-II.jpg 2x\"><source media=\"(max-width:1022px)\" srcset=\"https:\/\/images.ohmyhosting.se\/xwk7j2vUJo4Oj2Bcw9FAOLKqqEU=\/773x480\/smart\/filters:quality(85)\/https%3A%2F%2Falimak.com%2Fwp-content%2Fuploads%2F2025%2F12%2FWres-JV-Lesotho-highlands-water-project-phase-II.jpg 1x, https:\/\/images.ohmyhosting.se\/fn7kJ06ig-BKQz5v6QO1iPlQkWE=\/1546x960\/smart\/filters:quality(85)\/https%3A%2F%2Falimak.com%2Fwp-content%2Fuploads%2F2025%2F12%2FWres-JV-Lesotho-highlands-water-project-phase-II.jpg 2x\"><img decoding=\"async\" src=\"https:\/\/images.ohmyhosting.se\/E29Y_3rbXIP1RStS8EYvW4O0hqg=\/852x530\/smart\/filters:quality(85)\/https%3A%2F%2Falimak.com%2Fwp-content%2Fuploads%2F2025%2F12%2FWres-JV-Lesotho-highlands-water-project-phase-II.jpg\" srcset=\"https:\/\/images.ohmyhosting.se\/E29Y_3rbXIP1RStS8EYvW4O0hqg=\/852x530\/smart\/filters:quality(85)\/https%3A%2F%2Falimak.com%2Fwp-content%2Fuploads%2F2025%2F12%2FWres-JV-Lesotho-highlands-water-project-phase-II.jpg 1x, https:\/\/images.ohmyhosting.se\/1dhhtBT5hJ_sJpGZ2wJ1oMgzrxw=\/1704x1060\/smart\/filters:quality(85)\/https%3A%2F%2Falimak.com%2Fwp-content%2Fuploads%2F2025%2F12%2FWres-JV-Lesotho-highlands-water-project-phase-II.jpg 2x\" alt=\"\" class=\"w-full w-full rounded-[12px] object-cover\" width=\"852\" height=\"530\" \/><\/picture>                                        <\/div>\n            \n        <\/div>\n        <div class=\"col-span-12 lg:col-span-6 2.5xl:col-span-4 flex flex-col justify-center  order-2 lg:order-1\">\n            <div class=\"\">\n                                    <h2 class=\"text-24 md:text-36 leading-[1.3] font-medium mb-4\">Pourquoi la logistique verticale doit intervenir t\u00f4t dans le processus<\/h2>\n                                                    <div class=\"wysiwyg leading-[1.6] text-numbersGrey\"><p>M\u00eame la meilleure strat\u00e9gie de transport sera insuffisante si le flux vertical n\u2019est pas pris en compte d\u00e8s le premier jour. Des d\u00e9cisions tardives entra\u00eenent souvent des inefficacit\u00e9s, des encombrements, des risques pour la s\u00e9curit\u00e9 et des co\u00fbts impr\u00e9vus. Une planification pr\u00e9coce garantit des flux de travail plus fluides, une productivit\u00e9 accrue sur le site, de meilleures conditions de s\u00e9curit\u00e9, moins d\u2019interruptions et des solutions plus durables.  <\/p>\n<\/div>\n                                            <\/div>\n        <\/div>\n      <\/div>\n    <\/div>\n<\/section>\n\n<section class=\"text-img bg-white text-black border-lightGrey   pt-6 lg:pt-12 pb-6 lg:pb-12\">\n    <div class=\"holder\">\n      <div class=\"grid grid-cols-12 gap-4 items-center\">\n        <div class=\"col-span-12 lg:col-span-6 2.5xl:col-span-8 \">\n                            <div class=\"text-img-overlay relative mb-8 md:mb-0 max-w-[852px] \">\n                    <picture class=\"w-full\"><source media=\"(max-width:639px)\" srcset=\"https:\/\/images.ohmyhosting.se\/GkoILb3ljAQt_1TMNELPR6aYQgs=\/382x237\/smart\/filters:quality(85)\/https%3A%2F%2Falimak.com%2Fwp-content%2Fuploads%2F2026%2F01%2FAlimak_2021_11-21_-23-klar-e1769609400219.jpg 1x, https:\/\/images.ohmyhosting.se\/3nLrD0AHX4SwNV-urPg07ttG-WY=\/764x474\/smart\/filters:quality(85)\/https%3A%2F%2Falimak.com%2Fwp-content%2Fuploads%2F2026%2F01%2FAlimak_2021_11-21_-23-klar-e1769609400219.jpg 2x\"><source media=\"(max-width:1022px)\" srcset=\"https:\/\/images.ohmyhosting.se\/k-b15iUKwlBshiv3lTudPU5YFcw=\/773x480\/smart\/filters:quality(85)\/https%3A%2F%2Falimak.com%2Fwp-content%2Fuploads%2F2026%2F01%2FAlimak_2021_11-21_-23-klar-e1769609400219.jpg 1x, https:\/\/images.ohmyhosting.se\/G6xqo4Z4Ixjnw2SOu2pEiRYARcY=\/1546x960\/smart\/filters:quality(85)\/https%3A%2F%2Falimak.com%2Fwp-content%2Fuploads%2F2026%2F01%2FAlimak_2021_11-21_-23-klar-e1769609400219.jpg 2x\"><img decoding=\"async\" src=\"https:\/\/images.ohmyhosting.se\/h-vvgEx6C5-FvGwzdi3SvXoNM_M=\/852x530\/smart\/filters:quality(85)\/https%3A%2F%2Falimak.com%2Fwp-content%2Fuploads%2F2026%2F01%2FAlimak_2021_11-21_-23-klar-e1769609400219.jpg\" srcset=\"https:\/\/images.ohmyhosting.se\/h-vvgEx6C5-FvGwzdi3SvXoNM_M=\/852x530\/smart\/filters:quality(85)\/https%3A%2F%2Falimak.com%2Fwp-content%2Fuploads%2F2026%2F01%2FAlimak_2021_11-21_-23-klar-e1769609400219.jpg 1x, https:\/\/images.ohmyhosting.se\/t3DhO4-sxNcQzHdYj3mJlzGzaNI=\/1704x1060\/smart\/filters:quality(85)\/https%3A%2F%2Falimak.com%2Fwp-content%2Fuploads%2F2026%2F01%2FAlimak_2021_11-21_-23-klar-e1769609400219.jpg 2x\" alt=\"\" class=\"w-full w-full rounded-[12px] object-cover\" width=\"852\" height=\"530\" \/><\/picture>                                        <\/div>\n            \n        <\/div>\n        <div class=\"col-span-12 lg:col-span-6 2.5xl:col-span-4 flex flex-col justify-center \">\n            <div class=\"\">\n                                    <h2 class=\"text-24 md:text-36 leading-[1.3] font-medium mb-4\">Vous souhaitez en savoir plus ?<\/h2>\n                                                    <div class=\"wysiwyg leading-[1.6] text-numbersGrey\"><p>Si vous souhaitez comprendre comment notre conseil en logistique verticale peut soutenir votre prochain projet, contactez votre repr\u00e9sentant Alimak le plus proche. Nous sommes pr\u00eats \u00e0 vous aider \u00e0 construire de mani\u00e8re plus intelligente, plus s\u00fbre et plus efficace, d\u00e8s le d\u00e9part. <\/p>\n<\/div>\n                                                    <div class=\"mt-8\">\n                        <a class=\"btn black\" href=\"https:\/\/alimak.com\/fr\/nous-contacter\/\" target=\"\">\n                            <span>Contactez-nous<\/span>\n                            <span>\n                                                                    <svg width=\"24\" height=\"11\" viewBox=\"0 0 24 11\" fill=\"none\" xmlns=\"http:\/\/www.w3.org\/2000\/svg\">\n                                    <path class=\"stroke-white\" d=\"M0 5.50098H22\" stroke=\"white\" stroke-width=\"1.5\"\/>\n                                    <path class=\"stroke-white\" d=\"M17.5 1.00098L22 5.50098L17.5 10.001\" stroke=\"white\" stroke-width=\"1.5\"\/>\n                                    <\/svg>\n                                                            <\/span>\n                        <\/a>\n                    <\/div>\n                            <\/div>\n        <\/div>\n      <\/div>\n    <\/div>\n<\/section>\n","protected":false},"excerpt":{"rendered":"<p>Lorsque les grands projets de construction commencent \u00e0 prendre forme, la logistique verticale est souvent n\u00e9glig\u00e9e. Beaucoup se concentrent sur&#8230;<\/p>\n","protected":false},"author":2,"featured_media":0,"parent":14781,"menu_order":0,"comment_status":"closed","ping_status":"closed","template":"","meta":{"_acf_changed":false,"footnotes":""},"class_list":["post-14994","page","type-page","status-publish","hentry"],"acf":[],"yoast_head":"<!-- This site is optimized with the Yoast SEO plugin v27.3 - https:\/\/yoast.com\/product\/yoast-seo-wordpress\/ -->\n<title>Conseil en acc\u00e8s vertical d\u00e8s la phase initiale (temporaire) - Alimak<\/title>\n<meta name=\"robots\" content=\"index, follow, max-snippet:-1, max-image-preview:large, max-video-preview:-1\" \/>\n<link rel=\"canonical\" href=\"https:\/\/alimak.com\/fr\/solutions-temporaires\/pieces-et-services-temporaire\/conseil-en-acces-vertical-des-la-phase-initiale-temporaire\/\" \/>\n<meta property=\"og:locale\" content=\"fr_FR\" \/>\n<meta property=\"og:type\" content=\"article\" \/>\n<meta property=\"og:title\" content=\"Conseil en acc\u00e8s vertical d\u00e8s la phase initiale (temporaire) - Alimak\" \/>\n<meta property=\"og:description\" content=\"Lorsque les grands projets de construction commencent \u00e0 prendre forme, la logistique verticale est souvent n\u00e9glig\u00e9e. Beaucoup se concentrent sur...\" \/>\n<meta property=\"og:url\" content=\"https:\/\/alimak.com\/fr\/solutions-temporaires\/pieces-et-services-temporaire\/conseil-en-acces-vertical-des-la-phase-initiale-temporaire\/\" \/>\n<meta property=\"og:site_name\" content=\"Alimak\" \/>\n<meta property=\"article:modified_time\" content=\"2026-03-18T12:54:59+00:00\" \/>\n<meta name=\"twitter:card\" content=\"summary_large_image\" \/>\n<script type=\"application\/ld+json\" class=\"yoast-schema-graph\">{\"@context\":\"https:\\\/\\\/schema.org\",\"@graph\":[{\"@type\":\"WebPage\",\"@id\":\"https:\\\/\\\/alimak.com\\\/fr\\\/solutions-temporaires\\\/pieces-et-services-temporaire\\\/conseil-en-acces-vertical-des-la-phase-initiale-temporaire\\\/\",\"url\":\"https:\\\/\\\/alimak.com\\\/fr\\\/solutions-temporaires\\\/pieces-et-services-temporaire\\\/conseil-en-acces-vertical-des-la-phase-initiale-temporaire\\\/\",\"name\":\"Conseil en acc\u00e8s vertical d\u00e8s la phase initiale (temporaire) - Alimak\",\"isPartOf\":{\"@id\":\"https:\\\/\\\/alimak.com\\\/#website\"},\"datePublished\":\"2026-01-28T10:35:39+00:00\",\"dateModified\":\"2026-03-18T12:54:59+00:00\",\"breadcrumb\":{\"@id\":\"https:\\\/\\\/alimak.com\\\/fr\\\/solutions-temporaires\\\/pieces-et-services-temporaire\\\/conseil-en-acces-vertical-des-la-phase-initiale-temporaire\\\/#breadcrumb\"},\"inLanguage\":\"fr-FR\",\"potentialAction\":[{\"@type\":\"ReadAction\",\"target\":[\"https:\\\/\\\/alimak.com\\\/fr\\\/solutions-temporaires\\\/pieces-et-services-temporaire\\\/conseil-en-acces-vertical-des-la-phase-initiale-temporaire\\\/\"]}]},{\"@type\":\"BreadcrumbList\",\"@id\":\"https:\\\/\\\/alimak.com\\\/fr\\\/solutions-temporaires\\\/pieces-et-services-temporaire\\\/conseil-en-acces-vertical-des-la-phase-initiale-temporaire\\\/#breadcrumb\",\"itemListElement\":[{\"@type\":\"ListItem\",\"position\":1,\"name\":\"Home\",\"item\":\"https:\\\/\\\/alimak.com\\\/fr\\\/\"},{\"@type\":\"ListItem\",\"position\":2,\"name\":\"Solutions temporaires\",\"item\":\"https:\\\/\\\/alimak.com\\\/fr\\\/solutions-temporaires\\\/\"},{\"@type\":\"ListItem\",\"position\":3,\"name\":\"Pi\u00e8ces et services (temporaire)\",\"item\":\"https:\\\/\\\/alimak.com\\\/fr\\\/solutions-temporaires\\\/pieces-et-services-temporaire\\\/\"},{\"@type\":\"ListItem\",\"position\":4,\"name\":\"Conseil en acc\u00e8s vertical d\u00e8s la phase initiale (temporaire)\"}]},{\"@type\":\"WebSite\",\"@id\":\"https:\\\/\\\/alimak.com\\\/#website\",\"url\":\"https:\\\/\\\/alimak.com\\\/\",\"name\":\"Alimak\",\"description\":\"\",\"potentialAction\":[{\"@type\":\"SearchAction\",\"target\":{\"@type\":\"EntryPoint\",\"urlTemplate\":\"https:\\\/\\\/alimak.com\\\/?s={search_term_string}\"},\"query-input\":{\"@type\":\"PropertyValueSpecification\",\"valueRequired\":true,\"valueName\":\"search_term_string\"}}],\"inLanguage\":\"fr-FR\"}]}<\/script>\n<!-- \/ Yoast SEO plugin. -->","yoast_head_json":{"title":"Conseil en acc\u00e8s vertical d\u00e8s la phase initiale (temporaire) - Alimak","robots":{"index":"index","follow":"follow","max-snippet":"max-snippet:-1","max-image-preview":"max-image-preview:large","max-video-preview":"max-video-preview:-1"},"canonical":"https:\/\/alimak.com\/fr\/solutions-temporaires\/pieces-et-services-temporaire\/conseil-en-acces-vertical-des-la-phase-initiale-temporaire\/","og_locale":"fr_FR","og_type":"article","og_title":"Conseil en acc\u00e8s vertical d\u00e8s la phase initiale (temporaire) - Alimak","og_description":"Lorsque les grands projets de construction commencent \u00e0 prendre forme, la logistique verticale est souvent n\u00e9glig\u00e9e. Beaucoup se concentrent sur...","og_url":"https:\/\/alimak.com\/fr\/solutions-temporaires\/pieces-et-services-temporaire\/conseil-en-acces-vertical-des-la-phase-initiale-temporaire\/","og_site_name":"Alimak","article_modified_time":"2026-03-18T12:54:59+00:00","twitter_card":"summary_large_image","schema":{"@context":"https:\/\/schema.org","@graph":[{"@type":"WebPage","@id":"https:\/\/alimak.com\/fr\/solutions-temporaires\/pieces-et-services-temporaire\/conseil-en-acces-vertical-des-la-phase-initiale-temporaire\/","url":"https:\/\/alimak.com\/fr\/solutions-temporaires\/pieces-et-services-temporaire\/conseil-en-acces-vertical-des-la-phase-initiale-temporaire\/","name":"Conseil en acc\u00e8s vertical d\u00e8s la phase initiale (temporaire) - Alimak","isPartOf":{"@id":"https:\/\/alimak.com\/#website"},"datePublished":"2026-01-28T10:35:39+00:00","dateModified":"2026-03-18T12:54:59+00:00","breadcrumb":{"@id":"https:\/\/alimak.com\/fr\/solutions-temporaires\/pieces-et-services-temporaire\/conseil-en-acces-vertical-des-la-phase-initiale-temporaire\/#breadcrumb"},"inLanguage":"fr-FR","potentialAction":[{"@type":"ReadAction","target":["https:\/\/alimak.com\/fr\/solutions-temporaires\/pieces-et-services-temporaire\/conseil-en-acces-vertical-des-la-phase-initiale-temporaire\/"]}]},{"@type":"BreadcrumbList","@id":"https:\/\/alimak.com\/fr\/solutions-temporaires\/pieces-et-services-temporaire\/conseil-en-acces-vertical-des-la-phase-initiale-temporaire\/#breadcrumb","itemListElement":[{"@type":"ListItem","position":1,"name":"Home","item":"https:\/\/alimak.com\/fr\/"},{"@type":"ListItem","position":2,"name":"Solutions temporaires","item":"https:\/\/alimak.com\/fr\/solutions-temporaires\/"},{"@type":"ListItem","position":3,"name":"Pi\u00e8ces et services (temporaire)","item":"https:\/\/alimak.com\/fr\/solutions-temporaires\/pieces-et-services-temporaire\/"},{"@type":"ListItem","position":4,"name":"Conseil en acc\u00e8s vertical d\u00e8s la phase initiale (temporaire)"}]},{"@type":"WebSite","@id":"https:\/\/alimak.com\/#website","url":"https:\/\/alimak.com\/","name":"Alimak","description":"","potentialAction":[{"@type":"SearchAction","target":{"@type":"EntryPoint","urlTemplate":"https:\/\/alimak.com\/?s={search_term_string}"},"query-input":{"@type":"PropertyValueSpecification","valueRequired":true,"valueName":"search_term_string"}}],"inLanguage":"fr-FR"}]}},"_links":{"self":[{"href":"https:\/\/alimak.com\/fr\/wp-json\/wp\/v2\/pages\/14994","targetHints":{"allow":["GET"]}}],"collection":[{"href":"https:\/\/alimak.com\/fr\/wp-json\/wp\/v2\/pages"}],"about":[{"href":"https:\/\/alimak.com\/fr\/wp-json\/wp\/v2\/types\/page"}],"author":[{"embeddable":true,"href":"https:\/\/alimak.com\/fr\/wp-json\/wp\/v2\/users\/2"}],"replies":[{"embeddable":true,"href":"https:\/\/alimak.com\/fr\/wp-json\/wp\/v2\/comments?post=14994"}],"version-history":[{"count":1,"href":"https:\/\/alimak.com\/fr\/wp-json\/wp\/v2\/pages\/14994\/revisions"}],"predecessor-version":[{"id":14997,"href":"https:\/\/alimak.com\/fr\/wp-json\/wp\/v2\/pages\/14994\/revisions\/14997"}],"up":[{"embeddable":true,"href":"https:\/\/alimak.com\/fr\/wp-json\/wp\/v2\/pages\/14781"}],"wp:attachment":[{"href":"https:\/\/alimak.com\/fr\/wp-json\/wp\/v2\/media?parent=14994"}],"curies":[{"name":"wp","href":"https:\/\/api.w.org\/{rel}","templated":true}]}}