{"id":15052,"date":"2025-09-11T11:31:54","date_gmt":"2025-09-11T11:31:54","guid":{"rendered":"https:\/\/alimak.com\/solutions-temporaires\/pieces-et-services-temporaire\/solutions-de-remise-a-neuf-temporaire\/"},"modified":"2026-03-18T13:15:26","modified_gmt":"2026-03-18T13:15:26","slug":"solutions-de-remise-a-neuf-temporaire","status":"publish","type":"page","link":"https:\/\/alimak.com\/fr\/solutions-temporaires\/pieces-et-services-temporaire\/solutions-de-remise-a-neuf-temporaire\/","title":{"rendered":"Solutions de remise \u00e0 neuf (temporaire)"},"content":{"rendered":"\n<section class=\"small-hero border-b bg-black border-darkGrey text-white pt-0 pb-0\">\n            <div class=\"relative\">\n            <div class=\"hero-overlay relative\">\n                                    <picture class=\"w-full\"><source media=\"(max-width:639px)\" srcset=\"https:\/\/images.ohmyhosting.se\/tNTnMGZHO-l5CgNSGv8NTWGgzQ8=\/390x461\/smart\/filters:quality(85)\/https%3A%2F%2Falimak.com%2Fwp-content%2Fuploads%2F2026%2F02%2FIMG_3040-scaled.jpg 1x, https:\/\/images.ohmyhosting.se\/s23Vy0wvRjvG_ZfLwgcS453tffw=\/780x922\/smart\/filters:quality(85)\/https%3A%2F%2Falimak.com%2Fwp-content%2Fuploads%2F2026%2F02%2FIMG_3040-scaled.jpg 2x\"><source media=\"(max-width:1022px)\" srcset=\"https:\/\/images.ohmyhosting.se\/riNqYEoCafCmq3zbp0a5Tj3TQoQ=\/805x951\/smart\/filters:quality(85)\/https%3A%2F%2Falimak.com%2Fwp-content%2Fuploads%2F2026%2F02%2FIMG_3040-scaled.jpg 1x, https:\/\/images.ohmyhosting.se\/TbQ6SK7mkB0etbDFDXaTBEKKkFk=\/1610x1902\/smart\/filters:quality(85)\/https%3A%2F%2Falimak.com%2Fwp-content%2Fuploads%2F2026%2F02%2FIMG_3040-scaled.jpg 2x\"><img decoding=\"async\" src=\"https:\/\/images.ohmyhosting.se\/zHyectG6Y5BR_mTElJhGhW03OW4=\/2545x814\/smart\/filters:quality(85)\/https%3A%2F%2Falimak.com%2Fwp-content%2Fuploads%2F2026%2F02%2FIMG_3040-scaled.jpg\" srcset=\"https:\/\/images.ohmyhosting.se\/zHyectG6Y5BR_mTElJhGhW03OW4=\/2545x814\/smart\/filters:quality(85)\/https%3A%2F%2Falimak.com%2Fwp-content%2Fuploads%2F2026%2F02%2FIMG_3040-scaled.jpg 1x, https:\/\/images.ohmyhosting.se\/ZY1428kMpqVIea1V8AOz0SkAe5k=\/5090x1628\/smart\/filters:quality(85)\/https%3A%2F%2Falimak.com%2Fwp-content%2Fuploads%2F2026%2F02%2FIMG_3040-scaled.jpg 2x\" alt=\"\" class=\"w-full object-cover w-full max-h-[90vh]\" width=\"2545\" height=\"814\" \/><\/picture>                            <\/div>\n            <div class=\"absolute inset-0 z-10 flex flex-col justify-end\">\n                <div class=\"holder\">\n                    <div class=\"grid grid-cols-12 gap-4 pb-16\">\n                        <div class=\"col-span-12 lg:col-span-7\">\n                                                    <p class=\"md:text-20 font-medium leading-[1.25] mb-1\">Solutions temporaires<\/p>\n                                                    <h1 class=\"text-28 md:text-52 leading-[1.3] lg:max-w-[625px]\"><p>Solutions de remise \u00e0 neuf<\/p>\n<\/h1>\n                            <div class=\"wysiwyg pt-5 leading-[1.6] hidden lg:block lg:max-w-[512px]\"><p>Les syst\u00e8mes d&#8217;acc\u00e8s vertical temporaires Alimak sont reconnus dans le monde entier pour leur fiabilit\u00e9 et leur longue dur\u00e9e de vie op\u00e9rationnelle. Avec le temps et les am\u00e9liorations apport\u00e9es aux installations existantes, une solution de remise \u00e0 neuf peut s&#8217;av\u00e9rer n\u00e9cessaire. Les solutions de remise \u00e0 neuf constituent un choix durable et prolongent la dur\u00e9e de vie op\u00e9rationnelle de l&#8217;\u00e9quipement en restaurant les performances et en mettant \u00e0 jour les syst\u00e8mes de commande pour se conformer aux exigences de s\u00e9curit\u00e9 modernes. Les remises \u00e0 neuf peuvent am\u00e9liorer le fonctionnement s\u00fbr des syst\u00e8mes d&#8217;acc\u00e8s vertical, r\u00e9duire les temps d&#8217;arr\u00eat, optimiser la productivit\u00e9 et prolonger la dur\u00e9e de vie op\u00e9rationnelle de l&#8217;\u00e9quipement.   <\/p>\n<\/div>\n                        <\/div>\n                    <\/div>\n                <\/div>\n            <\/div>\n        <\/div>\n                    <div class=\"lg:hidden py-12 border-b border-darkGrey\">\n                <div class=\"holder\">\n                    <div class=\"wysiwyg leading-[1.6]\"><p>Les syst\u00e8mes d&#8217;acc\u00e8s vertical temporaires Alimak sont reconnus dans le monde entier pour leur fiabilit\u00e9 et leur longue dur\u00e9e de vie op\u00e9rationnelle. Avec le temps et les am\u00e9liorations apport\u00e9es aux installations existantes, une solution de remise \u00e0 neuf peut s&#8217;av\u00e9rer n\u00e9cessaire. Les solutions de remise \u00e0 neuf constituent un choix durable et prolongent la dur\u00e9e de vie op\u00e9rationnelle de l&#8217;\u00e9quipement en restaurant les performances et en mettant \u00e0 jour les syst\u00e8mes de commande pour se conformer aux exigences de s\u00e9curit\u00e9 modernes. Les remises \u00e0 neuf peuvent am\u00e9liorer le fonctionnement s\u00fbr des syst\u00e8mes d&#8217;acc\u00e8s vertical, r\u00e9duire les temps d&#8217;arr\u00eat, optimiser la productivit\u00e9 et prolonger la dur\u00e9e de vie op\u00e9rationnelle de l&#8217;\u00e9quipement.   <\/p>\n<\/div>\n                <\/div>\n            <\/div>\n        \n    <\/section>\n<section class=\"text-img bg-white text-black border-lightGrey   pt-6 lg:pt-12 pb-6 lg:pb-12\">\n    <div class=\"holder\">\n      <div class=\"grid grid-cols-12 gap-4 items-center\">\n        <div class=\"col-span-12 lg:col-span-6 2.5xl:col-span-8 \">\n                            <div class=\"text-img-overlay relative mb-8 md:mb-0 max-w-[852px] \">\n                    <picture class=\"w-full\"><source media=\"(max-width:639px)\" srcset=\"https:\/\/images.ohmyhosting.se\/QBUuvbNtoq1DqFiUWZNdPyGanek=\/382x237\/smart\/filters:quality(85)\/https%3A%2F%2Falimak.com%2Fwp-content%2Fuploads%2F2025%2F10%2FALIMAK-TPM-2-scaled-e1771422704369.jpg 1x, https:\/\/images.ohmyhosting.se\/ZZnK9VUcjIR4j9K97tj-Lw3PQGQ=\/764x474\/smart\/filters:quality(85)\/https%3A%2F%2Falimak.com%2Fwp-content%2Fuploads%2F2025%2F10%2FALIMAK-TPM-2-scaled-e1771422704369.jpg 2x\"><source media=\"(max-width:1022px)\" srcset=\"https:\/\/images.ohmyhosting.se\/j8LilqNhnt8ztPsUiE5ZatB7kt4=\/773x480\/smart\/filters:quality(85)\/https%3A%2F%2Falimak.com%2Fwp-content%2Fuploads%2F2025%2F10%2FALIMAK-TPM-2-scaled-e1771422704369.jpg 1x, https:\/\/images.ohmyhosting.se\/jbQbOjBaJBK8AxiGn1kc0JQdCXk=\/1546x960\/smart\/filters:quality(85)\/https%3A%2F%2Falimak.com%2Fwp-content%2Fuploads%2F2025%2F10%2FALIMAK-TPM-2-scaled-e1771422704369.jpg 2x\"><img decoding=\"async\" src=\"https:\/\/images.ohmyhosting.se\/Xef-D9MeMW8rt0-2oUHpIXzCGSU=\/852x530\/smart\/filters:quality(85)\/https%3A%2F%2Falimak.com%2Fwp-content%2Fuploads%2F2025%2F10%2FALIMAK-TPM-2-scaled-e1771422704369.jpg\" srcset=\"https:\/\/images.ohmyhosting.se\/Xef-D9MeMW8rt0-2oUHpIXzCGSU=\/852x530\/smart\/filters:quality(85)\/https%3A%2F%2Falimak.com%2Fwp-content%2Fuploads%2F2025%2F10%2FALIMAK-TPM-2-scaled-e1771422704369.jpg 1x, https:\/\/images.ohmyhosting.se\/s1P8ZSBifDQSJM_ZFWQGTgGON4Y=\/1704x1060\/smart\/filters:quality(85)\/https%3A%2F%2Falimak.com%2Fwp-content%2Fuploads%2F2025%2F10%2FALIMAK-TPM-2-scaled-e1771422704369.jpg 2x\" alt=\"\" class=\"w-full w-full rounded-[12px] object-cover\" width=\"852\" height=\"530\" \/><\/picture>                                        <\/div>\n            \n        <\/div>\n        <div class=\"col-span-12 lg:col-span-6 2.5xl:col-span-4 flex flex-col justify-center \">\n            <div class=\"\">\n                                    <h2 class=\"text-24 md:text-36 leading-[1.3] font-medium mb-4\">Remises \u00e0 neuf compl\u00e8tes<\/h2>\n                                                    <div class=\"wysiwyg leading-[1.6] text-numbersGrey\"><p>Prolongez la dur\u00e9e de vie op\u00e9rationnelle de l&#8217;\u00e9quipement gr\u00e2ce \u00e0 une r\u00e9vision compl\u00e8te ou partielle des syst\u00e8mes structurels, m\u00e9caniques et de s\u00e9curit\u00e9. Nos centres de service disposent de techniciens d\u00e9di\u00e9s et de ressources pour g\u00e9rer l&#8217;ensemble du processus de remise \u00e0 neuf, de l&#8217;\u00e9valuation initiale jusqu&#8217;\u00e0 l&#8217;installation finale et la recertification. Pour les remises \u00e0 neuf de haute complexit\u00e9 ou d&#8217;envergure majeure, Alimak utilise l&#8217;installation de fabrication de pointe de Skellefte\u00e5, en Su\u00e8de.  <\/p>\n<\/div>\n                                            <\/div>\n        <\/div>\n      <\/div>\n    <\/div>\n<\/section>\n\n<section class=\"text-img bg-white text-black border-lightGrey   pt-6 lg:pt-12 pb-6 lg:pb-12\">\n    <div class=\"holder\">\n      <div class=\"grid grid-cols-12 gap-4 items-center\">\n        <div class=\"col-span-12 lg:col-span-6 2.5xl:col-span-8  order-1 lg:order-2\">\n                            <div class=\"text-img-overlay relative mb-8 md:mb-0 max-w-[852px] lg:ml-auto\">\n                    <picture class=\"w-full\"><source media=\"(max-width:639px)\" srcset=\"https:\/\/images.ohmyhosting.se\/y2h3HBcrI7WcCNMkHKBBJFBkPc0=\/382x237\/smart\/filters:quality(85)\/https%3A%2F%2Falimak.com%2Fwp-content%2Fuploads%2F2025%2F12%2FKappa-2.jpg 1x, https:\/\/images.ohmyhosting.se\/yHz8uGMOt24Mw7dtHGe-iQOim4Y=\/764x474\/smart\/filters:quality(85)\/https%3A%2F%2Falimak.com%2Fwp-content%2Fuploads%2F2025%2F12%2FKappa-2.jpg 2x\"><source media=\"(max-width:1022px)\" srcset=\"https:\/\/images.ohmyhosting.se\/qKHNn8X_hc2zduCF30JobDrNdHg=\/773x480\/smart\/filters:quality(85)\/https%3A%2F%2Falimak.com%2Fwp-content%2Fuploads%2F2025%2F12%2FKappa-2.jpg 1x, https:\/\/images.ohmyhosting.se\/mll1iLeffeEoniFw2Q8WkVEjIZs=\/1546x960\/smart\/filters:quality(85)\/https%3A%2F%2Falimak.com%2Fwp-content%2Fuploads%2F2025%2F12%2FKappa-2.jpg 2x\"><img decoding=\"async\" src=\"https:\/\/images.ohmyhosting.se\/cVEZTszjtt3hn2pkFAle-NwSaGM=\/852x530\/smart\/filters:quality(85)\/https%3A%2F%2Falimak.com%2Fwp-content%2Fuploads%2F2025%2F12%2FKappa-2.jpg\" srcset=\"https:\/\/images.ohmyhosting.se\/cVEZTszjtt3hn2pkFAle-NwSaGM=\/852x530\/smart\/filters:quality(85)\/https%3A%2F%2Falimak.com%2Fwp-content%2Fuploads%2F2025%2F12%2FKappa-2.jpg 1x, https:\/\/images.ohmyhosting.se\/dG34BZAYqTz_UWlnso926SN0qYg=\/1704x1060\/smart\/filters:quality(85)\/https%3A%2F%2Falimak.com%2Fwp-content%2Fuploads%2F2025%2F12%2FKappa-2.jpg 2x\" alt=\"\" class=\"w-full w-full rounded-[12px] object-cover\" width=\"852\" height=\"530\" \/><\/picture>                                        <\/div>\n            \n        <\/div>\n        <div class=\"col-span-12 lg:col-span-6 2.5xl:col-span-4 flex flex-col justify-center  order-2 lg:order-1\">\n            <div class=\"\">\n                                    <h2 class=\"text-24 md:text-36 leading-[1.3] font-medium mb-4\">Mises \u00e0 niveau de produits<\/h2>\n                                                    <div class=\"wysiwyg leading-[1.6] text-numbersGrey\"><p>Un programme ax\u00e9 sur un composant individuel ou un nombre limit\u00e9 de composants cl\u00e9s pour am\u00e9liorer les performances ou la fonctionnalit\u00e9 de l&#8217;\u00e9quipement. Les mises \u00e0 niveau sont normalement requises lorsque des composants sur mesure ou anciens deviennent obsol\u00e8tes ou non viables \u00e0 r\u00e9parer. Alimak est expert dans la fourniture de solutions pour la mise \u00e0 niveau des syst\u00e8mes \u00e9lectriques, de commande et m\u00e9caniques.  <\/p>\n<\/div>\n                                            <\/div>\n        <\/div>\n      <\/div>\n    <\/div>\n<\/section>\n\n<section class=\"text-img bg-white text-black border-lightGrey   pt-6 lg:pt-12 pb-6 lg:pb-12\">\n    <div class=\"holder\">\n      <div class=\"grid grid-cols-12 gap-4 items-center\">\n        <div class=\"col-span-12 lg:col-span-6 2.5xl:col-span-8 \">\n                            <div class=\"text-img-overlay relative mb-8 md:mb-0 max-w-[852px] \">\n                    <picture class=\"w-full\"><source media=\"(max-width:639px)\" srcset=\"https:\/\/images.ohmyhosting.se\/sqUwNbH-KjcsaBM0NCpdEPtc-O0=\/382x237\/smart\/filters:quality(85)\/https%3A%2F%2Falimak.com%2Fwp-content%2Fuploads%2F2026%2F02%2FIMAGE_352.jpg 1x, https:\/\/images.ohmyhosting.se\/0_0KOTLm1UCSOS7cSvkXm63HkgE=\/764x474\/smart\/filters:quality(85)\/https%3A%2F%2Falimak.com%2Fwp-content%2Fuploads%2F2026%2F02%2FIMAGE_352.jpg 2x\"><source media=\"(max-width:1022px)\" srcset=\"https:\/\/images.ohmyhosting.se\/HyZzzoaIbRKu2RoUtWBQL3eKZNY=\/773x480\/smart\/filters:quality(85)\/https%3A%2F%2Falimak.com%2Fwp-content%2Fuploads%2F2026%2F02%2FIMAGE_352.jpg 1x, https:\/\/images.ohmyhosting.se\/sviiaQOSx82pZWFpJv8vOdM40WE=\/1546x960\/smart\/filters:quality(85)\/https%3A%2F%2Falimak.com%2Fwp-content%2Fuploads%2F2026%2F02%2FIMAGE_352.jpg 2x\"><img decoding=\"async\" src=\"https:\/\/images.ohmyhosting.se\/1xXrNKKIVR_hYjB4h00uhH88jxs=\/852x530\/smart\/filters:quality(85)\/https%3A%2F%2Falimak.com%2Fwp-content%2Fuploads%2F2026%2F02%2FIMAGE_352.jpg\" srcset=\"https:\/\/images.ohmyhosting.se\/1xXrNKKIVR_hYjB4h00uhH88jxs=\/852x530\/smart\/filters:quality(85)\/https%3A%2F%2Falimak.com%2Fwp-content%2Fuploads%2F2026%2F02%2FIMAGE_352.jpg 1x, https:\/\/images.ohmyhosting.se\/_gMF6uc8QEQC4CS4TTNZ1EnCN84=\/1704x1060\/smart\/filters:quality(85)\/https%3A%2F%2Falimak.com%2Fwp-content%2Fuploads%2F2026%2F02%2FIMAGE_352.jpg 2x\" alt=\"\" class=\"w-full w-full rounded-[12px] object-cover\" width=\"852\" height=\"530\" \/><\/picture>                                        <\/div>\n            \n        <\/div>\n        <div class=\"col-span-12 lg:col-span-6 2.5xl:col-span-4 flex flex-col justify-center \">\n            <div class=\"\">\n                                    <h2 class=\"text-24 md:text-36 leading-[1.3] font-medium mb-4\">Les solutions de remise \u00e0 neuf Alimak comprennent :<\/h2>\n                                                    <div class=\"wysiwyg leading-[1.6] text-numbersGrey\"><ul>\n<li>Inspection compl\u00e8te et rapport d&#8217;\u00e9valuation de l&#8217;\u00e9quipement<\/li>\n<li>Proposition d\u00e9taill\u00e9e pour aider le client \u00e0 prendre une d\u00e9cision \u00e9clair\u00e9e quant \u00e0 la rentabilit\u00e9 de la remise \u00e0 neuf<\/li>\n<li>Travaux effectu\u00e9s par des techniciens hautement qualifi\u00e9s, enti\u00e8rement garantis et conformes aux derni\u00e8res normes de l&#8217;industrie<\/li>\n<li>Pi\u00e8ces de rechange d&#8217;origine Alimak pour la qualit\u00e9 et la long\u00e9vit\u00e9<\/li>\n<\/ul>\n<p>Une solution remise \u00e0 neuf r\u00e9duira les temps d&#8217;arr\u00eat et les d\u00e9sagr\u00e9ments caus\u00e9s par des r\u00e9parations non planifi\u00e9es ou des performances r\u00e9duites d&#8217;un \u00e9quipement vieillissant pendant le cycle de vie normal, ou d&#8217;un \u00e9quipement expos\u00e9 \u00e0 des conditions environnementales ou op\u00e9rationnelles s\u00e9v\u00e8res.<\/p>\n<\/div>\n                                            <\/div>\n        <\/div>\n      <\/div>\n    <\/div>\n<\/section>\n\n<section class=\"cta-banner bg-black text-white  pt-0 pb-6 lg:pb-12\">\n    <div class=\"relative\">\n                    <div class=\"cta-banner-overlay relative\">\n                <picture class=\"w-full\"><source media=\"(max-width:639px)\" srcset=\"https:\/\/images.ohmyhosting.se\/830LuN8tJnlhxBlrnP81Cn_re_Q=\/399x377\/smart\/filters:quality(85)\/https%3A%2F%2Falimak.com%2Fwp-content%2Fuploads%2F2025%2F09%2Fd2291df879d3d9219aa41f082605eabd3250e5e9.jpg 1x, https:\/\/images.ohmyhosting.se\/hU69TdXunvGuEgABsWLfplJ9_PU=\/798x754\/smart\/filters:quality(85)\/https%3A%2F%2Falimak.com%2Fwp-content%2Fuploads%2F2025%2F09%2Fd2291df879d3d9219aa41f082605eabd3250e5e9.jpg 2x\"><source media=\"(max-width:1022px)\" srcset=\"https:\/\/images.ohmyhosting.se\/sUTJ0HNsfwEJpnAiEjhFWb9u1pw=\/805x760\/smart\/filters:quality(85)\/https%3A%2F%2Falimak.com%2Fwp-content%2Fuploads%2F2025%2F09%2Fd2291df879d3d9219aa41f082605eabd3250e5e9.jpg 1x, https:\/\/images.ohmyhosting.se\/mrEIaFoAUgmLUkHNnjAqabwhsRU=\/1610x1520\/smart\/filters:quality(85)\/https%3A%2F%2Falimak.com%2Fwp-content%2Fuploads%2F2025%2F09%2Fd2291df879d3d9219aa41f082605eabd3250e5e9.jpg 2x\"><img decoding=\"async\" src=\"https:\/\/images.ohmyhosting.se\/RHe0oE3TlTETH41w2OoXpWjHYH8=\/2545x1053\/smart\/filters:quality(85)\/https%3A%2F%2Falimak.com%2Fwp-content%2Fuploads%2F2025%2F09%2Fd2291df879d3d9219aa41f082605eabd3250e5e9.jpg\" srcset=\"https:\/\/images.ohmyhosting.se\/RHe0oE3TlTETH41w2OoXpWjHYH8=\/2545x1053\/smart\/filters:quality(85)\/https%3A%2F%2Falimak.com%2Fwp-content%2Fuploads%2F2025%2F09%2Fd2291df879d3d9219aa41f082605eabd3250e5e9.jpg 1x, https:\/\/images.ohmyhosting.se\/AdhHQjA7d3yK0NqyO3xGggVMQX4=\/5090x2106\/smart\/filters:quality(85)\/https%3A%2F%2Falimak.com%2Fwp-content%2Fuploads%2F2025%2F09%2Fd2291df879d3d9219aa41f082605eabd3250e5e9.jpg 2x\" alt=\"\" class=\"w-full w-full h-full object-cover\" width=\"2545\" height=\"1053\" \/><\/picture>            <\/div>\n                <div class=\"absolute inset-0 z-[2]\">\n            <div class=\"holder\">\n                <div class=\"grid grid-cols-12 gap-4\">\n                    <div class=\"col-span-12 lg:col-span-6 lg:col-start-7 pt-16\">\n                        <h3 class=\"text-28 md:text-44 lg:max-w-[500px] leading-tight\">Contactez-nous pour plus d&#8217;informations ou un devis<\/h3>\n                                                    <div class=\"mt-8\">\n                                <a class=\"btn\" href=\"https:\/\/alimak.com\/fr\/nous-contacter\/\" target=\"\">\n                                    <span>Nous contacter<\/span>\n                                    <span>\n                                        <svg width=\"24\" height=\"11\" viewBox=\"0 0 24 11\" fill=\"none\" xmlns=\"http:\/\/www.w3.org\/2000\/svg\">\n                                        <path d=\"M0 5.5H22\" stroke=\"black\" stroke-width=\"1.5\"\/>\n                                        <path d=\"M17.5 1L22 5.5L17.5 10\" stroke=\"black\" stroke-width=\"1.5\"\/>\n                                        <\/svg>\n                                    <\/span>\n                                <\/a>\n                            <\/div>\n                                            <\/div>\n                <\/div>\n            <\/div>\n        <\/div>\n    <\/div>\n<\/section>\n","protected":false},"excerpt":{"rendered":"<p>Les syst\u00e8mes d&#8217;acc\u00e8s vertical temporaires Alimak sont reconnus dans le monde entier pour leur fiabilit\u00e9 et leur longue dur\u00e9e de&#8230;<\/p>\n","protected":false},"author":1,"featured_media":0,"parent":14781,"menu_order":0,"comment_status":"closed","ping_status":"closed","template":"","meta":{"_acf_changed":false,"footnotes":""},"class_list":["post-15052","page","type-page","status-publish","hentry"],"acf":[],"yoast_head":"<!-- This site is optimized with the Yoast SEO plugin v27.3 - https:\/\/yoast.com\/product\/yoast-seo-wordpress\/ -->\n<title>Solutions de remise \u00e0 neuf (temporaire) - Alimak<\/title>\n<meta name=\"robots\" content=\"index, follow, max-snippet:-1, max-image-preview:large, max-video-preview:-1\" \/>\n<link rel=\"canonical\" href=\"https:\/\/alimak.com\/fr\/solutions-temporaires\/pieces-et-services-temporaire\/solutions-de-remise-a-neuf-temporaire\/\" \/>\n<meta property=\"og:locale\" content=\"fr_FR\" \/>\n<meta property=\"og:type\" content=\"article\" \/>\n<meta property=\"og:title\" content=\"Solutions de remise \u00e0 neuf (temporaire) - Alimak\" \/>\n<meta property=\"og:description\" content=\"Les syst\u00e8mes d&#039;acc\u00e8s vertical temporaires Alimak sont reconnus dans le monde entier pour leur fiabilit\u00e9 et leur longue dur\u00e9e de...\" \/>\n<meta property=\"og:url\" content=\"https:\/\/alimak.com\/fr\/solutions-temporaires\/pieces-et-services-temporaire\/solutions-de-remise-a-neuf-temporaire\/\" \/>\n<meta property=\"og:site_name\" content=\"Alimak\" \/>\n<meta property=\"article:modified_time\" content=\"2026-03-18T13:15:26+00:00\" \/>\n<meta name=\"twitter:card\" content=\"summary_large_image\" \/>\n<script type=\"application\/ld+json\" class=\"yoast-schema-graph\">{\"@context\":\"https:\\\/\\\/schema.org\",\"@graph\":[{\"@type\":\"WebPage\",\"@id\":\"https:\\\/\\\/alimak.com\\\/fr\\\/solutions-temporaires\\\/pieces-et-services-temporaire\\\/solutions-de-remise-a-neuf-temporaire\\\/\",\"url\":\"https:\\\/\\\/alimak.com\\\/fr\\\/solutions-temporaires\\\/pieces-et-services-temporaire\\\/solutions-de-remise-a-neuf-temporaire\\\/\",\"name\":\"Solutions de remise \u00e0 neuf (temporaire) - Alimak\",\"isPartOf\":{\"@id\":\"https:\\\/\\\/alimak.com\\\/#website\"},\"datePublished\":\"2025-09-11T11:31:54+00:00\",\"dateModified\":\"2026-03-18T13:15:26+00:00\",\"breadcrumb\":{\"@id\":\"https:\\\/\\\/alimak.com\\\/fr\\\/solutions-temporaires\\\/pieces-et-services-temporaire\\\/solutions-de-remise-a-neuf-temporaire\\\/#breadcrumb\"},\"inLanguage\":\"fr-FR\",\"potentialAction\":[{\"@type\":\"ReadAction\",\"target\":[\"https:\\\/\\\/alimak.com\\\/fr\\\/solutions-temporaires\\\/pieces-et-services-temporaire\\\/solutions-de-remise-a-neuf-temporaire\\\/\"]}]},{\"@type\":\"BreadcrumbList\",\"@id\":\"https:\\\/\\\/alimak.com\\\/fr\\\/solutions-temporaires\\\/pieces-et-services-temporaire\\\/solutions-de-remise-a-neuf-temporaire\\\/#breadcrumb\",\"itemListElement\":[{\"@type\":\"ListItem\",\"position\":1,\"name\":\"Home\",\"item\":\"https:\\\/\\\/alimak.com\\\/fr\\\/\"},{\"@type\":\"ListItem\",\"position\":2,\"name\":\"Solutions temporaires\",\"item\":\"https:\\\/\\\/alimak.com\\\/fr\\\/solutions-temporaires\\\/\"},{\"@type\":\"ListItem\",\"position\":3,\"name\":\"Pi\u00e8ces et services (temporaire)\",\"item\":\"https:\\\/\\\/alimak.com\\\/fr\\\/solutions-temporaires\\\/pieces-et-services-temporaire\\\/\"},{\"@type\":\"ListItem\",\"position\":4,\"name\":\"Solutions de remise \u00e0 neuf (temporaire)\"}]},{\"@type\":\"WebSite\",\"@id\":\"https:\\\/\\\/alimak.com\\\/#website\",\"url\":\"https:\\\/\\\/alimak.com\\\/\",\"name\":\"Alimak\",\"description\":\"\",\"potentialAction\":[{\"@type\":\"SearchAction\",\"target\":{\"@type\":\"EntryPoint\",\"urlTemplate\":\"https:\\\/\\\/alimak.com\\\/?s={search_term_string}\"},\"query-input\":{\"@type\":\"PropertyValueSpecification\",\"valueRequired\":true,\"valueName\":\"search_term_string\"}}],\"inLanguage\":\"fr-FR\"}]}<\/script>\n<!-- \/ Yoast SEO plugin. -->","yoast_head_json":{"title":"Solutions de remise \u00e0 neuf (temporaire) - Alimak","robots":{"index":"index","follow":"follow","max-snippet":"max-snippet:-1","max-image-preview":"max-image-preview:large","max-video-preview":"max-video-preview:-1"},"canonical":"https:\/\/alimak.com\/fr\/solutions-temporaires\/pieces-et-services-temporaire\/solutions-de-remise-a-neuf-temporaire\/","og_locale":"fr_FR","og_type":"article","og_title":"Solutions de remise \u00e0 neuf (temporaire) - Alimak","og_description":"Les syst\u00e8mes d'acc\u00e8s vertical temporaires Alimak sont reconnus dans le monde entier pour leur fiabilit\u00e9 et leur longue dur\u00e9e de...","og_url":"https:\/\/alimak.com\/fr\/solutions-temporaires\/pieces-et-services-temporaire\/solutions-de-remise-a-neuf-temporaire\/","og_site_name":"Alimak","article_modified_time":"2026-03-18T13:15:26+00:00","twitter_card":"summary_large_image","schema":{"@context":"https:\/\/schema.org","@graph":[{"@type":"WebPage","@id":"https:\/\/alimak.com\/fr\/solutions-temporaires\/pieces-et-services-temporaire\/solutions-de-remise-a-neuf-temporaire\/","url":"https:\/\/alimak.com\/fr\/solutions-temporaires\/pieces-et-services-temporaire\/solutions-de-remise-a-neuf-temporaire\/","name":"Solutions de remise \u00e0 neuf (temporaire) - Alimak","isPartOf":{"@id":"https:\/\/alimak.com\/#website"},"datePublished":"2025-09-11T11:31:54+00:00","dateModified":"2026-03-18T13:15:26+00:00","breadcrumb":{"@id":"https:\/\/alimak.com\/fr\/solutions-temporaires\/pieces-et-services-temporaire\/solutions-de-remise-a-neuf-temporaire\/#breadcrumb"},"inLanguage":"fr-FR","potentialAction":[{"@type":"ReadAction","target":["https:\/\/alimak.com\/fr\/solutions-temporaires\/pieces-et-services-temporaire\/solutions-de-remise-a-neuf-temporaire\/"]}]},{"@type":"BreadcrumbList","@id":"https:\/\/alimak.com\/fr\/solutions-temporaires\/pieces-et-services-temporaire\/solutions-de-remise-a-neuf-temporaire\/#breadcrumb","itemListElement":[{"@type":"ListItem","position":1,"name":"Home","item":"https:\/\/alimak.com\/fr\/"},{"@type":"ListItem","position":2,"name":"Solutions temporaires","item":"https:\/\/alimak.com\/fr\/solutions-temporaires\/"},{"@type":"ListItem","position":3,"name":"Pi\u00e8ces et services (temporaire)","item":"https:\/\/alimak.com\/fr\/solutions-temporaires\/pieces-et-services-temporaire\/"},{"@type":"ListItem","position":4,"name":"Solutions de remise \u00e0 neuf (temporaire)"}]},{"@type":"WebSite","@id":"https:\/\/alimak.com\/#website","url":"https:\/\/alimak.com\/","name":"Alimak","description":"","potentialAction":[{"@type":"SearchAction","target":{"@type":"EntryPoint","urlTemplate":"https:\/\/alimak.com\/?s={search_term_string}"},"query-input":{"@type":"PropertyValueSpecification","valueRequired":true,"valueName":"search_term_string"}}],"inLanguage":"fr-FR"}]}},"_links":{"self":[{"href":"https:\/\/alimak.com\/fr\/wp-json\/wp\/v2\/pages\/15052","targetHints":{"allow":["GET"]}}],"collection":[{"href":"https:\/\/alimak.com\/fr\/wp-json\/wp\/v2\/pages"}],"about":[{"href":"https:\/\/alimak.com\/fr\/wp-json\/wp\/v2\/types\/page"}],"author":[{"embeddable":true,"href":"https:\/\/alimak.com\/fr\/wp-json\/wp\/v2\/users\/1"}],"replies":[{"embeddable":true,"href":"https:\/\/alimak.com\/fr\/wp-json\/wp\/v2\/comments?post=15052"}],"version-history":[{"count":1,"href":"https:\/\/alimak.com\/fr\/wp-json\/wp\/v2\/pages\/15052\/revisions"}],"predecessor-version":[{"id":15058,"href":"https:\/\/alimak.com\/fr\/wp-json\/wp\/v2\/pages\/15052\/revisions\/15058"}],"up":[{"embeddable":true,"href":"https:\/\/alimak.com\/fr\/wp-json\/wp\/v2\/pages\/14781"}],"wp:attachment":[{"href":"https:\/\/alimak.com\/fr\/wp-json\/wp\/v2\/media?parent=15052"}],"curies":[{"name":"wp","href":"https:\/\/api.w.org\/{rel}","templated":true}]}}