{"id":15115,"date":"2025-09-22T11:16:42","date_gmt":"2025-09-22T11:16:42","guid":{"rendered":"https:\/\/alimak.com\/solutions-permanentes\/pieces-et-services-permanent\/modernisation-et-remise-a-neuf-permanente\/"},"modified":"2026-03-18T13:15:41","modified_gmt":"2026-03-18T13:15:41","slug":"modernisation-et-remise-a-neuf-permanente","status":"publish","type":"page","link":"https:\/\/alimak.com\/fr\/solutions-permanentes\/pieces-et-services-permanent\/modernisation-et-remise-a-neuf-permanente\/","title":{"rendered":"Modernisation et remise \u00e0 neuf (permanente)"},"content":{"rendered":"\n<section class=\"small-hero border-b bg-black border-darkGrey text-white pt-0 pb-0\">\n            <div class=\"relative\">\n            <div class=\"hero-overlay relative\">\n                                    <picture class=\"w-full\"><source media=\"(max-width:639px)\" srcset=\"https:\/\/images.ohmyhosting.se\/8iQ_hSMFf9EsqPTZ57m7zoVHAp4=\/390x461\/smart\/filters:quality(85)\/https%3A%2F%2Falimak.com%2Fwp-content%2Fuploads%2F2026%2F03%2Felevator-refurb-scaled.jpg 1x, https:\/\/images.ohmyhosting.se\/nvKbYDxD9K_Brh51EMhxlQiCq2g=\/780x922\/smart\/filters:quality(85)\/https%3A%2F%2Falimak.com%2Fwp-content%2Fuploads%2F2026%2F03%2Felevator-refurb-scaled.jpg 2x\"><source media=\"(max-width:1022px)\" srcset=\"https:\/\/images.ohmyhosting.se\/ItF7Vsnf-8V4oO-TdPZUfHyBS7Q=\/805x951\/smart\/filters:quality(85)\/https%3A%2F%2Falimak.com%2Fwp-content%2Fuploads%2F2026%2F03%2Felevator-refurb-scaled.jpg 1x, https:\/\/images.ohmyhosting.se\/n1kItl78bfKsn4qumAZm4HIDqgU=\/1610x1902\/smart\/filters:quality(85)\/https%3A%2F%2Falimak.com%2Fwp-content%2Fuploads%2F2026%2F03%2Felevator-refurb-scaled.jpg 2x\"><img decoding=\"async\" src=\"https:\/\/images.ohmyhosting.se\/L15d0Ogbj1CiS50vU2Xe6i2HWwY=\/2545x814\/smart\/filters:quality(85)\/https%3A%2F%2Falimak.com%2Fwp-content%2Fuploads%2F2026%2F03%2Felevator-refurb-scaled.jpg\" srcset=\"https:\/\/images.ohmyhosting.se\/L15d0Ogbj1CiS50vU2Xe6i2HWwY=\/2545x814\/smart\/filters:quality(85)\/https%3A%2F%2Falimak.com%2Fwp-content%2Fuploads%2F2026%2F03%2Felevator-refurb-scaled.jpg 1x, https:\/\/images.ohmyhosting.se\/4ffp8_0sgc8USSSUfGpC3Rb_pnQ=\/5090x1628\/smart\/filters:quality(85)\/https%3A%2F%2Falimak.com%2Fwp-content%2Fuploads%2F2026%2F03%2Felevator-refurb-scaled.jpg 2x\" alt=\"\" class=\"w-full object-cover w-full max-h-[90vh]\" width=\"2545\" height=\"814\" \/><\/picture>                            <\/div>\n            <div class=\"absolute inset-0 z-10 flex flex-col justify-end\">\n                <div class=\"holder\">\n                    <div class=\"grid grid-cols-12 gap-4 pb-16\">\n                        <div class=\"col-span-12 lg:col-span-7\">\n                                                    <p class=\"md:text-20 font-medium leading-[1.25] mb-1\">Solutions permanentes<\/p>\n                                                    <h1 class=\"text-28 md:text-52 leading-[1.3] lg:max-w-[625px]\"><p>Remise \u00e0 neuf. Modernisation. Remplacement.  <\/p>\n<\/h1>\n                            <div class=\"wysiwyg pt-5 leading-[1.6] hidden lg:block lg:max-w-[512px]\"><p>Les ascenseurs industriels sont soumis \u00e0 rude \u00e9preuve. Apr\u00e8s des d\u00e9cennies de service, les composants subissent naturellement l\u2019usure, ce qui peut affecter la fiabilit\u00e9, l\u2019efficacit\u00e9 \u00e9nerg\u00e9tique et la conformit\u00e9. Alimak propose trois solutions flexibles : <strong>Remise \u00e0 neuf<\/strong>, <strong>Modernisation<\/strong> et <strong>Remplacement<\/strong>. Chaque solution est con\u00e7ue pour r\u00e9pondre \u00e0 vos exigences et minimiser les perturbations de votre emploi du temps.   <\/p>\n<p>Que vous souhaitiez prolonger la dur\u00e9e de vie de votre ascenseur existant, le mettre \u00e0 niveau avec les derni\u00e8res technologies ou renouveler compl\u00e8tement votre syst\u00e8me dacc\u00e8s vertical, nos options offrent des avantages mesurables en termes de rentabilit\u00e9, de r\u00e9duction des temps darr\u00eat et de conformit\u00e9 aux derni\u00e8res normes de s\u00e9curit\u00e9.<\/p>\n<\/div>\n                        <\/div>\n                    <\/div>\n                <\/div>\n            <\/div>\n        <\/div>\n                    <div class=\"lg:hidden py-12 border-b border-darkGrey\">\n                <div class=\"holder\">\n                    <div class=\"wysiwyg leading-[1.6]\"><p>Les ascenseurs industriels sont soumis \u00e0 rude \u00e9preuve. Apr\u00e8s des d\u00e9cennies de service, les composants subissent naturellement l\u2019usure, ce qui peut affecter la fiabilit\u00e9, l\u2019efficacit\u00e9 \u00e9nerg\u00e9tique et la conformit\u00e9. Alimak propose trois solutions flexibles : <strong>Remise \u00e0 neuf<\/strong>, <strong>Modernisation<\/strong> et <strong>Remplacement<\/strong>. Chaque solution est con\u00e7ue pour r\u00e9pondre \u00e0 vos exigences et minimiser les perturbations de votre emploi du temps.   <\/p>\n<p>Que vous souhaitiez prolonger la dur\u00e9e de vie de votre ascenseur existant, le mettre \u00e0 niveau avec les derni\u00e8res technologies ou renouveler compl\u00e8tement votre syst\u00e8me dacc\u00e8s vertical, nos options offrent des avantages mesurables en termes de rentabilit\u00e9, de r\u00e9duction des temps darr\u00eat et de conformit\u00e9 aux derni\u00e8res normes de s\u00e9curit\u00e9.<\/p>\n<\/div>\n                <\/div>\n            <\/div>\n        \n    <\/section>\n<section class=\"text-img bg-white text-black border-lightGrey   pt-6 lg:pt-12 pb-6 lg:pb-12\">\n    <div class=\"holder\">\n      <div class=\"grid grid-cols-12 gap-4 items-center\">\n        <div class=\"col-span-12 lg:col-span-6 2.5xl:col-span-8 \">\n                            <div class=\"text-img-overlay relative mb-8 md:mb-0 max-w-[852px] \">\n                    <picture class=\"w-full\"><source media=\"(max-width:639px)\" srcset=\"https:\/\/images.ohmyhosting.se\/wgobNe4s4s9uSpiGIcUs6tGTBEc=\/382x237\/smart\/filters:quality(85)\/https%3A%2F%2Falimak.com%2Fwp-content%2Fuploads%2F2026%2F02%2FRefurb-scaled.jpg 1x, https:\/\/images.ohmyhosting.se\/ELlooB6-WEsq306D8Lu-_fQekvI=\/764x474\/smart\/filters:quality(85)\/https%3A%2F%2Falimak.com%2Fwp-content%2Fuploads%2F2026%2F02%2FRefurb-scaled.jpg 2x\"><source media=\"(max-width:1022px)\" srcset=\"https:\/\/images.ohmyhosting.se\/aBksfGo5WiFrtjA15wB2muDZkys=\/773x480\/smart\/filters:quality(85)\/https%3A%2F%2Falimak.com%2Fwp-content%2Fuploads%2F2026%2F02%2FRefurb-scaled.jpg 1x, https:\/\/images.ohmyhosting.se\/5Pm1o6XfRegCp4gNdfIj-gReJJI=\/1546x960\/smart\/filters:quality(85)\/https%3A%2F%2Falimak.com%2Fwp-content%2Fuploads%2F2026%2F02%2FRefurb-scaled.jpg 2x\"><img decoding=\"async\" src=\"https:\/\/images.ohmyhosting.se\/rSgTDFj1esFREXeMVC7exJ6c8eI=\/852x530\/smart\/filters:quality(85)\/https%3A%2F%2Falimak.com%2Fwp-content%2Fuploads%2F2026%2F02%2FRefurb-scaled.jpg\" srcset=\"https:\/\/images.ohmyhosting.se\/rSgTDFj1esFREXeMVC7exJ6c8eI=\/852x530\/smart\/filters:quality(85)\/https%3A%2F%2Falimak.com%2Fwp-content%2Fuploads%2F2026%2F02%2FRefurb-scaled.jpg 1x, https:\/\/images.ohmyhosting.se\/NoNQOTe8APAhRk5hbE6-75nw2dM=\/1704x1060\/smart\/filters:quality(85)\/https%3A%2F%2Falimak.com%2Fwp-content%2Fuploads%2F2026%2F02%2FRefurb-scaled.jpg 2x\" alt=\"\" class=\"w-full w-full rounded-[12px] object-cover\" width=\"852\" height=\"530\" \/><\/picture>                                        <\/div>\n            \n        <\/div>\n        <div class=\"col-span-12 lg:col-span-6 2.5xl:col-span-4 flex flex-col justify-center \">\n            <div class=\"\">\n                                    <h2 class=\"text-24 md:text-36 leading-[1.3] font-medium mb-4\">Remise \u00e0 neuf.<\/h2>\n                                                    <div class=\"wysiwyg leading-[1.6] text-numbersGrey\"><p>Nos solutions de remise \u00e0 neuf vont des r\u00e9parations et mises \u00e0 niveau mineures sur site au retrait de votre ascenseur Alimak existant et \u00e0 une r\u00e9vision compl\u00e8te dans l\u2019un de nos ateliers locaux agr\u00e9\u00e9s.<\/p>\n<p><strong>Prolongation estim\u00e9e de la dur\u00e9e de vie d\u2019un ascenseur remis \u00e0 neuf : 4 \u00e0 10 ans<\/strong><\/p>\n<\/div>\n                                            <\/div>\n        <\/div>\n      <\/div>\n    <\/div>\n<\/section>\n\n<section class=\"text-img bg-white text-black border-lightGrey   pt-6 lg:pt-12 pb-6 lg:pb-12\">\n    <div class=\"holder\">\n      <div class=\"grid grid-cols-12 gap-4 items-center\">\n        <div class=\"col-span-12 lg:col-span-6 2.5xl:col-span-8  order-1 lg:order-2\">\n                            <div class=\"text-img-overlay relative mb-8 md:mb-0 max-w-[852px] lg:ml-auto\">\n                    <picture class=\"w-full\"><source media=\"(max-width:639px)\" srcset=\"https:\/\/images.ohmyhosting.se\/MUbkgWqFkuRYNLJBjGk00RMgR28=\/382x237\/smart\/filters:quality(85)\/https%3A%2F%2Falimak.com%2Fwp-content%2Fuploads%2F2026%2F02%2FQueensferry-South-Tower-SE-Bridge_March-2022-scaled-e1770722895844.jpg 1x, https:\/\/images.ohmyhosting.se\/bYwUMteSzBMnZcV2vG74M2CTjLg=\/764x474\/smart\/filters:quality(85)\/https%3A%2F%2Falimak.com%2Fwp-content%2Fuploads%2F2026%2F02%2FQueensferry-South-Tower-SE-Bridge_March-2022-scaled-e1770722895844.jpg 2x\"><source media=\"(max-width:1022px)\" srcset=\"https:\/\/images.ohmyhosting.se\/oKdwZ1dNwBRdBSMTd1OdKA53x4E=\/773x480\/smart\/filters:quality(85)\/https%3A%2F%2Falimak.com%2Fwp-content%2Fuploads%2F2026%2F02%2FQueensferry-South-Tower-SE-Bridge_March-2022-scaled-e1770722895844.jpg 1x, https:\/\/images.ohmyhosting.se\/xpZkOOI06DBfmnPbpkrD5cs0Es4=\/1546x960\/smart\/filters:quality(85)\/https%3A%2F%2Falimak.com%2Fwp-content%2Fuploads%2F2026%2F02%2FQueensferry-South-Tower-SE-Bridge_March-2022-scaled-e1770722895844.jpg 2x\"><img decoding=\"async\" src=\"https:\/\/images.ohmyhosting.se\/dcSzIw8kOkh2OTESUwE1leyUoT8=\/852x530\/smart\/filters:quality(85)\/https%3A%2F%2Falimak.com%2Fwp-content%2Fuploads%2F2026%2F02%2FQueensferry-South-Tower-SE-Bridge_March-2022-scaled-e1770722895844.jpg\" srcset=\"https:\/\/images.ohmyhosting.se\/dcSzIw8kOkh2OTESUwE1leyUoT8=\/852x530\/smart\/filters:quality(85)\/https%3A%2F%2Falimak.com%2Fwp-content%2Fuploads%2F2026%2F02%2FQueensferry-South-Tower-SE-Bridge_March-2022-scaled-e1770722895844.jpg 1x, https:\/\/images.ohmyhosting.se\/QNMp1PHLGn71QPSrMgwXy12hzjM=\/1704x1060\/smart\/filters:quality(85)\/https%3A%2F%2Falimak.com%2Fwp-content%2Fuploads%2F2026%2F02%2FQueensferry-South-Tower-SE-Bridge_March-2022-scaled-e1770722895844.jpg 2x\" alt=\"\" class=\"w-full w-full rounded-[12px] object-cover\" width=\"852\" height=\"530\" \/><\/picture>                                        <\/div>\n            \n        <\/div>\n        <div class=\"col-span-12 lg:col-span-6 2.5xl:col-span-4 flex flex-col justify-center  order-2 lg:order-1\">\n            <div class=\"\">\n                                    <h2 class=\"text-24 md:text-36 leading-[1.3] font-medium mb-4\">Modernisation.<\/h2>\n                                                    <div class=\"wysiwyg leading-[1.6] text-numbersGrey\"><p>Retirez votre ascenseur Alimak existant et remplacez-le par une nouvelle unit\u00e9, tout en conservant vos \u00e9l\u00e9ments structurels existants. Cette solution offre tous les avantages des derni\u00e8res fonctionnalit\u00e9s de s\u00e9curit\u00e9 et innovations produit. <\/p>\n<p><strong>Prolongation estim\u00e9e de la dur\u00e9e de vie dun syst\u00e8me dascenseur modernis\u00e9 : 4 \u00e0 20 ans<\/strong><\/p>\n<\/div>\n                                            <\/div>\n        <\/div>\n      <\/div>\n    <\/div>\n<\/section>\n\n<section class=\"text-img bg-white text-black border-lightGrey   pt-6 lg:pt-12 pb-6 lg:pb-12\">\n    <div class=\"holder\">\n      <div class=\"grid grid-cols-12 gap-4 items-center\">\n        <div class=\"col-span-12 lg:col-span-6 2.5xl:col-span-8 \">\n                            <div class=\"text-img-overlay relative mb-8 md:mb-0 max-w-[852px] \">\n                    <picture class=\"w-full\"><source media=\"(max-width:639px)\" srcset=\"https:\/\/images.ohmyhosting.se\/q3dvc4an3pIDR3T1RyZUqQmiru0=\/382x237\/smart\/filters:quality(85)\/https%3A%2F%2Falimak.com%2Fwp-content%2Fuploads%2F2026%2F02%2FReplace_a-scaled.jpg 1x, https:\/\/images.ohmyhosting.se\/6bdBNwaKTTziPpd8h-c9LugUYtI=\/764x474\/smart\/filters:quality(85)\/https%3A%2F%2Falimak.com%2Fwp-content%2Fuploads%2F2026%2F02%2FReplace_a-scaled.jpg 2x\"><source media=\"(max-width:1022px)\" srcset=\"https:\/\/images.ohmyhosting.se\/41YRJv0cAllfuhskxCwNjxMzxqU=\/773x480\/smart\/filters:quality(85)\/https%3A%2F%2Falimak.com%2Fwp-content%2Fuploads%2F2026%2F02%2FReplace_a-scaled.jpg 1x, https:\/\/images.ohmyhosting.se\/6fErIl9O560mn5RlN3LyxNjt1Xw=\/1546x960\/smart\/filters:quality(85)\/https%3A%2F%2Falimak.com%2Fwp-content%2Fuploads%2F2026%2F02%2FReplace_a-scaled.jpg 2x\"><img decoding=\"async\" src=\"https:\/\/images.ohmyhosting.se\/wfTQWwOWQRwsqBB90U2p0QHm4T8=\/852x530\/smart\/filters:quality(85)\/https%3A%2F%2Falimak.com%2Fwp-content%2Fuploads%2F2026%2F02%2FReplace_a-scaled.jpg\" srcset=\"https:\/\/images.ohmyhosting.se\/wfTQWwOWQRwsqBB90U2p0QHm4T8=\/852x530\/smart\/filters:quality(85)\/https%3A%2F%2Falimak.com%2Fwp-content%2Fuploads%2F2026%2F02%2FReplace_a-scaled.jpg 1x, https:\/\/images.ohmyhosting.se\/QTCI7uEYCgs79FWEDryopSXLgCQ=\/1704x1060\/smart\/filters:quality(85)\/https%3A%2F%2Falimak.com%2Fwp-content%2Fuploads%2F2026%2F02%2FReplace_a-scaled.jpg 2x\" alt=\"\" class=\"w-full w-full rounded-[12px] object-cover\" width=\"852\" height=\"530\" \/><\/picture>                                        <\/div>\n            \n        <\/div>\n        <div class=\"col-span-12 lg:col-span-6 2.5xl:col-span-4 flex flex-col justify-center \">\n            <div class=\"\">\n                                    <h2 class=\"text-24 md:text-36 leading-[1.3] font-medium mb-4\">Remplacement.<\/h2>\n                                                    <div class=\"wysiwyg leading-[1.6] text-numbersGrey\"><p>Cette option comprend le d\u00e9montage et le retrait complets de votre ascenseur Alimak existant et de tous les composants de hauteur, remplac\u00e9s par un syst\u00e8me d\u2019ascenseur Alimak enti\u00e8rement neuf.<\/p>\n<p><strong>Dur\u00e9e de vie estim\u00e9e d\u2019un nouvel ascenseur avec de nouveaux composants de hauteur : 20 ans et plus<\/strong><\/p>\n<\/div>\n                                            <\/div>\n        <\/div>\n      <\/div>\n    <\/div>\n<\/section>\n\n<section class=\"cta-banner bg-black text-white  pt-0 pb-6 lg:pb-12\">\n    <div class=\"relative\">\n                    <div class=\"cta-banner-overlay relative\">\n                <picture class=\"w-full\"><source media=\"(max-width:639px)\" srcset=\"https:\/\/images.ohmyhosting.se\/WktqUiNRg1ZhevXtlEJW64a-tD4=\/399x377\/smart\/filters:quality(85)\/https%3A%2F%2Falimak.com%2Fwp-content%2Fuploads%2F2025%2F09%2Fd0a64875c3850e6181fa105f72a620985d5364a6.jpg 1x, https:\/\/images.ohmyhosting.se\/uHFfZRUPh8JOF6Zz_y6rSTfDpak=\/798x754\/smart\/filters:quality(85)\/https%3A%2F%2Falimak.com%2Fwp-content%2Fuploads%2F2025%2F09%2Fd0a64875c3850e6181fa105f72a620985d5364a6.jpg 2x\"><source media=\"(max-width:1022px)\" srcset=\"https:\/\/images.ohmyhosting.se\/_7lhKdPe2AiFfxT-8EBHRxRmEX8=\/805x760\/smart\/filters:quality(85)\/https%3A%2F%2Falimak.com%2Fwp-content%2Fuploads%2F2025%2F09%2Fd0a64875c3850e6181fa105f72a620985d5364a6.jpg 1x, https:\/\/images.ohmyhosting.se\/k3XpmDwMeHPL_Yzc_ybXgBj6up8=\/1610x1520\/smart\/filters:quality(85)\/https%3A%2F%2Falimak.com%2Fwp-content%2Fuploads%2F2025%2F09%2Fd0a64875c3850e6181fa105f72a620985d5364a6.jpg 2x\"><img decoding=\"async\" src=\"https:\/\/images.ohmyhosting.se\/lIW3Hg0Fn-6CZ8-JoXTC4w5tQhA=\/2545x1053\/smart\/filters:quality(85)\/https%3A%2F%2Falimak.com%2Fwp-content%2Fuploads%2F2025%2F09%2Fd0a64875c3850e6181fa105f72a620985d5364a6.jpg\" srcset=\"https:\/\/images.ohmyhosting.se\/lIW3Hg0Fn-6CZ8-JoXTC4w5tQhA=\/2545x1053\/smart\/filters:quality(85)\/https%3A%2F%2Falimak.com%2Fwp-content%2Fuploads%2F2025%2F09%2Fd0a64875c3850e6181fa105f72a620985d5364a6.jpg 1x, https:\/\/images.ohmyhosting.se\/kBPWqXpAi4O3Ic8XAeAxPcvYsts=\/5090x2106\/smart\/filters:quality(85)\/https%3A%2F%2Falimak.com%2Fwp-content%2Fuploads%2F2025%2F09%2Fd0a64875c3850e6181fa105f72a620985d5364a6.jpg 2x\" alt=\"\" class=\"w-full w-full h-full object-cover\" width=\"2545\" height=\"1053\" \/><\/picture>            <\/div>\n                <div class=\"absolute inset-0 z-[2]\">\n            <div class=\"holder\">\n                <div class=\"grid grid-cols-12 gap-4\">\n                    <div class=\"col-span-12 lg:col-span-6 lg:col-start-7 pt-16\">\n                        <h3 class=\"text-28 md:text-44 lg:max-w-[500px] leading-tight\">Contactez-nous pour plus dinformations ou un devis<\/h3>\n                                                    <div class=\"mt-8\">\n                                <a class=\"btn\" href=\"https:\/\/alimak.com\/fr\/nous-contacter\/\" target=\"\">\n                                    <span>Contactez-nous<\/span>\n                                    <span>\n                                        <svg width=\"24\" height=\"11\" viewBox=\"0 0 24 11\" fill=\"none\" xmlns=\"http:\/\/www.w3.org\/2000\/svg\">\n                                        <path d=\"M0 5.5H22\" stroke=\"black\" stroke-width=\"1.5\"\/>\n                                        <path d=\"M17.5 1L22 5.5L17.5 10\" stroke=\"black\" stroke-width=\"1.5\"\/>\n                                        <\/svg>\n                                    <\/span>\n                                <\/a>\n                            <\/div>\n                                            <\/div>\n                <\/div>\n            <\/div>\n        <\/div>\n    <\/div>\n<\/section>\n","protected":false},"excerpt":{"rendered":"<p>Les ascenseurs industriels sont soumis \u00e0 rude \u00e9preuve. Apr\u00e8s des d\u00e9cennies de service, les composants subissent naturellement l\u2019usure, ce qui&#8230;<\/p>\n","protected":false},"author":1,"featured_media":0,"parent":14027,"menu_order":0,"comment_status":"closed","ping_status":"closed","template":"","meta":{"_acf_changed":false,"footnotes":""},"class_list":["post-15115","page","type-page","status-publish","hentry"],"acf":[],"yoast_head":"<!-- This site is optimized with the Yoast SEO plugin v27.3 - https:\/\/yoast.com\/product\/yoast-seo-wordpress\/ -->\n<title>Modernisation et remise \u00e0 neuf (permanente) - Alimak<\/title>\n<meta name=\"robots\" content=\"index, follow, max-snippet:-1, max-image-preview:large, max-video-preview:-1\" \/>\n<link rel=\"canonical\" href=\"https:\/\/alimak.com\/fr\/solutions-permanentes\/pieces-et-services-permanent\/modernisation-et-remise-a-neuf-permanente\/\" \/>\n<meta property=\"og:locale\" content=\"fr_FR\" \/>\n<meta property=\"og:type\" content=\"article\" \/>\n<meta property=\"og:title\" content=\"Modernisation et remise \u00e0 neuf (permanente) - Alimak\" \/>\n<meta property=\"og:description\" content=\"Les ascenseurs industriels sont soumis \u00e0 rude \u00e9preuve. Apr\u00e8s des d\u00e9cennies de service, les composants subissent naturellement l\u2019usure, ce qui...\" \/>\n<meta property=\"og:url\" content=\"https:\/\/alimak.com\/fr\/solutions-permanentes\/pieces-et-services-permanent\/modernisation-et-remise-a-neuf-permanente\/\" \/>\n<meta property=\"og:site_name\" content=\"Alimak\" \/>\n<meta property=\"article:modified_time\" content=\"2026-03-18T13:15:41+00:00\" \/>\n<meta name=\"twitter:card\" content=\"summary_large_image\" \/>\n<script type=\"application\/ld+json\" class=\"yoast-schema-graph\">{\"@context\":\"https:\\\/\\\/schema.org\",\"@graph\":[{\"@type\":\"WebPage\",\"@id\":\"https:\\\/\\\/alimak.com\\\/fr\\\/solutions-permanentes\\\/pieces-et-services-permanent\\\/modernisation-et-remise-a-neuf-permanente\\\/\",\"url\":\"https:\\\/\\\/alimak.com\\\/fr\\\/solutions-permanentes\\\/pieces-et-services-permanent\\\/modernisation-et-remise-a-neuf-permanente\\\/\",\"name\":\"Modernisation et remise \u00e0 neuf (permanente) - Alimak\",\"isPartOf\":{\"@id\":\"https:\\\/\\\/alimak.com\\\/#website\"},\"datePublished\":\"2025-09-22T11:16:42+00:00\",\"dateModified\":\"2026-03-18T13:15:41+00:00\",\"breadcrumb\":{\"@id\":\"https:\\\/\\\/alimak.com\\\/fr\\\/solutions-permanentes\\\/pieces-et-services-permanent\\\/modernisation-et-remise-a-neuf-permanente\\\/#breadcrumb\"},\"inLanguage\":\"fr-FR\",\"potentialAction\":[{\"@type\":\"ReadAction\",\"target\":[\"https:\\\/\\\/alimak.com\\\/fr\\\/solutions-permanentes\\\/pieces-et-services-permanent\\\/modernisation-et-remise-a-neuf-permanente\\\/\"]}]},{\"@type\":\"BreadcrumbList\",\"@id\":\"https:\\\/\\\/alimak.com\\\/fr\\\/solutions-permanentes\\\/pieces-et-services-permanent\\\/modernisation-et-remise-a-neuf-permanente\\\/#breadcrumb\",\"itemListElement\":[{\"@type\":\"ListItem\",\"position\":1,\"name\":\"Home\",\"item\":\"https:\\\/\\\/alimak.com\\\/fr\\\/\"},{\"@type\":\"ListItem\",\"position\":2,\"name\":\"Solutions permanentes\",\"item\":\"https:\\\/\\\/alimak.com\\\/fr\\\/solutions-permanentes\\\/\"},{\"@type\":\"ListItem\",\"position\":3,\"name\":\"Pi\u00e8ces et services (permanent)\",\"item\":\"https:\\\/\\\/alimak.com\\\/fr\\\/solutions-permanentes\\\/pieces-et-services-permanent\\\/\"},{\"@type\":\"ListItem\",\"position\":4,\"name\":\"Modernisation et remise \u00e0 neuf (permanente)\"}]},{\"@type\":\"WebSite\",\"@id\":\"https:\\\/\\\/alimak.com\\\/#website\",\"url\":\"https:\\\/\\\/alimak.com\\\/\",\"name\":\"Alimak\",\"description\":\"\",\"potentialAction\":[{\"@type\":\"SearchAction\",\"target\":{\"@type\":\"EntryPoint\",\"urlTemplate\":\"https:\\\/\\\/alimak.com\\\/?s={search_term_string}\"},\"query-input\":{\"@type\":\"PropertyValueSpecification\",\"valueRequired\":true,\"valueName\":\"search_term_string\"}}],\"inLanguage\":\"fr-FR\"}]}<\/script>\n<!-- \/ Yoast SEO plugin. -->","yoast_head_json":{"title":"Modernisation et remise \u00e0 neuf (permanente) - Alimak","robots":{"index":"index","follow":"follow","max-snippet":"max-snippet:-1","max-image-preview":"max-image-preview:large","max-video-preview":"max-video-preview:-1"},"canonical":"https:\/\/alimak.com\/fr\/solutions-permanentes\/pieces-et-services-permanent\/modernisation-et-remise-a-neuf-permanente\/","og_locale":"fr_FR","og_type":"article","og_title":"Modernisation et remise \u00e0 neuf (permanente) - Alimak","og_description":"Les ascenseurs industriels sont soumis \u00e0 rude \u00e9preuve. Apr\u00e8s des d\u00e9cennies de service, les composants subissent naturellement l\u2019usure, ce qui...","og_url":"https:\/\/alimak.com\/fr\/solutions-permanentes\/pieces-et-services-permanent\/modernisation-et-remise-a-neuf-permanente\/","og_site_name":"Alimak","article_modified_time":"2026-03-18T13:15:41+00:00","twitter_card":"summary_large_image","schema":{"@context":"https:\/\/schema.org","@graph":[{"@type":"WebPage","@id":"https:\/\/alimak.com\/fr\/solutions-permanentes\/pieces-et-services-permanent\/modernisation-et-remise-a-neuf-permanente\/","url":"https:\/\/alimak.com\/fr\/solutions-permanentes\/pieces-et-services-permanent\/modernisation-et-remise-a-neuf-permanente\/","name":"Modernisation et remise \u00e0 neuf (permanente) - Alimak","isPartOf":{"@id":"https:\/\/alimak.com\/#website"},"datePublished":"2025-09-22T11:16:42+00:00","dateModified":"2026-03-18T13:15:41+00:00","breadcrumb":{"@id":"https:\/\/alimak.com\/fr\/solutions-permanentes\/pieces-et-services-permanent\/modernisation-et-remise-a-neuf-permanente\/#breadcrumb"},"inLanguage":"fr-FR","potentialAction":[{"@type":"ReadAction","target":["https:\/\/alimak.com\/fr\/solutions-permanentes\/pieces-et-services-permanent\/modernisation-et-remise-a-neuf-permanente\/"]}]},{"@type":"BreadcrumbList","@id":"https:\/\/alimak.com\/fr\/solutions-permanentes\/pieces-et-services-permanent\/modernisation-et-remise-a-neuf-permanente\/#breadcrumb","itemListElement":[{"@type":"ListItem","position":1,"name":"Home","item":"https:\/\/alimak.com\/fr\/"},{"@type":"ListItem","position":2,"name":"Solutions permanentes","item":"https:\/\/alimak.com\/fr\/solutions-permanentes\/"},{"@type":"ListItem","position":3,"name":"Pi\u00e8ces et services (permanent)","item":"https:\/\/alimak.com\/fr\/solutions-permanentes\/pieces-et-services-permanent\/"},{"@type":"ListItem","position":4,"name":"Modernisation et remise \u00e0 neuf (permanente)"}]},{"@type":"WebSite","@id":"https:\/\/alimak.com\/#website","url":"https:\/\/alimak.com\/","name":"Alimak","description":"","potentialAction":[{"@type":"SearchAction","target":{"@type":"EntryPoint","urlTemplate":"https:\/\/alimak.com\/?s={search_term_string}"},"query-input":{"@type":"PropertyValueSpecification","valueRequired":true,"valueName":"search_term_string"}}],"inLanguage":"fr-FR"}]}},"_links":{"self":[{"href":"https:\/\/alimak.com\/fr\/wp-json\/wp\/v2\/pages\/15115","targetHints":{"allow":["GET"]}}],"collection":[{"href":"https:\/\/alimak.com\/fr\/wp-json\/wp\/v2\/pages"}],"about":[{"href":"https:\/\/alimak.com\/fr\/wp-json\/wp\/v2\/types\/page"}],"author":[{"embeddable":true,"href":"https:\/\/alimak.com\/fr\/wp-json\/wp\/v2\/users\/1"}],"replies":[{"embeddable":true,"href":"https:\/\/alimak.com\/fr\/wp-json\/wp\/v2\/comments?post=15115"}],"version-history":[{"count":1,"href":"https:\/\/alimak.com\/fr\/wp-json\/wp\/v2\/pages\/15115\/revisions"}],"predecessor-version":[{"id":15127,"href":"https:\/\/alimak.com\/fr\/wp-json\/wp\/v2\/pages\/15115\/revisions\/15127"}],"up":[{"embeddable":true,"href":"https:\/\/alimak.com\/fr\/wp-json\/wp\/v2\/pages\/14027"}],"wp:attachment":[{"href":"https:\/\/alimak.com\/fr\/wp-json\/wp\/v2\/media?parent=15115"}],"curies":[{"name":"wp","href":"https:\/\/api.w.org\/{rel}","templated":true}]}}