{"id":15685,"date":"2025-08-26T10:38:43","date_gmt":"2025-08-26T10:38:43","guid":{"rendered":"https:\/\/alimak.com\/solutions-temporaires\/secteurs-temporaire\/"},"modified":"2026-03-18T13:17:40","modified_gmt":"2026-03-18T13:17:40","slug":"secteurs-temporaire","status":"publish","type":"page","link":"https:\/\/alimak.com\/fr\/solutions-temporaires\/secteurs-temporaire\/","title":{"rendered":"Secteurs (temporaire)"},"content":{"rendered":"\n<section class=\"small-hero border-b bg-black border-darkGrey text-white pt-0 pb-0\">\n            <div class=\"relative\">\n            <div class=\"hero-overlay relative\">\n                                    <picture class=\"w-full\"><source media=\"(max-width:639px)\" srcset=\"https:\/\/images.ohmyhosting.se\/jEq4hwTC3UiP8CGcOYYAG5PcHWs=\/390x461\/smart\/filters:quality(85)\/https%3A%2F%2Falimak.com%2Fwp-content%2Fuploads%2F2025%2F12%2FAlimak-Scando-Construction-Hoists-5-scaled.jpg 1x, https:\/\/images.ohmyhosting.se\/T_dVGAvUUD0fJtyAaHLpZY6GQBA=\/780x922\/smart\/filters:quality(85)\/https%3A%2F%2Falimak.com%2Fwp-content%2Fuploads%2F2025%2F12%2FAlimak-Scando-Construction-Hoists-5-scaled.jpg 2x\"><source media=\"(max-width:1022px)\" srcset=\"https:\/\/images.ohmyhosting.se\/-Pg9qoN6VwV3ACeZ-r8KwF1qpZs=\/805x951\/smart\/filters:quality(85)\/https%3A%2F%2Falimak.com%2Fwp-content%2Fuploads%2F2025%2F12%2FAlimak-Scando-Construction-Hoists-5-scaled.jpg 1x, https:\/\/images.ohmyhosting.se\/5iyaPUGvK9LkpCfdDRJ-6IpZ9eg=\/1610x1902\/smart\/filters:quality(85)\/https%3A%2F%2Falimak.com%2Fwp-content%2Fuploads%2F2025%2F12%2FAlimak-Scando-Construction-Hoists-5-scaled.jpg 2x\"><img decoding=\"async\" src=\"https:\/\/images.ohmyhosting.se\/eqpgMQgwkT3yUAa7t4Wfiiw-RlQ=\/2545x1121\/smart\/filters:quality(85)\/https%3A%2F%2Falimak.com%2Fwp-content%2Fuploads%2F2025%2F12%2FAlimak-Scando-Construction-Hoists-5-scaled.jpg\" srcset=\"https:\/\/images.ohmyhosting.se\/eqpgMQgwkT3yUAa7t4Wfiiw-RlQ=\/2545x1121\/smart\/filters:quality(85)\/https%3A%2F%2Falimak.com%2Fwp-content%2Fuploads%2F2025%2F12%2FAlimak-Scando-Construction-Hoists-5-scaled.jpg 1x, https:\/\/images.ohmyhosting.se\/occqHgHyx_eQwS-QEV_NQxmpgQI=\/5090x2242\/smart\/filters:quality(85)\/https%3A%2F%2Falimak.com%2Fwp-content%2Fuploads%2F2025%2F12%2FAlimak-Scando-Construction-Hoists-5-scaled.jpg 2x\" alt=\"\" class=\"w-full object-cover w-full max-h-[90vh]\" width=\"2545\" height=\"1121\" \/><\/picture>                            <\/div>\n            <div class=\"absolute inset-0 z-10 flex flex-col justify-end\">\n                <div class=\"holder\">\n                    <div class=\"grid grid-cols-12 gap-4 pb-16\">\n                        <div class=\"col-span-12 lg:col-span-7\">\n                                                    <p class=\"md:text-20 font-medium leading-[1.25] mb-1\">Solutions temporaires<\/p>\n                                                    <h1 class=\"text-28 md:text-52 leading-[1.3] lg:max-w-[625px]\"><p>Secteurs<\/p>\n<\/h1>\n                            <div class=\"wysiwyg pt-5 leading-[1.6] hidden lg:block lg:max-w-[512px]\"><p>Depuis plus de 75ans, Alimak est le pionnier de lindustrie de lacc\u00e8s vertical, fournissant des solutions dacc\u00e8s vertical temporaires de grande envergure pour r\u00e9pondre aux besoins de divers projets de construction \u00e0 travers le monde. Les solutions dacc\u00e8s vertical temporaires dAlimak ont \u00e9t\u00e9 utilis\u00e9es pour construire les b\u00e2timents les plus hauts du monde, les ponts les plus longs et les monuments les plus c\u00e9l\u00e8bres. <\/p>\n<\/div>\n                        <\/div>\n                    <\/div>\n                <\/div>\n            <\/div>\n        <\/div>\n                    <div class=\"lg:hidden py-12 border-b border-darkGrey\">\n                <div class=\"holder\">\n                    <div class=\"wysiwyg leading-[1.6]\"><p>Depuis plus de 75ans, Alimak est le pionnier de lindustrie de lacc\u00e8s vertical, fournissant des solutions dacc\u00e8s vertical temporaires de grande envergure pour r\u00e9pondre aux besoins de divers projets de construction \u00e0 travers le monde. Les solutions dacc\u00e8s vertical temporaires dAlimak ont \u00e9t\u00e9 utilis\u00e9es pour construire les b\u00e2timents les plus hauts du monde, les ponts les plus longs et les monuments les plus c\u00e9l\u00e8bres. <\/p>\n<\/div>\n                <\/div>\n            <\/div>\n        \n    <\/section>\n<section class=\"page-links bg-white text-black border-lightGrey  pt-12 lg:pt-24 pb-12 lg:pb-24\">\n    <div class=\"holder\">\n        <div class=\"grid grid-cols-12 gap-4\">\n            <div class=\"col-span-12 lg:col-span-5\">\n                <h2 class=\"text-24 md:text-36 font-medium leading-[1.3] mb-4\">Comment personnalisons-nous nos solutions pour les diff\u00e9rents secteurs?<\/h2>\n                <div class=\"wysiwyg leading-[1.6]\">\n                    <p>Alimak propose des solutions dacc\u00e8s vertical sur mesure pour chaque secteur de lindustrie de la construction. Quil sagisse de projets r\u00e9sidentiels ou commerciaux, dinfrastructures \u00e0 grande \u00e9chelle et de travaux de g\u00e9nie civil, de d\u00e9veloppements institutionnels ou de la construction dinstallations industrielles complexes, Alimak fournit la solution ad\u00e9quate pour r\u00e9pondre aux exigences uniques de chaque environnement. <\/p>\n                <\/div>\n            <\/div>\n        <\/div>\n                    <div class=\"grid grid-cols-12 gap-4 mt-11\">\n                                    <a class=\"group col-span-12 md:col-span-6 w-full lg:col-span-4 flex items-center space-x-1.5\" href=\"https:\/\/alimak.com\/fr\/solutions-temporaires\/secteurs-temporaire\/residentiel\/\">\n                        <span class=\"bg-segmentGrey transition-all group-hover:bg-orange group-hover:text-white w-[46px] h-[46px] md:w-[58px] md:h-[58px] flex items-center justify-center rounded-[4px]\">\n                            <svg width=\"15\" height=\"11\" viewBox=\"0 0 15 11\" fill=\"none\" xmlns=\"http:\/\/www.w3.org\/2000\/svg\">\n                            <path class=\"transition-all group-hover:stroke-white\" d=\"M0.5 5.50049H13.5\" stroke=\"black\" stroke-width=\"1.5\"\/>\n                            <path class=\"transition-all group-hover:stroke-white\" d=\"M9 1.00049L13.5 5.50049L9 10.0005\" stroke=\"black\" stroke-width=\"1.5\"\/>\n                            <\/svg>\n                        <\/span>\n                        <span class=\"bg-segmentGrey transition-all group-hover:bg-orange group-hover:text-white block w-full h-[46px] md:h-[58px] flex items-center  rounded-[4px] leading-none md:text-20 font-medium p-4\">R\u00e9sidentiel<\/span>\n                    <\/a>\n\n                                    <a class=\"group col-span-12 md:col-span-6 w-full lg:col-span-4 flex items-center space-x-1.5\" href=\"https:\/\/alimak.com\/fr\/solutions-temporaires\/secteurs-temporaire\/industrie\/\">\n                        <span class=\"bg-segmentGrey transition-all group-hover:bg-orange group-hover:text-white w-[46px] h-[46px] md:w-[58px] md:h-[58px] flex items-center justify-center rounded-[4px]\">\n                            <svg width=\"15\" height=\"11\" viewBox=\"0 0 15 11\" fill=\"none\" xmlns=\"http:\/\/www.w3.org\/2000\/svg\">\n                            <path class=\"transition-all group-hover:stroke-white\" d=\"M0.5 5.50049H13.5\" stroke=\"black\" stroke-width=\"1.5\"\/>\n                            <path class=\"transition-all group-hover:stroke-white\" d=\"M9 1.00049L13.5 5.50049L9 10.0005\" stroke=\"black\" stroke-width=\"1.5\"\/>\n                            <\/svg>\n                        <\/span>\n                        <span class=\"bg-segmentGrey transition-all group-hover:bg-orange group-hover:text-white block w-full h-[46px] md:h-[58px] flex items-center  rounded-[4px] leading-none md:text-20 font-medium p-4\">Industrie<\/span>\n                    <\/a>\n\n                                    <a class=\"group col-span-12 md:col-span-6 w-full lg:col-span-4 flex items-center space-x-1.5\" href=\"https:\/\/alimak.com\/fr\/solutions-temporaires\/secteurs-temporaire\/institutionnel\/\">\n                        <span class=\"bg-segmentGrey transition-all group-hover:bg-orange group-hover:text-white w-[46px] h-[46px] md:w-[58px] md:h-[58px] flex items-center justify-center rounded-[4px]\">\n                            <svg width=\"15\" height=\"11\" viewBox=\"0 0 15 11\" fill=\"none\" xmlns=\"http:\/\/www.w3.org\/2000\/svg\">\n                            <path class=\"transition-all group-hover:stroke-white\" d=\"M0.5 5.50049H13.5\" stroke=\"black\" stroke-width=\"1.5\"\/>\n                            <path class=\"transition-all group-hover:stroke-white\" d=\"M9 1.00049L13.5 5.50049L9 10.0005\" stroke=\"black\" stroke-width=\"1.5\"\/>\n                            <\/svg>\n                        <\/span>\n                        <span class=\"bg-segmentGrey transition-all group-hover:bg-orange group-hover:text-white block w-full h-[46px] md:h-[58px] flex items-center  rounded-[4px] leading-none md:text-20 font-medium p-4\">Institutionnel<\/span>\n                    <\/a>\n\n                                    <a class=\"group col-span-12 md:col-span-6 w-full lg:col-span-4 flex items-center space-x-1.5\" href=\"https:\/\/alimak.com\/fr\/solutions-temporaires\/secteurs-temporaire\/commercial\/\">\n                        <span class=\"bg-segmentGrey transition-all group-hover:bg-orange group-hover:text-white w-[46px] h-[46px] md:w-[58px] md:h-[58px] flex items-center justify-center rounded-[4px]\">\n                            <svg width=\"15\" height=\"11\" viewBox=\"0 0 15 11\" fill=\"none\" xmlns=\"http:\/\/www.w3.org\/2000\/svg\">\n                            <path class=\"transition-all group-hover:stroke-white\" d=\"M0.5 5.50049H13.5\" stroke=\"black\" stroke-width=\"1.5\"\/>\n                            <path class=\"transition-all group-hover:stroke-white\" d=\"M9 1.00049L13.5 5.50049L9 10.0005\" stroke=\"black\" stroke-width=\"1.5\"\/>\n                            <\/svg>\n                        <\/span>\n                        <span class=\"bg-segmentGrey transition-all group-hover:bg-orange group-hover:text-white block w-full h-[46px] md:h-[58px] flex items-center  rounded-[4px] leading-none md:text-20 font-medium p-4\">Commercial<\/span>\n                    <\/a>\n\n                                    <a class=\"group col-span-12 md:col-span-6 w-full lg:col-span-4 flex items-center space-x-1.5\" href=\"https:\/\/alimak.com\/fr\/solutions-temporaires\/secteurs-temporaire\/infrastructure\/\">\n                        <span class=\"bg-segmentGrey transition-all group-hover:bg-orange group-hover:text-white w-[46px] h-[46px] md:w-[58px] md:h-[58px] flex items-center justify-center rounded-[4px]\">\n                            <svg width=\"15\" height=\"11\" viewBox=\"0 0 15 11\" fill=\"none\" xmlns=\"http:\/\/www.w3.org\/2000\/svg\">\n                            <path class=\"transition-all group-hover:stroke-white\" d=\"M0.5 5.50049H13.5\" stroke=\"black\" stroke-width=\"1.5\"\/>\n                            <path class=\"transition-all group-hover:stroke-white\" d=\"M9 1.00049L13.5 5.50049L9 10.0005\" stroke=\"black\" stroke-width=\"1.5\"\/>\n                            <\/svg>\n                        <\/span>\n                        <span class=\"bg-segmentGrey transition-all group-hover:bg-orange group-hover:text-white block w-full h-[46px] md:h-[58px] flex items-center  rounded-[4px] leading-none md:text-20 font-medium p-4\">Infrastructure<\/span>\n                    <\/a>\n\n                            <\/div>\n            <\/div>\n<\/section>\n\n<div class=\"bg-white pt-16 h-[50px]\"><\/div>\n<section class=\"cta-banner bg-black text-white  pt-0 pb-6 lg:pb-12\">\n    <div class=\"relative\">\n                    <div class=\"cta-banner-overlay relative\">\n                <picture class=\"w-full\"><source media=\"(max-width:639px)\" srcset=\"https:\/\/images.ohmyhosting.se\/830LuN8tJnlhxBlrnP81Cn_re_Q=\/399x377\/smart\/filters:quality(85)\/https%3A%2F%2Falimak.com%2Fwp-content%2Fuploads%2F2025%2F09%2Fd2291df879d3d9219aa41f082605eabd3250e5e9.jpg 1x, https:\/\/images.ohmyhosting.se\/hU69TdXunvGuEgABsWLfplJ9_PU=\/798x754\/smart\/filters:quality(85)\/https%3A%2F%2Falimak.com%2Fwp-content%2Fuploads%2F2025%2F09%2Fd2291df879d3d9219aa41f082605eabd3250e5e9.jpg 2x\"><source media=\"(max-width:1022px)\" srcset=\"https:\/\/images.ohmyhosting.se\/sUTJ0HNsfwEJpnAiEjhFWb9u1pw=\/805x760\/smart\/filters:quality(85)\/https%3A%2F%2Falimak.com%2Fwp-content%2Fuploads%2F2025%2F09%2Fd2291df879d3d9219aa41f082605eabd3250e5e9.jpg 1x, https:\/\/images.ohmyhosting.se\/mrEIaFoAUgmLUkHNnjAqabwhsRU=\/1610x1520\/smart\/filters:quality(85)\/https%3A%2F%2Falimak.com%2Fwp-content%2Fuploads%2F2025%2F09%2Fd2291df879d3d9219aa41f082605eabd3250e5e9.jpg 2x\"><img decoding=\"async\" src=\"https:\/\/images.ohmyhosting.se\/RHe0oE3TlTETH41w2OoXpWjHYH8=\/2545x1053\/smart\/filters:quality(85)\/https%3A%2F%2Falimak.com%2Fwp-content%2Fuploads%2F2025%2F09%2Fd2291df879d3d9219aa41f082605eabd3250e5e9.jpg\" srcset=\"https:\/\/images.ohmyhosting.se\/RHe0oE3TlTETH41w2OoXpWjHYH8=\/2545x1053\/smart\/filters:quality(85)\/https%3A%2F%2Falimak.com%2Fwp-content%2Fuploads%2F2025%2F09%2Fd2291df879d3d9219aa41f082605eabd3250e5e9.jpg 1x, https:\/\/images.ohmyhosting.se\/AdhHQjA7d3yK0NqyO3xGggVMQX4=\/5090x2106\/smart\/filters:quality(85)\/https%3A%2F%2Falimak.com%2Fwp-content%2Fuploads%2F2025%2F09%2Fd2291df879d3d9219aa41f082605eabd3250e5e9.jpg 2x\" alt=\"\" class=\"w-full w-full h-full object-cover\" width=\"2545\" height=\"1053\" \/><\/picture>            <\/div>\n                <div class=\"absolute inset-0 z-[2]\">\n            <div class=\"holder\">\n                <div class=\"grid grid-cols-12 gap-4\">\n                    <div class=\"col-span-12 lg:col-span-6 lg:col-start-7 pt-16\">\n                        <h3 class=\"text-28 md:text-44 lg:max-w-[500px] leading-tight\">Contactez-nous pour plus d&#8217;informations ou un devis<\/h3>\n                                                    <div class=\"mt-8\">\n                                <a class=\"btn\" href=\"https:\/\/alimak.com\/fr\/nous-contacter\/\" target=\"\">\n                                    <span>Nous contacter<\/span>\n                                    <span>\n                                        <svg width=\"24\" height=\"11\" viewBox=\"0 0 24 11\" fill=\"none\" xmlns=\"http:\/\/www.w3.org\/2000\/svg\">\n                                        <path d=\"M0 5.5H22\" stroke=\"black\" stroke-width=\"1.5\"\/>\n                                        <path d=\"M17.5 1L22 5.5L17.5 10\" stroke=\"black\" stroke-width=\"1.5\"\/>\n                                        <\/svg>\n                                    <\/span>\n                                <\/a>\n                            <\/div>\n                                            <\/div>\n                <\/div>\n            <\/div>\n        <\/div>\n    <\/div>\n<\/section>\n","protected":false},"excerpt":{"rendered":"<p>Depuis plus de 75ans, Alimak est le pionnier de lindustrie de lacc\u00e8s vertical, fournissant des solutions dacc\u00e8s vertical temporaires de&#8230;<\/p>\n","protected":false},"author":1,"featured_media":0,"parent":14064,"menu_order":0,"comment_status":"closed","ping_status":"closed","template":"","meta":{"_acf_changed":false,"footnotes":""},"class_list":["post-15685","page","type-page","status-publish","hentry"],"acf":[],"yoast_head":"<!-- This site is optimized with the Yoast SEO plugin v27.3 - https:\/\/yoast.com\/product\/yoast-seo-wordpress\/ -->\n<title>Secteurs (temporaire) - Alimak<\/title>\n<meta name=\"robots\" content=\"index, follow, max-snippet:-1, max-image-preview:large, max-video-preview:-1\" \/>\n<link rel=\"canonical\" href=\"https:\/\/alimak.com\/fr\/solutions-temporaires\/secteurs-temporaire\/\" \/>\n<meta property=\"og:locale\" content=\"fr_FR\" \/>\n<meta property=\"og:type\" content=\"article\" \/>\n<meta property=\"og:title\" content=\"Secteurs (temporaire) - Alimak\" \/>\n<meta property=\"og:description\" content=\"Depuis plus de 75ans, Alimak est le pionnier de lindustrie de lacc\u00e8s vertical, fournissant des solutions dacc\u00e8s vertical temporaires de...\" \/>\n<meta property=\"og:url\" content=\"https:\/\/alimak.com\/fr\/solutions-temporaires\/secteurs-temporaire\/\" \/>\n<meta property=\"og:site_name\" content=\"Alimak\" \/>\n<meta property=\"article:modified_time\" content=\"2026-03-18T13:17:40+00:00\" \/>\n<meta name=\"twitter:card\" content=\"summary_large_image\" \/>\n<script type=\"application\/ld+json\" class=\"yoast-schema-graph\">{\"@context\":\"https:\\\/\\\/schema.org\",\"@graph\":[{\"@type\":\"WebPage\",\"@id\":\"https:\\\/\\\/alimak.com\\\/fr\\\/solutions-temporaires\\\/secteurs-temporaire\\\/\",\"url\":\"https:\\\/\\\/alimak.com\\\/fr\\\/solutions-temporaires\\\/secteurs-temporaire\\\/\",\"name\":\"Secteurs (temporaire) - Alimak\",\"isPartOf\":{\"@id\":\"https:\\\/\\\/alimak.com\\\/#website\"},\"datePublished\":\"2025-08-26T10:38:43+00:00\",\"dateModified\":\"2026-03-18T13:17:40+00:00\",\"breadcrumb\":{\"@id\":\"https:\\\/\\\/alimak.com\\\/fr\\\/solutions-temporaires\\\/secteurs-temporaire\\\/#breadcrumb\"},\"inLanguage\":\"fr-FR\",\"potentialAction\":[{\"@type\":\"ReadAction\",\"target\":[\"https:\\\/\\\/alimak.com\\\/fr\\\/solutions-temporaires\\\/secteurs-temporaire\\\/\"]}]},{\"@type\":\"BreadcrumbList\",\"@id\":\"https:\\\/\\\/alimak.com\\\/fr\\\/solutions-temporaires\\\/secteurs-temporaire\\\/#breadcrumb\",\"itemListElement\":[{\"@type\":\"ListItem\",\"position\":1,\"name\":\"Home\",\"item\":\"https:\\\/\\\/alimak.com\\\/fr\\\/\"},{\"@type\":\"ListItem\",\"position\":2,\"name\":\"Solutions temporaires\",\"item\":\"https:\\\/\\\/alimak.com\\\/fr\\\/solutions-temporaires\\\/\"},{\"@type\":\"ListItem\",\"position\":3,\"name\":\"Secteurs (temporaire)\"}]},{\"@type\":\"WebSite\",\"@id\":\"https:\\\/\\\/alimak.com\\\/#website\",\"url\":\"https:\\\/\\\/alimak.com\\\/\",\"name\":\"Alimak\",\"description\":\"\",\"potentialAction\":[{\"@type\":\"SearchAction\",\"target\":{\"@type\":\"EntryPoint\",\"urlTemplate\":\"https:\\\/\\\/alimak.com\\\/?s={search_term_string}\"},\"query-input\":{\"@type\":\"PropertyValueSpecification\",\"valueRequired\":true,\"valueName\":\"search_term_string\"}}],\"inLanguage\":\"fr-FR\"}]}<\/script>\n<!-- \/ Yoast SEO plugin. -->","yoast_head_json":{"title":"Secteurs (temporaire) - Alimak","robots":{"index":"index","follow":"follow","max-snippet":"max-snippet:-1","max-image-preview":"max-image-preview:large","max-video-preview":"max-video-preview:-1"},"canonical":"https:\/\/alimak.com\/fr\/solutions-temporaires\/secteurs-temporaire\/","og_locale":"fr_FR","og_type":"article","og_title":"Secteurs (temporaire) - Alimak","og_description":"Depuis plus de 75ans, Alimak est le pionnier de lindustrie de lacc\u00e8s vertical, fournissant des solutions dacc\u00e8s vertical temporaires de...","og_url":"https:\/\/alimak.com\/fr\/solutions-temporaires\/secteurs-temporaire\/","og_site_name":"Alimak","article_modified_time":"2026-03-18T13:17:40+00:00","twitter_card":"summary_large_image","schema":{"@context":"https:\/\/schema.org","@graph":[{"@type":"WebPage","@id":"https:\/\/alimak.com\/fr\/solutions-temporaires\/secteurs-temporaire\/","url":"https:\/\/alimak.com\/fr\/solutions-temporaires\/secteurs-temporaire\/","name":"Secteurs (temporaire) - Alimak","isPartOf":{"@id":"https:\/\/alimak.com\/#website"},"datePublished":"2025-08-26T10:38:43+00:00","dateModified":"2026-03-18T13:17:40+00:00","breadcrumb":{"@id":"https:\/\/alimak.com\/fr\/solutions-temporaires\/secteurs-temporaire\/#breadcrumb"},"inLanguage":"fr-FR","potentialAction":[{"@type":"ReadAction","target":["https:\/\/alimak.com\/fr\/solutions-temporaires\/secteurs-temporaire\/"]}]},{"@type":"BreadcrumbList","@id":"https:\/\/alimak.com\/fr\/solutions-temporaires\/secteurs-temporaire\/#breadcrumb","itemListElement":[{"@type":"ListItem","position":1,"name":"Home","item":"https:\/\/alimak.com\/fr\/"},{"@type":"ListItem","position":2,"name":"Solutions temporaires","item":"https:\/\/alimak.com\/fr\/solutions-temporaires\/"},{"@type":"ListItem","position":3,"name":"Secteurs (temporaire)"}]},{"@type":"WebSite","@id":"https:\/\/alimak.com\/#website","url":"https:\/\/alimak.com\/","name":"Alimak","description":"","potentialAction":[{"@type":"SearchAction","target":{"@type":"EntryPoint","urlTemplate":"https:\/\/alimak.com\/?s={search_term_string}"},"query-input":{"@type":"PropertyValueSpecification","valueRequired":true,"valueName":"search_term_string"}}],"inLanguage":"fr-FR"}]}},"_links":{"self":[{"href":"https:\/\/alimak.com\/fr\/wp-json\/wp\/v2\/pages\/15685","targetHints":{"allow":["GET"]}}],"collection":[{"href":"https:\/\/alimak.com\/fr\/wp-json\/wp\/v2\/pages"}],"about":[{"href":"https:\/\/alimak.com\/fr\/wp-json\/wp\/v2\/types\/page"}],"author":[{"embeddable":true,"href":"https:\/\/alimak.com\/fr\/wp-json\/wp\/v2\/users\/1"}],"replies":[{"embeddable":true,"href":"https:\/\/alimak.com\/fr\/wp-json\/wp\/v2\/comments?post=15685"}],"version-history":[{"count":1,"href":"https:\/\/alimak.com\/fr\/wp-json\/wp\/v2\/pages\/15685\/revisions"}],"predecessor-version":[{"id":15701,"href":"https:\/\/alimak.com\/fr\/wp-json\/wp\/v2\/pages\/15685\/revisions\/15701"}],"up":[{"embeddable":true,"href":"https:\/\/alimak.com\/fr\/wp-json\/wp\/v2\/pages\/14064"}],"wp:attachment":[{"href":"https:\/\/alimak.com\/fr\/wp-json\/wp\/v2\/media?parent=15685"}],"curies":[{"name":"wp","href":"https:\/\/api.w.org\/{rel}","templated":true}]}}