{"id":204,"date":"2020-11-12T12:57:50","date_gmt":"2020-11-12T12:57:50","guid":{"rendered":"https:\/\/alimak.wpengine.com\/?page_id=204"},"modified":"2025-06-11T05:17:39","modified_gmt":"2025-06-11T05:17:39","slug":"maintenance","status":"publish","type":"page","link":"https:\/\/alimak.com\/fr\/service-solutions\/maintenance\/","title":{"rendered":"Maintenance"},"content":{"rendered":"\n<article class=\"m11 break-out\" id=\"block_5fad4f7eea124\" data-animate-container>\n\n  <nav id=\"breadcrumbs\"><div class=\"container\" data-animate><\/div><\/nav>\n  <div class=\"m11__wrapper\">\n    <div class=\"container m11__container\">\n\n      <div class=\"m11__content\">\n\n                  <h1 class=\"m11__heading uppercase\" data-animate>SOLUTIONS DE MAINTENANCE<\/h1>\n        \n                  <div class=\"m11__text\" data-animate>\n            <p>Une gamme compl\u00e8te de solutions d&rsquo;assistance et d&rsquo;entretien est disponible pour les propri\u00e9taires et les op\u00e9rateurs d&rsquo;\u00e9quipements d&rsquo;acc\u00e8s vertical Alimak. Les contrats de maintenance sont adapt\u00e9s aux besoins des \u00e9quipements et peuvent \u00eatre mis en \u0153uvre de mani\u00e8re ponctuelle ou sur le long terme pendant toute la dur\u00e9e de vie op\u00e9rationnelle des \u00e9quipements d&rsquo;acc\u00e8s vertical.<\/p>\n<p>Tous les services de maintenance sont effectu\u00e9s exclusivement par des techniciens Alimak Service form\u00e9s et exp\u00e9riment\u00e9s pour un travail de haute qualit\u00e9 avec l&rsquo;objectif d&rsquo;am\u00e9liorer les performances, l&rsquo;efficacit\u00e9 et la s\u00e9curit\u00e9 sur les chantiers. Des solutions de maintenance sont disponibles pour toute la gamme de produits Alimak, y compris les ascenseurs de chantier, les ascenseurs industriels, les plates-formes se d\u00e9pla\u00e7ant le long de m\u00e2t(s) et les plates-formes de transport.<\/p>\n          <\/div>\n        \n                  <a\n          href=\"https:\/\/alimak.com\/be\/contact-us\/\"\n          class=\"m11__button button\"\n          data-animate\n          target=\"_self\">\n            Parler \u00e0 un sp\u00e9cialiste          <\/a>\n        \n      <\/div>\n\n              <div class=\"m11__media\">\n          <img src=https:\/\/alimak.com\/fr\/wp-content\/uploads\/sites\/14\/2022\/10\/190806-148-web-800x533.jpg srcset=\"https:\/\/alimak.com\/fr\/wp-content\/uploads\/sites\/14\/2022\/10\/190806-148-web-800x533.jpg 1x, https:\/\/alimak.com\/fr\/wp-content\/uploads\/sites\/14\/2022\/10\/190806-148-web-1600x1067.jpg 2x\" class=\"m11__image initial\" alt=\"\" width=\"800\" height=\"533\">        <\/div>\n      \n    <\/div>\n  <\/div>\n<\/article>\n\n\n\n\n<div style=\"height:72px\" aria-hidden=\"true\" class=\"wp-block-spacer\"><\/div>\n\n\n\n<p class=\"has-text-align-center\">En tant que prestataire de services choisi pour Alimak, Alimak Service offre des solutions compl\u00e8tes d&rsquo;assistance et d&rsquo;entretien aux propri\u00e9taires et aux op\u00e9rateurs d&rsquo;\u00e9quipements Alimak. Toutes les op\u00e9rations de maintenance sont effectu\u00e9es par des techniciens Alimak Service hautement qualifi\u00e9s.<\/p>\n\n\n\n<div style=\"height:50px\" aria-hidden=\"true\" class=\"wp-block-spacer\"><\/div>\n\n\n\n<div class=\"wp-block-group has-light-grey-background-color has-background\"><div class=\"wp-block-group__inner-container is-layout-flow wp-block-group-is-layout-flow\">\n<article class=\"m05 break-out desktop-only\" id=\"block_5fad4fcdea126\" data-animate-container>\n  <div class=\"container m05__container\">\n          <h2 class=\"m05__heading h3 uppercase\" data-animate>Avantages des solutions de maintenance<\/h2>\n    \n          <div class=\"m05__benefits\">\n                  <article class=\"m05__benefit\" data-animate data-delay=\"0\">\n\n                          <p class=\"m05__text h4 uppercase\">Contrats de service de maintenance sur mesure<\/p>\n            \n                          <div class=\"m05__icon\" aria-hidden=\"true\">\n                <img src=https:\/\/alimak.com\/fr\/wp-content\/uploads\/sites\/14\/2020\/11\/icon_benefits.png  class=\"\" alt=\"\" width=\"51\" height=\"61\">              <\/div>\n            \n          <\/article>\n                  <article class=\"m05__benefit\" data-animate data-delay=\"150\">\n\n                          <p class=\"m05__text h4 uppercase\">Minimise le temps d&#039;arr\u00eat des produits<\/p>\n            \n                          <div class=\"m05__icon\" aria-hidden=\"true\">\n                <img src=https:\/\/alimak.com\/fr\/wp-content\/uploads\/sites\/14\/2020\/11\/icon_benefits.png  class=\"\" alt=\"\" width=\"51\" height=\"61\">              <\/div>\n            \n          <\/article>\n                  <article class=\"m05__benefit\" data-animate data-delay=\"300\">\n\n                          <p class=\"m05__text h4 uppercase\">Pi\u00e8ces de rechange d&#039;origine<\/p>\n            \n                          <div class=\"m05__icon\" aria-hidden=\"true\">\n                <img src=https:\/\/alimak.com\/fr\/wp-content\/uploads\/sites\/14\/2020\/11\/icon_benefits.png  class=\"\" alt=\"\" width=\"51\" height=\"61\">              <\/div>\n            \n          <\/article>\n                  <article class=\"m05__benefit\" data-animate data-delay=\"450\">\n\n                          <p class=\"m05__text h4 uppercase\">Garanties de 12 mois<\/p>\n            \n                          <div class=\"m05__icon\" aria-hidden=\"true\">\n                <img src=https:\/\/alimak.com\/fr\/wp-content\/uploads\/sites\/14\/2020\/11\/icon_benefits.png  class=\"\" alt=\"\" width=\"51\" height=\"61\">              <\/div>\n            \n          <\/article>\n              <\/div>\n      <\/div>\n<\/article>\n<\/div><\/div>\n\n\n\n<article class=\"m13 break-out\" id=\"block_5fad5044ea12b\" data-animate-container>\n  <div class=\"container m13__container\">\n\n          <h2 class=\"m13__heading uppercase h3\" data-animate>Services de maintenance disponibles<\/h2>\n        \n          <div class=\"m13__services\">\n                  <article class=\"m13__service\" data-animate data-delay=\"0\">\n\n                          <h3 class=\"m13__title uppercase h4\">Consultation primaire et proposition <\/h3>\n            \n            <p>Un sp\u00e9cialiste Alimak effectuera une inspection compl\u00e8te avant de proposer la solution de maintenance la plus rentable.<\/p>\n\n            \n                          <div class=\"m13__icon\" aria-hidden=\"true\">\n                <img src=https:\/\/alimak.com\/fr\/wp-content\/uploads\/sites\/14\/2020\/11\/icon_Primary-consultation.png  class=\"\" alt=\"\" width=\"60\" height=\"53\">              <\/div>\n            \n          <\/article>\n                  <article class=\"m13__service\" data-animate data-delay=\"150\">\n\n                          <h3 class=\"m13__title uppercase h4\">Accord de service <\/h3>\n            \n            <p>Les accords de service sur mesure comprennent un entretien et une maintenance ad hoc mais aussi des solutions compl\u00e8tes d&rsquo;assistance et d&rsquo;entretien tout au long du cycle de vie de l&rsquo;\u00e9quipement.<\/p>\n\n            \n                          <div class=\"m13__icon\" aria-hidden=\"true\">\n                <img src=https:\/\/alimak.com\/fr\/wp-content\/uploads\/sites\/14\/2020\/11\/icon_Service-level-agreement.png  class=\"\" alt=\"\" width=\"42\" height=\"60\">              <\/div>\n            \n          <\/article>\n                  <article class=\"m13__service\" data-animate data-delay=\"300\">\n\n                          <h3 class=\"m13__title uppercase h4\">Programme d&#039;entretien et de maintenance pr\u00e9ventive <\/h3>\n            \n            <p>La maintenance pr\u00e9ventive programm\u00e9e am\u00e9liore les performances, prolonge la dur\u00e9e de vie op\u00e9rationnelle des \u00e9quipements Alimak et minimise les risques d&rsquo;arr\u00eat impr\u00e9vu.<\/p>\n\n            \n                          <div class=\"m13__icon\" aria-hidden=\"true\">\n                <img src=https:\/\/alimak.com\/fr\/wp-content\/uploads\/sites\/14\/2020\/11\/icon_Service-_-preventative.png  class=\"\" alt=\"\" width=\"66\" height=\"71\">              <\/div>\n            \n          <\/article>\n                  <article class=\"m13__service\" data-animate data-delay=\"450\">\n\n                          <h3 class=\"m13__title uppercase h4\">Interventions d&#039;urgence <\/h3>\n            \n            <p>Minimisez les temps d&rsquo;arr\u00eat co\u00fbteux des \u00e9quipements gr\u00e2ce aux services d&rsquo;intervention d&rsquo;urgence destin\u00e9s \u00e0 r\u00e9tablir les performances et la fonctionnalit\u00e9 des \u00e9quipements.<\/p>\n\n            \n                          <div class=\"m13__icon\" aria-hidden=\"true\">\n                <img src=https:\/\/alimak.com\/fr\/wp-content\/uploads\/sites\/14\/2020\/11\/icon_Emergency-callouts.png  class=\"\" alt=\"\" width=\"62\" height=\"55\">              <\/div>\n            \n          <\/article>\n                  <article class=\"m13__service\" data-animate data-delay=\"600\">\n\n                          <h3 class=\"m13__title uppercase h4\">Assistance technique et d\u00e9pannage <\/h3>\n            \n            <p>Identification et r\u00e9solution des probl\u00e8mes de performance, de s\u00e9curit\u00e9 et d&rsquo;efficacit\u00e9 afin de maximiser le temps de bon fonctionnement des \u00e9quipements d&rsquo;acc\u00e8s vertical.<\/p>\n\n            \n                          <div class=\"m13__icon\" aria-hidden=\"true\">\n                <img src=https:\/\/alimak.com\/fr\/wp-content\/uploads\/sites\/14\/2020\/11\/icon_Technical-support.png  class=\"\" alt=\"\" width=\"63\" height=\"63\">              <\/div>\n            \n          <\/article>\n                  <article class=\"m13__service\" data-animate data-delay=\"750\">\n\n                          <h3 class=\"m13__title uppercase h4\">Forfaits pi\u00e8ces de rechange <\/h3>\n            \n            <p>Seules les pi\u00e8ces d&rsquo;origine Alimak sont utilis\u00e9es lors des op\u00e9rations de maintenance afin de prolonger la dur\u00e9e de vie des \u00e9quipements Alimak et de maximiser leurs performances.<\/p>\n\n            \n                          <div class=\"m13__icon\" aria-hidden=\"true\">\n                <img src=https:\/\/alimak.com\/fr\/wp-content\/uploads\/sites\/14\/2020\/11\/icon_spare-parts.png  class=\"\" alt=\"\" width=\"64\" height=\"60\">              <\/div>\n            \n          <\/article>\n              <\/div>\n    \n  <\/div>\n<\/article>\n\n\n\n<article class=\"m08 break-out\" id=\"block_5fad50cbea132\" data-animate-container>\n  <div class=\"container m08__container\">\n\n          <div class=\"m08__block m08__block--one\">\n        <div class=\"m08__content\">\n\n                      <h2 class=\"m08__heading uppercase h3\" data-animate>Contactez-nous pour obtenir plus d&#039;informations ou un devis<\/h2>\n          \n                      <div class=\"m08__text\" data-animate>\n              <p>Vous avez besoin d&rsquo;aide pour s\u00e9lectionner le bon produit pour un projet \u00e0 venir ? Contactez nos experts pour obtenir des informations sur la gamme de solutions d&rsquo;acc\u00e8s vertical disponibles et un devis pour r\u00e9pondre aux besoins de votre projet.<\/p>\n            <\/div>\n          \n                      <a\n            data-animate\n            href=\"https:\/\/alimak.com\/be\/request-a-quote\"\n            class=\"m08__button button button--outline button--white\"\n            target=\"_self\">\n              Demander un devis            <\/a>\n          \n        <\/div>\n      <\/div>\n    \n          <div class=\"m08__block m08__block--two\">\n        <div class=\"m08__content\">\n\n                      <h2 class=\"m08__heading uppercase h3\" data-animate>Trouver un repr\u00e9sentant local<\/h2>\n          \n                      <div class=\"m08__text\" data-animate>\n              <p>Pr\u00e9sent sur les six continents, Alimak utilise son r\u00e9seau mondial pour fournir des solutions d&rsquo;acc\u00e8s vertical pour un large \u00e9ventail d&rsquo;applications sur les chantiers de construction et les sites industriels dans le monde entier. Contactez-nous pour trouver un repr\u00e9sentant local du r\u00e9seau mondial d&rsquo;Alimak.<\/p>\n            <\/div>\n          \n                      <a\n            data-animate\n            href=\"https:\/\/alimak.com\/be\/locations\"\n            class=\"m08__button button\"\n            target=\"_self\">\n              Rechercher sur le site            <\/a>\n          \n        <\/div>\n      <\/div>\n        \n  <\/div>\n<\/article>\n\n\n\n<div style=\"height:100px\" aria-hidden=\"true\" class=\"wp-block-spacer\"><\/div>\n","protected":false},"excerpt":{"rendered":"<p>En tant que prestataire de services choisi pour Alimak, Alimak Service offre des solutions compl\u00e8tes d&rsquo;assistance et d&rsquo;entretien aux propri\u00e9taires et aux op\u00e9rateurs d&rsquo;\u00e9quipements Alimak. Toutes les op\u00e9rations de maintenance sont effectu\u00e9es par des techniciens Alimak Service hautement qualifi\u00e9s.<\/p>\n","protected":false},"author":1,"featured_media":0,"parent":203,"menu_order":0,"comment_status":"closed","ping_status":"closed","template":"","meta":{"_trash_the_other_posts":false,"editor_notices":[],"footnotes":""},"class_list":["post-204","page","type-page","status-publish","hentry"],"yoast_head":"<!-- This site is optimized with the Yoast SEO plugin v27.3 - https:\/\/yoast.com\/product\/yoast-seo-wordpress\/ -->\n<title>Maintenance - Alimak France<\/title>\n<meta name=\"robots\" content=\"index, follow, max-snippet:-1, max-image-preview:large, max-video-preview:-1\" \/>\n<link rel=\"canonical\" href=\"https:\/\/alimak.com\/fr\/service-solutions\/maintenance\/\" \/>\n<meta property=\"og:locale\" content=\"fr_FR\" \/>\n<meta property=\"og:type\" content=\"article\" \/>\n<meta property=\"og:title\" content=\"Maintenance - Alimak France\" \/>\n<meta property=\"og:description\" content=\"En tant que prestataire de services choisi pour Alimak, Alimak Service offre des solutions compl\u00e8tes d&rsquo;assistance et d&rsquo;entretien aux propri\u00e9taires et aux op\u00e9rateurs d&rsquo;\u00e9quipements Alimak. Toutes les op\u00e9rations de maintenance sont effectu\u00e9es par des techniciens Alimak Service hautement qualifi\u00e9s.\" \/>\n<meta property=\"og:url\" content=\"https:\/\/alimak.com\/fr\/service-solutions\/maintenance\/\" \/>\n<meta property=\"og:site_name\" content=\"Alimak France\" \/>\n<meta property=\"article:modified_time\" content=\"2025-06-11T05:17:39+00:00\" \/>\n<meta name=\"twitter:card\" content=\"summary_large_image\" \/>\n<meta name=\"twitter:label1\" content=\"Dur\u00e9e de lecture estim\u00e9e\" \/>\n\t<meta name=\"twitter:data1\" content=\"1 minute\" \/>\n<script type=\"application\/ld+json\" class=\"yoast-schema-graph\">{\"@context\":\"https:\\\/\\\/schema.org\",\"@graph\":[{\"@type\":\"WebPage\",\"@id\":\"https:\\\/\\\/alimak.com\\\/fr\\\/service-solutions\\\/maintenance\\\/\",\"url\":\"https:\\\/\\\/alimak.com\\\/fr\\\/service-solutions\\\/maintenance\\\/\",\"name\":\"Maintenance - Alimak France\",\"isPartOf\":{\"@id\":\"https:\\\/\\\/alimak.com\\\/fr\\\/#website\"},\"datePublished\":\"2020-11-12T12:57:50+00:00\",\"dateModified\":\"2025-06-11T05:17:39+00:00\",\"breadcrumb\":{\"@id\":\"https:\\\/\\\/alimak.com\\\/fr\\\/service-solutions\\\/maintenance\\\/#breadcrumb\"},\"inLanguage\":\"fr-FR\",\"potentialAction\":[{\"@type\":\"ReadAction\",\"target\":[\"https:\\\/\\\/alimak.com\\\/fr\\\/service-solutions\\\/maintenance\\\/\"]}]},{\"@type\":\"BreadcrumbList\",\"@id\":\"https:\\\/\\\/alimak.com\\\/fr\\\/service-solutions\\\/maintenance\\\/#breadcrumb\",\"itemListElement\":[{\"@type\":\"ListItem\",\"position\":1,\"name\":\"Aper\u00e7u des services d&#8217;entretien et d&#8217;assistance\",\"item\":\"https:\\\/\\\/alimak.com\\\/fr\\\/service-solutions\\\/\"},{\"@type\":\"ListItem\",\"position\":2,\"name\":\"Maintenance\"}]},{\"@type\":\"WebSite\",\"@id\":\"https:\\\/\\\/alimak.com\\\/fr\\\/#website\",\"url\":\"https:\\\/\\\/alimak.com\\\/fr\\\/\",\"name\":\"Alimak France\",\"description\":\"Les leaders mondiaux en mati\u00e8re de solutions d&#039;acc\u00e8s vertical\",\"potentialAction\":[{\"@type\":\"SearchAction\",\"target\":{\"@type\":\"EntryPoint\",\"urlTemplate\":\"https:\\\/\\\/alimak.com\\\/fr\\\/?s={search_term_string}\"},\"query-input\":{\"@type\":\"PropertyValueSpecification\",\"valueRequired\":true,\"valueName\":\"search_term_string\"}}],\"inLanguage\":\"fr-FR\"}]}<\/script>\n<!-- \/ Yoast SEO plugin. -->","yoast_head_json":{"title":"Maintenance - Alimak France","robots":{"index":"index","follow":"follow","max-snippet":"max-snippet:-1","max-image-preview":"max-image-preview:large","max-video-preview":"max-video-preview:-1"},"canonical":"https:\/\/alimak.com\/fr\/service-solutions\/maintenance\/","og_locale":"fr_FR","og_type":"article","og_title":"Maintenance - Alimak France","og_description":"En tant que prestataire de services choisi pour Alimak, Alimak Service offre des solutions compl\u00e8tes d&rsquo;assistance et d&rsquo;entretien aux propri\u00e9taires et aux op\u00e9rateurs d&rsquo;\u00e9quipements Alimak. Toutes les op\u00e9rations de maintenance sont effectu\u00e9es par des techniciens Alimak Service hautement qualifi\u00e9s.","og_url":"https:\/\/alimak.com\/fr\/service-solutions\/maintenance\/","og_site_name":"Alimak France","article_modified_time":"2025-06-11T05:17:39+00:00","twitter_card":"summary_large_image","twitter_misc":{"Dur\u00e9e de lecture estim\u00e9e":"1 minute"},"schema":{"@context":"https:\/\/schema.org","@graph":[{"@type":"WebPage","@id":"https:\/\/alimak.com\/fr\/service-solutions\/maintenance\/","url":"https:\/\/alimak.com\/fr\/service-solutions\/maintenance\/","name":"Maintenance - Alimak France","isPartOf":{"@id":"https:\/\/alimak.com\/fr\/#website"},"datePublished":"2020-11-12T12:57:50+00:00","dateModified":"2025-06-11T05:17:39+00:00","breadcrumb":{"@id":"https:\/\/alimak.com\/fr\/service-solutions\/maintenance\/#breadcrumb"},"inLanguage":"fr-FR","potentialAction":[{"@type":"ReadAction","target":["https:\/\/alimak.com\/fr\/service-solutions\/maintenance\/"]}]},{"@type":"BreadcrumbList","@id":"https:\/\/alimak.com\/fr\/service-solutions\/maintenance\/#breadcrumb","itemListElement":[{"@type":"ListItem","position":1,"name":"Aper\u00e7u des services d&#8217;entretien et d&#8217;assistance","item":"https:\/\/alimak.com\/fr\/service-solutions\/"},{"@type":"ListItem","position":2,"name":"Maintenance"}]},{"@type":"WebSite","@id":"https:\/\/alimak.com\/fr\/#website","url":"https:\/\/alimak.com\/fr\/","name":"Alimak France","description":"Les leaders mondiaux en mati\u00e8re de solutions d&#039;acc\u00e8s vertical","potentialAction":[{"@type":"SearchAction","target":{"@type":"EntryPoint","urlTemplate":"https:\/\/alimak.com\/fr\/?s={search_term_string}"},"query-input":{"@type":"PropertyValueSpecification","valueRequired":true,"valueName":"search_term_string"}}],"inLanguage":"fr-FR"}]}},"_links":{"self":[{"href":"https:\/\/alimak.com\/fr\/wp-json\/wp\/v2\/pages\/204","targetHints":{"allow":["GET"]}}],"collection":[{"href":"https:\/\/alimak.com\/fr\/wp-json\/wp\/v2\/pages"}],"about":[{"href":"https:\/\/alimak.com\/fr\/wp-json\/wp\/v2\/types\/page"}],"author":[{"embeddable":true,"href":"https:\/\/alimak.com\/fr\/wp-json\/wp\/v2\/users\/1"}],"replies":[{"embeddable":true,"href":"https:\/\/alimak.com\/fr\/wp-json\/wp\/v2\/comments?post=204"}],"version-history":[{"count":8,"href":"https:\/\/alimak.com\/fr\/wp-json\/wp\/v2\/pages\/204\/revisions"}],"predecessor-version":[{"id":5123,"href":"https:\/\/alimak.com\/fr\/wp-json\/wp\/v2\/pages\/204\/revisions\/5123"}],"up":[{"embeddable":true,"href":"https:\/\/alimak.com\/fr\/wp-json\/wp\/v2\/pages\/203"}],"wp:attachment":[{"href":"https:\/\/alimak.com\/fr\/wp-json\/wp\/v2\/media?parent=204"}],"curies":[{"name":"wp","href":"https:\/\/api.w.org\/{rel}","templated":true}]}}