{"id":205,"date":"2020-11-12T12:58:26","date_gmt":"2020-11-12T12:58:26","guid":{"rendered":"https:\/\/alimak.wpengine.com\/?page_id=205"},"modified":"2021-01-26T00:10:51","modified_gmt":"2021-01-26T00:10:51","slug":"connectivity-and-asset-management","status":"publish","type":"page","link":"https:\/\/alimak.com\/fr\/service-solutions\/connectivity-and-asset-management\/","title":{"rendered":"Connectivit\u00e9 et gestion d&rsquo;actifs"},"content":{"rendered":"\n<article class=\"m33 break-out\" id=\"block_5fad4a8bd88d7\" data-animate-container>\n\n  <nav id=\"breadcrumbs\"><div class=\"container\"><\/div><\/nav>\n  <div class=\"container m33__container\">\n\t\t\n\t\t\t\t\t<h1 class=\"m33__heading uppercase  \" data-animate>Connectivit\u00e9 et gestion d&#039;actifs<\/h1>\n\t\t\t\t\n\t\t  <\/div>\n\n<\/article>\n\n\n\n\n<article class=\"m02 break-out\" id=\"block_5fad4d2ad88e0\" data-animate-container>\n  <div class=\"container\" data-animate>\n    <p style=\"text-align: center\">Alimak propose une gamme de solutions d&rsquo;assistance et d&rsquo;entretien con\u00e7ue pour g\u00e9rer le cycle de vie total de votre \u00e9quipement Alimak.<\/p>\n  <\/div>\n<\/article>\n\n\n<div class=\"wp-block-group has-light-grey-background-color has-background\"><div class=\"wp-block-group__inner-container is-layout-flow wp-block-group-is-layout-flow\">\n<article class=\"m17 break-out\" id=\"block_5fad4cb2d88dd\" data-animate-container>\n  <div class=\"container m17__container\">\n\n    <div class=\"m17__introduction large\">\n                <\/div>\n\n    \n      <article class=\"m17__block\" data-animate data-delay=\"0\">\n\n                  <div class=\"m17__content\">\n\n                          <h3 class=\"m17__title uppercase h4\">CONNECTIVIT\u00c9<\/h3>\n              <p>Certains produits du portfolio actuel d&rsquo;Alimak offrent des solutions de connectivit\u00e9. Gr\u00e2ce \u00e0 la surveillance \u00e0 distance, cette solution de connectivit\u00e9 recueille et affiche une grande vari\u00e9t\u00e9 d&rsquo;informations et de donn\u00e9es op\u00e9rationnelles, telles que le nombre de d\u00e9marrages et d&rsquo;arr\u00eats, les heures de fonctionnement, et bien plus encore, afin de fournir aux propri\u00e9taires une analyse pr\u00e9cise de l&rsquo;utilisation de leur \u00e9quipement. Le syst\u00e8me de connectivit\u00e9 sert \u00e9galement d&rsquo;outil de recherche de pannes pour permettre le diagnostic \u00e0 distance afin d&rsquo;\u00e9viter les visites inutiles sur site et de r\u00e9duire au minimum les temps d&rsquo;arr\u00eat. Alimak investit continuellement dans le d\u00e9veloppement de solutions pour offrir de nouvelles fonctionnalit\u00e9s apportant une valeur ajout\u00e9e \u00e0 ses clients.<\/p>\n\n          <\/div>\n                \n                  <div class=\"m17__media\">\n            <img src=https:\/\/alimak.com\/fr\/wp-content\/uploads\/sites\/14\/2020\/11\/Connectivity-and-Asset-Management-Hero-image.jpg  class=\"m17__image\" alt=\"\" width=\"666\" height=\"592\">          <\/div>\n        \n      <\/article>\n\n      \n      <article class=\"m17__block\" data-animate data-delay=\"150\">\n\n                  <div class=\"m17__content\">\n\n                          <h3 class=\"m17__title uppercase h4\">GESTION D&#039;ACTIFS<\/h3>\n              <p>Gr\u00e2ce \u00e0 un r\u00e9seau mondial de centres de r\u00e9paration, Alimak poss\u00e8de l&rsquo;expertise et la capacit\u00e9 de fournir une assistance et un entretien complets partout dans le monde, aussi bien sur terre qu&rsquo;en mer. Gr\u00e2ce \u00e0 nos services d&rsquo;assistance localis\u00e9s, nous maximisons le potentiel de chaque actif afin de garantir que le temps de bon fonctionnement, la s\u00e9curit\u00e9 et la productivit\u00e9 des produits ne soient jamais compromis. Le meilleur \u00e9quipement m\u00e9rite le meilleur service.<\/p>\n<p>Des solutions d&rsquo;assistance sont \u00e9galement disponibles pour les installations existantes, \u00e0 condition qu&rsquo;une inspection et une \u00e9valuation des \u00e9quipements soient effectu\u00e9es et que des travaux correctifs soient pr\u00e9vus. Les solutions d&rsquo;assistance Alimak offrent aux clients un co\u00fbt fixe sur toute la dur\u00e9e de vie de l&rsquo;\u00e9quipement, sans frais cach\u00e9s ni surprises inattendues .<\/p>\n<p class=\"p1\">Un forfait d&rsquo;assistance classique comprend les \u00e9l\u00e9ments suivants :<\/p>\n<ul class=\"ul1\">\n<li class=\"li1\">Consultation primaire et proposition<\/li>\n<li class=\"li1\">Accord de service<\/li>\n<li class=\"li1\">Entretien et pr\u00e9vention<\/li>\n<li class=\"li1\">Programme de maintenance<\/li>\n<li class=\"li1\">Formation des op\u00e9rateurs<\/li>\n<li class=\"li1\">Forfait pi\u00e8ces de rechange (les pi\u00e8ces \u00e0 usure normale remplac\u00e9es \u00e0 intervalles r\u00e9guliers)<\/li>\n<li class=\"li1\">Interventions d&rsquo;urgence<\/li>\n<li class=\"li1\">Soutien technique \/ D\u00e9pannage<\/li>\n<li class=\"li1\">T\u00e9l\u00e9surveillance (si disponible)<\/li>\n<li class=\"li1\">\u00c9valuation continue des actifs (gestion du cycle de vie)<\/li>\n<\/ul>\n\n          <\/div>\n                \n                  <div class=\"m17__media\">\n            <img src=https:\/\/alimak.com\/fr\/wp-content\/uploads\/sites\/14\/2020\/12\/Cement-Hero.jpg  class=\"m17__image\" alt=\"\" width=\"666\" height=\"592\">          <\/div>\n        \n      <\/article>\n\n      \n  <\/div>\n<\/article><\/div><\/div>\n\n\n\n<div style=\"height:100px\" aria-hidden=\"true\" class=\"wp-block-spacer\"><\/div>\n\n\n\n<article class=\"m08 break-out\" id=\"block_5fd93166cfa47\" data-animate-container>\n  <div class=\"container m08__container\">\n\n          <div class=\"m08__block m08__block--one\">\n        <div class=\"m08__content\">\n\n                      <h2 class=\"m08__heading uppercase h3\" data-animate>Contactez-nous pour obtenir plus d&#039;informations ou un devis<\/h2>\n          \n                      <div class=\"m08__text\" data-animate>\n              <p>Vous avez besoin d&rsquo;aide pour s\u00e9lectionner le bon produit pour un projet \u00e0 venir ? Contactez nos experts pour obtenir des informations sur la gamme de solutions d&rsquo;acc\u00e8s vertical disponibles et un devis pour r\u00e9pondre aux besoins de votre projet.<\/p>\n            <\/div>\n          \n                      <a\n            data-animate\n            href=\"https:\/\/alimak.com\/be\/request-a-quote\"\n            class=\"m08__button button button--outline button--white\"\n            target=\"_self\">\n              Demander un devis            <\/a>\n          \n        <\/div>\n      <\/div>\n    \n          <div class=\"m08__block m08__block--two\">\n        <div class=\"m08__content\">\n\n                      <h2 class=\"m08__heading uppercase h3\" data-animate>Trouver un repr\u00e9sentant local<\/h2>\n          \n                      <div class=\"m08__text\" data-animate>\n              <p>Pr\u00e9sent sur les six continents, Alimak utilise son r\u00e9seau mondial pour fournir des solutions d&rsquo;acc\u00e8s vertical pour un large \u00e9ventail d&rsquo;applications sur les chantiers de construction et les sites industriels dans le monde entier. Contactez-nous pour trouver un repr\u00e9sentant local du r\u00e9seau mondial d&rsquo;Alimak.<\/p>\n            <\/div>\n          \n                      <a\n            data-animate\n            href=\"\/be\/locations\"\n            class=\"m08__button button\"\n            target=\"_self\">\n              Rechercher sur le site            <\/a>\n          \n        <\/div>\n      <\/div>\n        \n  <\/div>\n<\/article>\n\n\n\n<div style=\"height:100px\" aria-hidden=\"true\" class=\"wp-block-spacer\"><\/div>\n","protected":false},"excerpt":{"rendered":"","protected":false},"author":1,"featured_media":0,"parent":203,"menu_order":0,"comment_status":"closed","ping_status":"closed","template":"","meta":{"_trash_the_other_posts":false,"editor_notices":[],"footnotes":""},"class_list":["post-205","page","type-page","status-publish","hentry"],"yoast_head":"<!-- This site is optimized with the Yoast SEO plugin v27.3 - https:\/\/yoast.com\/product\/yoast-seo-wordpress\/ -->\n<title>Connectivit\u00e9 et gestion d&#039;actifs - Alimak France<\/title>\n<meta name=\"robots\" content=\"index, follow, max-snippet:-1, max-image-preview:large, max-video-preview:-1\" \/>\n<link rel=\"canonical\" href=\"https:\/\/alimak.com\/fr\/service-solutions\/connectivity-and-asset-management\/\" \/>\n<meta property=\"og:locale\" content=\"fr_FR\" \/>\n<meta property=\"og:type\" content=\"article\" \/>\n<meta property=\"og:title\" content=\"Connectivit\u00e9 et gestion d&#039;actifs - Alimak France\" \/>\n<meta property=\"og:url\" content=\"https:\/\/alimak.com\/fr\/service-solutions\/connectivity-and-asset-management\/\" \/>\n<meta property=\"og:site_name\" content=\"Alimak France\" \/>\n<meta property=\"article:modified_time\" content=\"2021-01-26T00:10:51+00:00\" \/>\n<meta name=\"twitter:card\" content=\"summary_large_image\" \/>\n<script type=\"application\/ld+json\" class=\"yoast-schema-graph\">{\"@context\":\"https:\\\/\\\/schema.org\",\"@graph\":[{\"@type\":\"WebPage\",\"@id\":\"https:\\\/\\\/alimak.com\\\/fr\\\/service-solutions\\\/connectivity-and-asset-management\\\/\",\"url\":\"https:\\\/\\\/alimak.com\\\/fr\\\/service-solutions\\\/connectivity-and-asset-management\\\/\",\"name\":\"Connectivit\u00e9 et gestion d'actifs - Alimak France\",\"isPartOf\":{\"@id\":\"https:\\\/\\\/alimak.com\\\/fr\\\/#website\"},\"datePublished\":\"2020-11-12T12:58:26+00:00\",\"dateModified\":\"2021-01-26T00:10:51+00:00\",\"breadcrumb\":{\"@id\":\"https:\\\/\\\/alimak.com\\\/fr\\\/service-solutions\\\/connectivity-and-asset-management\\\/#breadcrumb\"},\"inLanguage\":\"fr-FR\",\"potentialAction\":[{\"@type\":\"ReadAction\",\"target\":[\"https:\\\/\\\/alimak.com\\\/fr\\\/service-solutions\\\/connectivity-and-asset-management\\\/\"]}]},{\"@type\":\"BreadcrumbList\",\"@id\":\"https:\\\/\\\/alimak.com\\\/fr\\\/service-solutions\\\/connectivity-and-asset-management\\\/#breadcrumb\",\"itemListElement\":[{\"@type\":\"ListItem\",\"position\":1,\"name\":\"Aper\u00e7u des services d&#8217;entretien et d&#8217;assistance\",\"item\":\"https:\\\/\\\/alimak.com\\\/fr\\\/service-solutions\\\/\"},{\"@type\":\"ListItem\",\"position\":2,\"name\":\"Connectivit\u00e9 et gestion d&rsquo;actifs\"}]},{\"@type\":\"WebSite\",\"@id\":\"https:\\\/\\\/alimak.com\\\/fr\\\/#website\",\"url\":\"https:\\\/\\\/alimak.com\\\/fr\\\/\",\"name\":\"Alimak France\",\"description\":\"Les leaders mondiaux en mati\u00e8re de solutions d&#039;acc\u00e8s vertical\",\"potentialAction\":[{\"@type\":\"SearchAction\",\"target\":{\"@type\":\"EntryPoint\",\"urlTemplate\":\"https:\\\/\\\/alimak.com\\\/fr\\\/?s={search_term_string}\"},\"query-input\":{\"@type\":\"PropertyValueSpecification\",\"valueRequired\":true,\"valueName\":\"search_term_string\"}}],\"inLanguage\":\"fr-FR\"}]}<\/script>\n<!-- \/ Yoast SEO plugin. -->","yoast_head_json":{"title":"Connectivit\u00e9 et gestion d'actifs - Alimak France","robots":{"index":"index","follow":"follow","max-snippet":"max-snippet:-1","max-image-preview":"max-image-preview:large","max-video-preview":"max-video-preview:-1"},"canonical":"https:\/\/alimak.com\/fr\/service-solutions\/connectivity-and-asset-management\/","og_locale":"fr_FR","og_type":"article","og_title":"Connectivit\u00e9 et gestion d'actifs - Alimak France","og_url":"https:\/\/alimak.com\/fr\/service-solutions\/connectivity-and-asset-management\/","og_site_name":"Alimak France","article_modified_time":"2021-01-26T00:10:51+00:00","twitter_card":"summary_large_image","schema":{"@context":"https:\/\/schema.org","@graph":[{"@type":"WebPage","@id":"https:\/\/alimak.com\/fr\/service-solutions\/connectivity-and-asset-management\/","url":"https:\/\/alimak.com\/fr\/service-solutions\/connectivity-and-asset-management\/","name":"Connectivit\u00e9 et gestion d'actifs - Alimak France","isPartOf":{"@id":"https:\/\/alimak.com\/fr\/#website"},"datePublished":"2020-11-12T12:58:26+00:00","dateModified":"2021-01-26T00:10:51+00:00","breadcrumb":{"@id":"https:\/\/alimak.com\/fr\/service-solutions\/connectivity-and-asset-management\/#breadcrumb"},"inLanguage":"fr-FR","potentialAction":[{"@type":"ReadAction","target":["https:\/\/alimak.com\/fr\/service-solutions\/connectivity-and-asset-management\/"]}]},{"@type":"BreadcrumbList","@id":"https:\/\/alimak.com\/fr\/service-solutions\/connectivity-and-asset-management\/#breadcrumb","itemListElement":[{"@type":"ListItem","position":1,"name":"Aper\u00e7u des services d&#8217;entretien et d&#8217;assistance","item":"https:\/\/alimak.com\/fr\/service-solutions\/"},{"@type":"ListItem","position":2,"name":"Connectivit\u00e9 et gestion d&rsquo;actifs"}]},{"@type":"WebSite","@id":"https:\/\/alimak.com\/fr\/#website","url":"https:\/\/alimak.com\/fr\/","name":"Alimak France","description":"Les leaders mondiaux en mati\u00e8re de solutions d&#039;acc\u00e8s vertical","potentialAction":[{"@type":"SearchAction","target":{"@type":"EntryPoint","urlTemplate":"https:\/\/alimak.com\/fr\/?s={search_term_string}"},"query-input":{"@type":"PropertyValueSpecification","valueRequired":true,"valueName":"search_term_string"}}],"inLanguage":"fr-FR"}]}},"_links":{"self":[{"href":"https:\/\/alimak.com\/fr\/wp-json\/wp\/v2\/pages\/205","targetHints":{"allow":["GET"]}}],"collection":[{"href":"https:\/\/alimak.com\/fr\/wp-json\/wp\/v2\/pages"}],"about":[{"href":"https:\/\/alimak.com\/fr\/wp-json\/wp\/v2\/types\/page"}],"author":[{"embeddable":true,"href":"https:\/\/alimak.com\/fr\/wp-json\/wp\/v2\/users\/1"}],"replies":[{"embeddable":true,"href":"https:\/\/alimak.com\/fr\/wp-json\/wp\/v2\/comments?post=205"}],"version-history":[{"count":4,"href":"https:\/\/alimak.com\/fr\/wp-json\/wp\/v2\/pages\/205\/revisions"}],"predecessor-version":[{"id":4163,"href":"https:\/\/alimak.com\/fr\/wp-json\/wp\/v2\/pages\/205\/revisions\/4163"}],"up":[{"embeddable":true,"href":"https:\/\/alimak.com\/fr\/wp-json\/wp\/v2\/pages\/203"}],"wp:attachment":[{"href":"https:\/\/alimak.com\/fr\/wp-json\/wp\/v2\/media?parent=205"}],"curies":[{"name":"wp","href":"https:\/\/api.w.org\/{rel}","templated":true}]}}