{"id":210,"date":"2020-11-12T13:03:32","date_gmt":"2020-11-12T13:03:32","guid":{"rendered":"https:\/\/alimak.wpengine.com\/?page_id=210"},"modified":"2023-02-13T10:37:57","modified_gmt":"2023-02-13T10:37:57","slug":"careers","status":"publish","type":"page","link":"https:\/\/alimak.com\/fr\/about-us\/careers\/","title":{"rendered":"Offres d&#8217;emploi"},"content":{"rendered":"\n<article class=\"m33 break-out\" id=\"block_5fad381cbbeba\" data-animate-container>\n\n  <nav id=\"breadcrumbs\"><div class=\"container\"><\/div><\/nav>\n  <div class=\"container m33__container\">\n\t\t\n\t\t\t\t\t<h1 class=\"m33__heading uppercase  \" data-animate>Offres d&#039;emploi<\/h1>\n\t\t\t\t\n\t\t  <\/div>\n\n<\/article>\n\n\n\n\n<div style=\"height:100px\" aria-hidden=\"true\" class=\"wp-block-spacer\"><\/div>\n\n\n\n<div class=\"wp-block-group has-light-grey-background-color has-background\"><div class=\"wp-block-group__inner-container is-layout-flow wp-block-group-is-layout-flow\">\n<article class=\"m28 break-out\" id=\"block_5fad3908bbebc\" data-animate-container>\n  <div class=\"container\">\n\n          <div class=\"m28__content\" data-animate><p>Alimak fait partie du groupe Alimak. Le groupe Alimak consid\u00e8re ses collaborateurs comme son atout le plus pr\u00e9cieux et la cl\u00e9 de son succ\u00e8s futur. En tant que leader mondial des solutions d&rsquo;acc\u00e8s vertical \u00e0 usage professionnel, notre personnel dirige et d\u00e9finit les normes du secteur. Notre \u00e9quipe est fi\u00e8re de r\u00e9pondre aux attentes de nos clients, d&rsquo;anticiper leurs besoins actuels et futurs et de faciliter leur performance quotidienne gr\u00e2ce \u00e0 un soutien et \u00e0 un service continus.<\/p>\n<p>Alimak recherche avant tout des personnes qui souhaitent avoir un impact et faire la diff\u00e9rence. Des personnes d\u00e9sireuses de r\u00e9pondre aux besoins de nos clients, tout en gardant pour objectif de d\u00e9passer leurs attentes. En tant qu&#8217;employ\u00e9(e) du groupe Alimak, vous devenez un \u00e9l\u00e9ment important d&rsquo;une communaut\u00e9 dans laquelle vous pouvez \u00e9galement vous \u00e9panouir en tant qu&rsquo;individu.<\/p>\n<p>Nous avons pour objectif d&rsquo;\u00eatre un employeur attractif et aspirons \u00e0 employer, faire \u00e9voluer et fid\u00e9liser des employ\u00e9s qualifi\u00e9s et form\u00e9s dans un environnement de travail professionnel et responsabilisant.<\/p>\n<p>Pour en savoir plus, visitez le site internet de notre groupe pour trouver les offres d&#8217;emploi disponibles :<\/p>\n<p><a href=\"https:\/\/corporate.alimakgroup.com\/en\/careers\/\" target=\"_blank\" rel=\"noopener\">Offres d&#8217;emploi au sein du groupe Alimak<\/a><\/p>\n<p>&nbsp;<\/p>\n<\/div>\n    \n          <div class=\"m28__media\">\n        <img src=https:\/\/alimak.com\/fr\/wp-content\/uploads\/sites\/14\/2020\/11\/Careers-Hero-image.jpg  class=\"m28__image\" alt=\"\" width=\"666\" height=\"592\">      <\/div>\n    \n  <\/div>\n<\/article>\n<\/div><\/div>\n\n\n\n<div style=\"height:100px\" aria-hidden=\"true\" class=\"wp-block-spacer\"><\/div>\n","protected":false},"excerpt":{"rendered":"","protected":false},"author":1,"featured_media":0,"parent":208,"menu_order":0,"comment_status":"closed","ping_status":"closed","template":"","meta":{"_trash_the_other_posts":false,"editor_notices":[],"footnotes":""},"class_list":["post-210","page","type-page","status-publish","hentry"],"yoast_head":"<!-- This site is optimized with the Yoast SEO plugin v27.3 - https:\/\/yoast.com\/product\/yoast-seo-wordpress\/ -->\n<title>Offres d&#039;emploi - Alimak France<\/title>\n<meta name=\"robots\" content=\"index, follow, max-snippet:-1, max-image-preview:large, max-video-preview:-1\" \/>\n<link rel=\"canonical\" href=\"https:\/\/alimak.com\/fr\/about-us\/careers\/\" \/>\n<meta property=\"og:locale\" content=\"fr_FR\" \/>\n<meta property=\"og:type\" content=\"article\" \/>\n<meta property=\"og:title\" content=\"Offres d&#039;emploi - Alimak France\" \/>\n<meta property=\"og:url\" content=\"https:\/\/alimak.com\/fr\/about-us\/careers\/\" \/>\n<meta property=\"og:site_name\" content=\"Alimak France\" \/>\n<meta property=\"article:modified_time\" content=\"2023-02-13T10:37:57+00:00\" \/>\n<meta name=\"twitter:card\" content=\"summary_large_image\" \/>\n<script type=\"application\/ld+json\" class=\"yoast-schema-graph\">{\"@context\":\"https:\\\/\\\/schema.org\",\"@graph\":[{\"@type\":\"WebPage\",\"@id\":\"https:\\\/\\\/alimak.com\\\/fr\\\/about-us\\\/careers\\\/\",\"url\":\"https:\\\/\\\/alimak.com\\\/fr\\\/about-us\\\/careers\\\/\",\"name\":\"Offres d'emploi - Alimak France\",\"isPartOf\":{\"@id\":\"https:\\\/\\\/alimak.com\\\/fr\\\/#website\"},\"datePublished\":\"2020-11-12T13:03:32+00:00\",\"dateModified\":\"2023-02-13T10:37:57+00:00\",\"breadcrumb\":{\"@id\":\"https:\\\/\\\/alimak.com\\\/fr\\\/about-us\\\/careers\\\/#breadcrumb\"},\"inLanguage\":\"fr-FR\",\"potentialAction\":[{\"@type\":\"ReadAction\",\"target\":[\"https:\\\/\\\/alimak.com\\\/fr\\\/about-us\\\/careers\\\/\"]}]},{\"@type\":\"BreadcrumbList\",\"@id\":\"https:\\\/\\\/alimak.com\\\/fr\\\/about-us\\\/careers\\\/#breadcrumb\",\"itemListElement\":[{\"@type\":\"ListItem\",\"position\":1,\"name\":\"\u00c0 propos\",\"item\":\"https:\\\/\\\/alimak.com\\\/fr\\\/about-us\\\/\"},{\"@type\":\"ListItem\",\"position\":2,\"name\":\"Offres d&#8217;emploi\"}]},{\"@type\":\"WebSite\",\"@id\":\"https:\\\/\\\/alimak.com\\\/fr\\\/#website\",\"url\":\"https:\\\/\\\/alimak.com\\\/fr\\\/\",\"name\":\"Alimak France\",\"description\":\"Les leaders mondiaux en mati\u00e8re de solutions d&#039;acc\u00e8s vertical\",\"potentialAction\":[{\"@type\":\"SearchAction\",\"target\":{\"@type\":\"EntryPoint\",\"urlTemplate\":\"https:\\\/\\\/alimak.com\\\/fr\\\/?s={search_term_string}\"},\"query-input\":{\"@type\":\"PropertyValueSpecification\",\"valueRequired\":true,\"valueName\":\"search_term_string\"}}],\"inLanguage\":\"fr-FR\"}]}<\/script>\n<!-- \/ Yoast SEO plugin. -->","yoast_head_json":{"title":"Offres d'emploi - Alimak France","robots":{"index":"index","follow":"follow","max-snippet":"max-snippet:-1","max-image-preview":"max-image-preview:large","max-video-preview":"max-video-preview:-1"},"canonical":"https:\/\/alimak.com\/fr\/about-us\/careers\/","og_locale":"fr_FR","og_type":"article","og_title":"Offres d'emploi - Alimak France","og_url":"https:\/\/alimak.com\/fr\/about-us\/careers\/","og_site_name":"Alimak France","article_modified_time":"2023-02-13T10:37:57+00:00","twitter_card":"summary_large_image","schema":{"@context":"https:\/\/schema.org","@graph":[{"@type":"WebPage","@id":"https:\/\/alimak.com\/fr\/about-us\/careers\/","url":"https:\/\/alimak.com\/fr\/about-us\/careers\/","name":"Offres d'emploi - Alimak France","isPartOf":{"@id":"https:\/\/alimak.com\/fr\/#website"},"datePublished":"2020-11-12T13:03:32+00:00","dateModified":"2023-02-13T10:37:57+00:00","breadcrumb":{"@id":"https:\/\/alimak.com\/fr\/about-us\/careers\/#breadcrumb"},"inLanguage":"fr-FR","potentialAction":[{"@type":"ReadAction","target":["https:\/\/alimak.com\/fr\/about-us\/careers\/"]}]},{"@type":"BreadcrumbList","@id":"https:\/\/alimak.com\/fr\/about-us\/careers\/#breadcrumb","itemListElement":[{"@type":"ListItem","position":1,"name":"\u00c0 propos","item":"https:\/\/alimak.com\/fr\/about-us\/"},{"@type":"ListItem","position":2,"name":"Offres d&#8217;emploi"}]},{"@type":"WebSite","@id":"https:\/\/alimak.com\/fr\/#website","url":"https:\/\/alimak.com\/fr\/","name":"Alimak France","description":"Les leaders mondiaux en mati\u00e8re de solutions d&#039;acc\u00e8s vertical","potentialAction":[{"@type":"SearchAction","target":{"@type":"EntryPoint","urlTemplate":"https:\/\/alimak.com\/fr\/?s={search_term_string}"},"query-input":{"@type":"PropertyValueSpecification","valueRequired":true,"valueName":"search_term_string"}}],"inLanguage":"fr-FR"}]}},"_links":{"self":[{"href":"https:\/\/alimak.com\/fr\/wp-json\/wp\/v2\/pages\/210","targetHints":{"allow":["GET"]}}],"collection":[{"href":"https:\/\/alimak.com\/fr\/wp-json\/wp\/v2\/pages"}],"about":[{"href":"https:\/\/alimak.com\/fr\/wp-json\/wp\/v2\/types\/page"}],"author":[{"embeddable":true,"href":"https:\/\/alimak.com\/fr\/wp-json\/wp\/v2\/users\/1"}],"replies":[{"embeddable":true,"href":"https:\/\/alimak.com\/fr\/wp-json\/wp\/v2\/comments?post=210"}],"version-history":[{"count":5,"href":"https:\/\/alimak.com\/fr\/wp-json\/wp\/v2\/pages\/210\/revisions"}],"predecessor-version":[{"id":4293,"href":"https:\/\/alimak.com\/fr\/wp-json\/wp\/v2\/pages\/210\/revisions\/4293"}],"up":[{"embeddable":true,"href":"https:\/\/alimak.com\/fr\/wp-json\/wp\/v2\/pages\/208"}],"wp:attachment":[{"href":"https:\/\/alimak.com\/fr\/wp-json\/wp\/v2\/media?parent=210"}],"curies":[{"name":"wp","href":"https:\/\/api.w.org\/{rel}","templated":true}]}}