{"id":346,"date":"2020-11-16T15:16:37","date_gmt":"2020-11-16T15:16:37","guid":{"rendered":"https:\/\/alimak.wpengine.com\/?page_id=346"},"modified":"2024-02-23T16:02:08","modified_gmt":"2024-02-23T16:02:08","slug":"used-equipment","status":"publish","type":"page","link":"https:\/\/alimak.com\/fr\/used-equipment\/","title":{"rendered":"\u00c9quipement d&rsquo;occasion"},"content":{"rendered":"\n<article class=\"m33 break-out\" id=\"block_65d8c0f279ebe\" data-animate-container>\n\n  <nav id=\"breadcrumbs\"><div class=\"container\"><\/div><\/nav>\n  <div class=\"container m33__container\">\n\t\t\n\t\t\t\t\t<h1 class=\"m33__heading uppercase  \" data-animate>\u00c9quipement d&rsquo;occasion<\/h1>\n\t\t\t\t\n\t\t  <\/div>\n\n<\/article>\n\n\n\n\n<div style=\"height:100px\" aria-hidden=\"true\" class=\"wp-block-spacer\"><\/div>\n\n\n\n<div class=\"wp-block-group has-light-grey-background-color has-background\"><div class=\"wp-block-group__inner-container is-layout-constrained wp-block-group-is-layout-constrained\">\n<article class=\"m28 break-out\" id=\"block_65d8c0fe79ebf\" data-animate-container>\n  <div class=\"container\">\n\n          <div class=\"m28__content\" data-animate><div class=\"m11__text\" data-animate=\"\">\n<p>La gamme de mat\u00e9riel d&rsquo;occasion d&rsquo;Alimak constitue la solution id\u00e9ale pour les soci\u00e9t\u00e9s de construction et de location qui ont besoin d&rsquo;une solution d&rsquo;acc\u00e8s vertical \u00e0 la fois fiable et rentable. L&rsquo;offre de mat\u00e9riel d&rsquo;occasion Alimak permet de r\u00e9duire les co\u00fbts des stock tout en donnant acc\u00e8s \u00e0 des produits d&rsquo;acc\u00e8s vertical de haute qualit\u00e9, robustes et fiables.<\/p>\n<p>Le mat\u00e9riel d&rsquo;occasion d&rsquo;Alimak comprend des mod\u00e8les de produits de tout \u00e2ge, capacit\u00e9s et sp\u00e9cifications. Tout le mat\u00e9riel est r\u00e9guli\u00e8rement entretenu et maintenu pour une performance optimale et une plus grande long\u00e9vit\u00e9.<\/p>\n<div>Visitez le site Web des \u00e9quipements d&rsquo;occasion du groupe Alimak.<\/div>\n<\/div>\n<div><a href=\"https:\/\/my.alimak.com\/used\" target=\"_blank\" rel=\"noopener\">my.alimak.com\/used<\/a><\/div>\n<\/div>\n    \n          <div class=\"m28__media\">\n        <img src=https:\/\/alimak.com\/fr\/wp-content\/uploads\/sites\/14\/2020\/11\/Used-Equipment-Hero-image.jpg  class=\"m28__image\" alt=\"\" width=\"666\" height=\"592\">      <\/div>\n    \n  <\/div>\n<\/article>\n<\/div><\/div>\n\n\n\n<div style=\"height:100px\" aria-hidden=\"true\" class=\"wp-block-spacer\"><\/div>\n\n\n\n<article class=\"m08 break-out\" id=\"block_5fb296ee357e3\" data-animate-container>\n  <div class=\"container m08__container\">\n\n          <div class=\"m08__block m08__block--one\">\n        <div class=\"m08__content\">\n\n                      <h2 class=\"m08__heading uppercase h3\" data-animate>Contactez-nous pour recevoir plus d&#039;informations ou un devis<\/h2>\n          \n                      <div class=\"m08__text\" data-animate>\n              <p>Besoin d&rsquo;aide pour la s\u00e9lection de produits pour un projet \u00e0 venir ? Contactez nos experts pour obtenir des informations sur la gamme de solutions d&rsquo;acc\u00e8s vertical disponibles et un devis pour r\u00e9pondre aux besoins de votre projet.<\/p>\n            <\/div>\n          \n                      <a\n            data-animate\n            href=\"https:\/\/alimak.com\/fr\/request-a-quote\"\n            class=\"m08__button button button--outline button--white\"\n            target=\"_self\">\n              Demander un devis            <\/a>\n          \n        <\/div>\n      <\/div>\n    \n          <div class=\"m08__block m08__block--two\">\n        <div class=\"m08__content\">\n\n                      <h2 class=\"m08__heading uppercase h3\" data-animate>Trouver un repr\u00e9sentant local<\/h2>\n          \n                      <div class=\"m08__text\" data-animate>\n              <p>Pr\u00e9sent sur les six continents, Alimak utilise son r\u00e9seau mondial pour fournir des solutions d&rsquo;acc\u00e8s vertical pour un large \u00e9ventail d&rsquo;applications sur les chantiers de construction et les sites industriels dans le monde entier. Contactez-nous pour trouver un repr\u00e9sentant local du r\u00e9seau mondial d&rsquo;Alimak.<\/p>\n            <\/div>\n          \n                      <a\n            data-animate\n            href=\"https:\/\/alimak.com\/fr\/locations\"\n            class=\"m08__button button\"\n            target=\"_self\">\n              Rechercher sur le site            <\/a>\n          \n        <\/div>\n      <\/div>\n        \n  <\/div>\n<\/article>\n\n\n\n<div style=\"height:100px\" aria-hidden=\"true\" class=\"wp-block-spacer\"><\/div>\n","protected":false},"excerpt":{"rendered":"","protected":false},"author":1,"featured_media":0,"parent":0,"menu_order":0,"comment_status":"closed","ping_status":"closed","template":"","meta":{"_trash_the_other_posts":false,"editor_notices":[],"footnotes":""},"class_list":["post-346","page","type-page","status-publish","hentry"],"yoast_head":"<!-- This site is optimized with the Yoast SEO plugin v27.3 - https:\/\/yoast.com\/product\/yoast-seo-wordpress\/ -->\n<title>\u00c9quipement d&#039;occasion - Alimak France<\/title>\n<meta name=\"robots\" content=\"index, follow, max-snippet:-1, max-image-preview:large, max-video-preview:-1\" \/>\n<link rel=\"canonical\" href=\"https:\/\/alimak.com\/fr\/used-equipment\/\" \/>\n<meta property=\"og:locale\" content=\"fr_FR\" \/>\n<meta property=\"og:type\" content=\"article\" \/>\n<meta property=\"og:title\" content=\"\u00c9quipement d&#039;occasion - Alimak France\" \/>\n<meta property=\"og:url\" content=\"https:\/\/alimak.com\/fr\/used-equipment\/\" \/>\n<meta property=\"og:site_name\" content=\"Alimak France\" \/>\n<meta property=\"article:modified_time\" content=\"2024-02-23T16:02:08+00:00\" \/>\n<meta name=\"twitter:card\" content=\"summary_large_image\" \/>\n<script type=\"application\/ld+json\" class=\"yoast-schema-graph\">{\"@context\":\"https:\\\/\\\/schema.org\",\"@graph\":[{\"@type\":\"WebPage\",\"@id\":\"https:\\\/\\\/alimak.com\\\/fr\\\/used-equipment\\\/\",\"url\":\"https:\\\/\\\/alimak.com\\\/fr\\\/used-equipment\\\/\",\"name\":\"\u00c9quipement d'occasion - Alimak France\",\"isPartOf\":{\"@id\":\"https:\\\/\\\/alimak.com\\\/fr\\\/#website\"},\"datePublished\":\"2020-11-16T15:16:37+00:00\",\"dateModified\":\"2024-02-23T16:02:08+00:00\",\"inLanguage\":\"fr-FR\",\"potentialAction\":[{\"@type\":\"ReadAction\",\"target\":[\"https:\\\/\\\/alimak.com\\\/fr\\\/used-equipment\\\/\"]}]},{\"@type\":\"WebSite\",\"@id\":\"https:\\\/\\\/alimak.com\\\/fr\\\/#website\",\"url\":\"https:\\\/\\\/alimak.com\\\/fr\\\/\",\"name\":\"Alimak France\",\"description\":\"Les leaders mondiaux en mati\u00e8re de solutions d&#039;acc\u00e8s vertical\",\"potentialAction\":[{\"@type\":\"SearchAction\",\"target\":{\"@type\":\"EntryPoint\",\"urlTemplate\":\"https:\\\/\\\/alimak.com\\\/fr\\\/?s={search_term_string}\"},\"query-input\":{\"@type\":\"PropertyValueSpecification\",\"valueRequired\":true,\"valueName\":\"search_term_string\"}}],\"inLanguage\":\"fr-FR\"}]}<\/script>\n<!-- \/ Yoast SEO plugin. -->","yoast_head_json":{"title":"\u00c9quipement d'occasion - Alimak France","robots":{"index":"index","follow":"follow","max-snippet":"max-snippet:-1","max-image-preview":"max-image-preview:large","max-video-preview":"max-video-preview:-1"},"canonical":"https:\/\/alimak.com\/fr\/used-equipment\/","og_locale":"fr_FR","og_type":"article","og_title":"\u00c9quipement d'occasion - Alimak France","og_url":"https:\/\/alimak.com\/fr\/used-equipment\/","og_site_name":"Alimak France","article_modified_time":"2024-02-23T16:02:08+00:00","twitter_card":"summary_large_image","schema":{"@context":"https:\/\/schema.org","@graph":[{"@type":"WebPage","@id":"https:\/\/alimak.com\/fr\/used-equipment\/","url":"https:\/\/alimak.com\/fr\/used-equipment\/","name":"\u00c9quipement d'occasion - Alimak France","isPartOf":{"@id":"https:\/\/alimak.com\/fr\/#website"},"datePublished":"2020-11-16T15:16:37+00:00","dateModified":"2024-02-23T16:02:08+00:00","inLanguage":"fr-FR","potentialAction":[{"@type":"ReadAction","target":["https:\/\/alimak.com\/fr\/used-equipment\/"]}]},{"@type":"WebSite","@id":"https:\/\/alimak.com\/fr\/#website","url":"https:\/\/alimak.com\/fr\/","name":"Alimak France","description":"Les leaders mondiaux en mati\u00e8re de solutions d&#039;acc\u00e8s vertical","potentialAction":[{"@type":"SearchAction","target":{"@type":"EntryPoint","urlTemplate":"https:\/\/alimak.com\/fr\/?s={search_term_string}"},"query-input":{"@type":"PropertyValueSpecification","valueRequired":true,"valueName":"search_term_string"}}],"inLanguage":"fr-FR"}]}},"_links":{"self":[{"href":"https:\/\/alimak.com\/fr\/wp-json\/wp\/v2\/pages\/346","targetHints":{"allow":["GET"]}}],"collection":[{"href":"https:\/\/alimak.com\/fr\/wp-json\/wp\/v2\/pages"}],"about":[{"href":"https:\/\/alimak.com\/fr\/wp-json\/wp\/v2\/types\/page"}],"author":[{"embeddable":true,"href":"https:\/\/alimak.com\/fr\/wp-json\/wp\/v2\/users\/1"}],"replies":[{"embeddable":true,"href":"https:\/\/alimak.com\/fr\/wp-json\/wp\/v2\/comments?post=346"}],"version-history":[{"count":5,"href":"https:\/\/alimak.com\/fr\/wp-json\/wp\/v2\/pages\/346\/revisions"}],"predecessor-version":[{"id":4767,"href":"https:\/\/alimak.com\/fr\/wp-json\/wp\/v2\/pages\/346\/revisions\/4767"}],"wp:attachment":[{"href":"https:\/\/alimak.com\/fr\/wp-json\/wp\/v2\/media?parent=346"}],"curies":[{"name":"wp","href":"https:\/\/api.w.org\/{rel}","templated":true}]}}