{"id":3556,"date":"2021-11-23T12:56:55","date_gmt":"2021-11-23T12:56:55","guid":{"rendered":"https:\/\/alimak.com\/fr\/about-us\/data-governance-statement-francais\/"},"modified":"2026-01-07T10:01:55","modified_gmt":"2026-01-07T10:01:55","slug":"asset-data-management","status":"publish","type":"page","link":"https:\/\/alimak.com\/fr\/about-us\/asset-data-management\/","title":{"rendered":"Gestion des donn\u00e9es relatives aux actifs"},"content":{"rendered":"\n<article class=\"m11 break-out\" id=\"block_5fd75e65e36ec\" data-animate-container>\n\n  <nav id=\"breadcrumbs\"><div class=\"container\" data-animate><\/div><\/nav>\n  <div class=\"m11__wrapper\">\n    <div class=\"container m11__container\">\n\n      <div class=\"m11__content\">\n\n                  <h1 class=\"m11__heading uppercase\" data-animate>D\u00e9claration de gestion des donn\u00e9es relatives aux actifs<\/h1>\n        \n        \n        \n      <\/div>\n\n      \n    <\/div>\n  <\/div>\n<\/article>\n\n\n\n\n<div style=\"height:100px\" aria-hidden=\"true\" class=\"wp-block-spacer\"><\/div>\n\n\n\n<p>La pr\u00e9sente d\u00e9claration de gestion des donn\u00e9es relatives aux actifs d\u00e9crit les pratiques du groupe Alimak&nbsp;AB et des soci\u00e9t\u00e9s du groupe telles que r\u00e9pertori\u00e9es \u00e0 l\u2019annexe&nbsp;A (<strong>\u00ab&nbsp;Alimak&nbsp;\u00bb, \u00ab&nbsp;nous&nbsp;\u00bb ou \u00ab<\/strong>&nbsp;<strong>nos&nbsp;\u00bb<\/strong>) en mati\u00e8re de collecte, de stockage et d\u2019utilisation des donn\u00e9es provenant des machines, produits et autres actifs du groupe Alimak exploit\u00e9s par ou pour le compte des clients (<strong>\u00ab&nbsp;actifs&nbsp;\u00bb<\/strong>).<\/p>\n\n\n\n<p>Notre <a href=\"..\/privacy-policy\/\">politique de confidentialit\u00e9<\/a> d\u00e9crit comment nous g\u00e9rons les donn\u00e9es personnelles, c\u2019est-\u00e0-dire les informations pouvant \u00eatre utilis\u00e9es pour identifier une personne.<\/p>\n\n\n\n<h2 class=\"wp-block-heading\">Quelles donn\u00e9es pouvons-nous collecter&nbsp;?<\/h2>\n\n\n\n<h3 class=\"wp-block-heading\">Donn\u00e9es du syst\u00e8me<\/h3>\n\n\n\n<p>Les donn\u00e9es du syst\u00e8mesont des informations qui nous sont transmises par le biais de plateformes num\u00e9riques (\u00ab&nbsp;Plateformes&nbsp;\u00bb), d\u2019A3, My Alimak et d\u2019applications similaires (\u00ab&nbsp;<strong>Applications<\/strong>&nbsp;\u00bb) et de la t\u00e9l\u00e9matique (et d\u2019appareils similaires) (\u00ab&nbsp;<strong>Appareils<\/strong>&nbsp;\u00bb) (nous utilisons le terme \u00ab&nbsp;<strong>Offres num\u00e9riques<\/strong>&nbsp;\u00bb pour d\u00e9signer collectivement toutes les applications et tous les appareils que nous utilisons), qui peuvent inclure&nbsp;:<\/p>\n\n\n\n<ul class=\"wp-block-list\">\n<li>des informations sur les p\u00e9riph\u00e9riques, les actifs et les composants, y compris le num\u00e9ro de mod\u00e8le, le num\u00e9ro de s\u00e9rie, le num\u00e9ro de commande, les num\u00e9ros de version du logiciel et du mat\u00e9riel, les performances et la configuration, y compris les outils de travail ou autres p\u00e9riph\u00e9riques attach\u00e9s aux actifs&nbsp;;<\/li>\n\n\n\n<li>des donn\u00e9es \u00e9lectroniques, y compris des journaux de capteurs, des tendances, des histogrammes, des donn\u00e9es d\u2019\u00e9v\u00e9nements, d\u2019autres alertes, des donn\u00e9es d\u2019\u00e9tat num\u00e9riques, des codes d\u2019erreur, des heures de compteur de service, des fichiers de donn\u00e9es \u00e9lectroniques t\u00e9l\u00e9charg\u00e9s manuellement ou automatiquement \u00e0 partir d\u2019un actif, des donn\u00e9es de d\u00e9pannage et d\u2019autres donn\u00e9es, en fonction du client et de l\u2019actif et du mode de communication utilis\u00e9 par un appareil&nbsp;;<\/li>\n\n\n\n<li>des informations sur l\u2019emplacement de l\u2019appareil, y compris l\u2019emplacement physique d\u2019un actif (par exemple, d\u00e9termin\u00e9 \u00e0 l\u2019aide de signaux satellite, GPS, tour de t\u00e9l\u00e9phonie cellulaire, Bluetooth ou Wi-Fi)&nbsp;;<\/li>\n\n\n\n<li>des donn\u00e9es de l\u2019enregistreur d\u2019\u00e9v\u00e9nements, y compris l\u2019emplacement, la vitesse et la direction&nbsp;;<\/li>\n\n\n\n<li>un historique d\u2019entretien et de maintenance, y compris des ordres de travail (enregistrements de tous les travaux d\u2019entretien, de r\u00e9paration, d\u2019achat de pi\u00e8ces, de remplacement et de modification d\u2019un actif), la dur\u00e9e de vie des composants (historique d\u2019utilisation et de dur\u00e9e d\u2019usure d\u2019un composant), le calendrier d\u2019entretien, l\u2019entretien planifi\u00e9, des donn\u00e9es de couverture de garantie, des contrats d\u2019entretien et de r\u00e9paration, des intervalles d\u2019entretien (intervalle planifi\u00e9 pour l\u2019entretien planifi\u00e9 des activit\u00e9s de remplacement de composants d\u2019un actif), des listes de composants (listes de pi\u00e8ces constituant un actif) et des lettres de service (d\u00e9crivant les actions de service sp\u00e9ciales recommand\u00e9es par les fabricants pour corriger un probl\u00e8me connu au niveau d\u2019un actif)&nbsp;;<\/li>\n\n\n\n<li>les conditions du site et de l\u2019environnement&nbsp;;<\/li>\n\n\n\n<li>les tendances d\u2019utilisation, y compris toute information d\u00e9finie par l\u2019utilisateur concernant un produit que vous nous fournissez par le biais d\u2019une offre num\u00e9rique.<\/li>\n<\/ul>\n\n\n\n<h3 class=\"wp-block-heading\">Comment pouvons-nous collecter des donn\u00e9es&nbsp;?<\/h3>\n\n\n\n<h3 class=\"wp-block-heading\">&nbsp;<\/h3>\n\n\n\n<h3 class=\"wp-block-heading\">Donn\u00e9es collect\u00e9es gr\u00e2ce \u00e0 votre utilisation de nos produits et\/ou services<\/h3>\n\n\n\n<p>Nous pouvons recueillir des informations sur votre utilisation de nos produits et\/ou services. Par exemple&nbsp;:<\/p>\n\n\n\n<ul class=\"wp-block-list\">\n<li><strong>Par le biais de plateformes\/applications\/dispositifs&nbsp;:<\/strong>&nbsp;Nous pouvons recevoir des informations directement par le biais d\u2019une liaison cellulaire ou satellite, ou d\u2019une connexion radio ou Ethernet provenant d\u2019actifs \u00e9quip\u00e9s d\u2019une application ou d\u2019un appareil qui a \u00e9t\u00e9 pr\u00e9install\u00e9 ou install\u00e9 par nos soins, susceptibles d\u2019inclure des donn\u00e9es syst\u00e8me.&nbsp;<\/li>\n\n\n\n<li>Nous pourrions \u00e9galement recevoir des informations du fait de votre utilisation de nos services d\u2019authentification unique&nbsp;; ces services nous permettront d\u2019utiliser vos identifiants de connexion pour v\u00e9rifier votre identit\u00e9 et vous donner la possibilit\u00e9 de partager certaines informations personnelles avec nous.<\/li>\n<\/ul>\n\n\n\n<h3 class=\"wp-block-heading\">Autres moyens de recueillir des informations<\/h3>\n\n\n\n<p>Nous pourrons \u00e9galement recueillir d\u2019autres informations sur vous, votre appareil ou votre utilisation des services de la mani\u00e8re d\u00e9crite par nos soins au point de collecte ou autrement avec votre consentement. Vous pouvez choisir de ne pas nous fournir certains types d\u2019informations, mais cela peut affecter votre capacit\u00e9 \u00e0 utiliser certains des produits et services.<\/p>\n\n\n\n<h2 class=\"wp-block-heading\">Comment pouvons-nous utiliser les informations&nbsp;?<\/h2>\n\n\n\n<p>Nous pouvons utiliser les informations collect\u00e9es, entre autres, aux fins suivantes&nbsp;:<\/p>\n\n\n\n<h3 class=\"wp-block-heading\">Pour vous fournir des services, ainsi qu\u2019\u00e0 d\u2019autres personnes&nbsp;:<\/h3>\n\n\n\n<ul class=\"wp-block-list\">\n<li>pour vous permettre de surveiller l\u2019\u00e9tat des actifs, d\u2019ex\u00e9cuter et de traiter les commandes, et de communiquer avec vous concernant votre achat ou location d\u2019actifs et votre achat de parties d\u2019actifs et vous fournir un service client connexe&nbsp;;<\/li>\n\n\n\n<li>pour respecter les accords de service client\u00e8le, effectuer la maintenance et les r\u00e9parations et livrer les actifs ou les pi\u00e8ces de location&nbsp;;<\/li>\n\n\n\n<li>pour faire des recommandations concernant la s\u00e9curit\u00e9, la sant\u00e9 et l\u2019entretien des actifs&nbsp;;<\/li>\n\n\n\n<li>pour am\u00e9liorer la s\u00e9curit\u00e9 des op\u00e9rations de la machine, y compris en suivant la proximit\u00e9 des actifs ou d\u2019autres objets&nbsp;;<\/li>\n\n\n\n<li>pour permettre le d\u00e9pannage \u00e0 distance&nbsp;;<\/li>\n\n\n\n<li>pour vous fournir des services et du contenu bas\u00e9s sur la localisation.<\/li>\n<\/ul>\n\n\n\n<h3 class=\"wp-block-heading\">Pour d\u2019autres fins commerciales g\u00e9n\u00e9rales&nbsp;:<\/h3>\n\n\n\n<ul class=\"wp-block-list\">\n<li>pour effectuer des \u00e9tudes de march\u00e9&nbsp;;<\/li>\n\n\n\n<li>pour effectuer des analyses de donn\u00e9es, des audits, am\u00e9liorer les produits, d\u00e9velopper de nouveaux produits, am\u00e9liorer, perfectionner ou modifier nos offres num\u00e9riques, identifier les tendances d\u2019utilisation et exploiter et \u00e9tendre nos activit\u00e9s commerciales et d\u2019analyse statistique bas\u00e9e sur des donn\u00e9es agr\u00e9g\u00e9es et anonymis\u00e9es, telles que les rapports d\u2019analyse comparative&nbsp;;<\/li>\n\n\n\n<li>pour fournir des services aux clients, g\u00e9rer le flux de travail, surveiller les r\u00e9parations, organiser la maintenance et le service futurs et r\u00e9soudre les probl\u00e8mes&nbsp;;<\/li>\n\n\n\n<li>pour valider l\u2019efficacit\u00e9 des recommandations, r\u00e9soudre les plaintes et traiter les commandes&nbsp;;<\/li>\n\n\n\n<li>pour g\u00e9rer l\u2019inventaire des actifs et des pi\u00e8ces afin de vous fournir des machines, des pi\u00e8ces et des services&nbsp;;<\/li>\n\n\n\n<li>pour g\u00e9rer une flotte d\u2019actifs d\u00e9tenus ou lou\u00e9s&nbsp;;<\/li>\n\n\n\n<li>pour d\u00e9velopper des applications num\u00e9riques.<\/li>\n<\/ul>\n\n\n\n<h2 class=\"wp-block-heading\">Comment pouvons-nous divulguer des informations&nbsp;?<\/h2>\n\n\n\n<p>Sauf dans les cas d\u00e9crits dans la pr\u00e9sente d\u00e9claration de gestion des donn\u00e9es concernant les actifs, nous pouvons \u00e9galement divulguer des informations&nbsp;:<\/p>\n\n\n\n<ul class=\"wp-block-list\">\n<li>\u00e0 nos affili\u00e9s, pour livrer les produits et services que vous avez demand\u00e9s&nbsp;;<\/li>\n\n\n\n<li>ux propri\u00e9taires d\u2019actifs, pour leur permettre de g\u00e9rer l\u2019utilisation de leur actif&nbsp;;<\/li>\n\n\n\n<li>aux fabricants de composants, pour leur permettre d\u2019\u00e9tudier l\u2019utilisation de leurs produits, d\u2019am\u00e9liorer leurs produits et de d\u00e9velopper de nouveaux produits&nbsp;;<\/li>\n\n\n\n<li>aux agents, prestataires de services et autres tiers contract\u00e9s par ou engag\u00e9s dans des affaires avec des propri\u00e9taires d\u2019actifs, qui sont responsables de la gestion de l\u2019actif&nbsp;;<\/li>\n\n\n\n<li>a un tiers connexe en cas de r\u00e9organisation, de fusion, de vente, de coentreprise, de cession, de transfert ou de toute autre disposition de tout ou partie de notre entreprise, de nos actifs ou de nos actions (y compris dans le cadre de toute faillite ou proc\u00e9dure similaire)&nbsp;;<\/li>\n\n\n\n<li>a d\u2019autres destinataires, comme convenu entre vous et nous.<\/li>\n<\/ul>\n\n\n\n<h2 class=\"wp-block-heading\">S\u00e9curit\u00e9<\/h2>\n\n\n\n<p>Nous avons mis en \u0153uvre des mesures organisationnelles, techniques et administratives raisonnables con\u00e7ues pour prot\u00e9ger les informations au sein de notre organisation. Malheureusement, il est impossible de garantir \u00e0 100&nbsp;% la s\u00e9curit\u00e9 de tout syst\u00e8me de transmission ou de stockage de donn\u00e9es. Si vous avez des raisons de croire que votre interaction avec nous n\u2019est plus s\u00e9curis\u00e9e (par exemple, si vous pensez que la s\u00e9curit\u00e9 de votre compte a \u00e9t\u00e9 compromise), veuillez nous en informer imm\u00e9diatement conform\u00e9ment \u00e0 la section \u00ab&nbsp;Nous contacter&nbsp;\u00bb ci-dessous.<\/p>\n\n\n\n<h2 class=\"wp-block-heading\">Mises \u00e0 jour de cette d\u00e9claration de gouvernance<\/h2>\n\n\n\n<p>Nous pourrons modifier cette d\u00e9claration de gestion des donn\u00e9es concernant les actifs de temps \u00e0 autre et sans pr\u00e9avis. La l\u00e9gende \u00ab&nbsp;DERNI\u00c8RE MISE \u00c0 JOUR&nbsp;\u00bb en haut de cette page indique la date de la derni\u00e8re r\u00e9vision de cette d\u00e9claration de gestion des donn\u00e9es relatives aux actifs.<\/p>\n\n\n\n<p>Dans tous les cas et en toutes circonstances, nous recueillons, utilisons et divulguons les donn\u00e9es uniquement de la mani\u00e8re autoris\u00e9e par les lois et r\u00e9glementations applicables.<\/p>\n\n\n\n<h2 class=\"wp-block-heading\">Annexe&nbsp;A<\/h2>\n\n\n\n<h3 class=\"wp-block-heading\">Soci\u00e9t\u00e9s du groupe Alimak<\/h3>\n\n\n\n<ul class=\"wp-block-list\">\n<li>Alimak do Brasil Elevadores Ltda<\/li>\n\n\n\n<li>Alimak Group Australia Pty. Ltd<\/li>\n\n\n\n<li>Alimak Group Benelux BV Netherlands<\/li>\n\n\n\n<li>Alimak Group Benelux NV Belgium<\/li>\n\n\n\n<li>Alimak Group BMU (Shanghai) Co. Ltd<\/li>\n\n\n\n<li>Alimak Group Denmark A\/S<\/li>\n\n\n\n<li>Alimak Group Deutschland GmbH<\/li>\n\n\n\n<li>Alimak Group France SAS<\/li>\n\n\n\n<li>Alimak Group Hong Kong Ltd<\/li>\n\n\n\n<li>Alimak Group India Pvt. Ltd<\/li>\n\n\n\n<li>Alimak Group Italy srl<\/li>\n\n\n\n<li>Alimak Group Korea Co. Ltd<\/li>\n\n\n\n<li>Alimak Group Malaysia Sdn. Bhd<\/li>\n\n\n\n<li>Alimak Group Management AB<\/li>\n\n\n\n<li>Alimak Group Manufacturing SL<\/li>\n\n\n\n<li>Alimak Group Norway AS<\/li>\n\n\n\n<li>Alimak Group Singapore Pte. Ltd<\/li>\n\n\n\n<li>Alimak Group Sweden AB<\/li>\n\n\n\n<li>Alimak Group Swiss AG<\/li>\n\n\n\n<li>Alimak Group UK Ltd<\/li>\n\n\n\n<li>Alimak Group USA Inc<\/li>\n\n\n\n<li>Alimak Group Vertical Access Equipment Co. Ltd<\/li>\n\n\n\n<li>Avanti Brasil Sistemas Eolicos Ltda<\/li>\n\n\n\n<li>Avanti Wind Eng. Tech. Guangdong Co Ltd<\/li>\n\n\n\n<li>Avanti Wind Systems Co. Ltd. Shanghai<\/li>\n\n\n\n<li>Avanti Wind Systems India Pvt. Ltd<\/li>\n\n\n\n<li>Avanti Wind Systems SL<\/li>\n\n\n\n<li>Avanti Wind Systems SL<\/li>\n\n\n\n<li>Avanti Wind Systems Techn. SL<\/li>\n\n\n\n<li>Cento Engineering Company Ltd.<\/li>\n\n\n\n<li>Cox Gomyl Macau Ltd.<\/li>\n\n\n\n<li>Cox Gomyl Operations SAU<\/li>\n\n\n\n<li>Cox Gomyl Shenzhen Co. Ltd<\/li>\n\n\n\n<li>EW Cox Middle East LLC<\/li>\n\n\n\n<li>James Hickey Industrial Traning School Ltd<\/li>\n\n\n\n<li>Manntech (HK) Ltd<\/li>\n\n\n\n<li>Alimak Group Canada Ltd<\/li>\n<\/ul>\n\n\n\n<h2 class=\"wp-block-heading\">\u00c0 qui s\u2019adresser en cas de questions ou pour obtenir des informations compl\u00e9mentaires&nbsp;?<\/h2>\n\n\n\n<p>Pour toute question concernant cette d\u00e9claration, veuillez nous contacter par e-mail \u00e0 <a href=\"mailto:privacy@alimakgroup.com\">privacy@alimakgroup.com<\/a> ou par courrier postal \u00e0 l\u2019adresse ci-dessous&nbsp;:<\/p>\n\n\n\n<p>Alimak Group AB (publ)<br>\u00c0 l\u2019attention de&nbsp;: Responsable mondial de la protection des donn\u00e9es<br>Blekholmstorget 30&nbsp;<br>111 64 Stockholm, Su\u00e8de<\/p>\n\n\n\n<p>Derni\u00e8re modification\u00a0: 7 janvier 2026<\/p>\n\n\n\n<div style=\"height:100px\" aria-hidden=\"true\" class=\"wp-block-spacer\"><\/div>\n","protected":false},"excerpt":{"rendered":"<p>La pr\u00e9sente d\u00e9claration de gestion des donn\u00e9es relatives aux actifs d\u00e9crit les pratiques du groupe Alimak&nbsp;AB et des soci\u00e9t\u00e9s du groupe telles que r\u00e9pertori\u00e9es \u00e0 l\u2019annexe&nbsp;A (\u00ab&nbsp;Alimak&nbsp;\u00bb, \u00ab&nbsp;nous&nbsp;\u00bb ou \u00ab&nbsp;nos&nbsp;\u00bb) en mati\u00e8re de collecte, de stockage et d\u2019utilisation des donn\u00e9es provenant des machines, produits et autres actifs du groupe Alimak exploit\u00e9s par ou pour le [&hellip;]<\/p>\n","protected":false},"author":12,"featured_media":0,"parent":208,"menu_order":0,"comment_status":"closed","ping_status":"closed","template":"","meta":{"_trash_the_other_posts":false,"editor_notices":[],"footnotes":""},"class_list":["post-3556","page","type-page","status-publish","hentry"],"yoast_head":"<!-- This site is optimized with the Yoast SEO plugin v27.3 - https:\/\/yoast.com\/product\/yoast-seo-wordpress\/ -->\n<title>Gestion des donn\u00e9es relatives aux actifs - Alimak France<\/title>\n<meta name=\"robots\" content=\"index, follow, max-snippet:-1, max-image-preview:large, max-video-preview:-1\" \/>\n<link rel=\"canonical\" href=\"https:\/\/alimak.com\/fr\/about-us\/asset-data-management\/\" \/>\n<meta property=\"og:locale\" content=\"fr_FR\" \/>\n<meta property=\"og:type\" content=\"article\" \/>\n<meta property=\"og:title\" content=\"Gestion des donn\u00e9es relatives aux actifs - Alimak France\" \/>\n<meta property=\"og:description\" content=\"La pr\u00e9sente d\u00e9claration de gestion des donn\u00e9es relatives aux actifs d\u00e9crit les pratiques du groupe Alimak&nbsp;AB et des soci\u00e9t\u00e9s du groupe telles que r\u00e9pertori\u00e9es \u00e0 l\u2019annexe&nbsp;A (\u00ab&nbsp;Alimak&nbsp;\u00bb, \u00ab&nbsp;nous&nbsp;\u00bb ou \u00ab&nbsp;nos&nbsp;\u00bb) en mati\u00e8re de collecte, de stockage et d\u2019utilisation des donn\u00e9es provenant des machines, produits et autres actifs du groupe Alimak exploit\u00e9s par ou pour le [&hellip;]\" \/>\n<meta property=\"og:url\" content=\"https:\/\/alimak.com\/fr\/about-us\/asset-data-management\/\" \/>\n<meta property=\"og:site_name\" content=\"Alimak France\" \/>\n<meta property=\"article:modified_time\" content=\"2026-01-07T10:01:55+00:00\" \/>\n<meta name=\"twitter:card\" content=\"summary_large_image\" \/>\n<meta name=\"twitter:label1\" content=\"Dur\u00e9e de lecture estim\u00e9e\" \/>\n\t<meta name=\"twitter:data1\" content=\"9 minutes\" \/>\n<script type=\"application\/ld+json\" class=\"yoast-schema-graph\">{\"@context\":\"https:\\\/\\\/schema.org\",\"@graph\":[{\"@type\":\"WebPage\",\"@id\":\"https:\\\/\\\/alimak.com\\\/fr\\\/about-us\\\/asset-data-management\\\/\",\"url\":\"https:\\\/\\\/alimak.com\\\/fr\\\/about-us\\\/asset-data-management\\\/\",\"name\":\"Gestion des donn\u00e9es relatives aux actifs - Alimak France\",\"isPartOf\":{\"@id\":\"https:\\\/\\\/alimak.com\\\/fr\\\/#website\"},\"datePublished\":\"2021-11-23T12:56:55+00:00\",\"dateModified\":\"2026-01-07T10:01:55+00:00\",\"breadcrumb\":{\"@id\":\"https:\\\/\\\/alimak.com\\\/fr\\\/about-us\\\/asset-data-management\\\/#breadcrumb\"},\"inLanguage\":\"fr-FR\",\"potentialAction\":[{\"@type\":\"ReadAction\",\"target\":[\"https:\\\/\\\/alimak.com\\\/fr\\\/about-us\\\/asset-data-management\\\/\"]}]},{\"@type\":\"BreadcrumbList\",\"@id\":\"https:\\\/\\\/alimak.com\\\/fr\\\/about-us\\\/asset-data-management\\\/#breadcrumb\",\"itemListElement\":[{\"@type\":\"ListItem\",\"position\":1,\"name\":\"\u00c0 propos\",\"item\":\"https:\\\/\\\/alimak.com\\\/fr\\\/about-us\\\/\"},{\"@type\":\"ListItem\",\"position\":2,\"name\":\"Gestion des donn\u00e9es relatives aux actifs\"}]},{\"@type\":\"WebSite\",\"@id\":\"https:\\\/\\\/alimak.com\\\/fr\\\/#website\",\"url\":\"https:\\\/\\\/alimak.com\\\/fr\\\/\",\"name\":\"Alimak France\",\"description\":\"Les leaders mondiaux en mati\u00e8re de solutions d&#039;acc\u00e8s vertical\",\"potentialAction\":[{\"@type\":\"SearchAction\",\"target\":{\"@type\":\"EntryPoint\",\"urlTemplate\":\"https:\\\/\\\/alimak.com\\\/fr\\\/?s={search_term_string}\"},\"query-input\":{\"@type\":\"PropertyValueSpecification\",\"valueRequired\":true,\"valueName\":\"search_term_string\"}}],\"inLanguage\":\"fr-FR\"}]}<\/script>\n<!-- \/ Yoast SEO plugin. -->","yoast_head_json":{"title":"Gestion des donn\u00e9es relatives aux actifs - Alimak France","robots":{"index":"index","follow":"follow","max-snippet":"max-snippet:-1","max-image-preview":"max-image-preview:large","max-video-preview":"max-video-preview:-1"},"canonical":"https:\/\/alimak.com\/fr\/about-us\/asset-data-management\/","og_locale":"fr_FR","og_type":"article","og_title":"Gestion des donn\u00e9es relatives aux actifs - Alimak France","og_description":"La pr\u00e9sente d\u00e9claration de gestion des donn\u00e9es relatives aux actifs d\u00e9crit les pratiques du groupe Alimak&nbsp;AB et des soci\u00e9t\u00e9s du groupe telles que r\u00e9pertori\u00e9es \u00e0 l\u2019annexe&nbsp;A (\u00ab&nbsp;Alimak&nbsp;\u00bb, \u00ab&nbsp;nous&nbsp;\u00bb ou \u00ab&nbsp;nos&nbsp;\u00bb) en mati\u00e8re de collecte, de stockage et d\u2019utilisation des donn\u00e9es provenant des machines, produits et autres actifs du groupe Alimak exploit\u00e9s par ou pour le [&hellip;]","og_url":"https:\/\/alimak.com\/fr\/about-us\/asset-data-management\/","og_site_name":"Alimak France","article_modified_time":"2026-01-07T10:01:55+00:00","twitter_card":"summary_large_image","twitter_misc":{"Dur\u00e9e de lecture estim\u00e9e":"9 minutes"},"schema":{"@context":"https:\/\/schema.org","@graph":[{"@type":"WebPage","@id":"https:\/\/alimak.com\/fr\/about-us\/asset-data-management\/","url":"https:\/\/alimak.com\/fr\/about-us\/asset-data-management\/","name":"Gestion des donn\u00e9es relatives aux actifs - Alimak France","isPartOf":{"@id":"https:\/\/alimak.com\/fr\/#website"},"datePublished":"2021-11-23T12:56:55+00:00","dateModified":"2026-01-07T10:01:55+00:00","breadcrumb":{"@id":"https:\/\/alimak.com\/fr\/about-us\/asset-data-management\/#breadcrumb"},"inLanguage":"fr-FR","potentialAction":[{"@type":"ReadAction","target":["https:\/\/alimak.com\/fr\/about-us\/asset-data-management\/"]}]},{"@type":"BreadcrumbList","@id":"https:\/\/alimak.com\/fr\/about-us\/asset-data-management\/#breadcrumb","itemListElement":[{"@type":"ListItem","position":1,"name":"\u00c0 propos","item":"https:\/\/alimak.com\/fr\/about-us\/"},{"@type":"ListItem","position":2,"name":"Gestion des donn\u00e9es relatives aux actifs"}]},{"@type":"WebSite","@id":"https:\/\/alimak.com\/fr\/#website","url":"https:\/\/alimak.com\/fr\/","name":"Alimak France","description":"Les leaders mondiaux en mati\u00e8re de solutions d&#039;acc\u00e8s vertical","potentialAction":[{"@type":"SearchAction","target":{"@type":"EntryPoint","urlTemplate":"https:\/\/alimak.com\/fr\/?s={search_term_string}"},"query-input":{"@type":"PropertyValueSpecification","valueRequired":true,"valueName":"search_term_string"}}],"inLanguage":"fr-FR"}]}},"_links":{"self":[{"href":"https:\/\/alimak.com\/fr\/wp-json\/wp\/v2\/pages\/3556","targetHints":{"allow":["GET"]}}],"collection":[{"href":"https:\/\/alimak.com\/fr\/wp-json\/wp\/v2\/pages"}],"about":[{"href":"https:\/\/alimak.com\/fr\/wp-json\/wp\/v2\/types\/page"}],"author":[{"embeddable":true,"href":"https:\/\/alimak.com\/fr\/wp-json\/wp\/v2\/users\/12"}],"replies":[{"embeddable":true,"href":"https:\/\/alimak.com\/fr\/wp-json\/wp\/v2\/comments?post=3556"}],"version-history":[{"count":6,"href":"https:\/\/alimak.com\/fr\/wp-json\/wp\/v2\/pages\/3556\/revisions"}],"predecessor-version":[{"id":5182,"href":"https:\/\/alimak.com\/fr\/wp-json\/wp\/v2\/pages\/3556\/revisions\/5182"}],"up":[{"embeddable":true,"href":"https:\/\/alimak.com\/fr\/wp-json\/wp\/v2\/pages\/208"}],"wp:attachment":[{"href":"https:\/\/alimak.com\/fr\/wp-json\/wp\/v2\/media?parent=3556"}],"curies":[{"name":"wp","href":"https:\/\/api.w.org\/{rel}","templated":true}]}}