{"id":404,"date":"2020-11-17T13:12:33","date_gmt":"2020-11-17T13:12:33","guid":{"rendered":"https:\/\/alimak.wpengine.com\/?page_id=404"},"modified":"2021-01-28T06:16:36","modified_gmt":"2021-01-28T06:16:36","slug":"mast-ties","status":"publish","type":"page","link":"https:\/\/alimak.com\/fr\/accessories-overview\/mast-ties\/","title":{"rendered":"M\u00e2ts et fixations"},"content":{"rendered":"\n<article class=\"m11 break-out\" id=\"block_5fb3d8ce63259\" data-animate-container>\n\n  <nav id=\"breadcrumbs\"><div class=\"container\" data-animate><\/div><\/nav>\n  <div class=\"m11__wrapper\">\n    <div class=\"container m11__container\">\n\n      <div class=\"m11__content\">\n\n                  <h1 class=\"m11__heading uppercase\" data-animate>M\u00e2ts et fixations<\/h1>\n        \n                  <div class=\"m11__text\" data-animate>\n            <p>Les fixations de m\u00e2t Alimak sont utilis\u00e9es pour fixer le m\u00e2t \u00e0 une structure ou \u00e0 un b\u00e2timent. Plusieurs types sont disponibles pour s&rsquo;adapter aux diff\u00e9rentes conditions et structures. Les accessoires sont con\u00e7us selon un concept modulaire flexible, r\u00e9glable en hauteur, en largeur et en longueur avec des supports muraux flexibles.<\/p>\n<p>Alimak propose trois types de m\u00e2ts de haute qualit\u00e9, chacun pour supporter la gamme de produits de construction l\u00e9gers, moyens et lourds. Les m\u00e2ts peuvent \u00eatre utilis\u00e9s collectivement sur les ascenseurs et les plates-formes appartenant \u00e0 la m\u00eame cat\u00e9gorie de produits, ce qui repr\u00e9sente un avantage en termes de co\u00fbts pour les propri\u00e9taires de flottes.<\/p>\n<p>Les m\u00e2ts Alimak sont con\u00e7us pour \u00eatre l\u00e9gers mais r\u00e9sistants, r\u00e9duisant au minimum le nombre de points d&rsquo;ancrage et offrant des hauteurs de levage importantes ainsi qu&rsquo;un haut surplomb libre. Les mat\u00e9riaux de haute qualit\u00e9 et le processus de fabrication sont strictement contr\u00f4l\u00e9s, et les tests de r\u00e9sistance sont extr\u00eamement rigoureux.<\/p>\n<p>&nbsp;<\/p>\n          <\/div>\n        \n                  <a\n          href=\"https:\/\/alimak.com\/fr\/contact-us\/\"\n          class=\"m11__button button\"\n          data-animate\n          target=\"_self\">\n            Parlez \u00e0 un sp\u00e9cialiste          <\/a>\n        \n      <\/div>\n\n              <div class=\"m11__media\">\n          <img src=https:\/\/alimak.com\/fr\/wp-content\/uploads\/sites\/14\/2020\/11\/Mast-and-ties-Hero.png srcset=\"https:\/\/alimak.com\/fr\/wp-content\/uploads\/sites\/14\/2020\/11\/Mast-and-ties-Hero.png 1x, https:\/\/alimak.com\/fr\/wp-content\/uploads\/sites\/14\/2020\/11\/Mast-and-ties-Hero.png 2x\" class=\"m11__image initial\" alt=\"\" width=\"666\" height=\"592\">        <\/div>\n      \n    <\/div>\n  <\/div>\n<\/article>\n\n\n\n\n<div class=\"archive terra-feed \">\n\n\t<form id=\"filters\" name=\"accessory-feed\" action=\"\" method=\"get\" class=\"terra archive-container__wrapper\" data-uid=\"00000000000013860000000000000000\">\n\t\t\t\t\t<header class=\"archive-container__filters\">\n\t\t\t\t<h4 class=\"archive-container__filters--heading\">Filtrer par<\/h4>\n\t\t\t\t\t\t\t\t\t\t<div class=\"archive-container__filter-wrap\">\n\t\t\t\t\t\t\t<label class=\"archive-container__filter-label\" for=\"filter-mast-type\">Type de m\u00e2t<\/label>\n\t\t\t\t\t\t\t<select name=\"filter-mast-type\" data-filter=\"filter-mast-type\" class=\"filter-select archive-container__filter terra__select terra-filter  default-style\" ><option  selected='selected' disabled=\"disabled\" style=\"display: none;\">Veuillez s\u00e9lectionner<\/option><option value=\"\" >Afficher tout<\/option><option value=\"350-triangular\" >350 triangulaire<\/option><option value=\"450-squared\" >450 carr\u00e9<\/option><option value=\"650-squared\" >650 carr\u00e9<\/option><\/select>\t\t\t\t\t\t<\/div>\n\t\t\t\t\t\t\n\t\t\t\t<button type=\"reset\" value=\"\" class=\"archive-container__reset\">\n\t\t\t\t\tReset\t\t\t\t<\/button>\n\t\t\t<\/header>\n\t\t\n\t\t<div class=\"container\">\n\t\t\t\t\t\t\t<div class=\"archive-sorting\">\n\t\t\t\t\t\n\t\t\t\t\t<div class=\"archive-sorting__input\">\n\t\t\t\t\t\t<label for=\"filter-sort\">Trier par :<\/label>\n\t\t\t\t\t\t<select name=\"filter-sort\" data-filter=\"filter-sort\" class=\"archive-sorting__sort terra__select terra-filter  default-style\" ><option value=\"ASC\" >A &#8211; Z<\/option><option value=\"DESC\" >Z &#8211; A<\/option><\/select>\t\t\t\t\t<\/div>\n\t\t\t\t\t\t\t<\/div>\n\n\t\t\t<div id=\"accessory-feed\" class=\"terra-container archive-container__items archive-container__items--accessory\">\n<article class=\"single-accessory-item\">\n\t<a class=\"single-accessory-item__link\">\n\n\t\t\t\t\t<div class=\"single-accessory-item__media\">\n\t\t\t\t<img src=https:\/\/alimak.com\/fr\/wp-content\/uploads\/sites\/14\/2020\/11\/650-squared.png srcset=\"https:\/\/alimak.com\/fr\/wp-content\/uploads\/sites\/14\/2020\/11\/650-squared.png 1x, https:\/\/alimak.com\/fr\/wp-content\/uploads\/sites\/14\/2020\/11\/650-squared.png 2x\" class=\"single-accessory-item__image\" alt=\"\" width=\"192\" height=\"232\">\t\t\t<\/div>\n\t\t\n\t\t<div class=\"single-accessory-item__content\">\n\t\t\t<h3 class=\"single-accessory-item__heading uppercase\">M\u00e2t triangulaire 650<\/h3>\n\t\t<\/div>\n\n\t<\/a>\n<\/article>\n\n<article class=\"single-accessory-item\">\n\t<a class=\"single-accessory-item__link\">\n\n\t\t\t\t\t<div class=\"single-accessory-item__media\">\n\t\t\t\t<img src=https:\/\/alimak.com\/fr\/wp-content\/uploads\/sites\/14\/2020\/11\/450-squared.png srcset=\"https:\/\/alimak.com\/fr\/wp-content\/uploads\/sites\/14\/2020\/11\/450-squared.png 1x, https:\/\/alimak.com\/fr\/wp-content\/uploads\/sites\/14\/2020\/11\/450-squared.png 2x\" class=\"single-accessory-item__image\" alt=\"\" width=\"192\" height=\"232\">\t\t\t<\/div>\n\t\t\n\t\t<div class=\"single-accessory-item__content\">\n\t\t\t<h3 class=\"single-accessory-item__heading uppercase\">M\u00e2t triangulaire 450<\/h3>\n\t\t<\/div>\n\n\t<\/a>\n<\/article>\n\n<article class=\"single-accessory-item\">\n\t<a class=\"single-accessory-item__link\">\n\n\t\t\t\t\t<div class=\"single-accessory-item__media\">\n\t\t\t\t<img src=https:\/\/alimak.com\/fr\/wp-content\/uploads\/sites\/14\/2020\/11\/350-triangular-1.png srcset=\"https:\/\/alimak.com\/fr\/wp-content\/uploads\/sites\/14\/2020\/11\/350-triangular-1.png 1x, https:\/\/alimak.com\/fr\/wp-content\/uploads\/sites\/14\/2020\/11\/350-triangular-1.png 2x\" class=\"single-accessory-item__image\" alt=\"\" width=\"192\" height=\"232\">\t\t\t<\/div>\n\t\t\n\t\t<div class=\"single-accessory-item__content\">\n\t\t\t<h3 class=\"single-accessory-item__heading uppercase\">M\u00e2t triangulaire 350<\/h3>\n\t\t<\/div>\n\n\t<\/a>\n<\/article>\n\n<article class=\"single-accessory-item\">\n\t<a class=\"single-accessory-item__link\">\n\n\t\t\t\t\t<div class=\"single-accessory-item__media\">\n\t\t\t\t<img src=https:\/\/alimak.com\/fr\/wp-content\/uploads\/sites\/14\/2020\/11\/1.4.3.png srcset=\"https:\/\/alimak.com\/fr\/wp-content\/uploads\/sites\/14\/2020\/11\/1.4.3.png 1x, https:\/\/alimak.com\/fr\/wp-content\/uploads\/sites\/14\/2020\/11\/1.4.3.png 2x\" class=\"single-accessory-item__image\" alt=\"\" width=\"192\" height=\"232\">\t\t\t<\/div>\n\t\t\n\t\t<div class=\"single-accessory-item__content\">\n\t\t\t<h3 class=\"single-accessory-item__heading uppercase\">Tie S1A<\/h3>\n\t\t<\/div>\n\n\t<\/a>\n<\/article>\n\n<article class=\"single-accessory-item\">\n\t<a class=\"single-accessory-item__link\">\n\n\t\t\t\t\t<div class=\"single-accessory-item__media\">\n\t\t\t\t<img src=https:\/\/alimak.com\/fr\/wp-content\/uploads\/sites\/14\/2020\/11\/1.4.4.png srcset=\"https:\/\/alimak.com\/fr\/wp-content\/uploads\/sites\/14\/2020\/11\/1.4.4.png 1x, https:\/\/alimak.com\/fr\/wp-content\/uploads\/sites\/14\/2020\/11\/1.4.4.png 2x\" class=\"single-accessory-item__image\" alt=\"\" width=\"192\" height=\"232\">\t\t\t<\/div>\n\t\t\n\t\t<div class=\"single-accessory-item__content\">\n\t\t\t<h3 class=\"single-accessory-item__heading uppercase\">Tie S2A<\/h3>\n\t\t<\/div>\n\n\t<\/a>\n<\/article>\n\n<article class=\"single-accessory-item\">\n\t<a class=\"single-accessory-item__link\">\n\n\t\t\t\t\t<div class=\"single-accessory-item__media\">\n\t\t\t\t<img src=https:\/\/alimak.com\/fr\/wp-content\/uploads\/sites\/14\/2020\/11\/1.4.5.png srcset=\"https:\/\/alimak.com\/fr\/wp-content\/uploads\/sites\/14\/2020\/11\/1.4.5.png 1x, https:\/\/alimak.com\/fr\/wp-content\/uploads\/sites\/14\/2020\/11\/1.4.5.png 2x\" class=\"single-accessory-item__image\" alt=\"\" width=\"192\" height=\"232\">\t\t\t<\/div>\n\t\t\n\t\t<div class=\"single-accessory-item__content\">\n\t\t\t<h3 class=\"single-accessory-item__heading uppercase\">Tie S3A<\/h3>\n\t\t<\/div>\n\n\t<\/a>\n<\/article>\n\n<article class=\"single-accessory-item\">\n\t<a class=\"single-accessory-item__link\">\n\n\t\t\t\t\t<div class=\"single-accessory-item__media\">\n\t\t\t\t<img src=https:\/\/alimak.com\/fr\/wp-content\/uploads\/sites\/14\/2020\/11\/1.4.2.png srcset=\"https:\/\/alimak.com\/fr\/wp-content\/uploads\/sites\/14\/2020\/11\/1.4.2.png 1x, https:\/\/alimak.com\/fr\/wp-content\/uploads\/sites\/14\/2020\/11\/1.4.2.png 2x\" class=\"single-accessory-item__image\" alt=\"\" width=\"192\" height=\"232\">\t\t\t<\/div>\n\t\t\n\t\t<div class=\"single-accessory-item__content\">\n\t\t\t<h3 class=\"single-accessory-item__heading uppercase\">Tie R2A<\/h3>\n\t\t<\/div>\n\n\t<\/a>\n<\/article>\n\n<article class=\"single-accessory-item\">\n\t<a class=\"single-accessory-item__link\">\n\n\t\t\t\t\t<div class=\"single-accessory-item__media\">\n\t\t\t\t<img src=https:\/\/alimak.com\/fr\/wp-content\/uploads\/sites\/14\/2020\/11\/1.4.1.png srcset=\"https:\/\/alimak.com\/fr\/wp-content\/uploads\/sites\/14\/2020\/11\/1.4.1.png 1x, https:\/\/alimak.com\/fr\/wp-content\/uploads\/sites\/14\/2020\/11\/1.4.1.png 2x\" class=\"single-accessory-item__image\" alt=\"\" width=\"192\" height=\"232\">\t\t\t<\/div>\n\t\t\n\t\t<div class=\"single-accessory-item__content\">\n\t\t\t<h3 class=\"single-accessory-item__heading uppercase\">Pince en C de fixation<\/h3>\n\t\t<\/div>\n\n\t<\/a>\n<\/article>\n\n<article class=\"single-accessory-item\">\n\t<a class=\"single-accessory-item__link\">\n\n\t\t\t\t\t<div class=\"single-accessory-item__media\">\n\t\t\t\t<img src=https:\/\/alimak.com\/fr\/wp-content\/uploads\/sites\/14\/2020\/11\/1.4.6.png srcset=\"https:\/\/alimak.com\/fr\/wp-content\/uploads\/sites\/14\/2020\/11\/1.4.6.png 1x, https:\/\/alimak.com\/fr\/wp-content\/uploads\/sites\/14\/2020\/11\/1.4.6.png 2x\" class=\"single-accessory-item__image\" alt=\"\" width=\"192\" height=\"232\">\t\t\t<\/div>\n\t\t\n\t\t<div class=\"single-accessory-item__content\">\n\t\t\t<h3 class=\"single-accessory-item__heading uppercase\">Supports muraux<\/h3>\n\t\t<\/div>\n\n\t<\/a>\n<\/article>\n\n<article class=\"single-accessory-item\">\n\t<a class=\"single-accessory-item__link\">\n\n\t\t\t\t\t<div class=\"single-accessory-item__media\">\n\t\t\t\t<img src=https:\/\/alimak.com\/fr\/wp-content\/uploads\/sites\/14\/2020\/11\/1.4.7.png srcset=\"https:\/\/alimak.com\/fr\/wp-content\/uploads\/sites\/14\/2020\/11\/1.4.7.png 1x, https:\/\/alimak.com\/fr\/wp-content\/uploads\/sites\/14\/2020\/11\/1.4.7.png 2x\" class=\"single-accessory-item__image\" alt=\"\" width=\"192\" height=\"232\">\t\t\t<\/div>\n\t\t\n\t\t<div class=\"single-accessory-item__content\">\n\t\t\t<h3 class=\"single-accessory-item__heading uppercase\">Syst\u00e8me de conduits verticaux<\/h3>\n\t\t<\/div>\n\n\t<\/a>\n<\/article>\n\n<article class=\"single-accessory-item\">\n\t<a class=\"single-accessory-item__link\">\n\n\t\t\t\t\t<div class=\"single-accessory-item__media\">\n\t\t\t\t<img src=https:\/\/alimak.com\/fr\/wp-content\/uploads\/sites\/14\/2020\/11\/1.4.3.png srcset=\"https:\/\/alimak.com\/fr\/wp-content\/uploads\/sites\/14\/2020\/11\/1.4.3.png 1x, https:\/\/alimak.com\/fr\/wp-content\/uploads\/sites\/14\/2020\/11\/1.4.3.png 2x\" class=\"single-accessory-item__image\" alt=\"\" width=\"192\" height=\"232\">\t\t\t<\/div>\n\t\t\n\t\t<div class=\"single-accessory-item__content\">\n\t\t\t<h3 class=\"single-accessory-item__heading uppercase\">Tie S1C<\/h3>\n\t\t<\/div>\n\n\t<\/a>\n<\/article>\n\n<article class=\"single-accessory-item\">\n\t<a class=\"single-accessory-item__link\">\n\n\t\t\t\t\t<div class=\"single-accessory-item__media\">\n\t\t\t\t<img src=https:\/\/alimak.com\/fr\/wp-content\/uploads\/sites\/14\/2020\/11\/1.4.4.png srcset=\"https:\/\/alimak.com\/fr\/wp-content\/uploads\/sites\/14\/2020\/11\/1.4.4.png 1x, https:\/\/alimak.com\/fr\/wp-content\/uploads\/sites\/14\/2020\/11\/1.4.4.png 2x\" class=\"single-accessory-item__image\" alt=\"\" width=\"192\" height=\"232\">\t\t\t<\/div>\n\t\t\n\t\t<div class=\"single-accessory-item__content\">\n\t\t\t<h3 class=\"single-accessory-item__heading uppercase\">Tie S2C<\/h3>\n\t\t<\/div>\n\n\t<\/a>\n<\/article>\n\n<article class=\"single-accessory-item\">\n\t<a class=\"single-accessory-item__link\">\n\n\t\t\t\t\t<div class=\"single-accessory-item__media\">\n\t\t\t\t<img src=https:\/\/alimak.com\/fr\/wp-content\/uploads\/sites\/14\/2020\/11\/1.4.5.png srcset=\"https:\/\/alimak.com\/fr\/wp-content\/uploads\/sites\/14\/2020\/11\/1.4.5.png 1x, https:\/\/alimak.com\/fr\/wp-content\/uploads\/sites\/14\/2020\/11\/1.4.5.png 2x\" class=\"single-accessory-item__image\" alt=\"\" width=\"192\" height=\"232\">\t\t\t<\/div>\n\t\t\n\t\t<div class=\"single-accessory-item__content\">\n\t\t\t<h3 class=\"single-accessory-item__heading uppercase\">Fixation S3C<\/h3>\n\t\t<\/div>\n\n\t<\/a>\n<\/article>\n\n<article class=\"single-accessory-item\">\n\t<a class=\"single-accessory-item__link\">\n\n\t\t\t\t\t<div class=\"single-accessory-item__media\">\n\t\t\t\t<img src=https:\/\/alimak.com\/fr\/wp-content\/uploads\/sites\/14\/2020\/11\/1.4.2.png srcset=\"https:\/\/alimak.com\/fr\/wp-content\/uploads\/sites\/14\/2020\/11\/1.4.2.png 1x, https:\/\/alimak.com\/fr\/wp-content\/uploads\/sites\/14\/2020\/11\/1.4.2.png 2x\" class=\"single-accessory-item__image\" alt=\"\" width=\"192\" height=\"232\">\t\t\t<\/div>\n\t\t\n\t\t<div class=\"single-accessory-item__content\">\n\t\t\t<h3 class=\"single-accessory-item__heading uppercase\">Fixation R2C<\/h3>\n\t\t<\/div>\n\n\t<\/a>\n<\/article>\n\n<article class=\"single-accessory-item\">\n\t<a class=\"single-accessory-item__link\">\n\n\t\t\t\t\t<div class=\"single-accessory-item__media\">\n\t\t\t\t<img src=https:\/\/alimak.com\/fr\/wp-content\/uploads\/sites\/14\/2020\/11\/1.4.1.png srcset=\"https:\/\/alimak.com\/fr\/wp-content\/uploads\/sites\/14\/2020\/11\/1.4.1.png 1x, https:\/\/alimak.com\/fr\/wp-content\/uploads\/sites\/14\/2020\/11\/1.4.1.png 2x\" class=\"single-accessory-item__image\" alt=\"\" width=\"192\" height=\"232\">\t\t\t<\/div>\n\t\t\n\t\t<div class=\"single-accessory-item__content\">\n\t\t\t<h3 class=\"single-accessory-item__heading uppercase\">Pince en C de fixation<\/h3>\n\t\t<\/div>\n\n\t<\/a>\n<\/article>\n\n<nav class=\"pagination\">\n\t<span aria-current=\"page\" class=\"page-numbers current\">1<\/span>\n<a class=\"page-numbers\" href=\"https:\/\/alimak.com\/fr\/wp-json\/wp\/v2\/pages\/404\/page\/2\">2<\/a>\n<a class=\"next page-numbers\" href=\"https:\/\/alimak.com\/fr\/wp-json\/wp\/v2\/pages\/404\/page\/2\"><span class=\"screen-reader-text\">Next page<\/span><i class=\"pagination__icon pagination__icon--next aria-hidden=\"true\"><svg class=\"svg-icon svg-icon--icon-pagination-right\" aria-hidden=\"true\" role=\"img\"> <use href=\"#icon-pagination-right\" xlink:href=\"#icon-pagination-right\"><\/use> <\/svg><\/i><\/a><\/nav>\n<\/div>\t\t<\/div>\n\n\t\t<input type=\"hidden\" name=\"posts_per_page\" value=\"15\" \/><input type=\"hidden\" name=\"posts-offset\" value=\"15\" \/><\/form>\n<\/div>\n\n\n\n<div style=\"height:100px\" aria-hidden=\"true\" class=\"wp-block-spacer\"><\/div>\n\n\n\n<article class=\"m08 break-out\" id=\"block_5fb3cdb7f629f\" data-animate-container>\n  <div class=\"container m08__container\">\n\n          <div class=\"m08__block m08__block--one\">\n        <div class=\"m08__content\">\n\n                      <h2 class=\"m08__heading uppercase h3\" data-animate>Contactez-nous pour recevoir plus d&#039;informations ou un devis<\/h2>\n          \n                      <div class=\"m08__text\" data-animate>\n              <p>Besoin d&rsquo;aide pour la s\u00e9lection de produits pour un projet \u00e0 venir ? Contactez nos experts pour obtenir des informations sur la gamme de solutions d&rsquo;acc\u00e8s vertical disponibles et un devis pour r\u00e9pondre aux besoins de votre projet.<\/p>\n            <\/div>\n          \n                      <a\n            data-animate\n            href=\"https:\/\/alimak.com\/fr\/request-a-quote\"\n            class=\"m08__button button button--outline button--white\"\n            target=\"_self\">\n              Demander un devis            <\/a>\n          \n        <\/div>\n      <\/div>\n    \n          <div class=\"m08__block m08__block--two\">\n        <div class=\"m08__content\">\n\n                      <h2 class=\"m08__heading uppercase h3\" data-animate>Trouver un repr\u00e9sentant local<\/h2>\n          \n                      <div class=\"m08__text\" data-animate>\n              <p>Pr\u00e9sent sur les six continents, Alimak utilise son r\u00e9seau mondial pour fournir des solutions d&rsquo;acc\u00e8s vertical pour un large \u00e9ventail d&rsquo;applications sur les chantiers de construction et les sites industriels dans le monde entier. Contactez-nous pour trouver un repr\u00e9sentant local du r\u00e9seau mondial d&rsquo;Alimak.<\/p>\n            <\/div>\n          \n                      <a\n            data-animate\n            href=\"\/fr\/locations\"\n            class=\"m08__button button\"\n            target=\"_self\">\n              Rechercher sur le site            <\/a>\n          \n        <\/div>\n      <\/div>\n        \n  <\/div>\n<\/article>\n\n\n\n<div style=\"height:100px\" aria-hidden=\"true\" class=\"wp-block-spacer\"><\/div>\n","protected":false},"excerpt":{"rendered":"","protected":false},"author":1,"featured_media":0,"parent":382,"menu_order":0,"comment_status":"closed","ping_status":"closed","template":"","meta":{"_trash_the_other_posts":false,"editor_notices":[],"footnotes":""},"class_list":["post-404","page","type-page","status-publish","hentry"],"yoast_head":"<!-- This site is optimized with the Yoast SEO plugin v27.3 - https:\/\/yoast.com\/product\/yoast-seo-wordpress\/ -->\n<title>M\u00e2ts et fixations - Alimak France<\/title>\n<meta name=\"robots\" content=\"index, follow, max-snippet:-1, max-image-preview:large, max-video-preview:-1\" \/>\n<link rel=\"canonical\" href=\"https:\/\/alimak.com\/fr\/accessories-overview\/mast-ties\/\" \/>\n<meta property=\"og:locale\" content=\"fr_FR\" \/>\n<meta property=\"og:type\" content=\"article\" \/>\n<meta property=\"og:title\" content=\"M\u00e2ts et fixations - Alimak France\" \/>\n<meta property=\"og:url\" content=\"https:\/\/alimak.com\/fr\/accessories-overview\/mast-ties\/\" \/>\n<meta property=\"og:site_name\" content=\"Alimak France\" \/>\n<meta property=\"article:modified_time\" content=\"2021-01-28T06:16:36+00:00\" \/>\n<meta name=\"twitter:card\" content=\"summary_large_image\" \/>\n<script type=\"application\/ld+json\" class=\"yoast-schema-graph\">{\"@context\":\"https:\\\/\\\/schema.org\",\"@graph\":[{\"@type\":\"WebPage\",\"@id\":\"https:\\\/\\\/alimak.com\\\/fr\\\/accessories-overview\\\/mast-ties\\\/\",\"url\":\"https:\\\/\\\/alimak.com\\\/fr\\\/accessories-overview\\\/mast-ties\\\/\",\"name\":\"M\u00e2ts et fixations - Alimak France\",\"isPartOf\":{\"@id\":\"https:\\\/\\\/alimak.com\\\/fr\\\/#website\"},\"datePublished\":\"2020-11-17T13:12:33+00:00\",\"dateModified\":\"2021-01-28T06:16:36+00:00\",\"breadcrumb\":{\"@id\":\"https:\\\/\\\/alimak.com\\\/fr\\\/accessories-overview\\\/mast-ties\\\/#breadcrumb\"},\"inLanguage\":\"fr-FR\",\"potentialAction\":[{\"@type\":\"ReadAction\",\"target\":[\"https:\\\/\\\/alimak.com\\\/fr\\\/accessories-overview\\\/mast-ties\\\/\"]}]},{\"@type\":\"BreadcrumbList\",\"@id\":\"https:\\\/\\\/alimak.com\\\/fr\\\/accessories-overview\\\/mast-ties\\\/#breadcrumb\",\"itemListElement\":[{\"@type\":\"ListItem\",\"position\":1,\"name\":\"Aper\u00e7u des accessoires\",\"item\":\"https:\\\/\\\/alimak.com\\\/fr\\\/accessories-overview\\\/\"},{\"@type\":\"ListItem\",\"position\":2,\"name\":\"M\u00e2ts et fixations\"}]},{\"@type\":\"WebSite\",\"@id\":\"https:\\\/\\\/alimak.com\\\/fr\\\/#website\",\"url\":\"https:\\\/\\\/alimak.com\\\/fr\\\/\",\"name\":\"Alimak France\",\"description\":\"Les leaders mondiaux en mati\u00e8re de solutions d&#039;acc\u00e8s vertical\",\"potentialAction\":[{\"@type\":\"SearchAction\",\"target\":{\"@type\":\"EntryPoint\",\"urlTemplate\":\"https:\\\/\\\/alimak.com\\\/fr\\\/?s={search_term_string}\"},\"query-input\":{\"@type\":\"PropertyValueSpecification\",\"valueRequired\":true,\"valueName\":\"search_term_string\"}}],\"inLanguage\":\"fr-FR\"}]}<\/script>\n<!-- \/ Yoast SEO plugin. -->","yoast_head_json":{"title":"M\u00e2ts et fixations - Alimak France","robots":{"index":"index","follow":"follow","max-snippet":"max-snippet:-1","max-image-preview":"max-image-preview:large","max-video-preview":"max-video-preview:-1"},"canonical":"https:\/\/alimak.com\/fr\/accessories-overview\/mast-ties\/","og_locale":"fr_FR","og_type":"article","og_title":"M\u00e2ts et fixations - Alimak France","og_url":"https:\/\/alimak.com\/fr\/accessories-overview\/mast-ties\/","og_site_name":"Alimak France","article_modified_time":"2021-01-28T06:16:36+00:00","twitter_card":"summary_large_image","schema":{"@context":"https:\/\/schema.org","@graph":[{"@type":"WebPage","@id":"https:\/\/alimak.com\/fr\/accessories-overview\/mast-ties\/","url":"https:\/\/alimak.com\/fr\/accessories-overview\/mast-ties\/","name":"M\u00e2ts et fixations - Alimak France","isPartOf":{"@id":"https:\/\/alimak.com\/fr\/#website"},"datePublished":"2020-11-17T13:12:33+00:00","dateModified":"2021-01-28T06:16:36+00:00","breadcrumb":{"@id":"https:\/\/alimak.com\/fr\/accessories-overview\/mast-ties\/#breadcrumb"},"inLanguage":"fr-FR","potentialAction":[{"@type":"ReadAction","target":["https:\/\/alimak.com\/fr\/accessories-overview\/mast-ties\/"]}]},{"@type":"BreadcrumbList","@id":"https:\/\/alimak.com\/fr\/accessories-overview\/mast-ties\/#breadcrumb","itemListElement":[{"@type":"ListItem","position":1,"name":"Aper\u00e7u des accessoires","item":"https:\/\/alimak.com\/fr\/accessories-overview\/"},{"@type":"ListItem","position":2,"name":"M\u00e2ts et fixations"}]},{"@type":"WebSite","@id":"https:\/\/alimak.com\/fr\/#website","url":"https:\/\/alimak.com\/fr\/","name":"Alimak France","description":"Les leaders mondiaux en mati\u00e8re de solutions d&#039;acc\u00e8s vertical","potentialAction":[{"@type":"SearchAction","target":{"@type":"EntryPoint","urlTemplate":"https:\/\/alimak.com\/fr\/?s={search_term_string}"},"query-input":{"@type":"PropertyValueSpecification","valueRequired":true,"valueName":"search_term_string"}}],"inLanguage":"fr-FR"}]}},"_links":{"self":[{"href":"https:\/\/alimak.com\/fr\/wp-json\/wp\/v2\/pages\/404","targetHints":{"allow":["GET"]}}],"collection":[{"href":"https:\/\/alimak.com\/fr\/wp-json\/wp\/v2\/pages"}],"about":[{"href":"https:\/\/alimak.com\/fr\/wp-json\/wp\/v2\/types\/page"}],"author":[{"embeddable":true,"href":"https:\/\/alimak.com\/fr\/wp-json\/wp\/v2\/users\/1"}],"replies":[{"embeddable":true,"href":"https:\/\/alimak.com\/fr\/wp-json\/wp\/v2\/comments?post=404"}],"version-history":[{"count":3,"href":"https:\/\/alimak.com\/fr\/wp-json\/wp\/v2\/pages\/404\/revisions"}],"predecessor-version":[{"id":2411,"href":"https:\/\/alimak.com\/fr\/wp-json\/wp\/v2\/pages\/404\/revisions\/2411"}],"up":[{"embeddable":true,"href":"https:\/\/alimak.com\/fr\/wp-json\/wp\/v2\/pages\/382"}],"wp:attachment":[{"href":"https:\/\/alimak.com\/fr\/wp-json\/wp\/v2\/media?parent=404"}],"curies":[{"name":"wp","href":"https:\/\/api.w.org\/{rel}","templated":true}]}}