{"id":4619,"date":"2023-11-06T15:18:54","date_gmt":"2023-11-06T15:18:54","guid":{"rendered":"https:\/\/alimak.com\/fr\/?page_id=4619"},"modified":"2024-09-10T12:04:32","modified_gmt":"2024-09-10T12:04:32","slug":"data-centers","status":"publish","type":"page","link":"https:\/\/alimak.com\/fr\/data-centers\/","title":{"rendered":"Centre de donn\u00e9es"},"content":{"rendered":"\n<article class=\"m11 break-out\" id=\"block_6526ae06ec415\" data-animate-container>\n\n  <nav id=\"breadcrumbs\"><div class=\"container\" data-animate><\/div><\/nav>\n  <div class=\"m11__wrapper\">\n    <div class=\"container m11__container\">\n\n      <div class=\"m11__content\">\n\n                  <h1 class=\"m11__heading uppercase\" data-animate>Centre de donn\u00e9es<\/h1>\n        \n                  <div class=\"m11__text\" data-animate>\n            <p>Alimak propose une gamme de solutions d&rsquo;acc\u00e8s vertical id\u00e9ales pour les centres de donn\u00e9es. La gamme d\u00e9di\u00e9e d&rsquo;ascenseurs Alimak est con\u00e7ue pour fonctionner dans des espaces restreints afin d&rsquo;augmenter la productivit\u00e9 et d&rsquo;am\u00e9liorer l&rsquo;efficacit\u00e9 et la s\u00e9curit\u00e9.<\/p>\n<p>Adapt\u00e9es aux applications int\u00e9rieures et ext\u00e9rieures, nos gammes de produits sont adapt\u00e9es au transport de personnes avec ou sans marchandises, ou de marchandises seules. Des solutions personnalis\u00e9es sont disponibles pour transporter des charges tr\u00e8s volumineuses.<\/p>\n          <\/div>\n        \n                  <a\n          href=\"https:\/\/alimak.com\/fr\/contact-us\/\"\n          class=\"m11__button button\"\n          data-animate\n          target=\"_self\">\n            PARLEZ \u00c0 UN EXPERT          <\/a>\n        \n      <\/div>\n\n              <div class=\"m11__media\">\n          <img src=https:\/\/alimak.com\/fr\/wp-content\/uploads\/sites\/14\/2023\/11\/Datacenter-Hero.jpg srcset=\"https:\/\/alimak.com\/fr\/wp-content\/uploads\/sites\/14\/2023\/11\/Datacenter-Hero.jpg 1x, https:\/\/alimak.com\/fr\/wp-content\/uploads\/sites\/14\/2023\/11\/Datacenter-Hero.jpg 2x\" class=\"m11__image initial\" alt=\"\" width=\"666\" height=\"592\">        <\/div>\n      \n    <\/div>\n  <\/div>\n<\/article>\n\n\n\n\n<article class=\"m12 desktop-only\" id=\"block_6526ae7dec416\" data-animate-container>\n  <div class=\"m12__wrapper break-out\">\n    <div class=\"container m12__container\">\n\n      <h2 class=\"m12__heading h4 uppercase\" data-animate>Sur cette page<\/h2>\n\n              <nav class=\"m12__links\">\n          <ul class=\"m12__list\">\n            \n                <li class=\"m12__item\" data-animate data-delay=\"0\">\n                  <a href=\"#block_6526afdbec41e\" class=\"m12__link uppercase\">\n                    AVANTAGES                    <svg class=\"svg-icon svg-icon--icon-arrow-down\" aria-hidden=\"true\" role=\"img\"> <use href=\"#icon-arrow-down\" xlink:href=\"#icon-arrow-down\"><\/use> <\/svg>                  <\/a>\n                <\/li>\n\n                \n                <li class=\"m12__item\" data-animate data-delay=\"150\">\n                  <a href=\"#block_6526b078ec423\" class=\"m12__link uppercase\">\n                    SERVICE APR\u00c8S VENTE                    <svg class=\"svg-icon svg-icon--icon-arrow-down\" aria-hidden=\"true\" role=\"img\"> <use href=\"#icon-arrow-down\" xlink:href=\"#icon-arrow-down\"><\/use> <\/svg>                  <\/a>\n                <\/li>\n\n                          <\/ul>\n        <\/nav>\n      \n    <\/div>\n  <\/div>\n<\/article>\n\n\n<p class=\"has-text-align-center\">Les ascenseurs industriels Alimak sont sp\u00e9cialement con\u00e7us pour le transport efficace de marchandises telles que des colis, palettes, chariots, etc., en plus du personnel du centre de donn\u00e9es.<\/p>\n\n\n\n<article class=\"m42 break-out\" id=\"block_6526aeffec41a\" data-animate-container>\n\t<div class=\"container m42__container\">\n\t\t\n\t\t\t\t\t\n\t\t\t\t\t\t\t\t\t\t\t\t\t\t\t\t\t<div class=\"m42__cta\">\n\t\t\t\t\t\t\t\t\t<div class=\"m42__cta__details\">\n\t\t\t\t\t\t\t\t\t\t<div class=\"m42__img\">\n\t\t\t\t\t\t\t\t\t\t<img src=https:\/\/alimak.com\/fr\/wp-content\/uploads\/sites\/14\/2022\/06\/MicrosoftTeams-image-scaled-1-623x1024.jpg  class=\"\" alt=\"\" width=\"623\" height=\"1024\">\t\t\t\t\t\t\t\t\t\t<\/div>\n\n\t\t\t\t\t\t\t\t\t\t\t\t\t\t\t\t\t\t\t\t<div class=\"m42__description\">\n\t\t\t\t\t\t\t\t\t\t\t\t\t\t\t\t\t\t\t\t\t\t<h6 class=\"m42__description__title\">Centre de donn\u00e9es<\/h6>\n\t\t\t\t\t\t\t\t\t\t\t\n\t\t\t\t\t\t\t\t\t\t\t\t\t\t\t\t\t\t\t\t\t\t\t<p class=\"m42__description__location\">Slough, Royaume-Uni<\/p>\n\t\t\t\t\t\t\t\t\t\t\t\t\t\t\t\t\t\t\t\t\t<\/div>\n\t\t\t\t\t\t\t\t\t\t\t\t\t\t\t\t\t\t\t<\/div>\n\n\t\t\t\t\t\t\t\t\t<div class=\"m42__cta__text\">\n\t\t\t\t\t\t\t\t\t\t<h5 class=\"m42__subtitle\">Alimak fournit une solution d&#039;acc\u00e8s vertical fiable pour la construction d&#039;un centre de donn\u00e9es unique<\/h5>\n\t\t\t\t\t\t\t\t\t\t<p class=\"m42__excerpt\">\n\t\t\t\t\t\t\t\t\t\t\t\t\t\t\t\t\t\t\t\t\t\t\tUn grand centre de donn\u00e9es situ\u00e9 \u00e0 Slough, au Royaume-Uni, avait besoin d&#039;un ascenseur pour r\u00e9pondre aux exigences uniques du b\u00e2timent. Le type de centre de donn\u00e9es \u00ab&nbsp;M\u00e9ga-Centre&nbsp;\u00bb comprend un espace de bureau vaste et complexe avec un&#8230;\t\t\t\t\t\t\t\t\t\t\t\t\t\t\t\t\t\t\t\t\t<\/p>\n\t\t\t\t\t\t\t\t\t\t<a href=\"https:\/\/alimak.com\/fr\/project\/data-centre-francais\/\" class=\"button button--orange\">Lire la suite<\/a>\n\t\t\t\t\t\t\t\t\t<\/div>\n\t\t\t\t\t\t\t\t<\/div>\n\t\t\t\t\t\t\t\n\t\t\t\t\t\t<\/div>\n<\/article>\n\n\n\n<article class=\"m34 break-out\" id=\"block_6526af47ec41c\" data-animate-container>\n\t<div class=\"container m34__container\">\n\t\t<div class=\"m34__grid\">\n\t\t\t<div class=\"m34__grid__text\">\n\t\t\t\t\t\t\t\t\t<h3 class=\"m34__title\" data-animate>T\u00c9L\u00c9CHARGEZ LE GUIDE DES PRODUITS INDUSTRIELS ALIMAK<\/h3>\n\t\t\t\t\n\t\t\t\t\t\t\t\t\t<div class=\"m34__intro\" data-animate>En savoir plus sur la gamme de solutions d&rsquo;acc\u00e8s vertical d&rsquo;Alimak.<\/div>\n\t\t\t\t\n\t\t\t\t\n\t\t\t\t\n\t\t\t\t\t\t\t\t\t<button type=\"button\" class=\"button button--download m34__button\" data-animate>\n\t\t\t\t\t\t<span>T\u00e9l\u00e9charger<\/span>\n\t\t\t\t\t\t<svg class=\"svg-icon svg-icon--icon-download\" aria-hidden=\"true\" role=\"img\"> <use href=\"#icon-download\" xlink:href=\"#icon-download\"><\/use> <\/svg>\t\t\t\t\t<\/button>\n\t\t\t\t\t\t\t<\/div>\n\n\t\t\t\t\t\t\t<div class=\"m34__grid__img\">\n\t\t\t\t\t<img src=https:\/\/alimak.com\/fr\/wp-content\/uploads\/sites\/14\/2021\/02\/181128-086-HDR-2-web-2-1024x1024.jpg  class=\"\" alt=\"\" width=\"1024\" height=\"1024\">\t\t\t\t<\/div>\n\t\t\t\n\t\t<\/div>\n\t<\/div>\n\n\t\t\t<section class=\"m34__modal\" aria-hidden=\"true\" data-form-id=\"8052a947-4d5f-4e2c-9498-9c0aa0bd625b\" data-portal-id=\"8464480\">\n\t\t\t<div class=\"m34__form\">\n\t\t\t\t<div class=\"block_6526af47ec41c m34__modal-container\"><\/div>\n\t\t\t<\/div>\n\t\t\t<button type=\"button\" class=\"m34__overlay\">\n\t\t\t\t<span class=\"screen-reader-text\">Click to close modal<\/span>\n\t\t\t<\/button>\n\t\t<\/section>\n\t\n<\/article>\n\n\n\n\n<article class=\"m04 break-out large\" id=\"block_6526af8eec41d\" data-animate-container>\n  <div class=\"container m04__container\">\n          <h2 class=\"m04__heading h3 uppercase\" data-animate>VOIR LA GAMME DE PRODUITS D&#039;ACC\u00c8S VERTICAL ALIMAK<\/h2>\n              <div class=\"m04__content\" data-animate>\n        <p>Les ascenseurs industriels Alimak offrent un acc\u00e8s vertical efficace et fiable pour les entrep\u00f4ts.<\/p>\n      <\/div>\n              <a\n      data-animate\n      href=\"https:\/\/alimak.com\/fr\/new-equipment\/?filter-product-category=industrial-elevators&#038;filter-sort=0\"\n      class=\"m04__button button\"\n      target=\"_self\">\n        Voir tout      <\/a>\n      <\/div>\n<\/article>\n\n\n<div class=\"wp-block-group has-white-color has-dark-grey-background-color has-text-color has-background\"><div class=\"wp-block-group__inner-container is-layout-constrained wp-block-group-is-layout-constrained\">\n<article class=\"m05 break-out desktop-only\" id=\"block_6526afdbec41e\" data-animate-container>\n  <div class=\"container m05__container\">\n          <h2 class=\"m05__heading h3 uppercase\" data-animate>POURQUOI CHOISIR UNE SOLUTION D&#039;ACC\u00c8S VERTICAL ALIMAK<\/h2>\n    \n          <div class=\"m05__benefits\">\n                  <article class=\"m05__benefit\" data-animate data-delay=\"0\">\n\n                          <p class=\"m05__text h4 uppercase\">Convient aux applications internes et externes<\/p>\n            \n                          <div class=\"m05__icon\" aria-hidden=\"true\">\n                <img src=https:\/\/alimak.com\/fr\/wp-content\/uploads\/sites\/14\/2020\/11\/icon_Benefits-1.png  class=\"\" alt=\"\" width=\"51\" height=\"61\">              <\/div>\n            \n          <\/article>\n                  <article class=\"m05__benefit\" data-animate data-delay=\"150\">\n\n                          <p class=\"m05__text h4 uppercase\">CONCEPTION ROBUSTE<\/p>\n            \n                          <div class=\"m05__icon\" aria-hidden=\"true\">\n                <img src=https:\/\/alimak.com\/fr\/wp-content\/uploads\/sites\/14\/2020\/11\/icon_Benefits-1.png  class=\"\" alt=\"\" width=\"51\" height=\"61\">              <\/div>\n            \n          <\/article>\n                  <article class=\"m05__benefit\" data-animate data-delay=\"300\">\n\n                          <p class=\"m05__text h4 uppercase\">ID\u00c9AL POUR LES ESPACES RESTREINTS<\/p>\n            \n                          <div class=\"m05__icon\" aria-hidden=\"true\">\n                <img src=https:\/\/alimak.com\/fr\/wp-content\/uploads\/sites\/14\/2020\/11\/icon_Benefits-1.png  class=\"\" alt=\"\" width=\"51\" height=\"61\">              <\/div>\n            \n          <\/article>\n                  <article class=\"m05__benefit\" data-animate data-delay=\"450\">\n\n                          <p class=\"m05__text h4 uppercase\">Aucune construction de cage d\u2019ascenseur n\u2019est n\u00e9cessaire<\/p>\n            \n                          <div class=\"m05__icon\" aria-hidden=\"true\">\n                <img src=https:\/\/alimak.com\/fr\/wp-content\/uploads\/sites\/14\/2020\/11\/icon_Benefits-1.png  class=\"\" alt=\"\" width=\"51\" height=\"61\">              <\/div>\n            \n          <\/article>\n              <\/div>\n      <\/div>\n<\/article>\n<\/div><\/div>\n\n\n\n<article class=\"m13 break-out\" id=\"block_6526b078ec423\" data-animate-container>\n  <div class=\"container m13__container\">\n\n          <h2 class=\"m13__heading uppercase h3\" data-animate>Assistance et entretien<\/h2>\n        \n          <div class=\"m13__services\">\n                  <article class=\"m13__service\" data-animate data-delay=\"0\">\n\n                          <h3 class=\"m13__title uppercase h4\">MAINTENANCE<\/h3>\n            \n            <p>Une gamme compl\u00e8te de services de maintenance est disponible. Ces services sont effectu\u00e9s par des techniciens Alimak Service form\u00e9s pour assurer la performance optimale continue des \u00e9quipements.<\/p>\n\n                          <a\n              href=\"https:\/\/alimak.com\/fr\/service-support-overview\/maintenance\/\"\n              class=\"m13__button read-more\"\n              target=\"_self\">\n                <span>En savoir plus<\/span>\n                <svg class=\"svg-icon svg-icon--icon-arrow-right\" aria-hidden=\"true\" role=\"img\"> <use href=\"#icon-arrow-right\" xlink:href=\"#icon-arrow-right\"><\/use> <\/svg>              <\/a>\n            \n                          <div class=\"m13__icon\" aria-hidden=\"true\">\n                <img src=https:\/\/alimak.com\/fr\/wp-content\/uploads\/sites\/14\/2020\/11\/icons_Service-Support-1.png  class=\"\" alt=\"\" width=\"61\" height=\"60\">              <\/div>\n            \n          <\/article>\n                  <article class=\"m13__service\" data-animate data-delay=\"150\">\n\n                          <h3 class=\"m13__title uppercase h4\">CONNECTIVIT\u00c9 ET GESTION D&#039;ACTIFS<\/h3>\n            \n            <p>Les solutions de connectivit\u00e9 et de gestion des actifs rendent compte de l&rsquo;efficacit\u00e9 des ascenseurs industriels et apportent un soutien n\u00e9cessaire pour prolonger le cycle de vie des produits.<\/p>\n\n                          <a\n              href=\"https:\/\/alimak.com\/fr\/service-support-overview\/connectivity-and-asset-management\/\"\n              class=\"m13__button read-more\"\n              target=\"_self\">\n                <span>En savoir plus<\/span>\n                <svg class=\"svg-icon svg-icon--icon-arrow-right\" aria-hidden=\"true\" role=\"img\"> <use href=\"#icon-arrow-right\" xlink:href=\"#icon-arrow-right\"><\/use> <\/svg>              <\/a>\n            \n                          <div class=\"m13__icon\" aria-hidden=\"true\">\n                <img src=https:\/\/alimak.com\/fr\/wp-content\/uploads\/sites\/14\/2020\/11\/icons_Service-Support-2.png  class=\"\" alt=\"\" width=\"37\" height=\"60\">              <\/div>\n            \n          <\/article>\n                  <article class=\"m13__service\" data-animate data-delay=\"300\">\n\n                          <h3 class=\"m13__title uppercase h4\">ING\u00c9NIERIE D&#039;APPLICATION<\/h3>\n            \n            <p><span class=\"TextRun Highlight SCXW22701161 BCX0\" lang=\"EN-AU\" xml:lang=\"EN-AU\" data-contrast=\"none\"><span class=\"NormalTextRun SCXW22701161 BCX0\">Les ing\u00e9nieurs d&rsquo;Alimak d\u00e9veloppent des solutions ax\u00e9es sur les besoins des clients pour r\u00e9aliser des installations exigeantes. Ces solutions sur mesure comprennent les plans de configuration ainsi que les calculs de r\u00e9sistance, de charge au sol et de force aux ancrages.<\/span><\/span><\/p>\n\n                          <a\n              href=\"https:\/\/alimak.com\/fr\/service-support-overview\/application-engineering\/\"\n              class=\"m13__button read-more\"\n              target=\"_self\">\n                <span>En savoir plus<\/span>\n                <svg class=\"svg-icon svg-icon--icon-arrow-right\" aria-hidden=\"true\" role=\"img\"> <use href=\"#icon-arrow-right\" xlink:href=\"#icon-arrow-right\"><\/use> <\/svg>              <\/a>\n            \n                          <div class=\"m13__icon\" aria-hidden=\"true\">\n                <img src=https:\/\/alimak.com\/fr\/wp-content\/uploads\/sites\/14\/2020\/11\/icons_Service-Support-3.png  class=\"\" alt=\"\" width=\"60\" height=\"60\">              <\/div>\n            \n          <\/article>\n                  <article class=\"m13__service\" data-animate data-delay=\"450\">\n\n                          <h3 class=\"m13__title uppercase h4\">FORMATION<\/h3>\n            \n            <p>De nombreux cours de formation \u00e0 la s\u00e9curit\u00e9, \u00e0 l&rsquo;installation et \u00e0 l&rsquo;utilisation des machines sont disponibles pour la gamme de produits Alimak.<\/p>\n\n                          <a\n              href=\"https:\/\/training.alimakgroup.com\/?reset-filter-FilterAccreditation=&#038;FilterBrand=Alimak&#038;reset-filter-FilterDelivery=&#038;reset-filter-FilterCountry=&#038;reset-filter-FilterCalendar=\"\n              class=\"m13__button read-more\"\n              target=\"_blank\">\n                <span>En savoir plus<\/span>\n                <svg class=\"svg-icon svg-icon--icon-arrow-right\" aria-hidden=\"true\" role=\"img\"> <use href=\"#icon-arrow-right\" xlink:href=\"#icon-arrow-right\"><\/use> <\/svg>              <\/a>\n            \n                          <div class=\"m13__icon\" aria-hidden=\"true\">\n                <img src=https:\/\/alimak.com\/fr\/wp-content\/uploads\/sites\/14\/2020\/11\/icons_Service-Support-4.png  class=\"\" alt=\"\" width=\"56\" height=\"60\">              <\/div>\n            \n          <\/article>\n                  <article class=\"m13__service\" data-animate data-delay=\"600\">\n\n                          <h3 class=\"m13__title uppercase h4\">SOLUTIONS DE FINANCEMENT<\/h3>\n            \n            <p>Alimak propose des solutions de financement flexibles comprenant le paiement diff\u00e9r\u00e9, le cr\u00e9dit-export et le cr\u00e9dit-bail.<\/p>\n\n                          <a\n              href=\"https:\/\/alimak.com\/fr\/service-support-overview\/financing-solutions\/\"\n              class=\"m13__button read-more\"\n              target=\"_self\">\n                <span>En savoir plus<\/span>\n                <svg class=\"svg-icon svg-icon--icon-arrow-right\" aria-hidden=\"true\" role=\"img\"> <use href=\"#icon-arrow-right\" xlink:href=\"#icon-arrow-right\"><\/use> <\/svg>              <\/a>\n            \n                          <div class=\"m13__icon\" aria-hidden=\"true\">\n                <img src=https:\/\/alimak.com\/fr\/wp-content\/uploads\/sites\/14\/2020\/11\/icons_Service-Support-5.png  class=\"\" alt=\"\" width=\"67\" height=\"60\">              <\/div>\n            \n          <\/article>\n                  <article class=\"m13__service\" data-animate data-delay=\"750\">\n\n                          <h3 class=\"m13__title uppercase h4\">MOD\u00c9LISATION BIM<\/h3>\n            \n            <p>La mod\u00e9lisation BIM (Building Information Modeling ou b\u00e2ti immobilier mod\u00e9lis\u00e9) est disponible pour la simulations, l&rsquo;installation et l&rsquo;int\u00e9gration d&rsquo;ascenseurs industriels en tout point du projet.<\/p>\n\n                          <a\n              href=\"https:\/\/bimgallery.alimak.com\/bim\/\"\n              class=\"m13__button read-more\"\n              target=\"_blank\">\n                <span>En savoir plus<\/span>\n                <svg class=\"svg-icon svg-icon--icon-arrow-right\" aria-hidden=\"true\" role=\"img\"> <use href=\"#icon-arrow-right\" xlink:href=\"#icon-arrow-right\"><\/use> <\/svg>              <\/a>\n            \n                          <div class=\"m13__icon\" aria-hidden=\"true\">\n                <img src=https:\/\/alimak.com\/fr\/wp-content\/uploads\/sites\/14\/2020\/11\/icons_Service-Support-6.png  class=\"\" alt=\"\" width=\"66\" height=\"60\">              <\/div>\n            \n          <\/article>\n              <\/div>\n    \n  <\/div>\n<\/article>\n\n\n\n<article class=\"m14 break-out\" id=\"block_6526b08cec424\" data-animate-container>\n\t<div class=\"container\">\n\n\t<div class=\"m14__introduction large\">  \n\t\t\t\t<h2 class=\"m14__heading uppercase h3\" data-animate>OBTENIR PLUS D&#039;INFORMATIONS OU UN DEVIS<\/h2>\n\t  \t  \t\t<div class=\"m14__content\" data-animate>\n\t\t\t<p>Besoin d\u2019aide pour la s\u00e9lection de produits pour un projet \u00e0 venir ? Contactez nos experts pour obtenir des informations sur la gamme de solutions d\u2019acc\u00e8s vertical disponibles et un devis pour r\u00e9pondre aux besoins de votre projet.<\/p>\n\t\t<\/div>\n\t  \t<\/div>\n\n\t\t\t<div class=\"m14__form\" data-animate>\n\t\t\t<div class=\"gform_wrapper\">\n\t\t\t\t<div\n\t\t\t\tclass=\"m14__hubspot\"\n\t\t\t\tdata-form-id=\"632ad0c0-bce0-4771-bd17-ec4816b76d10\"\n\t\t\t\tdata-portal-id=\"8464480\"><\/div>\n\t\t\t<\/div>\n\t\t<\/div>\n\t\n  <\/div>\n<\/article>\n","protected":false},"excerpt":{"rendered":"<p>Les ascenseurs industriels Alimak sont sp\u00e9cialement con\u00e7us pour le transport efficace de marchandises telles que des colis, palettes, chariots, etc., en plus du personnel du centre de donn\u00e9es.<\/p>\n","protected":false},"author":12,"featured_media":0,"parent":0,"menu_order":0,"comment_status":"closed","ping_status":"closed","template":"","meta":{"_trash_the_other_posts":false,"editor_notices":[],"footnotes":""},"class_list":["post-4619","page","type-page","status-publish","hentry"],"yoast_head":"<!-- This site is optimized with the Yoast SEO plugin v27.3 - https:\/\/yoast.com\/product\/yoast-seo-wordpress\/ -->\n<title>Centre de donn\u00e9es - Alimak France<\/title>\n<meta name=\"robots\" content=\"index, follow, max-snippet:-1, max-image-preview:large, max-video-preview:-1\" \/>\n<link rel=\"canonical\" href=\"https:\/\/alimak.com\/fr\/data-centers\/\" \/>\n<meta property=\"og:locale\" content=\"fr_FR\" \/>\n<meta property=\"og:type\" content=\"article\" \/>\n<meta property=\"og:title\" content=\"Centre de donn\u00e9es - Alimak France\" \/>\n<meta property=\"og:description\" content=\"Les ascenseurs industriels Alimak sont sp\u00e9cialement con\u00e7us pour le transport efficace de marchandises telles que des colis, palettes, chariots, etc., en plus du personnel du centre de donn\u00e9es.\" \/>\n<meta property=\"og:url\" content=\"https:\/\/alimak.com\/fr\/data-centers\/\" \/>\n<meta property=\"og:site_name\" content=\"Alimak France\" \/>\n<meta property=\"article:modified_time\" content=\"2024-09-10T12:04:32+00:00\" \/>\n<meta name=\"twitter:card\" content=\"summary_large_image\" \/>\n<script type=\"application\/ld+json\" class=\"yoast-schema-graph\">{\"@context\":\"https:\\\/\\\/schema.org\",\"@graph\":[{\"@type\":\"WebPage\",\"@id\":\"https:\\\/\\\/alimak.com\\\/fr\\\/data-centers\\\/\",\"url\":\"https:\\\/\\\/alimak.com\\\/fr\\\/data-centers\\\/\",\"name\":\"Centre de donn\u00e9es - Alimak France\",\"isPartOf\":{\"@id\":\"https:\\\/\\\/alimak.com\\\/fr\\\/#website\"},\"datePublished\":\"2023-11-06T15:18:54+00:00\",\"dateModified\":\"2024-09-10T12:04:32+00:00\",\"inLanguage\":\"fr-FR\",\"potentialAction\":[{\"@type\":\"ReadAction\",\"target\":[\"https:\\\/\\\/alimak.com\\\/fr\\\/data-centers\\\/\"]}]},{\"@type\":\"WebSite\",\"@id\":\"https:\\\/\\\/alimak.com\\\/fr\\\/#website\",\"url\":\"https:\\\/\\\/alimak.com\\\/fr\\\/\",\"name\":\"Alimak France\",\"description\":\"Les leaders mondiaux en mati\u00e8re de solutions d&#039;acc\u00e8s vertical\",\"potentialAction\":[{\"@type\":\"SearchAction\",\"target\":{\"@type\":\"EntryPoint\",\"urlTemplate\":\"https:\\\/\\\/alimak.com\\\/fr\\\/?s={search_term_string}\"},\"query-input\":{\"@type\":\"PropertyValueSpecification\",\"valueRequired\":true,\"valueName\":\"search_term_string\"}}],\"inLanguage\":\"fr-FR\"}]}<\/script>\n<!-- \/ Yoast SEO plugin. -->","yoast_head_json":{"title":"Centre de donn\u00e9es - Alimak France","robots":{"index":"index","follow":"follow","max-snippet":"max-snippet:-1","max-image-preview":"max-image-preview:large","max-video-preview":"max-video-preview:-1"},"canonical":"https:\/\/alimak.com\/fr\/data-centers\/","og_locale":"fr_FR","og_type":"article","og_title":"Centre de donn\u00e9es - Alimak France","og_description":"Les ascenseurs industriels Alimak sont sp\u00e9cialement con\u00e7us pour le transport efficace de marchandises telles que des colis, palettes, chariots, etc., en plus du personnel du centre de donn\u00e9es.","og_url":"https:\/\/alimak.com\/fr\/data-centers\/","og_site_name":"Alimak France","article_modified_time":"2024-09-10T12:04:32+00:00","twitter_card":"summary_large_image","schema":{"@context":"https:\/\/schema.org","@graph":[{"@type":"WebPage","@id":"https:\/\/alimak.com\/fr\/data-centers\/","url":"https:\/\/alimak.com\/fr\/data-centers\/","name":"Centre de donn\u00e9es - Alimak France","isPartOf":{"@id":"https:\/\/alimak.com\/fr\/#website"},"datePublished":"2023-11-06T15:18:54+00:00","dateModified":"2024-09-10T12:04:32+00:00","inLanguage":"fr-FR","potentialAction":[{"@type":"ReadAction","target":["https:\/\/alimak.com\/fr\/data-centers\/"]}]},{"@type":"WebSite","@id":"https:\/\/alimak.com\/fr\/#website","url":"https:\/\/alimak.com\/fr\/","name":"Alimak France","description":"Les leaders mondiaux en mati\u00e8re de solutions d&#039;acc\u00e8s vertical","potentialAction":[{"@type":"SearchAction","target":{"@type":"EntryPoint","urlTemplate":"https:\/\/alimak.com\/fr\/?s={search_term_string}"},"query-input":{"@type":"PropertyValueSpecification","valueRequired":true,"valueName":"search_term_string"}}],"inLanguage":"fr-FR"}]}},"_links":{"self":[{"href":"https:\/\/alimak.com\/fr\/wp-json\/wp\/v2\/pages\/4619","targetHints":{"allow":["GET"]}}],"collection":[{"href":"https:\/\/alimak.com\/fr\/wp-json\/wp\/v2\/pages"}],"about":[{"href":"https:\/\/alimak.com\/fr\/wp-json\/wp\/v2\/types\/page"}],"author":[{"embeddable":true,"href":"https:\/\/alimak.com\/fr\/wp-json\/wp\/v2\/users\/12"}],"replies":[{"embeddable":true,"href":"https:\/\/alimak.com\/fr\/wp-json\/wp\/v2\/comments?post=4619"}],"version-history":[{"count":11,"href":"https:\/\/alimak.com\/fr\/wp-json\/wp\/v2\/pages\/4619\/revisions"}],"predecessor-version":[{"id":4973,"href":"https:\/\/alimak.com\/fr\/wp-json\/wp\/v2\/pages\/4619\/revisions\/4973"}],"wp:attachment":[{"href":"https:\/\/alimak.com\/fr\/wp-json\/wp\/v2\/media?parent=4619"}],"curies":[{"name":"wp","href":"https:\/\/api.w.org\/{rel}","templated":true}]}}