{"id":4677,"date":"2023-11-21T02:07:09","date_gmt":"2023-11-21T02:07:09","guid":{"rendered":"https:\/\/alimak.com\/fr\/?page_id=4677"},"modified":"2023-11-22T04:05:09","modified_gmt":"2023-11-22T04:05:09","slug":"whistleblower-francais","status":"publish","type":"page","link":"https:\/\/alimak.com\/fr\/whistleblower-francais\/","title":{"rendered":"Lanceur d&#39;alerte"},"content":{"rendered":"\n<article class=\"m33 break-out\" id=\"block_5fad342359fb2\" data-animate-container>\n\n  <nav id=\"breadcrumbs\"><div class=\"container\"><\/div><\/nav>\n  <div class=\"container m33__container\">\n\t\t\n\t\t\t\t\t<h1 class=\"m33__heading uppercase  \" data-animate>Lanceur d&#039;alerte<\/h1>\n\t\t\t\t\n\t\t  <\/div>\n\n<\/article>\n\n<div style=\"height:100px\" aria-hidden=\"true\" class=\"wp-block-spacer\"><\/div><h2 class=\"wp-block-heading\"> Code de conduite<\/h2><p> <strong>Alimak fait partie du groupe Alimak. Le code de conduite du groupe Alimak d\u00e9crit la mani\u00e8re dont nous menons nos activit\u00e9s de mani\u00e8re \u00e9thique et responsable. Il \u00e9nonce les principes de comportement que nous suivons et nous fournit des conseils pratiques dans nos actions et nos d\u00e9cisions commerciales quotidiennes.<\/strong><\/p><p> Tous les employ\u00e9s du groupe Alimak sont form\u00e9s au code de conduite. La formation est incluse dans nos programmes d&#39;introduction pour les nouveaux employ\u00e9s et est r\u00e9p\u00e9t\u00e9e r\u00e9guli\u00e8rement.<\/p><p> Le groupe Alimak adh\u00e8re au Pacte mondial des Nations Unies, une initiative visant \u00e0 placer les droits de l&#39;homme, les normes de travail \u00e9quitables, la responsabilit\u00e9 environnementale et la lutte contre la corruption au c\u0153ur des op\u00e9rations des entreprises participantes.<\/p><p> Veuillez visiter notre site Web d&#39;entreprise pour en savoir plus sur notre code de conduite et signaler les violations ou les divergences.<\/p><p> <strong><a href=\"https:\/\/corporate.alimakgroup.com\/en\/sustainability\/code-of-conduct\/\">Site Web d&#39;entreprise du groupe Alimak<\/a><\/strong> <\/p><div style=\"height:100px\" aria-hidden=\"true\" class=\"wp-block-spacer\"><\/div>\n<article class=\"m08 break-out\" id=\"block_5fad353a59fb9\" data-animate-container>\n  <div class=\"container m08__container\">\n\n          <div class=\"m08__block m08__block--one\">\n        <div class=\"m08__content\">\n\n                      <h2 class=\"m08__heading uppercase h3\" data-animate>Contactez-nous pour plus d&#039;informations ou un devis<\/h2>\n          \n                      <div class=\"m08__text\" data-animate>\n              <p>Besoin d&#039;aide pour s\u00e9lectionner le bon produit pour un projet \u00e0 venir\u00a0? Contactez nos experts produits pour obtenir des informations sur la gamme de solutions d\u2019acc\u00e8s vertical disponibles et un devis pour r\u00e9pondre aux besoins de votre projet.<\/p>\n            <\/div>\n          \n                      <a\n            data-animate\n            href=\"https:\/\/alimak.com\/fr\/request-a-quote\/\"\n            class=\"m08__button button button--outline button--white\"\n            target=\"_self\">\n              Demander un devis            <\/a>\n          \n        <\/div>\n      <\/div>\n    \n          <div class=\"m08__block m08__block--two\">\n        <div class=\"m08__content\">\n\n                      <h2 class=\"m08__heading uppercase h3\" data-animate>Trouver un repr\u00e9sentant local<\/h2>\n          \n                      <div class=\"m08__text\" data-animate>\n              <p>Pr\u00e9sent sur six continents, Alimak utilise un r\u00e9seau mondial pour fournir des solutions d&#039;acc\u00e8s vertical pour une large gamme d&#039;applications sur les sites de construction et industriels du monde entier. Contactez-nous pour trouver un repr\u00e9sentant local du r\u00e9seau mondial d&#039;Alimak.<\/p>\n            <\/div>\n          \n                      <a\n            data-animate\n            href=\"\/au\/locations\"\n            class=\"m08__button button\"\n            target=\"_self\">\n              Rechercher dans l&#039;annuaire            <\/a>\n          \n        <\/div>\n      <\/div>\n        \n  <\/div>\n<\/article>\n","protected":false},"excerpt":{"rendered":"<p>Code de conduite Alimak fait partie du groupe Alimak. Le code de conduite du groupe Alimak d\u00e9crit la mani\u00e8re dont nous menons nos activit\u00e9s de mani\u00e8re \u00e9thique et responsable. Il \u00e9nonce les principes de comportement que nous suivons et nous fournit des conseils pratiques dans nos actions et nos d\u00e9cisions commerciales quotidiennes. Tous les employ\u00e9s [&hellip;]<\/p>\n","protected":false},"author":5,"featured_media":0,"parent":0,"menu_order":0,"comment_status":"closed","ping_status":"closed","template":"","meta":{"_trash_the_other_posts":false,"editor_notices":[],"footnotes":""},"class_list":["post-4677","page","type-page","status-publish","hentry"],"yoast_head":"<!-- This site is optimized with the Yoast SEO plugin v27.3 - https:\/\/yoast.com\/product\/yoast-seo-wordpress\/ -->\n<title>Lanceur d&#039;alerte - Alimak France<\/title>\n<meta name=\"robots\" content=\"index, follow, max-snippet:-1, max-image-preview:large, max-video-preview:-1\" \/>\n<link rel=\"canonical\" href=\"https:\/\/alimak.com\/fr\/?page_id=4677\" \/>\n<meta property=\"og:locale\" content=\"fr_FR\" \/>\n<meta property=\"og:type\" content=\"article\" \/>\n<meta property=\"og:title\" content=\"Lanceur d&#039;alerte - Alimak France\" \/>\n<meta property=\"og:description\" content=\"Code de conduite Alimak fait partie du groupe Alimak. Le code de conduite du groupe Alimak d\u00e9crit la mani\u00e8re dont nous menons nos activit\u00e9s de mani\u00e8re \u00e9thique et responsable. Il \u00e9nonce les principes de comportement que nous suivons et nous fournit des conseils pratiques dans nos actions et nos d\u00e9cisions commerciales quotidiennes. Tous les employ\u00e9s [&hellip;]\" \/>\n<meta property=\"og:url\" content=\"https:\/\/alimak.com\/fr\/?page_id=4677\" \/>\n<meta property=\"og:site_name\" content=\"Alimak France\" \/>\n<meta property=\"article:modified_time\" content=\"2023-11-22T04:05:09+00:00\" \/>\n<meta name=\"twitter:card\" content=\"summary_large_image\" \/>\n<meta name=\"twitter:label1\" content=\"Dur\u00e9e de lecture estim\u00e9e\" \/>\n\t<meta name=\"twitter:data1\" content=\"1 minute\" \/>\n<script type=\"application\/ld+json\" class=\"yoast-schema-graph\">{\"@context\":\"https:\\\/\\\/schema.org\",\"@graph\":[{\"@type\":\"WebPage\",\"@id\":\"https:\\\/\\\/alimak.com\\\/fr\\\/?page_id=4677\",\"url\":\"https:\\\/\\\/alimak.com\\\/fr\\\/?page_id=4677\",\"name\":\"Lanceur d&#39;alerte - Alimak France\",\"isPartOf\":{\"@id\":\"https:\\\/\\\/alimak.com\\\/fr\\\/#website\"},\"datePublished\":\"2023-11-21T02:07:09+00:00\",\"dateModified\":\"2023-11-22T04:05:09+00:00\",\"inLanguage\":\"fr-FR\",\"potentialAction\":[{\"@type\":\"ReadAction\",\"target\":[\"https:\\\/\\\/alimak.com\\\/fr\\\/?page_id=4677\"]}]},{\"@type\":\"WebSite\",\"@id\":\"https:\\\/\\\/alimak.com\\\/fr\\\/#website\",\"url\":\"https:\\\/\\\/alimak.com\\\/fr\\\/\",\"name\":\"Alimak France\",\"description\":\"Les leaders mondiaux en mati\u00e8re de solutions d&#039;acc\u00e8s vertical\",\"potentialAction\":[{\"@type\":\"SearchAction\",\"target\":{\"@type\":\"EntryPoint\",\"urlTemplate\":\"https:\\\/\\\/alimak.com\\\/fr\\\/?s={search_term_string}\"},\"query-input\":{\"@type\":\"PropertyValueSpecification\",\"valueRequired\":true,\"valueName\":\"search_term_string\"}}],\"inLanguage\":\"fr-FR\"}]}<\/script>\n<!-- \/ Yoast SEO plugin. -->","yoast_head_json":{"title":"Lanceur d&#39;alerte - Alimak France","robots":{"index":"index","follow":"follow","max-snippet":"max-snippet:-1","max-image-preview":"max-image-preview:large","max-video-preview":"max-video-preview:-1"},"canonical":"https:\/\/alimak.com\/fr\/?page_id=4677","og_locale":"fr_FR","og_type":"article","og_title":"Lanceur d&#39;alerte - Alimak France","og_description":"Code de conduite Alimak fait partie du groupe Alimak. Le code de conduite du groupe Alimak d\u00e9crit la mani\u00e8re dont nous menons nos activit\u00e9s de mani\u00e8re \u00e9thique et responsable. Il \u00e9nonce les principes de comportement que nous suivons et nous fournit des conseils pratiques dans nos actions et nos d\u00e9cisions commerciales quotidiennes. Tous les employ\u00e9s [&hellip;]","og_url":"https:\/\/alimak.com\/fr\/?page_id=4677","og_site_name":"Alimak France","article_modified_time":"2023-11-22T04:05:09+00:00","twitter_card":"summary_large_image","twitter_misc":{"Dur\u00e9e de lecture estim\u00e9e":"1 minute"},"schema":{"@context":"https:\/\/schema.org","@graph":[{"@type":"WebPage","@id":"https:\/\/alimak.com\/fr\/?page_id=4677","url":"https:\/\/alimak.com\/fr\/?page_id=4677","name":"Lanceur d&#39;alerte - Alimak France","isPartOf":{"@id":"https:\/\/alimak.com\/fr\/#website"},"datePublished":"2023-11-21T02:07:09+00:00","dateModified":"2023-11-22T04:05:09+00:00","inLanguage":"fr-FR","potentialAction":[{"@type":"ReadAction","target":["https:\/\/alimak.com\/fr\/?page_id=4677"]}]},{"@type":"WebSite","@id":"https:\/\/alimak.com\/fr\/#website","url":"https:\/\/alimak.com\/fr\/","name":"Alimak France","description":"Les leaders mondiaux en mati\u00e8re de solutions d&#039;acc\u00e8s vertical","potentialAction":[{"@type":"SearchAction","target":{"@type":"EntryPoint","urlTemplate":"https:\/\/alimak.com\/fr\/?s={search_term_string}"},"query-input":{"@type":"PropertyValueSpecification","valueRequired":true,"valueName":"search_term_string"}}],"inLanguage":"fr-FR"}]}},"_links":{"self":[{"href":"https:\/\/alimak.com\/fr\/wp-json\/wp\/v2\/pages\/4677","targetHints":{"allow":["GET"]}}],"collection":[{"href":"https:\/\/alimak.com\/fr\/wp-json\/wp\/v2\/pages"}],"about":[{"href":"https:\/\/alimak.com\/fr\/wp-json\/wp\/v2\/types\/page"}],"author":[{"embeddable":true,"href":"https:\/\/alimak.com\/fr\/wp-json\/wp\/v2\/users\/5"}],"replies":[{"embeddable":true,"href":"https:\/\/alimak.com\/fr\/wp-json\/wp\/v2\/comments?post=4677"}],"version-history":[{"count":2,"href":"https:\/\/alimak.com\/fr\/wp-json\/wp\/v2\/pages\/4677\/revisions"}],"predecessor-version":[{"id":4696,"href":"https:\/\/alimak.com\/fr\/wp-json\/wp\/v2\/pages\/4677\/revisions\/4696"}],"wp:attachment":[{"href":"https:\/\/alimak.com\/fr\/wp-json\/wp\/v2\/media?parent=4677"}],"curies":[{"name":"wp","href":"https:\/\/api.w.org\/{rel}","templated":true}]}}