{"id":4922,"date":"2024-07-16T23:37:48","date_gmt":"2024-07-16T23:37:48","guid":{"rendered":"https:\/\/alimak.com\/fr\/legal-notice-francais\/"},"modified":"2024-10-01T12:16:02","modified_gmt":"2024-10-01T12:16:02","slug":"legal-notice-francais","status":"publish","type":"page","link":"https:\/\/alimak.com\/fr\/legal-notice-francais\/","title":{"rendered":"Mention l\u00e9gale"},"content":{"rendered":"\n<article class=\"m33 break-out\" id=\"block_5fad342359fb2\" data-animate-container>\n\n  <nav id=\"breadcrumbs\"><div class=\"container\"><\/div><\/nav>\n  <div class=\"container m33__container\">\n\t\t\n\t\t\t\t\t<h1 class=\"m33__heading uppercase  \" data-animate>Mention l\u00e9gale<\/h1>\n\t\t\t\t\n\t\t  <\/div>\n\n<\/article>\n\n\n\n\n<div style=\"height:100px\" aria-hidden=\"true\" class=\"wp-block-spacer\"><\/div>\n\n\n\n<h2 class=\"wp-block-heading\"> Alimak Group AB (\u00e9dition)<\/h2>\n\n\n\n<p> Alimak Group AB (publ) avec ses filiales (\u00ab Alimak Group \u00bb) est un fournisseur mondial de solutions durables d&rsquo;acc\u00e8s vertical et de travail en hauteur avec une pr\u00e9sence dans plus de 120 pays, le groupe Alimak d\u00e9veloppe, fabrique, vend et entretient des acc\u00e8s verticaux et des travaux en hauteur. des solutions en hauteur ax\u00e9es sur l&rsquo;ajout de valeur pour le client gr\u00e2ce \u00e0 une s\u00e9curit\u00e9 am\u00e9lior\u00e9e, une productivit\u00e9 plus \u00e9lev\u00e9e et une meilleure rentabilit\u00e9. <\/p>\n\n\n\n<p class=\"has-heading-4-font-size\"> <strong>PROPRI\u00c9T\u00c9 INTELLECTUELLE<\/strong> <\/p>\n\n\n\n<p class=\"has-heading-4-font-size\"> <strong>Avis de droit d\u2019auteur et de reproduction<\/strong> <\/p>\n\n\n\n<p class=\"has-heading-4-font-size\"> <strong>Copyright \u00a9 2024 Groupe Alimak. Tous droits r\u00e9serv\u00e9s.<\/strong><\/p>\n\n\n\n<p> Le contenu des sites Web du Groupe Alimak est prot\u00e9g\u00e9 par les conventions internationales sur le droit d&rsquo;auteur. Les en-t\u00eates de page, les graphiques personnalis\u00e9s, les ic\u00f4nes de boutons, les feuilles de style et les scripts qui contribuent \u00e0 \u00ab l&rsquo;apparence \u00bb du Site sont des marques de service, des marques d\u00e9pos\u00e9es et\/ou des habillages commerciaux du Groupe Alimak et ne peuvent pas \u00eatre copi\u00e9s, imit\u00e9s ou utilis\u00e9s, dans en totalit\u00e9 ou en partie, en relation avec tout produit ou service sans notre autorisation \u00e9crite pr\u00e9alable, de toute mani\u00e8re susceptible de semer la confusion parmi les clients, ou de toute mani\u00e8re qui d\u00e9nigre ou discr\u00e9dite le groupe Alimak. La reproduction de parties raisonnables du contenu des sites Web n&rsquo;est autoris\u00e9e qu&rsquo;\u00e0 condition que (i) ces reproductions soient mises \u00e0 disposition gratuitement et \u00e0 des fins non commerciales, (ii) ces reproductions soient correctement attribu\u00e9es au groupe Alimak, (iii) la partie du site Web reproduit n&rsquo;est pas modifi\u00e9 ou rendu disponible d&rsquo;une mani\u00e8re qui modifie le contenu du site Web ou pr\u00e9sente la partie du site Web reproduite sous un faux jour et (iv) une notification est faite aux avertissements inclus sur le site Web. L&rsquo;autorisation de recopie ne permet pas l&rsquo;incorporation d&rsquo;une partie substantielle des sites Web dans un travail ou une publication, que ce soit sous forme papier, \u00e9lectronique ou sous toute autre forme ou \u00e0 des fins commerciales. <\/p>\n\n\n\n<p class=\"has-heading-4-font-size\"> <strong>Marques d\u00e9pos\u00e9es<\/strong><\/p>\n\n\n\n<p><strong>ALIMAK, MAMMOTH, MEDIUS, SCANDO, VECTIO\u00a0<\/strong>et les logos associ\u00e9s sont des marques d\u00e9pos\u00e9es d&rsquo;Alimak Group AB et de ses filiales, dans plusieurs juridictions, y compris, mais sans s&rsquo;y limiter, l&rsquo;UE et les \u00c9tats-Unis. Alimak Group conserve tous les droits sur son nom et sur les marques mentionn\u00e9es ci-dessus ainsi que sur les autres marques et noms de produits mentionn\u00e9s sur le site Web, qu&rsquo;ils soient enregistr\u00e9s ou non (les \u00ab Marques d\u00e9pos\u00e9es \u00bb). Vous ne pouvez pas utiliser les marques d\u00e9pos\u00e9es sans notre autorisation \u00e9crite pr\u00e9alable\u00a0; vous ne pouvez pas utiliser les marques d\u00e9pos\u00e9es d&rsquo;une mani\u00e8re susceptible de cr\u00e9er une confusion quant \u00e0 savoir si nous sommes la source d&rsquo;un produit, d&rsquo;un service ou d&rsquo;une activit\u00e9.<\/p>\n\n\n\n<div style=\"height:100px\" aria-hidden=\"true\" class=\"wp-block-spacer\"><\/div>\n\n\n\n<article class=\"m08 break-out\" id=\"block_5fad353a59fb9\" data-animate-container>\n  <div class=\"container m08__container\">\n\n          <div class=\"m08__block m08__block--one\">\n        <div class=\"m08__content\">\n\n                      <h2 class=\"m08__heading uppercase h3\" data-animate>Contactez-nous pour plus d&#039;informations ou un devis<\/h2>\n          \n                      <div class=\"m08__text\" data-animate>\n              <p>Besoin d&#039;aide pour s\u00e9lectionner le bon produit pour un projet \u00e0 venir\u00a0? Contactez nos experts produits pour obtenir des informations sur la gamme de solutions d\u2019acc\u00e8s vertical disponibles et un devis pour r\u00e9pondre aux besoins de votre projet.<\/p>\n            <\/div>\n          \n                      <a\n            data-animate\n            href=\"https:\/\/alimak.com\/fr\/request-a-quote\/\"\n            class=\"m08__button button button--outline button--white\"\n            target=\"_self\">\n              Demander un devis            <\/a>\n          \n        <\/div>\n      <\/div>\n    \n          <div class=\"m08__block m08__block--two\">\n        <div class=\"m08__content\">\n\n                      <h2 class=\"m08__heading uppercase h3\" data-animate>Trouver un repr\u00e9sentant local<\/h2>\n          \n                      <div class=\"m08__text\" data-animate>\n              <p>Pr\u00e9sent sur six continents, Alimak utilise un r\u00e9seau mondial pour fournir des solutions d&#039;acc\u00e8s vertical pour une large gamme d&#039;applications sur les sites de construction et industriels du monde entier. Contactez-nous pour trouver un repr\u00e9sentant local du r\u00e9seau mondial d&#039;Alimak.<\/p>\n            <\/div>\n          \n                      <a\n            data-animate\n            href=\"\/au\/locations\"\n            class=\"m08__button button\"\n            target=\"_self\">\n              Rechercher dans l&#039;annuaire            <\/a>\n          \n        <\/div>\n      <\/div>\n        \n  <\/div>\n<\/article>\n","protected":false},"excerpt":{"rendered":"<p>Alimak Group AB (\u00e9dition) Alimak Group AB (publ) avec ses filiales (\u00ab Alimak Group \u00bb) est un fournisseur mondial de solutions durables d&rsquo;acc\u00e8s vertical et de travail en hauteur avec une pr\u00e9sence dans plus de 120 pays, le groupe Alimak d\u00e9veloppe, fabrique, vend et entretient des acc\u00e8s verticaux et des travaux en hauteur. des solutions [&hellip;]<\/p>\n","protected":false},"author":5,"featured_media":0,"parent":0,"menu_order":0,"comment_status":"closed","ping_status":"closed","template":"","meta":{"_trash_the_other_posts":false,"editor_notices":[],"footnotes":""},"class_list":["post-4922","page","type-page","status-publish","hentry"],"yoast_head":"<!-- This site is optimized with the Yoast SEO plugin v27.3 - https:\/\/yoast.com\/product\/yoast-seo-wordpress\/ -->\n<title>Mention l\u00e9gale - Alimak France<\/title>\n<meta name=\"robots\" content=\"index, follow, max-snippet:-1, max-image-preview:large, max-video-preview:-1\" \/>\n<link rel=\"canonical\" href=\"https:\/\/alimak.com\/fr\/legal-notice-francais\/\" \/>\n<meta property=\"og:locale\" content=\"fr_FR\" \/>\n<meta property=\"og:type\" content=\"article\" \/>\n<meta property=\"og:title\" content=\"Mention l\u00e9gale - Alimak France\" \/>\n<meta property=\"og:description\" content=\"Alimak Group AB (\u00e9dition) Alimak Group AB (publ) avec ses filiales (\u00ab Alimak Group \u00bb) est un fournisseur mondial de solutions durables d&rsquo;acc\u00e8s vertical et de travail en hauteur avec une pr\u00e9sence dans plus de 120 pays, le groupe Alimak d\u00e9veloppe, fabrique, vend et entretient des acc\u00e8s verticaux et des travaux en hauteur. des solutions [&hellip;]\" \/>\n<meta property=\"og:url\" content=\"https:\/\/alimak.com\/fr\/legal-notice-francais\/\" \/>\n<meta property=\"og:site_name\" content=\"Alimak France\" \/>\n<meta property=\"article:modified_time\" content=\"2024-10-01T12:16:02+00:00\" \/>\n<meta name=\"twitter:card\" content=\"summary_large_image\" \/>\n<meta name=\"twitter:label1\" content=\"Dur\u00e9e de lecture estim\u00e9e\" \/>\n\t<meta name=\"twitter:data1\" content=\"2 minutes\" \/>\n<script type=\"application\/ld+json\" class=\"yoast-schema-graph\">{\"@context\":\"https:\\\/\\\/schema.org\",\"@graph\":[{\"@type\":\"WebPage\",\"@id\":\"https:\\\/\\\/alimak.com\\\/fr\\\/legal-notice-francais\\\/\",\"url\":\"https:\\\/\\\/alimak.com\\\/fr\\\/legal-notice-francais\\\/\",\"name\":\"Mention l\u00e9gale - Alimak France\",\"isPartOf\":{\"@id\":\"https:\\\/\\\/alimak.com\\\/fr\\\/#website\"},\"datePublished\":\"2024-07-16T23:37:48+00:00\",\"dateModified\":\"2024-10-01T12:16:02+00:00\",\"inLanguage\":\"fr-FR\",\"potentialAction\":[{\"@type\":\"ReadAction\",\"target\":[\"https:\\\/\\\/alimak.com\\\/fr\\\/legal-notice-francais\\\/\"]}]},{\"@type\":\"WebSite\",\"@id\":\"https:\\\/\\\/alimak.com\\\/fr\\\/#website\",\"url\":\"https:\\\/\\\/alimak.com\\\/fr\\\/\",\"name\":\"Alimak France\",\"description\":\"Les leaders mondiaux en mati\u00e8re de solutions d&#039;acc\u00e8s vertical\",\"potentialAction\":[{\"@type\":\"SearchAction\",\"target\":{\"@type\":\"EntryPoint\",\"urlTemplate\":\"https:\\\/\\\/alimak.com\\\/fr\\\/?s={search_term_string}\"},\"query-input\":{\"@type\":\"PropertyValueSpecification\",\"valueRequired\":true,\"valueName\":\"search_term_string\"}}],\"inLanguage\":\"fr-FR\"}]}<\/script>\n<!-- \/ Yoast SEO plugin. -->","yoast_head_json":{"title":"Mention l\u00e9gale - Alimak France","robots":{"index":"index","follow":"follow","max-snippet":"max-snippet:-1","max-image-preview":"max-image-preview:large","max-video-preview":"max-video-preview:-1"},"canonical":"https:\/\/alimak.com\/fr\/legal-notice-francais\/","og_locale":"fr_FR","og_type":"article","og_title":"Mention l\u00e9gale - Alimak France","og_description":"Alimak Group AB (\u00e9dition) Alimak Group AB (publ) avec ses filiales (\u00ab Alimak Group \u00bb) est un fournisseur mondial de solutions durables d&rsquo;acc\u00e8s vertical et de travail en hauteur avec une pr\u00e9sence dans plus de 120 pays, le groupe Alimak d\u00e9veloppe, fabrique, vend et entretient des acc\u00e8s verticaux et des travaux en hauteur. des solutions [&hellip;]","og_url":"https:\/\/alimak.com\/fr\/legal-notice-francais\/","og_site_name":"Alimak France","article_modified_time":"2024-10-01T12:16:02+00:00","twitter_card":"summary_large_image","twitter_misc":{"Dur\u00e9e de lecture estim\u00e9e":"2 minutes"},"schema":{"@context":"https:\/\/schema.org","@graph":[{"@type":"WebPage","@id":"https:\/\/alimak.com\/fr\/legal-notice-francais\/","url":"https:\/\/alimak.com\/fr\/legal-notice-francais\/","name":"Mention l\u00e9gale - Alimak France","isPartOf":{"@id":"https:\/\/alimak.com\/fr\/#website"},"datePublished":"2024-07-16T23:37:48+00:00","dateModified":"2024-10-01T12:16:02+00:00","inLanguage":"fr-FR","potentialAction":[{"@type":"ReadAction","target":["https:\/\/alimak.com\/fr\/legal-notice-francais\/"]}]},{"@type":"WebSite","@id":"https:\/\/alimak.com\/fr\/#website","url":"https:\/\/alimak.com\/fr\/","name":"Alimak France","description":"Les leaders mondiaux en mati\u00e8re de solutions d&#039;acc\u00e8s vertical","potentialAction":[{"@type":"SearchAction","target":{"@type":"EntryPoint","urlTemplate":"https:\/\/alimak.com\/fr\/?s={search_term_string}"},"query-input":{"@type":"PropertyValueSpecification","valueRequired":true,"valueName":"search_term_string"}}],"inLanguage":"fr-FR"}]}},"_links":{"self":[{"href":"https:\/\/alimak.com\/fr\/wp-json\/wp\/v2\/pages\/4922","targetHints":{"allow":["GET"]}}],"collection":[{"href":"https:\/\/alimak.com\/fr\/wp-json\/wp\/v2\/pages"}],"about":[{"href":"https:\/\/alimak.com\/fr\/wp-json\/wp\/v2\/types\/page"}],"author":[{"embeddable":true,"href":"https:\/\/alimak.com\/fr\/wp-json\/wp\/v2\/users\/5"}],"replies":[{"embeddable":true,"href":"https:\/\/alimak.com\/fr\/wp-json\/wp\/v2\/comments?post=4922"}],"version-history":[{"count":3,"href":"https:\/\/alimak.com\/fr\/wp-json\/wp\/v2\/pages\/4922\/revisions"}],"predecessor-version":[{"id":5026,"href":"https:\/\/alimak.com\/fr\/wp-json\/wp\/v2\/pages\/4922\/revisions\/5026"}],"wp:attachment":[{"href":"https:\/\/alimak.com\/fr\/wp-json\/wp\/v2\/media?parent=4922"}],"curies":[{"name":"wp","href":"https:\/\/api.w.org\/{rel}","templated":true}]}}