{"id":4192,"date":"2022-12-13T08:53:01","date_gmt":"2022-12-13T08:53:01","guid":{"rendered":"https:\/\/alimak.com\/fr\/product\/alimak-sts-300-francais\/"},"modified":"2025-01-20T16:32:52","modified_gmt":"2025-01-20T16:32:52","slug":"alimak-sts-300","status":"publish","type":"product","link":"https:\/\/alimak.com\/fr\/product\/alimak-sts-300\/","title":{"rendered":"Alimak STS 300"},"content":{"rendered":"\n<article class=\"m11 break-out\" id=\"block_5fb3bb2be8ba0\" data-animate-container>\n\n  <nav id=\"breadcrumbs\"><div class=\"container\" data-animate><\/div><\/nav>\n  <div class=\"m11__wrapper\">\n    <div class=\"container m11__container\">\n\n      <div class=\"m11__content\">\n\n                  <h1 class=\"m11__heading uppercase\" data-animate>Alimak STS 300<\/h1>\n        \n                  <div class=\"m11__text\" data-animate>\n            <p>Alimak est fier de pr\u00e9senter le nouveau syst\u00e8me de transport d\u2019\u00e9chafaudage Alimak STS 300, qui s&rsquo;adapte d\u00e9sormais \u00e0 la plupart des \u00e9chafaudages \u00e0 syst\u00e8me de verrouillage, sur le march\u00e9 actuel.<\/p>\n<p>Il pr\u00e9sente une gamme de caract\u00e9ristiques et d&rsquo;avantages uniques, ainsi qu&rsquo;une approche diff\u00e9rente des autres solutions. Le STS 300 d&rsquo;Alimak am\u00e9liore la productivit\u00e9, permet une installation rapide et simple, r\u00e9duit le temps d&rsquo;attente, est facile \u00e0 transporter et \u00e0 manipuler et int\u00e8gre des caract\u00e9ristiques de s\u00e9curit\u00e9 et d&rsquo;ergonomie optimin\u00e9es. Le STS 300 est le nouvel alli\u00e9 de votre \u00e9quipe d\u2019\u00e9chafaudage.<\/p>\n          <\/div>\n        \n                  <a\n          href=\"https:\/\/alimak.com\/fr\/product\/sts-300-product-configurator\/\"\n          class=\"m11__button button\"\n          data-animate\n          target=\"_self\">\n            CONSTRUISEZ VOTRE STS 300          <\/a>\n        \n      <\/div>\n\n              <div class=\"m11__media\">\n          <img src=https:\/\/alimak.com\/fr\/wp-content\/uploads\/sites\/14\/2022\/12\/STS-hero-1-800x508.jpg srcset=\"https:\/\/alimak.com\/fr\/wp-content\/uploads\/sites\/14\/2022\/12\/STS-hero-1-800x508.jpg 1x, https:\/\/alimak.com\/fr\/wp-content\/uploads\/sites\/14\/2022\/12\/STS-hero-1-1600x1015.jpg 2x\" class=\"m11__image initial\" alt=\"\" width=\"800\" height=\"508\">        <\/div>\n      \n    <\/div>\n  <\/div>\n<\/article>\n\n\n\n\n<article class=\"m12 desktop-only\" id=\"block_5fb3bb59e8ba1\" data-animate-container>\n  <div class=\"m12__wrapper break-out\">\n    <div class=\"container m12__container\">\n\n      <h2 class=\"m12__heading h4 uppercase\" data-animate>Sur cette page<\/h2>\n\n              <nav class=\"m12__links\">\n          <ul class=\"m12__list\">\n            \n                <li class=\"m12__item\" data-animate data-delay=\"0\">\n                  <a href=\"#block_5fb6ac75fed9f\" class=\"m12__link uppercase\">\n                    CATALOGUE DE LA GAMME DE PRODUITS                    <svg class=\"svg-icon svg-icon--icon-arrow-down\" aria-hidden=\"true\" role=\"img\"> <use href=\"#icon-arrow-down\" xlink:href=\"#icon-arrow-down\"><\/use> <\/svg>                  <\/a>\n                <\/li>\n\n                \n                <li class=\"m12__item\" data-animate data-delay=\"150\">\n                  <a href=\"#block_5fb6ac75fed9f\" class=\"m12__link uppercase\">\n                    SERVICE ET ASSISTANCE                    <svg class=\"svg-icon svg-icon--icon-arrow-down\" aria-hidden=\"true\" role=\"img\"> <use href=\"#icon-arrow-down\" xlink:href=\"#icon-arrow-down\"><\/use> <\/svg>                  <\/a>\n                <\/li>\n\n                \n                <li class=\"m12__item\" data-animate data-delay=\"300\">\n                  <a href=\"#block_5fb6ac75fed9f\" class=\"m12__link uppercase\">\n                    CONSTRUISEZ VOTRE STS 300                    <svg class=\"svg-icon svg-icon--icon-arrow-down\" aria-hidden=\"true\" role=\"img\"> <use href=\"#icon-arrow-down\" xlink:href=\"#icon-arrow-down\"><\/use> <\/svg>                  <\/a>\n                <\/li>\n\n                          <\/ul>\n        <\/nav>\n      \n    <\/div>\n  <\/div>\n<\/article>\n\n\n<article class=\"m41 break-out\" id=\"block_5fb3bb61e8ba2\" data-animate-container>\n\t<div class=\"container m41__container\">\n\n\t\t<h2 class=\"m41__heading uppercase\">APER\u00c7U DES PRODUITS<\/h2>\n\n\t\t<div class=\"m41__content\">\n\t\t\t<div class=\"m41__intro\">\n\t\t\t\t<h3 class=\"m41__title uppercase\" data-animate>Alimak STS 300<\/h3>\n\t\t\t\t\t\t\t\t\t<p class=\"m41__excerpt\" data-animate>L\u2019Alimak STS 300 est un tout nouveau concept de syst\u00e8me de transport d&rsquo;\u00e9chafaudage supportant les monteurs d\u2019 \u00e9chafaudages d&rsquo;installer et de d\u00e9monter les \u00e9chafaudages de mani\u00e8re plus efficace et plus s\u00fbre.<\/p>\n\t\t\t\t\t\t\t<\/div>\n\n\t\t\t<ul class=\"m41__meta\" data-animate>\n\t\t\t\t\t\t\t\t\t<li class=\"m41__meta-item\">\n\t\t\t\t\t\t<strong>Cat\u00e9gorie de produit : <\/strong>\n\t\t\t\t\t\tPlates-formes de transport et monte-mat\u00e9riaux\t\t\t\t\t<\/li>\n\t\t\t\t\n\t\t\t\t\n\t\t\t\t\t\t\t\t\t<li class=\"m41__meta-item\">\n\t\t\t\t\t\t<strong>Applications : <\/strong>\n\t\t\t\t\t\tPour utilisation avec les \u00e9chafaudages du syst\u00e8me ringlock\t\t\t\t\t<\/li>\n\t\t\t\t\n\t\t\t\t\t\t\t\t\t<li class=\"m41__meta-item\">\n\t\t\t\t\t\t<strong>Certifications : <\/strong>\n\t\t\t\t\t\tMarquage CE\t\t\t\t\t<\/li>\n\t\t\t\t\n\t\t\t\t\t\t\t\t\t<li class=\"m41__meta-item\">\n\t\t\t\t\t\t<strong>Dimension : <\/strong>\n\t\t\t\t\t\t0.82 m x 1.26 m x 1.86 m (W x L x H)\t\t\t\t\t<\/li>\n\t\t\t\t\n\t\t\t\t\t\t\t\t\t<li class=\"m41__meta-item\">\n\t\t\t\t\t\t<strong>Capacit\u00e9 : <\/strong>\n\t\t\t\t\t\t300 kg\t\t\t\t\t<\/li>\n\t\t\t\t\n\t\t\t\t\t\t\t\t\t<li class=\"m41__meta-item\">\n\t\t\t\t\t\t<strong>Vitesse : <\/strong>\n\t\t\t\t\t\t17 m\/min.\t\t\t\t\t<\/li>\n\t\t\t\t\n\t\t\t\t\t\t\t\t\t<li class=\"m41__meta-item\">\n\t\t\t\t\t\t<strong>Tension : <\/strong>\n\t\t\t\t\t\t230 V, 50 Hz, 1 phase + N + PE\t\t\t\t\t<\/li>\n\t\t\t\t\n\t\t\t\t\t\t\t<\/ul>\n\n\t\t<\/div>\n\t<\/div>\n<\/article>\n\n\n\n<div class=\"wp-block-group has-white-color has-dark-grey-background-color has-text-color has-background\"><div class=\"wp-block-group__inner-container is-layout-flow wp-block-group-is-layout-flow\">\n<article class=\"m05 break-out desktop-only\" id=\"block_5fb3bbf6e8ba4\" data-animate-container>\n  <div class=\"container m05__container\">\n          <h2 class=\"m05__heading h3 uppercase\" data-animate>Avantages du Alimak STS 300<\/h2>\n    \n          <div class=\"m05__benefits\">\n                  <article class=\"m05__benefit\" data-animate data-delay=\"0\">\n\n                          <p class=\"m05__text h4 uppercase\">PRODUCTIVIT\u00c9 AM\u00c9LIOR\u00c9E<\/p>\n            \n                          <div class=\"m05__icon\" aria-hidden=\"true\">\n                <img src=https:\/\/alimak.com\/fr\/wp-content\/uploads\/sites\/14\/2020\/11\/icon_Benefits-1.png  class=\"\" alt=\"\" width=\"51\" height=\"61\">              <\/div>\n            \n          <\/article>\n                  <article class=\"m05__benefit\" data-animate data-delay=\"150\">\n\n                          <p class=\"m05__text h4 uppercase\">RAPIDE \u00c0 INSTALLER<\/p>\n            \n                          <div class=\"m05__icon\" aria-hidden=\"true\">\n                <img src=https:\/\/alimak.com\/fr\/wp-content\/uploads\/sites\/14\/2020\/11\/icon_Benefits-1.png  class=\"\" alt=\"\" width=\"51\" height=\"61\">              <\/div>\n            \n          <\/article>\n                  <article class=\"m05__benefit\" data-animate data-delay=\"300\">\n\n                          <p class=\"m05__text h4 uppercase\">MOINS DE TEMPS D&#039;ATTENTE<\/p>\n            \n                          <div class=\"m05__icon\" aria-hidden=\"true\">\n                <img src=https:\/\/alimak.com\/fr\/wp-content\/uploads\/sites\/14\/2020\/11\/icon_Benefits-1.png  class=\"\" alt=\"\" width=\"51\" height=\"61\">              <\/div>\n            \n          <\/article>\n                  <article class=\"m05__benefit\" data-animate data-delay=\"450\">\n\n                          <p class=\"m05__text h4 uppercase\">COURTE P\u00c9RIODE DE REMBOURSEMENT<\/p>\n            \n                          <div class=\"m05__icon\" aria-hidden=\"true\">\n                <img src=https:\/\/alimak.com\/fr\/wp-content\/uploads\/sites\/14\/2020\/11\/icon_Benefits-1.png  class=\"\" alt=\"\" width=\"51\" height=\"61\">              <\/div>\n            \n          <\/article>\n              <\/div>\n      <\/div>\n<\/article>\n<\/div><\/div>\n\n\n\n<article class=\"m05 break-out desktop-only\" id=\"block_5fb3bbe7e8ba3\" data-animate-container>\n  <div class=\"container m05__container\">\n    \n      <\/div>\n<\/article>\n\n\n\n<article class=\"m29 large break-out\" id=\"block_6217adf5f390d\" data-animate-container>\n  <div class=\"container\">\n\n          <h2 class=\"m29__heading h3 uppercase\" data-animate>Syst\u00e8me de transport d&#039;\u00e9chafaudage innovant<\/h2>\n    \n    \n          <div class=\"m29__media\" data-animate>\n\n        <div\n        class=\"m29__player\"\n        data-plyr-provider=\"youtube\"\n        data-plyr-embed-id=\"3wFaf3YAa_4\"><\/div>\n\n        <button type=\"button\" class=\"m29__poster\">\n                    <span class=\"m29__play-wrap\" aria-hidden=\"true\"><svg class=\"svg-icon svg-icon--icon-play\" aria-hidden=\"true\" role=\"img\"> <use href=\"#icon-play\" xlink:href=\"#icon-play\"><\/use> <\/svg><\/span> \n          <span class=\"screen-reader-text\">Click to play<\/span>\n        <\/button>\n        \n      <\/div>\n    \n  <\/div>\n<\/article>\n\n\n\n<article class=\"m29 large break-out\" id=\"block_6217add7f390c\" data-animate-container>\n  <div class=\"container\">\n\n    \n    \n    \n  <\/div>\n<\/article>\n\n\n\n<article class=\"m37 break-out\" id=\"block_5fb3bc64e8ba9\" data-animate-container>\n  <div class=\"container\">\n\n          <h2 class=\"m37__heading h3 uppercase\" data-animate>Caract\u00e9ristiques du produit<\/h2>\n    \n    \n      <div class=\"m37__information\">\n                  <ol class=\"m37__numbers uppercase large\">\n                            <li class=\"m37__number\" data-animate data-delay=\"0\">Con\u00e7u pour \u00eatre utilis\u00e9 avec les \u00e9chafaudages du syst\u00e8me ringlock<\/li>\n                                <li class=\"m37__number\" data-animate data-delay=\"150\">LE CHARGEMENT ET LE D\u00c9CHARGEMENT EN HAUTEUR S&#039;EFFECTUENT EN PIVOTANTANT LA CAISSE VERS L&#039;\u00c9CHAFAUDAGE, TOUT EN SE TENANT TOUJOURS EN TOUTE S\u00c9CURIT\u00c9 DERRI\u00c8RE LES MAINS COURANTES<\/li>\n                                <li class=\"m37__number\" data-animate data-delay=\"300\">CAISSES EMPILABLES POUR UNE MANIPULATION, UN STOCKAGE ET UN TRANSPORT FACILE<\/li>\n                                <li class=\"m37__number\" data-animate data-delay=\"450\">CHARGEMENT FACILE ET EFFICACE DE SECTIONS D&#039;\u00c9CHAFAUDAGE COMPL\u00c8TES AU SOL PENDANT LE D\u00c9CHARGEMENT EN HAUT<\/li>\n                                <li class=\"m37__number\" data-animate data-delay=\"600\">AUCUNE PORTE\/BARRI\u00c8RE EN \u00c9TAGE N\u00c9CESSAIRE<\/li>\n                                <li class=\"m37__number\" data-animate data-delay=\"750\">FACILE \u00c0 INSTALLER, SEULEMENT UNE CL\u00c9 ET UN MARTEAU N\u00c9CESSAIRE<\/li>\n                                <li class=\"m37__number\" data-animate data-delay=\"900\">RACCORDEMENT RAPIDE AVEC UN SEUL BOULON DANS LE  M\u00c2T ET DES ANCRAGES SIMPLES AVEC DES PI\u00c8CES PERI STANDARD<\/li>\n                                <li class=\"m37__number\" data-animate data-delay=\"1050\">Bo\u00eetes \u00e9quip\u00e9es de roues pour faciliter le d\u00e9placement horizontal du mat\u00e9riel d&#039;\u00e9chafaudage<\/li>\n                          <\/ol>\n        \n                    <img src=https:\/\/alimak.com\/fr\/wp-content\/uploads\/sites\/14\/2022\/12\/STS-product-feature-2.jpg  class=\"m37__image\" alt=\"\" width=\"560\" height=\"732\">              <\/div>\n\n    \n  <\/div>\n<\/article>\n\n\n\r\n<article class=\"m38 break-out\" id=\"block_5fb3fee0ba149\" data-animate-container>\r\n  <div class=\"container\">\r\n\r\n    \r\n    \r\n    <div class=\"m38__accordion-wrapper\">\r\n      <div class=\"m38__accordion-content\">\r\n\r\n        \r\n      <\/div>\r\n    <\/div>\r\n\r\n  <\/div>\r\n\r\n\t\t\r\n<\/article>\r\n\n\n\r\n<article class=\"m38 break-out\" id=\"block_5fb6ac75fed9f\" data-animate-container>\r\n  <div class=\"container\">\r\n\r\n          <div class=\"m38__introduction large\" data-animate>\r\n        <h2 class=\"m38__heading uppercase h3\">CATALOGUE DE LA GAMME DE PRODUITS<\/h2>\r\n      <\/div>\r\n    \r\n          <button type=\"button\" class=\"m38__accordion-button\" data-animate>\r\n        <i class=\"m38__accordion-icon\" aria-hidden=\"true\"><\/i>\r\n        <h3 class=\"m38__accordion-title uppercase h4\">Brochures <\/h3>\r\n      <\/button>\r\n    \r\n    <div class=\"m38__accordion-wrapper\">\r\n      <div class=\"m38__accordion-content\">\r\n\r\n                  <ul class=\"m38__accordion-downloads no-list\">\r\n\r\n            \r\n\t\t\t\t\t\t\t<li class=\"m38__accordion-download-item\">\r\n\r\n\t\t\t\t\t\t\t\t<span class=\"m38__file-heading\">\r\n\t\t\t\t\t\t\t\t\t<strong class=\"uppercase\">Alimak STS 300<\/strong>\r\n\t\t\t\t\t\t\t\t\tSyst\u00e8me de transport d&#039;\u00e9chafaudage\t\t\t\t\t\t\t\t<\/span>\r\n\r\n\t\t\t\t\t\t\t\t<div class=\"m38__columns\">\r\n\t\t\t\t\t\t\t\t\t\t\t\t\t\t\t\t\t\t\t\t\t\t\t\t\t\t\t\t\t\t\t\t\t\t\t<\/div>\r\n\r\n\t\t\t\t\t\t\t\t\r\n\t\t\t\t\t\t\t\t\t\t\t\t\t\t\t\t\t<a\r\n\t\t\t\t\t\t\t\t\ttarget=\"_blank\"\r\n\t\t\t\t\t\t\t\t\trel=\"noopener noreferrer\"\r\n\t\t\t\t\t\t\t\t\tclass=\"m38__button button button--download\"\r\n\t\t\t\t\t\t\t\t\thref=\"https:\/\/alimak.com\/uk\/wp-content\/uploads\/sites\/30\/2022\/05\/ALIMAK-STS-300-1689-EN-Dec-2024.pdf\">\r\n\t\t\t\t\t\t\t\t\t\t<span>T\u00e9l\u00e9charger<\/span>\r\n\t\t\t\t\t\t\t\t\t\t<svg class=\"svg-icon svg-icon--icon-download\" aria-hidden=\"true\" role=\"img\"> <use href=\"#icon-download\" xlink:href=\"#icon-download\"><\/use> <\/svg>\t\t\t\t\t\t\t\t\t<\/a>\r\n\t\t\t\t\t\t\t\t\r\n\t\t\t\t\t\t\t\t\r\n\t\t\t\t\t\t\t<\/li>\r\n\r\n\t\t\t\t\t\t\t\r\n          <\/ul>\r\n        \r\n      <\/div>\r\n    <\/div>\r\n\r\n  <\/div>\r\n\r\n\t\t\r\n<\/article>\r\n\n\n\r\n<article class=\"m38 break-out\" id=\"block_5fb7b3a8a64df\" data-animate-container>\r\n  <div class=\"container\">\r\n\r\n    \r\n          <button type=\"button\" class=\"m38__accordion-button\" data-animate>\r\n        <i class=\"m38__accordion-icon\" aria-hidden=\"true\"><\/i>\r\n        <h3 class=\"m38__accordion-title uppercase h4\"> FICHES TECHNIQUES<\/h3>\r\n      <\/button>\r\n    \r\n    <div class=\"m38__accordion-wrapper\">\r\n      <div class=\"m38__accordion-content\">\r\n\r\n                  <ul class=\"m38__accordion-downloads no-list\">\r\n\r\n            \r\n\t\t\t\t\t\t\t<li class=\"m38__accordion-download-item\">\r\n\r\n\t\t\t\t\t\t\t\t<span class=\"m38__file-heading\">\r\n\t\t\t\t\t\t\t\t\t<strong class=\"uppercase\">Alimak STS 300<\/strong>\r\n\t\t\t\t\t\t\t\t\tSyst\u00e8me de transport d&#039;\u00e9chafaudage\t\t\t\t\t\t\t\t<\/span>\r\n\r\n\t\t\t\t\t\t\t\t<div class=\"m38__columns\">\r\n\t\t\t\t\t\t\t\t\t\t\t\t\t\t\t\t\t\t\t\t\t\t\t\t\t\t\t\t\t\t\t\t\t\t\t<\/div>\r\n\r\n\t\t\t\t\t\t\t\t\r\n\t\t\t\t\t\t\t\t\t\t\t\t\t\t\t\t\t<a\r\n\t\t\t\t\t\t\t\t\ttarget=\"_blank\"\r\n\t\t\t\t\t\t\t\t\trel=\"noopener noreferrer\"\r\n\t\t\t\t\t\t\t\t\tclass=\"m38__button button button--download\"\r\n\t\t\t\t\t\t\t\t\thref=\"https:\/\/alimak.com\/uk\/wp-content\/uploads\/sites\/30\/2022\/05\/ALIMAK-STS-300-Tech-specs-1689-EN-Dec-2024.pdf\">\r\n\t\t\t\t\t\t\t\t\t\t<span>T\u00e9l\u00e9charger<\/span>\r\n\t\t\t\t\t\t\t\t\t\t<svg class=\"svg-icon svg-icon--icon-download\" aria-hidden=\"true\" role=\"img\"> <use href=\"#icon-download\" xlink:href=\"#icon-download\"><\/use> <\/svg>\t\t\t\t\t\t\t\t\t<\/a>\r\n\t\t\t\t\t\t\t\t\r\n\t\t\t\t\t\t\t\t\r\n\t\t\t\t\t\t\t<\/li>\r\n\r\n\t\t\t\t\t\t\t\r\n          <\/ul>\r\n        \r\n      <\/div>\r\n    <\/div>\r\n\r\n  <\/div>\r\n\r\n\t\t\r\n<\/article>\r\n\n\n\n<article class=\"m04 break-out large\" id=\"block_60a51a47a9a46\" data-animate-container>\n  <div class=\"container m04__container\">\n          <h2 class=\"m04__heading h3 uppercase\" data-animate>SERVICE ET ASSISTANCE<\/h2>\n              <div class=\"m04__content\" data-animate>\n        <p>Pour commander des pi\u00e8ces de rechange d&rsquo;origine Alimak en ligne, pour le service d&rsquo;assistance et la formation, My Alimak vous aide \u00e0 acc\u00e9der \u00e0 votre Alimak STS 300 et \u00e0 des informations 24 heures sur 24, o\u00f9 que vous soyez. <strong>Connectez-vous avec Mon Alimak<\/strong><strong>.<\/strong><\/p>\n      <\/div>\n              <a\n      data-animate\n      href=\"https:\/\/my.alimak.com\/\"\n      class=\"m04__button button\"\n      target=\"_blank\">\n        Connexion      <\/a>\n      <\/div>\n<\/article>\n\n\n<article class=\"m04 break-out large\" id=\"block_60a51de7a9a4c\" data-animate-container>\n  <div class=\"container m04__container\">\n          <h2 class=\"m04__heading h3 uppercase\" data-animate>CONSTRUISEZ VOTRE STS 300<\/h2>\n              <\/div>\n<\/article>\n\n\n<article class=\"m08 break-out\" id=\"block_5fb3cb70ddff0\" data-animate-container>\n  <div class=\"container m08__container\">\n\n          <div class=\"m08__block m08__block--one\">\n        <div class=\"m08__content\">\n\n                      <h2 class=\"m08__heading uppercase h3\" data-animate>CONFIGURER EN LIGNE<\/h2>\n          \n                      <div class=\"m08__text\" data-animate>\n              <p>Construisez votre syst\u00e8me de transport d&rsquo;\u00e9chafaudage ALIMAK STS 300 avec votre choix de hauteur et d&rsquo;accessoires et nous reviendrons avec un devis dans les 48 heures.<\/p>\n            <\/div>\n          \n                      <a\n            data-animate\n            href=\"https:\/\/alimak.com\/fr\/product\/sts-300-product-configurator\/\"\n            class=\"m08__button button button--outline button--white\"\n            target=\"_self\">\n              CONSTRUISEZ VOTRE STS 300            <\/a>\n          \n        <\/div>\n      <\/div>\n    \n          <div class=\"m08__block m08__block--two\">\n        <div class=\"m08__content\">\n\n                      <h2 class=\"m08__heading uppercase h3\" data-animate>DEMANDER UN DEVIS<\/h2>\n          \n          \n                      <a\n            data-animate\n            href=\"https:\/\/alimak.com\/fr\/product\/sts-300-product-configurator\/\"\n            class=\"m08__button button\"\n            target=\"_self\">\n              DEMANDER UN DEVIS            <\/a>\n          \n        <\/div>\n      <\/div>\n        \n  <\/div>\n<\/article>\n\n\n\n<div style=\"height:100px\" aria-hidden=\"true\" class=\"wp-block-spacer\"><\/div>\n","protected":false},"excerpt":{"rendered":"<p>L\u2019Alimak STS 300 est un tout nouveau concept de syst\u00e8me de transport d&rsquo;\u00e9chafaudage supportant les monteurs d\u2019 \u00e9chafaudages d&rsquo;installer et de d\u00e9monter les \u00e9chafaudages de mani\u00e8re plus efficace et plus s\u00fbre.<\/p>\n","protected":false},"featured_media":4195,"menu_order":0,"template":"","meta":{"_trash_the_other_posts":false,"editor_notices":[],"footnotes":""},"product-category":[39],"rental":[46,45],"industry":[],"class_list":["post-4192","product","type-product","status-publish","has-post-thumbnail","hentry","product-category-transport-platforms-and-material-hoists","rental-france","rental-germany"],"yoast_head":"<!-- This site is optimized with the Yoast SEO plugin v27.3 - https:\/\/yoast.com\/product\/yoast-seo-wordpress\/ -->\n<title>Alimak France<\/title>\n<meta name=\"robots\" content=\"index, follow, max-snippet:-1, max-image-preview:large, max-video-preview:-1\" \/>\n<meta property=\"og:locale\" content=\"fr_FR\" \/>\n<meta property=\"og:type\" content=\"article\" \/>\n<meta property=\"og:site_name\" content=\"Alimak France\" \/>\n<meta name=\"twitter:card\" content=\"summary_large_image\" \/>\n<script type=\"application\/ld+json\" class=\"yoast-schema-graph\">{\"@context\":\"https:\\\/\\\/schema.org\",\"@graph\":[{\"@type\":\"CollectionPage\",\"@id\":null,\"url\":\"\",\"name\":\"\",\"isPartOf\":{\"@id\":\"https:\\\/\\\/alimak.com\\\/fr\\\/#website\"},\"breadcrumb\":{\"@id\":\"#breadcrumb\"},\"inLanguage\":\"fr-FR\"},{\"@type\":\"BreadcrumbList\",\"@id\":\"#breadcrumb\",\"itemListElement\":[]},{\"@type\":\"WebSite\",\"@id\":\"https:\\\/\\\/alimak.com\\\/fr\\\/#website\",\"url\":\"https:\\\/\\\/alimak.com\\\/fr\\\/\",\"name\":\"Alimak France\",\"description\":\"Les leaders mondiaux en mati\u00e8re de solutions d&#039;acc\u00e8s vertical\",\"potentialAction\":[{\"@type\":\"SearchAction\",\"target\":{\"@type\":\"EntryPoint\",\"urlTemplate\":\"https:\\\/\\\/alimak.com\\\/fr\\\/?s={search_term_string}\"},\"query-input\":{\"@type\":\"PropertyValueSpecification\",\"valueRequired\":true,\"valueName\":\"search_term_string\"}}],\"inLanguage\":\"fr-FR\"}]}<\/script>\n<!-- \/ Yoast SEO plugin. -->","yoast_head_json":{"title":"Alimak France","robots":{"index":"index","follow":"follow","max-snippet":"max-snippet:-1","max-image-preview":"max-image-preview:large","max-video-preview":"max-video-preview:-1"},"og_locale":"fr_FR","og_type":"article","og_site_name":"Alimak France","twitter_card":"summary_large_image","schema":{"@context":"https:\/\/schema.org","@graph":[{"@type":"CollectionPage","@id":null,"url":"","name":"","isPartOf":{"@id":"https:\/\/alimak.com\/fr\/#website"},"breadcrumb":{"@id":"#breadcrumb"},"inLanguage":"fr-FR"},{"@type":"BreadcrumbList","@id":"#breadcrumb","itemListElement":[]},{"@type":"WebSite","@id":"https:\/\/alimak.com\/fr\/#website","url":"https:\/\/alimak.com\/fr\/","name":"Alimak France","description":"Les leaders mondiaux en mati\u00e8re de solutions d&#039;acc\u00e8s vertical","potentialAction":[{"@type":"SearchAction","target":{"@type":"EntryPoint","urlTemplate":"https:\/\/alimak.com\/fr\/?s={search_term_string}"},"query-input":{"@type":"PropertyValueSpecification","valueRequired":true,"valueName":"search_term_string"}}],"inLanguage":"fr-FR"}]}},"_links":{"self":[{"href":"https:\/\/alimak.com\/fr\/wp-json\/wp\/v2\/product\/4192"}],"collection":[{"href":"https:\/\/alimak.com\/fr\/wp-json\/wp\/v2\/product"}],"about":[{"href":"https:\/\/alimak.com\/fr\/wp-json\/wp\/v2\/types\/product"}],"version-history":[{"count":18,"href":"https:\/\/alimak.com\/fr\/wp-json\/wp\/v2\/product\/4192\/revisions"}],"predecessor-version":[{"id":5091,"href":"https:\/\/alimak.com\/fr\/wp-json\/wp\/v2\/product\/4192\/revisions\/5091"}],"wp:featuredmedia":[{"embeddable":true,"href":"https:\/\/alimak.com\/fr\/wp-json\/wp\/v2\/media\/4195"}],"wp:attachment":[{"href":"https:\/\/alimak.com\/fr\/wp-json\/wp\/v2\/media?parent=4192"}],"wp:term":[{"taxonomy":"product-category","embeddable":true,"href":"https:\/\/alimak.com\/fr\/wp-json\/wp\/v2\/product-category?post=4192"},{"taxonomy":"rental","embeddable":true,"href":"https:\/\/alimak.com\/fr\/wp-json\/wp\/v2\/rental?post=4192"},{"taxonomy":"industry","embeddable":true,"href":"https:\/\/alimak.com\/fr\/wp-json\/wp\/v2\/industry?post=4192"}],"curies":[{"name":"wp","href":"https:\/\/api.w.org\/{rel}","templated":true}]}}