{"id":1008,"date":"2020-11-23T12:27:57","date_gmt":"2020-11-23T12:27:57","guid":{"rendered":"https:\/\/alimak.wpengine.com\/?page_id=1008"},"modified":"2024-09-13T14:36:43","modified_gmt":"2024-09-13T14:36:43","slug":"oil-gas-onshore","status":"publish","type":"page","link":"https:\/\/alimak.com\/se\/oil-gas-onshore\/","title":{"rendered":"Olja och gas"},"content":{"rendered":"\n<article class=\"m11 break-out\" id=\"block_5fbbabed44f14\" data-animate-container>\n\n  <nav id=\"breadcrumbs\"><div class=\"container\" data-animate><span><span><a href=\"https:\/\/alimak.com\/se\/\">Hem<\/a><\/span><\/span><\/div><\/nav>\n  <div class=\"m11__wrapper\">\n    <div class=\"container m11__container\">\n\n      <div class=\"m11__content\">\n\n                  <h1 class=\"m11__heading uppercase\" data-animate>Olja och gas<\/h1>\n        \n                  <div class=\"m11__text\" data-animate>\n            <p>Som en global ledare inom hissbranschen har Alimak levererat \u00f6ver tusen industrihissar till olje- och gasindustrin under de senaste 45 \u00e5ren.<\/p>\n<p>Baserade p\u00e5 bepr\u00f6vad och testad teknik \u00e4r Alimaks sortiment av industrihissar l\u00e4mpliga f\u00f6r en rad olika till\u00e4mpningar inom olja och gas b\u00e5de p\u00e5 land och till havs, f\u00f6r att \u00f6ka effektiviteten och f\u00f6rb\u00e4ttra produktiviteten i anl\u00e4ggningar p\u00e5 v\u00e4rldens mest avl\u00e4gsna platser.<\/p>\n          <\/div>\n        \n                  <a\n          href=\"https:\/\/alimak.com\/se\/contact-us\/\"\n          class=\"m11__button button\"\n          data-animate\n          target=\"_self\">\n            Tala med en expert          <\/a>\n        \n      <\/div>\n\n              <div class=\"m11__media\">\n          <img src=https:\/\/alimak.com\/se\/wp-content\/uploads\/sites\/28\/2020\/11\/Oil-Gas-Onshore-Hero-1.jpg srcset=\"https:\/\/alimak.com\/se\/wp-content\/uploads\/sites\/28\/2020\/11\/Oil-Gas-Onshore-Hero-1.jpg 1x, https:\/\/alimak.com\/se\/wp-content\/uploads\/sites\/28\/2020\/11\/Oil-Gas-Onshore-Hero-1.jpg 2x\" class=\"m11__image initial\" alt=\"\" width=\"666\" height=\"592\">        <\/div>\n      \n    <\/div>\n  <\/div>\n<\/article>\n\n\n\n\n<article class=\"m12 desktop-only\" id=\"block_5fb7d4c54bc7c\" data-animate-container>\n  <div class=\"m12__wrapper break-out\">\n    <div class=\"container m12__container\">\n\n      <h2 class=\"m12__heading h4 uppercase\" data-animate>P\u00e5 den h\u00e4r sidan<\/h2>\n\n              <nav class=\"m12__links\">\n          <ul class=\"m12__list\">\n            \n                <li class=\"m12__item\" data-animate data-delay=\"0\">\n                  <a href=\"#block_5fb7d6d44bc85\" class=\"m12__link uppercase\">\n                    F\u00f6rdelar                    <svg class=\"svg-icon svg-icon--icon-arrow-down\" aria-hidden=\"true\" role=\"img\"> <use href=\"#icon-arrow-down\" xlink:href=\"#icon-arrow-down\"><\/use> <\/svg>                  <\/a>\n                <\/li>\n\n                \n                <li class=\"m12__item\" data-animate data-delay=\"150\">\n                  <a href=\"#block_5fb7d7354bc8b\" class=\"m12__link uppercase\">\n                    Service och support                    <svg class=\"svg-icon svg-icon--icon-arrow-down\" aria-hidden=\"true\" role=\"img\"> <use href=\"#icon-arrow-down\" xlink:href=\"#icon-arrow-down\"><\/use> <\/svg>                  <\/a>\n                <\/li>\n\n                          <\/ul>\n        <\/nav>\n      \n    <\/div>\n  <\/div>\n<\/article>\n\n\n<article class=\"m02 break-out\" id=\"block_5fb7d4cd4bc7d\" data-animate-container>\n  <div class=\"container\" data-animate>\n    <p style=\"text-align: center\">Alimaks sortiment av industrihissar \u00e4r perfekta f\u00f6r olje- och gasanl\u00e4ggningar p\u00e5 land inklusive anl\u00e4ggningar f\u00f6r bearbetning av naturgas, oljeraffinaderier, LNG-lagringstankar, petroleumraffinaderier och kemiska anl\u00e4ggningar.<\/p>\n  <\/div>\n<\/article>\n\n\n<article class=\"m42 break-out\" id=\"block_5fb7d4f74bc7f\" data-animate-container>\n\t<div class=\"container m42__container\">\n\t\t\n\t\t\t\t\t\n\t\t\t\t\t\t\t\t\t\t\t\t\t\t\t\t\t<div class=\"m42__cta\">\n\t\t\t\t\t\t\t\t\t<div class=\"m42__cta__details\">\n\t\t\t\t\t\t\t\t\t\t<div class=\"m42__img\">\n\t\t\t\t\t\t\t\t\t\t<img src=https:\/\/alimak.com\/se\/wp-content\/uploads\/sites\/28\/2020\/11\/Petroleum-Refinery-Australia-Projects-tiles.jpg  class=\"\" alt=\"\" width=\"408\" height=\"408\">\t\t\t\t\t\t\t\t\t\t<\/div>\n\n\t\t\t\t\t\t\t\t\t\t\t\t\t\t\t\t\t\t\t\t<div class=\"m42__description\">\n\t\t\t\t\t\t\t\t\t\t\t\t\t\t\t\t\t\t\t\t\t\t<h6 class=\"m42__description__title\">PETROLEUMRAFFINADERI<\/h6>\n\t\t\t\t\t\t\t\t\t\t\t\n\t\t\t\t\t\t\t\t\t\t\t\t\t\t\t\t\t\t\t\t\t\t\t<p class=\"m42__description__location\">Australien<\/p>\n\t\t\t\t\t\t\t\t\t\t\t\t\t\t\t\t\t\t\t\t\t<\/div>\n\t\t\t\t\t\t\t\t\t\t\t\t\t\t\t\t\t\t\t<\/div>\n\n\t\t\t\t\t\t\t\t\t<div class=\"m42__cta__text\">\n\t\t\t\t\t\t\t\t\t\t<h5 class=\"m42__subtitle\">Alimak uppfyller platsbest\u00e4mmelserna och tidsramarna f\u00f6r avst\u00e4ngning vid uppgradering av petrokemisk anl\u00e4ggning<\/h5>\n\t\t\t\t\t\t\t\t\t\t<p class=\"m42__excerpt\">\n\t\t\t\t\t\t\t\t\t\t\t\t\t\t\t\t\t\t\t\t\t\t\tEn Alimak-kuggst\u00e5ngshiss installerades tempor\u00e4rt vid oljeraffinaderiet f\u00f6r att tillhandah\u00e5lla effektiv \u00e5tkomst till fraktioneringskolonnen under avst\u00e4ngningen och renoveringen av anl\u00e4ggningen. Alimak genomf\u00f6rde arbetet i enlighet med anl\u00e4ggningens alla s\u00e4kerhetsramar och f\u00f6reskrifter, driftsf\u00f6rh\u00e5llanden och tidsramar.\n\t\t\t\t\t\t\t\t\t\t\t\t\t\t\t\t\t\t\t\t\t<\/p>\n\t\t\t\t\t\t\t\t\t\t<a href=\"https:\/\/alimak.com\/se\/project\/petroleum-refinery-australia\/\" class=\"button button--orange\">L\u00e4s mer<\/a>\n\t\t\t\t\t\t\t\t\t<\/div>\n\t\t\t\t\t\t\t\t<\/div>\n\t\t\t\t\t\t\t\n\t\t\t\t\t\t<\/div>\n<\/article>\n\n\n\n<article class=\"m04 break-out large\" id=\"block_5fb7d64c4bc82\" data-animate-container>\n  <div class=\"container m04__container\">\n              <\/div>\n<\/article>\n\n\n<article class=\"m34 break-out\" id=\"block_5fb7d6784bc83\" data-animate-container>\n\t<div class=\"container m34__container\">\n\t\t<div class=\"m34__grid\">\n\t\t\t<div class=\"m34__grid__text\">\n\t\t\t\t\t\t\t\t\t<h3 class=\"m34__title\" data-animate>H\u00e4mta Alimaks industriella produktguide<\/h3>\n\t\t\t\t\n\t\t\t\t\t\t\t\t\t<div class=\"m34__intro\" data-animate>L\u00e4s mer om Alimaks utbud av l\u00f6sningar f\u00f6r vertikala transporter.<\/div>\n\t\t\t\t\n\t\t\t\t\n\t\t\t\t\n\t\t\t\t\t\t\t\t\t<button type=\"button\" class=\"button button--download m34__button\" data-animate>\n\t\t\t\t\t\t<span>H\u00e4mta<\/span>\n\t\t\t\t\t\t<svg class=\"svg-icon svg-icon--icon-download\" aria-hidden=\"true\" role=\"img\"> <use href=\"#icon-download\" xlink:href=\"#icon-download\"><\/use> <\/svg>\t\t\t\t\t<\/button>\n\t\t\t\t\t\t\t<\/div>\n\n\t\t\t\t\t\t\t<div class=\"m34__grid__img\">\n\t\t\t\t\t<img src=https:\/\/alimak.com\/se\/wp-content\/uploads\/sites\/28\/2020\/11\/Product-Range_4.jpg  class=\"\" alt=\"\" width=\"192\" height=\"288\">\t\t\t\t<\/div>\n\t\t\t\n\t\t<\/div>\n\t<\/div>\n\n\t\t\t<section class=\"m34__modal\" aria-hidden=\"true\" data-form-id=\"8052a947-4d5f-4e2c-9498-9c0aa0bd625b\" data-portal-id=\"8464480\">\n\t\t\t<div class=\"m34__form\">\n\t\t\t\t<div class=\"block_5fb7d6784bc83 m34__modal-container\"><\/div>\n\t\t\t<\/div>\n\t\t\t<button type=\"button\" class=\"m34__overlay\">\n\t\t\t\t<span class=\"screen-reader-text\">Click to close modal<\/span>\n\t\t\t<\/button>\n\t\t<\/section>\n\t\n<\/article>\n\n\n\n\n<article class=\"m04 break-out large\" id=\"block_5fb7d6a34bc84\" data-animate-container>\n  <div class=\"container m04__container\">\n          <h2 class=\"m04__heading h3 uppercase\" data-animate>Visa Alimaks utbud av l\u00f6sningar f\u00f6r vertikala transporter<\/h2>\n              <div class=\"m04__content\" data-animate>\n        <p>Alimaks industrihissar levererar effektiva och tillf\u00f6rlitliga vertikala transporter f\u00f6r olje- och gasindustrin till havs.<\/p>\n      <\/div>\n              <a\n      data-animate\n      href=\"https:\/\/alimak.com\/se\/new-equipment\/?filter-product-category=offshore-and-marine-elevators&#038;filter-sort=0\"\n      class=\"m04__button button\"\n      target=\"_self\">\n        Visa alla      <\/a>\n      <\/div>\n<\/article>\n\n\n<div class=\"wp-block-group has-white-color has-dark-grey-background-color has-text-color has-background\"><div class=\"wp-block-group__inner-container is-layout-flow wp-block-group-is-layout-flow\">\n<article class=\"m05 break-out desktop-only\" id=\"block_5fb7d6d44bc85\" data-animate-container>\n  <div class=\"container m05__container\">\n          <h2 class=\"m05__heading h3 uppercase\" data-animate>Varf\u00f6r ska jag v\u00e4lja en l\u00f6sning fr\u00e5n Alimak f\u00f6r vertikala transporter<\/h2>\n    \n          <div class=\"m05__benefits\">\n                  <article class=\"m05__benefit\" data-animate data-delay=\"0\">\n\n                          <p class=\"m05__text h4 uppercase\">Experter p\u00e5 ytterst kr\u00e4vande projekt<\/p>\n            \n                          <div class=\"m05__icon\" aria-hidden=\"true\">\n                <img src=https:\/\/alimak.com\/se\/wp-content\/uploads\/sites\/28\/2020\/11\/icon_Benefits-1.png  class=\"\" alt=\"\" width=\"51\" height=\"61\">              <\/div>\n            \n          <\/article>\n                  <article class=\"m05__benefit\" data-animate data-delay=\"150\">\n\n                          <p class=\"m05__text h4 uppercase\">Bepr\u00f6vad och testad teknik<\/p>\n            \n                          <div class=\"m05__icon\" aria-hidden=\"true\">\n                <img src=https:\/\/alimak.com\/se\/wp-content\/uploads\/sites\/28\/2020\/11\/icon_Benefits-1.png  class=\"\" alt=\"\" width=\"51\" height=\"61\">              <\/div>\n            \n          <\/article>\n                  <article class=\"m05__benefit\" data-animate data-delay=\"300\">\n\n                          <p class=\"m05__text h4 uppercase\">Sortiment av hisskorgsstorlekar och -kapaciteter<\/p>\n            \n                          <div class=\"m05__icon\" aria-hidden=\"true\">\n                <img src=https:\/\/alimak.com\/se\/wp-content\/uploads\/sites\/28\/2020\/11\/icon_Benefits-1.png  class=\"\" alt=\"\" width=\"51\" height=\"61\">              <\/div>\n            \n          <\/article>\n                  <article class=\"m05__benefit\" data-animate data-delay=\"450\">\n\n                          <p class=\"m05__text h4 uppercase\">Ex-version finns tillg\u00e4nglig<\/p>\n            \n                          <div class=\"m05__icon\" aria-hidden=\"true\">\n                <img src=https:\/\/alimak.com\/se\/wp-content\/uploads\/sites\/28\/2020\/11\/icon_Benefits-1.png  class=\"\" alt=\"\" width=\"51\" height=\"61\">              <\/div>\n            \n          <\/article>\n              <\/div>\n      <\/div>\n<\/article>\n<\/div><\/div>\n\n\n\n<article class=\"m13 break-out\" id=\"block_5fb7d7354bc8b\" data-animate-container>\n  <div class=\"container m13__container\">\n\n          <h2 class=\"m13__heading uppercase h3\" data-animate>Service och support<\/h2>\n        \n          <div class=\"m13__services\">\n                  <article class=\"m13__service\" data-animate data-delay=\"0\">\n\n                          <h3 class=\"m13__title uppercase h4\">Underh\u00e5ll<\/h3>\n            \n            <p><span class=\"TextRun SCXW177605931 BCX0\" lang=\"EN-AU\" xml:lang=\"EN-AU\" data-contrast=\"auto\"><span class=\"NormalTextRun SCXW177605931 BCX0\">Vi erbjuder ett omfattande serviceutbud som utf\u00f6rs av Alimak-servicetekniker f\u00f6r att garantera utrustningens kontinuerliga optimala prestanda.<\/span><\/span><\/p>\n\n                          <a\n              href=\"https:\/\/alimak.com\/se\/service-solutions\/maintenance\/\"\n              class=\"m13__button read-more\"\n              target=\"_self\">\n                <span>Mer information<\/span>\n                <svg class=\"svg-icon svg-icon--icon-arrow-right\" aria-hidden=\"true\" role=\"img\"> <use href=\"#icon-arrow-right\" xlink:href=\"#icon-arrow-right\"><\/use> <\/svg>              <\/a>\n            \n                          <div class=\"m13__icon\" aria-hidden=\"true\">\n                <img src=https:\/\/alimak.com\/se\/wp-content\/uploads\/sites\/28\/2020\/11\/icons_Service-Support-1.png  class=\"\" alt=\"\" width=\"61\" height=\"60\">              <\/div>\n            \n          <\/article>\n                  <article class=\"m13__service\" data-animate data-delay=\"150\">\n\n                          <h3 class=\"m13__title uppercase h4\">UPPKOPPLADE TJ\u00c4NSTER<\/h3>\n            \n            <p><span class=\"TextRun SCXW245805249 BCX0\" lang=\"EN-AU\" xml:lang=\"EN-AU\" data-contrast=\"auto\"><span class=\"NormalTextRun SCXW245805249 BCX0\">L\u00f6sningar f\u00f6r anslutning och tillg\u00e5ngshantering genererar effektivitetsrapporter f\u00f6r Alimak-produkter och ger st\u00f6d f\u00f6r att f\u00f6rl\u00e4nga produktens livsl\u00e4ngd.<\/span><\/span><\/p>\n\n                          <a\n              href=\"https:\/\/alimak.com\/se\/service-solutions\/connectivity-and-asset-management\/\"\n              class=\"m13__button read-more\"\n              target=\"_self\">\n                <span>Mer information<\/span>\n                <svg class=\"svg-icon svg-icon--icon-arrow-right\" aria-hidden=\"true\" role=\"img\"> <use href=\"#icon-arrow-right\" xlink:href=\"#icon-arrow-right\"><\/use> <\/svg>              <\/a>\n            \n                          <div class=\"m13__icon\" aria-hidden=\"true\">\n                <img src=https:\/\/alimak.com\/se\/wp-content\/uploads\/sites\/28\/2020\/11\/icons_Service-Support-2.png  class=\"\" alt=\"\" width=\"37\" height=\"60\">              <\/div>\n            \n          <\/article>\n                  <article class=\"m13__service\" data-animate data-delay=\"300\">\n\n                          <h3 class=\"m13__title uppercase h4\">TEKNISKA TILL\u00c4MPNINGAR<\/h3>\n            \n            <p><span class=\"TextRun Highlight SCXW22701161 BCX0\" lang=\"EN-AU\" xml:lang=\"EN-AU\" data-contrast=\"none\"><span class=\"NormalTextRun SCXW22701161 BCX0\">Alimaks ingenj\u00f6rer utvecklar kundfokuserade l\u00f6sningar f\u00f6r kr\u00e4vande installationer. Skr\u00e4ddarsydda l\u00f6sningar inkluderar\u00a0konfigurationsritningar\u00a0samt ber\u00e4kningar f\u00f6r\u00a0h\u00e5llfasthet, markbelastning och f\u00f6rankringskrafter.<\/span><\/span><\/p>\n\n                          <a\n              href=\"https:\/\/alimak.com\/se\/service-solutions\/application-engineering\/\"\n              class=\"m13__button read-more\"\n              target=\"_self\">\n                <span>Mer information<\/span>\n                <svg class=\"svg-icon svg-icon--icon-arrow-right\" aria-hidden=\"true\" role=\"img\"> <use href=\"#icon-arrow-right\" xlink:href=\"#icon-arrow-right\"><\/use> <\/svg>              <\/a>\n            \n                          <div class=\"m13__icon\" aria-hidden=\"true\">\n                <img src=https:\/\/alimak.com\/se\/wp-content\/uploads\/sites\/28\/2020\/11\/icons_Service-Support-3.png  class=\"\" alt=\"\" width=\"60\" height=\"60\">              <\/div>\n            \n          <\/article>\n                  <article class=\"m13__service\" data-animate data-delay=\"450\">\n\n                          <h3 class=\"m13__title uppercase h4\">UTBILDNING<\/h3>\n            \n            <p><span class=\"TextRun SCXW265053470 BCX0\" lang=\"EN-AU\" xml:lang=\"EN-AU\" data-contrast=\"auto\"><span class=\"NormalTextRun SCXW265053470 BCX0\">Ett sortiment av utbildningar och kurser inom s\u00e4kerhet, installation och operat\u00f6rsutbildning finns tillg\u00e4ngliga f\u00f6r Alimaks produktsortiment.<\/span><\/span><\/p>\n\n                          <a\n              href=\"https:\/\/learningstore.alimakgroup.com\/\"\n              class=\"m13__button read-more\"\n              target=\"_blank\">\n                <span>Mer information<\/span>\n                <svg class=\"svg-icon svg-icon--icon-arrow-right\" aria-hidden=\"true\" role=\"img\"> <use href=\"#icon-arrow-right\" xlink:href=\"#icon-arrow-right\"><\/use> <\/svg>              <\/a>\n            \n                          <div class=\"m13__icon\" aria-hidden=\"true\">\n                <img src=https:\/\/alimak.com\/se\/wp-content\/uploads\/sites\/28\/2020\/11\/icons_Service-Support-4.png  class=\"\" alt=\"\" width=\"56\" height=\"60\">              <\/div>\n            \n          <\/article>\n                  <article class=\"m13__service\" data-animate data-delay=\"600\">\n\n                          <h3 class=\"m13__title uppercase h4\">FINANSIERINGSL\u00d6SNINGAR<\/h3>\n            \n            <p><span class=\"TextRun Highlight BCX0 SCXW38577341\" lang=\"EN-AU\" xml:lang=\"EN-AU\" data-contrast=\"none\"><span class=\"NormalTextRun BCX0 SCXW38577341\">Alimak erbjuder flexibla finansieringsl\u00f6sningar som str\u00e4cker sig fr\u00e5n betalningsplaner, finansiering f\u00f6r export till leasingavtal.<\/span><\/span><\/p>\n\n                          <a\n              href=\"https:\/\/alimak.com\/se\/service-solutions\/financing-solutions\/\"\n              class=\"m13__button read-more\"\n              target=\"_self\">\n                <span>Mer information<\/span>\n                <svg class=\"svg-icon svg-icon--icon-arrow-right\" aria-hidden=\"true\" role=\"img\"> <use href=\"#icon-arrow-right\" xlink:href=\"#icon-arrow-right\"><\/use> <\/svg>              <\/a>\n            \n                          <div class=\"m13__icon\" aria-hidden=\"true\">\n                <img src=https:\/\/alimak.com\/se\/wp-content\/uploads\/sites\/28\/2020\/11\/icons_Service-Support-5.png  class=\"\" alt=\"\" width=\"67\" height=\"60\">              <\/div>\n            \n          <\/article>\n                  <article class=\"m13__service\" data-animate data-delay=\"750\">\n\n                          <h3 class=\"m13__title uppercase h4\">BIM-MODELLERING<\/h3>\n            \n            <p><span class=\"TextRun SCXW41821286 BCX0\" lang=\"EN-AU\" xml:lang=\"EN-AU\" data-contrast=\"auto\"><span class=\"NormalTextRun SCXW41821286 BCX0\">Byggnadsinformationsmodellering (BIM) finns tillg\u00e4nglig f\u00f6r simulering, installation och integrering av Alimak-produkter under hela projektet.<\/span><\/span><\/p>\n\n                          <a\n              href=\"https:\/\/bimgallery.alimak.com\/\"\n              class=\"m13__button read-more\"\n              target=\"_blank\">\n                <span>Mer information<\/span>\n                <svg class=\"svg-icon svg-icon--icon-arrow-right\" aria-hidden=\"true\" role=\"img\"> <use href=\"#icon-arrow-right\" xlink:href=\"#icon-arrow-right\"><\/use> <\/svg>              <\/a>\n            \n                          <div class=\"m13__icon\" aria-hidden=\"true\">\n                <img src=https:\/\/alimak.com\/se\/wp-content\/uploads\/sites\/28\/2020\/11\/icons_Service-Support-6.png  class=\"\" alt=\"\" width=\"66\" height=\"60\">              <\/div>\n            \n          <\/article>\n              <\/div>\n    \n  <\/div>\n<\/article>\n\n\n\n<div style=\"height:100px\" aria-hidden=\"true\" class=\"wp-block-spacer\"><\/div>\n\n\n\n<article class=\"m14 break-out\" id=\"block_5fbbabafe0895\" data-animate-container>\n\t<div class=\"container\">\n\n\t<div class=\"m14__introduction large\">  \n\t\t\t\t<h2 class=\"m14__heading uppercase h3\" data-animate>F\u00e5 mer information eller en offert<\/h2>\n\t  \t  \t\t<div class=\"m14__content\" data-animate>\n\t\t\t<p>Beh\u00f6ver du hj\u00e4lp med att v\u00e4lja produkt f\u00f6r ett kommande projekt? Kontakta v\u00e5ra produktexperter f\u00f6r information om v\u00e5rt utbud av l\u00f6sningar f\u00f6r vertikala transporter och en offert som m\u00f6ter behoven i ditt projekt.<\/p>\n\t\t<\/div>\n\t  \t<\/div>\n\n\t\t\t<div class=\"m14__form\" data-animate>\n\t\t\t<div class=\"gform_wrapper\">\n\t\t\t\t<div\n\t\t\t\tclass=\"m14__hubspot\"\n\t\t\t\tdata-form-id=\"899c7a9a-2f4f-486e-b0b3-587943219448\"\n\t\t\t\tdata-portal-id=\"8464480\"><\/div>\n\t\t\t<\/div>\n\t\t<\/div>\n\t\n  <\/div>\n<\/article>\n\n\n<p>\u1e40<\/p>","protected":false},"excerpt":{"rendered":"<p>\u1e40<\/p>\n","protected":false},"author":1,"featured_media":0,"parent":0,"menu_order":0,"comment_status":"closed","ping_status":"closed","template":"","meta":{"_trash_the_other_posts":false,"editor_notices":[],"footnotes":""},"class_list":["post-1008","page","type-page","status-publish","hentry"],"yoast_head":"<!-- This site is optimized with the Yoast SEO plugin v27.3 - https:\/\/yoast.com\/product\/yoast-seo-wordpress\/ -->\n<title>Olja och gas - Alimak Sweden<\/title>\n<meta name=\"robots\" content=\"index, follow, max-snippet:-1, max-image-preview:large, max-video-preview:-1\" \/>\n<link rel=\"canonical\" href=\"https:\/\/alimak.com\/se\/oil-gas-onshore\/\" \/>\n<meta property=\"og:locale\" content=\"sv_SE\" \/>\n<meta property=\"og:type\" content=\"article\" \/>\n<meta property=\"og:title\" content=\"Olja och gas - Alimak Sweden\" \/>\n<meta property=\"og:description\" content=\"\u1e40\" \/>\n<meta property=\"og:url\" content=\"https:\/\/alimak.com\/se\/oil-gas-onshore\/\" \/>\n<meta property=\"og:site_name\" content=\"Alimak Sweden\" \/>\n<meta property=\"article:modified_time\" content=\"2024-09-13T14:36:43+00:00\" \/>\n<meta name=\"twitter:card\" content=\"summary_large_image\" \/>\n<meta name=\"twitter:label1\" content=\"Ber\u00e4knad l\u00e4stid\" \/>\n\t<meta name=\"twitter:data1\" content=\"1 minut\" \/>\n<script type=\"application\/ld+json\" class=\"yoast-schema-graph\">{\"@context\":\"https:\\\/\\\/schema.org\",\"@graph\":[{\"@type\":\"WebPage\",\"@id\":\"https:\\\/\\\/alimak.com\\\/se\\\/oil-gas-onshore\\\/\",\"url\":\"https:\\\/\\\/alimak.com\\\/se\\\/oil-gas-onshore\\\/\",\"name\":\"Olja och gas - Alimak Sweden\",\"isPartOf\":{\"@id\":\"https:\\\/\\\/alimak.com\\\/se\\\/#website\"},\"datePublished\":\"2020-11-23T12:27:57+00:00\",\"dateModified\":\"2024-09-13T14:36:43+00:00\",\"breadcrumb\":{\"@id\":\"https:\\\/\\\/alimak.com\\\/se\\\/oil-gas-onshore\\\/#breadcrumb\"},\"inLanguage\":\"sv-SE\",\"potentialAction\":[{\"@type\":\"ReadAction\",\"target\":[\"https:\\\/\\\/alimak.com\\\/se\\\/oil-gas-onshore\\\/\"]}]},{\"@type\":\"BreadcrumbList\",\"@id\":\"https:\\\/\\\/alimak.com\\\/se\\\/oil-gas-onshore\\\/#breadcrumb\",\"itemListElement\":[{\"@type\":\"ListItem\",\"position\":1,\"name\":\"Hem\",\"item\":\"https:\\\/\\\/alimak.com\\\/se\\\/\"},{\"@type\":\"ListItem\",\"position\":2,\"name\":\"Olja och gas\"}]},{\"@type\":\"WebSite\",\"@id\":\"https:\\\/\\\/alimak.com\\\/se\\\/#website\",\"url\":\"https:\\\/\\\/alimak.com\\\/se\\\/\",\"name\":\"Alimak Sweden\",\"description\":\"Global leaders in Vertical Access Solutions\",\"potentialAction\":[{\"@type\":\"SearchAction\",\"target\":{\"@type\":\"EntryPoint\",\"urlTemplate\":\"https:\\\/\\\/alimak.com\\\/se\\\/?s={search_term_string}\"},\"query-input\":{\"@type\":\"PropertyValueSpecification\",\"valueRequired\":true,\"valueName\":\"search_term_string\"}}],\"inLanguage\":\"sv-SE\"}]}<\/script>\n<!-- \/ Yoast SEO plugin. -->","yoast_head_json":{"title":"Olja och gas - Alimak Sweden","robots":{"index":"index","follow":"follow","max-snippet":"max-snippet:-1","max-image-preview":"max-image-preview:large","max-video-preview":"max-video-preview:-1"},"canonical":"https:\/\/alimak.com\/se\/oil-gas-onshore\/","og_locale":"sv_SE","og_type":"article","og_title":"Olja och gas - Alimak Sweden","og_description":"\u1e40","og_url":"https:\/\/alimak.com\/se\/oil-gas-onshore\/","og_site_name":"Alimak Sweden","article_modified_time":"2024-09-13T14:36:43+00:00","twitter_card":"summary_large_image","twitter_misc":{"Ber\u00e4knad l\u00e4stid":"1 minut"},"schema":{"@context":"https:\/\/schema.org","@graph":[{"@type":"WebPage","@id":"https:\/\/alimak.com\/se\/oil-gas-onshore\/","url":"https:\/\/alimak.com\/se\/oil-gas-onshore\/","name":"Olja och gas - Alimak Sweden","isPartOf":{"@id":"https:\/\/alimak.com\/se\/#website"},"datePublished":"2020-11-23T12:27:57+00:00","dateModified":"2024-09-13T14:36:43+00:00","breadcrumb":{"@id":"https:\/\/alimak.com\/se\/oil-gas-onshore\/#breadcrumb"},"inLanguage":"sv-SE","potentialAction":[{"@type":"ReadAction","target":["https:\/\/alimak.com\/se\/oil-gas-onshore\/"]}]},{"@type":"BreadcrumbList","@id":"https:\/\/alimak.com\/se\/oil-gas-onshore\/#breadcrumb","itemListElement":[{"@type":"ListItem","position":1,"name":"Hem","item":"https:\/\/alimak.com\/se\/"},{"@type":"ListItem","position":2,"name":"Olja och gas"}]},{"@type":"WebSite","@id":"https:\/\/alimak.com\/se\/#website","url":"https:\/\/alimak.com\/se\/","name":"Alimak Sweden","description":"Global leaders in Vertical Access Solutions","potentialAction":[{"@type":"SearchAction","target":{"@type":"EntryPoint","urlTemplate":"https:\/\/alimak.com\/se\/?s={search_term_string}"},"query-input":{"@type":"PropertyValueSpecification","valueRequired":true,"valueName":"search_term_string"}}],"inLanguage":"sv-SE"}]}},"_links":{"self":[{"href":"https:\/\/alimak.com\/se\/wp-json\/wp\/v2\/pages\/1008","targetHints":{"allow":["GET"]}}],"collection":[{"href":"https:\/\/alimak.com\/se\/wp-json\/wp\/v2\/pages"}],"about":[{"href":"https:\/\/alimak.com\/se\/wp-json\/wp\/v2\/types\/page"}],"author":[{"embeddable":true,"href":"https:\/\/alimak.com\/se\/wp-json\/wp\/v2\/users\/1"}],"replies":[{"embeddable":true,"href":"https:\/\/alimak.com\/se\/wp-json\/wp\/v2\/comments?post=1008"}],"version-history":[{"count":5,"href":"https:\/\/alimak.com\/se\/wp-json\/wp\/v2\/pages\/1008\/revisions"}],"predecessor-version":[{"id":4788,"href":"https:\/\/alimak.com\/se\/wp-json\/wp\/v2\/pages\/1008\/revisions\/4788"}],"wp:attachment":[{"href":"https:\/\/alimak.com\/se\/wp-json\/wp\/v2\/media?parent=1008"}],"curies":[{"name":"wp","href":"https:\/\/api.w.org\/{rel}","templated":true}]}}