{"id":1775,"date":"2020-12-14T16:42:25","date_gmt":"2020-12-14T16:42:25","guid":{"rendered":"https:\/\/alimak.wpengine.com\/?page_id=1775"},"modified":"2021-07-06T04:16:11","modified_gmt":"2021-07-06T04:16:11","slug":"request-a-quote","status":"publish","type":"page","link":"https:\/\/alimak.com\/se\/request-a-quote\/","title":{"rendered":"Beg\u00e4r offert"},"content":{"rendered":"\n<article class=\"m14 break-out\" id=\"block_5fd795db04100\" data-animate-container>\n\t<div class=\"container\">\n\n\t<div class=\"m14__introduction large\">  \n\t\t\t\t<h2 class=\"m14__heading uppercase h3\" data-animate>F\u00e5 mer information eller en offert<\/h2>\n\t  \t  \t\t<div class=\"m14__content\" data-animate>\n\t\t\t<p><span class=\"EOP SCXW138380718 BCX0\" style=\"font-size: 1rem\" data-ccp-props=\"{}\"><span class=\"TextRun SCXW138380718 BCX0\" lang=\"EN-AU\" xml:lang=\"EN-AU\" data-contrast=\"none\"><span class=\"NormalTextRun SCXW138380718 BCX0\">Beh\u00f6ver du hj\u00e4lp med att v\u00e4lja produkt f\u00f6r ett kommande projekt? Kontakta v\u00e5ra produktexperter f\u00f6r information om v\u00e5rt utbud av l\u00f6sningar f\u00f6r vertikala transporter och en offert som m\u00f6ter behoven i ditt projekt.<\/span><\/span><\/span><\/p>\n\t\t<\/div>\n\t  \t<\/div>\n\n\t\t\t<div class=\"m14__form\" data-animate>\n\t\t\t<div class=\"gform_wrapper\">\n\t\t\t\t<div\n\t\t\t\tclass=\"m14__hubspot\"\n\t\t\t\tdata-form-id=\"899c7a9a-2f4f-486e-b0b3-587943219448\"\n\t\t\t\tdata-portal-id=\"8464480\"><\/div>\n\t\t\t<\/div>\n\t\t<\/div>\n\t\n  <\/div>\n<\/article>\n","protected":false},"excerpt":{"rendered":"","protected":false},"author":1,"featured_media":0,"parent":0,"menu_order":0,"comment_status":"closed","ping_status":"closed","template":"","meta":{"_trash_the_other_posts":false,"editor_notices":[],"footnotes":""},"class_list":["post-1775","page","type-page","status-publish","hentry"],"yoast_head":"<!-- This site is optimized with the Yoast SEO plugin v27.3 - https:\/\/yoast.com\/product\/yoast-seo-wordpress\/ -->\n<title>Beg\u00e4r offert - Alimak Sweden<\/title>\n<meta name=\"robots\" content=\"index, follow, max-snippet:-1, max-image-preview:large, max-video-preview:-1\" \/>\n<link rel=\"canonical\" href=\"https:\/\/alimak.com\/se\/request-a-quote\/\" \/>\n<meta property=\"og:locale\" content=\"sv_SE\" \/>\n<meta property=\"og:type\" content=\"article\" \/>\n<meta property=\"og:title\" content=\"Beg\u00e4r offert - Alimak Sweden\" \/>\n<meta property=\"og:url\" content=\"https:\/\/alimak.com\/se\/request-a-quote\/\" \/>\n<meta property=\"og:site_name\" content=\"Alimak Sweden\" \/>\n<meta property=\"article:modified_time\" content=\"2021-07-06T04:16:11+00:00\" \/>\n<meta name=\"twitter:card\" content=\"summary_large_image\" \/>\n<script type=\"application\/ld+json\" class=\"yoast-schema-graph\">{\"@context\":\"https:\\\/\\\/schema.org\",\"@graph\":[{\"@type\":\"WebPage\",\"@id\":\"https:\\\/\\\/alimak.com\\\/se\\\/request-a-quote\\\/\",\"url\":\"https:\\\/\\\/alimak.com\\\/se\\\/request-a-quote\\\/\",\"name\":\"Beg\u00e4r offert - Alimak Sweden\",\"isPartOf\":{\"@id\":\"https:\\\/\\\/alimak.com\\\/se\\\/#website\"},\"datePublished\":\"2020-12-14T16:42:25+00:00\",\"dateModified\":\"2021-07-06T04:16:11+00:00\",\"breadcrumb\":{\"@id\":\"https:\\\/\\\/alimak.com\\\/se\\\/request-a-quote\\\/#breadcrumb\"},\"inLanguage\":\"sv-SE\",\"potentialAction\":[{\"@type\":\"ReadAction\",\"target\":[\"https:\\\/\\\/alimak.com\\\/se\\\/request-a-quote\\\/\"]}]},{\"@type\":\"BreadcrumbList\",\"@id\":\"https:\\\/\\\/alimak.com\\\/se\\\/request-a-quote\\\/#breadcrumb\",\"itemListElement\":[{\"@type\":\"ListItem\",\"position\":1,\"name\":\"Hem\",\"item\":\"https:\\\/\\\/alimak.com\\\/se\\\/\"},{\"@type\":\"ListItem\",\"position\":2,\"name\":\"Beg\u00e4r offert\"}]},{\"@type\":\"WebSite\",\"@id\":\"https:\\\/\\\/alimak.com\\\/se\\\/#website\",\"url\":\"https:\\\/\\\/alimak.com\\\/se\\\/\",\"name\":\"Alimak Sweden\",\"description\":\"Global leaders in Vertical Access Solutions\",\"potentialAction\":[{\"@type\":\"SearchAction\",\"target\":{\"@type\":\"EntryPoint\",\"urlTemplate\":\"https:\\\/\\\/alimak.com\\\/se\\\/?s={search_term_string}\"},\"query-input\":{\"@type\":\"PropertyValueSpecification\",\"valueRequired\":true,\"valueName\":\"search_term_string\"}}],\"inLanguage\":\"sv-SE\"}]}<\/script>\n<!-- \/ Yoast SEO plugin. -->","yoast_head_json":{"title":"Beg\u00e4r offert - Alimak Sweden","robots":{"index":"index","follow":"follow","max-snippet":"max-snippet:-1","max-image-preview":"max-image-preview:large","max-video-preview":"max-video-preview:-1"},"canonical":"https:\/\/alimak.com\/se\/request-a-quote\/","og_locale":"sv_SE","og_type":"article","og_title":"Beg\u00e4r offert - Alimak Sweden","og_url":"https:\/\/alimak.com\/se\/request-a-quote\/","og_site_name":"Alimak Sweden","article_modified_time":"2021-07-06T04:16:11+00:00","twitter_card":"summary_large_image","schema":{"@context":"https:\/\/schema.org","@graph":[{"@type":"WebPage","@id":"https:\/\/alimak.com\/se\/request-a-quote\/","url":"https:\/\/alimak.com\/se\/request-a-quote\/","name":"Beg\u00e4r offert - Alimak Sweden","isPartOf":{"@id":"https:\/\/alimak.com\/se\/#website"},"datePublished":"2020-12-14T16:42:25+00:00","dateModified":"2021-07-06T04:16:11+00:00","breadcrumb":{"@id":"https:\/\/alimak.com\/se\/request-a-quote\/#breadcrumb"},"inLanguage":"sv-SE","potentialAction":[{"@type":"ReadAction","target":["https:\/\/alimak.com\/se\/request-a-quote\/"]}]},{"@type":"BreadcrumbList","@id":"https:\/\/alimak.com\/se\/request-a-quote\/#breadcrumb","itemListElement":[{"@type":"ListItem","position":1,"name":"Hem","item":"https:\/\/alimak.com\/se\/"},{"@type":"ListItem","position":2,"name":"Beg\u00e4r offert"}]},{"@type":"WebSite","@id":"https:\/\/alimak.com\/se\/#website","url":"https:\/\/alimak.com\/se\/","name":"Alimak Sweden","description":"Global leaders in Vertical Access Solutions","potentialAction":[{"@type":"SearchAction","target":{"@type":"EntryPoint","urlTemplate":"https:\/\/alimak.com\/se\/?s={search_term_string}"},"query-input":{"@type":"PropertyValueSpecification","valueRequired":true,"valueName":"search_term_string"}}],"inLanguage":"sv-SE"}]}},"_links":{"self":[{"href":"https:\/\/alimak.com\/se\/wp-json\/wp\/v2\/pages\/1775","targetHints":{"allow":["GET"]}}],"collection":[{"href":"https:\/\/alimak.com\/se\/wp-json\/wp\/v2\/pages"}],"about":[{"href":"https:\/\/alimak.com\/se\/wp-json\/wp\/v2\/types\/page"}],"author":[{"embeddable":true,"href":"https:\/\/alimak.com\/se\/wp-json\/wp\/v2\/users\/1"}],"replies":[{"embeddable":true,"href":"https:\/\/alimak.com\/se\/wp-json\/wp\/v2\/comments?post=1775"}],"version-history":[{"count":7,"href":"https:\/\/alimak.com\/se\/wp-json\/wp\/v2\/pages\/1775\/revisions"}],"predecessor-version":[{"id":2648,"href":"https:\/\/alimak.com\/se\/wp-json\/wp\/v2\/pages\/1775\/revisions\/2648"}],"wp:attachment":[{"href":"https:\/\/alimak.com\/se\/wp-json\/wp\/v2\/media?parent=1775"}],"curies":[{"name":"wp","href":"https:\/\/api.w.org\/{rel}","templated":true}]}}