{"id":204,"date":"2020-11-12T12:57:50","date_gmt":"2020-11-12T12:57:50","guid":{"rendered":"https:\/\/alimak.wpengine.com\/?page_id=204"},"modified":"2025-06-11T05:28:38","modified_gmt":"2025-06-11T05:28:38","slug":"maintenance","status":"publish","type":"page","link":"https:\/\/alimak.com\/se\/service-solutions\/maintenance\/","title":{"rendered":"Underh\u00e5ll"},"content":{"rendered":"\n<article class=\"m11 break-out\" id=\"block_5fad4f7eea124\" data-animate-container>\n\n  <nav id=\"breadcrumbs\"><div class=\"container\" data-animate><span><span><a href=\"https:\/\/alimak.com\/se\/\">Hem<\/a><\/span><\/span><\/div><\/nav>\n  <div class=\"m11__wrapper\">\n    <div class=\"container m11__container\">\n\n      <div class=\"m11__content\">\n\n                  <h1 class=\"m11__heading uppercase\" data-animate>UNDERH\u00c5LLSL\u00d6SNINGAR<\/h1>\n        \n                  <div class=\"m11__text\" data-animate>\n            <p>Vi erbjuder ett omfattande service- och supportutbud som \u00e4r tillg\u00e4ngligt f\u00f6r \u00e4gare och operat\u00f6rer av utrustning f\u00f6r vertikala transporter fr\u00e5n Alimak. Serviceunderh\u00e5llsavtal skr\u00e4ddarsys f\u00f6r att m\u00f6ta behoven hos utrustningen och kan implementeras tempor\u00e4rt eller l\u00e5ngsiktigt under hela livsl\u00e4ngden f\u00f6r utrustning f\u00f6r vertikala transporter.<\/p>\n<p>Underh\u00e5llstj\u00e4nsterna utf\u00f6rs uteslutande av v\u00e4lutbildade och erfarna Alimak-servicetekniker f\u00f6r att garantera h\u00f6gkvalitativt arbete som f\u00f6rb\u00e4ttrar prestanda, effektivitet och s\u00e4kerhet. Underh\u00e5llsl\u00f6sningar finns tillg\u00e4ngliga inom hela utbudet av Alimak-produkter, inklusive bygghissar, industrihissar, kl\u00e4tterplattformar och transportplattformar.<\/p>\n          <\/div>\n        \n                  <a\n          href=\"https:\/\/alimak.com\/se\/contact-us\/\"\n          class=\"m11__button button\"\n          data-animate\n          target=\"_self\">\n            Tala med en expert          <\/a>\n        \n      <\/div>\n\n              <div class=\"m11__media\">\n          <img src=https:\/\/alimak.com\/se\/wp-content\/uploads\/sites\/28\/2022\/10\/190806-148-web-800x533.jpg srcset=\"https:\/\/alimak.com\/se\/wp-content\/uploads\/sites\/28\/2022\/10\/190806-148-web-800x533.jpg 1x, https:\/\/alimak.com\/se\/wp-content\/uploads\/sites\/28\/2022\/10\/190806-148-web-1600x1067.jpg 2x\" class=\"m11__image initial\" alt=\"\" width=\"800\" height=\"533\">        <\/div>\n      \n    <\/div>\n  <\/div>\n<\/article>\n\n\n\n\n<div style=\"height:72px\" aria-hidden=\"true\" class=\"wp-block-spacer\"><\/div>\n\n\n\n<p class=\"has-text-align-center\">Som den valda serviceleverant\u00f6ren f\u00f6r Alimak erbjuder Alimak Service kompletta service- och supportl\u00f6sningar till \u00e4gare och operat\u00f6rer av Alimak-utrustning. Allt underh\u00e5ll utf\u00f6rs av v\u00e4lutbildade tekniker fr\u00e5n Alimak Service.<\/p>\n\n\n\n<div style=\"height:50px\" aria-hidden=\"true\" class=\"wp-block-spacer\"><\/div>\n\n\n\n<div class=\"wp-block-group has-light-grey-background-color has-background\"><div class=\"wp-block-group__inner-container is-layout-flow wp-block-group-is-layout-flow\">\n<article class=\"m05 break-out desktop-only\" id=\"block_5fad4fcdea126\" data-animate-container>\n  <div class=\"container m05__container\">\n          <h2 class=\"m05__heading h3 uppercase\" data-animate>F\u00d6RDELAR MED UNDERH\u00c5LLSL\u00d6SNINGAR<\/h2>\n    \n          <div class=\"m05__benefits\">\n                  <article class=\"m05__benefit\" data-animate data-delay=\"0\">\n\n                          <p class=\"m05__text h4 uppercase\">SKR\u00c4DDARSYDDA SERVICEAVTAL<\/p>\n            \n                          <div class=\"m05__icon\" aria-hidden=\"true\">\n                <img src=https:\/\/alimak.com\/se\/wp-content\/uploads\/sites\/28\/2020\/11\/icon_benefits.png  class=\"\" alt=\"\" width=\"51\" height=\"61\">              <\/div>\n            \n          <\/article>\n                  <article class=\"m05__benefit\" data-animate data-delay=\"150\">\n\n                          <p class=\"m05__text h4 uppercase\">MINIMERA PRODUKTIONSSTOPP<\/p>\n            \n                          <div class=\"m05__icon\" aria-hidden=\"true\">\n                <img src=https:\/\/alimak.com\/se\/wp-content\/uploads\/sites\/28\/2020\/11\/icon_benefits.png  class=\"\" alt=\"\" width=\"51\" height=\"61\">              <\/div>\n            \n          <\/article>\n                  <article class=\"m05__benefit\" data-animate data-delay=\"300\">\n\n                          <p class=\"m05__text h4 uppercase\">ORIGINALRESERVDELAR<\/p>\n            \n                          <div class=\"m05__icon\" aria-hidden=\"true\">\n                <img src=https:\/\/alimak.com\/se\/wp-content\/uploads\/sites\/28\/2020\/11\/icon_benefits.png  class=\"\" alt=\"\" width=\"51\" height=\"61\">              <\/div>\n            \n          <\/article>\n                  <article class=\"m05__benefit\" data-animate data-delay=\"450\">\n\n                          <p class=\"m05__text h4 uppercase\">12 M\u00c5NADERS GARANTI<\/p>\n            \n                          <div class=\"m05__icon\" aria-hidden=\"true\">\n                <img src=https:\/\/alimak.com\/se\/wp-content\/uploads\/sites\/28\/2020\/11\/icon_benefits.png  class=\"\" alt=\"\" width=\"51\" height=\"61\">              <\/div>\n            \n          <\/article>\n              <\/div>\n      <\/div>\n<\/article>\n<\/div><\/div>\n\n\n\n<article class=\"m13 break-out\" id=\"block_5fad5044ea12b\" data-animate-container>\n  <div class=\"container m13__container\">\n\n          <h2 class=\"m13__heading uppercase h3\" data-animate>TILLG\u00c4NGLIGA UNDERH\u00c5LLSTJ\u00c4NSTER<\/h2>\n        \n          <div class=\"m13__services\">\n                  <article class=\"m13__service\" data-animate data-delay=\"0\">\n\n                          <h3 class=\"m13__title uppercase h4\">INLEDANDE KONSULTATION OCH F\u00d6RSLAG<\/h3>\n            \n            <p>En Alimak-specialist genomf\u00f6r en fullst\u00e4ndig inspektion och f\u00f6resl\u00e5r den mest kostnadseffektiva underh\u00e5llsl\u00f6sningen.<\/p>\n<div class=\"m13__icon\" aria-hidden=\"true\"><\/div>\n\n            \n                          <div class=\"m13__icon\" aria-hidden=\"true\">\n                <img src=https:\/\/alimak.com\/se\/wp-content\/uploads\/sites\/28\/2020\/11\/icon_Primary-consultation.png  class=\"\" alt=\"\" width=\"60\" height=\"53\">              <\/div>\n            \n          <\/article>\n                  <article class=\"m13__service\" data-animate data-delay=\"150\">\n\n                          <h3 class=\"m13__title uppercase h4\">SERVICENIV\u00c5AVTAL<\/h3>\n            \n            <p>Skr\u00e4ddarsydda serviceavtal str\u00e4cker sig fr\u00e5n service och underh\u00e5ll efter behov till omfattande service- och supportl\u00f6sningar genom utrustningens hela livscykel.<\/p>\n<div class=\"m13__icon\" aria-hidden=\"true\"><\/div>\n\n            \n                          <div class=\"m13__icon\" aria-hidden=\"true\">\n                <img src=https:\/\/alimak.com\/se\/wp-content\/uploads\/sites\/28\/2020\/11\/icon_Service-level-agreement.png  class=\"\" alt=\"\" width=\"42\" height=\"60\">              <\/div>\n            \n          <\/article>\n                  <article class=\"m13__service\" data-animate data-delay=\"300\">\n\n                          <h3 class=\"m13__title uppercase h4\">PROGRAM F\u00d6R SERVICE OCH F\u00d6REBYGGANDE UNDERH\u00c5LL<\/h3>\n            \n            <p>Schemalagt f\u00f6rebyggande underh\u00e5ll f\u00f6rb\u00e4ttrar prestandan, f\u00f6rl\u00e4nger Alimak-utrustningens livsl\u00e4ngd och minimerar risken f\u00f6r oplanerad stillest\u00e5ndstid.<\/p>\n<div class=\"m13__icon\" aria-hidden=\"true\"><\/div>\n\n            \n                          <div class=\"m13__icon\" aria-hidden=\"true\">\n                <img src=https:\/\/alimak.com\/se\/wp-content\/uploads\/sites\/28\/2020\/11\/icon_Service-_-preventative.png  class=\"\" alt=\"\" width=\"66\" height=\"71\">              <\/div>\n            \n          <\/article>\n                  <article class=\"m13__service\" data-animate data-delay=\"450\">\n\n                          <h3 class=\"m13__title uppercase h4\">N\u00d6DTJ\u00c4NSTER<\/h3>\n            \n            <p>Minimera dyra driftsstopp i utrustningen med hj\u00e4lp av n\u00f6dtj\u00e4nster utformade f\u00f6r att \u00e5terst\u00e4lla utrustningens prestanda och funktionalitet.<\/p>\n<div class=\"m13__icon\" aria-hidden=\"true\"><\/div>\n\n            \n                          <div class=\"m13__icon\" aria-hidden=\"true\">\n                <img src=https:\/\/alimak.com\/se\/wp-content\/uploads\/sites\/28\/2020\/11\/icon_Emergency-callouts.png  class=\"\" alt=\"\" width=\"62\" height=\"55\">              <\/div>\n            \n          <\/article>\n                  <article class=\"m13__service\" data-animate data-delay=\"600\">\n\n                          <h3 class=\"m13__title uppercase h4\">TEKNISK SUPPORT\/FELS\u00d6KNING<\/h3>\n            \n            <p>F\u00e5 hj\u00e4lp med att identifiera och l\u00f6sa problem med prestanda, s\u00e4kerhet och effektivitet f\u00f6r att maximera drifttiden f\u00f6r utrustning f\u00f6r vertikala transporter.<\/p>\n<div class=\"m13__icon\" aria-hidden=\"true\"><\/div>\n\n            \n                          <div class=\"m13__icon\" aria-hidden=\"true\">\n                <img src=https:\/\/alimak.com\/se\/wp-content\/uploads\/sites\/28\/2020\/11\/icon_Technical-support.png  class=\"\" alt=\"\" width=\"63\" height=\"63\">              <\/div>\n            \n          <\/article>\n                  <article class=\"m13__service\" data-animate data-delay=\"750\">\n\n                          <h3 class=\"m13__title uppercase h4\">RESERVDELSPAKET<\/h3>\n            \n            <p>Endast originalreservdelar fr\u00e5n Alimak anv\u00e4nds under underh\u00e5ll f\u00f6r att f\u00f6rl\u00e4nga livsl\u00e4ngden p\u00e5 Alimak-utrustning och maximera prestandan.<\/p>\n<div class=\"m13__icon\" aria-hidden=\"true\"><\/div>\n\n            \n                          <div class=\"m13__icon\" aria-hidden=\"true\">\n                <img src=https:\/\/alimak.com\/se\/wp-content\/uploads\/sites\/28\/2020\/11\/icon_spare-parts.png  class=\"\" alt=\"\" width=\"64\" height=\"60\">              <\/div>\n            \n          <\/article>\n              <\/div>\n    \n  <\/div>\n<\/article>\n\n\n\n<article class=\"m08 break-out\" id=\"block_5fad50cbea132\" data-animate-container>\n  <div class=\"container m08__container\">\n\n          <div class=\"m08__block m08__block--one\">\n        <div class=\"m08__content\">\n\n                      <h2 class=\"m08__heading uppercase h3\" data-animate>KONTAKTA OSS F\u00d6R MER INFORMATION ELLER EN OFFERT<\/h2>\n          \n                      <div class=\"m08__text\" data-animate>\n              <div class=\"m08__text\" data-animate=\"\">\n<p>Beh\u00f6ver du hj\u00e4lp med att v\u00e4lja produkt f\u00f6r ett kommande projekt? Kontakta v\u00e5ra produktexperter f\u00f6r information om v\u00e5rt utbud av l\u00f6sningar f\u00f6r vertikala transporter och en offert som m\u00f6ter behoven i ditt projekt.<\/p>\n<\/div>\n            <\/div>\n          \n                      <a\n            data-animate\n            href=\"https:\/\/alimak.com\/se\/request-a-quote\"\n            class=\"m08__button button button--outline button--white\"\n            target=\"_self\">\n              Beg\u00e4r offert            <\/a>\n          \n        <\/div>\n      <\/div>\n    \n          <div class=\"m08__block m08__block--two\">\n        <div class=\"m08__content\">\n\n                      <h2 class=\"m08__heading uppercase h3\" data-animate>HITTA EN LOKAL REPRESENTANT<\/h2>\n          \n                      <div class=\"m08__text\" data-animate>\n              <div class=\"m08__text\" data-animate=\"\">\n<p>Alimak finns p\u00e5 sex kontinenter och anv\u00e4nder ett globalt n\u00e4tverk f\u00f6r att leverera l\u00f6sningar f\u00f6r vertikala transporter f\u00f6r en rad olika till\u00e4mpningar p\u00e5 bygg- och industrianl\u00e4ggningar runt om i v\u00e4rlden. Kontakta oss f\u00f6r att hitta en lokal representant fr\u00e5n Alimaks globala n\u00e4tverk.<\/p>\n<\/div>\n            <\/div>\n          \n                      <a\n            data-animate\n            href=\"https:\/\/alimak.com\/se\/locations\/\"\n            class=\"m08__button button\"\n            target=\"_self\">\n              S\u00f6k i katalogen            <\/a>\n          \n        <\/div>\n      <\/div>\n        \n  <\/div>\n<\/article>\n\n\n\n<div style=\"height:100px\" aria-hidden=\"true\" class=\"wp-block-spacer\"><\/div>\n","protected":false},"excerpt":{"rendered":"<p>Som den valda serviceleverant\u00f6ren f\u00f6r Alimak erbjuder Alimak Service kompletta service- och supportl\u00f6sningar till \u00e4gare och operat\u00f6rer av Alimak-utrustning. Allt underh\u00e5ll utf\u00f6rs av v\u00e4lutbildade tekniker fr\u00e5n Alimak Service.<\/p>\n","protected":false},"author":1,"featured_media":0,"parent":203,"menu_order":0,"comment_status":"closed","ping_status":"closed","template":"","meta":{"_trash_the_other_posts":false,"editor_notices":[],"footnotes":""},"class_list":["post-204","page","type-page","status-publish","hentry"],"yoast_head":"<!-- This site is optimized with the Yoast SEO plugin v27.3 - https:\/\/yoast.com\/product\/yoast-seo-wordpress\/ -->\n<title>Underh\u00e5ll - Alimak Sweden<\/title>\n<meta name=\"robots\" content=\"index, follow, max-snippet:-1, max-image-preview:large, max-video-preview:-1\" \/>\n<link rel=\"canonical\" href=\"https:\/\/alimak.com\/se\/service-solutions\/maintenance\/\" \/>\n<meta property=\"og:locale\" content=\"sv_SE\" \/>\n<meta property=\"og:type\" content=\"article\" \/>\n<meta property=\"og:title\" content=\"Underh\u00e5ll - Alimak Sweden\" \/>\n<meta property=\"og:description\" content=\"Som den valda serviceleverant\u00f6ren f\u00f6r Alimak erbjuder Alimak Service kompletta service- och supportl\u00f6sningar till \u00e4gare och operat\u00f6rer av Alimak-utrustning. Allt underh\u00e5ll utf\u00f6rs av v\u00e4lutbildade tekniker fr\u00e5n Alimak Service.\" \/>\n<meta property=\"og:url\" content=\"https:\/\/alimak.com\/se\/service-solutions\/maintenance\/\" \/>\n<meta property=\"og:site_name\" content=\"Alimak Sweden\" \/>\n<meta property=\"article:modified_time\" content=\"2025-06-11T05:28:38+00:00\" \/>\n<meta name=\"twitter:card\" content=\"summary_large_image\" \/>\n<meta name=\"twitter:label1\" content=\"Ber\u00e4knad l\u00e4stid\" \/>\n\t<meta name=\"twitter:data1\" content=\"1 minut\" \/>\n<script type=\"application\/ld+json\" class=\"yoast-schema-graph\">{\"@context\":\"https:\\\/\\\/schema.org\",\"@graph\":[{\"@type\":\"WebPage\",\"@id\":\"https:\\\/\\\/alimak.com\\\/se\\\/service-solutions\\\/maintenance\\\/\",\"url\":\"https:\\\/\\\/alimak.com\\\/se\\\/service-solutions\\\/maintenance\\\/\",\"name\":\"Underh\u00e5ll - Alimak Sweden\",\"isPartOf\":{\"@id\":\"https:\\\/\\\/alimak.com\\\/se\\\/#website\"},\"datePublished\":\"2020-11-12T12:57:50+00:00\",\"dateModified\":\"2025-06-11T05:28:38+00:00\",\"breadcrumb\":{\"@id\":\"https:\\\/\\\/alimak.com\\\/se\\\/service-solutions\\\/maintenance\\\/#breadcrumb\"},\"inLanguage\":\"sv-SE\",\"potentialAction\":[{\"@type\":\"ReadAction\",\"target\":[\"https:\\\/\\\/alimak.com\\\/se\\\/service-solutions\\\/maintenance\\\/\"]}]},{\"@type\":\"BreadcrumbList\",\"@id\":\"https:\\\/\\\/alimak.com\\\/se\\\/service-solutions\\\/maintenance\\\/#breadcrumb\",\"itemListElement\":[{\"@type\":\"ListItem\",\"position\":1,\"name\":\"Hem\",\"item\":\"https:\\\/\\\/alimak.com\\\/se\\\/\"},{\"@type\":\"ListItem\",\"position\":2,\"name\":\"Servicel\u00f6sningar\",\"item\":\"https:\\\/\\\/alimak.com\\\/se\\\/service-solutions\\\/\"},{\"@type\":\"ListItem\",\"position\":3,\"name\":\"Underh\u00e5ll\"}]},{\"@type\":\"WebSite\",\"@id\":\"https:\\\/\\\/alimak.com\\\/se\\\/#website\",\"url\":\"https:\\\/\\\/alimak.com\\\/se\\\/\",\"name\":\"Alimak Sweden\",\"description\":\"Global leaders in Vertical Access Solutions\",\"potentialAction\":[{\"@type\":\"SearchAction\",\"target\":{\"@type\":\"EntryPoint\",\"urlTemplate\":\"https:\\\/\\\/alimak.com\\\/se\\\/?s={search_term_string}\"},\"query-input\":{\"@type\":\"PropertyValueSpecification\",\"valueRequired\":true,\"valueName\":\"search_term_string\"}}],\"inLanguage\":\"sv-SE\"}]}<\/script>\n<!-- \/ Yoast SEO plugin. -->","yoast_head_json":{"title":"Underh\u00e5ll - Alimak Sweden","robots":{"index":"index","follow":"follow","max-snippet":"max-snippet:-1","max-image-preview":"max-image-preview:large","max-video-preview":"max-video-preview:-1"},"canonical":"https:\/\/alimak.com\/se\/service-solutions\/maintenance\/","og_locale":"sv_SE","og_type":"article","og_title":"Underh\u00e5ll - Alimak Sweden","og_description":"Som den valda serviceleverant\u00f6ren f\u00f6r Alimak erbjuder Alimak Service kompletta service- och supportl\u00f6sningar till \u00e4gare och operat\u00f6rer av Alimak-utrustning. Allt underh\u00e5ll utf\u00f6rs av v\u00e4lutbildade tekniker fr\u00e5n Alimak Service.","og_url":"https:\/\/alimak.com\/se\/service-solutions\/maintenance\/","og_site_name":"Alimak Sweden","article_modified_time":"2025-06-11T05:28:38+00:00","twitter_card":"summary_large_image","twitter_misc":{"Ber\u00e4knad l\u00e4stid":"1 minut"},"schema":{"@context":"https:\/\/schema.org","@graph":[{"@type":"WebPage","@id":"https:\/\/alimak.com\/se\/service-solutions\/maintenance\/","url":"https:\/\/alimak.com\/se\/service-solutions\/maintenance\/","name":"Underh\u00e5ll - Alimak Sweden","isPartOf":{"@id":"https:\/\/alimak.com\/se\/#website"},"datePublished":"2020-11-12T12:57:50+00:00","dateModified":"2025-06-11T05:28:38+00:00","breadcrumb":{"@id":"https:\/\/alimak.com\/se\/service-solutions\/maintenance\/#breadcrumb"},"inLanguage":"sv-SE","potentialAction":[{"@type":"ReadAction","target":["https:\/\/alimak.com\/se\/service-solutions\/maintenance\/"]}]},{"@type":"BreadcrumbList","@id":"https:\/\/alimak.com\/se\/service-solutions\/maintenance\/#breadcrumb","itemListElement":[{"@type":"ListItem","position":1,"name":"Hem","item":"https:\/\/alimak.com\/se\/"},{"@type":"ListItem","position":2,"name":"Servicel\u00f6sningar","item":"https:\/\/alimak.com\/se\/service-solutions\/"},{"@type":"ListItem","position":3,"name":"Underh\u00e5ll"}]},{"@type":"WebSite","@id":"https:\/\/alimak.com\/se\/#website","url":"https:\/\/alimak.com\/se\/","name":"Alimak Sweden","description":"Global leaders in Vertical Access Solutions","potentialAction":[{"@type":"SearchAction","target":{"@type":"EntryPoint","urlTemplate":"https:\/\/alimak.com\/se\/?s={search_term_string}"},"query-input":{"@type":"PropertyValueSpecification","valueRequired":true,"valueName":"search_term_string"}}],"inLanguage":"sv-SE"}]}},"_links":{"self":[{"href":"https:\/\/alimak.com\/se\/wp-json\/wp\/v2\/pages\/204","targetHints":{"allow":["GET"]}}],"collection":[{"href":"https:\/\/alimak.com\/se\/wp-json\/wp\/v2\/pages"}],"about":[{"href":"https:\/\/alimak.com\/se\/wp-json\/wp\/v2\/types\/page"}],"author":[{"embeddable":true,"href":"https:\/\/alimak.com\/se\/wp-json\/wp\/v2\/users\/1"}],"replies":[{"embeddable":true,"href":"https:\/\/alimak.com\/se\/wp-json\/wp\/v2\/comments?post=204"}],"version-history":[{"count":5,"href":"https:\/\/alimak.com\/se\/wp-json\/wp\/v2\/pages\/204\/revisions"}],"predecessor-version":[{"id":4919,"href":"https:\/\/alimak.com\/se\/wp-json\/wp\/v2\/pages\/204\/revisions\/4919"}],"up":[{"embeddable":true,"href":"https:\/\/alimak.com\/se\/wp-json\/wp\/v2\/pages\/203"}],"wp:attachment":[{"href":"https:\/\/alimak.com\/se\/wp-json\/wp\/v2\/media?parent=204"}],"curies":[{"name":"wp","href":"https:\/\/api.w.org\/{rel}","templated":true}]}}