{"id":207,"date":"2020-11-12T12:59:20","date_gmt":"2020-11-12T12:59:20","guid":{"rendered":"https:\/\/alimak.wpengine.com\/?page_id=207"},"modified":"2023-11-02T13:40:27","modified_gmt":"2023-11-02T13:40:27","slug":"financing-solutions","status":"publish","type":"page","link":"https:\/\/alimak.com\/se\/service-solutions\/financing-solutions\/","title":{"rendered":"Finansieringsl\u00f6sningar"},"content":{"rendered":"\n<article class=\"m33 break-out\" id=\"block_5fad4e4e13f69\" data-animate-container>\n\n  <nav id=\"breadcrumbs\"><div class=\"container\"><span><span><a href=\"https:\/\/alimak.com\/se\/\">Hem<\/a><\/span><\/span><\/div><\/nav>\n  <div class=\"container m33__container\">\n\t\t\n\t\t\t\t\t<h1 class=\"m33__heading uppercase  \" data-animate>Finansieringsl\u00f6sningar<\/h1>\n\t\t\t\t\n\t\t  <\/div>\n\n<\/article>\n\n\n\n\n<div style=\"height:100px\" aria-hidden=\"true\" class=\"wp-block-spacer\"><\/div>\n\n\n\n<div class=\"wp-block-group has-light-grey-background-color has-background\"><div class=\"wp-block-group__inner-container is-layout-flow wp-block-group-is-layout-flow\">\n<article class=\"m17 break-out\" id=\"block_5fbd069b45f12\" data-animate-container>\n  <div class=\"container m17__container\">\n\n    <div class=\"m17__introduction large\">\n                    <div class=\"m17__text\" data-animate>\n          <div class=\"m17__introduction large\">\n<div class=\"m17__text\" data-animate=\"\">\n<p>Alimak erbjuder en rad skr\u00e4ddarsydda finansieringsl\u00f6sningar fr\u00e5n betalningsplaner, finansiering f\u00f6r export till leasingavtal.<\/p>\n<\/div>\n<\/div>\n        <\/div>\n          <\/div>\n\n    \n      <article class=\"m17__block\" data-animate data-delay=\"0\">\n\n                  <div class=\"m17__content\">\n\n                          <h3 class=\"m17__title uppercase h4\">FINANSIELL LEASING<\/h3>\n              <p>Alimak tillhandah\u00e5ller leasingl\u00f6sningar genom v\u00e5ra leasingpartners som t\u00e4cker en stor del av v\u00e4rldsmarknaden. Beroende p\u00e5 land och utrustning kan Alimak tillgodose dina aff\u00e4rsspecifika behov och skr\u00e4ddarsy en fullst\u00e4ndig l\u00f6sning f\u00f6r att omfatta utrustning, finansiering och underh\u00e5ll.<\/p>\n\n          <\/div>\n                \n                  <div class=\"m17__media\">\n            <img src=https:\/\/alimak.com\/se\/wp-content\/uploads\/sites\/28\/2020\/11\/Financing-solutions-Hero-image.jpg  class=\"m17__image\" alt=\"\" width=\"666\" height=\"592\">          <\/div>\n        \n      <\/article>\n\n      \n      <article class=\"m17__block\" data-animate data-delay=\"150\">\n\n                  <div class=\"m17__content\">\n\n                          <h3 class=\"m17__title uppercase h4\">HANDEL- OCH EXPORTFINANSIERING<\/h3>\n              <p>Alimaks team av experter inom handel- och exportfinansiering, tillsammans med tillg\u00e5ng till ett stort n\u00e4tverk av banker, ger sinnesro att en stor m\u00e4ngd av transaktionstyper kan hanteras.<\/p>\n<p>Tveka inte att kontakta oss f\u00f6r mer information eller om du har fr\u00e5gor om finansiering.<\/p>\n\n          <\/div>\n                \n                  <div class=\"m17__media\">\n            <img src=https:\/\/alimak.com\/se\/wp-content\/uploads\/sites\/28\/2020\/11\/Cement-Hero.jpg  class=\"m17__image\" alt=\"\" width=\"666\" height=\"592\">          <\/div>\n        \n      <\/article>\n\n      \n  <\/div>\n<\/article><\/div><\/div>\n\n\n\n<article class=\"m08 break-out\" id=\"block_5fd931ae16a23\" data-animate-container>\n  <div class=\"container m08__container\">\n\n          <div class=\"m08__block m08__block--one\">\n        <div class=\"m08__content\">\n\n                      <h2 class=\"m08__heading uppercase h3\" data-animate>KONTAKTA OSS F\u00d6R MER INFORMATION ELLER EN OFFERT<\/h2>\n          \n                      <div class=\"m08__text\" data-animate>\n              <div class=\"m08__text\" data-animate=\"\">\n<p>Beh\u00f6ver du hj\u00e4lp med att v\u00e4lja produkt f\u00f6r ett kommande projekt? Kontakta v\u00e5ra produktexperter f\u00f6r information om v\u00e5rt utbud av l\u00f6sningar f\u00f6r vertikala transporter och en offert som m\u00f6ter behoven i ditt projekt.<\/p>\n<\/div>\n            <\/div>\n          \n                      <a\n            data-animate\n            href=\"https:\/\/alimak.com\/se\/request-a-quote\"\n            class=\"m08__button button button--outline button--white\"\n            target=\"_self\">\n              Beg\u00e4r offert            <\/a>\n          \n        <\/div>\n      <\/div>\n    \n          <div class=\"m08__block m08__block--two\">\n        <div class=\"m08__content\">\n\n                      <h2 class=\"m08__heading uppercase h3\" data-animate>Hitta en lokal representant<\/h2>\n          \n                      <div class=\"m08__text\" data-animate>\n              <p>Alimak finns p\u00e5 sex kontinenter och anv\u00e4nder ett globalt n\u00e4tverk f\u00f6r att leverera l\u00f6sningar f\u00f6r vertikala transporter f\u00f6r en rad olika till\u00e4mpningar p\u00e5 bygg- och industrianl\u00e4ggningar runt om i v\u00e4rlden. Kontakta oss f\u00f6r att hitta en lokal representant fr\u00e5n Alimaks globala n\u00e4tverk.<\/p>\n            <\/div>\n          \n                      <a\n            data-animate\n            href=\"\/se\/locations\"\n            class=\"m08__button button\"\n            target=\"_self\">\n              S\u00f6k i katalogen            <\/a>\n          \n        <\/div>\n      <\/div>\n        \n  <\/div>\n<\/article>\n\n\n\n<div style=\"height:100px\" aria-hidden=\"true\" class=\"wp-block-spacer\"><\/div>\n","protected":false},"excerpt":{"rendered":"","protected":false},"author":1,"featured_media":0,"parent":203,"menu_order":0,"comment_status":"closed","ping_status":"closed","template":"","meta":{"_trash_the_other_posts":false,"editor_notices":[],"footnotes":""},"class_list":["post-207","page","type-page","status-publish","hentry"],"yoast_head":"<!-- This site is optimized with the Yoast SEO plugin v27.3 - https:\/\/yoast.com\/product\/yoast-seo-wordpress\/ -->\n<title>Finansieringsl\u00f6sningar - Alimak Sweden<\/title>\n<meta name=\"robots\" content=\"index, follow, max-snippet:-1, max-image-preview:large, max-video-preview:-1\" \/>\n<link rel=\"canonical\" href=\"https:\/\/alimak.com\/se\/service-solutions\/financing-solutions\/\" \/>\n<meta property=\"og:locale\" content=\"sv_SE\" \/>\n<meta property=\"og:type\" content=\"article\" \/>\n<meta property=\"og:title\" content=\"Finansieringsl\u00f6sningar - Alimak Sweden\" \/>\n<meta property=\"og:url\" content=\"https:\/\/alimak.com\/se\/service-solutions\/financing-solutions\/\" \/>\n<meta property=\"og:site_name\" content=\"Alimak Sweden\" \/>\n<meta property=\"article:modified_time\" content=\"2023-11-02T13:40:27+00:00\" \/>\n<meta name=\"twitter:card\" content=\"summary_large_image\" \/>\n<script type=\"application\/ld+json\" class=\"yoast-schema-graph\">{\"@context\":\"https:\\\/\\\/schema.org\",\"@graph\":[{\"@type\":\"WebPage\",\"@id\":\"https:\\\/\\\/alimak.com\\\/se\\\/service-solutions\\\/financing-solutions\\\/\",\"url\":\"https:\\\/\\\/alimak.com\\\/se\\\/service-solutions\\\/financing-solutions\\\/\",\"name\":\"Finansieringsl\u00f6sningar - Alimak Sweden\",\"isPartOf\":{\"@id\":\"https:\\\/\\\/alimak.com\\\/se\\\/#website\"},\"datePublished\":\"2020-11-12T12:59:20+00:00\",\"dateModified\":\"2023-11-02T13:40:27+00:00\",\"breadcrumb\":{\"@id\":\"https:\\\/\\\/alimak.com\\\/se\\\/service-solutions\\\/financing-solutions\\\/#breadcrumb\"},\"inLanguage\":\"sv-SE\",\"potentialAction\":[{\"@type\":\"ReadAction\",\"target\":[\"https:\\\/\\\/alimak.com\\\/se\\\/service-solutions\\\/financing-solutions\\\/\"]}]},{\"@type\":\"BreadcrumbList\",\"@id\":\"https:\\\/\\\/alimak.com\\\/se\\\/service-solutions\\\/financing-solutions\\\/#breadcrumb\",\"itemListElement\":[{\"@type\":\"ListItem\",\"position\":1,\"name\":\"Hem\",\"item\":\"https:\\\/\\\/alimak.com\\\/se\\\/\"},{\"@type\":\"ListItem\",\"position\":2,\"name\":\"Servicel\u00f6sningar\",\"item\":\"https:\\\/\\\/alimak.com\\\/se\\\/service-solutions\\\/\"},{\"@type\":\"ListItem\",\"position\":3,\"name\":\"Finansieringsl\u00f6sningar\"}]},{\"@type\":\"WebSite\",\"@id\":\"https:\\\/\\\/alimak.com\\\/se\\\/#website\",\"url\":\"https:\\\/\\\/alimak.com\\\/se\\\/\",\"name\":\"Alimak Sweden\",\"description\":\"Global leaders in Vertical Access Solutions\",\"potentialAction\":[{\"@type\":\"SearchAction\",\"target\":{\"@type\":\"EntryPoint\",\"urlTemplate\":\"https:\\\/\\\/alimak.com\\\/se\\\/?s={search_term_string}\"},\"query-input\":{\"@type\":\"PropertyValueSpecification\",\"valueRequired\":true,\"valueName\":\"search_term_string\"}}],\"inLanguage\":\"sv-SE\"}]}<\/script>\n<!-- \/ Yoast SEO plugin. -->","yoast_head_json":{"title":"Finansieringsl\u00f6sningar - Alimak Sweden","robots":{"index":"index","follow":"follow","max-snippet":"max-snippet:-1","max-image-preview":"max-image-preview:large","max-video-preview":"max-video-preview:-1"},"canonical":"https:\/\/alimak.com\/se\/service-solutions\/financing-solutions\/","og_locale":"sv_SE","og_type":"article","og_title":"Finansieringsl\u00f6sningar - Alimak Sweden","og_url":"https:\/\/alimak.com\/se\/service-solutions\/financing-solutions\/","og_site_name":"Alimak Sweden","article_modified_time":"2023-11-02T13:40:27+00:00","twitter_card":"summary_large_image","schema":{"@context":"https:\/\/schema.org","@graph":[{"@type":"WebPage","@id":"https:\/\/alimak.com\/se\/service-solutions\/financing-solutions\/","url":"https:\/\/alimak.com\/se\/service-solutions\/financing-solutions\/","name":"Finansieringsl\u00f6sningar - Alimak Sweden","isPartOf":{"@id":"https:\/\/alimak.com\/se\/#website"},"datePublished":"2020-11-12T12:59:20+00:00","dateModified":"2023-11-02T13:40:27+00:00","breadcrumb":{"@id":"https:\/\/alimak.com\/se\/service-solutions\/financing-solutions\/#breadcrumb"},"inLanguage":"sv-SE","potentialAction":[{"@type":"ReadAction","target":["https:\/\/alimak.com\/se\/service-solutions\/financing-solutions\/"]}]},{"@type":"BreadcrumbList","@id":"https:\/\/alimak.com\/se\/service-solutions\/financing-solutions\/#breadcrumb","itemListElement":[{"@type":"ListItem","position":1,"name":"Hem","item":"https:\/\/alimak.com\/se\/"},{"@type":"ListItem","position":2,"name":"Servicel\u00f6sningar","item":"https:\/\/alimak.com\/se\/service-solutions\/"},{"@type":"ListItem","position":3,"name":"Finansieringsl\u00f6sningar"}]},{"@type":"WebSite","@id":"https:\/\/alimak.com\/se\/#website","url":"https:\/\/alimak.com\/se\/","name":"Alimak Sweden","description":"Global leaders in Vertical Access Solutions","potentialAction":[{"@type":"SearchAction","target":{"@type":"EntryPoint","urlTemplate":"https:\/\/alimak.com\/se\/?s={search_term_string}"},"query-input":{"@type":"PropertyValueSpecification","valueRequired":true,"valueName":"search_term_string"}}],"inLanguage":"sv-SE"}]}},"_links":{"self":[{"href":"https:\/\/alimak.com\/se\/wp-json\/wp\/v2\/pages\/207","targetHints":{"allow":["GET"]}}],"collection":[{"href":"https:\/\/alimak.com\/se\/wp-json\/wp\/v2\/pages"}],"about":[{"href":"https:\/\/alimak.com\/se\/wp-json\/wp\/v2\/types\/page"}],"author":[{"embeddable":true,"href":"https:\/\/alimak.com\/se\/wp-json\/wp\/v2\/users\/1"}],"replies":[{"embeddable":true,"href":"https:\/\/alimak.com\/se\/wp-json\/wp\/v2\/comments?post=207"}],"version-history":[{"count":3,"href":"https:\/\/alimak.com\/se\/wp-json\/wp\/v2\/pages\/207\/revisions"}],"predecessor-version":[{"id":4380,"href":"https:\/\/alimak.com\/se\/wp-json\/wp\/v2\/pages\/207\/revisions\/4380"}],"up":[{"embeddable":true,"href":"https:\/\/alimak.com\/se\/wp-json\/wp\/v2\/pages\/203"}],"wp:attachment":[{"href":"https:\/\/alimak.com\/se\/wp-json\/wp\/v2\/media?parent=207"}],"curies":[{"name":"wp","href":"https:\/\/api.w.org\/{rel}","templated":true}]}}