{"id":222,"date":"2020-11-12T13:42:58","date_gmt":"2020-11-12T13:42:58","guid":{"rendered":"https:\/\/alimak.wpengine.com\/?page_id=222"},"modified":"2021-07-07T05:36:07","modified_gmt":"2021-07-07T05:36:07","slug":"privacy-policy","status":"publish","type":"page","link":"https:\/\/alimak.com\/se\/about-us\/privacy-policy\/","title":{"rendered":"Sekretesspolicy"},"content":{"rendered":"\n<article class=\"m11 break-out\" id=\"block_5fd75e65e36ec\" data-animate-container>\n\n  <nav id=\"breadcrumbs\"><div class=\"container\" data-animate><span><span><a href=\"https:\/\/alimak.com\/se\/\">Hem<\/a><\/span><\/span><\/div><\/nav>\n  <div class=\"m11__wrapper\">\n    <div class=\"container m11__container\">\n\n      <div class=\"m11__content\">\n\n                  <h1 class=\"m11__heading uppercase\" data-animate>Sekretesspolicy<\/h1>\n        \n                  <div class=\"m11__text\" data-animate>\n            <div class=\"m11__text\" data-animate=\"\">\n<p>Information om hanteringen av personuppgifter inom Alimak Group<\/p>\n<\/div>\n          <\/div>\n        \n        \n      <\/div>\n\n      \n    <\/div>\n  <\/div>\n<\/article>\n\n\n\n\n<div style=\"height:100px\" aria-hidden=\"true\" class=\"wp-block-spacer\"><\/div>\n\n\n\n<p>Alimak \u00e4r en del av Alimak Group, som \u00e4r en global ledare inom l\u00f6sningar f\u00f6r vertikala transporter. Vi str\u00e4var alltid efter att bygga starka och trov\u00e4rdiga relationer med alla parter som vi g\u00f6r aff\u00e4rer med. D\u00e4rf\u00f6r \u00e4r det viktigt f\u00f6r oss att hantera dina personuppgifter med din integritet i fokus.<\/p>\n\n\n\n<p>Personuppgifter \u00e4r all slags information som kan anv\u00e4ndas f\u00f6r att identifiera dig som fysisk person. V\u00e5r sekretesspolicy beskriver varf\u00f6r och hur vi hanterar dina personuppgifter och hur du kan ut\u00f6va dina r\u00e4ttigheter.<\/p>\n\n\n\n<p>L\u00e4s igenom denna policy.<\/p>\n\n\n\n<h3 class=\"wp-block-heading\">V\u00e5rt ansvar<\/h3>\n\n\n\n<p>Vi hanterar dina personuppgifter f\u00f6r att kunna skaffa de leveranser som kr\u00e4vs f\u00f6r att bedriva v\u00e5r verksamhet och kunna erbjuda f\u00f6rv\u00e4ntade l\u00f6sningar till v\u00e5ra kunder. De flesta uppgifter \u00e4r kopplade till din anst\u00e4llning, ditt intresse som aktie\u00e4gare eller annat intresse i Alimak Group. Uppgifterna g\u00e4ller kontaktuppgifter och information som beh\u00f6vs f\u00f6r att uppr\u00e4tth\u00e5lla relationen med dig eller din arbetsgivare.<\/p>\n\n\n\n<p>Alimak Group \u00e4r ansvarig (registeransvarig) f\u00f6r all behandling som vi utf\u00f6r av dina personuppgifter. Vi f\u00f6ljer g\u00e4llande best\u00e4mmelser om dataskydd och hanterar personuppgifter p\u00e5 grundval av s\u00e5dana best\u00e4mmelser samt enligt interna policyer och riktlinjer. Vi f\u00f6rs\u00e4krar dig om att vi vidtar de \u00e5tg\u00e4rder som kr\u00e4vs f\u00f6r att skydda dina personuppgifter.<\/p>\n\n\n\n<h3 class=\"wp-block-heading\">Insamling<\/h3>\n\n\n\n<p>Vi samlar endast in personuppgifter f\u00f6r specificerade, uttryckliga och legitima \u00e4ndam\u00e5l. K\u00e4llorna till insamlingen kan variera, men personuppgifter l\u00e4mnas vanligtvis av dig n\u00e4r du kontaktar oss via v\u00e5ra webbplatser, e-post, sociala medier etc., n\u00e4r du ut\u00f6var dina r\u00e4ttigheter som aktie\u00e4gare eller av din arbetsgivare som en del av deras \u00e5tagande n\u00e4r de g\u00f6r aff\u00e4rer med Alimak Group.<\/p>\n\n\n\n<h3 class=\"wp-block-heading\">F\u00f6rvaltning och syfte<\/h3>\n\n\n\n<p>Alimak Group behandlar personuppgifter f\u00f6r flera olika syften. De vanligaste processerna \u00e4r ink\u00f6p och f\u00f6rs\u00e4ljning f\u00f6r syftet att ing\u00e5 avtal med leverant\u00f6rer och kunder. Relaterade processer omfattar marknadsf\u00f6ring, eftermarknadstj\u00e4nster och hantering av kundrelationer. Dessa \u00e4r n\u00f6dv\u00e4ndiga f\u00f6r att attrahera potentiella kunder samt f\u00f6r att f\u00f6rvalta och ut\u00f6ka befintliga kundrelationer. Andra typer av behandling som kr\u00e4vs f\u00f6r att vi ska kunna bedriva v\u00e5r verksamhet i enlighet med r\u00e4ttsliga skyldigheter och god etik omfattar f\u00f6retagsledning, kvalitetshantering och finansiell revision.<\/p>\n\n\n\n<h3 class=\"wp-block-heading\">Bevarande<\/h3>\n\n\n\n<p>Vi behandlar dina personuppgifter endast s\u00e5 l\u00e4nge som det \u00e4r n\u00f6dv\u00e4ndigt f\u00f6r att uppfylla syftet med behandlingen. D\u00e4refter raderar, pseudonymiserar eller anonymiserar vi personuppgifterna s\u00e5 att det inte l\u00e4ngre \u00e4r m\u00f6jligt att h\u00e4rleda dem till dig. Hur l\u00e4nge vi bevarar personuppgifterna beror p\u00e5 syftet med behandlingen, inklusive till\u00e4mplig lagstiftning.<\/p>\n\n\n\n<h3 class=\"wp-block-heading\">\u00d6verf\u00f6ringar<\/h3>\n\n\n\n<p>Vi \u00f6verf\u00f6r personuppgifter \u00f6ver gr\u00e4nserna (\u00f6verf\u00f6ringar till tredje land) endast om det \u00e4r n\u00f6dv\u00e4ndigt f\u00f6r att uppfylla v\u00e5rt \u00e5tagande gentemot dig eller din arbetsgivare, f\u00f6r att tillgodose Alimak Groups legitima intressen eller f\u00f6r att uppfylla en r\u00e4ttslig f\u00f6rpliktelse.<\/p>\n\n\n\n<p>Varje behandlare eller tredje part som kan behandla dina personuppgifter f\u00f6r Alimak Groups r\u00e4kning har r\u00e4tt att g\u00f6ra detta endast i enlighet med de tekniska, organisatoriska och r\u00e4ttsliga krav som Alimak Group anger och som anges i avtal med varje behandlare, tredje part eller annan registeransvarig.<\/p>\n\n\n\n<h3 class=\"wp-block-heading\">Anv\u00e4ndning av cookies p\u00e5 Alimak Groups webbplatser<\/h3>\n\n\n\n<p>En cookie \u00e4r en liten datafil som Alimak Groups webbplatser lagrar tempor\u00e4rt eller permanent p\u00e5 din dators h\u00e5rddisk n\u00e4r du bes\u00f6ker v\u00e5ra webbplatser. Vi anv\u00e4nder cookies fr\u00e4mst f\u00f6r att analysera hur v\u00e5ra webbplatser anv\u00e4nds, f\u00f6r att analysera webbplatsernas prestanda och f\u00f6r att f\u00f6rb\u00e4ttra din upplevelse av webbplatsen. Vi anv\u00e4nder ocks\u00e5 cookies f\u00f6r att marknadsf\u00f6ra v\u00e5ra produkter och tj\u00e4nster till dig och v\u00e5ra kunder.<\/p>\n\n\n\n<p>Du kan begr\u00e4nsa, blockera eller neka anv\u00e4ndningen av cookies genom att justera cookieinst\u00e4llningarna i webbl\u00e4saren p\u00e5 din enhet eller i inst\u00e4llningarna p\u00e5 din mobila enhet. Anv\u00e4nd hj\u00e4lpfunktionen\/inst\u00e4llningarna f\u00f6r att l\u00e4ra dig mer om hur du hanterar cookies.<\/p>\n\n\n\n<h3 class=\"wp-block-heading\">Den registrerades r\u00e4ttigheter<\/h3>\n\n\n\n<p>Om du eller din arbetsgivare \u00e4r bosatt i EU\/EES eller om dina personuppgifter behandlas av ett av Alimak Groups f\u00f6retag inom EU\/EES, g\u00e4ller den allm\u00e4nna dataskyddsf\u00f6rordningen (GDPR) f\u00f6r dig. F\u00f6rordningen inneh\u00e5ller best\u00e4mmelser om skydd av fysiska personer vid behandling av personuppgifter. Med denna lagstiftning f\u00f6ljer ett antal r\u00e4ttigheter som du kan ha anledning att ut\u00f6va. N\u00e4r du ut\u00f6var dina r\u00e4ttigheter kan du kontakta oss p\u00e5 n\u00e5gon av de adresser som anges nedan i avsnittet &#8221;Var kan jag v\u00e4nda mig med fr\u00e5gor och ytterligare information?&#8221;. Eventuella begr\u00e4nsningar av eller \u00e4ndringar i behandlingen g\u00e4ller f\u00f6r Alimak Group och f\u00f6r alla parter som behandlar personuppgifter f\u00f6r v\u00e5r r\u00e4kning.<\/p>\n\n\n\n<h3 class=\"wp-block-heading\">R\u00e4tt till tillg\u00e5ng<\/h3>\n\n\n\n<p>Du har r\u00e4tt att p\u00e5 beg\u00e4ran f\u00e5 information om huruvida vi behandlar personuppgifter om dig, information om detta ges i ett strukturerat, allm\u00e4nt anv\u00e4nt format. Dessutom har du r\u00e4tt att \u00f6verf\u00f6ra dessa uppgifter till en tredje part som du sj\u00e4lv v\u00e4ljer.<\/p>\n\n\n\n<p>F\u00f6rutom de personuppgifter som behandlas har du r\u00e4tt att f\u00e5 information om syftet och den r\u00e4ttsliga grunden f\u00f6r behandlingen, all tillg\u00e4nglig information om k\u00e4llan till uppgifterna, om m\u00f6jligt hur l\u00e4nge vi kommer att beh\u00e5lla uppgifterna, alla mottagare eller kategorier av mottagare till vilka personuppgifterna har l\u00e4mnats ut eller kommer att l\u00e4mnas ut, v\u00e5ra skydds\u00e5tg\u00e4rder f\u00f6r eventuella \u00f6verf\u00f6ringar till tredje land och den logik som \u00e4r involverad i automatiserat beslutsfattande, inklusive profilering, som utf\u00f6rs p\u00e5 dina personuppgifter.<\/p>\n\n\n\n<h3 class=\"wp-block-heading\">R\u00e4tt till r\u00e4ttelse<\/h3>\n\n\n\n<p>Alimak Group ansvarar f\u00f6r att de personuppgifter som vi behandlar om dig \u00e4r korrekta. Om du anser att de personuppgifter som vi behandlar om dig \u00e4r felaktiga har du dock r\u00e4tt att beg\u00e4ra att de felaktiga uppgifterna r\u00e4ttas. Efter den utf\u00f6rda korrigeringen kommer vi att informera dig om de \u00e5tg\u00e4rder som vidtagits f\u00f6r att uppfylla din beg\u00e4ran.<\/p>\n\n\n\n<h2 class=\"wp-block-heading\">R\u00e4tt till inv\u00e4ndningar<\/h2>\n\n\n\n<p>Du har r\u00e4tt att inv\u00e4nda mot behandlingen n\u00e4r dina personuppgifter anv\u00e4nds f\u00f6r marknadsf\u00f6ring och f\u00f6r Alimak Groups legitima intressen, inklusive n\u00e4r profilering anv\u00e4nds f\u00f6r dessa \u00e4ndam\u00e5l. Om dina intressen eller grundl\u00e4ggande r\u00e4ttigheter och friheter anses v\u00e4ga tyngre \u00e4n v\u00e5ra legitima intressen kommer vi att upph\u00f6ra med behandlingen och informera dig om de \u00e5tg\u00e4rder som vidtagits.<\/p>\n\n\n\n<h3 class=\"wp-block-heading\">R\u00e4tt till begr\u00e4nsning av behandlingen<\/h3>\n\n\n\n<p>Du har r\u00e4tt att beg\u00e4ra begr\u00e4nsning av behandlingen om du anser att syftet med behandlingen inte l\u00e4ngre \u00e4r giltigt, om du anser att behandlingen \u00e4r olaglig, om du ifr\u00e5gas\u00e4tter att de personuppgifter som behandlas \u00e4r korrekta eller om du inv\u00e4nder mot behandlingen.<\/p>\n\n\n\n<p>N\u00e4r begr\u00e4nsning sker p\u00e5 din beg\u00e4ran kommer Alimak Group att informera dig om begr\u00e4nsningen av behandlingen upph\u00e4vs.<\/p>\n\n\n\n<h3 class=\"wp-block-heading\">R\u00e4tt att \u00e5terkalla samtycke<\/h3>\n\n\n\n<p>En del av Alimak Groups behandlingsaktiviteter kan baseras p\u00e5 ditt samtycke. I s\u00e5dana fall har du r\u00e4tt att n\u00e4r som helst \u00e5terkalla ditt samtycke. Om du \u00e5terkallar ditt samtycke p\u00e5verkar det inte lagligheten av den behandling som utf\u00f6rdes innan du \u00e5terkallade samtycket.<br>Om du \u00e5terkallar ditt samtycke kommer Alimak att upph\u00f6ra med behandlingen av dina personuppgifter, s\u00e5vida vi inte \u00e4r skyldiga att forts\u00e4tta behandlingen enligt en r\u00e4ttslig f\u00f6rpliktelse.<\/p>\n\n\n\n<h3 class=\"wp-block-heading\">R\u00e4tt att bli bortgl\u00f6md (radering)<\/h3>\n\n\n\n<p>Liksom r\u00e4tten till begr\u00e4nsning \u00e4r det din r\u00e4tt att beg\u00e4ra radering av dina personuppgifter om du anser att syftet med behandlingen inte l\u00e4ngre \u00e4r giltigt eller om du anser att behandlingen \u00e4r olaglig.<\/p>\n\n\n\n<p>Om Alimak Group m\u00e5ste forts\u00e4tta att behandla dina personuppgifter f\u00f6r att uppfylla en r\u00e4ttslig f\u00f6rpliktelse kommer vi att avsl\u00e5 din beg\u00e4ran och informera dig om motivet.<\/p>\n\n\n\n<h3 class=\"wp-block-heading\">R\u00e4tt till dataportabilitet<\/h3>\n\n\n\n<p>Om behandlingen av dina personuppgifter grundar sig p\u00e5 samtycke, sker med automatiserade medel eller \u00e4r n\u00f6dv\u00e4ndig f\u00f6r att fullg\u00f6ra ett avtal som du \u00e4r delaktig i, har du r\u00e4tt att \u00e5beropa din r\u00e4tt till dataportabilitet. P\u00e5 din beg\u00e4ran och om det \u00e4r m\u00f6jligt kommer Alimak Group att i ett strukturerat, allm\u00e4nt anv\u00e4nt och maskinl\u00e4sbart format tillhandah\u00e5lla dina personuppgifter till en part som du sj\u00e4lv v\u00e4ljer.<\/p>\n\n\n\n<h2 class=\"wp-block-heading\">\u00c4ndringar i denna sekretesspolicy<\/h2>\n\n\n\n<p>Alimak Group kan komma att \u00e4ndra eller uppdatera denna sekretesspolicy n\u00e4r det \u00e4r n\u00f6dv\u00e4ndigt f\u00f6r att \u00e5terspegla f\u00f6r\u00e4ndringar i v\u00e5r verksamhet eller f\u00f6r\u00e4ndringar i till\u00e4mplig lagstiftning. Se \u00f6ver den h\u00e4r policyn regelbundet.<\/p>\n\n\n\n<h3 class=\"wp-block-heading\">Var kan jag v\u00e4nda mig med fr\u00e5gor och ytterligare information?<\/h3>\n\n\n\n<p>Om du har fr\u00e5gor om denna policy eller dina r\u00e4ttigheter kan du kontakta oss via e-post p\u00e5 <a href=\"mailto:privacy@alimakgroup.com\" target=\"_blank\" rel=\"noreferrer noopener\">privacy@alimakgroup.com<\/a> eller skriva till oss p\u00e5 adressen nedan:<\/p>\n\n\n\n<p>Alimak Group AB (publ)<br>Att: Global dataskyddsansvarig<br>Blekholmstorget 30<br>111 64 Stockholm<\/p>\n\n\n\n<p>Senast \u00e4ndrad: 17 december 2019<\/p>\n\n\n\n<div style=\"height:100px\" aria-hidden=\"true\" class=\"wp-block-spacer\"><\/div>\n","protected":false},"excerpt":{"rendered":"<p>Alimak \u00e4r en del av Alimak Group, som \u00e4r en global ledare inom l\u00f6sningar f\u00f6r vertikala transporter. Vi str\u00e4var alltid efter att bygga starka och trov\u00e4rdiga relationer med alla parter som vi g\u00f6r aff\u00e4rer med. D\u00e4rf\u00f6r \u00e4r det viktigt f\u00f6r oss att hantera dina personuppgifter med din integritet i fokus. Personuppgifter \u00e4r all slags information [&hellip;]<\/p>\n","protected":false},"author":1,"featured_media":0,"parent":208,"menu_order":0,"comment_status":"closed","ping_status":"closed","template":"","meta":{"_trash_the_other_posts":false,"editor_notices":[],"footnotes":""},"class_list":["post-222","page","type-page","status-publish","hentry"],"yoast_head":"<!-- This site is optimized with the Yoast SEO plugin v27.3 - https:\/\/yoast.com\/product\/yoast-seo-wordpress\/ -->\n<title>Sekretesspolicy - Alimak Sweden<\/title>\n<meta name=\"robots\" content=\"index, follow, max-snippet:-1, max-image-preview:large, max-video-preview:-1\" \/>\n<link rel=\"canonical\" href=\"https:\/\/alimak.com\/se\/about-us\/privacy-policy\/\" \/>\n<meta property=\"og:locale\" content=\"sv_SE\" \/>\n<meta property=\"og:type\" content=\"article\" \/>\n<meta property=\"og:title\" content=\"Sekretesspolicy - Alimak Sweden\" \/>\n<meta property=\"og:description\" content=\"Alimak \u00e4r en del av Alimak Group, som \u00e4r en global ledare inom l\u00f6sningar f\u00f6r vertikala transporter. Vi str\u00e4var alltid efter att bygga starka och trov\u00e4rdiga relationer med alla parter som vi g\u00f6r aff\u00e4rer med. D\u00e4rf\u00f6r \u00e4r det viktigt f\u00f6r oss att hantera dina personuppgifter med din integritet i fokus. Personuppgifter \u00e4r all slags information [&hellip;]\" \/>\n<meta property=\"og:url\" content=\"https:\/\/alimak.com\/se\/about-us\/privacy-policy\/\" \/>\n<meta property=\"og:site_name\" content=\"Alimak Sweden\" \/>\n<meta property=\"article:modified_time\" content=\"2021-07-07T05:36:07+00:00\" \/>\n<meta name=\"twitter:card\" content=\"summary_large_image\" \/>\n<meta name=\"twitter:label1\" content=\"Ber\u00e4knad l\u00e4stid\" \/>\n\t<meta name=\"twitter:data1\" content=\"6 minuter\" \/>\n<script type=\"application\/ld+json\" class=\"yoast-schema-graph\">{\"@context\":\"https:\\\/\\\/schema.org\",\"@graph\":[{\"@type\":\"WebPage\",\"@id\":\"https:\\\/\\\/alimak.com\\\/se\\\/about-us\\\/privacy-policy\\\/\",\"url\":\"https:\\\/\\\/alimak.com\\\/se\\\/about-us\\\/privacy-policy\\\/\",\"name\":\"Sekretesspolicy - Alimak Sweden\",\"isPartOf\":{\"@id\":\"https:\\\/\\\/alimak.com\\\/se\\\/#website\"},\"datePublished\":\"2020-11-12T13:42:58+00:00\",\"dateModified\":\"2021-07-07T05:36:07+00:00\",\"breadcrumb\":{\"@id\":\"https:\\\/\\\/alimak.com\\\/se\\\/about-us\\\/privacy-policy\\\/#breadcrumb\"},\"inLanguage\":\"sv-SE\",\"potentialAction\":[{\"@type\":\"ReadAction\",\"target\":[\"https:\\\/\\\/alimak.com\\\/se\\\/about-us\\\/privacy-policy\\\/\"]}]},{\"@type\":\"BreadcrumbList\",\"@id\":\"https:\\\/\\\/alimak.com\\\/se\\\/about-us\\\/privacy-policy\\\/#breadcrumb\",\"itemListElement\":[{\"@type\":\"ListItem\",\"position\":1,\"name\":\"Hem\",\"item\":\"https:\\\/\\\/alimak.com\\\/se\\\/\"},{\"@type\":\"ListItem\",\"position\":2,\"name\":\"Om oss\",\"item\":\"https:\\\/\\\/alimak.com\\\/se\\\/about-us\\\/\"},{\"@type\":\"ListItem\",\"position\":3,\"name\":\"Sekretesspolicy\"}]},{\"@type\":\"WebSite\",\"@id\":\"https:\\\/\\\/alimak.com\\\/se\\\/#website\",\"url\":\"https:\\\/\\\/alimak.com\\\/se\\\/\",\"name\":\"Alimak Sweden\",\"description\":\"Global leaders in Vertical Access Solutions\",\"potentialAction\":[{\"@type\":\"SearchAction\",\"target\":{\"@type\":\"EntryPoint\",\"urlTemplate\":\"https:\\\/\\\/alimak.com\\\/se\\\/?s={search_term_string}\"},\"query-input\":{\"@type\":\"PropertyValueSpecification\",\"valueRequired\":true,\"valueName\":\"search_term_string\"}}],\"inLanguage\":\"sv-SE\"}]}<\/script>\n<!-- \/ Yoast SEO plugin. -->","yoast_head_json":{"title":"Sekretesspolicy - Alimak Sweden","robots":{"index":"index","follow":"follow","max-snippet":"max-snippet:-1","max-image-preview":"max-image-preview:large","max-video-preview":"max-video-preview:-1"},"canonical":"https:\/\/alimak.com\/se\/about-us\/privacy-policy\/","og_locale":"sv_SE","og_type":"article","og_title":"Sekretesspolicy - Alimak Sweden","og_description":"Alimak \u00e4r en del av Alimak Group, som \u00e4r en global ledare inom l\u00f6sningar f\u00f6r vertikala transporter. Vi str\u00e4var alltid efter att bygga starka och trov\u00e4rdiga relationer med alla parter som vi g\u00f6r aff\u00e4rer med. D\u00e4rf\u00f6r \u00e4r det viktigt f\u00f6r oss att hantera dina personuppgifter med din integritet i fokus. Personuppgifter \u00e4r all slags information [&hellip;]","og_url":"https:\/\/alimak.com\/se\/about-us\/privacy-policy\/","og_site_name":"Alimak Sweden","article_modified_time":"2021-07-07T05:36:07+00:00","twitter_card":"summary_large_image","twitter_misc":{"Ber\u00e4knad l\u00e4stid":"6 minuter"},"schema":{"@context":"https:\/\/schema.org","@graph":[{"@type":"WebPage","@id":"https:\/\/alimak.com\/se\/about-us\/privacy-policy\/","url":"https:\/\/alimak.com\/se\/about-us\/privacy-policy\/","name":"Sekretesspolicy - Alimak Sweden","isPartOf":{"@id":"https:\/\/alimak.com\/se\/#website"},"datePublished":"2020-11-12T13:42:58+00:00","dateModified":"2021-07-07T05:36:07+00:00","breadcrumb":{"@id":"https:\/\/alimak.com\/se\/about-us\/privacy-policy\/#breadcrumb"},"inLanguage":"sv-SE","potentialAction":[{"@type":"ReadAction","target":["https:\/\/alimak.com\/se\/about-us\/privacy-policy\/"]}]},{"@type":"BreadcrumbList","@id":"https:\/\/alimak.com\/se\/about-us\/privacy-policy\/#breadcrumb","itemListElement":[{"@type":"ListItem","position":1,"name":"Hem","item":"https:\/\/alimak.com\/se\/"},{"@type":"ListItem","position":2,"name":"Om oss","item":"https:\/\/alimak.com\/se\/about-us\/"},{"@type":"ListItem","position":3,"name":"Sekretesspolicy"}]},{"@type":"WebSite","@id":"https:\/\/alimak.com\/se\/#website","url":"https:\/\/alimak.com\/se\/","name":"Alimak Sweden","description":"Global leaders in Vertical Access Solutions","potentialAction":[{"@type":"SearchAction","target":{"@type":"EntryPoint","urlTemplate":"https:\/\/alimak.com\/se\/?s={search_term_string}"},"query-input":{"@type":"PropertyValueSpecification","valueRequired":true,"valueName":"search_term_string"}}],"inLanguage":"sv-SE"}]}},"_links":{"self":[{"href":"https:\/\/alimak.com\/se\/wp-json\/wp\/v2\/pages\/222","targetHints":{"allow":["GET"]}}],"collection":[{"href":"https:\/\/alimak.com\/se\/wp-json\/wp\/v2\/pages"}],"about":[{"href":"https:\/\/alimak.com\/se\/wp-json\/wp\/v2\/types\/page"}],"author":[{"embeddable":true,"href":"https:\/\/alimak.com\/se\/wp-json\/wp\/v2\/users\/1"}],"replies":[{"embeddable":true,"href":"https:\/\/alimak.com\/se\/wp-json\/wp\/v2\/comments?post=222"}],"version-history":[{"count":3,"href":"https:\/\/alimak.com\/se\/wp-json\/wp\/v2\/pages\/222\/revisions"}],"predecessor-version":[{"id":3006,"href":"https:\/\/alimak.com\/se\/wp-json\/wp\/v2\/pages\/222\/revisions\/3006"}],"up":[{"embeddable":true,"href":"https:\/\/alimak.com\/se\/wp-json\/wp\/v2\/pages\/208"}],"wp:attachment":[{"href":"https:\/\/alimak.com\/se\/wp-json\/wp\/v2\/media?parent=222"}],"curies":[{"name":"wp","href":"https:\/\/api.w.org\/{rel}","templated":true}]}}