{"id":3318,"date":"2021-11-23T13:01:28","date_gmt":"2021-11-23T13:01:28","guid":{"rendered":"https:\/\/alimak.com\/se\/about-us\/data-governance-statement-svenska\/"},"modified":"2026-01-07T10:09:57","modified_gmt":"2026-01-07T10:09:57","slug":"asset-data-management","status":"publish","type":"page","link":"https:\/\/alimak.com\/se\/about-us\/asset-data-management\/","title":{"rendered":"Hantering av tillg\u00e5ngsdata"},"content":{"rendered":"\n<article class=\"m11 break-out\" id=\"block_5fd75e65e36ec\" data-animate-container>\n\n  <nav id=\"breadcrumbs\"><div class=\"container\" data-animate><span><span><a href=\"https:\/\/alimak.com\/se\/\">Hem<\/a><\/span><\/span><\/div><\/nav>\n  <div class=\"m11__wrapper\">\n    <div class=\"container m11__container\">\n\n      <div class=\"m11__content\">\n\n                  <h1 class=\"m11__heading uppercase\" data-animate>Redog\u00f6relse f\u00f6r hantering av tillg\u00e5ngsdata<\/h1>\n        \n        \n        \n      <\/div>\n\n      \n    <\/div>\n  <\/div>\n<\/article>\n\n\n\n\n<div style=\"height:100px\" aria-hidden=\"true\" class=\"wp-block-spacer\"><\/div>\n\n\n\n<p>Denna redog\u00f6relse f\u00f6r hanteringen av tillg\u00e5ngsdata beskriver arbetss\u00e4tten inom Alimak Group AB och de f\u00f6retag som ing\u00e5r i koncernen enligt Schema&nbsp;A (<strong>\u201dAlimak\u201d, \u201dvi\u201d, \u201doss\u201d<\/strong>&nbsp;eller&nbsp;<strong>\u201dv\u00e5ra\u201d<\/strong>) avseende insamling, lagring och anv\u00e4ndning av data fr\u00e5n Alimak Group-maskiner, produkter och \u00f6vriga tillg\u00e5ngar som hanteras av eller p\u00e5 uppdrag av kunder (<strong>\u201dtillg\u00e5ngar\u201d<\/strong>).<\/p>\n\n\n\n<p>V\u00e5r <a href=\"..\/privacy-policy\/\">sekretesspolicy<\/a> beskriver hur vi hanterar personuppgifter. dvs. information som kan anv\u00e4ndas f\u00f6r att identifiera en person.<\/p>\n\n\n\n<h2 class=\"wp-block-heading\">Data vi kan samla in<\/h2>\n\n\n\n<h3 class=\"wp-block-heading\">Systemdata<\/h3>\n\n\n\n<p>Systemdata \u00e4r information som skickas till oss genom digitala plattformar (\u201dplattformar\u201d), My Alimak, A3 och liknande applikationer (\u201d<strong>appar<\/strong>\u201d) och genom telematik (och liknande utrustning) (\u201d<strong>enheter<\/strong>\u201d) (vi anv\u00e4nder termen \u201d<strong>digitala erbjudanden<\/strong>\u201d f\u00f6r att kollektivt beskriva alla applikationer och enheter som vi anv\u00e4nder), vilka kan innefatta:<\/p>\n\n\n\n<ul class=\"wp-block-list\">\n<li>Information om enheter, tillg\u00e5ngar och komponenter, inklusive modellnummer, serienummer, ordernummer, program- och maskinvaruversion, prestanda och konfiguration, inklusive arbetsverktyg eller annan kringutrustning som \u00e4r ansluten till tillg\u00e5ngarna.<\/li>\n\n\n\n<li>Elektroniska data, inklusive givarloggar, trender, histogram, h\u00e4ndelsedata, \u00f6vriga varningsmeddelanden, digitala statusdata, felkoder, antal uppm\u00e4tta timmar avseende service, elektroniska datafiler nedladdade manuellt eller automatiskt fr\u00e5n en tillg\u00e5ng, fels\u00f6kningsdata och andra data beroende p\u00e5 kund, tillg\u00e5ng och kommunikationskanal som anv\u00e4nds av en enhet.<\/li>\n\n\n\n<li>Information om enhetens fysiska plats, inklusive fysisk plats f\u00f6r en tillg\u00e5ng (t.ex. fastst\u00e4llt med hj\u00e4lp av satellit, GPS, mobiltorn, Bluetooth- eller Wi-Fi-signaler).<\/li>\n\n\n\n<li>Inspelade h\u00e4ndelsedata inklusive plats, hastighet och riktning.<\/li>\n\n\n\n<li>Service- och underh\u00e5llshistorik, inklusive arbetsorder (registrering av allt underh\u00e5ll, alla reparationer, ink\u00f6p av delar, utbyten och modifieringar av en tillg\u00e5ng), komponentens livsl\u00e4ngd (historik \u00f6ver en komponents anv\u00e4ndning, slitage och brukningstid), underh\u00e5llsschema, planerat underh\u00e5ll, data om garantit\u00e4ckning, avtal om underh\u00e5ll och reparation, serviceintervall (schemalagda intervall f\u00f6r planerat underh\u00e5ll och komponentbyten f\u00f6r en tillg\u00e5ng), komponentlistor (listor \u00f6ver delar som utg\u00f6r en tillg\u00e5ng) och servicebrev (med beskrivning av s\u00e4rskilda service\u00e5tg\u00e4rder som rekommenderas av tillverkare i syfte att korrigera ett k\u00e4nt problem med en tillg\u00e5ng).<\/li>\n\n\n\n<li>Arbetsplats och milj\u00f6f\u00f6rh\u00e5llanden.<\/li>\n\n\n\n<li>Anv\u00e4ndningsm\u00f6nster, inklusive anv\u00e4ndardefinierad produktinformation som du f\u00f6rser oss med via ett digital erbjudande.<\/li>\n<\/ul>\n\n\n\n<h2 class=\"wp-block-heading\">S\u00e5 h\u00e4r kan vi samla in data<\/h2>\n\n\n\n<h3 class=\"wp-block-heading\">Data inh\u00e4mtade genom din anv\u00e4ndning av v\u00e5ra produkter och\/eller tj\u00e4nster<\/h3>\n\n\n\n<p>Vi kan samla in information om din anv\u00e4ndning av v\u00e5ra produkter och\/eller tj\u00e4nster. Exempel:<\/p>\n\n\n\n<ul class=\"wp-block-list\">\n<li><strong>Genom plattformar \/ applikationer \/ enheter:<\/strong>&nbsp;Vi kan ta emot information direkt mobil- eller satellitl\u00e4nk, via radio eller Ethernetanslutning fr\u00e5n tillg\u00e5ngar som \u00e4r utrustade med en applikation eller en enhet som antingen f\u00f6rinstallerades eller installerades av oss, vilket \u00e4ven kan innefatta systemdata.&nbsp;<\/li>\n\n\n\n<li>Vi kan ocks\u00e5 ta emot information genom din anv\u00e4ndning av v\u00e5ra inloggningstj\u00e4nster, d\u00e4r dessa tj\u00e4nster l\u00e5ter oss anv\u00e4nda dina inloggningskriterier f\u00f6r att autentisera din identitet och ge dig m\u00f6jlighet att dela vissa personuppgifter med oss.<\/li>\n<\/ul>\n\n\n\n<h3 class=\"wp-block-heading\">Andra s\u00e4tt vi samlar in information<\/h3>\n\n\n\n<p>Vi kan ocks\u00e5 samla in annan information om dig, din enhet, eller din anv\u00e4ndning av tj\u00e4nsterna p\u00e5 s\u00e4tt som vi beskriver f\u00f6r dig vid insamlingstillf\u00e4llet eller p\u00e5 annat s\u00e4tt med ditt samtycke. Du kan v\u00e4lja att inte ge oss vissa typer av information men detta kan f\u00f6rs\u00e4mra din f\u00f6rm\u00e5ga att anv\u00e4nda vissa av dessa produkter och tj\u00e4nster.<\/p>\n\n\n\n<h2 class=\"wp-block-heading\">S\u00e5 h\u00e4r kan vi anv\u00e4nda informationen<\/h2>\n\n\n\n<p>Vi kan anv\u00e4nda insamlad information i bland annat f\u00f6ljande syften:<\/p>\n\n\n\n<h3 class=\"wp-block-heading\">F\u00f6r att tillhandah\u00e5lla tj\u00e4nster till dig och andra:<\/h3>\n\n\n\n<ul class=\"wp-block-list\">\n<li>F\u00f6r att l\u00e5ta dig \u00f6vervaka tillg\u00e5ngarnas status, f\u00f6r att genomf\u00f6ra och slutf\u00f6ra best\u00e4llningar, samt f\u00f6r att kommunicera med dig om ink\u00f6p eller hyra av tillg\u00e5ngar och dina ink\u00f6p av delar f\u00f6r tillg\u00e5ngarna, samt ge dig relevant kundservice.<\/li>\n\n\n\n<li>F\u00f6r att infria kundsupportavtal, utf\u00f6ra underh\u00e5ll och reparation och leverera hyrda tillg\u00e5ngar eller delar.<\/li>\n\n\n\n<li>F\u00f6r att kunna g\u00f6ra rekommendationer avseende s\u00e4kerhet, tillg\u00e5ngens h\u00e4lsotillst\u00e5nd och underh\u00e5ll.<\/li>\n\n\n\n<li>F\u00f6r att f\u00f6rb\u00e4ttra s\u00e4kerheten vid maskindrift, inklusive sp\u00e5rning av avst\u00e5nd till tillg\u00e5ngar eller andra f\u00f6rem\u00e5l.<\/li>\n\n\n\n<li>F\u00f6r att m\u00f6jligg\u00f6ra fj\u00e4rransluten fels\u00f6kning.<\/li>\n\n\n\n<li>F\u00f6r att f\u00f6rse dig med geografiskt relevanta tj\u00e4nster och inneh\u00e5ll.<\/li>\n<\/ul>\n\n\n\n<h3 class=\"wp-block-heading\">I andra allm\u00e4nna aff\u00e4rssyften:<\/h3>\n\n\n\n<ul class=\"wp-block-list\">\n<li>F\u00f6r att utf\u00f6ra marknadsunders\u00f6kningar.<\/li>\n\n\n\n<li>F\u00f6r att utf\u00f6ra dataanalys, granskningar, f\u00f6rb\u00e4ttra produkter, utveckla nya produkter, f\u00f6rb\u00e4ttra, f\u00f6rb\u00e4ttra eller modifiera v\u00e5ra digitala erbjudanden, identifiera anv\u00e4ndningstrender samt anv\u00e4nda och utvidga v\u00e5r n\u00e4ringsverksamhet, f\u00f6r statistisk analys baserad p\u00e5 aggregerad och avidentifierade data, till exempel referensrapporter.<\/li>\n\n\n\n<li>Att tillhandah\u00e5lla tj\u00e4nster till kunderna, hantera arbetsfl\u00f6det, \u00f6vervaka reparationer, projektera framtida underh\u00e5ll och service, samt utf\u00f6ra fels\u00f6kning.<\/li>\n\n\n\n<li>F\u00f6r att bekr\u00e4fta effektiviteten hos rekommendationer, hantera klagom\u00e5l och genomf\u00f6ra best\u00e4llningar.<\/li>\n\n\n\n<li>F\u00f6r att hantera tillg\u00e5ngs- och detaljlager i syfte att f\u00f6rse dig med maskiner, delar och service.<\/li>\n\n\n\n<li>F\u00f6r att hantera en maskinpark av \u00e4gda eller hyrda tillg\u00e5ngar.<\/li>\n\n\n\n<li>F\u00f6r att utveckla digitala applikationer.<\/li>\n<\/ul>\n\n\n\n<h2 class=\"wp-block-heading\">S\u00e5 h\u00e4r kan vi dela informationen<\/h2>\n\n\n\n<p>Med undantag f\u00f6r beskrivningen i den h\u00e4r redog\u00f6relsen f\u00f6r hantering av tillg\u00e5ngsdata kan vi ocks\u00e5 dela information:<\/p>\n\n\n\n<ul class=\"wp-block-list\">\n<li>Med v\u00e5ra filialer, inklusive v\u00e5ra auktoriserade \u00e5terf\u00f6rs\u00e4ljare och representanter, f\u00f6r att leverera de produkter och tj\u00e4nster som du har best\u00e4llt.<\/li>\n\n\n\n<li>Med tillg\u00e5ngs\u00e4gare, f\u00f6r att m\u00f6jligg\u00f6ra deras anv\u00e4ndning av tillg\u00e5ngen.<\/li>\n\n\n\n<li>Med komponenttillverkare, f\u00f6r att ge dem m\u00f6jlighet att studera anv\u00e4ndningen av deras produkter, f\u00f6r att f\u00f6rb\u00e4ttra deras produkter samt utveckla nya produkter.<\/li>\n\n\n\n<li>Med agenter, tj\u00e4nsteleverant\u00f6rer och andra tredjepartspersoner som anlitats av eller \u00e4r engagerade i verksamhet med tillg\u00e5ngs\u00e4gare som har hanteringsansvar f\u00f6r tillg\u00e5ngen.<\/li>\n\n\n\n<li>Med relaterade tredje partspersoner i h\u00e4ndelse av omorganisation, samg\u00e5ende, f\u00f6rs\u00e4ljning, joint venture, uppdrag, \u00f6verf\u00f6ring eller annan disposition av n\u00e5gon del av v\u00e5rt f\u00f6retag, tillg\u00e5ngar eller innehav (inklusive i samband med n\u00e5gon konkurs eller liknande h\u00e4ndelser).<\/li>\n\n\n\n<li>Med ytterligare mottagare enligt avtal mellan dig och oss.<\/li>\n<\/ul>\n\n\n\n<h2 class=\"wp-block-heading\">S\u00e4kerhet<\/h2>\n\n\n\n<p>Vi har implementerat rimliga organisationsm\u00e4ssiga, tekniska och administrativa \u00e5tg\u00e4rder avsedda att skydda information inom v\u00e5r organisation. Tyv\u00e4rr kan inga system f\u00f6r informations\u00f6verf\u00f6ring eller datalagring garanteras vara 100&nbsp;% skyddat. Om du har anledning att tro att ditt samarbete med oss inte l\u00e4ngre \u00e4r s\u00e4kert (till exempel om du k\u00e4nner att s\u00e4kerheten p\u00e5 ditt konto har f\u00f6rs\u00e4mrats) vill vi att du omedelbart meddelar oss via \u201dKontakta oss\u201d nedan.<\/p>\n\n\n\n<h2 class=\"wp-block-heading\">Uppdateringar av v\u00e5r redog\u00f6relse<\/h2>\n\n\n\n<p>Vi kan \u00e4ndra den h\u00e4r redog\u00f6relsen om hantering av tillg\u00e5ngsdata vid valfri tidpunkt utan f\u00f6reg\u00e5ende meddelande. Markeringen \u201dSENAST UPPDATERAD\u201d \u00f6verst p\u00e5 den h\u00e4r sidan visar n\u00e4r redog\u00f6relsen om hantering av tillg\u00e5ngsdata uppdaterades senast.<\/p>\n\n\n\n<p>Under alla omst\u00e4ndigheter kommer vi alltid att samla in, anv\u00e4nda och dela data i enlighet med g\u00e4llande lagar och f\u00f6reskrifter.<\/p>\n\n\n\n<h2 class=\"wp-block-heading\">Schema A<\/h2>\n\n\n\n<h3 class=\"wp-block-heading\">F\u00f6retag inom Alimak Group<\/h3>\n\n\n\n<ul class=\"wp-block-list\">\n<li>Alimak do Brasil Elevadores Ltda<\/li>\n\n\n\n<li>Alimak Group Australia Pty. Ltd<\/li>\n\n\n\n<li>Alimak Group Benelux BV Netherlands<\/li>\n\n\n\n<li>Alimak Group Benelux NV Belgium<\/li>\n\n\n\n<li>Alimak Group BMU (Shanghai) Co. Ltd<\/li>\n\n\n\n<li>Alimak Group Denmark A\/S<\/li>\n\n\n\n<li>Alimak Group Deutschland GmbH<\/li>\n\n\n\n<li>Alimak Group France SAS<\/li>\n\n\n\n<li>Alimak Group Hong Kong Ltd<\/li>\n\n\n\n<li>Alimak Group India Pvt. Ltd<\/li>\n\n\n\n<li>Alimak Group Italy srl<\/li>\n\n\n\n<li>Alimak Group Korea Co. Ltd<\/li>\n\n\n\n<li>Alimak Group Malaysia Sdn. Bhd<\/li>\n\n\n\n<li>Alimak Group Management AB<\/li>\n\n\n\n<li>Alimak Group Manufacturing SL<\/li>\n\n\n\n<li>Alimak Group Norway AS<\/li>\n\n\n\n<li>Alimak Group Singapore Pte. Ltd<\/li>\n\n\n\n<li>Alimak Group Sweden AB<\/li>\n\n\n\n<li>Alimak Group Swiss AG<\/li>\n\n\n\n<li>Alimak Group UK Ltd<\/li>\n\n\n\n<li>Alimak Group USA Inc<\/li>\n\n\n\n<li>Alimak Group Vertical Access Equipment Co. Ltd<\/li>\n\n\n\n<li>Avanti Brasil Sistemas Eolicos Ltda<\/li>\n\n\n\n<li>Avanti Wind Eng. Tech. Guangdong Co Ltd<\/li>\n\n\n\n<li>Avanti Wind Systems Co. Ltd. Shanghai<\/li>\n\n\n\n<li>Avanti Wind Systems India Pvt. Ltd<\/li>\n\n\n\n<li>Avanti Wind Systems SL<\/li>\n\n\n\n<li>Avanti Wind Systems SL<\/li>\n\n\n\n<li>Avanti Wind Systems Techn. SL<\/li>\n\n\n\n<li>Cento Engineering Company Ltd.<\/li>\n\n\n\n<li>Cox Gomyl Macau Ltd.<\/li>\n\n\n\n<li>Cox Gomyl Operations SAU<\/li>\n\n\n\n<li>Cox Gomyl Shenzhen Co. Ltd<\/li>\n\n\n\n<li>EW Cox Middle East LLC<\/li>\n\n\n\n<li>James Hickey Industrial Traning School Ltd<\/li>\n\n\n\n<li>Manntech (HK) Ltd<\/li>\n\n\n\n<li>Alimak Group Canada Ltd<\/li>\n<\/ul>\n\n\n\n<h2 class=\"wp-block-heading\">Om du har fr\u00e5gor eller beh\u00f6ver mer information<\/h2>\n\n\n\n<p>Om du har fr\u00e5gor om den h\u00e4r redog\u00f6relsen ber vi dig kontakta oss via e-post p\u00e5 adressen <a href=\"mailto:privacy@alimakgroup.com\">privacy@alimakgroup.com<\/a> eller via vanlig post p\u00e5 adressen nedan:<\/p>\n\n\n\n<p>Alimak Group AB (publ)<br>Att: Global Data Protection Manager<br>Blekholmstorget 30&nbsp;<br>111 64 Stockholm, Sverige<\/p>\n\n\n\n<p>Senast uppdaterad: 7 januari 2026<\/p>\n\n\n\n<div style=\"height:100px\" aria-hidden=\"true\" class=\"wp-block-spacer\"><\/div>\n","protected":false},"excerpt":{"rendered":"<p>Denna redog\u00f6relse f\u00f6r hanteringen av tillg\u00e5ngsdata beskriver arbetss\u00e4tten inom Alimak Group AB och de f\u00f6retag som ing\u00e5r i koncernen enligt Schema&nbsp;A (\u201dAlimak\u201d, \u201dvi\u201d, \u201doss\u201d&nbsp;eller&nbsp;\u201dv\u00e5ra\u201d) avseende insamling, lagring och anv\u00e4ndning av data fr\u00e5n Alimak Group-maskiner, produkter och \u00f6vriga tillg\u00e5ngar som hanteras av eller p\u00e5 uppdrag av kunder (\u201dtillg\u00e5ngar\u201d). V\u00e5r sekretesspolicy beskriver hur vi hanterar personuppgifter. dvs. [&hellip;]<\/p>\n","protected":false},"author":12,"featured_media":0,"parent":208,"menu_order":0,"comment_status":"closed","ping_status":"closed","template":"","meta":{"_trash_the_other_posts":false,"editor_notices":[],"footnotes":""},"class_list":["post-3318","page","type-page","status-publish","hentry"],"yoast_head":"<!-- This site is optimized with the Yoast SEO plugin v27.3 - https:\/\/yoast.com\/product\/yoast-seo-wordpress\/ -->\n<title>Hantering av tillg\u00e5ngsdata - Alimak Sweden<\/title>\n<meta name=\"robots\" content=\"index, follow, max-snippet:-1, max-image-preview:large, max-video-preview:-1\" \/>\n<link rel=\"canonical\" href=\"https:\/\/alimak.com\/se\/about-us\/asset-data-management\/\" \/>\n<meta property=\"og:locale\" content=\"sv_SE\" \/>\n<meta property=\"og:type\" content=\"article\" \/>\n<meta property=\"og:title\" content=\"Hantering av tillg\u00e5ngsdata - Alimak Sweden\" \/>\n<meta property=\"og:description\" content=\"Denna redog\u00f6relse f\u00f6r hanteringen av tillg\u00e5ngsdata beskriver arbetss\u00e4tten inom Alimak Group AB och de f\u00f6retag som ing\u00e5r i koncernen enligt Schema&nbsp;A (\u201dAlimak\u201d, \u201dvi\u201d, \u201doss\u201d&nbsp;eller&nbsp;\u201dv\u00e5ra\u201d) avseende insamling, lagring och anv\u00e4ndning av data fr\u00e5n Alimak Group-maskiner, produkter och \u00f6vriga tillg\u00e5ngar som hanteras av eller p\u00e5 uppdrag av kunder (\u201dtillg\u00e5ngar\u201d). V\u00e5r sekretesspolicy beskriver hur vi hanterar personuppgifter. dvs. [&hellip;]\" \/>\n<meta property=\"og:url\" content=\"https:\/\/alimak.com\/se\/about-us\/asset-data-management\/\" \/>\n<meta property=\"og:site_name\" content=\"Alimak Sweden\" \/>\n<meta property=\"article:modified_time\" content=\"2026-01-07T10:09:57+00:00\" \/>\n<meta name=\"twitter:card\" content=\"summary_large_image\" \/>\n<meta name=\"twitter:label1\" content=\"Ber\u00e4knad l\u00e4stid\" \/>\n\t<meta name=\"twitter:data1\" content=\"7 minuter\" \/>\n<script type=\"application\/ld+json\" class=\"yoast-schema-graph\">{\"@context\":\"https:\\\/\\\/schema.org\",\"@graph\":[{\"@type\":\"WebPage\",\"@id\":\"https:\\\/\\\/alimak.com\\\/se\\\/about-us\\\/asset-data-management\\\/\",\"url\":\"https:\\\/\\\/alimak.com\\\/se\\\/about-us\\\/asset-data-management\\\/\",\"name\":\"Hantering av tillg\u00e5ngsdata - Alimak Sweden\",\"isPartOf\":{\"@id\":\"https:\\\/\\\/alimak.com\\\/se\\\/#website\"},\"datePublished\":\"2021-11-23T13:01:28+00:00\",\"dateModified\":\"2026-01-07T10:09:57+00:00\",\"breadcrumb\":{\"@id\":\"https:\\\/\\\/alimak.com\\\/se\\\/about-us\\\/asset-data-management\\\/#breadcrumb\"},\"inLanguage\":\"sv-SE\",\"potentialAction\":[{\"@type\":\"ReadAction\",\"target\":[\"https:\\\/\\\/alimak.com\\\/se\\\/about-us\\\/asset-data-management\\\/\"]}]},{\"@type\":\"BreadcrumbList\",\"@id\":\"https:\\\/\\\/alimak.com\\\/se\\\/about-us\\\/asset-data-management\\\/#breadcrumb\",\"itemListElement\":[{\"@type\":\"ListItem\",\"position\":1,\"name\":\"Hem\",\"item\":\"https:\\\/\\\/alimak.com\\\/se\\\/\"},{\"@type\":\"ListItem\",\"position\":2,\"name\":\"Om oss\",\"item\":\"https:\\\/\\\/alimak.com\\\/se\\\/about-us\\\/\"},{\"@type\":\"ListItem\",\"position\":3,\"name\":\"Hantering av tillg\u00e5ngsdata\"}]},{\"@type\":\"WebSite\",\"@id\":\"https:\\\/\\\/alimak.com\\\/se\\\/#website\",\"url\":\"https:\\\/\\\/alimak.com\\\/se\\\/\",\"name\":\"Alimak Sweden\",\"description\":\"Global leaders in Vertical Access Solutions\",\"potentialAction\":[{\"@type\":\"SearchAction\",\"target\":{\"@type\":\"EntryPoint\",\"urlTemplate\":\"https:\\\/\\\/alimak.com\\\/se\\\/?s={search_term_string}\"},\"query-input\":{\"@type\":\"PropertyValueSpecification\",\"valueRequired\":true,\"valueName\":\"search_term_string\"}}],\"inLanguage\":\"sv-SE\"}]}<\/script>\n<!-- \/ Yoast SEO plugin. -->","yoast_head_json":{"title":"Hantering av tillg\u00e5ngsdata - Alimak Sweden","robots":{"index":"index","follow":"follow","max-snippet":"max-snippet:-1","max-image-preview":"max-image-preview:large","max-video-preview":"max-video-preview:-1"},"canonical":"https:\/\/alimak.com\/se\/about-us\/asset-data-management\/","og_locale":"sv_SE","og_type":"article","og_title":"Hantering av tillg\u00e5ngsdata - Alimak Sweden","og_description":"Denna redog\u00f6relse f\u00f6r hanteringen av tillg\u00e5ngsdata beskriver arbetss\u00e4tten inom Alimak Group AB och de f\u00f6retag som ing\u00e5r i koncernen enligt Schema&nbsp;A (\u201dAlimak\u201d, \u201dvi\u201d, \u201doss\u201d&nbsp;eller&nbsp;\u201dv\u00e5ra\u201d) avseende insamling, lagring och anv\u00e4ndning av data fr\u00e5n Alimak Group-maskiner, produkter och \u00f6vriga tillg\u00e5ngar som hanteras av eller p\u00e5 uppdrag av kunder (\u201dtillg\u00e5ngar\u201d). V\u00e5r sekretesspolicy beskriver hur vi hanterar personuppgifter. dvs. [&hellip;]","og_url":"https:\/\/alimak.com\/se\/about-us\/asset-data-management\/","og_site_name":"Alimak Sweden","article_modified_time":"2026-01-07T10:09:57+00:00","twitter_card":"summary_large_image","twitter_misc":{"Ber\u00e4knad l\u00e4stid":"7 minuter"},"schema":{"@context":"https:\/\/schema.org","@graph":[{"@type":"WebPage","@id":"https:\/\/alimak.com\/se\/about-us\/asset-data-management\/","url":"https:\/\/alimak.com\/se\/about-us\/asset-data-management\/","name":"Hantering av tillg\u00e5ngsdata - Alimak Sweden","isPartOf":{"@id":"https:\/\/alimak.com\/se\/#website"},"datePublished":"2021-11-23T13:01:28+00:00","dateModified":"2026-01-07T10:09:57+00:00","breadcrumb":{"@id":"https:\/\/alimak.com\/se\/about-us\/asset-data-management\/#breadcrumb"},"inLanguage":"sv-SE","potentialAction":[{"@type":"ReadAction","target":["https:\/\/alimak.com\/se\/about-us\/asset-data-management\/"]}]},{"@type":"BreadcrumbList","@id":"https:\/\/alimak.com\/se\/about-us\/asset-data-management\/#breadcrumb","itemListElement":[{"@type":"ListItem","position":1,"name":"Hem","item":"https:\/\/alimak.com\/se\/"},{"@type":"ListItem","position":2,"name":"Om oss","item":"https:\/\/alimak.com\/se\/about-us\/"},{"@type":"ListItem","position":3,"name":"Hantering av tillg\u00e5ngsdata"}]},{"@type":"WebSite","@id":"https:\/\/alimak.com\/se\/#website","url":"https:\/\/alimak.com\/se\/","name":"Alimak Sweden","description":"Global leaders in Vertical Access Solutions","potentialAction":[{"@type":"SearchAction","target":{"@type":"EntryPoint","urlTemplate":"https:\/\/alimak.com\/se\/?s={search_term_string}"},"query-input":{"@type":"PropertyValueSpecification","valueRequired":true,"valueName":"search_term_string"}}],"inLanguage":"sv-SE"}]}},"_links":{"self":[{"href":"https:\/\/alimak.com\/se\/wp-json\/wp\/v2\/pages\/3318","targetHints":{"allow":["GET"]}}],"collection":[{"href":"https:\/\/alimak.com\/se\/wp-json\/wp\/v2\/pages"}],"about":[{"href":"https:\/\/alimak.com\/se\/wp-json\/wp\/v2\/types\/page"}],"author":[{"embeddable":true,"href":"https:\/\/alimak.com\/se\/wp-json\/wp\/v2\/users\/12"}],"replies":[{"embeddable":true,"href":"https:\/\/alimak.com\/se\/wp-json\/wp\/v2\/comments?post=3318"}],"version-history":[{"count":10,"href":"https:\/\/alimak.com\/se\/wp-json\/wp\/v2\/pages\/3318\/revisions"}],"predecessor-version":[{"id":4979,"href":"https:\/\/alimak.com\/se\/wp-json\/wp\/v2\/pages\/3318\/revisions\/4979"}],"up":[{"embeddable":true,"href":"https:\/\/alimak.com\/se\/wp-json\/wp\/v2\/pages\/208"}],"wp:attachment":[{"href":"https:\/\/alimak.com\/se\/wp-json\/wp\/v2\/media?parent=3318"}],"curies":[{"name":"wp","href":"https:\/\/api.w.org\/{rel}","templated":true}]}}