{"id":377,"date":"2020-11-17T12:25:31","date_gmt":"2020-11-17T12:25:31","guid":{"rendered":"https:\/\/alimak.wpengine.com\/?page_id=377"},"modified":"2022-10-27T13:44:27","modified_gmt":"2022-10-27T13:44:27","slug":"parts","status":"publish","type":"page","link":"https:\/\/alimak.com\/se\/parts\/","title":{"rendered":"Reservdelar"},"content":{"rendered":"\n<article class=\"m33 break-out\" id=\"block_5fb3c0dcdc0bb\" data-animate-container>\n\n  <nav id=\"breadcrumbs\"><div class=\"container\"><span><span><a href=\"https:\/\/alimak.com\/se\/\">Hem<\/a><\/span><\/span><\/div><\/nav>\n  <div class=\"container m33__container\">\n\t\t\n\t\t\t\t\t<h1 class=\"m33__heading uppercase  \" data-animate>RESERVDELAR<\/h1>\n\t\t\t\t\n\t\t  <\/div>\n\n<\/article>\n\n\n\n\n<div style=\"height:100px\" aria-hidden=\"true\" class=\"wp-block-spacer\"><\/div>\n\n\n\n<div class=\"wp-block-group has-light-grey-background-color has-background\"><div class=\"wp-block-group__inner-container is-layout-flow wp-block-group-is-layout-flow\">\n<article class=\"m28 break-out\" id=\"block_5fb3c108dc0bd\" data-animate-container>\n  <div class=\"container\">\n\n          <div class=\"m28__content\" data-animate><p>Alimak Originaldelar s\u00e4kerst\u00e4ller att dina produkter fungerar med optimal prestanda och effektivitet. \u00c5r av oavbruten s\u00e4ker drift med minimala driftstopp \u00e4r en p\u00e5taglig f\u00f6rdel med att anv\u00e4nda originaldelar fr\u00e5n Alimak, utformade f\u00f6r att h\u00e5lla utrustningen i drift med h\u00f6gsta prestanda genom att minska driftstopp och d\u00e4rmed s\u00e4nka \u00e4gandekostnaderna.<\/p>\n<p>Det \u00e4r viktigt att f\u00f6rst\u00e5 livscykeln f\u00f6r delar som tillverkats f\u00f6r Alimaks utrustning och att utf\u00f6ra regelbundet f\u00f6rebyggande underh\u00e5ll f\u00f6r att minska risken f\u00f6r haveri och minimera kostnaderna f\u00f6r enheten. D\u00e4rf\u00f6r anv\u00e4nds endast Alimak Originaldelar som en integrerad del av serviceprogram f\u00f6r f\u00f6rebyggande underh\u00e5ll och reparationer.<\/p>\n<p>All fr\u00e5n v\u00e4xell\u00e5dor, motorer och bromsbel\u00e4gg till f\u00e5ngapparater, finns i lager f\u00f6r de Alimak-, Champion-, Hek- och Heis-Tek-produkter som anv\u00e4nds idag. Alimak har investerat i att bygga ett globalt n\u00e4tverk f\u00f6r reservdelar \u2014 p\u00e5 det s\u00e4ttet kan vi garantera att reservdelar och komponenter levereras n\u00e4r de beh\u00f6vs. Alimak erbjuder reservdelar via v\u00e5ra egna f\u00f6rs\u00e4ljningsbolag och genom ett omfattande reservdelslager via v\u00e5ra \u00e5terf\u00f6rs\u00e4ljare \u00f6ver hela v\u00e4rlden.<\/p>\n<\/div>\n    \n          <div class=\"m28__media\">\n        <img src=https:\/\/alimak.com\/se\/wp-content\/uploads\/sites\/28\/2020\/11\/Parts-hero-image.jpg  class=\"m28__image\" alt=\"\" width=\"666\" height=\"592\">      <\/div>\n    \n  <\/div>\n<\/article>\n<\/div><\/div>\n\n\n\n<div style=\"height:100px\" aria-hidden=\"true\" class=\"wp-block-spacer\"><\/div>\n\n\n\n<article class=\"m08 break-out\" id=\"block_5fd8434d6c12a\" data-animate-container>\n  <div class=\"container m08__container\">\n\n          <div class=\"m08__block m08__block--one\">\n        <div class=\"m08__content\">\n\n                      <h2 class=\"m08__heading uppercase h3\" data-animate>KONTAKTA OSS F\u00d6R MER INFORMATION ELLER EN OFFERT<\/h2>\n          \n                      <div class=\"m08__text\" data-animate>\n              <p>Beh\u00f6ver du hj\u00e4lp med att v\u00e4lja produkt f\u00f6r ett kommande projekt? Kontakta v\u00e5ra produktexperter f\u00f6r information om v\u00e5rt utbud av l\u00f6sningar f\u00f6r vertikala transporter och en offert som m\u00f6ter behoven i ditt projekt.<\/p>\n            <\/div>\n          \n                      <a\n            data-animate\n            href=\"https:\/\/alimak.com\/se\/request-a-quote\"\n            class=\"m08__button button button--outline button--white\"\n            target=\"_self\">\n              Beg\u00e4r offert            <\/a>\n          \n        <\/div>\n      <\/div>\n    \n          <div class=\"m08__block m08__block--two\">\n        <div class=\"m08__content\">\n\n                      <h2 class=\"m08__heading uppercase h3\" data-animate>HITTA EN LOKAL REPRESENTANT<\/h2>\n          \n                      <div class=\"m08__text\" data-animate>\n              <p>Alimak finns p\u00e5 sex kontinenter och anv\u00e4nder ett globalt n\u00e4tverk f\u00f6r att leverera l\u00f6sningar f\u00f6r vertikala transporter f\u00f6r en rad olika till\u00e4mpningar p\u00e5 bygg- och industrianl\u00e4ggningar runt om i v\u00e4rlden. Kontakta oss f\u00f6r att hitta en lokal representant fr\u00e5n Alimaks globala n\u00e4tverk.<\/p>\n            <\/div>\n          \n                      <a\n            data-animate\n            href=\"\/locations\"\n            class=\"m08__button button\"\n            target=\"_self\">\n              S\u00f6k i katalogen            <\/a>\n          \n        <\/div>\n      <\/div>\n        \n  <\/div>\n<\/article>\n\n\n\n<article class=\"m04 break-out large\" id=\"block_5fd843216c129\" data-animate-container>\n  <div class=\"container m04__container\">\n              <\/div>\n<\/article>","protected":false},"excerpt":{"rendered":"","protected":false},"author":1,"featured_media":0,"parent":0,"menu_order":0,"comment_status":"closed","ping_status":"closed","template":"","meta":{"_trash_the_other_posts":false,"editor_notices":[],"footnotes":""},"class_list":["post-377","page","type-page","status-publish","hentry"],"yoast_head":"<!-- This site is optimized with the Yoast SEO plugin v27.3 - https:\/\/yoast.com\/product\/yoast-seo-wordpress\/ -->\n<title>Reservdelar - Alimak Sweden<\/title>\n<meta name=\"robots\" content=\"index, follow, max-snippet:-1, max-image-preview:large, max-video-preview:-1\" \/>\n<link rel=\"canonical\" href=\"https:\/\/alimak.com\/se\/parts\/\" \/>\n<meta property=\"og:locale\" content=\"sv_SE\" \/>\n<meta property=\"og:type\" content=\"article\" \/>\n<meta property=\"og:title\" content=\"Reservdelar - Alimak Sweden\" \/>\n<meta property=\"og:url\" content=\"https:\/\/alimak.com\/se\/parts\/\" \/>\n<meta property=\"og:site_name\" content=\"Alimak Sweden\" \/>\n<meta property=\"article:modified_time\" content=\"2022-10-27T13:44:27+00:00\" \/>\n<meta name=\"twitter:card\" content=\"summary_large_image\" \/>\n<script type=\"application\/ld+json\" class=\"yoast-schema-graph\">{\"@context\":\"https:\\\/\\\/schema.org\",\"@graph\":[{\"@type\":\"WebPage\",\"@id\":\"https:\\\/\\\/alimak.com\\\/se\\\/parts\\\/\",\"url\":\"https:\\\/\\\/alimak.com\\\/se\\\/parts\\\/\",\"name\":\"Reservdelar - Alimak Sweden\",\"isPartOf\":{\"@id\":\"https:\\\/\\\/alimak.com\\\/se\\\/#website\"},\"datePublished\":\"2020-11-17T12:25:31+00:00\",\"dateModified\":\"2022-10-27T13:44:27+00:00\",\"breadcrumb\":{\"@id\":\"https:\\\/\\\/alimak.com\\\/se\\\/parts\\\/#breadcrumb\"},\"inLanguage\":\"sv-SE\",\"potentialAction\":[{\"@type\":\"ReadAction\",\"target\":[\"https:\\\/\\\/alimak.com\\\/se\\\/parts\\\/\"]}]},{\"@type\":\"BreadcrumbList\",\"@id\":\"https:\\\/\\\/alimak.com\\\/se\\\/parts\\\/#breadcrumb\",\"itemListElement\":[{\"@type\":\"ListItem\",\"position\":1,\"name\":\"Hem\",\"item\":\"https:\\\/\\\/alimak.com\\\/se\\\/\"},{\"@type\":\"ListItem\",\"position\":2,\"name\":\"Reservdelar\"}]},{\"@type\":\"WebSite\",\"@id\":\"https:\\\/\\\/alimak.com\\\/se\\\/#website\",\"url\":\"https:\\\/\\\/alimak.com\\\/se\\\/\",\"name\":\"Alimak Sweden\",\"description\":\"Global leaders in Vertical Access Solutions\",\"potentialAction\":[{\"@type\":\"SearchAction\",\"target\":{\"@type\":\"EntryPoint\",\"urlTemplate\":\"https:\\\/\\\/alimak.com\\\/se\\\/?s={search_term_string}\"},\"query-input\":{\"@type\":\"PropertyValueSpecification\",\"valueRequired\":true,\"valueName\":\"search_term_string\"}}],\"inLanguage\":\"sv-SE\"}]}<\/script>\n<!-- \/ Yoast SEO plugin. -->","yoast_head_json":{"title":"Reservdelar - Alimak Sweden","robots":{"index":"index","follow":"follow","max-snippet":"max-snippet:-1","max-image-preview":"max-image-preview:large","max-video-preview":"max-video-preview:-1"},"canonical":"https:\/\/alimak.com\/se\/parts\/","og_locale":"sv_SE","og_type":"article","og_title":"Reservdelar - Alimak Sweden","og_url":"https:\/\/alimak.com\/se\/parts\/","og_site_name":"Alimak Sweden","article_modified_time":"2022-10-27T13:44:27+00:00","twitter_card":"summary_large_image","schema":{"@context":"https:\/\/schema.org","@graph":[{"@type":"WebPage","@id":"https:\/\/alimak.com\/se\/parts\/","url":"https:\/\/alimak.com\/se\/parts\/","name":"Reservdelar - Alimak Sweden","isPartOf":{"@id":"https:\/\/alimak.com\/se\/#website"},"datePublished":"2020-11-17T12:25:31+00:00","dateModified":"2022-10-27T13:44:27+00:00","breadcrumb":{"@id":"https:\/\/alimak.com\/se\/parts\/#breadcrumb"},"inLanguage":"sv-SE","potentialAction":[{"@type":"ReadAction","target":["https:\/\/alimak.com\/se\/parts\/"]}]},{"@type":"BreadcrumbList","@id":"https:\/\/alimak.com\/se\/parts\/#breadcrumb","itemListElement":[{"@type":"ListItem","position":1,"name":"Hem","item":"https:\/\/alimak.com\/se\/"},{"@type":"ListItem","position":2,"name":"Reservdelar"}]},{"@type":"WebSite","@id":"https:\/\/alimak.com\/se\/#website","url":"https:\/\/alimak.com\/se\/","name":"Alimak Sweden","description":"Global leaders in Vertical Access Solutions","potentialAction":[{"@type":"SearchAction","target":{"@type":"EntryPoint","urlTemplate":"https:\/\/alimak.com\/se\/?s={search_term_string}"},"query-input":{"@type":"PropertyValueSpecification","valueRequired":true,"valueName":"search_term_string"}}],"inLanguage":"sv-SE"}]}},"_links":{"self":[{"href":"https:\/\/alimak.com\/se\/wp-json\/wp\/v2\/pages\/377","targetHints":{"allow":["GET"]}}],"collection":[{"href":"https:\/\/alimak.com\/se\/wp-json\/wp\/v2\/pages"}],"about":[{"href":"https:\/\/alimak.com\/se\/wp-json\/wp\/v2\/types\/page"}],"author":[{"embeddable":true,"href":"https:\/\/alimak.com\/se\/wp-json\/wp\/v2\/users\/1"}],"replies":[{"embeddable":true,"href":"https:\/\/alimak.com\/se\/wp-json\/wp\/v2\/comments?post=377"}],"version-history":[{"count":3,"href":"https:\/\/alimak.com\/se\/wp-json\/wp\/v2\/pages\/377\/revisions"}],"predecessor-version":[{"id":3982,"href":"https:\/\/alimak.com\/se\/wp-json\/wp\/v2\/pages\/377\/revisions\/3982"}],"wp:attachment":[{"href":"https:\/\/alimak.com\/se\/wp-json\/wp\/v2\/media?parent=377"}],"curies":[{"name":"wp","href":"https:\/\/api.w.org\/{rel}","templated":true}]}}