{"id":404,"date":"2020-11-17T13:12:33","date_gmt":"2020-11-17T13:12:33","guid":{"rendered":"https:\/\/alimak.wpengine.com\/?page_id=404"},"modified":"2021-07-04T11:11:53","modified_gmt":"2021-07-04T11:11:53","slug":"mast-ties","status":"publish","type":"page","link":"https:\/\/alimak.com\/se\/accessories-overview\/mast-ties\/","title":{"rendered":"Mast och f\u00f6rankringar"},"content":{"rendered":"\n<article class=\"m11 break-out\" id=\"block_5fb3d8ce63259\" data-animate-container>\n\n  <nav id=\"breadcrumbs\"><div class=\"container\" data-animate><span><span><a href=\"https:\/\/alimak.com\/se\/\">Hem<\/a><\/span><\/span><\/div><\/nav>\n  <div class=\"m11__wrapper\">\n    <div class=\"container m11__container\">\n\n      <div class=\"m11__content\">\n\n                  <h1 class=\"m11__heading uppercase\" data-animate>MAST OCH F\u00d6RANKRINGAR<\/h1>\n        \n                  <div class=\"m11__text\" data-animate>\n            <p>Alimaks mastf\u00f6rankringar anv\u00e4nds f\u00f6r att f\u00f6rankra masttornet till en struktur eller byggnad. Flera olika typer finns tillg\u00e4ngliga f\u00f6r att passa olika f\u00f6rh\u00e5llanden och strukturer. De \u00e4r konstruerade med en modul\u00e4r och flexibel design, justerbara i h\u00f6jd, bredd och l\u00e4ngd med flexibla v\u00e4ggf\u00e4sten.<\/p>\n<p>Alimak erbjuder tre typer av master av h\u00f6g kvalitet, var och en f\u00f6r att st\u00f6dja det l\u00e4tta, medeltunga och tunga sortimentet av produkter f\u00f6r byggarbetsplatser. Masterna kan anv\u00e4ndas f\u00f6r b\u00e5de hissar och plattformar fr\u00e5n samma produktkategori, vilket resulterar i kostnadsf\u00f6rdelar f\u00f6r utrustningens \u00e4gare.<\/p>\n<p>Alimaks mastprofiler \u00e4r utformade f\u00f6r att vara l\u00e4tta men samtidigt starka, vilket minimerar antalet f\u00f6rankringspunkter och ger omfattande lyfth\u00f6jder och h\u00f6gt fritt \u00f6verh\u00e4ng. Materialen \u00e4r av h\u00f6g kvalitet och tillverkningsprocessen \u00e4r strikt kontrollerad, dessutom utf\u00f6rs rigor\u00f6s belastningsprovning.<\/p>\n          <\/div>\n        \n                  <a\n          href=\"https:\/\/alimak.com\/se\/contact-us\/\"\n          class=\"m11__button button\"\n          data-animate\n          target=\"_self\">\n            Tala med en expert          <\/a>\n        \n      <\/div>\n\n              <div class=\"m11__media\">\n          <img src=https:\/\/alimak.com\/se\/wp-content\/uploads\/sites\/28\/2020\/11\/Mast-and-ties-Hero.png srcset=\"https:\/\/alimak.com\/se\/wp-content\/uploads\/sites\/28\/2020\/11\/Mast-and-ties-Hero.png 1x, https:\/\/alimak.com\/se\/wp-content\/uploads\/sites\/28\/2020\/11\/Mast-and-ties-Hero.png 2x\" class=\"m11__image initial\" alt=\"\" width=\"666\" height=\"592\">        <\/div>\n      \n    <\/div>\n  <\/div>\n<\/article>\n\n\n\n\n<div class=\"archive terra-feed \">\n\n\t<form id=\"filters\" name=\"accessory-feed\" action=\"\" method=\"get\" class=\"terra archive-container__wrapper\" data-uid=\"000000000000138d0000000000000000\">\n\t\t\t\t\t<header class=\"archive-container__filters\">\n\t\t\t\t<h4 class=\"archive-container__filters--heading\">Filtrera efter<\/h4>\n\t\t\t\t\t\t\t\t\t\t<div class=\"archive-container__filter-wrap\">\n\t\t\t\t\t\t\t<label class=\"archive-container__filter-label\" for=\"filter-mast-type\">Masttyp<\/label>\n\t\t\t\t\t\t\t<select name=\"filter-mast-type\" data-filter=\"filter-mast-type\" class=\"filter-select archive-container__filter terra__select terra-filter  default-style\" ><option  selected='selected' disabled=\"disabled\" style=\"display: none;\">V\u00e4lj<\/option><option value=\"\" >Visa alla<\/option><option value=\"350-triangular\" >350 triangul\u00e4r<\/option><option value=\"450-squared\" >450 kvadratisk<\/option><option value=\"650-squared\" >650 kvadratisk<\/option><\/select>\t\t\t\t\t\t<\/div>\n\t\t\t\t\t\t\n\t\t\t\t<button type=\"reset\" value=\"\" class=\"archive-container__reset\">\n\t\t\t\t\t\u00c5terst\u00e4ll\t\t\t\t<\/button>\n\t\t\t<\/header>\n\t\t\n\t\t<div class=\"container\">\n\t\t\t\t\t\t\t<div class=\"archive-sorting\">\n\t\t\t\t\t\n\t\t\t\t\t<div class=\"archive-sorting__input\">\n\t\t\t\t\t\t<label for=\"filter-sort\">Sortera:<\/label>\n\t\t\t\t\t\t<select name=\"filter-sort\" data-filter=\"filter-sort\" class=\"archive-sorting__sort terra__select terra-filter  default-style\" ><option value=\"ASC\" >A &#8211; \u00d6<\/option><option value=\"DESC\" >\u00d6 &#8211; A<\/option><\/select>\t\t\t\t\t<\/div>\n\t\t\t\t\t\t\t<\/div>\n\n\t\t\t<div id=\"accessory-feed\" class=\"terra-container archive-container__items archive-container__items--accessory\">\n<article class=\"single-accessory-item\">\n\t<a class=\"single-accessory-item__link\">\n\n\t\t\t\t\t<div class=\"single-accessory-item__media\">\n\t\t\t\t<img src=https:\/\/alimak.com\/se\/wp-content\/uploads\/sites\/28\/2020\/11\/650-squared.png srcset=\"https:\/\/alimak.com\/se\/wp-content\/uploads\/sites\/28\/2020\/11\/650-squared.png 1x, https:\/\/alimak.com\/se\/wp-content\/uploads\/sites\/28\/2020\/11\/650-squared.png 2x\" class=\"single-accessory-item__image\" alt=\"\" width=\"192\" height=\"232\">\t\t\t<\/div>\n\t\t\n\t\t<div class=\"single-accessory-item__content\">\n\t\t\t<h3 class=\"single-accessory-item__heading uppercase\">Mast 650 kvadratisk<\/h3>\n\t\t<\/div>\n\n\t<\/a>\n<\/article>\n\n<article class=\"single-accessory-item\">\n\t<a class=\"single-accessory-item__link\">\n\n\t\t\t\t\t<div class=\"single-accessory-item__media\">\n\t\t\t\t<img src=https:\/\/alimak.com\/se\/wp-content\/uploads\/sites\/28\/2020\/11\/450-squared.png srcset=\"https:\/\/alimak.com\/se\/wp-content\/uploads\/sites\/28\/2020\/11\/450-squared.png 1x, https:\/\/alimak.com\/se\/wp-content\/uploads\/sites\/28\/2020\/11\/450-squared.png 2x\" class=\"single-accessory-item__image\" alt=\"\" width=\"192\" height=\"232\">\t\t\t<\/div>\n\t\t\n\t\t<div class=\"single-accessory-item__content\">\n\t\t\t<h3 class=\"single-accessory-item__heading uppercase\">Mast 450 kvadratisk<\/h3>\n\t\t<\/div>\n\n\t<\/a>\n<\/article>\n\n<article class=\"single-accessory-item\">\n\t<a class=\"single-accessory-item__link\">\n\n\t\t\t\t\t<div class=\"single-accessory-item__media\">\n\t\t\t\t<img src=https:\/\/alimak.com\/se\/wp-content\/uploads\/sites\/28\/2020\/11\/350-triangular-1.png srcset=\"https:\/\/alimak.com\/se\/wp-content\/uploads\/sites\/28\/2020\/11\/350-triangular-1.png 1x, https:\/\/alimak.com\/se\/wp-content\/uploads\/sites\/28\/2020\/11\/350-triangular-1.png 2x\" class=\"single-accessory-item__image\" alt=\"\" width=\"192\" height=\"232\">\t\t\t<\/div>\n\t\t\n\t\t<div class=\"single-accessory-item__content\">\n\t\t\t<h3 class=\"single-accessory-item__heading uppercase\">Mast 350 triangular<\/h3>\n\t\t<\/div>\n\n\t<\/a>\n<\/article>\n\n<article class=\"single-accessory-item\">\n\t<a class=\"single-accessory-item__link\">\n\n\t\t\t\t\t<div class=\"single-accessory-item__media\">\n\t\t\t\t<img src=https:\/\/alimak.com\/se\/wp-content\/uploads\/sites\/28\/2020\/11\/1.4.3.png srcset=\"https:\/\/alimak.com\/se\/wp-content\/uploads\/sites\/28\/2020\/11\/1.4.3.png 1x, https:\/\/alimak.com\/se\/wp-content\/uploads\/sites\/28\/2020\/11\/1.4.3.png 2x\" class=\"single-accessory-item__image\" alt=\"\" width=\"192\" height=\"232\">\t\t\t<\/div>\n\t\t\n\t\t<div class=\"single-accessory-item__content\">\n\t\t\t<h3 class=\"single-accessory-item__heading uppercase\">F\u00f6rankring S1A<\/h3>\n\t\t<\/div>\n\n\t<\/a>\n<\/article>\n\n<article class=\"single-accessory-item\">\n\t<a class=\"single-accessory-item__link\">\n\n\t\t\t\t\t<div class=\"single-accessory-item__media\">\n\t\t\t\t<img src=https:\/\/alimak.com\/se\/wp-content\/uploads\/sites\/28\/2020\/11\/1.4.4.png srcset=\"https:\/\/alimak.com\/se\/wp-content\/uploads\/sites\/28\/2020\/11\/1.4.4.png 1x, https:\/\/alimak.com\/se\/wp-content\/uploads\/sites\/28\/2020\/11\/1.4.4.png 2x\" class=\"single-accessory-item__image\" alt=\"\" width=\"192\" height=\"232\">\t\t\t<\/div>\n\t\t\n\t\t<div class=\"single-accessory-item__content\">\n\t\t\t<h3 class=\"single-accessory-item__heading uppercase\">F\u00f6rankring S2A<\/h3>\n\t\t<\/div>\n\n\t<\/a>\n<\/article>\n\n<article class=\"single-accessory-item\">\n\t<a class=\"single-accessory-item__link\">\n\n\t\t\t\t\t<div class=\"single-accessory-item__media\">\n\t\t\t\t<img src=https:\/\/alimak.com\/se\/wp-content\/uploads\/sites\/28\/2020\/11\/1.4.5.png srcset=\"https:\/\/alimak.com\/se\/wp-content\/uploads\/sites\/28\/2020\/11\/1.4.5.png 1x, https:\/\/alimak.com\/se\/wp-content\/uploads\/sites\/28\/2020\/11\/1.4.5.png 2x\" class=\"single-accessory-item__image\" alt=\"\" width=\"192\" height=\"232\">\t\t\t<\/div>\n\t\t\n\t\t<div class=\"single-accessory-item__content\">\n\t\t\t<h3 class=\"single-accessory-item__heading uppercase\">F\u00f6rankring S3A<\/h3>\n\t\t<\/div>\n\n\t<\/a>\n<\/article>\n\n<article class=\"single-accessory-item\">\n\t<a class=\"single-accessory-item__link\">\n\n\t\t\t\t\t<div class=\"single-accessory-item__media\">\n\t\t\t\t<img src=https:\/\/alimak.com\/se\/wp-content\/uploads\/sites\/28\/2020\/11\/1.4.2.png srcset=\"https:\/\/alimak.com\/se\/wp-content\/uploads\/sites\/28\/2020\/11\/1.4.2.png 1x, https:\/\/alimak.com\/se\/wp-content\/uploads\/sites\/28\/2020\/11\/1.4.2.png 2x\" class=\"single-accessory-item__image\" alt=\"\" width=\"192\" height=\"232\">\t\t\t<\/div>\n\t\t\n\t\t<div class=\"single-accessory-item__content\">\n\t\t\t<h3 class=\"single-accessory-item__heading uppercase\">F\u00f6rankring R2A<\/h3>\n\t\t<\/div>\n\n\t<\/a>\n<\/article>\n\n<article class=\"single-accessory-item\">\n\t<a class=\"single-accessory-item__link\">\n\n\t\t\t\t\t<div class=\"single-accessory-item__media\">\n\t\t\t\t<img src=https:\/\/alimak.com\/se\/wp-content\/uploads\/sites\/28\/2020\/11\/1.4.1.png srcset=\"https:\/\/alimak.com\/se\/wp-content\/uploads\/sites\/28\/2020\/11\/1.4.1.png 1x, https:\/\/alimak.com\/se\/wp-content\/uploads\/sites\/28\/2020\/11\/1.4.1.png 2x\" class=\"single-accessory-item__image\" alt=\"\" width=\"192\" height=\"232\">\t\t\t<\/div>\n\t\t\n\t\t<div class=\"single-accessory-item__content\">\n\t\t\t<h3 class=\"single-accessory-item__heading uppercase\">F\u00f6rankring C-kl\u00e4mma<\/h3>\n\t\t<\/div>\n\n\t<\/a>\n<\/article>\n\n<article class=\"single-accessory-item\">\n\t<a class=\"single-accessory-item__link\">\n\n\t\t\t\t\t<div class=\"single-accessory-item__media\">\n\t\t\t\t<img src=https:\/\/alimak.com\/se\/wp-content\/uploads\/sites\/28\/2020\/11\/1.4.6.png srcset=\"https:\/\/alimak.com\/se\/wp-content\/uploads\/sites\/28\/2020\/11\/1.4.6.png 1x, https:\/\/alimak.com\/se\/wp-content\/uploads\/sites\/28\/2020\/11\/1.4.6.png 2x\" class=\"single-accessory-item__image\" alt=\"\" width=\"192\" height=\"232\">\t\t\t<\/div>\n\t\t\n\t\t<div class=\"single-accessory-item__content\">\n\t\t\t<h3 class=\"single-accessory-item__heading uppercase\">V\u00e4ggf\u00e4sten<\/h3>\n\t\t<\/div>\n\n\t<\/a>\n<\/article>\n\n<article class=\"single-accessory-item\">\n\t<a class=\"single-accessory-item__link\">\n\n\t\t\t\t\t<div class=\"single-accessory-item__media\">\n\t\t\t\t<img src=https:\/\/alimak.com\/se\/wp-content\/uploads\/sites\/28\/2020\/11\/1.4.7.png srcset=\"https:\/\/alimak.com\/se\/wp-content\/uploads\/sites\/28\/2020\/11\/1.4.7.png 1x, https:\/\/alimak.com\/se\/wp-content\/uploads\/sites\/28\/2020\/11\/1.4.7.png 2x\" class=\"single-accessory-item__image\" alt=\"\" width=\"192\" height=\"232\">\t\t\t<\/div>\n\t\t\n\t\t<div class=\"single-accessory-item__content\">\n\t\t\t<h3 class=\"single-accessory-item__heading uppercase\">Vertikalt r\u00f6rsystem<\/h3>\n\t\t<\/div>\n\n\t<\/a>\n<\/article>\n\n<article class=\"single-accessory-item\">\n\t<a class=\"single-accessory-item__link\">\n\n\t\t\t\t\t<div class=\"single-accessory-item__media\">\n\t\t\t\t<img src=https:\/\/alimak.com\/se\/wp-content\/uploads\/sites\/28\/2020\/11\/1.4.3.png srcset=\"https:\/\/alimak.com\/se\/wp-content\/uploads\/sites\/28\/2020\/11\/1.4.3.png 1x, https:\/\/alimak.com\/se\/wp-content\/uploads\/sites\/28\/2020\/11\/1.4.3.png 2x\" class=\"single-accessory-item__image\" alt=\"\" width=\"192\" height=\"232\">\t\t\t<\/div>\n\t\t\n\t\t<div class=\"single-accessory-item__content\">\n\t\t\t<h3 class=\"single-accessory-item__heading uppercase\">F\u00f6rankring S1C<\/h3>\n\t\t<\/div>\n\n\t<\/a>\n<\/article>\n\n<article class=\"single-accessory-item\">\n\t<a class=\"single-accessory-item__link\">\n\n\t\t\t\t\t<div class=\"single-accessory-item__media\">\n\t\t\t\t<img src=https:\/\/alimak.com\/se\/wp-content\/uploads\/sites\/28\/2020\/11\/1.4.4.png srcset=\"https:\/\/alimak.com\/se\/wp-content\/uploads\/sites\/28\/2020\/11\/1.4.4.png 1x, https:\/\/alimak.com\/se\/wp-content\/uploads\/sites\/28\/2020\/11\/1.4.4.png 2x\" class=\"single-accessory-item__image\" alt=\"\" width=\"192\" height=\"232\">\t\t\t<\/div>\n\t\t\n\t\t<div class=\"single-accessory-item__content\">\n\t\t\t<h3 class=\"single-accessory-item__heading uppercase\">F\u00f6rankring S2C<\/h3>\n\t\t<\/div>\n\n\t<\/a>\n<\/article>\n\n<article class=\"single-accessory-item\">\n\t<a class=\"single-accessory-item__link\">\n\n\t\t\t\t\t<div class=\"single-accessory-item__media\">\n\t\t\t\t<img src=https:\/\/alimak.com\/se\/wp-content\/uploads\/sites\/28\/2020\/11\/1.4.5.png srcset=\"https:\/\/alimak.com\/se\/wp-content\/uploads\/sites\/28\/2020\/11\/1.4.5.png 1x, https:\/\/alimak.com\/se\/wp-content\/uploads\/sites\/28\/2020\/11\/1.4.5.png 2x\" class=\"single-accessory-item__image\" alt=\"\" width=\"192\" height=\"232\">\t\t\t<\/div>\n\t\t\n\t\t<div class=\"single-accessory-item__content\">\n\t\t\t<h3 class=\"single-accessory-item__heading uppercase\">F\u00f6rankring S3C<\/h3>\n\t\t<\/div>\n\n\t<\/a>\n<\/article>\n\n<article class=\"single-accessory-item\">\n\t<a class=\"single-accessory-item__link\">\n\n\t\t\t\t\t<div class=\"single-accessory-item__media\">\n\t\t\t\t<img src=https:\/\/alimak.com\/se\/wp-content\/uploads\/sites\/28\/2020\/11\/1.4.2.png srcset=\"https:\/\/alimak.com\/se\/wp-content\/uploads\/sites\/28\/2020\/11\/1.4.2.png 1x, https:\/\/alimak.com\/se\/wp-content\/uploads\/sites\/28\/2020\/11\/1.4.2.png 2x\" class=\"single-accessory-item__image\" alt=\"\" width=\"192\" height=\"232\">\t\t\t<\/div>\n\t\t\n\t\t<div class=\"single-accessory-item__content\">\n\t\t\t<h3 class=\"single-accessory-item__heading uppercase\">F\u00f6rankring R2C<\/h3>\n\t\t<\/div>\n\n\t<\/a>\n<\/article>\n\n<article class=\"single-accessory-item\">\n\t<a class=\"single-accessory-item__link\">\n\n\t\t\t\t\t<div class=\"single-accessory-item__media\">\n\t\t\t\t<img src=https:\/\/alimak.com\/se\/wp-content\/uploads\/sites\/28\/2020\/11\/1.4.1.png srcset=\"https:\/\/alimak.com\/se\/wp-content\/uploads\/sites\/28\/2020\/11\/1.4.1.png 1x, https:\/\/alimak.com\/se\/wp-content\/uploads\/sites\/28\/2020\/11\/1.4.1.png 2x\" class=\"single-accessory-item__image\" alt=\"\" width=\"192\" height=\"232\">\t\t\t<\/div>\n\t\t\n\t\t<div class=\"single-accessory-item__content\">\n\t\t\t<h3 class=\"single-accessory-item__heading uppercase\">C-kl\u00e4mma f\u00f6r f\u00f6rankring<\/h3>\n\t\t<\/div>\n\n\t<\/a>\n<\/article>\n\n<nav class=\"pagination\">\n\t<span aria-current=\"page\" class=\"page-numbers current\">1<\/span>\n<a class=\"page-numbers\" href=\"https:\/\/alimak.com\/se\/wp-json\/wp\/v2\/pages\/404\/page\/2\">2<\/a>\n<a class=\"next page-numbers\" href=\"https:\/\/alimak.com\/se\/wp-json\/wp\/v2\/pages\/404\/page\/2\"><span class=\"screen-reader-text\">Next page<\/span><i class=\"pagination__icon pagination__icon--next aria-hidden=\"true\"><svg class=\"svg-icon svg-icon--icon-pagination-right\" aria-hidden=\"true\" role=\"img\"> <use href=\"#icon-pagination-right\" xlink:href=\"#icon-pagination-right\"><\/use> <\/svg><\/i><\/a><\/nav>\n<\/div>\t\t<\/div>\n\n\t\t<input type=\"hidden\" name=\"posts_per_page\" value=\"15\" \/><input type=\"hidden\" name=\"posts-offset\" value=\"15\" \/><\/form>\n<\/div>\n\n\n\n<div style=\"height:100px\" aria-hidden=\"true\" class=\"wp-block-spacer\"><\/div>\n\n\n\n<article class=\"m08 break-out\" id=\"block_5fb3cdb7f629f\" data-animate-container>\n  <div class=\"container m08__container\">\n\n          <div class=\"m08__block m08__block--one\">\n        <div class=\"m08__content\">\n\n                      <h2 class=\"m08__heading uppercase h3\" data-animate>KONTAKTA OSS F\u00d6R MER INFORMATION ELLER EN OFFERT<\/h2>\n          \n                      <div class=\"m08__text\" data-animate>\n              <p>Beh\u00f6ver du hj\u00e4lp med att v\u00e4lja produkt f\u00f6r ett kommande projekt? Kontakta v\u00e5ra produktexperter f\u00f6r information om v\u00e5rt utbud av l\u00f6sningar f\u00f6r vertikala transporter och en offert som m\u00f6ter behoven i ditt projekt.<\/p>\n            <\/div>\n          \n                      <a\n            data-animate\n            href=\"https:\/\/alimak.com\/se\/request-a-quote\"\n            class=\"m08__button button button--outline button--white\"\n            target=\"_self\">\n              Beg\u00e4r offert            <\/a>\n          \n        <\/div>\n      <\/div>\n    \n          <div class=\"m08__block m08__block--two\">\n        <div class=\"m08__content\">\n\n                      <h2 class=\"m08__heading uppercase h3\" data-animate>HITTA EN LOKAL REPRESENTANT<\/h2>\n          \n                      <div class=\"m08__text\" data-animate>\n              <p>Alimak finns p\u00e5 sex kontinenter och anv\u00e4nder ett globalt n\u00e4tverk f\u00f6r att leverera l\u00f6sningar f\u00f6r vertikala transporter f\u00f6r en rad olika till\u00e4mpningar p\u00e5 bygg- och industrianl\u00e4ggningar runt om i v\u00e4rlden. Kontakta oss f\u00f6r att hitta en lokal representant fr\u00e5n Alimaks globala n\u00e4tverk.<\/p>\n            <\/div>\n          \n                      <a\n            data-animate\n            href=\"\/se\/locations\"\n            class=\"m08__button button\"\n            target=\"_self\">\n              S\u00f6k i katalogen            <\/a>\n          \n        <\/div>\n      <\/div>\n        \n  <\/div>\n<\/article>\n\n\n\n<div style=\"height:100px\" aria-hidden=\"true\" class=\"wp-block-spacer\"><\/div>\n","protected":false},"excerpt":{"rendered":"","protected":false},"author":1,"featured_media":0,"parent":382,"menu_order":0,"comment_status":"closed","ping_status":"closed","template":"","meta":{"_trash_the_other_posts":false,"editor_notices":[],"footnotes":""},"class_list":["post-404","page","type-page","status-publish","hentry"],"yoast_head":"<!-- This site is optimized with the Yoast SEO plugin v27.3 - https:\/\/yoast.com\/product\/yoast-seo-wordpress\/ -->\n<title>Mast och f\u00f6rankringar - Alimak Sweden<\/title>\n<meta name=\"robots\" content=\"index, follow, max-snippet:-1, max-image-preview:large, max-video-preview:-1\" \/>\n<link rel=\"canonical\" href=\"https:\/\/alimak.com\/se\/accessories-overview\/mast-ties\/\" \/>\n<meta property=\"og:locale\" content=\"sv_SE\" \/>\n<meta property=\"og:type\" content=\"article\" \/>\n<meta property=\"og:title\" content=\"Mast och f\u00f6rankringar - Alimak Sweden\" \/>\n<meta property=\"og:url\" content=\"https:\/\/alimak.com\/se\/accessories-overview\/mast-ties\/\" \/>\n<meta property=\"og:site_name\" content=\"Alimak Sweden\" \/>\n<meta property=\"article:modified_time\" content=\"2021-07-04T11:11:53+00:00\" \/>\n<meta name=\"twitter:card\" content=\"summary_large_image\" \/>\n<script type=\"application\/ld+json\" class=\"yoast-schema-graph\">{\"@context\":\"https:\\\/\\\/schema.org\",\"@graph\":[{\"@type\":\"WebPage\",\"@id\":\"https:\\\/\\\/alimak.com\\\/se\\\/accessories-overview\\\/mast-ties\\\/\",\"url\":\"https:\\\/\\\/alimak.com\\\/se\\\/accessories-overview\\\/mast-ties\\\/\",\"name\":\"Mast och f\u00f6rankringar - Alimak Sweden\",\"isPartOf\":{\"@id\":\"https:\\\/\\\/alimak.com\\\/se\\\/#website\"},\"datePublished\":\"2020-11-17T13:12:33+00:00\",\"dateModified\":\"2021-07-04T11:11:53+00:00\",\"breadcrumb\":{\"@id\":\"https:\\\/\\\/alimak.com\\\/se\\\/accessories-overview\\\/mast-ties\\\/#breadcrumb\"},\"inLanguage\":\"sv-SE\",\"potentialAction\":[{\"@type\":\"ReadAction\",\"target\":[\"https:\\\/\\\/alimak.com\\\/se\\\/accessories-overview\\\/mast-ties\\\/\"]}]},{\"@type\":\"BreadcrumbList\",\"@id\":\"https:\\\/\\\/alimak.com\\\/se\\\/accessories-overview\\\/mast-ties\\\/#breadcrumb\",\"itemListElement\":[{\"@type\":\"ListItem\",\"position\":1,\"name\":\"Hem\",\"item\":\"https:\\\/\\\/alimak.com\\\/se\\\/\"},{\"@type\":\"ListItem\",\"position\":2,\"name\":\"Tillbeh\u00f6rs\u00f6versikt\",\"item\":\"https:\\\/\\\/alimak.com\\\/se\\\/accessories-overview\\\/\"},{\"@type\":\"ListItem\",\"position\":3,\"name\":\"Mast och f\u00f6rankringar\"}]},{\"@type\":\"WebSite\",\"@id\":\"https:\\\/\\\/alimak.com\\\/se\\\/#website\",\"url\":\"https:\\\/\\\/alimak.com\\\/se\\\/\",\"name\":\"Alimak Sweden\",\"description\":\"Global leaders in Vertical Access Solutions\",\"potentialAction\":[{\"@type\":\"SearchAction\",\"target\":{\"@type\":\"EntryPoint\",\"urlTemplate\":\"https:\\\/\\\/alimak.com\\\/se\\\/?s={search_term_string}\"},\"query-input\":{\"@type\":\"PropertyValueSpecification\",\"valueRequired\":true,\"valueName\":\"search_term_string\"}}],\"inLanguage\":\"sv-SE\"}]}<\/script>\n<!-- \/ Yoast SEO plugin. -->","yoast_head_json":{"title":"Mast och f\u00f6rankringar - Alimak Sweden","robots":{"index":"index","follow":"follow","max-snippet":"max-snippet:-1","max-image-preview":"max-image-preview:large","max-video-preview":"max-video-preview:-1"},"canonical":"https:\/\/alimak.com\/se\/accessories-overview\/mast-ties\/","og_locale":"sv_SE","og_type":"article","og_title":"Mast och f\u00f6rankringar - Alimak Sweden","og_url":"https:\/\/alimak.com\/se\/accessories-overview\/mast-ties\/","og_site_name":"Alimak Sweden","article_modified_time":"2021-07-04T11:11:53+00:00","twitter_card":"summary_large_image","schema":{"@context":"https:\/\/schema.org","@graph":[{"@type":"WebPage","@id":"https:\/\/alimak.com\/se\/accessories-overview\/mast-ties\/","url":"https:\/\/alimak.com\/se\/accessories-overview\/mast-ties\/","name":"Mast och f\u00f6rankringar - Alimak Sweden","isPartOf":{"@id":"https:\/\/alimak.com\/se\/#website"},"datePublished":"2020-11-17T13:12:33+00:00","dateModified":"2021-07-04T11:11:53+00:00","breadcrumb":{"@id":"https:\/\/alimak.com\/se\/accessories-overview\/mast-ties\/#breadcrumb"},"inLanguage":"sv-SE","potentialAction":[{"@type":"ReadAction","target":["https:\/\/alimak.com\/se\/accessories-overview\/mast-ties\/"]}]},{"@type":"BreadcrumbList","@id":"https:\/\/alimak.com\/se\/accessories-overview\/mast-ties\/#breadcrumb","itemListElement":[{"@type":"ListItem","position":1,"name":"Hem","item":"https:\/\/alimak.com\/se\/"},{"@type":"ListItem","position":2,"name":"Tillbeh\u00f6rs\u00f6versikt","item":"https:\/\/alimak.com\/se\/accessories-overview\/"},{"@type":"ListItem","position":3,"name":"Mast och f\u00f6rankringar"}]},{"@type":"WebSite","@id":"https:\/\/alimak.com\/se\/#website","url":"https:\/\/alimak.com\/se\/","name":"Alimak Sweden","description":"Global leaders in Vertical Access Solutions","potentialAction":[{"@type":"SearchAction","target":{"@type":"EntryPoint","urlTemplate":"https:\/\/alimak.com\/se\/?s={search_term_string}"},"query-input":{"@type":"PropertyValueSpecification","valueRequired":true,"valueName":"search_term_string"}}],"inLanguage":"sv-SE"}]}},"_links":{"self":[{"href":"https:\/\/alimak.com\/se\/wp-json\/wp\/v2\/pages\/404","targetHints":{"allow":["GET"]}}],"collection":[{"href":"https:\/\/alimak.com\/se\/wp-json\/wp\/v2\/pages"}],"about":[{"href":"https:\/\/alimak.com\/se\/wp-json\/wp\/v2\/types\/page"}],"author":[{"embeddable":true,"href":"https:\/\/alimak.com\/se\/wp-json\/wp\/v2\/users\/1"}],"replies":[{"embeddable":true,"href":"https:\/\/alimak.com\/se\/wp-json\/wp\/v2\/comments?post=404"}],"version-history":[{"count":7,"href":"https:\/\/alimak.com\/se\/wp-json\/wp\/v2\/pages\/404\/revisions"}],"predecessor-version":[{"id":2935,"href":"https:\/\/alimak.com\/se\/wp-json\/wp\/v2\/pages\/404\/revisions\/2935"}],"up":[{"embeddable":true,"href":"https:\/\/alimak.com\/se\/wp-json\/wp\/v2\/pages\/382"}],"wp:attachment":[{"href":"https:\/\/alimak.com\/se\/wp-json\/wp\/v2\/media?parent=404"}],"curies":[{"name":"wp","href":"https:\/\/api.w.org\/{rel}","templated":true}]}}