{"id":4159,"date":"2023-03-13T12:47:48","date_gmt":"2023-03-13T12:47:48","guid":{"rendered":"https:\/\/alimak.com\/se\/service-solutions\/my-alimak-svenska\/"},"modified":"2024-12-10T15:55:59","modified_gmt":"2024-12-10T15:55:59","slug":"my-alimak","status":"publish","type":"page","link":"https:\/\/alimak.com\/se\/service-solutions\/my-alimak\/","title":{"rendered":"My Alimak"},"content":{"rendered":"\n<article class=\"m33 break-out\" id=\"block_5fad47da958a3\" data-animate-container>\n\n  <nav id=\"breadcrumbs\"><div class=\"container\"><span><span><a href=\"https:\/\/alimak.com\/se\/\">Hem<\/a><\/span><\/span><\/div><\/nav>\n  <div class=\"container m33__container\">\n\t\t\n\t\t\t\t\t<h1 class=\"m33__heading uppercase  \" data-animate>My Alimak<\/h1>\n\t\t\t\t\n\t\t  <\/div>\n\n<\/article>\n\n\n\n\n<div style=\"height:100px\" aria-hidden=\"true\" class=\"wp-block-spacer\"><\/div>\n\n\n\n<div class=\"wp-block-group has-light-grey-background-color has-background\"><div class=\"wp-block-group__inner-container is-layout-flow wp-block-group-is-layout-flow\">\n<article class=\"m28 break-out\" id=\"block_5fb3fad5412b2\" data-animate-container>\n  <div class=\"container\">\n\n          <div class=\"m28__content\" data-animate><h3>S\u00e4g hej till framtiden f\u00f6r digitalisering inom hissbranschen<\/h3>\n<p>My Alimak \u00e4r en skr\u00e4ddarsydd webbaserad portal utvecklad av Alimak Group f\u00f6r att effektivisera anv\u00e4ndningen av Alimak-hissar. Fj\u00e4rr\u00f6vervakningsportalen ger anv\u00e4ndarna uppdaterad information om deras Alimak-utrustning. My Alimak-portalen visar en m\u00e4ngd olika driftsinformation \u2013 fr\u00e5n data som samlas in och visas i ett l\u00e4ttl\u00e4st format \u2013 tillsammans med m\u00e5nga fler funktioner s\u00e5som ett avancerat ber\u00e4kningsverktyg, Bim- och dokumentarkiv. Tillg\u00e5ng till denna data g\u00f6r att du kan f\u00f6rb\u00e4ttra logistiken vid din arbetsplats samt f\u00f6rutse n\u00f6dv\u00e4ndigt underh\u00e5ll och reparationer vid behov f\u00f6r att s\u00e4kerst\u00e4lla maximal driftstid.<\/p>\n<p><a href=\"https:\/\/my.alimak.com\" target=\"_blank\" rel=\"noopener\"><strong>TILL MY ALIMAK<\/strong><\/a><\/p>\n<\/div>\n    \n          <div class=\"m28__media\">\n        <img src=https:\/\/alimak.com\/se\/wp-content\/uploads\/sites\/28\/2023\/04\/My-Alimak-Image-2-1024x712.png  class=\"m28__image\" alt=\"\" width=\"1024\" height=\"712\">      <\/div>\n    \n  <\/div>\n<\/article>\n<\/div><\/div>\n\n\n\n<article class=\"m29 large break-out\" id=\"block_654e18d922c6b\" data-animate-container>\n  <div class=\"container\">\n\n          <h2 class=\"m29__heading h3 uppercase\" data-animate>MY ALIMAK &#8211; INDUSTRI<\/h2>\n    \n    \n          <div class=\"m29__media\" data-animate>\n\n        <div\n        class=\"m29__player\"\n        data-plyr-provider=\"youtube\"\n        data-plyr-embed-id=\"gXoDP7fZNwc\"><\/div>\n\n        <button type=\"button\" class=\"m29__poster\">\n                    <span class=\"m29__play-wrap\" aria-hidden=\"true\"><svg class=\"svg-icon svg-icon--icon-play\" aria-hidden=\"true\" role=\"img\"> <use href=\"#icon-play\" xlink:href=\"#icon-play\"><\/use> <\/svg><\/span> \n          <span class=\"screen-reader-text\">Click to play<\/span>\n        <\/button>\n        \n      <\/div>\n    \n  <\/div>\n<\/article>\n\n\n\n<article class=\"m29 large break-out\" id=\"block_654e1ae322c6c\" data-animate-container>\n  <div class=\"container\">\n\n          <h2 class=\"m29__heading h3 uppercase\" data-animate>MY ALIMAK &#8211; BYGGINDUSTRI<\/h2>\n    \n    \n          <div class=\"m29__media\" data-animate>\n\n        <div\n        class=\"m29__player\"\n        data-plyr-provider=\"youtube\"\n        data-plyr-embed-id=\"TCFYVpXN__w\"><\/div>\n\n        <button type=\"button\" class=\"m29__poster\">\n                    <span class=\"m29__play-wrap\" aria-hidden=\"true\"><svg class=\"svg-icon svg-icon--icon-play\" aria-hidden=\"true\" role=\"img\"> <use href=\"#icon-play\" xlink:href=\"#icon-play\"><\/use> <\/svg><\/span> \n          <span class=\"screen-reader-text\">Click to play<\/span>\n        <\/button>\n        \n      <\/div>\n    \n  <\/div>\n<\/article>\n\n\n\n<article class=\"m13 break-out\" id=\"block_5fb3fb35412b3\" data-animate-container>\n  <div class=\"container m13__container\">\n\n          <h2 class=\"m13__heading uppercase h3\" data-animate>Funktioner<\/h2>\n              <div class=\"m13__introduction large\" data-animate><p>My Alimak-portalen ger dig som anv\u00e4nder, underh\u00e5ller eller \u00e4ger en Alimak-produkt tillg\u00e5ng till f\u00f6ljande funktioner:<\/p>\n<\/div>\n    \n          <div class=\"m13__services\">\n                  <article class=\"m13__service\" data-animate data-delay=\"0\">\n\n                          <h3 class=\"m13__title uppercase h4\">Information<\/h3>\n            \n            <p class=\"p1\">Allm\u00e4nna specifikationer, s\u00e5som serienummer, produkttyp, prestandadata och temperatur.<\/p>\n\n            \n                          <div class=\"m13__icon\" aria-hidden=\"true\">\n                <img src=https:\/\/alimak.com\/se\/wp-content\/uploads\/sites\/28\/2023\/04\/1.-Information-Orange-300x300.png  class=\"\" alt=\"\" width=\"300\" height=\"300\">              <\/div>\n            \n          <\/article>\n                  <article class=\"m13__service\" data-animate data-delay=\"150\">\n\n                          <h3 class=\"m13__title uppercase h4\">Status<\/h3>\n            \n            <p class=\"p1\">Se en m\u00e4ngd driftsinformation och data f\u00f6r din Alimak-produkt i realtid.<\/p>\n\n            \n                          <div class=\"m13__icon\" aria-hidden=\"true\">\n                <img src=https:\/\/alimak.com\/se\/wp-content\/uploads\/sites\/28\/2023\/04\/2.-Status-Orange-300x300.png  class=\"\" alt=\"\" width=\"300\" height=\"300\">              <\/div>\n            \n          <\/article>\n                  <article class=\"m13__service\" data-animate data-delay=\"300\">\n\n                          <h3 class=\"m13__title uppercase h4\">Felmeddelanden<\/h3>\n            \n            <p class=\"p1\">Uppt\u00e4ck uppdaterade felmeddelanden snabbt f\u00f6r enkel fj\u00e4rrdiagnostik och minimerad stillest\u00e5ndstid.<\/p>\n\n            \n                          <div class=\"m13__icon\" aria-hidden=\"true\">\n                <img src=https:\/\/alimak.com\/se\/wp-content\/uploads\/sites\/28\/2023\/04\/3.-Alarms-Orange-297x300.png  class=\"\" alt=\"\" width=\"297\" height=\"300\">              <\/div>\n            \n          <\/article>\n                  <article class=\"m13__service\" data-animate data-delay=\"450\">\n\n                          <h3 class=\"m13__title uppercase h4\">Position<\/h3>\n            \n            <p class=\"p1\">Karta med aktuell positionering av alla dina anslutna Alimak-produkter.<\/p>\n\n            \n                          <div class=\"m13__icon\" aria-hidden=\"true\">\n                <img src=https:\/\/alimak.com\/se\/wp-content\/uploads\/sites\/28\/2023\/04\/4.-Location-orange-293x300.png  class=\"\" alt=\"\" width=\"293\" height=\"300\">              <\/div>\n            \n          <\/article>\n                  <article class=\"m13__service\" data-animate data-delay=\"600\">\n\n                          <h3 class=\"m13__title uppercase h4\">Dokumentarkiv<\/h3>\n            \n            <p class=\"p1\">Tillg\u00e5ng till all teknisk dokumentation, manualer och certifikat f\u00f6r dina Alimak-produkter.<\/p>\n\n            \n                          <div class=\"m13__icon\" aria-hidden=\"true\">\n                <img src=https:\/\/alimak.com\/se\/wp-content\/uploads\/sites\/28\/2023\/04\/5.-Documents-Orange-215x300.png  class=\"\" alt=\"\" width=\"215\" height=\"300\">              <\/div>\n            \n          <\/article>\n                  <article class=\"m13__service\" data-animate data-delay=\"750\">\n\n                          <h3 class=\"m13__title uppercase h4\">AliCalc<\/h3>\n            \n            <p class=\"p1\">Avancerat onlineverktyg f\u00f6r att snabbt och enkelt ber\u00e4kna reaktionskrafter och \u00f6ka s\u00e4kerheten.<\/p>\n\n                          <a\n              href=\"https:\/\/youtu.be\/k_qNHzShqmw?feature=shared\"\n              class=\"m13__button read-more\"\n              target=\"_blank\">\n                <span>Spela film<\/span>\n                <svg class=\"svg-icon svg-icon--icon-arrow-right\" aria-hidden=\"true\" role=\"img\"> <use href=\"#icon-arrow-right\" xlink:href=\"#icon-arrow-right\"><\/use> <\/svg>              <\/a>\n            \n                          <div class=\"m13__icon\" aria-hidden=\"true\">\n                <img src=https:\/\/alimak.com\/se\/wp-content\/uploads\/sites\/28\/2023\/04\/7.-AliCalc-Orange-242x300.png  class=\"\" alt=\"\" width=\"242\" height=\"300\">              <\/div>\n            \n          <\/article>\n                  <article class=\"m13__service\" data-animate data-delay=\"900\">\n\n                          <h3 class=\"m13__title uppercase h4\">BIM-katalog<\/h3>\n            \n            <p>Integrera BIM-modeller i planeringsfasen av ditt projekt f\u00f6r att visualisera och optimera dina vertikala transportbehov.<\/p>\n\n                          <a\n              href=\"https:\/\/youtu.be\/Uf3dy3igtuM?feature=shared\"\n              class=\"m13__button read-more\"\n              target=\"_blank\">\n                <span>Spela film<\/span>\n                <svg class=\"svg-icon svg-icon--icon-arrow-right\" aria-hidden=\"true\" role=\"img\"> <use href=\"#icon-arrow-right\" xlink:href=\"#icon-arrow-right\"><\/use> <\/svg>              <\/a>\n            \n                          <div class=\"m13__icon\" aria-hidden=\"true\">\n                <img src=https:\/\/alimak.com\/se\/wp-content\/uploads\/sites\/28\/2023\/04\/8.-BIM-Library-Orange-300x297.png  class=\"\" alt=\"\" width=\"300\" height=\"297\">              <\/div>\n            \n          <\/article>\n                  <article class=\"m13__service\" data-animate data-delay=\"1050\">\n\n                          <h3 class=\"m13__title uppercase h4\">Statistik<\/h3>\n            \n            <p>Analysera dina hissars utnyttjandegrad i ett l\u00e4ttl\u00e4st format samt f\u00f6rb\u00e4ttra logistik och h\u00e5llbarhet med ut\u00f6kade driftsdata.<\/p>\n\n            \n                          <div class=\"m13__icon\" aria-hidden=\"true\">\n                <img src=https:\/\/alimak.com\/se\/wp-content\/uploads\/sites\/28\/2023\/04\/6.-Statistics-Orange-300x286.png  class=\"\" alt=\"\" width=\"300\" height=\"286\">              <\/div>\n            \n          <\/article>\n                  <article class=\"m13__service\" data-animate data-delay=\"1200\">\n\n                          <h3 class=\"m13__title uppercase h4\">Parts online<\/h3>\n            \n            <p>Hitta och identifiera enkelt Alimak reservdelar med Parts Online.<\/p>\n\n                          <a\n              href=\"https:\/\/youtu.be\/r_DmpEuJN2Q?feature=shared\"\n              class=\"m13__button read-more\"\n              target=\"_blank\">\n                <span>Spela film<\/span>\n                <svg class=\"svg-icon svg-icon--icon-arrow-right\" aria-hidden=\"true\" role=\"img\"> <use href=\"#icon-arrow-right\" xlink:href=\"#icon-arrow-right\"><\/use> <\/svg>              <\/a>\n            \n                          <div class=\"m13__icon\" aria-hidden=\"true\">\n                <img src=https:\/\/alimak.com\/se\/wp-content\/uploads\/sites\/28\/2023\/04\/11.-Parts-online-Orange-2-300x267.png  class=\"\" alt=\"\" width=\"300\" height=\"267\">              <\/div>\n            \n          <\/article>\n                  <article class=\"m13__service\" data-animate data-delay=\"1350\">\n\n                          <h3 class=\"m13__title uppercase h4\">Utbildning<\/h3>\n            \n            <p>Enkel \u00e5tkomst till specialutbildning p\u00e5 Alimak-produkter f\u00f6r att st\u00f6dja s\u00e4ker drift, underh\u00e5ll och installation av Alimak-utrustning.<\/p>\n\n            \n                          <div class=\"m13__icon\" aria-hidden=\"true\">\n                <img src=https:\/\/alimak.com\/se\/wp-content\/uploads\/sites\/28\/2023\/04\/10.-Training-Orange-266x300.png  class=\"\" alt=\"\" width=\"266\" height=\"300\">              <\/div>\n            \n          <\/article>\n                  <article class=\"m13__service\" data-animate data-delay=\"1500\">\n\n                          <h3 class=\"m13__title uppercase h4\">Support<\/h3>\n            \n            <p>Enkel \u00e5tkomst till personlig teknisk support n\u00e4r det beh\u00f6vs.<\/p>\n\n            \n                          <div class=\"m13__icon\" aria-hidden=\"true\">\n                <img src=https:\/\/alimak.com\/se\/wp-content\/uploads\/sites\/28\/2023\/04\/9.-Support-Orange-300x284.png  class=\"\" alt=\"\" width=\"300\" height=\"284\">              <\/div>\n            \n          <\/article>\n              <\/div>\n    \n  <\/div>\n<\/article>\n\n\n\r\n<article class=\"m38 break-out\" id=\"block_6758613e1c5fb\" data-animate-container>\r\n  <div class=\"container\">\r\n\r\n          <div class=\"m38__introduction large\" data-animate>\r\n        <h2 class=\"m38__heading uppercase h3\">BROSCHYRER<\/h2>\r\n      <\/div>\r\n    \r\n          <button type=\"button\" class=\"m38__accordion-button\" data-animate>\r\n        <i class=\"m38__accordion-icon\" aria-hidden=\"true\"><\/i>\r\n        <h3 class=\"m38__accordion-title uppercase h4\">My Alimak &#8211; Industri<\/h3>\r\n      <\/button>\r\n    \r\n    <div class=\"m38__accordion-wrapper\">\r\n      <div class=\"m38__accordion-content\">\r\n\r\n                  <ul class=\"m38__accordion-downloads no-list\">\r\n\r\n            \r\n\t\t\t\t\t\t\t<li class=\"m38__accordion-download-item\">\r\n\r\n\t\t\t\t\t\t\t\t<span class=\"m38__file-heading\">\r\n\t\t\t\t\t\t\t\t\t<strong class=\"uppercase\"><\/strong>\r\n\t\t\t\t\t\t\t\t\tL\u00e4s mer om My Alimak f\u00f6r industrihissar\t\t\t\t\t\t\t\t<\/span>\r\n\r\n\t\t\t\t\t\t\t\t<div class=\"m38__columns\">\r\n\t\t\t\t\t\t\t\t\t\t\t\t\t\t\t\t\t\t\t\t\t\t\t\t\t\t\t\t\t\t\t\t\t\t\t<\/div>\r\n\r\n\t\t\t\t\t\t\t\t\r\n\t\t\t\t\t\t\t\t\t\t\t\t\t\t\t\t\t<a\r\n\t\t\t\t\t\t\t\t\ttarget=\"_self\"\r\n\t\t\t\t\t\t\t\t\trel=\"noopener noreferrer\"\r\n\t\t\t\t\t\t\t\t\tclass=\"m38__button button button--download\"\r\n\t\t\t\t\t\t\t\t\thref=\"https:\/\/alimak.com\/wp-content\/uploads\/2024\/12\/My-Alimak-Industrial-1809-EN-Aug-2024.pdf\">\r\n\t\t\t\t\t\t\t\t\t\t<span>H\u00e4mta<\/span>\r\n\t\t\t\t\t\t\t\t\t\t<svg class=\"svg-icon svg-icon--icon-download\" aria-hidden=\"true\" role=\"img\"> <use href=\"#icon-download\" xlink:href=\"#icon-download\"><\/use> <\/svg>\t\t\t\t\t\t\t\t\t<\/a>\r\n\t\t\t\t\t\t\t\t\r\n\t\t\t\t\t\t\t\t\r\n\t\t\t\t\t\t\t<\/li>\r\n\r\n\t\t\t\t\t\t\t\r\n          <\/ul>\r\n        \r\n      <\/div>\r\n    <\/div>\r\n\r\n  <\/div>\r\n\r\n\t\t\r\n<\/article>\r\n\n\n\r\n<article class=\"m38 break-out\" id=\"block_675862121c5fd\" data-animate-container>\r\n  <div class=\"container\">\r\n\r\n    \r\n          <button type=\"button\" class=\"m38__accordion-button\" data-animate>\r\n        <i class=\"m38__accordion-icon\" aria-hidden=\"true\"><\/i>\r\n        <h3 class=\"m38__accordion-title uppercase h4\">My Alimak &#8211; byggindustri<\/h3>\r\n      <\/button>\r\n    \r\n    <div class=\"m38__accordion-wrapper\">\r\n      <div class=\"m38__accordion-content\">\r\n\r\n                  <ul class=\"m38__accordion-downloads no-list\">\r\n\r\n            \r\n\t\t\t\t\t\t\t<li class=\"m38__accordion-download-item\">\r\n\r\n\t\t\t\t\t\t\t\t<span class=\"m38__file-heading\">\r\n\t\t\t\t\t\t\t\t\t<strong class=\"uppercase\"><\/strong>\r\n\t\t\t\t\t\t\t\t\tL\u00e4s mer om My Alimak f\u00f6r byggprodukter\t\t\t\t\t\t\t\t<\/span>\r\n\r\n\t\t\t\t\t\t\t\t<div class=\"m38__columns\">\r\n\t\t\t\t\t\t\t\t\t\t\t\t\t\t\t\t\t\t\t\t\t\t\t\t\t\t\t\t\t\t\t\t\t\t\t<\/div>\r\n\r\n\t\t\t\t\t\t\t\t\r\n\t\t\t\t\t\t\t\t\t\t\t\t\t\t\t\t\t<a\r\n\t\t\t\t\t\t\t\t\ttarget=\"_self\"\r\n\t\t\t\t\t\t\t\t\trel=\"noopener noreferrer\"\r\n\t\t\t\t\t\t\t\t\tclass=\"m38__button button button--download\"\r\n\t\t\t\t\t\t\t\t\thref=\"https:\/\/alimak.com\/my-alimak-1794-en-nov-2023\/\">\r\n\t\t\t\t\t\t\t\t\t\t<span>H\u00e4mta<\/span>\r\n\t\t\t\t\t\t\t\t\t\t<svg class=\"svg-icon svg-icon--icon-download\" aria-hidden=\"true\" role=\"img\"> <use href=\"#icon-download\" xlink:href=\"#icon-download\"><\/use> <\/svg>\t\t\t\t\t\t\t\t\t<\/a>\r\n\t\t\t\t\t\t\t\t\r\n\t\t\t\t\t\t\t\t\r\n\t\t\t\t\t\t\t<\/li>\r\n\r\n\t\t\t\t\t\t\t\r\n          <\/ul>\r\n        \r\n      <\/div>\r\n    <\/div>\r\n\r\n  <\/div>\r\n\r\n\t\t\r\n<\/article>\r\n\n\n\n<div class=\"wp-block-group has-light-grey-background-color has-background\"><div class=\"wp-block-group__inner-container is-layout-flow wp-block-group-is-layout-flow\">\n<div style=\"height:100px\" aria-hidden=\"true\" class=\"wp-block-spacer\"><\/div>\n\n\n\n<article class=\"m08 break-out\" id=\"block_5fb3cb70ddff0\" data-animate-container>\n  <div class=\"container m08__container\">\n\n          <div class=\"m08__block m08__block--one\">\n        <div class=\"m08__content\">\n\n                      <h2 class=\"m08__heading uppercase h3\" data-animate>KONTAKTA OSS F\u00d6R MER INFORMATION ELLER EN OFFERT<\/h2>\n          \n                      <div class=\"m08__text\" data-animate>\n              <p>Beh\u00f6ver du hj\u00e4lp med att v\u00e4lja produkt f\u00f6r ett kommande projekt? Kontakta v\u00e5ra produktexperter f\u00f6r information om v\u00e5rt utbud av l\u00f6sningar f\u00f6r vertikala transporter och en offert som m\u00f6ter behoven i ditt projekt.<\/p>\n            <\/div>\n          \n                      <a\n            data-animate\n            href=\"https:\/\/alimak.com\/se\/request-a-quote\/\"\n            class=\"m08__button button button--outline button--white\"\n            target=\"_self\">\n              Beg\u00e4r offert            <\/a>\n          \n        <\/div>\n      <\/div>\n    \n          <div class=\"m08__block m08__block--two\">\n        <div class=\"m08__content\">\n\n                      <h2 class=\"m08__heading uppercase h3\" data-animate>Hitta en lokal representant<\/h2>\n          \n                      <div class=\"m08__text\" data-animate>\n              <p>Alimak finns p\u00e5 sex kontinenter och anv\u00e4nder ett globalt n\u00e4tverk f\u00f6r att leverera l\u00f6sningar f\u00f6r vertikala transporter f\u00f6r en rad olika till\u00e4mpningar p\u00e5 bygg- och industrianl\u00e4ggningar runt om i v\u00e4rlden. Kontakta oss f\u00f6r att hitta en lokal representant fr\u00e5n Alimaks globala n\u00e4tverk.<\/p>\n            <\/div>\n          \n                      <a\n            data-animate\n            href=\"https:\/\/alimak.com\/se\/locations\"\n            class=\"m08__button button\"\n            target=\"_self\">\n              S\u00f6k i katalogen            <\/a>\n          \n        <\/div>\n      <\/div>\n        \n  <\/div>\n<\/article>\n<\/div><\/div>\n\n\n\n<div style=\"height:100px\" aria-hidden=\"true\" class=\"wp-block-spacer\"><\/div>\n","protected":false},"excerpt":{"rendered":"","protected":false},"author":12,"featured_media":0,"parent":203,"menu_order":0,"comment_status":"closed","ping_status":"closed","template":"","meta":{"_trash_the_other_posts":false,"editor_notices":[],"footnotes":""},"class_list":["post-4159","page","type-page","status-publish","hentry"],"yoast_head":"<!-- This site is optimized with the Yoast SEO plugin v27.3 - https:\/\/yoast.com\/product\/yoast-seo-wordpress\/ -->\n<title>My Alimak - Alimak Sweden<\/title>\n<meta name=\"robots\" content=\"index, follow, max-snippet:-1, max-image-preview:large, max-video-preview:-1\" \/>\n<link rel=\"canonical\" href=\"https:\/\/alimak.com\/se\/service-solutions\/my-alimak\/\" \/>\n<meta property=\"og:locale\" content=\"sv_SE\" \/>\n<meta property=\"og:type\" content=\"article\" \/>\n<meta property=\"og:title\" content=\"My Alimak - Alimak Sweden\" \/>\n<meta property=\"og:url\" content=\"https:\/\/alimak.com\/se\/service-solutions\/my-alimak\/\" \/>\n<meta property=\"og:site_name\" content=\"Alimak Sweden\" \/>\n<meta property=\"article:modified_time\" content=\"2024-12-10T15:55:59+00:00\" \/>\n<meta name=\"twitter:card\" content=\"summary_large_image\" \/>\n<script type=\"application\/ld+json\" class=\"yoast-schema-graph\">{\"@context\":\"https:\\\/\\\/schema.org\",\"@graph\":[{\"@type\":\"WebPage\",\"@id\":\"https:\\\/\\\/alimak.com\\\/se\\\/service-solutions\\\/my-alimak\\\/\",\"url\":\"https:\\\/\\\/alimak.com\\\/se\\\/service-solutions\\\/my-alimak\\\/\",\"name\":\"My Alimak - Alimak Sweden\",\"isPartOf\":{\"@id\":\"https:\\\/\\\/alimak.com\\\/se\\\/#website\"},\"datePublished\":\"2023-03-13T12:47:48+00:00\",\"dateModified\":\"2024-12-10T15:55:59+00:00\",\"breadcrumb\":{\"@id\":\"https:\\\/\\\/alimak.com\\\/se\\\/service-solutions\\\/my-alimak\\\/#breadcrumb\"},\"inLanguage\":\"sv-SE\",\"potentialAction\":[{\"@type\":\"ReadAction\",\"target\":[\"https:\\\/\\\/alimak.com\\\/se\\\/service-solutions\\\/my-alimak\\\/\"]}]},{\"@type\":\"BreadcrumbList\",\"@id\":\"https:\\\/\\\/alimak.com\\\/se\\\/service-solutions\\\/my-alimak\\\/#breadcrumb\",\"itemListElement\":[{\"@type\":\"ListItem\",\"position\":1,\"name\":\"Hem\",\"item\":\"https:\\\/\\\/alimak.com\\\/se\\\/\"},{\"@type\":\"ListItem\",\"position\":2,\"name\":\"Servicel\u00f6sningar\",\"item\":\"https:\\\/\\\/alimak.com\\\/se\\\/service-solutions\\\/\"},{\"@type\":\"ListItem\",\"position\":3,\"name\":\"My Alimak\"}]},{\"@type\":\"WebSite\",\"@id\":\"https:\\\/\\\/alimak.com\\\/se\\\/#website\",\"url\":\"https:\\\/\\\/alimak.com\\\/se\\\/\",\"name\":\"Alimak Sweden\",\"description\":\"Global leaders in Vertical Access Solutions\",\"potentialAction\":[{\"@type\":\"SearchAction\",\"target\":{\"@type\":\"EntryPoint\",\"urlTemplate\":\"https:\\\/\\\/alimak.com\\\/se\\\/?s={search_term_string}\"},\"query-input\":{\"@type\":\"PropertyValueSpecification\",\"valueRequired\":true,\"valueName\":\"search_term_string\"}}],\"inLanguage\":\"sv-SE\"}]}<\/script>\n<!-- \/ Yoast SEO plugin. -->","yoast_head_json":{"title":"My Alimak - Alimak Sweden","robots":{"index":"index","follow":"follow","max-snippet":"max-snippet:-1","max-image-preview":"max-image-preview:large","max-video-preview":"max-video-preview:-1"},"canonical":"https:\/\/alimak.com\/se\/service-solutions\/my-alimak\/","og_locale":"sv_SE","og_type":"article","og_title":"My Alimak - Alimak Sweden","og_url":"https:\/\/alimak.com\/se\/service-solutions\/my-alimak\/","og_site_name":"Alimak Sweden","article_modified_time":"2024-12-10T15:55:59+00:00","twitter_card":"summary_large_image","schema":{"@context":"https:\/\/schema.org","@graph":[{"@type":"WebPage","@id":"https:\/\/alimak.com\/se\/service-solutions\/my-alimak\/","url":"https:\/\/alimak.com\/se\/service-solutions\/my-alimak\/","name":"My Alimak - Alimak Sweden","isPartOf":{"@id":"https:\/\/alimak.com\/se\/#website"},"datePublished":"2023-03-13T12:47:48+00:00","dateModified":"2024-12-10T15:55:59+00:00","breadcrumb":{"@id":"https:\/\/alimak.com\/se\/service-solutions\/my-alimak\/#breadcrumb"},"inLanguage":"sv-SE","potentialAction":[{"@type":"ReadAction","target":["https:\/\/alimak.com\/se\/service-solutions\/my-alimak\/"]}]},{"@type":"BreadcrumbList","@id":"https:\/\/alimak.com\/se\/service-solutions\/my-alimak\/#breadcrumb","itemListElement":[{"@type":"ListItem","position":1,"name":"Hem","item":"https:\/\/alimak.com\/se\/"},{"@type":"ListItem","position":2,"name":"Servicel\u00f6sningar","item":"https:\/\/alimak.com\/se\/service-solutions\/"},{"@type":"ListItem","position":3,"name":"My Alimak"}]},{"@type":"WebSite","@id":"https:\/\/alimak.com\/se\/#website","url":"https:\/\/alimak.com\/se\/","name":"Alimak Sweden","description":"Global leaders in Vertical Access Solutions","potentialAction":[{"@type":"SearchAction","target":{"@type":"EntryPoint","urlTemplate":"https:\/\/alimak.com\/se\/?s={search_term_string}"},"query-input":{"@type":"PropertyValueSpecification","valueRequired":true,"valueName":"search_term_string"}}],"inLanguage":"sv-SE"}]}},"_links":{"self":[{"href":"https:\/\/alimak.com\/se\/wp-json\/wp\/v2\/pages\/4159","targetHints":{"allow":["GET"]}}],"collection":[{"href":"https:\/\/alimak.com\/se\/wp-json\/wp\/v2\/pages"}],"about":[{"href":"https:\/\/alimak.com\/se\/wp-json\/wp\/v2\/types\/page"}],"author":[{"embeddable":true,"href":"https:\/\/alimak.com\/se\/wp-json\/wp\/v2\/users\/12"}],"replies":[{"embeddable":true,"href":"https:\/\/alimak.com\/se\/wp-json\/wp\/v2\/comments?post=4159"}],"version-history":[{"count":18,"href":"https:\/\/alimak.com\/se\/wp-json\/wp\/v2\/pages\/4159\/revisions"}],"predecessor-version":[{"id":4875,"href":"https:\/\/alimak.com\/se\/wp-json\/wp\/v2\/pages\/4159\/revisions\/4875"}],"up":[{"embeddable":true,"href":"https:\/\/alimak.com\/se\/wp-json\/wp\/v2\/pages\/203"}],"wp:attachment":[{"href":"https:\/\/alimak.com\/se\/wp-json\/wp\/v2\/media?parent=4159"}],"curies":[{"name":"wp","href":"https:\/\/api.w.org\/{rel}","templated":true}]}}