{"id":4339,"date":"2023-10-04T03:24:49","date_gmt":"2023-10-04T03:24:49","guid":{"rendered":"https:\/\/alimak.com\/se\/food-beverage-svenska\/"},"modified":"2024-09-13T14:31:54","modified_gmt":"2024-09-13T14:31:54","slug":"food-and-beverage-svenska","status":"publish","type":"page","link":"https:\/\/alimak.com\/se\/food-and-beverage-svenska\/","title":{"rendered":"Livsmedels- och dryckesindustri"},"content":{"rendered":"\n<article class=\"m11 break-out\" id=\"block_5fb7d4954bc7b\" data-animate-container>\n\n  <nav id=\"breadcrumbs\"><div class=\"container\" data-animate><span><span><a href=\"https:\/\/alimak.com\/se\/\">Hem<\/a><\/span><\/span><\/div><\/nav>\n  <div class=\"m11__wrapper\">\n    <div class=\"container m11__container\">\n\n      <div class=\"m11__content\">\n\n                  <h1 class=\"m11__heading uppercase\" data-animate>Livsmedels- och dryckesindustri<\/h1>\n        \n                  <div class=\"m11__text\" data-animate>\n            <p>Alimak industrihissar \u00e4r avg\u00f6rande f\u00f6r att optimera produktiviteten inom livsmedels- och dryckesindustrin med begr\u00e4nsade utrymmen inomhus. Dessa hissar underl\u00e4ttar i f\u00f6rsta hand vertikala transporter av varor och material p\u00e5 plats. Deras nytta str\u00e4cker sig l\u00e4ngre eftersom de kan installeras inte bara inuti utan \u00e4ven p\u00e5 utsidan av anl\u00e4ggningen, vilket ger snabb \u00e5tkomst f\u00f6r v\u00e4sentligt underh\u00e5ll och service.<\/p>\n<p>Denna strategiska f\u00f6rdel minskar effektivt kostnaderna i samband med stillest\u00e5nd. Dessutom erbjuder industrihissar ett s\u00e4krare alternativ till manuell hantering, anv\u00e4ndning av gaffeltruckar och kranar, vilket avsev\u00e4rt f\u00f6rb\u00e4ttrar s\u00e4kerhetsstandarderna f\u00f6r arbetsmilj\u00f6n p\u00e5 plats.<\/p>\n          <\/div>\n        \n                  <a\n          href=\"https:\/\/alimak.com\/se\/contact-us\/\"\n          class=\"m11__button button\"\n          data-animate\n          target=\"_self\">\n            Prata med en expert          <\/a>\n        \n      <\/div>\n\n              <div class=\"m11__media\">\n          <img src=https:\/\/alimak.com\/se\/wp-content\/uploads\/sites\/28\/2023\/10\/Food-and-Beverage-1-800x600.jpg srcset=\"https:\/\/alimak.com\/se\/wp-content\/uploads\/sites\/28\/2023\/10\/Food-and-Beverage-1-800x600.jpg 1x, https:\/\/alimak.com\/se\/wp-content\/uploads\/sites\/28\/2023\/10\/Food-and-Beverage-1-1600x1200.jpg 2x\" class=\"m11__image initial\" alt=\"\" width=\"800\" height=\"600\">        <\/div>\n      \n    <\/div>\n  <\/div>\n<\/article>\n\n\n\n\n<article class=\"m12 desktop-only\" id=\"block_5fb7d4c54bc7c\" data-animate-container>\n  <div class=\"m12__wrapper break-out\">\n    <div class=\"container m12__container\">\n\n      <h2 class=\"m12__heading h4 uppercase\" data-animate>P\u00e5 den h\u00e4r sidan<\/h2>\n\n              <nav class=\"m12__links\">\n          <ul class=\"m12__list\">\n            \n                <li class=\"m12__item\" data-animate data-delay=\"0\">\n                  <a href=\"#block_5fb7d6d44bc85\" class=\"m12__link uppercase\">\n                    F\u00f6rdelar                    <svg class=\"svg-icon svg-icon--icon-arrow-down\" aria-hidden=\"true\" role=\"img\"> <use href=\"#icon-arrow-down\" xlink:href=\"#icon-arrow-down\"><\/use> <\/svg>                  <\/a>\n                <\/li>\n\n                \n                <li class=\"m12__item\" data-animate data-delay=\"150\">\n                  <a href=\"#block_5fb7d7354bc8b\" class=\"m12__link uppercase\">\n                    Service support                    <svg class=\"svg-icon svg-icon--icon-arrow-down\" aria-hidden=\"true\" role=\"img\"> <use href=\"#icon-arrow-down\" xlink:href=\"#icon-arrow-down\"><\/use> <\/svg>                  <\/a>\n                <\/li>\n\n                          <\/ul>\n        <\/nav>\n      \n    <\/div>\n  <\/div>\n<\/article>\n\n\n<article class=\"m02 break-out\" id=\"block_5fb7d4cd4bc7d\" data-animate-container>\n  <div class=\"container\" data-animate>\n    <p style=\"text-align: center\">Alimak industrihissar anv\u00e4nds f\u00f6r ett brett spektrum av operativa uppgifter inom livsmedels- och dryckesindustrin, inklusive transport av personal, v\u00e4skor, fat, pallar, verktyg och delar eller f\u00f6r regelbundna inspektioner och underh\u00e5ll.<\/p>\n  <\/div>\n<\/article>\n\n\n<article class=\"m42 break-out\" id=\"block_5fb7d4f74bc7f\" data-animate-container>\n\t<div class=\"container m42__container\">\n\t\t\n\t\t\t\t\t\n\t\t\t\t\t\t\t\t\t\t\t\t\t\t\t\t\t<div class=\"m42__cta\">\n\t\t\t\t\t\t\t\t\t<div class=\"m42__cta__details\">\n\t\t\t\t\t\t\t\t\t\t<div class=\"m42__img\">\n\t\t\t\t\t\t\t\t\t\t<img src=https:\/\/alimak.com\/se\/wp-content\/uploads\/sites\/28\/2023\/09\/Seafood-factory-2-1.jpg  class=\"\" alt=\"\" width=\"408\" height=\"408\">\t\t\t\t\t\t\t\t\t\t<\/div>\n\n\t\t\t\t\t\t\t\t\t\t\t\t\t\t\t\t\t\t\t\t<div class=\"m42__description\">\n\t\t\t\t\t\t\t\t\t\t\t\t\t\t\t\t\t\t\t\t\t\t<h6 class=\"m42__description__title\">Skaldjursfabrik Camanchaca<\/h6>\n\t\t\t\t\t\t\t\t\t\t\t\n\t\t\t\t\t\t\t\t\t\t\t\t\t\t\t\t\t\t\t\t\t\t\t<p class=\"m42__description__location\">Tome, Chile<\/p>\n\t\t\t\t\t\t\t\t\t\t\t\t\t\t\t\t\t\t\t\t\t<\/div>\n\t\t\t\t\t\t\t\t\t\t\t\t\t\t\t\t\t\t\t<\/div>\n\n\t\t\t\t\t\t\t\t\t<div class=\"m42__cta__text\">\n\t\t\t\t\t\t\t\t\t\t<h5 class=\"m42__subtitle\">F\u00f6rsta Alimak PL lagerhissen installerad f\u00f6r skaldjursfabriken i Tom\u00e9, Chile<\/h5>\n\t\t\t\t\t\t\t\t\t\t<p class=\"m42__excerpt\">\n\t\t\t\t\t\t\t\t\t\t\t\t\t\t\t\t\t\t\t\t\t\t\tAlimak PL-sortimentet av lagerhissar \u00e4r speciellt utformade f\u00f6r att m\u00f6ta behoven hos livliga lager- och logistikverksamheter. Fr\u00e5n paket- och vagnhissar till st\u00f6rre paletthissar kan PL-serien \u00f6ka effektiviteten och produktiviteten i lagermilj\u00f6n samtidigt som den minskar manuell hantering och bidrar till s\u00e4kra arbetsmetoder.\n\t\t\t\t\t\t\t\t\t\t\t\t\t\t\t\t\t\t\t\t\t<\/p>\n\t\t\t\t\t\t\t\t\t\t<a href=\"https:\/\/alimak.com\/se\/project\/seafood-factory-camanchaca-svenska\/\" class=\"button button--orange\">L\u00e4s mer<\/a>\n\t\t\t\t\t\t\t\t\t<\/div>\n\t\t\t\t\t\t\t\t<\/div>\n\t\t\t\t\t\t\t\n\t\t\t\n\t\t\t\t\t\t\t\t\t\t\t\t\t\t\t\t\t<div class=\"m42__cta\">\n\t\t\t\t\t\t\t\t\t<div class=\"m42__cta__details\">\n\t\t\t\t\t\t\t\t\t\t<div class=\"m42__img\">\n\t\t\t\t\t\t\t\t\t\t<img src=https:\/\/alimak.com\/se\/wp-content\/uploads\/sites\/28\/2020\/11\/Systembolaget-logistics-facility-Projects-tiles.jpg  class=\"\" alt=\"\" width=\"408\" height=\"408\">\t\t\t\t\t\t\t\t\t\t<\/div>\n\n\t\t\t\t\t\t\t\t\t\t\t\t\t\t\t\t\t\t\t\t<div class=\"m42__description\">\n\t\t\t\t\t\t\t\t\t\t\t\t\t\t\t\t\t\t\t\t\t\t<h6 class=\"m42__description__title\">Systembolagets logistikanl\u00e4ggning<\/h6>\n\t\t\t\t\t\t\t\t\t\t\t\n\t\t\t\t\t\t\t\t\t\t\t\t\t\t\t\t\t\t\t\t\t\t\t<p class=\"m42__description__location\">Brunna, Sverige<\/p>\n\t\t\t\t\t\t\t\t\t\t\t\t\t\t\t\t\t\t\t\t\t<\/div>\n\t\t\t\t\t\t\t\t\t\t\t\t\t\t\t\t\t\t\t<\/div>\n\n\t\t\t\t\t\t\t\t\t<div class=\"m42__cta__text\">\n\t\t\t\t\t\t\t\t\t\t<h5 class=\"m42__subtitle\">Alimak-hissar tillhandah\u00e5ller transporter f\u00f6r Systembolaget vid en ny logistikanl\u00e4ggning i Sverige<\/h5>\n\t\t\t\t\t\t\t\t\t\t<p class=\"m42__excerpt\">\n\t\t\t\t\t\t\t\t\t\t\t\t\t\t\t\t\t\t\t\t\t\t\tSystembolaget, en statligt \u00e4gd spritbutikskedja i Sverige, valde nyligen en Alimak kuggst\u00e5ngshiss till den nya logistikanl\u00e4ggningen i Brunna, norr om Stockholm. Systembolaget hyr stora delar av lagret av Logicenters.\n\t\t\t\t\t\t\t\t\t\t\t\t\t\t\t\t\t\t\t\t\t<\/p>\n\t\t\t\t\t\t\t\t\t\t<a href=\"https:\/\/alimak.com\/se\/project\/systembolaget-logistics-facility\/\" class=\"button button--orange\">L\u00e4s mer<\/a>\n\t\t\t\t\t\t\t\t\t<\/div>\n\t\t\t\t\t\t\t\t<\/div>\n\t\t\t\t\t\t\t\n\t\t\t\t\t\t<\/div>\n<\/article>\n\n\n\n<article class=\"m04 break-out large\" id=\"block_5fb7d64c4bc82\" data-animate-container>\n  <div class=\"container m04__container\">\n              <\/div>\n<\/article>\n\n\n<article class=\"m34 break-out\" id=\"block_5fb7d6784bc83\" data-animate-container>\n\t<div class=\"container m34__container\">\n\t\t<div class=\"m34__grid\">\n\t\t\t<div class=\"m34__grid__text\">\n\t\t\t\t\t\t\t\t\t<h3 class=\"m34__title\" data-animate>Ladda ner Alimak Industrial Product Guide<\/h3>\n\t\t\t\t\n\t\t\t\t\t\t\t\t\t<div class=\"m34__intro\" data-animate><p class=\"p1\">L\u00e4r dig mer om Alimaks utbud av vertikala accessl\u00f6sningar.<\/p><\/div>\n\t\t\t\t\n\t\t\t\t\n\t\t\t\t\n\t\t\t\t\t\t\t\t\t<button type=\"button\" class=\"button button--download m34__button\" data-animate>\n\t\t\t\t\t\t<span>H\u00e4mta<\/span>\n\t\t\t\t\t\t<svg class=\"svg-icon svg-icon--icon-download\" aria-hidden=\"true\" role=\"img\"> <use href=\"#icon-download\" xlink:href=\"#icon-download\"><\/use> <\/svg>\t\t\t\t\t<\/button>\n\t\t\t\t\t\t\t<\/div>\n\n\t\t\t\t\t\t\t<div class=\"m34__grid__img\">\n\t\t\t\t\t<img src=https:\/\/alimak.com\/se\/wp-content\/uploads\/sites\/28\/2021\/10\/181128-086-HDR-2-web-2-1024x1024.jpg  class=\"\" alt=\"\" width=\"1024\" height=\"1024\">\t\t\t\t<\/div>\n\t\t\t\n\t\t<\/div>\n\t<\/div>\n\n\t\t\t<section class=\"m34__modal\" aria-hidden=\"true\" data-form-id=\"8052a947-4d5f-4e2c-9498-9c0aa0bd625b\" data-portal-id=\"8464480\">\n\t\t\t<div class=\"m34__form\">\n\t\t\t\t<div class=\"block_5fb7d6784bc83 m34__modal-container\"><\/div>\n\t\t\t<\/div>\n\t\t\t<button type=\"button\" class=\"m34__overlay\">\n\t\t\t\t<span class=\"screen-reader-text\">Click to close modal<\/span>\n\t\t\t<\/button>\n\t\t<\/section>\n\t\n<\/article>\n\n\n\n\n<article class=\"m04 break-out large\" id=\"block_5fb7d6a34bc84\" data-animate-container>\n  <div class=\"container m04__container\">\n          <h2 class=\"m04__heading h3 uppercase\" data-animate>Se Alimaks utbud av produkter f\u00f6r vertikal \u00e5tkomst<\/h2>\n              <div class=\"m04__content\" data-animate>\n        <p>Alimak industrihissar ger effektiv och p\u00e5litlig vertikal \u00e5tkomst f\u00f6r livsmedels- och dryckesindustrin.<\/p>\n<p>\n      <\/div>\n              <a\n      data-animate\n      href=\"https:\/\/alimak.com\/se\/new-equipment\/?filter-product-category=industrial-elevators&#038;filter-sort=0\"\n      class=\"m04__button button\"\n      target=\"_self\">\n        Visa alla      <\/a>\n      <\/div>\n<\/article>\n\n\n<div class=\"wp-block-group has-white-color has-dark-grey-background-color has-text-color has-background\"><div class=\"wp-block-group__inner-container is-layout-flow wp-block-group-is-layout-flow\">\n<article class=\"m05 break-out desktop-only\" id=\"block_5fb7d6d44bc85\" data-animate-container>\n  <div class=\"container m05__container\">\n          <h2 class=\"m05__heading h3 uppercase\" data-animate>Varf\u00f6r v\u00e4lja en Alimak vertikal \u00e5tkomstl\u00f6sning<\/h2>\n    \n          <div class=\"m05__benefits\">\n                  <article class=\"m05__benefit\" data-animate data-delay=\"0\">\n\n                          <p class=\"m05__text h4 uppercase\">Minimera kl\u00e4ttring och manuell hantering<\/p>\n            \n                          <div class=\"m05__icon\" aria-hidden=\"true\">\n                <img src=https:\/\/alimak.com\/se\/wp-content\/uploads\/sites\/28\/2021\/10\/icon_Benefits-1.png  class=\"\" alt=\"\" width=\"51\" height=\"61\">              <\/div>\n            \n          <\/article>\n                  <article class=\"m05__benefit\" data-animate data-delay=\"150\">\n\n                          <p class=\"m05__text h4 uppercase\">Bepr\u00f6vad teknik<\/p>\n            \n                          <div class=\"m05__icon\" aria-hidden=\"true\">\n                <img src=https:\/\/alimak.com\/se\/wp-content\/uploads\/sites\/28\/2021\/10\/icon_Benefits-1.png  class=\"\" alt=\"\" width=\"51\" height=\"61\">              <\/div>\n            \n          <\/article>\n                  <article class=\"m05__benefit\" data-animate data-delay=\"300\">\n\n                          <p class=\"m05__text h4 uppercase\">F\u00f6rb\u00e4ttrade s\u00e4kerhetsstandarder<\/p>\n            \n                          <div class=\"m05__icon\" aria-hidden=\"true\">\n                <img src=https:\/\/alimak.com\/se\/wp-content\/uploads\/sites\/28\/2021\/10\/icon_Benefits-1.png  class=\"\" alt=\"\" width=\"51\" height=\"61\">              <\/div>\n            \n          <\/article>\n                  <article class=\"m05__benefit\" data-animate data-delay=\"450\">\n\n                          <p class=\"m05__text h4 uppercase\">\u00d6VER S\u00c4KERHETSF\u00d6RESKRIFTERNA<\/p>\n            \n                          <div class=\"m05__icon\" aria-hidden=\"true\">\n                <img src=https:\/\/alimak.com\/se\/wp-content\/uploads\/sites\/28\/2021\/10\/icon_Benefits-1.png  class=\"\" alt=\"\" width=\"51\" height=\"61\">              <\/div>\n            \n          <\/article>\n              <\/div>\n      <\/div>\n<\/article>\n<\/div><\/div>\n\n\n\n<article class=\"m13 break-out\" id=\"block_5fb7d7354bc8b\" data-animate-container>\n  <div class=\"container m13__container\">\n\n          <h2 class=\"m13__heading uppercase h3\" data-animate>Service och support<\/h2>\n        \n          <div class=\"m13__services\">\n                  <article class=\"m13__service\" data-animate data-delay=\"0\">\n\n                          <h3 class=\"m13__title uppercase h4\">Underh\u00e5ll<\/h3>\n            \n            <p><span class=\"TextRun SCXW177605931 BCX0\" lang=\"EN-AU\" xml:lang=\"EN-AU\" data-contrast=\"auto\"><span class=\"NormalTextRun SCXW177605931 BCX0\">Vi erbjuder ett omfattande serviceutbud som utf\u00f6rs av Alimak-servicetekniker f\u00f6r att garantera utrustningens kontinuerliga optimala prestanda.<\/span><\/span><\/p>\n\n                          <a\n              href=\"https:\/\/alimak.com\/se\/service-solutions\/maintenance\/\"\n              class=\"m13__button read-more\"\n              target=\"_self\">\n                <span>Mer information<\/span>\n                <svg class=\"svg-icon svg-icon--icon-arrow-right\" aria-hidden=\"true\" role=\"img\"> <use href=\"#icon-arrow-right\" xlink:href=\"#icon-arrow-right\"><\/use> <\/svg>              <\/a>\n            \n                          <div class=\"m13__icon\" aria-hidden=\"true\">\n                <img src=https:\/\/alimak.com\/se\/wp-content\/uploads\/sites\/28\/2020\/11\/icons_Service-Support-1.png  class=\"\" alt=\"\" width=\"61\" height=\"60\">              <\/div>\n            \n          <\/article>\n                  <article class=\"m13__service\" data-animate data-delay=\"150\">\n\n                          <h3 class=\"m13__title uppercase h4\">UPPKOPPLADE TJ\u00c4NSTER<\/h3>\n            \n            <p><span class=\"TextRun SCXW245805249 BCX0\" lang=\"EN-AU\" xml:lang=\"EN-AU\" data-contrast=\"auto\"><span class=\"NormalTextRun SCXW245805249 BCX0\">L\u00f6sningar f\u00f6r anslutning och tillg\u00e5ngshantering genererar effektivitetsrapporter f\u00f6r Alimak-produkter och ger st\u00f6d f\u00f6r att f\u00f6rl\u00e4nga produktens livsl\u00e4ngd.<\/span><\/span><\/p>\n\n                          <a\n              href=\"https:\/\/alimak.com\/se\/service-solutions\/connectivity-and-asset-management\/\"\n              class=\"m13__button read-more\"\n              target=\"_self\">\n                <span>Mer information<\/span>\n                <svg class=\"svg-icon svg-icon--icon-arrow-right\" aria-hidden=\"true\" role=\"img\"> <use href=\"#icon-arrow-right\" xlink:href=\"#icon-arrow-right\"><\/use> <\/svg>              <\/a>\n            \n                          <div class=\"m13__icon\" aria-hidden=\"true\">\n                <img src=https:\/\/alimak.com\/se\/wp-content\/uploads\/sites\/28\/2020\/11\/icons_Service-Support-2.png  class=\"\" alt=\"\" width=\"37\" height=\"60\">              <\/div>\n            \n          <\/article>\n                  <article class=\"m13__service\" data-animate data-delay=\"300\">\n\n                          <h3 class=\"m13__title uppercase h4\">TEKNISKA TILL\u00c4MPNINGAR<\/h3>\n            \n            <p><span class=\"TextRun Highlight SCXW22701161 BCX0\" lang=\"EN-AU\" xml:lang=\"EN-AU\" data-contrast=\"none\"><span class=\"NormalTextRun SCXW22701161 BCX0\">Alimaks ingenj\u00f6rer utvecklar kundfokuserade l\u00f6sningar f\u00f6r kr\u00e4vande installationer. Skr\u00e4ddarsydda l\u00f6sningar inkluderar\u00a0konfigurationsritningar\u00a0samt ber\u00e4kningar f\u00f6r\u00a0h\u00e5llfasthet, markbelastning och f\u00f6rankringskrafter.<\/span><\/span><\/p>\n\n                          <a\n              href=\"https:\/\/alimak.com\/se\/service-solutions\/application-engineering\/\"\n              class=\"m13__button read-more\"\n              target=\"_self\">\n                <span>Mer information<\/span>\n                <svg class=\"svg-icon svg-icon--icon-arrow-right\" aria-hidden=\"true\" role=\"img\"> <use href=\"#icon-arrow-right\" xlink:href=\"#icon-arrow-right\"><\/use> <\/svg>              <\/a>\n            \n                          <div class=\"m13__icon\" aria-hidden=\"true\">\n                <img src=https:\/\/alimak.com\/se\/wp-content\/uploads\/sites\/28\/2020\/11\/icons_Service-Support-3.png  class=\"\" alt=\"\" width=\"60\" height=\"60\">              <\/div>\n            \n          <\/article>\n                  <article class=\"m13__service\" data-animate data-delay=\"450\">\n\n                          <h3 class=\"m13__title uppercase h4\">UTBILDNING<\/h3>\n            \n            <p><span class=\"TextRun SCXW265053470 BCX0\" lang=\"EN-AU\" xml:lang=\"EN-AU\" data-contrast=\"auto\"><span class=\"NormalTextRun SCXW265053470 BCX0\">Ett sortiment av utbildningar och kurser inom s\u00e4kerhet, installation och operat\u00f6rsutbildning finns tillg\u00e4ngliga f\u00f6r Alimaks produktsortiment.<\/span><\/span><\/p>\n\n                          <a\n              href=\"https:\/\/learningstore.alimakgroup.com\/\"\n              class=\"m13__button read-more\"\n              target=\"_blank\">\n                <span>Mer information<\/span>\n                <svg class=\"svg-icon svg-icon--icon-arrow-right\" aria-hidden=\"true\" role=\"img\"> <use href=\"#icon-arrow-right\" xlink:href=\"#icon-arrow-right\"><\/use> <\/svg>              <\/a>\n            \n                          <div class=\"m13__icon\" aria-hidden=\"true\">\n                <img src=https:\/\/alimak.com\/se\/wp-content\/uploads\/sites\/28\/2020\/11\/icons_Service-Support-4.png  class=\"\" alt=\"\" width=\"56\" height=\"60\">              <\/div>\n            \n          <\/article>\n                  <article class=\"m13__service\" data-animate data-delay=\"600\">\n\n                          <h3 class=\"m13__title uppercase h4\">FINANSIERINGSL\u00d6SNINGAR<\/h3>\n            \n            <p><span class=\"TextRun Highlight BCX0 SCXW38577341\" lang=\"EN-AU\" xml:lang=\"EN-AU\" data-contrast=\"none\"><span class=\"NormalTextRun BCX0 SCXW38577341\">Alimak erbjuder flexibla finansieringsl\u00f6sningar som str\u00e4cker sig fr\u00e5n betalningsplaner, finansiering f\u00f6r export till leasingavtal.<\/span><\/span><\/p>\n\n                          <a\n              href=\"https:\/\/alimak.com\/se\/service-solutions\/financing-solutions\/\"\n              class=\"m13__button read-more\"\n              target=\"_self\">\n                <span>Mer information<\/span>\n                <svg class=\"svg-icon svg-icon--icon-arrow-right\" aria-hidden=\"true\" role=\"img\"> <use href=\"#icon-arrow-right\" xlink:href=\"#icon-arrow-right\"><\/use> <\/svg>              <\/a>\n            \n                          <div class=\"m13__icon\" aria-hidden=\"true\">\n                <img src=https:\/\/alimak.com\/se\/wp-content\/uploads\/sites\/28\/2020\/11\/icons_Service-Support-5.png  class=\"\" alt=\"\" width=\"67\" height=\"60\">              <\/div>\n            \n          <\/article>\n                  <article class=\"m13__service\" data-animate data-delay=\"750\">\n\n                          <h3 class=\"m13__title uppercase h4\">BIM-MODELLERING<\/h3>\n            \n            <p><span class=\"TextRun SCXW41821286 BCX0\" lang=\"EN-AU\" xml:lang=\"EN-AU\" data-contrast=\"auto\"><span class=\"NormalTextRun SCXW41821286 BCX0\">Byggnadsinformationsmodellering (BIM) finns tillg\u00e4nglig f\u00f6r simulering, installation och integrering av Alimak-produkter under hela projektet.<\/span><\/span><\/p>\n\n                          <a\n              href=\"https:\/\/bimgallery.alimak.com\/\"\n              class=\"m13__button read-more\"\n              target=\"_blank\">\n                <span>Mer information<\/span>\n                <svg class=\"svg-icon svg-icon--icon-arrow-right\" aria-hidden=\"true\" role=\"img\"> <use href=\"#icon-arrow-right\" xlink:href=\"#icon-arrow-right\"><\/use> <\/svg>              <\/a>\n            \n                          <div class=\"m13__icon\" aria-hidden=\"true\">\n                <img src=https:\/\/alimak.com\/se\/wp-content\/uploads\/sites\/28\/2020\/11\/icons_Service-Support-6.png  class=\"\" alt=\"\" width=\"66\" height=\"60\">              <\/div>\n            \n          <\/article>\n              <\/div>\n    \n  <\/div>\n<\/article>\n\n\n\n<div style=\"height:100px\" aria-hidden=\"true\" class=\"wp-block-spacer\"><\/div>\n\n\n\n<article class=\"m14 break-out\" id=\"block_5fb7dc6897b8b\" data-animate-container>\n\t<div class=\"container\">\n\n\t<div class=\"m14__introduction large\">  \n\t\t\t\t<h2 class=\"m14__heading uppercase h3\" data-animate>F\u00e5 mer information eller en offert <\/h2>\n\t  \t  \t\t<div class=\"m14__content\" data-animate>\n\t\t\t<p>Beh\u00f6ver du hj\u00e4lp med att v\u00e4lja produkt f\u00f6r ett kommande projekt? Kontakta v\u00e5ra produktexperter f\u00f6r information om v\u00e5rt utbud av l\u00f6sningar f\u00f6r vertikala transporter och en offert som m\u00f6ter behoven i ditt projekt.<\/p>\n\t\t<\/div>\n\t  \t<\/div>\n\n\t\t\t<div class=\"m14__form\" data-animate>\n\t\t\t<div class=\"gform_wrapper\">\n\t\t\t\t<div\n\t\t\t\tclass=\"m14__hubspot\"\n\t\t\t\tdata-form-id=\"899c7a9a-2f4f-486e-b0b3-587943219448\"\n\t\t\t\tdata-portal-id=\"8464480\"><\/div>\n\t\t\t<\/div>\n\t\t<\/div>\n\t\n  <\/div>\n<\/article>\n","protected":false},"excerpt":{"rendered":"","protected":false},"author":5,"featured_media":0,"parent":0,"menu_order":0,"comment_status":"closed","ping_status":"closed","template":"","meta":{"_trash_the_other_posts":false,"editor_notices":[],"footnotes":""},"class_list":["post-4339","page","type-page","status-publish","hentry"],"yoast_head":"<!-- This site is optimized with the Yoast SEO plugin v27.3 - https:\/\/yoast.com\/product\/yoast-seo-wordpress\/ -->\n<title>Livsmedels- och dryckesindustri - Alimak Sweden<\/title>\n<meta name=\"robots\" content=\"index, follow, max-snippet:-1, max-image-preview:large, max-video-preview:-1\" \/>\n<link rel=\"canonical\" href=\"https:\/\/alimak.com\/industry\/cement\/\" \/>\n<meta property=\"og:locale\" content=\"sv_SE\" \/>\n<meta property=\"og:type\" content=\"article\" \/>\n<meta property=\"og:title\" content=\"Livsmedels- och dryckesindustri - Alimak Sweden\" \/>\n<meta property=\"og:url\" content=\"https:\/\/alimak.com\/industry\/cement\/\" \/>\n<meta property=\"og:site_name\" content=\"Alimak Sweden\" \/>\n<meta property=\"article:modified_time\" content=\"2024-09-13T14:31:54+00:00\" \/>\n<meta name=\"twitter:card\" content=\"summary_large_image\" \/>\n<script type=\"application\/ld+json\" class=\"yoast-schema-graph\">{\"@context\":\"https:\\\/\\\/schema.org\",\"@graph\":[{\"@type\":\"WebPage\",\"@id\":\"https:\\\/\\\/alimak.com\\\/se\\\/food-and-beverage-svenska\\\/\",\"url\":\"https:\\\/\\\/alimak.com\\\/industry\\\/cement\\\/\",\"name\":\"Livsmedels- och dryckesindustri - Alimak Sweden\",\"isPartOf\":{\"@id\":\"https:\\\/\\\/alimak.com\\\/se\\\/#website\"},\"datePublished\":\"2023-10-04T03:24:49+00:00\",\"dateModified\":\"2024-09-13T14:31:54+00:00\",\"breadcrumb\":{\"@id\":\"https:\\\/\\\/alimak.com\\\/industry\\\/cement\\\/#breadcrumb\"},\"inLanguage\":\"sv-SE\",\"potentialAction\":[{\"@type\":\"ReadAction\",\"target\":[\"https:\\\/\\\/alimak.com\\\/industry\\\/cement\\\/\"]}]},{\"@type\":\"BreadcrumbList\",\"@id\":\"https:\\\/\\\/alimak.com\\\/industry\\\/cement\\\/#breadcrumb\",\"itemListElement\":[{\"@type\":\"ListItem\",\"position\":1,\"name\":\"Hem\",\"item\":\"https:\\\/\\\/alimak.com\\\/se\\\/\"},{\"@type\":\"ListItem\",\"position\":2,\"name\":\"Livsmedels- och dryckesindustri\"}]},{\"@type\":\"WebSite\",\"@id\":\"https:\\\/\\\/alimak.com\\\/se\\\/#website\",\"url\":\"https:\\\/\\\/alimak.com\\\/se\\\/\",\"name\":\"Alimak Sweden\",\"description\":\"Global leaders in Vertical Access Solutions\",\"potentialAction\":[{\"@type\":\"SearchAction\",\"target\":{\"@type\":\"EntryPoint\",\"urlTemplate\":\"https:\\\/\\\/alimak.com\\\/se\\\/?s={search_term_string}\"},\"query-input\":{\"@type\":\"PropertyValueSpecification\",\"valueRequired\":true,\"valueName\":\"search_term_string\"}}],\"inLanguage\":\"sv-SE\"}]}<\/script>\n<!-- \/ Yoast SEO plugin. -->","yoast_head_json":{"title":"Livsmedels- och dryckesindustri - Alimak Sweden","robots":{"index":"index","follow":"follow","max-snippet":"max-snippet:-1","max-image-preview":"max-image-preview:large","max-video-preview":"max-video-preview:-1"},"canonical":"https:\/\/alimak.com\/industry\/cement\/","og_locale":"sv_SE","og_type":"article","og_title":"Livsmedels- och dryckesindustri - Alimak Sweden","og_url":"https:\/\/alimak.com\/industry\/cement\/","og_site_name":"Alimak Sweden","article_modified_time":"2024-09-13T14:31:54+00:00","twitter_card":"summary_large_image","schema":{"@context":"https:\/\/schema.org","@graph":[{"@type":"WebPage","@id":"https:\/\/alimak.com\/se\/food-and-beverage-svenska\/","url":"https:\/\/alimak.com\/industry\/cement\/","name":"Livsmedels- och dryckesindustri - Alimak Sweden","isPartOf":{"@id":"https:\/\/alimak.com\/se\/#website"},"datePublished":"2023-10-04T03:24:49+00:00","dateModified":"2024-09-13T14:31:54+00:00","breadcrumb":{"@id":"https:\/\/alimak.com\/industry\/cement\/#breadcrumb"},"inLanguage":"sv-SE","potentialAction":[{"@type":"ReadAction","target":["https:\/\/alimak.com\/industry\/cement\/"]}]},{"@type":"BreadcrumbList","@id":"https:\/\/alimak.com\/industry\/cement\/#breadcrumb","itemListElement":[{"@type":"ListItem","position":1,"name":"Hem","item":"https:\/\/alimak.com\/se\/"},{"@type":"ListItem","position":2,"name":"Livsmedels- och dryckesindustri"}]},{"@type":"WebSite","@id":"https:\/\/alimak.com\/se\/#website","url":"https:\/\/alimak.com\/se\/","name":"Alimak Sweden","description":"Global leaders in Vertical Access Solutions","potentialAction":[{"@type":"SearchAction","target":{"@type":"EntryPoint","urlTemplate":"https:\/\/alimak.com\/se\/?s={search_term_string}"},"query-input":{"@type":"PropertyValueSpecification","valueRequired":true,"valueName":"search_term_string"}}],"inLanguage":"sv-SE"}]}},"_links":{"self":[{"href":"https:\/\/alimak.com\/se\/wp-json\/wp\/v2\/pages\/4339","targetHints":{"allow":["GET"]}}],"collection":[{"href":"https:\/\/alimak.com\/se\/wp-json\/wp\/v2\/pages"}],"about":[{"href":"https:\/\/alimak.com\/se\/wp-json\/wp\/v2\/types\/page"}],"author":[{"embeddable":true,"href":"https:\/\/alimak.com\/se\/wp-json\/wp\/v2\/users\/5"}],"replies":[{"embeddable":true,"href":"https:\/\/alimak.com\/se\/wp-json\/wp\/v2\/comments?post=4339"}],"version-history":[{"count":12,"href":"https:\/\/alimak.com\/se\/wp-json\/wp\/v2\/pages\/4339\/revisions"}],"predecessor-version":[{"id":4780,"href":"https:\/\/alimak.com\/se\/wp-json\/wp\/v2\/pages\/4339\/revisions\/4780"}],"wp:attachment":[{"href":"https:\/\/alimak.com\/se\/wp-json\/wp\/v2\/media?parent=4339"}],"curies":[{"name":"wp","href":"https:\/\/api.w.org\/{rel}","templated":true}]}}