{"id":4412,"date":"2023-11-21T02:07:09","date_gmt":"2023-11-21T02:07:09","guid":{"rendered":"https:\/\/alimak.com\/se\/?page_id=4412"},"modified":"2023-11-22T04:05:15","modified_gmt":"2023-11-22T04:05:15","slug":"whistleblower-svenska","status":"publish","type":"page","link":"https:\/\/alimak.com\/se\/whistleblower-svenska\/","title":{"rendered":"Whistleblower"},"content":{"rendered":"\n<article class=\"m33 break-out\" id=\"block_5fad342359fb2\" data-animate-container>\n\n  <nav id=\"breadcrumbs\"><div class=\"container\"><span><span><a href=\"https:\/\/alimak.com\/se\/\">Hem<\/a><\/span><\/span><\/div><\/nav>\n  <div class=\"container m33__container\">\n\t\t\n\t\t\t\t\t<h1 class=\"m33__heading uppercase  \" data-animate>Whistleblower<\/h1>\n\t\t\t\t\n\t\t  <\/div>\n\n<\/article>\n\n<div style=\"height:100px\" aria-hidden=\"true\" class=\"wp-block-spacer\"><\/div><h2 class=\"wp-block-heading\"> Uppf\u00f6randekod<\/h2><p> <strong>Alimak \u00e4r en del av Alimak Group. Alimak Groups uppf\u00f6randekod beskriver hur vi bedriver aff\u00e4rer p\u00e5 ett etiskt och ansvarsfullt s\u00e4tt. Den anger de beteendeprinciper som vi f\u00f6ljer och ger oss praktisk v\u00e4gledning i v\u00e5ra handlingar och vardagliga aff\u00e4rsbeslut.<\/strong><\/p><p> Alla anst\u00e4llda p\u00e5 Alimak Group \u00e4r utbildade i uppf\u00f6randekoden. Utbildning ing\u00e5r i v\u00e5ra introduktionsprogram f\u00f6r nyanst\u00e4llda och upprepas regelbundet.<\/p><p> Alimak Group f\u00f6ljer FN:s Global Compact, ett initiativ som syftar till att g\u00f6ra m\u00e4nskliga r\u00e4ttigheter, r\u00e4ttvisa arbetsnormer, milj\u00f6ansvar och antikorruption till centrala delar av de deltagande f\u00f6retagens verksamhet.<\/p><p> Bes\u00f6k v\u00e5r f\u00f6retagswebbplats f\u00f6r att l\u00e4sa mer om v\u00e5r uppf\u00f6randekod och rapportera \u00f6vertr\u00e4delser eller avvikelser.<\/p><p> <strong><a href=\"https:\/\/corporate.alimakgroup.com\/en\/sustainability\/code-of-conduct\/\">Alimak Group Corporate Webbplats<\/a><\/strong> <\/p><div style=\"height:100px\" aria-hidden=\"true\" class=\"wp-block-spacer\"><\/div>\n<article class=\"m08 break-out\" id=\"block_5fad353a59fb9\" data-animate-container>\n  <div class=\"container m08__container\">\n\n          <div class=\"m08__block m08__block--one\">\n        <div class=\"m08__content\">\n\n                      <h2 class=\"m08__heading uppercase h3\" data-animate>H\u00f6r av dig f\u00f6r mer information eller offert<\/h2>\n          \n                      <div class=\"m08__text\" data-animate>\n              <p>Beh\u00f6ver du hj\u00e4lp med att v\u00e4lja r\u00e4tt produkt f\u00f6r ett kommande projekt? Kontakta v\u00e5ra produktexperter f\u00f6r information om utbudet av vertikala \u00e5tkomstl\u00f6sningar och en offert f\u00f6r att m\u00f6ta behoven i ditt projekt.<\/p>\n            <\/div>\n          \n                      <a\n            data-animate\n            href=\"https:\/\/alimak.com\/se\/request-a-quote\/\"\n            class=\"m08__button button button--outline button--white\"\n            target=\"_self\">\n              Beg\u00e4r en offert            <\/a>\n          \n        <\/div>\n      <\/div>\n    \n          <div class=\"m08__block m08__block--two\">\n        <div class=\"m08__content\">\n\n                      <h2 class=\"m08__heading uppercase h3\" data-animate>Hitta en lokal representant<\/h2>\n          \n                      <div class=\"m08__text\" data-animate>\n              <p>Alimak finns p\u00e5 sex kontinenter och anv\u00e4nder ett globalt n\u00e4tverk f\u00f6r att leverera vertikala accessl\u00f6sningar f\u00f6r ett brett utbud av applikationer p\u00e5 bygg- och industrianl\u00e4ggningar runt om i v\u00e4rlden. Ta kontakt f\u00f6r att hitta en lokal representant fr\u00e5n Alimaks globala n\u00e4tverk.<\/p>\n            <\/div>\n          \n                      <a\n            data-animate\n            href=\"\/au\/locations\"\n            class=\"m08__button button\"\n            target=\"_self\">\n              S\u00f6k i katalogen            <\/a>\n          \n        <\/div>\n      <\/div>\n        \n  <\/div>\n<\/article>\n","protected":false},"excerpt":{"rendered":"<p>Uppf\u00f6randekod Alimak \u00e4r en del av Alimak Group. Alimak Groups uppf\u00f6randekod beskriver hur vi bedriver aff\u00e4rer p\u00e5 ett etiskt och ansvarsfullt s\u00e4tt. Den anger de beteendeprinciper som vi f\u00f6ljer och ger oss praktisk v\u00e4gledning i v\u00e5ra handlingar och vardagliga aff\u00e4rsbeslut. Alla anst\u00e4llda p\u00e5 Alimak Group \u00e4r utbildade i uppf\u00f6randekoden. Utbildning ing\u00e5r i v\u00e5ra introduktionsprogram f\u00f6r [&hellip;]<\/p>\n","protected":false},"author":5,"featured_media":0,"parent":0,"menu_order":0,"comment_status":"closed","ping_status":"closed","template":"","meta":{"_trash_the_other_posts":false,"editor_notices":[],"footnotes":""},"class_list":["post-4412","page","type-page","status-publish","hentry"],"yoast_head":"<!-- This site is optimized with the Yoast SEO plugin v27.3 - https:\/\/yoast.com\/product\/yoast-seo-wordpress\/ -->\n<title>Whistleblower - Alimak Sweden<\/title>\n<meta name=\"robots\" content=\"index, follow, max-snippet:-1, max-image-preview:large, max-video-preview:-1\" \/>\n<link rel=\"canonical\" href=\"https:\/\/alimak.com\/se\/?page_id=4412\" \/>\n<meta property=\"og:locale\" content=\"sv_SE\" \/>\n<meta property=\"og:type\" content=\"article\" \/>\n<meta property=\"og:title\" content=\"Whistleblower - Alimak Sweden\" \/>\n<meta property=\"og:description\" content=\"Uppf\u00f6randekod Alimak \u00e4r en del av Alimak Group. Alimak Groups uppf\u00f6randekod beskriver hur vi bedriver aff\u00e4rer p\u00e5 ett etiskt och ansvarsfullt s\u00e4tt. Den anger de beteendeprinciper som vi f\u00f6ljer och ger oss praktisk v\u00e4gledning i v\u00e5ra handlingar och vardagliga aff\u00e4rsbeslut. Alla anst\u00e4llda p\u00e5 Alimak Group \u00e4r utbildade i uppf\u00f6randekoden. Utbildning ing\u00e5r i v\u00e5ra introduktionsprogram f\u00f6r [&hellip;]\" \/>\n<meta property=\"og:url\" content=\"https:\/\/alimak.com\/se\/?page_id=4412\" \/>\n<meta property=\"og:site_name\" content=\"Alimak Sweden\" \/>\n<meta property=\"article:modified_time\" content=\"2023-11-22T04:05:15+00:00\" \/>\n<meta name=\"twitter:card\" content=\"summary_large_image\" \/>\n<meta name=\"twitter:label1\" content=\"Ber\u00e4knad l\u00e4stid\" \/>\n\t<meta name=\"twitter:data1\" content=\"1 minut\" \/>\n<script type=\"application\/ld+json\" class=\"yoast-schema-graph\">{\"@context\":\"https:\\\/\\\/schema.org\",\"@graph\":[{\"@type\":\"WebPage\",\"@id\":\"https:\\\/\\\/alimak.com\\\/se\\\/?page_id=4412\",\"url\":\"https:\\\/\\\/alimak.com\\\/se\\\/?page_id=4412\",\"name\":\"Whistleblower - Alimak Sweden\",\"isPartOf\":{\"@id\":\"https:\\\/\\\/alimak.com\\\/se\\\/#website\"},\"datePublished\":\"2023-11-21T02:07:09+00:00\",\"dateModified\":\"2023-11-22T04:05:15+00:00\",\"breadcrumb\":{\"@id\":\"https:\\\/\\\/alimak.com\\\/se\\\/?page_id=4412#breadcrumb\"},\"inLanguage\":\"sv-SE\",\"potentialAction\":[{\"@type\":\"ReadAction\",\"target\":[\"https:\\\/\\\/alimak.com\\\/se\\\/?page_id=4412\"]}]},{\"@type\":\"BreadcrumbList\",\"@id\":\"https:\\\/\\\/alimak.com\\\/se\\\/?page_id=4412#breadcrumb\",\"itemListElement\":[{\"@type\":\"ListItem\",\"position\":1,\"name\":\"Hem\",\"item\":\"https:\\\/\\\/alimak.com\\\/se\\\/\"},{\"@type\":\"ListItem\",\"position\":2,\"name\":\"Whistleblower\"}]},{\"@type\":\"WebSite\",\"@id\":\"https:\\\/\\\/alimak.com\\\/se\\\/#website\",\"url\":\"https:\\\/\\\/alimak.com\\\/se\\\/\",\"name\":\"Alimak Sweden\",\"description\":\"Global leaders in Vertical Access Solutions\",\"potentialAction\":[{\"@type\":\"SearchAction\",\"target\":{\"@type\":\"EntryPoint\",\"urlTemplate\":\"https:\\\/\\\/alimak.com\\\/se\\\/?s={search_term_string}\"},\"query-input\":{\"@type\":\"PropertyValueSpecification\",\"valueRequired\":true,\"valueName\":\"search_term_string\"}}],\"inLanguage\":\"sv-SE\"}]}<\/script>\n<!-- \/ Yoast SEO plugin. -->","yoast_head_json":{"title":"Whistleblower - Alimak Sweden","robots":{"index":"index","follow":"follow","max-snippet":"max-snippet:-1","max-image-preview":"max-image-preview:large","max-video-preview":"max-video-preview:-1"},"canonical":"https:\/\/alimak.com\/se\/?page_id=4412","og_locale":"sv_SE","og_type":"article","og_title":"Whistleblower - Alimak Sweden","og_description":"Uppf\u00f6randekod Alimak \u00e4r en del av Alimak Group. Alimak Groups uppf\u00f6randekod beskriver hur vi bedriver aff\u00e4rer p\u00e5 ett etiskt och ansvarsfullt s\u00e4tt. Den anger de beteendeprinciper som vi f\u00f6ljer och ger oss praktisk v\u00e4gledning i v\u00e5ra handlingar och vardagliga aff\u00e4rsbeslut. Alla anst\u00e4llda p\u00e5 Alimak Group \u00e4r utbildade i uppf\u00f6randekoden. Utbildning ing\u00e5r i v\u00e5ra introduktionsprogram f\u00f6r [&hellip;]","og_url":"https:\/\/alimak.com\/se\/?page_id=4412","og_site_name":"Alimak Sweden","article_modified_time":"2023-11-22T04:05:15+00:00","twitter_card":"summary_large_image","twitter_misc":{"Ber\u00e4knad l\u00e4stid":"1 minut"},"schema":{"@context":"https:\/\/schema.org","@graph":[{"@type":"WebPage","@id":"https:\/\/alimak.com\/se\/?page_id=4412","url":"https:\/\/alimak.com\/se\/?page_id=4412","name":"Whistleblower - Alimak Sweden","isPartOf":{"@id":"https:\/\/alimak.com\/se\/#website"},"datePublished":"2023-11-21T02:07:09+00:00","dateModified":"2023-11-22T04:05:15+00:00","breadcrumb":{"@id":"https:\/\/alimak.com\/se\/?page_id=4412#breadcrumb"},"inLanguage":"sv-SE","potentialAction":[{"@type":"ReadAction","target":["https:\/\/alimak.com\/se\/?page_id=4412"]}]},{"@type":"BreadcrumbList","@id":"https:\/\/alimak.com\/se\/?page_id=4412#breadcrumb","itemListElement":[{"@type":"ListItem","position":1,"name":"Hem","item":"https:\/\/alimak.com\/se\/"},{"@type":"ListItem","position":2,"name":"Whistleblower"}]},{"@type":"WebSite","@id":"https:\/\/alimak.com\/se\/#website","url":"https:\/\/alimak.com\/se\/","name":"Alimak Sweden","description":"Global leaders in Vertical Access Solutions","potentialAction":[{"@type":"SearchAction","target":{"@type":"EntryPoint","urlTemplate":"https:\/\/alimak.com\/se\/?s={search_term_string}"},"query-input":{"@type":"PropertyValueSpecification","valueRequired":true,"valueName":"search_term_string"}}],"inLanguage":"sv-SE"}]}},"_links":{"self":[{"href":"https:\/\/alimak.com\/se\/wp-json\/wp\/v2\/pages\/4412","targetHints":{"allow":["GET"]}}],"collection":[{"href":"https:\/\/alimak.com\/se\/wp-json\/wp\/v2\/pages"}],"about":[{"href":"https:\/\/alimak.com\/se\/wp-json\/wp\/v2\/types\/page"}],"author":[{"embeddable":true,"href":"https:\/\/alimak.com\/se\/wp-json\/wp\/v2\/users\/5"}],"replies":[{"embeddable":true,"href":"https:\/\/alimak.com\/se\/wp-json\/wp\/v2\/comments?post=4412"}],"version-history":[{"count":2,"href":"https:\/\/alimak.com\/se\/wp-json\/wp\/v2\/pages\/4412\/revisions"}],"predecessor-version":[{"id":4430,"href":"https:\/\/alimak.com\/se\/wp-json\/wp\/v2\/pages\/4412\/revisions\/4430"}],"wp:attachment":[{"href":"https:\/\/alimak.com\/se\/wp-json\/wp\/v2\/media?parent=4412"}],"curies":[{"name":"wp","href":"https:\/\/api.w.org\/{rel}","templated":true}]}}